{"id":14024,"date":"2024-09-24T13:16:37","date_gmt":"2024-09-24T11:16:37","guid":{"rendered":"https:\/\/oraziopuglisi.art\/?page_id=14024"},"modified":"2024-09-24T22:24:28","modified_gmt":"2024-09-24T20:24:28","slug":"ecole-lombarde","status":"publish","type":"page","link":"https:\/\/oraziopuglisi.art\/index.php\/ecole-lombarde\/","title":{"rendered":"Ecole Lombarde"},"content":{"rendered":"<p><span style=\"font-size: 10px;\"><em><strong>Image mise en avant :<\/strong> Madonna del Roseto, Museo Castelvecchio, Verona, <a href=\"https:\/\/fr.wikipedia.org\/wiki\/Michelino_da_Besozzo\">Michelino da Besozzo<\/a><\/em><\/span><\/p>\n<form action=\"https:\/\/www.paypal.com\/donate\" method=\"post\" target=\"_top\"><input name=\"hosted_button_id\" type=\"hidden\" value=\"QSSRVLDUKP2MG\" \/> <input title=\"PayPal - The safer, easier way to pay online!\" alt=\"Bouton Faites un don avec PayPal\" name=\"submit\" src=\"https:\/\/www.paypalobjects.com\/fr_FR\/FR\/i\/btn\/btn_donateCC_LG.gif\" type=\"image\" \/><img loading=\"lazy\" decoding=\"async\" src=\"https:\/\/www.paypal.com\/fr_FR\/i\/scr\/pixel.gif\" alt=\"\" width=\"1\" height=\"1\" border=\"0\" \/><img loading=\"lazy\" decoding=\"async\" src=\"https:\/\/www.paypal.com\/fr_FR\/i\/scr\/pixel.gif\" alt=\"\" width=\"1\" height=\"1\" border=\"0\" \/><\/form>\n<form action=\"https:\/\/www.paypal.com\/donate\" method=\"post\" target=\"_top\"><input name=\"hosted_button_id\" type=\"hidden\" value=\"KUYGR8EGYTG64\" \/><\/p>\n<p style=\"text-align: center;\"><span style=\"color: #ff0000;\">Faire un don par Qr Code<\/span><\/p>\n<p style=\"text-align: center;\"><a href=\"http:\/\/xn--vidosechecsenligne-dwb.com\/wp-content\/uploads\/2022\/05\/QR-code.png\"><img loading=\"lazy\" decoding=\"async\" class=\"alignnone size-full wp-image-36569\" src=\"http:\/\/xn--vidosechecsenligne-dwb.com\/wp-content\/uploads\/2022\/05\/QR-code.png\" alt=\"\" width=\"192\" height=\"192\" \/><\/a><\/p>\n<p style=\"text-align: center;\"><a href=\"https:\/\/www.amazon.fr\/Livres-Orazio-Puglisi\/s?rh=n%3A301061%2Cp_27%3AOrazio+Puglisi\">Achetez mes livres <\/a><\/p>\n<p>&nbsp;<\/p>\n<p>&nbsp;<\/p>\n<p style=\"text-align: center;\">Virement bancaire<\/p>\n<\/form>\n<form action=\"https:\/\/www.paypal.com\/cgi-bin\/webscr\" method=\"post\" target=\"_top\">\n<p style=\"text-align: center;\"><span style=\"font-family: 'book antiqua', palatino, serif;\">IBAN FR81 2004 1010 0820 6402 0P02 955<\/span><\/p>\n<p style=\"text-align: center;\"><span style=\"font-family: 'book antiqua', palatino, serif;\">BIC PSSTFRPPMAR<\/span><\/p>\n<p style=\"text-align: center;\"><span style=\"font-family: 'book antiqua', palatino, serif;\">Orazio Puglisi<\/span><\/p>\n<p style=\"text-align: center;\"><span style=\"font-family: 'book antiqua', palatino, serif;\">06 14 35 15 52<\/span><\/p>\n<p style=\"text-align: center;\"><span style=\"font-family: 'book antiqua', palatino, serif;\"><a href=\"mailto:oraziopuglisi@gmail.com\">oraziopuglisi@gmail.com<\/a><\/span><\/p>\n<p style=\"text-align: center;\"><span style=\"font-family: 'book antiqua', palatino, serif;\"><a href=\"mailto:puglisiorazio@wanadoo.fr\">puglisiorazio@wanadoo.fr<\/a><\/span><\/p>\n<\/form>\n<form action=\"https:\/\/www.paypal.com\/cgi-bin\/webscr\" method=\"post\" target=\"_top\">\n<p style=\"text-align: center;\"><span style=\"font-family: 'book antiqua', palatino, serif;\"><input name=\"cmd\" type=\"hidden\" value=\"_s-xclick\" \/><\/span><\/p>\n<p style=\"text-align: center;\"><span style=\"font-family: 'book antiqua', palatino, serif;\"><input name=\"hosted_button_id\" type=\"hidden\" value=\"B9KUAAXX2KE3G\" \/><\/span><\/p>\n<p><span style=\"font-family: 'book antiqua', palatino, serif;\"><img loading=\"lazy\" decoding=\"async\" class=\"aligncenter\" src=\"https:\/\/www.paypalobjects.com\/fr_FR\/i\/scr\/pixel.gif\" alt=\"\" width=\"1\" height=\"1\" border=\"0\" \/><\/span><\/p>\n<p style=\"text-align: justify;\">L&rsquo;<b>\u00c9cole lombarde<\/b>\u00a0ou\u00a0<b>\u00e9cole de Milan<\/b>, est l&rsquo;une des\u00a0<a title=\"\u00c9coles italiennes de peinture\" href=\"https:\/\/fr.wikipedia.org\/wiki\/%C3%89coles_italiennes_de_peinture\">\u00e9coles italiennes de peinture<\/a>\u00a0de la\u00a0<a class=\"mw-redirect\" title=\"Renaissance artistique\" href=\"https:\/\/fr.wikipedia.org\/wiki\/Renaissance_artistique\">Renaissance<\/a>\u00a0dont voici quelques protagonistes\u00a0:<\/p>\n<ul style=\"text-align: justify;\">\n<li><a title=\"Michelino da Besozzo\" href=\"https:\/\/fr.wikipedia.org\/wiki\/Michelino_da_Besozzo\">Michelino da Besozzo<\/a>\u00a0(fin du\u00a0<a title=\"XIVe si\u00e8cle\" href=\"https:\/\/fr.wikipedia.org\/wiki\/XIVe_si%C3%A8cle\"><abbr class=\"abbr\" title=\"14\u1d49 si\u00e8cle\"><span class=\"romain\">XIV<\/span><sup>e<\/sup><\/abbr><\/a>\u00a0&#8211;\u00a0\u00a0milieu du\u00a0<a title=\"XVe si\u00e8cle\" href=\"https:\/\/fr.wikipedia.org\/wiki\/XVe_si%C3%A8cle\"><abbr class=\"abbr\" title=\"15\u1d49 si\u00e8cle\"><span class=\"romain\">XV<\/span><sup>e<\/sup><\/abbr>\u00a0si\u00e8cle<\/a>)<\/li>\n<\/ul>\n<div id=\"attachment_14028\" style=\"width: 340px\" class=\"wp-caption alignnone\"><img loading=\"lazy\" decoding=\"async\" aria-describedby=\"caption-attachment-14028\" class=\"size-full wp-image-14028\" src=\"http:\/\/oraziopuglisi.art\/wp-content\/uploads\/2024\/09\/Michelino_da_besozzo_o_stefano_da_zevio_madonna_del_roseto_castelvecchio_verona.jpg\" alt=\"\" width=\"330\" height=\"445\" srcset=\"https:\/\/oraziopuglisi.art\/wp-content\/uploads\/2024\/09\/Michelino_da_besozzo_o_stefano_da_zevio_madonna_del_roseto_castelvecchio_verona.jpg 330w, https:\/\/oraziopuglisi.art\/wp-content\/uploads\/2024\/09\/Michelino_da_besozzo_o_stefano_da_zevio_madonna_del_roseto_castelvecchio_verona-222x300.jpg 222w\" sizes=\"auto, (max-width: 330px) 100vw, 330px\" \/><p id=\"caption-attachment-14028\" class=\"wp-caption-text\">Michelino da Besozzo (doc. 1388-1450), attr.: Madonna del roseto (Madonna of the Rose Garden). Verona, Museo di Castelvecchio*** Permission for usage must be provided in writing from Scala.<\/p><\/div>\n<ul style=\"text-align: justify;\">\n<li><a title=\"Vincenzo Foppa\" href=\"https:\/\/fr.wikipedia.org\/wiki\/Vincenzo_Foppa\">Vincenzo Foppa<\/a>\u00a0(<a title=\"1429\" href=\"https:\/\/fr.wikipedia.org\/wiki\/1429\">1429<\/a>&#8211;<a title=\"1519\" href=\"https:\/\/fr.wikipedia.org\/wiki\/1519\">1519<\/a>)<\/li>\n<li><a title=\"Giovanni Antonio Boltraffio\" href=\"https:\/\/fr.wikipedia.org\/wiki\/Giovanni_Antonio_Boltraffio\">Giovanni Antonio Boltraffio<\/a>\u00a0(<a title=\"1467\" href=\"https:\/\/fr.wikipedia.org\/wiki\/1467\">1467<\/a>&#8211;<a title=\"1516\" href=\"https:\/\/fr.wikipedia.org\/wiki\/1516\">1516<\/a>)<\/li>\n<li><a class=\"mw-redirect\" title=\"Antonio Beltruffio\" href=\"https:\/\/fr.wikipedia.org\/wiki\/Antonio_Beltruffio\">Antonio Beltruffio<\/a>\u00a0(1467-1516)<\/li>\n<li><a class=\"new\" title=\"Antonio d\u2019Enrico appel\u00e9 Tanzio da Varrallo (page inexistante)\" href=\"https:\/\/fr.wikipedia.org\/w\/index.php?title=Antonio_d%E2%80%99Enrico_appel%C3%A9_Tanzio_da_Varrallo&amp;action=edit&amp;redlink=1\">Antonio d\u2019Enrico appel\u00e9 Tanzio da Varrallo<\/a>\u00a0Riale d\u2019Alagna, 1575 (\u00a0?) \u2013 Milan, 1635 (\u00a0?).<\/li>\n<li><a title=\"Giovanni Battista Crespi\" href=\"https:\/\/fr.wikipedia.org\/wiki\/Giovanni_Battista_Crespi\">Giovanni Battista Crespi<\/a>\u00a0appel\u00e9 le\u00a0<a title=\"Cerano\" href=\"https:\/\/fr.wikipedia.org\/wiki\/Cerano\">Cerano<\/a>,\u00a0? , 1575 &#8211; Milan, 1632.<\/li>\n<li><a title=\"Giovanni Mauro della Rovere\" href=\"https:\/\/fr.wikipedia.org\/wiki\/Giovanni_Mauro_della_Rovere\">Giovanni Mauro della Rovere<\/a>\u00a0(1575-1640)<\/li>\n<li><a title=\"Paolo Camillo Landriani\" href=\"https:\/\/fr.wikipedia.org\/wiki\/Paolo_Camillo_Landriani\">Paolo Camillo Landriani<\/a>, dit\u00a0<a class=\"mw-redirect\" title=\"Il Duchino\" href=\"https:\/\/fr.wikipedia.org\/wiki\/Il_Duchino\">Il Duchino<\/a>\u00a0(v.\u00a0<a title=\"1560\" href=\"https:\/\/fr.wikipedia.org\/wiki\/1560\">1560<\/a>&#8211;<a title=\"1618\" href=\"https:\/\/fr.wikipedia.org\/wiki\/1618\">1618<\/a>)<\/li>\n<li><a title=\"Giulio Cesare Procaccini\" href=\"https:\/\/fr.wikipedia.org\/wiki\/Giulio_Cesare_Procaccini\">Giulio Cesare Procaccini<\/a>, Bologne, 1570 \u2013 Milan, 1625.<\/li>\n<li><a class=\"mw-redirect\" title=\"Carlo Buzzi\" href=\"https:\/\/fr.wikipedia.org\/wiki\/Carlo_Buzzi\">Carlo Buzzi<\/a>\u00a0(1608-1658)<\/li>\n<li><a title=\"Domenico Pellegrini\" href=\"https:\/\/fr.wikipedia.org\/wiki\/Domenico_Pellegrini\">Domenico Pellegrini<\/a>\u00a0(1759-1840)<\/li>\n<li><a title=\"Camillo Procaccini\" href=\"https:\/\/fr.wikipedia.org\/wiki\/Camillo_Procaccini\">Camillo Procaccini<\/a>, Milan, 1551 \u2013 1629.<\/li>\n<li><a title=\"Daniele Crespi\" href=\"https:\/\/fr.wikipedia.org\/wiki\/Daniele_Crespi\">Daniele Crespi<\/a>, Milan (\u00a0?), derni\u00e8re d\u00e9cennie du\u00a0<abbr class=\"abbr\" title=\"16\u1d49 si\u00e8cle\"><span class=\"romain\">XVI<\/span><sup>e<\/sup><\/abbr>\u00a0si\u00e8cle \u2013 Milan, 1630.<\/li>\n<li><a class=\"mw-redirect\" title=\"Pier Francesco Mazzucchelli\" href=\"https:\/\/fr.wikipedia.org\/wiki\/Pier_Francesco_Mazzucchelli\">Pier Francesco Mazzucchelli<\/a>\u00a0appel\u00e9 le\u00a0<a title=\"Morazzone\" href=\"https:\/\/fr.wikipedia.org\/wiki\/Morazzone\">Morazzone<\/a>, Morazzone, 1573 \u2013 Piacenza, 1626.<\/li>\n<li><a title=\"Francesco Cairo\" href=\"https:\/\/fr.wikipedia.org\/wiki\/Francesco_Cairo\">Francesco Cairo<\/a>, Milan, 1607 \u2013 1665.<\/li>\n<li><a title=\"Giampietrino\" href=\"https:\/\/fr.wikipedia.org\/wiki\/Giampietrino\">Giampietrino<\/a>\u00a0(actif entre\u00a0<a title=\"1508\" href=\"https:\/\/fr.wikipedia.org\/wiki\/1508\">1508<\/a>\u00a0et\u00a0<a title=\"1549\" href=\"https:\/\/fr.wikipedia.org\/wiki\/1549\">1549<\/a>)<\/li>\n<li><a class=\"mw-redirect\" title=\"Giovanni Ambrogio Figino\" href=\"https:\/\/fr.wikipedia.org\/wiki\/Giovanni_Ambrogio_Figino\">Giovanni Ambrogio Figino<\/a>, Milan, 1548 \u2013 1608<\/li>\n<li><a title=\"Guglielmo Caccia\" href=\"https:\/\/fr.wikipedia.org\/wiki\/Guglielmo_Caccia\">Guglielmo Caccia<\/a>\u00a0appel\u00e9 le\u00a0<a title=\"Moncalvo\" href=\"https:\/\/fr.wikipedia.org\/wiki\/Moncalvo\">Moncalvo<\/a>, Montabone, 1568 \u2013 Moncalvo, 1625<\/li>\n<li><a title=\"Pellegrino Tibaldi\" href=\"https:\/\/fr.wikipedia.org\/wiki\/Pellegrino_Tibaldi\">Pellegrino Tibaldi<\/a>\u00a0dit\u00a0<a class=\"new\" title=\"Il Pellegrini (page inexistante)\" href=\"https:\/\/fr.wikipedia.org\/w\/index.php?title=Il_Pellegrini&amp;action=edit&amp;redlink=1\">il Pellegrini<\/a>\u00a0(<a title=\"1527\" href=\"https:\/\/fr.wikipedia.org\/wiki\/1527\">1527<\/a>&#8211;<a title=\"1596\" href=\"https:\/\/fr.wikipedia.org\/wiki\/1596\">1596<\/a>)<\/li>\n<li><a title=\"Carlo Antonio Procaccini\" href=\"https:\/\/fr.wikipedia.org\/wiki\/Carlo_Antonio_Procaccini\">Carlo Antonio Procaccini<\/a>, Bologne, 1551 \u2013 Milan, 1605.<\/li>\n<li><a class=\"new\" title=\"Carlo Antonio Rossi (page inexistante)\" href=\"https:\/\/fr.wikipedia.org\/w\/index.php?title=Carlo_Antonio_Rossi&amp;action=edit&amp;redlink=1\">Carlo Antonio Rossi<\/a>, Milan, 1581 &#8211; 1648.*<\/li>\n<li><a title=\"Cesare Nebbia\" href=\"https:\/\/fr.wikipedia.org\/wiki\/Cesare_Nebbia\">Cesare Nebbia<\/a>, Orvieto, 1536 \u2013 1614.<\/li>\n<li><a class=\"new\" title=\"Enea Salmeggia (page inexistante)\" href=\"https:\/\/fr.wikipedia.org\/w\/index.php?title=Enea_Salmeggia&amp;action=edit&amp;redlink=1\">Enea Salmeggia<\/a>\u00a0appel\u00e9 le\u00a0<a class=\"new\" title=\"Talpino (page inexistante)\" href=\"https:\/\/fr.wikipedia.org\/w\/index.php?title=Talpino&amp;action=edit&amp;redlink=1\">Talpino<\/a>, Bergame, \u00e9voqu\u00e9 de 1590 \u00e0 1626.<\/li>\n<li><a title=\"Ercole Procaccini le Jeune\" href=\"https:\/\/fr.wikipedia.org\/wiki\/Ercole_Procaccini_le_Jeune\">Ercole Procaccini il Giovanne<\/a>, Milan, 1596 \u2013 1676.<\/li>\n<li><a title=\"Fede Galizia\" href=\"https:\/\/fr.wikipedia.org\/wiki\/Fede_Galizia\">Fede Galizia<\/a>, Milan, 1578 \u2013 1630.<\/li>\n<li><a class=\"new\" title=\"Giovanni Battista Recchi (page inexistante)\" href=\"https:\/\/fr.wikipedia.org\/w\/index.php?title=Giovanni_Battista_Recchi&amp;action=edit&amp;redlink=1\">Giovanni Battista Recchi<\/a>, C\u00f4me, \u00e9voqu\u00e9 de 1628 \u00e0 1648.<\/li>\n<li><a title=\"Giovanni Serodine\" href=\"https:\/\/fr.wikipedia.org\/wiki\/Giovanni_Serodine\">Giovanni Serodine<\/a>, Ascona, 1600 \u2013 Rome, 1630.<\/li>\n<li><a title=\"Giovanni Stefano Danedi\" href=\"https:\/\/fr.wikipedia.org\/wiki\/Giovanni_Stefano_Danedi\">Giovanni Stefano Danedi<\/a>\u00a0appel\u00e9 le\u00a0<a class=\"mw-disambig\" title=\"Montalto\" href=\"https:\/\/fr.wikipedia.org\/wiki\/Montalto\">Montalto<\/a>, Treviglio,\u00a0? \u2013 1689.<\/li>\n<\/ul>\n<p>&nbsp;<\/p>\n<div class=\"bandeau-container metadata bandeau-simple bandeau-niveau-neutre mw-toolbox categoryarticlecount-box\">\n<div class=\"bandeau-cell bandeau-icone-css grosse-icone maintenance\">\n<div class=\"CategoryTools liste-horizontale\">\n<ul>\n<li><span style=\"font-family: Montserrat, 'Helvetica Neue', Helvetica, sans-serif; font-size: 1.5em; font-weight: 600; text-transform: uppercase;\">A<\/span><\/li>\n<\/ul>\n<\/div>\n<\/div>\n<\/div>\n<div class=\"mw-content-ltr\" dir=\"ltr\" lang=\"fr\">\n<div class=\"mw-category mw-category-columns\">\n<div class=\"mw-category-group\">\n<ul>\n<li><a title=\"Giorgio d'Alemagna (peintre)\" href=\"https:\/\/fr.wikipedia.org\/wiki\/Giorgio_d%27Alemagna_(peintre)\">Giorgio d&rsquo;Alemagna (peintre)<\/a><\/li>\n<li><a title=\"Anovelo da Imbonate\" href=\"https:\/\/fr.wikipedia.org\/wiki\/Anovelo_da_Imbonate\">Anovelo da Imbonate<\/a><\/li>\n<li><a title=\"Cristoforo Augusta\" href=\"https:\/\/fr.wikipedia.org\/wiki\/Cristoforo_Augusta\">Cristoforo Augusta<\/a><\/li>\n<\/ul>\n<\/div>\n<div class=\"mw-category-group\">\n<h3>B<\/h3>\n<ul>\n<li><a title=\"Perinetto da Benevento\" href=\"https:\/\/fr.wikipedia.org\/wiki\/Perinetto_da_Benevento\">Perinetto da Benevento<\/a><\/li>\n<li><a title=\"Bartolomeo de Beninc\u00e0\" href=\"https:\/\/fr.wikipedia.org\/wiki\/Bartolomeo_de_Beninc%C3%A0\">Bartolomeo de Beninc\u00e0<\/a><\/li>\n<li><a title=\"Leonardo da Besozzo\" href=\"https:\/\/fr.wikipedia.org\/wiki\/Leonardo_da_Besozzo\">Leonardo da Besozzo<\/a><\/li>\n<li><a title=\"Giovanni Antonio Boltraffio\" href=\"https:\/\/fr.wikipedia.org\/wiki\/Giovanni_Antonio_Boltraffio\">Giovanni Antonio Boltraffio<\/a><\/li>\n<\/ul>\n<\/div>\n<div class=\"mw-category-group\">\n<h3>C<\/h3>\n<ul>\n<li><a title=\"Francesco Capelli\" href=\"https:\/\/fr.wikipedia.org\/wiki\/Francesco_Capelli\">Francesco Capelli<\/a><\/li>\n<li><a title=\"Daniele Crespi\" href=\"https:\/\/fr.wikipedia.org\/wiki\/Daniele_Crespi\">Daniele Crespi<\/a><\/li>\n<li><a title=\"Giovanni Battista Crespi\" href=\"https:\/\/fr.wikipedia.org\/wiki\/Giovanni_Battista_Crespi\">Giovanni Battista Crespi<\/a><\/li>\n<li><a title=\"Ortensio Crespi\" href=\"https:\/\/fr.wikipedia.org\/wiki\/Ortensio_Crespi\">Ortensio Crespi<\/a><\/li>\n<li><a title=\"Raffaele Crespi\" href=\"https:\/\/fr.wikipedia.org\/wiki\/Raffaele_Crespi\">Raffaele Crespi<\/a><\/li>\n<\/ul>\n<\/div>\n<div class=\"mw-category-group\">\n<h3>D<\/h3>\n<ul>\n<li><a title=\"Giovanni Battista della Rovere\" href=\"https:\/\/fr.wikipedia.org\/wiki\/Giovanni_Battista_della_Rovere\">Giovanni Battista della Rovere<\/a><\/li>\n<li><a title=\"Giovanni Mauro della Rovere\" href=\"https:\/\/fr.wikipedia.org\/wiki\/Giovanni_Mauro_della_Rovere\">Giovanni Mauro della Rovere<\/a><\/li>\n<\/ul>\n<\/div>\n<div class=\"mw-category-group\">\n<h3>F<\/h3>\n<ul>\n<li><a title=\"Vincenzo Foppa\" href=\"https:\/\/fr.wikipedia.org\/wiki\/Vincenzo_Foppa\">Vincenzo Foppa<\/a><\/li>\n<\/ul>\n<\/div>\n<div class=\"mw-category-group\">\n<h3>G<\/h3>\n<ul>\n<li><a title=\"Nunzio Galizia\" href=\"https:\/\/fr.wikipedia.org\/wiki\/Nunzio_Galizia\">Nunzio Galizia<\/a><\/li>\n<li><a title=\"Giampietrino\" href=\"https:\/\/fr.wikipedia.org\/wiki\/Giampietrino\">Giampietrino<\/a><\/li>\n<li><a title=\"Giovanni di Benedetto da Como\" href=\"https:\/\/fr.wikipedia.org\/wiki\/Giovanni_di_Benedetto_da_Como\">Giovanni di Benedetto da Como<\/a><\/li>\n<\/ul>\n<\/div>\n<div class=\"mw-category-group\">\n<h3>L<\/h3>\n<ul>\n<li><a title=\"Paolo Camillo Landriani\" href=\"https:\/\/fr.wikipedia.org\/wiki\/Paolo_Camillo_Landriani\">Paolo Camillo Landriani<\/a><\/li>\n<\/ul>\n<\/div>\n<div class=\"mw-category-group\">\n<h3>M<\/h3>\n<ul>\n<li><a title=\"Coriolano Malagavazzo\" href=\"https:\/\/fr.wikipedia.org\/wiki\/Coriolano_Malagavazzo\">Coriolano Malagavazzo<\/a><\/li>\n<li><a title=\"Michelino da Besozzo\" href=\"https:\/\/fr.wikipedia.org\/wiki\/Michelino_da_Besozzo\">Michelino da Besozzo<\/a><\/li>\n<li><a title=\"Matteo da Milano\" href=\"https:\/\/fr.wikipedia.org\/wiki\/Matteo_da_Milano\">Matteo da Milano<\/a><\/li>\n<li><a title=\"Il Morazzone\" href=\"https:\/\/fr.wikipedia.org\/wiki\/Il_Morazzone\">Il Morazzone<\/a><\/li>\n<\/ul>\n<\/div>\n<div class=\"mw-category-group\">\n<h3>N<\/h3>\n<ul>\n<li><a title=\"Pietro Martire Neri\" href=\"https:\/\/fr.wikipedia.org\/wiki\/Pietro_Martire_Neri\">Pietro Martire Neri<\/a><\/li>\n<li><a title=\"Carlo Francesco Nuvolone\" href=\"https:\/\/fr.wikipedia.org\/wiki\/Carlo_Francesco_Nuvolone\">Carlo Francesco Nuvolone<\/a><\/li>\n<li><a title=\"Giuseppe Nuvolone\" href=\"https:\/\/fr.wikipedia.org\/wiki\/Giuseppe_Nuvolone\">Giuseppe Nuvolone<\/a><\/li>\n<li><a title=\"Panfilo Nuvolone\" href=\"https:\/\/fr.wikipedia.org\/wiki\/Panfilo_Nuvolone\">Panfilo Nuvolone<\/a><\/li>\n<\/ul>\n<\/div>\n<div class=\"mw-category-group\">\n<h3>P<\/h3>\n<ul>\n<li><a title=\"Giulio Cesare Procaccini\" href=\"https:\/\/fr.wikipedia.org\/wiki\/Giulio_Cesare_Procaccini\">Giulio Cesare Procaccini<\/a><\/li>\n<\/ul>\n<\/div>\n<div class=\"mw-category-group\">\n<h3>S<\/h3>\n<ul>\n<li><a title=\"Salai\" href=\"https:\/\/fr.wikipedia.org\/wiki\/Salai\">Salai<\/a><\/li>\n<\/ul>\n<\/div>\n<div class=\"mw-category-group\">\n<h3>T<\/h3>\n<ul>\n<li><a title=\"Pellegrino Tibaldi\" href=\"https:\/\/fr.wikipedia.org\/wiki\/Pellegrino_Tibaldi\">Pellegrino Tibaldi<\/a><\/li>\n<\/ul>\n<\/div>\n<div class=\"mw-category-group\">\n<h3>V<\/h3>\n<ul>\n<li><a title=\"Franco e Filippolo de Veris\" href=\"https:\/\/fr.wikipedia.org\/wiki\/Franco_e_Filippolo_de_Veris\">Franco e Filippolo de Veris<\/a><\/li>\n<\/ul>\n<\/div>\n<div class=\"mw-category-group\">\n<h3>Z<\/h3>\n<ul>\n<li><a title=\"Ambrogio Zavattari\" href=\"https:\/\/fr.wikipedia.org\/wiki\/Ambrogio_Zavattari\">Ambrogio Zavattari<\/a><\/li>\n<li><a title=\"Cristoforo Zavattari\" href=\"https:\/\/fr.wikipedia.org\/wiki\/Cristoforo_Zavattari\">Cristoforo Zavattari<\/a><\/li>\n<li><a title=\"Franceschino Zavattari\" href=\"https:\/\/fr.wikipedia.org\/wiki\/Franceschino_Zavattari\">Franceschino Zavattari<\/a><\/li>\n<li><a title=\"Franceschino II Zavattari\" href=\"https:\/\/fr.wikipedia.org\/wiki\/Franceschino_II_Zavattari\">Franceschino II Zavattari<\/a><\/li>\n<li><a title=\"Giangiacomo Zavattari\" href=\"https:\/\/fr.wikipedia.org\/wiki\/Giangiacomo_Zavattari\">Giangiacomo Zavattari<\/a><\/li>\n<li><a title=\"Giovanni Zavattari\" href=\"https:\/\/fr.wikipedia.org\/wiki\/Giovanni_Zavattari\">Giovanni Zavattari<\/a><\/li>\n<li><a title=\"Gregorio Zavattari\" href=\"https:\/\/fr.wikipedia.org\/wiki\/Gregorio_Zavattari\">Gregorio Zavattari<\/a><\/li>\n<li><a title=\"Guidone Zavattari\" href=\"https:\/\/fr.wikipedia.org\/wiki\/Guidone_Zavattari\">Guidone Zavattari<\/a><\/li>\n<li><a title=\"Vincenzo Zavattari\" href=\"https:\/\/fr.wikipedia.org\/wiki\/Vincenzo_Zavattari\">Vincenzo Zavattari<\/a><\/li>\n<\/ul>\n<\/div>\n<\/div>\n<\/div>\n<div class=\"mw-heading mw-heading2\" style=\"text-align: justify;\">\n<h2 id=\"\u0152uvres_caract\u00e9ristiques\"><span id=\".C5.92uvres_caract.C3.A9ristiques\"><\/span>\u0152uvres caract\u00e9ristiques<\/h2>\n<\/div>\n<ul>\n<li style=\"text-align: justify;\">Le tableau dit\u00a0<i>des trois mains (Quadro delle tre mani)<\/i>, d\u00fb \u00e0 la collaboration de Il Cerano, Il Morazzone et Giulio Cesare Procaccini, sur le m\u00eame projet.<\/li>\n<li style=\"text-align: justify;\">Le cycle monumental des\u00a0<a title=\"Quadroni di San Carlo\" href=\"https:\/\/fr.wikipedia.org\/wiki\/Quadroni_di_San_Carlo\">Quadroni di San Carlo<\/a>, au\u00a0<a title=\"D\u00f4me de Milan\" href=\"https:\/\/fr.wikipedia.org\/wiki\/D%C3%B4me_de_Milan\">d\u00f4me de Milan<\/a>.<\/li>\n<\/ul>\n<\/form>\n","protected":false},"excerpt":{"rendered":"<p>Image mise en avant : Madonna del Roseto, Museo Castelvecchio, Verona, Michelino da Besozzo Faire un don par Qr Code Achetez mes livres &nbsp; &nbsp; Virement bancaire IBAN FR81 2004 1010 0820 6402 0P02 955 BIC PSSTFRPPMAR Orazio Puglisi 06 14 35 15 52 oraziopuglisi@gmail.com puglisiorazio@wanadoo.fr L&rsquo;\u00c9cole lombarde\u00a0ou\u00a0\u00e9cole de Milan, est l&rsquo;une des\u00a0\u00e9coles italiennes de [&hellip;]<\/p>\n","protected":false},"author":1,"featured_media":14028,"parent":0,"menu_order":0,"comment_status":"closed","ping_status":"closed","template":"","meta":{"footnotes":""},"class_list":["post-14024","page","type-page","status-publish","has-post-thumbnail","hentry"],"_links":{"self":[{"href":"https:\/\/oraziopuglisi.art\/index.php\/wp-json\/wp\/v2\/pages\/14024","targetHints":{"allow":["GET"]}}],"collection":[{"href":"https:\/\/oraziopuglisi.art\/index.php\/wp-json\/wp\/v2\/pages"}],"about":[{"href":"https:\/\/oraziopuglisi.art\/index.php\/wp-json\/wp\/v2\/types\/page"}],"author":[{"embeddable":true,"href":"https:\/\/oraziopuglisi.art\/index.php\/wp-json\/wp\/v2\/users\/1"}],"replies":[{"embeddable":true,"href":"https:\/\/oraziopuglisi.art\/index.php\/wp-json\/wp\/v2\/comments?post=14024"}],"version-history":[{"count":8,"href":"https:\/\/oraziopuglisi.art\/index.php\/wp-json\/wp\/v2\/pages\/14024\/revisions"}],"predecessor-version":[{"id":14125,"href":"https:\/\/oraziopuglisi.art\/index.php\/wp-json\/wp\/v2\/pages\/14024\/revisions\/14125"}],"wp:featuredmedia":[{"embeddable":true,"href":"https:\/\/oraziopuglisi.art\/index.php\/wp-json\/wp\/v2\/media\/14028"}],"wp:attachment":[{"href":"https:\/\/oraziopuglisi.art\/index.php\/wp-json\/wp\/v2\/media?parent=14024"}],"curies":[{"name":"wp","href":"https:\/\/api.w.org\/{rel}","templated":true}]}}