{"id":13996,"date":"2024-09-24T06:16:07","date_gmt":"2024-09-24T04:16:07","guid":{"rendered":"https:\/\/oraziopuglisi.art\/?page_id=13996"},"modified":"2024-09-24T22:20:41","modified_gmt":"2024-09-24T20:20:41","slug":"ecole-romaine","status":"publish","type":"page","link":"https:\/\/oraziopuglisi.art\/index.php\/ecole-romaine\/","title":{"rendered":"Ecole Romaine"},"content":{"rendered":"<p style=\"text-align: justify;\"><span style=\"font-size: 10px;\">Image mise en avant : <a title=\"Pietro Cavallini\" href=\"https:\/\/fr.wikipedia.org\/wiki\/Pietro_Cavallini\">Pietro Cavallini<\/a>, d\u00e9tail du\u00a0<i>Jugement dernier<\/i>, Santa Cecilia in Trastevere.<\/span><\/p>\n<form action=\"https:\/\/www.paypal.com\/donate\" method=\"post\" target=\"_top\"><input name=\"hosted_button_id\" type=\"hidden\" value=\"QSSRVLDUKP2MG\" \/> <input title=\"PayPal - The safer, easier way to pay online!\" alt=\"Bouton Faites un don avec PayPal\" name=\"submit\" src=\"https:\/\/www.paypalobjects.com\/fr_FR\/FR\/i\/btn\/btn_donateCC_LG.gif\" type=\"image\" \/><img loading=\"lazy\" decoding=\"async\" src=\"https:\/\/www.paypal.com\/fr_FR\/i\/scr\/pixel.gif\" alt=\"\" width=\"1\" height=\"1\" border=\"0\" \/><img loading=\"lazy\" decoding=\"async\" src=\"https:\/\/www.paypal.com\/fr_FR\/i\/scr\/pixel.gif\" alt=\"\" width=\"1\" height=\"1\" border=\"0\" \/><\/form>\n<form action=\"https:\/\/www.paypal.com\/donate\" method=\"post\" target=\"_top\"><input name=\"hosted_button_id\" type=\"hidden\" value=\"KUYGR8EGYTG64\" \/><\/p>\n<p style=\"text-align: center;\"><span style=\"color: #ff0000;\">Faire un don par Qr Code<\/span><\/p>\n<p style=\"text-align: center;\"><a href=\"http:\/\/xn--vidosechecsenligne-dwb.com\/wp-content\/uploads\/2022\/05\/QR-code.png\"><img loading=\"lazy\" decoding=\"async\" class=\"alignnone size-full wp-image-36569\" src=\"http:\/\/xn--vidosechecsenligne-dwb.com\/wp-content\/uploads\/2022\/05\/QR-code.png\" alt=\"\" width=\"192\" height=\"192\" \/><\/a><\/p>\n<p style=\"text-align: center;\"><a href=\"https:\/\/www.amazon.fr\/Livres-Orazio-Puglisi\/s?rh=n%3A301061%2Cp_27%3AOrazio+Puglisi\">Achetez mes livres <\/a><\/p>\n<p>&nbsp;<\/p>\n<p>&nbsp;<\/p>\n<p style=\"text-align: center;\">Virement bancaire<\/p>\n<\/form>\n<form action=\"https:\/\/www.paypal.com\/cgi-bin\/webscr\" method=\"post\" target=\"_top\">\n<p style=\"text-align: center;\"><span style=\"font-family: 'book antiqua', palatino, serif;\">IBAN FR81 2004 1010 0820 6402 0P02 955<\/span><\/p>\n<p style=\"text-align: center;\"><span style=\"font-family: 'book antiqua', palatino, serif;\">BIC PSSTFRPPMAR<\/span><\/p>\n<p style=\"text-align: center;\"><span style=\"font-family: 'book antiqua', palatino, serif;\">Orazio Puglisi<\/span><\/p>\n<p style=\"text-align: center;\"><span style=\"font-family: 'book antiqua', palatino, serif;\">06 14 35 15 52<\/span><\/p>\n<p style=\"text-align: center;\"><span style=\"font-family: 'book antiqua', palatino, serif;\"><a href=\"mailto:oraziopuglisi@gmail.com\">oraziopuglisi@gmail.com<\/a><\/span><\/p>\n<p style=\"text-align: center;\"><span style=\"font-family: 'book antiqua', palatino, serif;\"><a href=\"mailto:puglisiorazio@wanadoo.fr\">puglisiorazio@wanadoo.fr<\/a><\/span><\/p>\n<\/form>\n<form action=\"https:\/\/www.paypal.com\/cgi-bin\/webscr\" method=\"post\" target=\"_top\">\n<p style=\"text-align: center;\"><span style=\"font-family: 'book antiqua', palatino, serif;\"><input name=\"cmd\" type=\"hidden\" value=\"_s-xclick\" \/><\/span><\/p>\n<p style=\"text-align: center;\"><span style=\"font-family: 'book antiqua', palatino, serif;\"><input name=\"hosted_button_id\" type=\"hidden\" value=\"B9KUAAXX2KE3G\" \/><\/span><\/p>\n<p><span style=\"font-family: 'book antiqua', palatino, serif;\"><img loading=\"lazy\" decoding=\"async\" class=\"aligncenter\" src=\"https:\/\/www.paypalobjects.com\/fr_FR\/i\/scr\/pixel.gif\" alt=\"\" width=\"1\" height=\"1\" border=\"0\" \/><\/span><\/p>\n<p style=\"text-align: justify;\">L&rsquo;<b>\u00e9cole romaine de peinture<\/b>\u00a0est une des\u00a0<a title=\"\u00c9coles italiennes de peinture\" href=\"https:\/\/fr.wikipedia.org\/wiki\/%C3%89coles_italiennes_de_peinture\">\u00e9coles italiennes de peinture<\/a>\u00a0de la\u00a0<a class=\"mw-redirect\" title=\"Renaissance artistique\" href=\"https:\/\/fr.wikipedia.org\/wiki\/Renaissance_artistique\">Renaissance artistique<\/a>, celle qui a fleuri \u00e0\u00a0<a title=\"Rome\" href=\"https:\/\/fr.wikipedia.org\/wiki\/Rome\">Rome<\/a>\u00a0au tournant des\u00a0<a title=\"XIIIe si\u00e8cle\" href=\"https:\/\/fr.wikipedia.org\/wiki\/XIIIe_si%C3%A8cle\"><abbr class=\"abbr\" title=\"13\u1d49 si\u00e8cle\"><span class=\"romain\">XIII<\/span><sup>e<\/sup><\/abbr><\/a>\u00a0et\u00a0<a title=\"XIVe si\u00e8cle\" href=\"https:\/\/fr.wikipedia.org\/wiki\/XIVe_si%C3%A8cle\"><abbr class=\"abbr\" title=\"14\u1d49 si\u00e8cle\"><span class=\"romain\">XIV<\/span><sup>e<\/sup><\/abbr><\/a>\u00a0si\u00e8cles.<\/p>\n<div class=\"mw-heading mw-heading2\" style=\"text-align: justify;\">\n<h2 id=\"Histoire\">Histoire<\/h2>\n<\/div>\n<p style=\"text-align: justify;\">Red\u00e9couverte et mise en valeur \u00e0 une \u00e9poque r\u00e9cente, notamment apr\u00e8s la restauration du cycle du\u00a0<a class=\"mw-redirect\" title=\"San Lorenzo in Palatio et Sancta Sanctorum\" href=\"https:\/\/fr.wikipedia.org\/wiki\/San_Lorenzo_in_Palatio_et_Sancta_Sanctorum\">Sancta Sanctorum<\/a>\u00a0et avec les nouvelles attributions des\u00a0<i><a title=\"Fresques de la vie de saint Fran\u00e7ois \u00e0 Assise (Giotto)\" href=\"https:\/\/fr.wikipedia.org\/wiki\/Fresques_de_la_vie_de_saint_Fran%C3%A7ois_%C3%A0_Assise_(Giotto)\">Histoires de saint Fran\u00e7ois<\/a><\/i>\u00a0\u00e0\u00a0<a title=\"Assise (Italie)\" href=\"https:\/\/fr.wikipedia.org\/wiki\/Assise_(Italie)\">Assise<\/a>), elle est probablement la premi\u00e8re \u00e9cole de peinture \u00e0 d\u00e9velopper un langage figuratif plus humain et plus r\u00e9aliste, \u00e0 partir d&rsquo;exp\u00e9riences\u00a0<a class=\"mw-redirect\" title=\"Art Byzantin\" href=\"https:\/\/fr.wikipedia.org\/wiki\/Art_Byzantin\">byzantines<\/a>, et avant les\u00a0<a title=\"Renaissance florentine dans les arts figuratifs\" href=\"https:\/\/fr.wikipedia.org\/wiki\/Renaissance_florentine_dans_les_arts_figuratifs\">Toscans<\/a>. Le long oubli des artistes romains, interrompu par les \u00e9tudes de\u00a0<a title=\"Federico Zeri\" href=\"https:\/\/fr.wikipedia.org\/wiki\/Federico_Zeri\">Federico Zeri<\/a>, est d\u00fb \u00e0 diverses raisons\u00a0: d&rsquo;abord la raret\u00e9 des vestiges et l&rsquo;absence dans la ville d&rsquo;une historiographie artistique capable de c\u00e9l\u00e9brer ces pionniers, tels que\u00a0<a title=\"Pietro Cavallini\" href=\"https:\/\/fr.wikipedia.org\/wiki\/Pietro_Cavallini\">Pietro Cavallini<\/a>,\u00a0<a title=\"Jacopo Torriti\" href=\"https:\/\/fr.wikipedia.org\/wiki\/Jacopo_Torriti\">Jacopo Torriti<\/a>\u00a0et\u00a0<a title=\"Filippo Rusuti\" href=\"https:\/\/fr.wikipedia.org\/wiki\/Filippo_Rusuti\">Filippo Rusuti<\/a>, comme cela s&rsquo;est notamment produit en Toscane avec\u00a0<a title=\"Giorgio Vasari\" href=\"https:\/\/fr.wikipedia.org\/wiki\/Giorgio_Vasari\">Vasari<\/a>\u00a0et certains autres trait\u00e9s.<\/p>\n<p style=\"text-align: justify;\">La relation entre les Romains et les Toscans (<a title=\"Cimabue\" href=\"https:\/\/fr.wikipedia.org\/wiki\/Cimabue\">Cimabue<\/a>,\u00a0<a title=\"Giotto di Bondone\" href=\"https:\/\/fr.wikipedia.org\/wiki\/Giotto_di_Bondone\">Giotto<\/a>) fait l&rsquo;objet de controverses parmi les historiens\u00a0: on ne sait pas laquelle des deux \u00e9coles a influenc\u00e9 l&rsquo;autre et laquelle est r\u00e9ellement \u00e0 l&rsquo;initiative du renouveau. Il est probable que les Romains, ayant \u00e0 leur disposition un plus grand nombre de peintures et de mosa\u00efques de la fin de l&rsquo;Antiquit\u00e9 et du d\u00e9but du Moyen \u00c2ge comme sources d&rsquo;inspiration, ont \u00e9tudi\u00e9 de nouvelles formes de repr\u00e9sentation de la figure humaine et de l&rsquo;espace, imm\u00e9diatement reprises et d\u00e9velopp\u00e9es par les Toscans. De plus, Cimabue et Giotto ont probablement fait des voyages \u00e0 Rome d\u00e8s leur prime jeunesse.<\/p>\n<p style=\"text-align: justify;\">C&rsquo;est principalement le chantier papal de la\u00a0<a title=\"Basilique Saint-Fran\u00e7ois d'Assise\" href=\"https:\/\/fr.wikipedia.org\/wiki\/Basilique_Saint-Fran%C3%A7ois_d%27Assise\">basilique Saint-Fran\u00e7ois d&rsquo;Assise<\/a>\u00a0qui a \u00e9t\u00e9 le point de comparaison et d&rsquo;\u00e9change entre les artistes. Les registres sup\u00e9rieurs de l&rsquo;<a title=\"\u00c9glise sup\u00e9rieure de la basilique Saint-Fran\u00e7ois d'Assise\" href=\"https:\/\/fr.wikipedia.org\/wiki\/%C3%89glise_sup%C3%A9rieure_de_la_basilique_Saint-Fran%C3%A7ois_d%27Assise\">\u00e9glise sup\u00e9rieure de la basilique<\/a>\u00a0sont r\u00e9alis\u00e9s en grande partie par l&rsquo;\u00e9cole romaine, en particulier par Torriti. Le v\u00e9ritable objet de la contestation est l&rsquo;attribution \u00e0 l&rsquo;une ou l&rsquo;autre \u00e9cole des \u0153uvres du soi-disant\u00a0<a title=\"Maestro d'Isacco\" href=\"https:\/\/fr.wikipedia.org\/wiki\/Maestro_d%27Isacco\">Maestro d&rsquo;Isacco<\/a>, traditionnellement identifi\u00e9 au jeune Giotto, et du cycle des\u00a0<i><a title=\"Fresques de la vie de saint Fran\u00e7ois \u00e0 Assise (Giotto)\" href=\"https:\/\/fr.wikipedia.org\/wiki\/Fresques_de_la_vie_de_saint_Fran%C3%A7ois_%C3%A0_Assise_(Giotto)\">Histoires de saint Fran\u00e7ois<\/a><\/i>. Selon les \u00e9tudes de Zeri et Bruno Zanardi, le chef du chantier d&rsquo;Assise \u00e9tait\u00a0<a title=\"Pietro Cavallini\" href=\"https:\/\/fr.wikipedia.org\/wiki\/Pietro_Cavallini\">Pietro Cavallini<\/a>\u00a0\u00e0 en juger par la mani\u00e8re particuli\u00e8re d&rsquo;appliquer les carnations que l&rsquo;on retrouve \u00e9galement dans le\u00a0<i>Jugement dernier<\/i>\u00a0de l&rsquo;<a title=\"\u00c9glise Sainte-C\u00e9cile-du-Trastevere\" href=\"https:\/\/fr.wikipedia.org\/wiki\/%C3%89glise_Sainte-C%C3%A9cile-du-Trastevere\">\u00e9glise Sainte-C\u00e9cile-du-Trastevere<\/a>. D&rsquo;un autre c\u00f4t\u00e9, les partisans de l&rsquo;attribution traditionnelle aux Toscans soulignent que dans aucun ouvrage romain il n&rsquo;y a de solutions spatiales aussi avanc\u00e9es que celles trouv\u00e9es dans le\u00a0<i>cycle de saint Fran\u00e7ois<\/i>, telles qu&rsquo;elles se trouvent dans les \u0153uvres ult\u00e9rieures de Giotto, \u00e0 l&rsquo;<a class=\"mw-redirect\" title=\"\u00c9glise de l'Arena de Padoue\" href=\"https:\/\/fr.wikipedia.org\/wiki\/%C3%89glise_de_l%27Arena_de_Padoue\">\u00e9glise de l&rsquo;Arena de Padoue<\/a>\u00a0et ailleurs.<\/p>\n<p style=\"text-align: justify;\">En tout cas, m\u00eame si les Romains sont artistiquement les fils des Toscans, leur \u00e9cole de peinture n&rsquo;en demeure pas moins avant-gardiste et capable de solutions avanc\u00e9es, y compris dans le domaine des\u00a0<a title=\"Mosa\u00efque\" href=\"https:\/\/fr.wikipedia.org\/wiki\/Mosa%C3%AFque\">mosa\u00efques<\/a>.<\/p>\n<p style=\"text-align: justify;\">Les activit\u00e9s artistiques \u00e0 Rome d\u00e9clinent inexorablement apr\u00e8s le transfert de la\u00a0<a class=\"mw-redirect\" title=\"Papaut\u00e9\" href=\"https:\/\/fr.wikipedia.org\/wiki\/Papaut%C3%A9\">papaut\u00e9<\/a>\u00a0\u00e0\u00a0<a title=\"Avignon\" href=\"https:\/\/fr.wikipedia.org\/wiki\/Avignon\">Avignon<\/a>\u00a0en 1309\u00a0: la grande activit\u00e9 picturale ne reprendra \u00e0 Rome qu&rsquo;\u00e0 la fin du\u00a0<abbr class=\"abbr\" title=\"15\u1d49 si\u00e8cle\"><span class=\"romain\">XV<\/span><sup>e<\/sup><\/abbr>\u00a0si\u00e8cle, avec une participation limit\u00e9e des artistes locaux.<\/p>\n<div class=\"mw-heading mw-heading2\" style=\"text-align: justify;\">\n<h2 id=\"Protagonistes\">Protagonistes<\/h2>\n<\/div>\n<p style=\"text-align: justify;\">Ses principaux protagonistes sont\u00a0:<\/p>\n<ul style=\"text-align: justify;\">\n<li><a title=\"Filippo Rusuti\" href=\"https:\/\/fr.wikipedia.org\/wiki\/Filippo_Rusuti\">Filippo Rusuti<\/a>\u00a0mosa\u00efste de la fin du\u00a0<a title=\"XIIIe si\u00e8cle\" href=\"https:\/\/fr.wikipedia.org\/wiki\/XIIIe_si%C3%A8cle\"><abbr class=\"abbr\" title=\"13\u1d49 si\u00e8cle\"><span class=\"romain\">XIII<\/span><sup>e<\/sup><\/abbr>\u00a0si\u00e8cle<\/a><\/li>\n<li><a title=\"Jacopo Torriti\" href=\"https:\/\/fr.wikipedia.org\/wiki\/Jacopo_Torriti\">Jacopo Torriti<\/a>\u00a0du\u00a0<a title=\"XIIIe si\u00e8cle\" href=\"https:\/\/fr.wikipedia.org\/wiki\/XIIIe_si%C3%A8cle\"><abbr class=\"abbr\" title=\"13\u1d49 si\u00e8cle\"><span class=\"romain\">XIII<\/span><sup>e<\/sup><\/abbr>\u00a0si\u00e8cle<\/a>\u00a0et du d\u00e9but du\u00a0<a title=\"XIVe si\u00e8cle\" href=\"https:\/\/fr.wikipedia.org\/wiki\/XIVe_si%C3%A8cle\"><abbr class=\"abbr\" title=\"14\u1d49 si\u00e8cle\"><span class=\"romain\">XIV<\/span><sup>e<\/sup><\/abbr>\u00a0si\u00e8cle<\/a>.<\/li>\n<li><a title=\"Pietro Cavallini\" href=\"https:\/\/fr.wikipedia.org\/wiki\/Pietro_Cavallini\">Pietro Cavallini<\/a>\u00a0(1259 &#8211; 1330)<\/li>\n<li><a title=\"Bartolomeo da Urbino\" href=\"https:\/\/fr.wikipedia.org\/wiki\/Bartolomeo_da_Urbino\">Bartolomeo da Urbino<\/a>\u00a0(1465 &#8211; 1534)<\/li>\n<li><a title=\"Pompeo Batoni\" href=\"https:\/\/fr.wikipedia.org\/wiki\/Pompeo_Batoni\">Pompeo Batoni<\/a>\u00a0(1708 &#8211; 1787)<\/li>\n<\/ul>\n<p style=\"text-align: justify;\">L&rsquo;\u00e9cole romaine en peinture est mentionn\u00e9e dans les\u00a0<a title=\"\u00c9coles giottesques\" href=\"https:\/\/fr.wikipedia.org\/wiki\/%C3%89coles_giottesques\">\u00e9coles giottesques<\/a>\u00a0sans savoir r\u00e9ellement si\u00a0<a title=\"Giotto di Bondone\" href=\"https:\/\/fr.wikipedia.org\/wiki\/Giotto_di_Bondone\">Giotto di Bondone<\/a>\u00a0et les Toscans l&rsquo;ont influenc\u00e9e ou si l&rsquo;influence est inverse.<\/p>\n<div class=\"mw-heading mw-heading2\" style=\"text-align: justify;\">\n<h2 id=\"Bibliographie\">Bibliographie<\/h2>\n<\/div>\n<ul style=\"text-align: justify;\">\n<li>Enio Sindona,\u00a0<i>Cimabue e il momento figurativo pregiottesco<\/i>, Rizzoli Editore, Milan, 1975.<\/li>\n<li>Angiola Maria Romanini,\u00a0<i>Stil novo e maniera greca nella pittura italiana alla fine del &lsquo;200<\/i>\u00a0in\u00a0<i>Il Medio Oriente e l&rsquo;Occidente nell&rsquo;arte del XIII secolo<\/i>\u00a0\u2013 Atti del XIV Congresso Internazionale di Storia dell&rsquo;Arte (Bologna, 1979) a cura di H. Belting (1982),\u00a0<abbr class=\"abbr\" title=\"page(s)\">p.<\/abbr>\u00a0137\u2013152.<\/li>\n<li>Hans Belting,\u00a0<i>Assisi e Roma: risultati, problemi, prospettive<\/i>\u00a0in\u00a0<i>Roma anno 1300<\/i>\u00a0\u2013 Atti della IV settimana di studi di storia dell&rsquo;arte medievale dell&rsquo;Universit\u00e0 di Roma (Roma, 1980) a cura di A.M.Romanini (1983),\u00a0<abbr class=\"abbr\" title=\"page(s)\">p.<\/abbr>\u00a0<span class=\"nowrap\">93-101<\/span>.<\/li>\n<li><a title=\"Luciano Bellosi\" href=\"https:\/\/fr.wikipedia.org\/wiki\/Luciano_Bellosi\">Luciano Bellosi<\/a>,\u00a0<i>La decorazione della Basilica superiore di Assisi e la pittura romana di fine Duecento<\/i>\u00a0in\u00a0<i>Roma anno 1300<\/i>\u00a0(1983),\u00a0<abbr class=\"abbr\" title=\"page(s)\">p.<\/abbr>\u00a0<span class=\"nowrap\">127-139<\/span>.<\/li>\n<li><a title=\"Mikl\u00f3s Boskovits\" href=\"https:\/\/fr.wikipedia.org\/wiki\/Mikl%C3%B3s_Boskovits\">Mikl\u00f3s Boskovits<\/a>,\u00a0<i>Proposte (e conferme) per Pietro Cavallini<\/i>\u00a0in\u00a0<i>Roma anno 1300<\/i>, 1983.<\/li>\n<li>Alessandro Tomei,\u00a0<i>Iacobus Torriti pictor: una vicenda figurativa del tardo Duecento romano<\/i>, Roma, Argos, 1990.<\/li>\n<li>Alessandro Tomei,\u00a0<i>I mosaici e gli affreschi della Cappella del Sancta Sanctorum<\/i>\u00a0in\u00a0<i>Il Palazzo Apostolico Lateranense<\/i>\u00a0a cura di C. Pietrangeli, Firenze, Nardini (1991),\u00a0<abbr class=\"abbr\" title=\"page(s)\">p.<\/abbr>\u00a0<span class=\"nowrap\">59-80<\/span>.<\/li>\n<li>Serena Romano,\u00a0<i>Il Sancta Sanctorum: gli affreschi<\/i>\u00a0in\u00a0<i>Il Sancta Sanctorum<\/i>\u00a0a cura di C. Pietrangeli e A.M. Romanini, Milano, Electa (1995),\u00a0<abbr class=\"abbr\" title=\"page(s)\">p.<\/abbr>\u00a0<span class=\"nowrap\">38-125<\/span>.<\/li>\n<li>Bruno Zanardi,\u00a0<a title=\"Federico Zeri\" href=\"https:\/\/fr.wikipedia.org\/wiki\/Federico_Zeri\">Federico Zeri<\/a>,\u00a0<a title=\"Chiara Frugoni\" href=\"https:\/\/fr.wikipedia.org\/wiki\/Chiara_Frugoni\">Chiara Frugoni<\/a>,\u00a0<i>Il cantiere di Giotto<\/i>, Skira, 1996.<\/li>\n<li>Alessandro Tomei,\u00a0<i>Pietro Cavallini<\/i>, Milan, Silvana Editoriale, 2000.<\/li>\n<li>Andreina Draghi,\u00a0<i>Gli affreschi rinvenuti nell&rsquo;aula gotica del convento dei Santi Quattro Coronati a Roma<\/i>\u00a0in\u00a0<i>Cavallini\/Giotto, Roma\/Assisi; proposte e aggiornamenti<\/i>\u00a0&#8211; Atti del convegno (Rome, 2001) a cura di T. Calvano (2002),\u00a0<abbr class=\"abbr\" title=\"page(s)\">p.<\/abbr>\u00a0<span class=\"nowrap\">33-42<\/span>.<\/li>\n<li>Francesco Gandolfo,\u00a0<i>Ricerche di prospettiva nel cantiere di Assisi<\/i>\u00a0in\u00a0<i>Cavallini\/Giotto, Roma\/Assisi; proposte e aggiornamenti<\/i>\u00a0(2002)\u00a0<abbr class=\"abbr\" title=\"page(s)\">p.<\/abbr>\u00a0<span class=\"nowrap\">43-54<\/span>.<\/li>\n<li>Alessandro Tomei,\u00a0<i>Cavallini e Giotto: qualche osservazione su una inutile contrapposizione<\/i>\u00a0in\u00a0<i>Cavallini\/Giotto, Roma\/Assisi; proposte e aggiornamenti<\/i>\u00a0(2002)\u00a0<abbr class=\"abbr\" title=\"page(s)\">p.<\/abbr>\u00a0<span class=\"nowrap\">80-99<\/span>.<\/li>\n<li>Bruno Zanardi,\u00a0<i>Giotto e Pietro Cavallini. La questione di Assisi e il cantiere medievale della pittura a fresco<\/i>, Milano, Skira, (2002).<\/li>\n<li><a class=\"mw-redirect\" title=\"Stendhal (Henri Beyle)\" href=\"https:\/\/fr.wikipedia.org\/wiki\/Stendhal_(Henri_Beyle)\">Stendhal (Henri Beyle)<\/a>,\u00a0<i>\u00c9coles italiennes de Peinture. I. \u00c9cole de Florence &#8211;\u00a0<b>\u00c9cole Romaine<\/b>\u00a0&#8211; \u00c9cole de Mantoue &#8211; \u00c9cole de Cr\u00e9mone. II. \u00c9cole de Parme &#8211; \u00c9cole de Venise &#8211; \u00c9cole de Bologne. III. \u00c9cole de Bologne.<\/i>, \u00e9tablissement du texte et pr\u00e9face par Henri Martineau, Paris, Le Divan, 1932.<\/li>\n<\/ul>\n<div class=\"mw-heading mw-heading2\" style=\"text-align: justify;\">\n<h2 id=\"Sources\">Sources<\/h2>\n<\/div>\n<ul>\n<li style=\"text-align: justify;\"><abbr class=\"abbr indicateur-langue\" title=\"Langue : italien\">(It)<\/abbr>\u00a0Cet article est partiellement ou en totalit\u00e9 issu de l\u2019article de Wikip\u00e9dia en italien intitul\u00e9\u00a0<span class=\"plainlinks\">\u00ab\u00a0<a class=\"extiw\" title=\"it:Scuola romana di pittura\" href=\"https:\/\/it.wikipedia.org\/wiki\/Scuola_romana_di_pittura\">Scuola romana di pittura<\/a>\u00a0\u00bb\u00a0<small>(<a class=\"external text\" href=\"https:\/\/it.wikipedia.org\/wiki\/Scuola_romana_di_pittura?action=history\">voir la liste des auteurs<\/a>)<\/small><\/span>.<\/li>\n<li style=\"text-align: justify;\">Cet article est partiellement ou en totalit\u00e9 issu de l&rsquo;article intitul\u00e9 \u00ab\u00a0<span class=\"plainlinks\"><a class=\"external text\" href=\"https:\/\/fr.wikipedia.org\/w\/index.php?title=%C3%89cole_romaine_(peinture)&amp;oldid=122907348\">\u00c9cole romaine (peinture)<\/a>\u00a0\u00bb\u00a0<small>(voir\u00a0<a class=\"external text\" href=\"https:\/\/fr.wikipedia.org\/w\/index.php?title=%C3%89cole_romaine_(peinture)&amp;oldid=122907348&amp;action=history\">la liste des auteurs<\/a>)<\/small><\/span>.<\/li>\n<\/ul>\n<\/form>\n","protected":false},"excerpt":{"rendered":"<p>Image mise en avant : Pietro Cavallini, d\u00e9tail du\u00a0Jugement dernier, Santa Cecilia in Trastevere. Faire un don par Qr Code Achetez mes livres &nbsp; &nbsp; Virement bancaire IBAN FR81 2004 1010 0820 6402 0P02 955 BIC PSSTFRPPMAR Orazio Puglisi 06 14 35 15 52 oraziopuglisi@gmail.com puglisiorazio@wanadoo.fr L&rsquo;\u00e9cole romaine de peinture\u00a0est une des\u00a0\u00e9coles italiennes de peinture\u00a0de [&hellip;]<\/p>\n","protected":false},"author":1,"featured_media":14000,"parent":0,"menu_order":0,"comment_status":"closed","ping_status":"closed","template":"","meta":{"footnotes":""},"class_list":["post-13996","page","type-page","status-publish","has-post-thumbnail","hentry"],"_links":{"self":[{"href":"https:\/\/oraziopuglisi.art\/index.php\/wp-json\/wp\/v2\/pages\/13996","targetHints":{"allow":["GET"]}}],"collection":[{"href":"https:\/\/oraziopuglisi.art\/index.php\/wp-json\/wp\/v2\/pages"}],"about":[{"href":"https:\/\/oraziopuglisi.art\/index.php\/wp-json\/wp\/v2\/types\/page"}],"author":[{"embeddable":true,"href":"https:\/\/oraziopuglisi.art\/index.php\/wp-json\/wp\/v2\/users\/1"}],"replies":[{"embeddable":true,"href":"https:\/\/oraziopuglisi.art\/index.php\/wp-json\/wp\/v2\/comments?post=13996"}],"version-history":[{"count":5,"href":"https:\/\/oraziopuglisi.art\/index.php\/wp-json\/wp\/v2\/pages\/13996\/revisions"}],"predecessor-version":[{"id":14123,"href":"https:\/\/oraziopuglisi.art\/index.php\/wp-json\/wp\/v2\/pages\/13996\/revisions\/14123"}],"wp:featuredmedia":[{"embeddable":true,"href":"https:\/\/oraziopuglisi.art\/index.php\/wp-json\/wp\/v2\/media\/14000"}],"wp:attachment":[{"href":"https:\/\/oraziopuglisi.art\/index.php\/wp-json\/wp\/v2\/media?parent=13996"}],"curies":[{"name":"wp","href":"https:\/\/api.w.org\/{rel}","templated":true}]}}