{"id":13984,"date":"2024-09-24T05:35:42","date_gmt":"2024-09-24T03:35:42","guid":{"rendered":"https:\/\/oraziopuglisi.art\/?page_id=13984"},"modified":"2024-09-24T22:17:43","modified_gmt":"2024-09-24T20:17:43","slug":"ecole-veronaise","status":"publish","type":"page","link":"https:\/\/oraziopuglisi.art\/index.php\/ecole-veronaise\/","title":{"rendered":"Ecole V\u00e9ronaise"},"content":{"rendered":"<p><span style=\"font-size: 8px;\"><strong>Image mise an avant :<\/strong> <a class=\"extiw\" title=\"fr:Cath\u00e9drale Santa Maria Matricolare de V\u00e9rone\" href=\"https:\/\/fr.wikipedia.org\/wiki\/Cath%C3%A9drale_Santa_Maria_Matricolare_de_V%C3%A9rone\">Cath\u00e9drale Santa Maria Matricolare de V\u00e9rone<\/a>. La chapelle Calcasoli. \u2019\u2019l&rsquo;Adoration des Mages\u2019\u2019 par\u00a0<a class=\"extiw\" title=\"fr:Liberale da Verona\" href=\"https:\/\/fr.wikipedia.org\/wiki\/Liberale_da_Verona\">Liberale da Verona<\/a><\/span><\/p>\n<form action=\"https:\/\/www.paypal.com\/donate\" method=\"post\" target=\"_top\"><input name=\"hosted_button_id\" type=\"hidden\" value=\"QSSRVLDUKP2MG\" \/> <input title=\"PayPal - The safer, easier way to pay online!\" alt=\"Bouton Faites un don avec PayPal\" name=\"submit\" src=\"https:\/\/www.paypalobjects.com\/fr_FR\/FR\/i\/btn\/btn_donateCC_LG.gif\" type=\"image\" \/><img loading=\"lazy\" decoding=\"async\" src=\"https:\/\/www.paypal.com\/fr_FR\/i\/scr\/pixel.gif\" alt=\"\" width=\"1\" height=\"1\" border=\"0\" \/><img loading=\"lazy\" decoding=\"async\" src=\"https:\/\/www.paypal.com\/fr_FR\/i\/scr\/pixel.gif\" alt=\"\" width=\"1\" height=\"1\" border=\"0\" \/><\/form>\n<form action=\"https:\/\/www.paypal.com\/donate\" method=\"post\" target=\"_top\"><input name=\"hosted_button_id\" type=\"hidden\" value=\"KUYGR8EGYTG64\" \/><\/p>\n<p style=\"text-align: center;\"><span style=\"color: #ff0000;\">Faire un don par Qr Code<\/span><\/p>\n<p style=\"text-align: center;\"><a href=\"http:\/\/xn--vidosechecsenligne-dwb.com\/wp-content\/uploads\/2022\/05\/QR-code.png\"><img loading=\"lazy\" decoding=\"async\" class=\"alignnone size-full wp-image-36569\" src=\"http:\/\/xn--vidosechecsenligne-dwb.com\/wp-content\/uploads\/2022\/05\/QR-code.png\" alt=\"\" width=\"192\" height=\"192\" \/><\/a><\/p>\n<p style=\"text-align: center;\"><a href=\"https:\/\/www.amazon.fr\/Livres-Orazio-Puglisi\/s?rh=n%3A301061%2Cp_27%3AOrazio+Puglisi\">Achetez mes livres <\/a><\/p>\n<p>&nbsp;<\/p>\n<p>&nbsp;<\/p>\n<p style=\"text-align: center;\">Virement bancaire<\/p>\n<\/form>\n<form action=\"https:\/\/www.paypal.com\/cgi-bin\/webscr\" method=\"post\" target=\"_top\">\n<p style=\"text-align: center;\"><span style=\"font-family: 'book antiqua', palatino, serif;\">IBAN FR81 2004 1010 0820 6402 0P02 955<\/span><\/p>\n<p style=\"text-align: center;\"><span style=\"font-family: 'book antiqua', palatino, serif;\">BIC PSSTFRPPMAR<\/span><\/p>\n<p style=\"text-align: center;\"><span style=\"font-family: 'book antiqua', palatino, serif;\">Orazio Puglisi<\/span><\/p>\n<p style=\"text-align: center;\"><span style=\"font-family: 'book antiqua', palatino, serif;\">06 14 35 15 52<\/span><\/p>\n<p style=\"text-align: center;\"><span style=\"font-family: 'book antiqua', palatino, serif;\"><a href=\"mailto:oraziopuglisi@gmail.com\">oraziopuglisi@gmail.com<\/a><\/span><\/p>\n<p style=\"text-align: center;\"><span style=\"font-family: 'book antiqua', palatino, serif;\"><a href=\"mailto:puglisiorazio@wanadoo.fr\">puglisiorazio@wanadoo.fr<\/a><\/span><\/p>\n<\/form>\n<form action=\"https:\/\/www.paypal.com\/cgi-bin\/webscr\" method=\"post\" target=\"_top\">\n<p style=\"text-align: center;\"><span style=\"font-family: 'book antiqua', palatino, serif;\"><input name=\"cmd\" type=\"hidden\" value=\"_s-xclick\" \/><\/span><\/p>\n<p style=\"text-align: center;\"><span style=\"font-family: 'book antiqua', palatino, serif;\"><input name=\"hosted_button_id\" type=\"hidden\" value=\"B9KUAAXX2KE3G\" \/><\/span><\/p>\n<p><span style=\"font-family: 'book antiqua', palatino, serif;\"><img loading=\"lazy\" decoding=\"async\" class=\"aligncenter\" src=\"https:\/\/www.paypalobjects.com\/fr_FR\/i\/scr\/pixel.gif\" alt=\"\" width=\"1\" height=\"1\" border=\"0\" \/><\/span><\/p>\n<p style=\"text-align: justify;\">L&rsquo;<b>\u00c9cole v\u00e9ronaise<\/b>\u00a0ou\u00a0<b>\u00e9cole de\u00a0<a title=\"V\u00e9rone\" href=\"https:\/\/fr.wikipedia.org\/wiki\/V%C3%A9rone\">V\u00e9rone<\/a><\/b>, est une\u00a0<a title=\"\u00c9coles italiennes de peinture\" href=\"https:\/\/fr.wikipedia.org\/wiki\/%C3%89coles_italiennes_de_peinture\">\u00e9cole italienne de peinture<\/a>\u00a0regroupant des artistes du\u00a0<a title=\"Moyen \u00c2ge\" href=\"https:\/\/fr.wikipedia.org\/wiki\/Moyen_%C3%82ge\">Moyen \u00c2ge<\/a>\u00a0jusqu\u2019\u00e0 la fin du\u00a0<a title=\"XVIIIe si\u00e8cle\" href=\"https:\/\/fr.wikipedia.org\/wiki\/XVIIIe_si%C3%A8cle\"><abbr class=\"abbr\" title=\"18\u1d49 si\u00e8cle\"><span class=\"romain\">XVIII<\/span><sup>e<\/sup><\/abbr>\u00a0si\u00e8cle<\/a>, dont voici quelques repr\u00e9sentants\u00a0:<\/p>\n<ul>\n<li><a title=\"Liberale da Verona\" href=\"https:\/\/fr.wikipedia.org\/wiki\/Liberale_da_Verona\">Liberale da Verona<\/a>\u00a0(1441 &#8211; 1526)<\/li>\n<li><a title=\"Domenico Morone\" href=\"https:\/\/fr.wikipedia.org\/wiki\/Domenico_Morone\">Domenico Morone<\/a>\u00a0(1442 &#8211; 1518)<\/li>\n<li><a title=\"Francesco Bonsignori\" href=\"https:\/\/fr.wikipedia.org\/wiki\/Francesco_Bonsignori\">Francesco Bonsignori<\/a>\u00a0(1460 &#8211; 1519)<\/li>\n<li><a title=\"Giovanni Maria Falconetto\" href=\"https:\/\/fr.wikipedia.org\/wiki\/Giovanni_Maria_Falconetto\">Giovanni Maria Falconetto<\/a>\u00a0(1468 \u2013 1535)<\/li>\n<li><a title=\"Michele da Verona\" href=\"https:\/\/fr.wikipedia.org\/wiki\/Michele_da_Verona\">Michele da Verona<\/a>\u00a0(v. 1470 &#8211; 1540)<\/li>\n<li><a title=\"Francesco Morone\" href=\"https:\/\/fr.wikipedia.org\/wiki\/Francesco_Morone\">Francesco Morone<\/a>\u00a0(1471 &#8211; 1529), fils de Domenico Morone<\/li>\n<li><a class=\"mw-redirect\" title=\"Girolamo Dai Libri\" href=\"https:\/\/fr.wikipedia.org\/wiki\/Girolamo_Dai_Libri\">Girolamo Dai Libri<\/a>\u00a0(v. 1474 &#8211; 1555)<\/li>\n<li><a title=\"Niccol\u00f2 Giolfino\" href=\"https:\/\/fr.wikipedia.org\/wiki\/Niccol%C3%B2_Giolfino\">Niccol\u00f2 Giolfino<\/a>\u00a0(1476 \u2013 1555)<\/li>\n<li><a title=\"Giovanni Francesco Caroto\" href=\"https:\/\/fr.wikipedia.org\/wiki\/Giovanni_Francesco_Caroto\">Giovanni Francesco Caroto<\/a>\u00a0(1480 &#8211; 1555)<\/li>\n<li><a title=\"Francesco Torbido\" href=\"https:\/\/fr.wikipedia.org\/wiki\/Francesco_Torbido\">Francesco Torbido<\/a>, (1482 &#8211; 1562)<\/li>\n<li><a title=\"Domenico Riccio\" href=\"https:\/\/fr.wikipedia.org\/wiki\/Domenico_Riccio\">Domenico Riccio<\/a>\u00a0(dit\u00a0<i>Domenico Brusasorci<\/i>) (1516 &#8211; 1567)<\/li>\n<li><a title=\"Antonio Badile\" href=\"https:\/\/fr.wikipedia.org\/wiki\/Antonio_Badile\">Antonio Badile<\/a>\u00a0(v. 1518 &#8211; 1560)<\/li>\n<li><a title=\"Paolo Farinati\" href=\"https:\/\/fr.wikipedia.org\/wiki\/Paolo_Farinati\">Paolo Farinati<\/a>\u00a0(1524 &#8211; 1606)<\/li>\n<li><a title=\"Giovanni Battista Zelotti\" href=\"https:\/\/fr.wikipedia.org\/wiki\/Giovanni_Battista_Zelotti\">Giovanni Battista Zelotti<\/a>\u00a0(1526 &#8211; 1578)<\/li>\n<li><a title=\"Bernardino India\" href=\"https:\/\/fr.wikipedia.org\/wiki\/Bernardino_India\">Bernardino India<\/a>\u00a0(1528 &#8211; 1590)<\/li>\n<li><a title=\"Felice Riccio\" href=\"https:\/\/fr.wikipedia.org\/wiki\/Felice_Riccio\">Felice Riccio<\/a>\u00a0(1539 &#8211; 1605)<\/li>\n<li><a title=\"Giovanni Battista Brusasorci\" href=\"https:\/\/fr.wikipedia.org\/wiki\/Giovanni_Battista_Brusasorci\">Giovanni Battista Brusasorci<\/a>\u00a0(1544 &#8211;\u00a0?\u00a0\u00a0), fils de Domenico Riccio<\/li>\n<li><a title=\"Cecilia Brusasorci\" href=\"https:\/\/fr.wikipedia.org\/wiki\/Cecilia_Brusasorci\">Cecilia Brusasorci<\/a>\u00a0(1549 \u2013 1593), fille de Domenico Riccio<\/li>\n<li><a title=\"Alessandro Turchi\" href=\"https:\/\/fr.wikipedia.org\/wiki\/Alessandro_Turchi\">Alessandro Turchi<\/a>\u00a0(1578 &#8211; 1649)<\/li>\n<\/ul>\n<div class=\"mw-heading mw-heading2\">\n<h2 id=\"\u0152uvres_caract\u00e9ristiques\"><span id=\".C5.92uvres_caract.C3.A9ristiques\"><\/span>\u0152uvres caract\u00e9ristiques<\/h2>\n<\/div>\n<ul>\n<li style=\"text-align: justify;\">Museo civico d&rsquo;Arte de V\u00e9rone,\u00a0<a title=\"Fresque\" href=\"https:\/\/fr.wikipedia.org\/wiki\/Fresque\">fresques<\/a>\u00a0de l&rsquo;\u00e9cole v\u00e9ronaise du\u00a0<a title=\"XIVe si\u00e8cle\" href=\"https:\/\/fr.wikipedia.org\/wiki\/XIVe_si%C3%A8cle\"><abbr class=\"abbr\" title=\"14\u1d49 si\u00e8cle\"><span class=\"romain\">XIV<\/span><sup>e<\/sup><\/abbr>\u00a0si\u00e8cle<\/a>.<\/li>\n<li style=\"text-align: justify;\">Au\u00a0<a title=\"Mus\u00e9e du Louvre\" href=\"https:\/\/fr.wikipedia.org\/wiki\/Mus%C3%A9e_du_Louvre\">mus\u00e9e du Louvre<\/a>, \u00e0\u00a0<a title=\"Paris\" href=\"https:\/\/fr.wikipedia.org\/wiki\/Paris\">Paris<\/a>, qui poss\u00e8de une collection de r\u00e9f\u00e9rence pour l&rsquo;\u00e9cole v\u00e9ronaise<\/li>\n<\/ul>\n<\/form>\n","protected":false},"excerpt":{"rendered":"<p>Image mise an avant : Cath\u00e9drale Santa Maria Matricolare de V\u00e9rone. La chapelle Calcasoli. \u2019\u2019l&rsquo;Adoration des Mages\u2019\u2019 par\u00a0Liberale da Verona Faire un don par Qr Code Achetez mes livres &nbsp; &nbsp; Virement bancaire IBAN FR81 2004 1010 0820 6402 0P02 955 BIC PSSTFRPPMAR Orazio Puglisi 06 14 35 15 52 oraziopuglisi@gmail.com puglisiorazio@wanadoo.fr L&rsquo;\u00c9cole v\u00e9ronaise\u00a0ou\u00a0\u00e9cole de\u00a0V\u00e9rone, [&hellip;]<\/p>\n","protected":false},"author":1,"featured_media":13989,"parent":0,"menu_order":0,"comment_status":"closed","ping_status":"closed","template":"","meta":{"footnotes":""},"class_list":["post-13984","page","type-page","status-publish","has-post-thumbnail","hentry"],"_links":{"self":[{"href":"https:\/\/oraziopuglisi.art\/index.php\/wp-json\/wp\/v2\/pages\/13984","targetHints":{"allow":["GET"]}}],"collection":[{"href":"https:\/\/oraziopuglisi.art\/index.php\/wp-json\/wp\/v2\/pages"}],"about":[{"href":"https:\/\/oraziopuglisi.art\/index.php\/wp-json\/wp\/v2\/types\/page"}],"author":[{"embeddable":true,"href":"https:\/\/oraziopuglisi.art\/index.php\/wp-json\/wp\/v2\/users\/1"}],"replies":[{"embeddable":true,"href":"https:\/\/oraziopuglisi.art\/index.php\/wp-json\/wp\/v2\/comments?post=13984"}],"version-history":[{"count":4,"href":"https:\/\/oraziopuglisi.art\/index.php\/wp-json\/wp\/v2\/pages\/13984\/revisions"}],"predecessor-version":[{"id":14121,"href":"https:\/\/oraziopuglisi.art\/index.php\/wp-json\/wp\/v2\/pages\/13984\/revisions\/14121"}],"wp:featuredmedia":[{"embeddable":true,"href":"https:\/\/oraziopuglisi.art\/index.php\/wp-json\/wp\/v2\/media\/13989"}],"wp:attachment":[{"href":"https:\/\/oraziopuglisi.art\/index.php\/wp-json\/wp\/v2\/media?parent=13984"}],"curies":[{"name":"wp","href":"https:\/\/api.w.org\/{rel}","templated":true}]}}