{"id":13728,"date":"2024-09-23T09:07:54","date_gmt":"2024-09-23T07:07:54","guid":{"rendered":"https:\/\/oraziopuglisi.art\/?page_id=13728"},"modified":"2024-09-23T10:19:45","modified_gmt":"2024-09-23T08:19:45","slug":"la-joconde","status":"publish","type":"page","link":"https:\/\/oraziopuglisi.art\/index.php\/la-joconde\/","title":{"rendered":"La Joconde"},"content":{"rendered":"<p style=\"text-align: center;\"><a href=\"https:\/\/fr.wikipedia.org\/wiki\/La_Joconde\">La Joconde<\/a><\/p>\n<p style=\"text-align: justify;\"><i><b>La Joconde<\/b><\/i>\u00a0(en\u00a0<a title=\"Italien\" href=\"https:\/\/fr.wikipedia.org\/wiki\/Italien\">italien<\/a>:\u00a0<i>La Gioconda<\/i>\u00a0<small><\/small><span class=\"API\"><a title=\"Aide:Alphabet phon\u00e9tique italien\" href=\"https:\/\/fr.wikipedia.org\/wiki\/Aide:Alphabet_phon%C3%A9tique_italien\">[la d\u0292o\u02c8konda]<\/a><\/span>\u00a0ou\u00a0<i>Monna Lisa<\/i>\u00a0<small><\/small><span class=\"API\"><a title=\"Aide:Alphabet phon\u00e9tique italien\" href=\"https:\/\/fr.wikipedia.org\/wiki\/Aide:Alphabet_phon%C3%A9tique_italien\">[\u02c8m\u0254nna \u02c8li\u02d0za]<\/a><\/span>), ou\u00a0<i><b>Portrait de Mona Lisa<\/b><\/i>, est un tableau de\u00a0<a title=\"L\u00e9onard de Vinci\" href=\"https:\/\/fr.wikipedia.org\/wiki\/L%C3%A9onard_de_Vinci\">L\u00e9onard de Vinci<\/a>, r\u00e9alis\u00e9 entre 1503 et 1506 ou entre 1513 et 1516<sup id=\"cite_ref-Pedretti_1982_1-0\" class=\"reference\"><a href=\"https:\/\/fr.wikipedia.org\/wiki\/La_Joconde#cite_note-Pedretti_1982-1\">1<\/a><\/sup><sup class=\"reference cite_virgule\">,<\/sup><sup id=\"cite_ref-Vezzosi_2007_2-0\" class=\"reference\"><a href=\"https:\/\/fr.wikipedia.org\/wiki\/La_Joconde#cite_note-Vezzosi_2007-2\">2<\/a><\/sup>, et peut-\u00eatre jusqu&rsquo;\u00e0 1517 (l&rsquo;artiste \u00e9tant mort le\u00a0<time class=\"nowrap\" datetime=\"1519-05-12\" data-sort-value=\"1519-05-12\">2 mai 1519<\/time>)<sup id=\"cite_ref-Delieuvin_3-0\" class=\"reference\"><a href=\"https:\/\/fr.wikipedia.org\/wiki\/La_Joconde#cite_note-Delieuvin-3\">3<\/a><\/sup>, qui repr\u00e9sente un portrait mi-corps, celui de la\u00a0<a title=\"Florence\" href=\"https:\/\/fr.wikipedia.org\/wiki\/Florence\">Florentine<\/a>\u00a0<a title=\"Lisa Gherardini\" href=\"https:\/\/fr.wikipedia.org\/wiki\/Lisa_Gherardini\">Lisa Gherardini<\/a>, \u00e9pouse de\u00a0<a title=\"Francesco del Giocondo\" href=\"https:\/\/fr.wikipedia.org\/wiki\/Francesco_del_Giocondo\">Francesco del Giocondo<\/a>. Tr\u00e8s probablement acquise par\u00a0<a title=\"Fran\u00e7ois Ier (roi de France)\" href=\"https:\/\/fr.wikipedia.org\/wiki\/Fran%C3%A7ois_Ier_(roi_de_France)\">Fran\u00e7ois\u00a0<abbr class=\"abbr\" title=\"premier\">I<sup>er<\/sup><\/abbr><\/a>, cette\u00a0<a title=\"Peinture \u00e0 l'huile\" href=\"https:\/\/fr.wikipedia.org\/wiki\/Peinture_%C3%A0_l%27huile\">peinture \u00e0 l&rsquo;huile<\/a>\u00a0sur panneau de\u00a0<a title=\"Bois\" href=\"https:\/\/fr.wikipedia.org\/wiki\/Bois\">bois<\/a>\u00a0de\u00a0<a title=\"Peuplier\" href=\"https:\/\/fr.wikipedia.org\/wiki\/Peuplier\">peuplier<\/a>\u00a0de 77\u00a0\u00d7\u00a053\u00a0<abbr class=\"abbr\" title=\"centim\u00e8tre\">cm<\/abbr>\u00a0est expos\u00e9e au\u00a0<a title=\"Mus\u00e9e du Louvre\" href=\"https:\/\/fr.wikipedia.org\/wiki\/Mus%C3%A9e_du_Louvre\">mus\u00e9e du Louvre<\/a>\u00a0\u00e0\u00a0<a title=\"Paris\" href=\"https:\/\/fr.wikipedia.org\/wiki\/Paris\">Paris<\/a>.\u00a0<i>La Joconde<\/i>\u00a0est l&rsquo;un des rares tableaux attribu\u00e9s de fa\u00e7on certaine \u00e0 L\u00e9onard de Vinci.<\/p>\n<p><img loading=\"lazy\" decoding=\"async\" class=\"alignnone size-full wp-image-13734\" src=\"http:\/\/oraziopuglisi.art\/wp-content\/uploads\/2024\/09\/Mona_Lisa_by_Leonardo_da_Vinci_from_C2RMF_natural_color.jpg\" alt=\"\" width=\"390\" height=\"582\" srcset=\"https:\/\/oraziopuglisi.art\/wp-content\/uploads\/2024\/09\/Mona_Lisa_by_Leonardo_da_Vinci_from_C2RMF_natural_color.jpg 390w, https:\/\/oraziopuglisi.art\/wp-content\/uploads\/2024\/09\/Mona_Lisa_by_Leonardo_da_Vinci_from_C2RMF_natural_color-201x300.jpg 201w\" sizes=\"auto, (max-width: 390px) 100vw, 390px\" \/><\/p>\n<p style=\"text-align: justify;\"><i>La Joconde<\/i>\u00a0est devenue un tableau \u00e9minemment c\u00e9l\u00e8bre car, depuis sa r\u00e9alisation, nombre d&rsquo;artistes l&rsquo;ont pris comme r\u00e9f\u00e9rence. \u00c0 l&rsquo;\u00e9poque\u00a0<a title=\"Romantisme\" href=\"https:\/\/fr.wikipedia.org\/wiki\/Romantisme\">romantique<\/a>, les artistes ont \u00e9t\u00e9 fascin\u00e9s par ce tableau et ont contribu\u00e9 \u00e0 d\u00e9velopper le mythe qui l&rsquo;entoure, en faisant de ce tableau l\u2019une des \u0153uvres d&rsquo;art les plus c\u00e9l\u00e8bres du monde, si ce n&rsquo;est la plus c\u00e9l\u00e8bre\u00a0: elle est en tout cas consid\u00e9r\u00e9e comme l&rsquo;une des repr\u00e9sentations d&rsquo;un visage f\u00e9minin les plus c\u00e9l\u00e8bres au monde<sup id=\"cite_ref-4\" class=\"reference\"><a href=\"https:\/\/fr.wikipedia.org\/wiki\/La_Joconde#cite_note-4\">4<\/a><\/sup>. Au\u00a0<abbr class=\"abbr\" title=\"21\u1d49 si\u00e8cle\"><span class=\"romain\">XXI<\/span><sup>e<\/sup><\/abbr>\u00a0si\u00e8cle, elle est devenue l&rsquo;objet d&rsquo;art le plus visit\u00e9 au monde, devant le\u00a0<a title=\"Hope (diamant)\" href=\"https:\/\/fr.wikipedia.org\/wiki\/Hope_(diamant)\">diamant Hope<\/a><sup id=\"cite_ref-5\" class=\"reference\"><a href=\"https:\/\/fr.wikipedia.org\/wiki\/La_Joconde#cite_note-5\">5<\/a><\/sup>, avec 20\u00a0000\u00a0visiteurs qui viennent l&rsquo;admirer et la photographier quotidiennement<sup id=\"cite_ref-6\" class=\"reference\"><a href=\"https:\/\/fr.wikipedia.org\/wiki\/La_Joconde#cite_note-6\">6<\/a><\/sup>.<\/p>\n<div class=\"mw-heading mw-heading2\">\n<h2 id=\"Description\">Description<\/h2>\n<\/div>\n<figure class=\"mw-default-size mw-halign-right\"><a class=\"mw-file-description\" href=\"https:\/\/fr.wikipedia.org\/wiki\/Fichier:Leonardo_da_vinci,_la_gioconda,_1503-06_circa.jpg\"><img loading=\"lazy\" decoding=\"async\" class=\"mw-file-element\" src=\"https:\/\/upload.wikimedia.org\/wikipedia\/commons\/thumb\/2\/2b\/Leonardo_da_vinci%2C_la_gioconda%2C_1503-06_circa.jpg\/220px-Leonardo_da_vinci%2C_la_gioconda%2C_1503-06_circa.jpg\" srcset=\"\/\/upload.wikimedia.org\/wikipedia\/commons\/thumb\/2\/2b\/Leonardo_da_vinci%2C_la_gioconda%2C_1503-06_circa.jpg\/330px-Leonardo_da_vinci%2C_la_gioconda%2C_1503-06_circa.jpg 1.5x, \/\/upload.wikimedia.org\/wikipedia\/commons\/thumb\/2\/2b\/Leonardo_da_vinci%2C_la_gioconda%2C_1503-06_circa.jpg\/440px-Leonardo_da_vinci%2C_la_gioconda%2C_1503-06_circa.jpg 2x\" alt=\"portrait d'une femme.\" width=\"220\" height=\"288\" data-file-width=\"1888\" data-file-height=\"2468\" \/><\/a><figcaption><i>La Joconde<\/i>\u00a0avec son cadre.<\/figcaption><\/figure>\n<p style=\"text-align: justify;\"><i>La Joconde<\/i>\u00a0est le portrait d&rsquo;une jeune femme, sur fond d&rsquo;un paysage montagneux aux horizons lointains et brumeux. Elle est dispos\u00e9e de trois quarts et repr\u00e9sent\u00e9e jusqu&rsquo;\u00e0 la taille, bras et mains compris, regardant le spectateur, ce qui est relativement nouveau \u00e0 l&rsquo;\u00e9poque et rompt avec les portraits jusque-l\u00e0 r\u00e9pandus, qui coupent le buste \u00e0 hauteur des \u00e9paules ou de la poitrine et sont enti\u00e8rement de profil<sup id=\"cite_ref-7\" class=\"reference\"><a href=\"https:\/\/fr.wikipedia.org\/wiki\/La_Joconde#cite_note-7\">7<\/a><\/sup>.<\/p>\n<p><iframe loading=\"lazy\" title=\"La Joconde d\u00e9voil\u00e9e par la science, La tour de Caprona dans le paysage.\" width=\"600\" height=\"338\" src=\"https:\/\/www.youtube.com\/embed\/MZppDFh2RbU?feature=oembed\" frameborder=\"0\" allow=\"accelerometer; autoplay; clipboard-write; encrypted-media; gyroscope; picture-in-picture; web-share\" referrerpolicy=\"strict-origin-when-cross-origin\" allowfullscreen><\/iframe><\/p>\n<p style=\"text-align: justify;\">La femme porte une robe vert sombre en soie pliss\u00e9e sur le devant, avec des manches jaunes. Elle est orn\u00e9e d&rsquo;entrelacs dor\u00e9s et d&rsquo;une broderie au d\u00e9collet\u00e9. Un voile noir translucide couvre la chevelure et est bien visible sur le haut du front. Cette sorte de mantille plaque les cheveux cr\u00eap\u00e9s ou finement boucl\u00e9s qui tombent sur les \u00e9paules. Les yeux \u00e9troits sont nettement cern\u00e9s et le regard semble suivre le spectateur m\u00eame lorsqu&rsquo;il se d\u00e9place car il est perpendiculaire au plan de l\u2019image. Le corsage d\u00e9collet\u00e9 d\u00e9gage la gorge et la poitrine jusqu&rsquo;\u00e0 la naissance des seins et l&rsquo;esquisse de l&rsquo;\u00e9paule gauche, ce qui adoucit la s\u00e9v\u00e9rit\u00e9 de son voile. Une l\u00e9gende tenace n\u00e9e de la pr\u00e9sence de ce voile gr\u00e8ge et de l&rsquo;absence de bijoux veut que Mona porte le deuil de sa fille Camilla morte en 1499. En r\u00e9alit\u00e9, ses v\u00eatements sombres sont dus \u00e0 l&rsquo;obscurcissement des vernis successifs, le voile noir est une coiffure traditionnelle \u00e0 cette \u00e9poque et l&rsquo;absence de bijoux r\u00e9sulte aussi bien du choix du peintre que du mod\u00e8le de ne c\u00e9der ni \u00e0 la vanit\u00e9, ni \u00e0 la mode bien que Mona Lisa soit une femme ais\u00e9e. Le propos de ce portrait vise ainsi \u00e0 souligner l&rsquo;intemporalit\u00e9 de son expression psychologique<sup id=\"cite_ref-8\" class=\"reference\"><a href=\"https:\/\/fr.wikipedia.org\/wiki\/La_Joconde#cite_note-8\">8<\/a><\/sup>. La r\u00e9gion du c\u0153ur, avec la couleur claire de la peau qui tranche sur le v\u00eatement fonc\u00e9, se trouve au centre du tableau, au croisement de ses deux diagonales.<\/p>\n<p style=\"text-align: justify;\">Le visage est totalement \u00e9pil\u00e9, ne pr\u00e9sentant ni cils, ni sourcils. Selon l&rsquo;hypoth\u00e8se de\u00a0<a title=\"Daniel Arasse\" href=\"https:\/\/fr.wikipedia.org\/wiki\/Daniel_Arasse\">Daniel Arasse<\/a>, confirm\u00e9e par une analyse spectrographique en 2004, les sourcils et les cils de Mona Lisa auraient \u00e9t\u00e9 effac\u00e9s vers le milieu du\u00a0<abbr class=\"abbr\" title=\"16\u1d49 si\u00e8cle\"><span class=\"romain\">XVI<\/span><sup>e<\/sup><\/abbr>\u00a0si\u00e8cle par un inconnu, car les femmes de la bonne soci\u00e9t\u00e9 avaient adopt\u00e9 \u00e0 cette \u00e9poque la pratique des prostitu\u00e9es des d\u00e9cennies pr\u00e9c\u00e9dentes et s\u2019\u00e9pilaient d\u00e9sormais le visage<sup id=\"cite_ref-9\" class=\"reference\"><a href=\"https:\/\/fr.wikipedia.org\/wiki\/La_Joconde#cite_note-9\">9<\/a><\/sup>\u00a0; ce qui irait dans le sens de la description de La Joconde par\u00a0<a title=\"Giorgio Vasari\" href=\"https:\/\/fr.wikipedia.org\/wiki\/Giorgio_Vasari\">Giorgio Vasari<\/a><sup id=\"cite_ref-10\" class=\"reference\"><a href=\"https:\/\/fr.wikipedia.org\/wiki\/La_Joconde#cite_note-10\">10<\/a><\/sup>.<\/p>\n<p style=\"text-align: justify;\">Mona Lisa est assise sur une sorte de fauteuil en bois de forme semi-circulaire pos\u00e9 de profil, avec des accoudoirs et une sorte de balustrade semi-circulaire (appel\u00e9e \u00ab\u00a0spalliera\u00a0\u00bb ou \u00ab\u00a0dorsale\u00a0\u00bb) support\u00e9e par des barreaux. Ses bras sont pli\u00e9s et ses mains crois\u00e9es, le bras gauche pos\u00e9 fermement sur un accoudoir du fauteuil et la main droite pos\u00e9e mollement sur le poignet gauche. Elle se trouve probablement sur la terrasse d&rsquo;une loggia \u00e0 arcades\u00a0: on peut voir un parapet juste derri\u00e8re elle au premier tiers du tableau, ainsi que l&rsquo;amorce de la base renfl\u00e9e de deux colonnes<sup id=\"cite_ref-11\" class=\"reference\"><a href=\"https:\/\/fr.wikipedia.org\/wiki\/La_Joconde#cite_note-11\">11<\/a><\/sup>.<\/p>\n<p style=\"text-align: justify;\">La Joconde est situ\u00e9e devant le parapet, qui constituait traditionnellement une fronti\u00e8re entre la figure repr\u00e9sent\u00e9e et le spectateur, elle s&rsquo;inscrit donc dans l&rsquo;espace de ce dernier<sup id=\"cite_ref-:0_12-0\" class=\"reference\"><a href=\"https:\/\/fr.wikipedia.org\/wiki\/La_Joconde#cite_note-:0-12\">12<\/a><\/sup>.<\/p>\n<p style=\"text-align: justify;\">\u00c0 l&rsquo;arri\u00e8re-plan se trouve un paysage montagneux dans lequel se d\u00e9tachent un chemin sinueux et une rivi\u00e8re qu&rsquo;enjambe un pont de pierre. On peut remarquer une cassure de la ligne d&rsquo;horizon\u00a0: la t\u00eate de la jeune femme s\u00e9pare le tableau en deux parties (un paysage humanis\u00e9 de couleur brune et un paysage imaginaire d&rsquo;un bleu opaque dont la ligne d&rsquo;horizon co\u00efncide avec son regard) dans lesquels l&rsquo;horizon ne se trouve pas au m\u00eame niveau<sup id=\"cite_ref-13\" class=\"reference\"><a href=\"https:\/\/fr.wikipedia.org\/wiki\/La_Joconde#cite_note-13\">13<\/a><\/sup>.<\/p>\n<p style=\"text-align: justify;\">La source de lumi\u00e8re douce provient essentiellement de la gauche du tableau et donne \u00e0 Mona un teint lumineux en contraste avec les v\u00eatements sombres<sup id=\"cite_ref-14\" class=\"reference\"><a href=\"https:\/\/fr.wikipedia.org\/wiki\/La_Joconde#cite_note-14\">14<\/a><\/sup>.<\/p>\n<p style=\"text-align: justify;\">L\u00e9onard de Vinci consid\u00e9rait sa Monna Lisa comme achev\u00e9e. Deux zones semblent cependant avoir \u00e9t\u00e9 n\u00e9glig\u00e9es\u00a0: une portion du paysage, brun roux, derri\u00e8re l&rsquo;\u00e9paule, interpr\u00e9t\u00e9e comme un mouvement de terrain, et le contour de l&rsquo;index de la main droite,\u00a0<a title=\"Repentir (peinture)\" href=\"https:\/\/fr.wikipedia.org\/wiki\/Repentir_(peinture)\">repentir<\/a>\u00a0destin\u00e9 \u00e0 \u00eatre masqu\u00e9. La num\u00e9risation multispectrale (des\u00a0<a title=\"Ultraviolet\" href=\"https:\/\/fr.wikipedia.org\/wiki\/Ultraviolet\">ultraviolets<\/a>\u00a0aux\u00a0<a title=\"Infrarouge\" href=\"https:\/\/fr.wikipedia.org\/wiki\/Infrarouge\">infrarouges<\/a>) r\u00e9alis\u00e9e en 2004 par l&rsquo;ing\u00e9nieur Pascal Cotte a d\u00e9cel\u00e9 \u00e9galement le repentir de Vinci sur la position de l\u2019index et du majeur de la main gauche. Elle a \u00e9galement mis en \u00e9vidence une couverture<sup id=\"cite_ref-15\" class=\"reference\"><a href=\"https:\/\/fr.wikipedia.org\/wiki\/La_Joconde#cite_note-15\">15<\/a><\/sup>\u00a0qui couvrait initialement ses genoux et qui explique le positionnement des mains<sup id=\"cite_ref-16\" class=\"reference\"><a href=\"https:\/\/fr.wikipedia.org\/wiki\/La_Joconde#cite_note-16\">16<\/a><\/sup>. Enfin, l&rsquo;\u00e9tude multispectrale donne \u00e0 penser que de Vinci a r\u00e9alis\u00e9 le tableau en quatre \u00e9tapes principales, dont un portrait avec une coiffe, faite de perles, draperies et aiguilles \u00e0 cheveux qui \u00e9voque un projet d&rsquo;apparence \u00ab\u00a0mythologique ou sacr\u00e9\u00a0\u00bb<sup id=\"cite_ref-17\" class=\"reference\"><a href=\"https:\/\/fr.wikipedia.org\/wiki\/La_Joconde#cite_note-17\">17<\/a><\/sup>.<\/p>\n<p><iframe loading=\"lazy\" title=\"La Joconde de L\u00e9onard de Vinci, explique\u0301e. (Analyse)\" width=\"600\" height=\"338\" src=\"https:\/\/www.youtube.com\/embed\/93VXoyRYoBI?feature=oembed\" frameborder=\"0\" allow=\"accelerometer; autoplay; clipboard-write; encrypted-media; gyroscope; picture-in-picture; web-share\" referrerpolicy=\"strict-origin-when-cross-origin\" allowfullscreen><\/iframe><\/p>\n<p><iframe loading=\"lazy\" title=\"La Joconde, les secrets d&#039;un tableau iconique\" width=\"600\" height=\"338\" src=\"https:\/\/www.youtube.com\/embed\/I_zTG8UQ7mg?feature=oembed\" frameborder=\"0\" allow=\"accelerometer; autoplay; clipboard-write; encrypted-media; gyroscope; picture-in-picture; web-share\" referrerpolicy=\"strict-origin-when-cross-origin\" allowfullscreen><\/iframe><\/p>\n<p><iframe loading=\"lazy\" title=\"99 Choses Que Vous Ne Savez Pas Sur La Joconde\" width=\"600\" height=\"338\" src=\"https:\/\/www.youtube.com\/embed\/_x-rgBLpcNw?feature=oembed\" frameborder=\"0\" allow=\"accelerometer; autoplay; clipboard-write; encrypted-media; gyroscope; picture-in-picture; web-share\" referrerpolicy=\"strict-origin-when-cross-origin\" allowfullscreen><\/iframe><\/p>\n","protected":false},"excerpt":{"rendered":"<p>La Joconde La Joconde\u00a0(en\u00a0italien:\u00a0La Gioconda\u00a0[la d\u0292o\u02c8konda]\u00a0ou\u00a0Monna Lisa\u00a0[\u02c8m\u0254nna \u02c8li\u02d0za]), ou\u00a0Portrait de Mona Lisa, est un tableau de\u00a0L\u00e9onard de Vinci, r\u00e9alis\u00e9 entre 1503 et 1506 ou entre 1513 et 15161,2, et peut-\u00eatre jusqu&rsquo;\u00e0 1517 (l&rsquo;artiste \u00e9tant mort le\u00a02 mai 1519)3, qui repr\u00e9sente un portrait mi-corps, celui de la\u00a0Florentine\u00a0Lisa Gherardini, \u00e9pouse de\u00a0Francesco del Giocondo. Tr\u00e8s probablement acquise par\u00a0Fran\u00e7ois\u00a0Ier, [&hellip;]<\/p>\n","protected":false},"author":1,"featured_media":13734,"parent":0,"menu_order":0,"comment_status":"closed","ping_status":"closed","template":"","meta":{"footnotes":""},"class_list":["post-13728","page","type-page","status-publish","has-post-thumbnail","hentry"],"_links":{"self":[{"href":"https:\/\/oraziopuglisi.art\/index.php\/wp-json\/wp\/v2\/pages\/13728","targetHints":{"allow":["GET"]}}],"collection":[{"href":"https:\/\/oraziopuglisi.art\/index.php\/wp-json\/wp\/v2\/pages"}],"about":[{"href":"https:\/\/oraziopuglisi.art\/index.php\/wp-json\/wp\/v2\/types\/page"}],"author":[{"embeddable":true,"href":"https:\/\/oraziopuglisi.art\/index.php\/wp-json\/wp\/v2\/users\/1"}],"replies":[{"embeddable":true,"href":"https:\/\/oraziopuglisi.art\/index.php\/wp-json\/wp\/v2\/comments?post=13728"}],"version-history":[{"count":7,"href":"https:\/\/oraziopuglisi.art\/index.php\/wp-json\/wp\/v2\/pages\/13728\/revisions"}],"predecessor-version":[{"id":13737,"href":"https:\/\/oraziopuglisi.art\/index.php\/wp-json\/wp\/v2\/pages\/13728\/revisions\/13737"}],"wp:featuredmedia":[{"embeddable":true,"href":"https:\/\/oraziopuglisi.art\/index.php\/wp-json\/wp\/v2\/media\/13734"}],"wp:attachment":[{"href":"https:\/\/oraziopuglisi.art\/index.php\/wp-json\/wp\/v2\/media?parent=13728"}],"curies":[{"name":"wp","href":"https:\/\/api.w.org\/{rel}","templated":true}]}}