{"id":13711,"date":"2024-09-23T08:39:56","date_gmt":"2024-09-23T06:39:56","guid":{"rendered":"https:\/\/oraziopuglisi.art\/?page_id=13711"},"modified":"2024-09-23T22:56:22","modified_gmt":"2024-09-23T20:56:22","slug":"les-plus-grandes-oeuvres-de-lhistoire-de-la-peinture","status":"publish","type":"page","link":"https:\/\/oraziopuglisi.art\/index.php\/les-plus-grandes-oeuvres-de-lhistoire-de-la-peinture\/","title":{"rendered":"Les plus grandes oeuvres de l&rsquo;histoire de la peinture"},"content":{"rendered":"<p style=\"text-align: justify;\"><span style=\"font-size: 10px;\"><strong>Image mise en avant :\u00a0<\/strong><\/span><span style=\"font-size: 10px;\"><i><b>L&rsquo;\u00c9cole d&rsquo;Ath\u00e8nes<\/b><\/i>\u00a0est une\u00a0<a title=\"Fresque\" href=\"https:\/\/fr.wikipedia.org\/wiki\/Fresque\">fresque<\/a>\u00a0(4,40\u00a0\u00d7\u00a07,70\u00a0<abbr class=\"abbr\" title=\"m\u00e8tre\">m<\/abbr>) du\u00a0<a title=\"Liste de peintres italiens\" href=\"https:\/\/fr.wikipedia.org\/wiki\/Liste_de_peintres_italiens\">peintre italien<\/a>\u00a0<a title=\"Rapha\u00ebl (peintre)\" href=\"https:\/\/fr.wikipedia.org\/wiki\/Rapha%C3%ABl_(peintre)\">Rapha\u00ebl<\/a>, situ\u00e9e dans\u00a0<i>la Chambre de la Sign ature<\/i>\u00a0des\u00a0<a title=\"Mus\u00e9es du Vatican\" href=\"https:\/\/fr.wikipedia.org\/wiki\/Mus%C3%A9es_du_Vatican\">mus\u00e9es du Vatican<\/a>, l&rsquo;une des quatre\u00a0<a title=\"Chambres de Rapha\u00ebl\" href=\"https:\/\/fr.wikipedia.org\/wiki\/Chambres_de_Rapha%C3%ABl\">Chambres de Rapha\u00ebl<\/a>\u00a0(les\u00a0<i>Stanze<\/i>) situ\u00e9es \u00e0 l&rsquo;int\u00e9rieur du\u00a0<a title=\"Palais du Vatican\" href=\"https:\/\/fr.wikipedia.org\/wiki\/Palais_du_Vatican\">palais apostolique<\/a>. C&rsquo;est l&rsquo;une des \u0153uvres picturales les plus importantes de la Cit\u00e9 du\u00a0<a title=\"Vatican\" href=\"https:\/\/fr.wikipedia.org\/wiki\/Vatican\">Vatican<\/a>. Cette fresque symbolique pr\u00e9sente les figures majeures de la pens\u00e9e antique.\u00a0C&rsquo;est l&rsquo;\u0153uvre la plus c\u00e9l\u00e8bre du peintre d&rsquo;<a title=\"Urbino\" href=\"https:\/\/fr.wikipedia.org\/wiki\/Urbino\">Urbino<\/a>\u00a0et la plus importante des mus\u00e9es du Vatican apr\u00e8s la\u00a0<a title=\"Plafond de la chapelle Sixtine\" href=\"https:\/\/fr.wikipedia.org\/wiki\/Plafond_de_la_chapelle_Sixtine\">vo\u00fbte de la chapelle Sixtine<\/a>\u00a0et\u00a0<i><a title=\"Le Jugement dernier (Michel-Ange)\" href=\"https:\/\/fr.wikipedia.org\/wiki\/Le_Jugement_dernier_(Michel-Ange)\">Le Jugement dernier<\/a><\/i>\u00a0de\u00a0<a title=\"Michel-Ange\" href=\"https:\/\/fr.wikipedia.org\/wiki\/Michel-Ange\">Michel-Ange<\/a>.<\/span><\/p>\n<p>\u00ab\u00a0<em>La science de la peinture est tellement divine qu\u2019elle transforme l\u2019esprit du peintre en une esp\u00e8ce d\u2019esprit de Dieu.<\/em>\u00a0\u00bb L\u00e9onard de Vinci<\/p>\n<p>&nbsp;<\/p>\n<p><iframe loading=\"lazy\" title=\"The 100 Best Paintings by Painters posted in 2017 | LearnFromMasters (HD)\" width=\"600\" height=\"338\" src=\"https:\/\/www.youtube.com\/embed\/A__rjrebeXc?feature=oembed\" frameborder=\"0\" allow=\"accelerometer; autoplay; clipboard-write; encrypted-media; gyroscope; picture-in-picture; web-share\" referrerpolicy=\"strict-origin-when-cross-origin\" allowfullscreen><\/iframe><\/p>\n<p>&nbsp;<\/p>\n<p>&nbsp;<\/p>\n<p><iframe loading=\"lazy\" title=\"19 tableaux les plus c\u00e9l\u00e8bres au monde\" width=\"600\" height=\"338\" src=\"https:\/\/www.youtube.com\/embed\/XqOWAIn_GYE?feature=oembed\" frameborder=\"0\" allow=\"accelerometer; autoplay; clipboard-write; encrypted-media; gyroscope; picture-in-picture; web-share\" referrerpolicy=\"strict-origin-when-cross-origin\" allowfullscreen><\/iframe><\/p>\n<p>&nbsp;<\/p>\n<p>&nbsp;<\/p>\n<div id=\"tablepress-100524_wrapper\" class=\"dataTables_wrapper no-footer\">\n<table id=\"tablepress-100524\" class=\"tablepress tablepress-id-100524 dataTable no-footer\" role=\"grid\">\n<thead>\n<tr class=\"row-1 odd\" role=\"row\">\n<th class=\"column-1 sorting_disabled\" colspan=\"1\" rowspan=\"1\">Tableau<\/th>\n<th class=\"column-2 sorting_disabled\" colspan=\"1\" rowspan=\"1\">Lieu<\/th>\n<\/tr>\n<\/thead>\n<tbody class=\"row-hover\">\n<tr class=\"row-2 even\" role=\"row\">\n<td class=\"column-1\">La Joconde de L\u00e9onard de Vinci<\/td>\n<td class=\"column-2\">Louvre &#8211; Paris<\/td>\n<\/tr>\n<tr class=\"row-3 odd\" role=\"row\">\n<td class=\"column-1\">Guernica de Pablo Picasso<\/td>\n<td class=\"column-2\">Reina Sofia &#8211; Madrid<\/td>\n<\/tr>\n<tr class=\"row-4 even\" role=\"row\">\n<td class=\"column-1\">La Libert\u00e9 guidant le peuple d\u2019Eug\u00e8ne Delacroix<\/td>\n<td class=\"column-2\">Louvre &#8211; Paris<\/td>\n<\/tr>\n<tr class=\"row-5 odd\" role=\"row\">\n<td class=\"column-1\">Le Radeau de la M\u00e9duse de Th\u00e9odore G\u00e9ricault<\/td>\n<td class=\"column-2\">Louvre &#8211; Paris<\/td>\n<\/tr>\n<tr class=\"row-6 even\" role=\"row\">\n<td class=\"column-1\">Impression, soleil levant de Claude Monet<\/td>\n<td class=\"column-2\">Marmottan &#8211; Paris<\/td>\n<\/tr>\n<tr class=\"row-7 odd\" role=\"row\">\n<td class=\"column-1\">D\u00e9jeuner sur l&rsquo;herbe d\u2019\u00c9douard Manet<\/td>\n<td class=\"column-2\">Orsay &#8211; Paris<\/td>\n<\/tr>\n<tr class=\"row-8 even\" role=\"row\">\n<td class=\"column-1\">La Grande vague de Kanagawa de Hokusai<\/td>\n<td class=\"column-2\">Guimet &#8211; Paris, Metropolitan Museum of Art &#8211; New York,<br \/>\nBritish Museum &#8211; Londres<\/td>\n<\/tr>\n<tr class=\"row-9 odd\" role=\"row\">\n<td class=\"column-1\">Le Cri d\u2019Edvard Munch<\/td>\n<td class=\"column-2\">mus\u00e9e Munch &#8211; Oslo<\/td>\n<\/tr>\n<tr class=\"row-10 even\" role=\"row\">\n<td class=\"column-1\">Les Demoiselles d\u2019Avignon de Pablo Picasso<\/td>\n<td class=\"column-2\">MoMA &#8211; New York<\/td>\n<\/tr>\n<tr class=\"row-11 odd\" role=\"row\">\n<td class=\"column-1\">La Cr\u00e9ation d&rsquo;Adam par Michel-Ange<\/td>\n<td class=\"column-2\">Chapelle Sixtine &#8211; Vatican<\/td>\n<\/tr>\n<tr class=\"row-12 even\" role=\"row\">\n<td class=\"column-1\">La Jeune fille \u00e0 la perle par Johannes Vermeer<\/td>\n<td class=\"column-2\">Mauritshuis Museum &#8211; La Haye<\/td>\n<\/tr>\n<tr class=\"row-13 odd\" role=\"row\">\n<td class=\"column-1\">La C\u00e8ne par L\u00e9onard de Vinci<\/td>\n<td class=\"column-2\">\u00c9glise Santa Maria delle Grazie &#8211; Milan<\/td>\n<\/tr>\n<tr class=\"row-14 even\" role=\"row\">\n<td class=\"column-1\">La Nuit \u00c9toil\u00e9e par Vincent Van Gogh<\/td>\n<td class=\"column-2\">MoMA &#8211; New York<\/td>\n<\/tr>\n<tr class=\"row-15 odd\" role=\"row\">\n<td class=\"column-1\">Les \u00c9poux Arnolfini par Jan Van Eyck<\/td>\n<td class=\"column-2\">National Gallery &#8211; Londres<\/td>\n<\/tr>\n<tr class=\"row-16 even\" role=\"row\">\n<td class=\"column-1\">Le Baiser par Gustav Klimt<\/td>\n<td class=\"column-2\">\u00d6sterreichische Galerie Belvedere &#8211; Vienne<\/td>\n<\/tr>\n<tr class=\"row-17 odd\" role=\"row\">\n<td class=\"column-1\">La Persistance de la M\u00e9moire par Dali<\/td>\n<td class=\"column-2\">MoMA &#8211; New York<\/td>\n<\/tr>\n<tr class=\"row-18 even\" role=\"row\">\n<td class=\"column-1\">American Gothic par Grant Wood<\/td>\n<td class=\"column-2\">School of the Art Institute &#8211; Chicago<\/td>\n<\/tr>\n<tr class=\"row-19 odd\" role=\"row\">\n<td class=\"column-1\">La Naissance De V\u00e9nus par Sandro Botticelli<\/td>\n<td class=\"column-2\">Mus\u00e9e des Offices &#8211; Florence<\/td>\n<\/tr>\n<tr class=\"row-20 even\" role=\"row\">\n<td class=\"column-1\">Bal du Moulin de la Galette par Renoir<\/td>\n<td class=\"column-2\">Orsay &#8211; Paris<\/td>\n<\/tr>\n<\/tbody>\n<\/table>\n<\/div>\n<blockquote class=\"wp-embedded-content\" data-secret=\"RWopucmtr0\"><p><a href=\"https:\/\/oraziopuglisi.art\/index.php\/la-joconde\/\">La Joconde<\/a><\/p><\/blockquote>\n<p><iframe loading=\"lazy\" class=\"wp-embedded-content\" sandbox=\"allow-scripts\" security=\"restricted\" style=\"position: absolute; visibility: hidden;\" title=\"\u00ab\u00a0La Joconde\u00a0\u00bb &#8212; Orazio Puglisi\" src=\"https:\/\/oraziopuglisi.art\/index.php\/la-joconde\/embed\/#?secret=Gqzh7AG7Vl#?secret=RWopucmtr0\" data-secret=\"RWopucmtr0\" width=\"600\" height=\"338\" frameborder=\"0\" marginwidth=\"0\" marginheight=\"0\" scrolling=\"no\"><\/iframe><\/p>\n<blockquote class=\"wp-embedded-content\" data-secret=\"E7EkqXzfIQ\"><p><a href=\"https:\/\/oraziopuglisi.art\/index.php\/guernica\/\">Guernica<\/a><\/p><\/blockquote>\n<p><iframe loading=\"lazy\" class=\"wp-embedded-content\" sandbox=\"allow-scripts\" security=\"restricted\" style=\"position: absolute; visibility: hidden;\" title=\"\u00ab\u00a0Guernica\u00a0\u00bb &#8212; Orazio Puglisi\" src=\"https:\/\/oraziopuglisi.art\/index.php\/guernica\/embed\/#?secret=PE5j5ukckE#?secret=E7EkqXzfIQ\" data-secret=\"E7EkqXzfIQ\" width=\"600\" height=\"338\" frameborder=\"0\" marginwidth=\"0\" marginheight=\"0\" scrolling=\"no\"><\/iframe><\/p>\n<blockquote class=\"wp-embedded-content\" data-secret=\"OxiW9kyeBH\"><p><a href=\"https:\/\/oraziopuglisi.art\/index.php\/la-liberte-guidant-le-peuple\/\">La Libert\u00e9 guidant le Peuple<\/a><\/p><\/blockquote>\n<p><iframe loading=\"lazy\" class=\"wp-embedded-content\" sandbox=\"allow-scripts\" security=\"restricted\" style=\"position: absolute; visibility: hidden;\" title=\"\u00ab\u00a0La Libert\u00e9 guidant le Peuple\u00a0\u00bb &#8212; Orazio Puglisi\" src=\"https:\/\/oraziopuglisi.art\/index.php\/la-liberte-guidant-le-peuple\/embed\/#?secret=LBFSqReidZ#?secret=OxiW9kyeBH\" data-secret=\"OxiW9kyeBH\" width=\"600\" height=\"338\" frameborder=\"0\" marginwidth=\"0\" marginheight=\"0\" scrolling=\"no\"><\/iframe><\/p>\n<blockquote class=\"wp-embedded-content\" data-secret=\"kmu8aAy8Fp\"><p><a href=\"https:\/\/oraziopuglisi.art\/index.php\/le-radeau-de-la-meduse\/\">Le Radeau de la M\u00e9duse<\/a><\/p><\/blockquote>\n<p><iframe loading=\"lazy\" class=\"wp-embedded-content\" sandbox=\"allow-scripts\" security=\"restricted\" style=\"position: absolute; visibility: hidden;\" title=\"\u00ab\u00a0Le Radeau de la M\u00e9duse\u00a0\u00bb &#8212; Orazio Puglisi\" src=\"https:\/\/oraziopuglisi.art\/index.php\/le-radeau-de-la-meduse\/embed\/#?secret=AqomwrAoPj#?secret=kmu8aAy8Fp\" data-secret=\"kmu8aAy8Fp\" width=\"600\" height=\"338\" frameborder=\"0\" marginwidth=\"0\" marginheight=\"0\" scrolling=\"no\"><\/iframe><\/p>\n<blockquote class=\"wp-embedded-content\" data-secret=\"lpikP2NbKx\"><p><a href=\"https:\/\/oraziopuglisi.art\/index.php\/impression-soleil-levant\/\">Impression, soleil levant<\/a><\/p><\/blockquote>\n<p><iframe loading=\"lazy\" class=\"wp-embedded-content\" sandbox=\"allow-scripts\" security=\"restricted\" style=\"position: absolute; visibility: hidden;\" title=\"\u00ab\u00a0Impression, soleil levant\u00a0\u00bb &#8212; Orazio Puglisi\" src=\"https:\/\/oraziopuglisi.art\/index.php\/impression-soleil-levant\/embed\/#?secret=b2DSZP7FWV#?secret=lpikP2NbKx\" data-secret=\"lpikP2NbKx\" width=\"600\" height=\"338\" frameborder=\"0\" marginwidth=\"0\" marginheight=\"0\" scrolling=\"no\"><\/iframe><\/p>\n<blockquote class=\"wp-embedded-content\" data-secret=\"vI0AUhbDZc\"><p><a href=\"https:\/\/oraziopuglisi.art\/index.php\/dejeuner-sur-lherbe\/\">D\u00e9jeuner sur l&rsquo;herbe<\/a><\/p><\/blockquote>\n<p><iframe loading=\"lazy\" class=\"wp-embedded-content\" sandbox=\"allow-scripts\" security=\"restricted\" style=\"position: absolute; visibility: hidden;\" title=\"\u00ab\u00a0D\u00e9jeuner sur l&rsquo;herbe\u00a0\u00bb &#8212; Orazio Puglisi\" src=\"https:\/\/oraziopuglisi.art\/index.php\/dejeuner-sur-lherbe\/embed\/#?secret=b4dO5l3NiH#?secret=vI0AUhbDZc\" data-secret=\"vI0AUhbDZc\" width=\"600\" height=\"338\" frameborder=\"0\" marginwidth=\"0\" marginheight=\"0\" scrolling=\"no\"><\/iframe><\/p>\n<blockquote class=\"wp-embedded-content\" data-secret=\"YUi5wluLPK\"><p><a href=\"https:\/\/oraziopuglisi.art\/index.php\/la-grande-vague-de-kanagawa\/\">La Grande Vague de Kanagawa<\/a><\/p><\/blockquote>\n<p><iframe loading=\"lazy\" class=\"wp-embedded-content\" sandbox=\"allow-scripts\" security=\"restricted\" style=\"position: absolute; visibility: hidden;\" title=\"\u00ab\u00a0La Grande Vague de Kanagawa\u00a0\u00bb &#8212; Orazio Puglisi\" src=\"https:\/\/oraziopuglisi.art\/index.php\/la-grande-vague-de-kanagawa\/embed\/#?secret=cYfwfwFLuX#?secret=YUi5wluLPK\" data-secret=\"YUi5wluLPK\" width=\"600\" height=\"338\" frameborder=\"0\" marginwidth=\"0\" marginheight=\"0\" scrolling=\"no\"><\/iframe><\/p>\n<blockquote class=\"wp-embedded-content\" data-secret=\"AFmK2AnTsY\"><p><a href=\"https:\/\/oraziopuglisi.art\/index.php\/le-cri\/\">Le Cri<\/a><\/p><\/blockquote>\n<p><iframe loading=\"lazy\" class=\"wp-embedded-content\" sandbox=\"allow-scripts\" security=\"restricted\" style=\"position: absolute; visibility: hidden;\" title=\"\u00ab\u00a0Le Cri\u00a0\u00bb &#8212; Orazio Puglisi\" src=\"https:\/\/oraziopuglisi.art\/index.php\/le-cri\/embed\/#?secret=Dg3HFPJ2ee#?secret=AFmK2AnTsY\" data-secret=\"AFmK2AnTsY\" width=\"600\" height=\"338\" frameborder=\"0\" marginwidth=\"0\" marginheight=\"0\" scrolling=\"no\"><\/iframe><\/p>\n<blockquote class=\"wp-embedded-content\" data-secret=\"gnAwJoQNvP\"><p><a href=\"https:\/\/oraziopuglisi.art\/index.php\/les-demoiselles-davignon\/\">Les Demoiselles d\u2019Avignon<\/a><\/p><\/blockquote>\n<p><iframe loading=\"lazy\" class=\"wp-embedded-content\" sandbox=\"allow-scripts\" security=\"restricted\" style=\"position: absolute; visibility: hidden;\" title=\"\u00ab\u00a0Les Demoiselles d\u2019Avignon\u00a0\u00bb &#8212; Orazio Puglisi\" src=\"https:\/\/oraziopuglisi.art\/index.php\/les-demoiselles-davignon\/embed\/#?secret=revsBpAeR2#?secret=gnAwJoQNvP\" data-secret=\"gnAwJoQNvP\" width=\"600\" height=\"338\" frameborder=\"0\" marginwidth=\"0\" marginheight=\"0\" scrolling=\"no\"><\/iframe><\/p>\n<blockquote class=\"wp-embedded-content\" data-secret=\"iIwhsZaCS0\"><p><a href=\"https:\/\/oraziopuglisi.art\/index.php\/la-creation-dadam\/\">La Cr\u00e9ation d\u2019Adam<\/a><\/p><\/blockquote>\n<p><iframe loading=\"lazy\" class=\"wp-embedded-content\" sandbox=\"allow-scripts\" security=\"restricted\" style=\"position: absolute; visibility: hidden;\" title=\"\u00ab\u00a0La Cr\u00e9ation d\u2019Adam\u00a0\u00bb &#8212; Orazio Puglisi\" src=\"https:\/\/oraziopuglisi.art\/index.php\/la-creation-dadam\/embed\/#?secret=eSULQwNWoq#?secret=iIwhsZaCS0\" data-secret=\"iIwhsZaCS0\" width=\"600\" height=\"338\" frameborder=\"0\" marginwidth=\"0\" marginheight=\"0\" scrolling=\"no\"><\/iframe><\/p>\n<blockquote class=\"wp-embedded-content\" data-secret=\"UIhIj6EnZr\"><p><a href=\"https:\/\/oraziopuglisi.art\/index.php\/la-jeune-fille-a-la-perle\/\">La Jeune fille \u00e0 la perle<\/a><\/p><\/blockquote>\n<p><iframe loading=\"lazy\" class=\"wp-embedded-content\" sandbox=\"allow-scripts\" security=\"restricted\" style=\"position: absolute; visibility: hidden;\" title=\"\u00ab\u00a0La Jeune fille \u00e0 la perle\u00a0\u00bb &#8212; Orazio Puglisi\" src=\"https:\/\/oraziopuglisi.art\/index.php\/la-jeune-fille-a-la-perle\/embed\/#?secret=xsusFqEG6Q#?secret=UIhIj6EnZr\" data-secret=\"UIhIj6EnZr\" width=\"600\" height=\"338\" frameborder=\"0\" marginwidth=\"0\" marginheight=\"0\" scrolling=\"no\"><\/iframe><\/p>\n<blockquote class=\"wp-embedded-content\" data-secret=\"qLA8xlrtYW\"><p><a href=\"https:\/\/oraziopuglisi.art\/index.php\/la-cene\/\">La C\u00e8ne<\/a><\/p><\/blockquote>\n<p><iframe loading=\"lazy\" class=\"wp-embedded-content\" sandbox=\"allow-scripts\" security=\"restricted\" style=\"position: absolute; visibility: hidden;\" title=\"\u00ab\u00a0La C\u00e8ne\u00a0\u00bb &#8212; Orazio Puglisi\" src=\"https:\/\/oraziopuglisi.art\/index.php\/la-cene\/embed\/#?secret=mOhvWvEuOw#?secret=qLA8xlrtYW\" data-secret=\"qLA8xlrtYW\" width=\"600\" height=\"338\" frameborder=\"0\" marginwidth=\"0\" marginheight=\"0\" scrolling=\"no\"><\/iframe><\/p>\n<blockquote class=\"wp-embedded-content\" data-secret=\"uKT5TY4wnA\"><p><a href=\"https:\/\/oraziopuglisi.art\/index.php\/la-nuit-etoilee\/\">La Nuit \u00c9toil\u00e9e<\/a><\/p><\/blockquote>\n<p><iframe loading=\"lazy\" class=\"wp-embedded-content\" sandbox=\"allow-scripts\" security=\"restricted\" style=\"position: absolute; visibility: hidden;\" title=\"\u00ab\u00a0La Nuit \u00c9toil\u00e9e\u00a0\u00bb &#8212; Orazio Puglisi\" src=\"https:\/\/oraziopuglisi.art\/index.php\/la-nuit-etoilee\/embed\/#?secret=36PHVT03VJ#?secret=uKT5TY4wnA\" data-secret=\"uKT5TY4wnA\" width=\"600\" height=\"338\" frameborder=\"0\" marginwidth=\"0\" marginheight=\"0\" scrolling=\"no\"><\/iframe><\/p>\n<blockquote class=\"wp-embedded-content\" data-secret=\"6BnkJvWLDC\"><p><a href=\"https:\/\/oraziopuglisi.art\/index.php\/les-epoux-arnolfini\/\">Les \u00c9poux Arnolfini<\/a><\/p><\/blockquote>\n<p><iframe loading=\"lazy\" class=\"wp-embedded-content\" sandbox=\"allow-scripts\" security=\"restricted\" style=\"position: absolute; visibility: hidden;\" title=\"\u00ab\u00a0Les \u00c9poux Arnolfini\u00a0\u00bb &#8212; Orazio Puglisi\" src=\"https:\/\/oraziopuglisi.art\/index.php\/les-epoux-arnolfini\/embed\/#?secret=ee6HlRe5xS#?secret=6BnkJvWLDC\" data-secret=\"6BnkJvWLDC\" width=\"600\" height=\"338\" frameborder=\"0\" marginwidth=\"0\" marginheight=\"0\" scrolling=\"no\"><\/iframe><\/p>\n<blockquote class=\"wp-embedded-content\" data-secret=\"YHGkPTLcfL\"><p><a href=\"https:\/\/oraziopuglisi.art\/index.php\/le-baiser\/\">Le Baiser<\/a><\/p><\/blockquote>\n<p><iframe loading=\"lazy\" class=\"wp-embedded-content\" sandbox=\"allow-scripts\" security=\"restricted\" style=\"position: absolute; visibility: hidden;\" title=\"\u00ab\u00a0Le Baiser\u00a0\u00bb &#8212; Orazio Puglisi\" src=\"https:\/\/oraziopuglisi.art\/index.php\/le-baiser\/embed\/#?secret=Piw45QUIVp#?secret=YHGkPTLcfL\" data-secret=\"YHGkPTLcfL\" width=\"600\" height=\"338\" frameborder=\"0\" marginwidth=\"0\" marginheight=\"0\" scrolling=\"no\"><\/iframe><\/p>\n<blockquote class=\"wp-embedded-content\" data-secret=\"cN50xH4ZhI\"><p><a href=\"https:\/\/oraziopuglisi.art\/index.php\/la-persistance-de-la-memoire\/\">La Persistance de la M\u00e9moire<\/a><\/p><\/blockquote>\n<p><iframe loading=\"lazy\" class=\"wp-embedded-content\" sandbox=\"allow-scripts\" security=\"restricted\" style=\"position: absolute; visibility: hidden;\" title=\"\u00ab\u00a0La Persistance de la M\u00e9moire\u00a0\u00bb &#8212; Orazio Puglisi\" src=\"https:\/\/oraziopuglisi.art\/index.php\/la-persistance-de-la-memoire\/embed\/#?secret=OwpmrKR57L#?secret=cN50xH4ZhI\" data-secret=\"cN50xH4ZhI\" width=\"600\" height=\"338\" frameborder=\"0\" marginwidth=\"0\" marginheight=\"0\" scrolling=\"no\"><\/iframe><\/p>\n<blockquote class=\"wp-embedded-content\" data-secret=\"C8dWOIfaE7\"><p><a href=\"https:\/\/oraziopuglisi.art\/index.php\/american-gothic\/\">American Gothic<\/a><\/p><\/blockquote>\n<p><iframe loading=\"lazy\" class=\"wp-embedded-content\" sandbox=\"allow-scripts\" security=\"restricted\" style=\"position: absolute; visibility: hidden;\" title=\"\u00ab\u00a0American Gothic\u00a0\u00bb &#8212; Orazio Puglisi\" src=\"https:\/\/oraziopuglisi.art\/index.php\/american-gothic\/embed\/#?secret=GmmfcpnRh8#?secret=C8dWOIfaE7\" data-secret=\"C8dWOIfaE7\" width=\"600\" height=\"338\" frameborder=\"0\" marginwidth=\"0\" marginheight=\"0\" scrolling=\"no\"><\/iframe><\/p>\n<blockquote class=\"wp-embedded-content\" data-secret=\"zofczu7LeJ\"><p><a href=\"https:\/\/oraziopuglisi.art\/index.php\/la-naissance-de-venus\/\">La Naissance De V\u00e9nus<\/a><\/p><\/blockquote>\n<p><iframe loading=\"lazy\" class=\"wp-embedded-content\" sandbox=\"allow-scripts\" security=\"restricted\" style=\"position: absolute; visibility: hidden;\" title=\"\u00ab\u00a0La Naissance De V\u00e9nus\u00a0\u00bb &#8212; Orazio Puglisi\" src=\"https:\/\/oraziopuglisi.art\/index.php\/la-naissance-de-venus\/embed\/#?secret=kpDdHE3zCw#?secret=zofczu7LeJ\" data-secret=\"zofczu7LeJ\" width=\"600\" height=\"338\" frameborder=\"0\" marginwidth=\"0\" marginheight=\"0\" scrolling=\"no\"><\/iframe><\/p>\n<blockquote class=\"wp-embedded-content\" data-secret=\"pauKp2sxPP\"><p><a href=\"https:\/\/oraziopuglisi.art\/index.php\/bal-du-moulin-de-la-galette\/\">Bal du Moulin de la Galette<\/a><\/p><\/blockquote>\n<p><iframe loading=\"lazy\" class=\"wp-embedded-content\" sandbox=\"allow-scripts\" security=\"restricted\" style=\"position: absolute; visibility: hidden;\" title=\"\u00ab\u00a0Bal du Moulin de la Galette\u00a0\u00bb &#8212; Orazio Puglisi\" src=\"https:\/\/oraziopuglisi.art\/index.php\/bal-du-moulin-de-la-galette\/embed\/#?secret=G0MVSLR87l#?secret=pauKp2sxPP\" data-secret=\"pauKp2sxPP\" width=\"600\" height=\"338\" frameborder=\"0\" marginwidth=\"0\" marginheight=\"0\" scrolling=\"no\"><\/iframe><\/p>\n<blockquote class=\"wp-embedded-content\" data-secret=\"W3meUXXGux\"><p><a href=\"https:\/\/oraziopuglisi.art\/index.php\/lecole-dathenes\/\">L&rsquo;Ecole d&rsquo;Ath\u00e8nes<\/a><\/p><\/blockquote>\n<p><iframe loading=\"lazy\" class=\"wp-embedded-content\" sandbox=\"allow-scripts\" security=\"restricted\" style=\"position: absolute; visibility: hidden;\" title=\"\u00ab\u00a0L&rsquo;Ecole d&rsquo;Ath\u00e8nes\u00a0\u00bb &#8212; Orazio Puglisi\" src=\"https:\/\/oraziopuglisi.art\/index.php\/lecole-dathenes\/embed\/#?secret=UttI6coc8I#?secret=W3meUXXGux\" data-secret=\"W3meUXXGux\" width=\"600\" height=\"338\" frameborder=\"0\" marginwidth=\"0\" marginheight=\"0\" scrolling=\"no\"><\/iframe><\/p>\n","protected":false},"excerpt":{"rendered":"<p>Image mise en avant :\u00a0L&rsquo;\u00c9cole d&rsquo;Ath\u00e8nes\u00a0est une\u00a0fresque\u00a0(4,40\u00a0\u00d7\u00a07,70\u00a0m) du\u00a0peintre italien\u00a0Rapha\u00ebl, situ\u00e9e dans\u00a0la Chambre de la Sign ature\u00a0des\u00a0mus\u00e9es du Vatican, l&rsquo;une des quatre\u00a0Chambres de Rapha\u00ebl\u00a0(les\u00a0Stanze) situ\u00e9es \u00e0 l&rsquo;int\u00e9rieur du\u00a0palais apostolique. C&rsquo;est l&rsquo;une des \u0153uvres picturales les plus importantes de la Cit\u00e9 du\u00a0Vatican. Cette fresque symbolique pr\u00e9sente les figures majeures de la pens\u00e9e antique.\u00a0C&rsquo;est l&rsquo;\u0153uvre la plus c\u00e9l\u00e8bre [&hellip;]<\/p>\n","protected":false},"author":1,"featured_media":13722,"parent":0,"menu_order":0,"comment_status":"closed","ping_status":"closed","template":"","meta":{"footnotes":""},"class_list":["post-13711","page","type-page","status-publish","has-post-thumbnail","hentry"],"_links":{"self":[{"href":"https:\/\/oraziopuglisi.art\/index.php\/wp-json\/wp\/v2\/pages\/13711","targetHints":{"allow":["GET"]}}],"collection":[{"href":"https:\/\/oraziopuglisi.art\/index.php\/wp-json\/wp\/v2\/pages"}],"about":[{"href":"https:\/\/oraziopuglisi.art\/index.php\/wp-json\/wp\/v2\/types\/page"}],"author":[{"embeddable":true,"href":"https:\/\/oraziopuglisi.art\/index.php\/wp-json\/wp\/v2\/users\/1"}],"replies":[{"embeddable":true,"href":"https:\/\/oraziopuglisi.art\/index.php\/wp-json\/wp\/v2\/comments?post=13711"}],"version-history":[{"count":26,"href":"https:\/\/oraziopuglisi.art\/index.php\/wp-json\/wp\/v2\/pages\/13711\/revisions"}],"predecessor-version":[{"id":13956,"href":"https:\/\/oraziopuglisi.art\/index.php\/wp-json\/wp\/v2\/pages\/13711\/revisions\/13956"}],"wp:featuredmedia":[{"embeddable":true,"href":"https:\/\/oraziopuglisi.art\/index.php\/wp-json\/wp\/v2\/media\/13722"}],"wp:attachment":[{"href":"https:\/\/oraziopuglisi.art\/index.php\/wp-json\/wp\/v2\/media?parent=13711"}],"curies":[{"name":"wp","href":"https:\/\/api.w.org\/{rel}","templated":true}]}}