{"id":13676,"date":"2024-09-23T07:35:56","date_gmt":"2024-09-23T05:35:56","guid":{"rendered":"https:\/\/oraziopuglisi.art\/?page_id=13676"},"modified":"2024-09-24T22:12:20","modified_gmt":"2024-09-24T20:12:20","slug":"les-ecoles-italiennes","status":"publish","type":"page","link":"https:\/\/oraziopuglisi.art\/index.php\/les-ecoles-italiennes\/","title":{"rendered":"Les Ecoles Italiennes"},"content":{"rendered":"<p style=\"text-align: justify;\"><span style=\"font-size: 10px;\"><em><strong>Image mise en avant :<\/strong> <a title=\"Giovanni Bellini\" href=\"https:\/\/fr.wikipedia.org\/wiki\/Giovanni_Bellini\">Giovanni Bellini<\/a>\u00a0: Retable de\u00a0<a title=\"\u00c9glise San Zaccaria\" href=\"https:\/\/fr.wikipedia.org\/wiki\/%C3%89glise_San_Zaccaria\">San Zaccaria<\/a>\u00a0dans le contexte de son autel d&rsquo;origine.La Vierge et l&rsquo;Enfant avec quatre saints.\u00a0<a title=\"Conversation sacr\u00e9e\" href=\"https:\/\/fr.wikipedia.org\/wiki\/Conversation_sacr%C3%A9e\">Conversation sacr\u00e9e<\/a>. 1505. \u00c0 l&rsquo;origine huile sur panneau de bois, actuellement huile transpos\u00e9e sur toile, 500\u00a0\u00d7\u00a0235\u00a0<abbr class=\"abbr\" title=\"centim\u00e8tre\">cm<\/abbr>. Venise<\/em><\/span><\/p>\n<p>&nbsp;<\/p>\n<p>&nbsp;<\/p>\n<form action=\"https:\/\/www.paypal.com\/donate\" method=\"post\" target=\"_top\"><input name=\"hosted_button_id\" type=\"hidden\" value=\"QSSRVLDUKP2MG\" \/> <input title=\"PayPal - The safer, easier way to pay online!\" alt=\"Bouton Faites un don avec PayPal\" name=\"submit\" src=\"https:\/\/www.paypalobjects.com\/fr_FR\/FR\/i\/btn\/btn_donateCC_LG.gif\" type=\"image\" \/><img loading=\"lazy\" decoding=\"async\" src=\"https:\/\/www.paypal.com\/fr_FR\/i\/scr\/pixel.gif\" alt=\"\" width=\"1\" height=\"1\" border=\"0\" \/><img loading=\"lazy\" decoding=\"async\" src=\"https:\/\/www.paypal.com\/fr_FR\/i\/scr\/pixel.gif\" alt=\"\" width=\"1\" height=\"1\" border=\"0\" \/><\/form>\n<form action=\"https:\/\/www.paypal.com\/donate\" method=\"post\" target=\"_top\"><input name=\"hosted_button_id\" type=\"hidden\" value=\"KUYGR8EGYTG64\" \/><\/p>\n<p style=\"text-align: center;\"><span style=\"color: #ff0000;\">Faire un don par Qr Code<\/span><\/p>\n<p style=\"text-align: center;\"><a href=\"http:\/\/xn--vidosechecsenligne-dwb.com\/wp-content\/uploads\/2022\/05\/QR-code.png\"><img loading=\"lazy\" decoding=\"async\" class=\"alignnone size-full wp-image-36569\" src=\"http:\/\/xn--vidosechecsenligne-dwb.com\/wp-content\/uploads\/2022\/05\/QR-code.png\" alt=\"\" width=\"192\" height=\"192\" \/><\/a><\/p>\n<p style=\"text-align: center;\"><a href=\"https:\/\/www.amazon.fr\/Livres-Orazio-Puglisi\/s?rh=n%3A301061%2Cp_27%3AOrazio+Puglisi\">Achetez mes livres <\/a><\/p>\n<p>&nbsp;<\/p>\n<p>&nbsp;<\/p>\n<p style=\"text-align: center;\">Virement bancaire<\/p>\n<\/form>\n<form action=\"https:\/\/www.paypal.com\/cgi-bin\/webscr\" method=\"post\" target=\"_top\">\n<p style=\"text-align: center;\"><span style=\"font-family: 'book antiqua', palatino, serif;\">IBAN FR81 2004 1010 0820 6402 0P02 955<\/span><\/p>\n<p style=\"text-align: center;\"><span style=\"font-family: 'book antiqua', palatino, serif;\">BIC PSSTFRPPMAR<\/span><\/p>\n<p style=\"text-align: center;\"><span style=\"font-family: 'book antiqua', palatino, serif;\">Orazio Puglisi<\/span><\/p>\n<p style=\"text-align: center;\"><span style=\"font-family: 'book antiqua', palatino, serif;\">06 14 35 15 52<\/span><\/p>\n<p style=\"text-align: center;\"><span style=\"font-family: 'book antiqua', palatino, serif;\"><a href=\"mailto:oraziopuglisi@gmail.com\">oraziopuglisi@gmail.com<\/a><\/span><\/p>\n<p style=\"text-align: center;\"><span style=\"font-family: 'book antiqua', palatino, serif;\"><a href=\"mailto:puglisiorazio@wanadoo.fr\">puglisiorazio@wanadoo.fr<\/a><\/span><\/p>\n<\/form>\n<form action=\"https:\/\/www.paypal.com\/cgi-bin\/webscr\" method=\"post\" target=\"_top\">\n<p style=\"text-align: center;\"><span style=\"font-family: 'book antiqua', palatino, serif;\"><input name=\"cmd\" type=\"hidden\" value=\"_s-xclick\" \/><\/span><\/p>\n<p style=\"text-align: center;\"><span style=\"font-family: 'book antiqua', palatino, serif;\"><input name=\"hosted_button_id\" type=\"hidden\" value=\"B9KUAAXX2KE3G\" \/><\/span><\/p>\n<p><span style=\"font-family: 'book antiqua', palatino, serif;\"><img loading=\"lazy\" decoding=\"async\" class=\"aligncenter\" src=\"https:\/\/www.paypalobjects.com\/fr_FR\/i\/scr\/pixel.gif\" alt=\"\" width=\"1\" height=\"1\" border=\"0\" \/><\/span><\/p>\n<p style=\"text-align: justify;\">Certains des peintres \u0153uvrant en Italie peuvent \u00eatre issus d&rsquo;<a title=\"\u00c9coles italiennes de peinture\" href=\"https:\/\/fr.wikipedia.org\/wiki\/%C3%89coles_italiennes_de_peinture\">\u00e9coles italiennes de peinture<\/a>, locales, ce qui a \u00e9t\u00e9 largement le cas depuis la\u00a0<a title=\"Renaissance italienne\" href=\"https:\/\/fr.wikipedia.org\/wiki\/Renaissance_italienne\">Renaissance italienne<\/a>, dont les principales sont\u00a0:<\/p>\n<blockquote class=\"wp-embedded-content\" data-secret=\"KK1qkquIh9\"><p><a href=\"https:\/\/oraziopuglisi.art\/index.php\/ecole-florentine\/\">Ecole Florentine<\/a><\/p><\/blockquote>\n<p><iframe loading=\"lazy\" class=\"wp-embedded-content\" sandbox=\"allow-scripts\" security=\"restricted\" style=\"position: absolute; visibility: hidden;\" title=\"\u00ab\u00a0Ecole Florentine\u00a0\u00bb &#8212; Orazio Puglisi\" src=\"https:\/\/oraziopuglisi.art\/index.php\/ecole-florentine\/embed\/#?secret=q2ODSW58WA#?secret=KK1qkquIh9\" data-secret=\"KK1qkquIh9\" width=\"600\" height=\"338\" frameborder=\"0\" marginwidth=\"0\" marginheight=\"0\" scrolling=\"no\"><\/iframe><\/p>\n<blockquote class=\"wp-embedded-content\" data-secret=\"I7XUCFjBF2\"><p><a href=\"https:\/\/oraziopuglisi.art\/index.php\/ecole-venitienne\/\">Ecole V\u00e9nitienne<\/a><\/p><\/blockquote>\n<p><iframe loading=\"lazy\" class=\"wp-embedded-content\" sandbox=\"allow-scripts\" security=\"restricted\" style=\"position: absolute; visibility: hidden;\" title=\"\u00ab\u00a0Ecole V\u00e9nitienne\u00a0\u00bb &#8212; Orazio Puglisi\" src=\"https:\/\/oraziopuglisi.art\/index.php\/ecole-venitienne\/embed\/#?secret=os6CiWiqRC#?secret=I7XUCFjBF2\" data-secret=\"I7XUCFjBF2\" width=\"600\" height=\"338\" frameborder=\"0\" marginwidth=\"0\" marginheight=\"0\" scrolling=\"no\"><\/iframe><\/p>\n<blockquote class=\"wp-embedded-content\" data-secret=\"mQdT7WkA7x\"><p><a href=\"https:\/\/oraziopuglisi.art\/index.php\/ecole-veronaise\/\">Ecole V\u00e9ronaise<\/a><\/p><\/blockquote>\n<p><iframe loading=\"lazy\" class=\"wp-embedded-content\" sandbox=\"allow-scripts\" security=\"restricted\" style=\"position: absolute; visibility: hidden;\" title=\"\u00ab\u00a0Ecole V\u00e9ronaise\u00a0\u00bb &#8212; Orazio Puglisi\" src=\"https:\/\/oraziopuglisi.art\/index.php\/ecole-veronaise\/embed\/#?secret=scgvm0Gwtc#?secret=mQdT7WkA7x\" data-secret=\"mQdT7WkA7x\" width=\"600\" height=\"338\" frameborder=\"0\" marginwidth=\"0\" marginheight=\"0\" scrolling=\"no\"><\/iframe><\/p>\n<blockquote class=\"wp-embedded-content\" data-secret=\"xkwGocTDum\"><p><a href=\"https:\/\/oraziopuglisi.art\/index.php\/ecole-de-ferrare\/\">Ecole de Ferrare<\/a><\/p><\/blockquote>\n<p><iframe loading=\"lazy\" class=\"wp-embedded-content\" sandbox=\"allow-scripts\" security=\"restricted\" style=\"position: absolute; visibility: hidden;\" title=\"\u00ab\u00a0Ecole de Ferrare\u00a0\u00bb &#8212; Orazio Puglisi\" src=\"https:\/\/oraziopuglisi.art\/index.php\/ecole-de-ferrare\/embed\/#?secret=8ueIdPfP93#?secret=xkwGocTDum\" data-secret=\"xkwGocTDum\" width=\"600\" height=\"338\" frameborder=\"0\" marginwidth=\"0\" marginheight=\"0\" scrolling=\"no\"><\/iframe><\/p>\n<blockquote class=\"wp-embedded-content\" data-secret=\"cmbRunjWkq\"><p><a href=\"https:\/\/oraziopuglisi.art\/index.php\/ecole-romaine\/\">Ecole Romaine<\/a><\/p><\/blockquote>\n<p><iframe loading=\"lazy\" class=\"wp-embedded-content\" sandbox=\"allow-scripts\" security=\"restricted\" style=\"position: absolute; visibility: hidden;\" title=\"\u00ab\u00a0Ecole Romaine\u00a0\u00bb &#8212; Orazio Puglisi\" src=\"https:\/\/oraziopuglisi.art\/index.php\/ecole-romaine\/embed\/#?secret=uLxQDroLSW#?secret=cmbRunjWkq\" data-secret=\"cmbRunjWkq\" width=\"600\" height=\"338\" frameborder=\"0\" marginwidth=\"0\" marginheight=\"0\" scrolling=\"no\"><\/iframe><\/p>\n<blockquote class=\"wp-embedded-content\" data-secret=\"oBoM7iOiVZ\"><p><a href=\"https:\/\/oraziopuglisi.art\/index.php\/ecole-siennoise\/\">Ecole Siennoise<\/a><\/p><\/blockquote>\n<p><iframe loading=\"lazy\" class=\"wp-embedded-content\" sandbox=\"allow-scripts\" security=\"restricted\" style=\"position: absolute; visibility: hidden;\" title=\"\u00ab\u00a0Ecole Siennoise\u00a0\u00bb &#8212; Orazio Puglisi\" src=\"https:\/\/oraziopuglisi.art\/index.php\/ecole-siennoise\/embed\/#?secret=0RL7XT3uJI#?secret=oBoM7iOiVZ\" data-secret=\"oBoM7iOiVZ\" width=\"600\" height=\"338\" frameborder=\"0\" marginwidth=\"0\" marginheight=\"0\" scrolling=\"no\"><\/iframe><\/p>\n<blockquote class=\"wp-embedded-content\" data-secret=\"mfx1J3FrWT\"><p><a href=\"https:\/\/oraziopuglisi.art\/index.php\/ecole-lombarde\/\">Ecole Lombarde<\/a><\/p><\/blockquote>\n<p><iframe loading=\"lazy\" class=\"wp-embedded-content\" sandbox=\"allow-scripts\" security=\"restricted\" style=\"position: absolute; visibility: hidden;\" title=\"\u00ab\u00a0Ecole Lombarde\u00a0\u00bb &#8212; Orazio Puglisi\" src=\"https:\/\/oraziopuglisi.art\/index.php\/ecole-lombarde\/embed\/#?secret=dYTPDTQy2S#?secret=mfx1J3FrWT\" data-secret=\"mfx1J3FrWT\" width=\"600\" height=\"338\" frameborder=\"0\" marginwidth=\"0\" marginheight=\"0\" scrolling=\"no\"><\/iframe><\/p>\n<blockquote class=\"wp-embedded-content\" data-secret=\"ehJQc5455C\"><p><a href=\"https:\/\/oraziopuglisi.art\/index.php\/ecole-genoise\/\">Ecole G\u00e9noise<\/a><\/p><\/blockquote>\n<p><iframe loading=\"lazy\" class=\"wp-embedded-content\" sandbox=\"allow-scripts\" security=\"restricted\" style=\"position: absolute; visibility: hidden;\" title=\"\u00ab\u00a0Ecole G\u00e9noise\u00a0\u00bb &#8212; Orazio Puglisi\" src=\"https:\/\/oraziopuglisi.art\/index.php\/ecole-genoise\/embed\/#?secret=97HHVXGnMD#?secret=ehJQc5455C\" data-secret=\"ehJQc5455C\" width=\"600\" height=\"338\" frameborder=\"0\" marginwidth=\"0\" marginheight=\"0\" scrolling=\"no\"><\/iframe><\/p>\n<blockquote class=\"wp-embedded-content\" data-secret=\"8VwsAvzxeu\"><p><a href=\"https:\/\/oraziopuglisi.art\/index.php\/ecole-de-parme\/\">Ecole de Parme<\/a><\/p><\/blockquote>\n<p><iframe loading=\"lazy\" class=\"wp-embedded-content\" sandbox=\"allow-scripts\" security=\"restricted\" style=\"position: absolute; visibility: hidden;\" title=\"\u00ab\u00a0Ecole de Parme\u00a0\u00bb &#8212; Orazio Puglisi\" src=\"https:\/\/oraziopuglisi.art\/index.php\/ecole-de-parme\/embed\/#?secret=ffHsx9Re5j#?secret=8VwsAvzxeu\" data-secret=\"8VwsAvzxeu\" width=\"600\" height=\"338\" frameborder=\"0\" marginwidth=\"0\" marginheight=\"0\" scrolling=\"no\"><\/iframe><\/p>\n<blockquote class=\"wp-embedded-content\" data-secret=\"euPiQPG5ev\"><p><a href=\"https:\/\/oraziopuglisi.art\/index.php\/ecole-de-mantoue\/\">Ecole de Mantoue<\/a><\/p><\/blockquote>\n<p><iframe loading=\"lazy\" class=\"wp-embedded-content\" sandbox=\"allow-scripts\" security=\"restricted\" style=\"position: absolute; visibility: hidden;\" title=\"\u00ab\u00a0Ecole de Mantoue\u00a0\u00bb &#8212; Orazio Puglisi\" src=\"https:\/\/oraziopuglisi.art\/index.php\/ecole-de-mantoue\/embed\/#?secret=n1FEFjyqwJ#?secret=euPiQPG5ev\" data-secret=\"euPiQPG5ev\" width=\"600\" height=\"338\" frameborder=\"0\" marginwidth=\"0\" marginheight=\"0\" scrolling=\"no\"><\/iframe><\/p>\n<blockquote class=\"wp-embedded-content\" data-secret=\"5i7jRGkof2\"><p><a href=\"https:\/\/oraziopuglisi.art\/index.php\/ecole-de-cremone\/\">Ecole de Cr\u00e9mone<\/a><\/p><\/blockquote>\n<p><iframe loading=\"lazy\" class=\"wp-embedded-content\" sandbox=\"allow-scripts\" security=\"restricted\" style=\"position: absolute; visibility: hidden;\" title=\"\u00ab\u00a0Ecole de Cr\u00e9mone\u00a0\u00bb &#8212; Orazio Puglisi\" src=\"https:\/\/oraziopuglisi.art\/index.php\/ecole-de-cremone\/embed\/#?secret=4rW9kuGYlQ#?secret=5i7jRGkof2\" data-secret=\"5i7jRGkof2\" width=\"600\" height=\"338\" frameborder=\"0\" marginwidth=\"0\" marginheight=\"0\" scrolling=\"no\"><\/iframe><\/p>\n<blockquote class=\"wp-embedded-content\" data-secret=\"0hQ4LarsXQ\"><p><a href=\"https:\/\/oraziopuglisi.art\/index.php\/ecole-de-bologne\/\">Ecole de Bologne<\/a><\/p><\/blockquote>\n<p><iframe loading=\"lazy\" class=\"wp-embedded-content\" sandbox=\"allow-scripts\" security=\"restricted\" style=\"position: absolute; visibility: hidden;\" title=\"\u00ab\u00a0Ecole de Bologne\u00a0\u00bb &#8212; Orazio Puglisi\" src=\"https:\/\/oraziopuglisi.art\/index.php\/ecole-de-bologne\/embed\/#?secret=4GGGuQ27Hu#?secret=0hQ4LarsXQ\" data-secret=\"0hQ4LarsXQ\" width=\"600\" height=\"338\" frameborder=\"0\" marginwidth=\"0\" marginheight=\"0\" scrolling=\"no\"><\/iframe><\/p>\n<blockquote class=\"wp-embedded-content\" data-secret=\"DPphMPoRt4\"><p><a href=\"https:\/\/oraziopuglisi.art\/index.php\/ecole-de-forli\/\">Ecole de Forli<\/a><\/p><\/blockquote>\n<p><iframe loading=\"lazy\" class=\"wp-embedded-content\" sandbox=\"allow-scripts\" security=\"restricted\" style=\"position: absolute; visibility: hidden;\" title=\"\u00ab\u00a0Ecole de Forli\u00a0\u00bb &#8212; Orazio Puglisi\" src=\"https:\/\/oraziopuglisi.art\/index.php\/ecole-de-forli\/embed\/#?secret=RHxUI9y4z0#?secret=DPphMPoRt4\" data-secret=\"DPphMPoRt4\" width=\"600\" height=\"338\" frameborder=\"0\" marginwidth=\"0\" marginheight=\"0\" scrolling=\"no\"><\/iframe><\/p>\n<blockquote class=\"wp-embedded-content\" data-secret=\"qcrYXxEBB3\"><p><a href=\"https:\/\/oraziopuglisi.art\/index.php\/ecole-ombrienne\/\">Ecole Ombrienne<\/a><\/p><\/blockquote>\n<p><iframe loading=\"lazy\" class=\"wp-embedded-content\" sandbox=\"allow-scripts\" security=\"restricted\" style=\"position: absolute; visibility: hidden;\" title=\"\u00ab\u00a0Ecole Ombrienne\u00a0\u00bb &#8212; Orazio Puglisi\" src=\"https:\/\/oraziopuglisi.art\/index.php\/ecole-ombrienne\/embed\/#?secret=g25GrTVEJt#?secret=qcrYXxEBB3\" data-secret=\"qcrYXxEBB3\" width=\"600\" height=\"338\" frameborder=\"0\" marginwidth=\"0\" marginheight=\"0\" scrolling=\"no\"><\/iframe><\/p>\n<blockquote class=\"wp-embedded-content\" data-secret=\"y0GvzZ6Tvg\"><p><a href=\"https:\/\/oraziopuglisi.art\/index.php\/ecole-napolitaine\/\">Ecole Napolitaine<\/a><\/p><\/blockquote>\n<p><iframe loading=\"lazy\" class=\"wp-embedded-content\" sandbox=\"allow-scripts\" security=\"restricted\" style=\"position: absolute; visibility: hidden;\" title=\"\u00ab\u00a0Ecole Napolitaine\u00a0\u00bb &#8212; Orazio Puglisi\" src=\"https:\/\/oraziopuglisi.art\/index.php\/ecole-napolitaine\/embed\/#?secret=dV0f4TjZah#?secret=y0GvzZ6Tvg\" data-secret=\"y0GvzZ6Tvg\" width=\"600\" height=\"338\" frameborder=\"0\" marginwidth=\"0\" marginheight=\"0\" scrolling=\"no\"><\/iframe><\/p>\n<p>&nbsp;<\/p>\n<div class=\"colonnes\">\n<ul>\n<li><a title=\"\u00c9cole florentine\" href=\"https:\/\/fr.wikipedia.org\/wiki\/%C3%89cole_florentine\">\u00c9cole florentine<\/a><\/li>\n<li><a title=\"\u00c9cole v\u00e9nitienne (peinture)\" href=\"https:\/\/fr.wikipedia.org\/wiki\/%C3%89cole_v%C3%A9nitienne_(peinture)\">\u00c9cole v\u00e9nitienne<\/a><\/li>\n<li><a title=\"\u00c9cole v\u00e9ronaise\" href=\"https:\/\/fr.wikipedia.org\/wiki\/%C3%89cole_v%C3%A9ronaise\">\u00c9cole v\u00e9ronaise<\/a><\/li>\n<li><a title=\"\u00c9cole de Ferrare\" href=\"https:\/\/fr.wikipedia.org\/wiki\/%C3%89cole_de_Ferrare\">\u00c9cole de Ferrare<\/a><\/li>\n<li><a title=\"\u00c9cole romaine de peinture\" href=\"https:\/\/fr.wikipedia.org\/wiki\/%C3%89cole_romaine_de_peinture\">\u00c9cole romaine<\/a><\/li>\n<li><a title=\"\u00c9cole siennoise\" href=\"https:\/\/fr.wikipedia.org\/wiki\/%C3%89cole_siennoise\">\u00c9cole siennoise<\/a><\/li>\n<li><a title=\"\u00c9cole lombarde\" href=\"https:\/\/fr.wikipedia.org\/wiki\/%C3%89cole_lombarde\">\u00c9cole lombarde<\/a><\/li>\n<li><a title=\"\u00c9cole g\u00e9noise de peinture\" href=\"https:\/\/fr.wikipedia.org\/wiki\/%C3%89cole_g%C3%A9noise_de_peinture\">\u00c9cole g\u00e9noise<\/a><\/li>\n<li><a title=\"\u00c9cole de Parme\" href=\"https:\/\/fr.wikipedia.org\/wiki\/%C3%89cole_de_Parme\">\u00c9cole de Parme<\/a><\/li>\n<li><a title=\"\u00c9cole de Mantoue\" href=\"https:\/\/fr.wikipedia.org\/wiki\/%C3%89cole_de_Mantoue\">\u00c9cole de Mantoue<\/a><\/li>\n<li><a title=\"\u00c9cole de Cr\u00e9mone\" href=\"https:\/\/fr.wikipedia.org\/wiki\/%C3%89cole_de_Cr%C3%A9mone\">\u00c9cole de Cr\u00e9mone<\/a><\/li>\n<li><a title=\"\u00c9cole de peinture de Bologne\" href=\"https:\/\/fr.wikipedia.org\/wiki\/%C3%89cole_de_peinture_de_Bologne\">\u00c9cole de Bologne<\/a><\/li>\n<li><a title=\"\u00c9cole de Forl\u00ec\" href=\"https:\/\/fr.wikipedia.org\/wiki\/%C3%89cole_de_Forl%C3%AC\">\u00c9cole de Forl\u00ec<\/a><\/li>\n<li><a title=\"\u00c9cole ombrienne\" href=\"https:\/\/fr.wikipedia.org\/wiki\/%C3%89cole_ombrienne\">\u00c9cole ombrienne<\/a><\/li>\n<li><a title=\"\u00c9cole napolitaine de peinture\" href=\"https:\/\/fr.wikipedia.org\/wiki\/%C3%89cole_napolitaine_de_peinture\">\u00c9cole napolitaine<\/a><\/li>\n<\/ul>\n<\/div>\n<div class=\"bandeau-container bandeau-section metadata bandeau-niveau-information\">\n<div>\u00a0<\/div>\n<div>\u00a0<\/div>\n<div class=\"bandeau-cell bandeau-icone-css loupe\">Article d\u00e9taill\u00e9\u00a0:\u00a0<a title=\"\u00c9coles italiennes de peinture\" href=\"https:\/\/fr.wikipedia.org\/wiki\/%C3%89coles_italiennes_de_peinture\">\u00c9coles italiennes de peinture<\/a>.<\/div>\n<\/div>\n<\/form>\n","protected":false},"excerpt":{"rendered":"<p>Image mise en avant : Giovanni Bellini\u00a0: Retable de\u00a0San Zaccaria\u00a0dans le contexte de son autel d&rsquo;origine.La Vierge et l&rsquo;Enfant avec quatre saints.\u00a0Conversation sacr\u00e9e. 1505. \u00c0 l&rsquo;origine huile sur panneau de bois, actuellement huile transpos\u00e9e sur toile, 500\u00a0\u00d7\u00a0235\u00a0cm. Venise &nbsp; &nbsp; Faire un don par Qr Code Achetez mes livres &nbsp; &nbsp; Virement bancaire IBAN FR81 [&hellip;]<\/p>\n","protected":false},"author":1,"featured_media":13680,"parent":0,"menu_order":0,"comment_status":"closed","ping_status":"closed","template":"","meta":{"footnotes":""},"class_list":["post-13676","page","type-page","status-publish","has-post-thumbnail","hentry"],"_links":{"self":[{"href":"https:\/\/oraziopuglisi.art\/index.php\/wp-json\/wp\/v2\/pages\/13676","targetHints":{"allow":["GET"]}}],"collection":[{"href":"https:\/\/oraziopuglisi.art\/index.php\/wp-json\/wp\/v2\/pages"}],"about":[{"href":"https:\/\/oraziopuglisi.art\/index.php\/wp-json\/wp\/v2\/types\/page"}],"author":[{"embeddable":true,"href":"https:\/\/oraziopuglisi.art\/index.php\/wp-json\/wp\/v2\/users\/1"}],"replies":[{"embeddable":true,"href":"https:\/\/oraziopuglisi.art\/index.php\/wp-json\/wp\/v2\/comments?post=13676"}],"version-history":[{"count":22,"href":"https:\/\/oraziopuglisi.art\/index.php\/wp-json\/wp\/v2\/pages\/13676\/revisions"}],"predecessor-version":[{"id":14118,"href":"https:\/\/oraziopuglisi.art\/index.php\/wp-json\/wp\/v2\/pages\/13676\/revisions\/14118"}],"wp:featuredmedia":[{"embeddable":true,"href":"https:\/\/oraziopuglisi.art\/index.php\/wp-json\/wp\/v2\/media\/13680"}],"wp:attachment":[{"href":"https:\/\/oraziopuglisi.art\/index.php\/wp-json\/wp\/v2\/media?parent=13676"}],"curies":[{"name":"wp","href":"https:\/\/api.w.org\/{rel}","templated":true}]}}