{"id":13540,"date":"2024-09-23T00:13:49","date_gmt":"2024-09-22T22:13:49","guid":{"rendered":"https:\/\/oraziopuglisi.art\/?page_id=13540"},"modified":"2024-09-23T07:28:40","modified_gmt":"2024-09-23T05:28:40","slug":"alessandra-bisi","status":"publish","type":"page","link":"https:\/\/oraziopuglisi.art\/index.php\/alessandra-bisi\/","title":{"rendered":"Alessandra Bisi"},"content":{"rendered":"<div id=\"biography\" class=\"section-biography\">\n<div class=\"section-biography__descriptions\">\n<div class=\"section-biography__biography description-see-more\">\n<div data-limit=\"200\">\n<p style=\"text-align: justify;\"><a href=\"https:\/\/www.saatchiart.com\/en-fr\/Alebis\">Alessandra Bisi<\/a> est n\u00e9e \u00e0 Milan en 1965. Elle fr\u00e9quente l&rsquo;\u00e9cole d&rsquo;art Hayech et obtient un dipl\u00f4me de peinture \u00e0 l&rsquo;Acad\u00e9mie des Beaux Arts de Milan. Ensuite, elle a particip\u00e9 \u00e0 un cours de design de deux ans \u00e0 l&rsquo;Institut des Arts et des Sciences (Milan). De 1987 \u00e0 1997, elle a voyag\u00e9 plusieurs fois pour en apprendre davantage sur d&rsquo;autres cultures (Inde, Indon\u00e9sie, Afrique, Moyen-Orient, America Centrale). Les expositions personnelles qui ont suscit\u00e9 un int\u00e9r\u00eat particulier sont: en 1995 \u00e0 Rabat (Maroc), dans l&rsquo;une des grandes salles du palais du roi Hassan II; en 1997 au Cin\u00e9ma Anteo de Milan; en 1998 \u00e0 la Galerie Meridiana de Plaisance; en 2000 \u00e0 l&rsquo;espace Pestalozzi \u00e0 Milan; en 2002 au Studio Two de Venise; en 2003 elle expose \u00e0 la Limonaia de Villa Rusconi \u00e0 Castano Primo; dans le cercle de Desio en 2004; en 2005 le Space Groff et le plus important collectif C.di Milano.<\/p>\n<p style=\"text-align: justify;\">Son travail fera souvent \u00e9merger des souvenirs et des suggestions coloristiques absorb\u00e9s et m\u00e9tabolis\u00e9s dans ces parcours d&rsquo;\u00e9tudes et de connaissances. R\u00e9cemment, ses \u0153uvres mettent en lumi\u00e8re l&rsquo;\u00e9clat des pays m\u00e9diterran\u00e9ens et tropicaux, dont l&rsquo;esprit a \u00e9t\u00e9 ravi. Il y a plusieurs expositions personnelles et collectives dans des villes italiennes et \u00e9trang\u00e8res.<\/p>\n<\/div>\n<\/div>\n<\/div>\n<\/div>\n<div class=\"section-about\">\n<div class=\"about\">\n<div class=\"about__block\">\n<div class=\"about__block__item mb-20\">\n<div class=\"about__block__item__description\"><a href=\"https:\/\/www.artsper.com\/fr\/artistes-contemporains\/italie\">Artistes Italiens<\/a><\/div>\n<\/div>\n<\/div>\n<\/div>\n<\/div>\n<div class=\"about__block__item mb-20\">\u00a0<\/div>\n<div>\u00a0<\/div>\n<div>\u00a0<\/div>\n<div><img loading=\"lazy\" decoding=\"async\" class=\"alignnone size-full wp-image-13642\" src=\"http:\/\/oraziopuglisi.art\/wp-content\/uploads\/2024\/09\/275005_1_grid@2x.jpg\" alt=\"\" width=\"520\" height=\"1591\" srcset=\"https:\/\/oraziopuglisi.art\/wp-content\/uploads\/2024\/09\/275005_1_grid@2x.jpg 520w, https:\/\/oraziopuglisi.art\/wp-content\/uploads\/2024\/09\/275005_1_grid@2x-98x300.jpg 98w, https:\/\/oraziopuglisi.art\/wp-content\/uploads\/2024\/09\/275005_1_grid@2x-335x1024.jpg 335w, https:\/\/oraziopuglisi.art\/wp-content\/uploads\/2024\/09\/275005_1_grid@2x-502x1536.jpg 502w, https:\/\/oraziopuglisi.art\/wp-content\/uploads\/2024\/09\/275005_1_grid@2x-508x1554.jpg 508w\" sizes=\"auto, (max-width: 520px) 100vw, 520px\" \/> <img loading=\"lazy\" decoding=\"async\" class=\"alignnone size-full wp-image-13643\" src=\"http:\/\/oraziopuglisi.art\/wp-content\/uploads\/2024\/09\/279445_1_grid@2x.jpg\" alt=\"\" width=\"520\" height=\"715\" srcset=\"https:\/\/oraziopuglisi.art\/wp-content\/uploads\/2024\/09\/279445_1_grid@2x.jpg 520w, https:\/\/oraziopuglisi.art\/wp-content\/uploads\/2024\/09\/279445_1_grid@2x-218x300.jpg 218w, https:\/\/oraziopuglisi.art\/wp-content\/uploads\/2024\/09\/279445_1_grid@2x-508x699.jpg 508w\" sizes=\"auto, (max-width: 520px) 100vw, 520px\" \/> <img loading=\"lazy\" decoding=\"async\" class=\"alignnone size-full wp-image-13644\" src=\"http:\/\/oraziopuglisi.art\/wp-content\/uploads\/2024\/09\/294574_1_grid@2x.jpg\" alt=\"\" width=\"520\" height=\"737\" srcset=\"https:\/\/oraziopuglisi.art\/wp-content\/uploads\/2024\/09\/294574_1_grid@2x.jpg 520w, https:\/\/oraziopuglisi.art\/wp-content\/uploads\/2024\/09\/294574_1_grid@2x-212x300.jpg 212w, https:\/\/oraziopuglisi.art\/wp-content\/uploads\/2024\/09\/294574_1_grid@2x-508x720.jpg 508w\" sizes=\"auto, (max-width: 520px) 100vw, 520px\" \/> <img loading=\"lazy\" decoding=\"async\" class=\"alignnone size-full wp-image-13645\" src=\"http:\/\/oraziopuglisi.art\/wp-content\/uploads\/2024\/09\/347599_1_grid@2x.jpg\" alt=\"\" width=\"520\" height=\"719\" srcset=\"https:\/\/oraziopuglisi.art\/wp-content\/uploads\/2024\/09\/347599_1_grid@2x.jpg 520w, https:\/\/oraziopuglisi.art\/wp-content\/uploads\/2024\/09\/347599_1_grid@2x-217x300.jpg 217w, https:\/\/oraziopuglisi.art\/wp-content\/uploads\/2024\/09\/347599_1_grid@2x-508x702.jpg 508w\" sizes=\"auto, (max-width: 520px) 100vw, 520px\" \/> <img loading=\"lazy\" decoding=\"async\" class=\"alignnone size-full wp-image-13646\" src=\"http:\/\/oraziopuglisi.art\/wp-content\/uploads\/2024\/09\/422493_1_grid@2x.jpg\" alt=\"\" width=\"520\" height=\"433\" srcset=\"https:\/\/oraziopuglisi.art\/wp-content\/uploads\/2024\/09\/422493_1_grid@2x.jpg 520w, https:\/\/oraziopuglisi.art\/wp-content\/uploads\/2024\/09\/422493_1_grid@2x-300x250.jpg 300w, https:\/\/oraziopuglisi.art\/wp-content\/uploads\/2024\/09\/422493_1_grid@2x-508x423.jpg 508w\" sizes=\"auto, (max-width: 520px) 100vw, 520px\" \/> <img loading=\"lazy\" decoding=\"async\" class=\"alignnone size-full wp-image-13647\" src=\"http:\/\/oraziopuglisi.art\/wp-content\/uploads\/2024\/09\/440277_1_grid@2x.jpg\" alt=\"\" width=\"520\" height=\"539\" srcset=\"https:\/\/oraziopuglisi.art\/wp-content\/uploads\/2024\/09\/440277_1_grid@2x.jpg 520w, https:\/\/oraziopuglisi.art\/wp-content\/uploads\/2024\/09\/440277_1_grid@2x-289x300.jpg 289w, https:\/\/oraziopuglisi.art\/wp-content\/uploads\/2024\/09\/440277_1_grid@2x-508x527.jpg 508w\" sizes=\"auto, (max-width: 520px) 100vw, 520px\" \/> <img loading=\"lazy\" decoding=\"async\" class=\"alignnone size-full wp-image-13648\" src=\"http:\/\/oraziopuglisi.art\/wp-content\/uploads\/2024\/09\/458353_1_grid@2x.jpg\" alt=\"\" width=\"520\" height=\"685\" srcset=\"https:\/\/oraziopuglisi.art\/wp-content\/uploads\/2024\/09\/458353_1_grid@2x.jpg 520w, https:\/\/oraziopuglisi.art\/wp-content\/uploads\/2024\/09\/458353_1_grid@2x-228x300.jpg 228w, https:\/\/oraziopuglisi.art\/wp-content\/uploads\/2024\/09\/458353_1_grid@2x-508x669.jpg 508w\" sizes=\"auto, (max-width: 520px) 100vw, 520px\" \/> <img loading=\"lazy\" decoding=\"async\" class=\"alignnone size-full wp-image-13649\" src=\"http:\/\/oraziopuglisi.art\/wp-content\/uploads\/2024\/09\/571152_1_grid@2x.jpg\" alt=\"\" width=\"520\" height=\"720\" srcset=\"https:\/\/oraziopuglisi.art\/wp-content\/uploads\/2024\/09\/571152_1_grid@2x.jpg 520w, https:\/\/oraziopuglisi.art\/wp-content\/uploads\/2024\/09\/571152_1_grid@2x-217x300.jpg 217w, https:\/\/oraziopuglisi.art\/wp-content\/uploads\/2024\/09\/571152_1_grid@2x-508x703.jpg 508w\" sizes=\"auto, (max-width: 520px) 100vw, 520px\" \/> <img loading=\"lazy\" decoding=\"async\" class=\"alignnone size-full wp-image-13650\" src=\"http:\/\/oraziopuglisi.art\/wp-content\/uploads\/2024\/09\/600000_1_grid@2x.jpg\" alt=\"\" width=\"520\" height=\"649\" srcset=\"https:\/\/oraziopuglisi.art\/wp-content\/uploads\/2024\/09\/600000_1_grid@2x.jpg 520w, https:\/\/oraziopuglisi.art\/wp-content\/uploads\/2024\/09\/600000_1_grid@2x-240x300.jpg 240w, https:\/\/oraziopuglisi.art\/wp-content\/uploads\/2024\/09\/600000_1_grid@2x-508x634.jpg 508w\" sizes=\"auto, (max-width: 520px) 100vw, 520px\" \/> <img loading=\"lazy\" decoding=\"async\" class=\"alignnone size-full wp-image-13651\" src=\"http:\/\/oraziopuglisi.art\/wp-content\/uploads\/2024\/09\/850059_1_grid@2x.jpg\" alt=\"\" width=\"520\" height=\"425\" srcset=\"https:\/\/oraziopuglisi.art\/wp-content\/uploads\/2024\/09\/850059_1_grid@2x.jpg 520w, https:\/\/oraziopuglisi.art\/wp-content\/uploads\/2024\/09\/850059_1_grid@2x-300x245.jpg 300w, https:\/\/oraziopuglisi.art\/wp-content\/uploads\/2024\/09\/850059_1_grid@2x-508x415.jpg 508w\" sizes=\"auto, (max-width: 520px) 100vw, 520px\" \/> <img loading=\"lazy\" decoding=\"async\" class=\"alignnone size-full wp-image-13652\" src=\"http:\/\/oraziopuglisi.art\/wp-content\/uploads\/2024\/09\/910356_1_grid@2x.jpg\" alt=\"\" width=\"520\" height=\"727\" srcset=\"https:\/\/oraziopuglisi.art\/wp-content\/uploads\/2024\/09\/910356_1_grid@2x.jpg 520w, https:\/\/oraziopuglisi.art\/wp-content\/uploads\/2024\/09\/910356_1_grid@2x-215x300.jpg 215w, https:\/\/oraziopuglisi.art\/wp-content\/uploads\/2024\/09\/910356_1_grid@2x-508x710.jpg 508w\" sizes=\"auto, (max-width: 520px) 100vw, 520px\" \/> <img loading=\"lazy\" decoding=\"async\" class=\"alignnone size-full wp-image-13653\" src=\"http:\/\/oraziopuglisi.art\/wp-content\/uploads\/2024\/09\/910371_1_grid@2x.jpg\" alt=\"\" width=\"520\" height=\"728\" srcset=\"https:\/\/oraziopuglisi.art\/wp-content\/uploads\/2024\/09\/910371_1_grid@2x.jpg 520w, https:\/\/oraziopuglisi.art\/wp-content\/uploads\/2024\/09\/910371_1_grid@2x-214x300.jpg 214w, https:\/\/oraziopuglisi.art\/wp-content\/uploads\/2024\/09\/910371_1_grid@2x-508x711.jpg 508w\" sizes=\"auto, (max-width: 520px) 100vw, 520px\" \/> <img loading=\"lazy\" decoding=\"async\" class=\"alignnone size-full wp-image-13654\" src=\"http:\/\/oraziopuglisi.art\/wp-content\/uploads\/2024\/09\/937569_1_grid@2x.jpg\" alt=\"\" width=\"520\" height=\"315\" srcset=\"https:\/\/oraziopuglisi.art\/wp-content\/uploads\/2024\/09\/937569_1_grid@2x.jpg 520w, https:\/\/oraziopuglisi.art\/wp-content\/uploads\/2024\/09\/937569_1_grid@2x-300x182.jpg 300w, https:\/\/oraziopuglisi.art\/wp-content\/uploads\/2024\/09\/937569_1_grid@2x-508x308.jpg 508w\" sizes=\"auto, (max-width: 520px) 100vw, 520px\" \/> <img loading=\"lazy\" decoding=\"async\" class=\"alignnone size-full wp-image-13655\" src=\"http:\/\/oraziopuglisi.art\/wp-content\/uploads\/2024\/09\/998007_1_grid@2x.jpg\" alt=\"\" width=\"520\" height=\"693\" srcset=\"https:\/\/oraziopuglisi.art\/wp-content\/uploads\/2024\/09\/998007_1_grid@2x.jpg 520w, https:\/\/oraziopuglisi.art\/wp-content\/uploads\/2024\/09\/998007_1_grid@2x-225x300.jpg 225w, https:\/\/oraziopuglisi.art\/wp-content\/uploads\/2024\/09\/998007_1_grid@2x-508x677.jpg 508w\" sizes=\"auto, (max-width: 520px) 100vw, 520px\" \/> <img loading=\"lazy\" decoding=\"async\" class=\"alignnone size-full wp-image-13656\" src=\"http:\/\/oraziopuglisi.art\/wp-content\/uploads\/2024\/09\/1056420_1_grid@2x.jpg\" alt=\"\" width=\"520\" height=\"373\" srcset=\"https:\/\/oraziopuglisi.art\/wp-content\/uploads\/2024\/09\/1056420_1_grid@2x.jpg 520w, https:\/\/oraziopuglisi.art\/wp-content\/uploads\/2024\/09\/1056420_1_grid@2x-300x215.jpg 300w, https:\/\/oraziopuglisi.art\/wp-content\/uploads\/2024\/09\/1056420_1_grid@2x-508x364.jpg 508w\" sizes=\"auto, (max-width: 520px) 100vw, 520px\" \/> <img loading=\"lazy\" decoding=\"async\" class=\"alignnone size-full wp-image-13657\" src=\"http:\/\/oraziopuglisi.art\/wp-content\/uploads\/2024\/09\/1114095_1_grid@2x.jpg\" alt=\"\" width=\"520\" height=\"602\" srcset=\"https:\/\/oraziopuglisi.art\/wp-content\/uploads\/2024\/09\/1114095_1_grid@2x.jpg 520w, https:\/\/oraziopuglisi.art\/wp-content\/uploads\/2024\/09\/1114095_1_grid@2x-259x300.jpg 259w, https:\/\/oraziopuglisi.art\/wp-content\/uploads\/2024\/09\/1114095_1_grid@2x-508x588.jpg 508w\" sizes=\"auto, (max-width: 520px) 100vw, 520px\" \/> <img loading=\"lazy\" decoding=\"async\" class=\"alignnone size-full wp-image-13658\" src=\"http:\/\/oraziopuglisi.art\/wp-content\/uploads\/2024\/09\/1148760_1_grid@2x.jpg\" alt=\"\" width=\"520\" height=\"394\" srcset=\"https:\/\/oraziopuglisi.art\/wp-content\/uploads\/2024\/09\/1148760_1_grid@2x.jpg 520w, https:\/\/oraziopuglisi.art\/wp-content\/uploads\/2024\/09\/1148760_1_grid@2x-300x227.jpg 300w, https:\/\/oraziopuglisi.art\/wp-content\/uploads\/2024\/09\/1148760_1_grid@2x-508x385.jpg 508w\" sizes=\"auto, (max-width: 520px) 100vw, 520px\" \/> <img loading=\"lazy\" decoding=\"async\" class=\"alignnone size-full wp-image-13659\" src=\"http:\/\/oraziopuglisi.art\/wp-content\/uploads\/2024\/09\/1587330_1_grid@2x.jpg\" alt=\"\" width=\"520\" height=\"526\" srcset=\"https:\/\/oraziopuglisi.art\/wp-content\/uploads\/2024\/09\/1587330_1_grid@2x.jpg 520w, https:\/\/oraziopuglisi.art\/wp-content\/uploads\/2024\/09\/1587330_1_grid@2x-297x300.jpg 297w, https:\/\/oraziopuglisi.art\/wp-content\/uploads\/2024\/09\/1587330_1_grid@2x-508x514.jpg 508w\" sizes=\"auto, (max-width: 520px) 100vw, 520px\" \/> <img loading=\"lazy\" decoding=\"async\" class=\"alignnone size-full wp-image-13660\" src=\"http:\/\/oraziopuglisi.art\/wp-content\/uploads\/2024\/09\/1993488_1_grid@2x.jpg\" alt=\"\" width=\"520\" height=\"412\" srcset=\"https:\/\/oraziopuglisi.art\/wp-content\/uploads\/2024\/09\/1993488_1_grid@2x.jpg 520w, https:\/\/oraziopuglisi.art\/wp-content\/uploads\/2024\/09\/1993488_1_grid@2x-300x238.jpg 300w, https:\/\/oraziopuglisi.art\/wp-content\/uploads\/2024\/09\/1993488_1_grid@2x-508x402.jpg 508w\" sizes=\"auto, (max-width: 520px) 100vw, 520px\" \/> <img loading=\"lazy\" decoding=\"async\" class=\"alignnone size-full wp-image-13661\" src=\"http:\/\/oraziopuglisi.art\/wp-content\/uploads\/2024\/09\/2009544_1_grid@2x.jpg\" alt=\"\" width=\"520\" height=\"858\" srcset=\"https:\/\/oraziopuglisi.art\/wp-content\/uploads\/2024\/09\/2009544_1_grid@2x.jpg 520w, https:\/\/oraziopuglisi.art\/wp-content\/uploads\/2024\/09\/2009544_1_grid@2x-182x300.jpg 182w, https:\/\/oraziopuglisi.art\/wp-content\/uploads\/2024\/09\/2009544_1_grid@2x-508x838.jpg 508w\" sizes=\"auto, (max-width: 520px) 100vw, 520px\" \/> <img loading=\"lazy\" decoding=\"async\" class=\"alignnone size-full wp-image-13662\" src=\"http:\/\/oraziopuglisi.art\/wp-content\/uploads\/2024\/09\/2113332_1_grid@2x.jpg\" alt=\"\" width=\"520\" height=\"777\" srcset=\"https:\/\/oraziopuglisi.art\/wp-content\/uploads\/2024\/09\/2113332_1_grid@2x.jpg 520w, https:\/\/oraziopuglisi.art\/wp-content\/uploads\/2024\/09\/2113332_1_grid@2x-201x300.jpg 201w, https:\/\/oraziopuglisi.art\/wp-content\/uploads\/2024\/09\/2113332_1_grid@2x-508x759.jpg 508w\" sizes=\"auto, (max-width: 520px) 100vw, 520px\" \/> <img loading=\"lazy\" decoding=\"async\" class=\"alignnone size-full wp-image-13663\" src=\"http:\/\/oraziopuglisi.art\/wp-content\/uploads\/2024\/09\/2113335_1_grid@2x.jpg\" alt=\"\" width=\"520\" height=\"733\" srcset=\"https:\/\/oraziopuglisi.art\/wp-content\/uploads\/2024\/09\/2113335_1_grid@2x.jpg 520w, https:\/\/oraziopuglisi.art\/wp-content\/uploads\/2024\/09\/2113335_1_grid@2x-213x300.jpg 213w, https:\/\/oraziopuglisi.art\/wp-content\/uploads\/2024\/09\/2113335_1_grid@2x-508x716.jpg 508w\" sizes=\"auto, (max-width: 520px) 100vw, 520px\" \/> <img loading=\"lazy\" decoding=\"async\" class=\"alignnone size-full wp-image-13664\" src=\"http:\/\/oraziopuglisi.art\/wp-content\/uploads\/2024\/09\/2172523_1_grid@2x.jpg\" alt=\"\" width=\"520\" height=\"743\" srcset=\"https:\/\/oraziopuglisi.art\/wp-content\/uploads\/2024\/09\/2172523_1_grid@2x.jpg 520w, https:\/\/oraziopuglisi.art\/wp-content\/uploads\/2024\/09\/2172523_1_grid@2x-210x300.jpg 210w, https:\/\/oraziopuglisi.art\/wp-content\/uploads\/2024\/09\/2172523_1_grid@2x-508x726.jpg 508w\" sizes=\"auto, (max-width: 520px) 100vw, 520px\" \/> <img loading=\"lazy\" decoding=\"async\" class=\"alignnone size-full wp-image-13665\" src=\"http:\/\/oraziopuglisi.art\/wp-content\/uploads\/2024\/09\/2172525_1_grid@2x.jpg\" alt=\"\" width=\"520\" height=\"357\" srcset=\"https:\/\/oraziopuglisi.art\/wp-content\/uploads\/2024\/09\/2172525_1_grid@2x.jpg 520w, https:\/\/oraziopuglisi.art\/wp-content\/uploads\/2024\/09\/2172525_1_grid@2x-300x206.jpg 300w, https:\/\/oraziopuglisi.art\/wp-content\/uploads\/2024\/09\/2172525_1_grid@2x-508x349.jpg 508w\" sizes=\"auto, (max-width: 520px) 100vw, 520px\" \/> <img loading=\"lazy\" decoding=\"async\" class=\"alignnone size-full wp-image-13666\" src=\"http:\/\/oraziopuglisi.art\/wp-content\/uploads\/2024\/09\/2181476_1_grid@2x.jpg\" alt=\"\" width=\"520\" height=\"780\" srcset=\"https:\/\/oraziopuglisi.art\/wp-content\/uploads\/2024\/09\/2181476_1_grid@2x.jpg 520w, https:\/\/oraziopuglisi.art\/wp-content\/uploads\/2024\/09\/2181476_1_grid@2x-200x300.jpg 200w, https:\/\/oraziopuglisi.art\/wp-content\/uploads\/2024\/09\/2181476_1_grid@2x-508x762.jpg 508w\" sizes=\"auto, (max-width: 520px) 100vw, 520px\" \/> <img loading=\"lazy\" decoding=\"async\" class=\"alignnone size-full wp-image-13667\" src=\"http:\/\/oraziopuglisi.art\/wp-content\/uploads\/2024\/09\/2181477_1_grid@2x-1.jpg\" alt=\"\" width=\"520\" height=\"788\" srcset=\"https:\/\/oraziopuglisi.art\/wp-content\/uploads\/2024\/09\/2181477_1_grid@2x-1.jpg 520w, https:\/\/oraziopuglisi.art\/wp-content\/uploads\/2024\/09\/2181477_1_grid@2x-1-198x300.jpg 198w, https:\/\/oraziopuglisi.art\/wp-content\/uploads\/2024\/09\/2181477_1_grid@2x-1-508x770.jpg 508w\" sizes=\"auto, (max-width: 520px) 100vw, 520px\" \/> <img loading=\"lazy\" decoding=\"async\" class=\"alignnone size-full wp-image-13668\" src=\"http:\/\/oraziopuglisi.art\/wp-content\/uploads\/2024\/09\/2181477_1_grid@2x.jpg\" alt=\"\" width=\"520\" height=\"788\" srcset=\"https:\/\/oraziopuglisi.art\/wp-content\/uploads\/2024\/09\/2181477_1_grid@2x.jpg 520w, https:\/\/oraziopuglisi.art\/wp-content\/uploads\/2024\/09\/2181477_1_grid@2x-198x300.jpg 198w, https:\/\/oraziopuglisi.art\/wp-content\/uploads\/2024\/09\/2181477_1_grid@2x-508x770.jpg 508w\" sizes=\"auto, (max-width: 520px) 100vw, 520px\" \/> <img loading=\"lazy\" decoding=\"async\" class=\"alignnone size-full wp-image-13669\" src=\"http:\/\/oraziopuglisi.art\/wp-content\/uploads\/2024\/09\/2205019_1_grid@2x.jpg\" alt=\"\" width=\"520\" height=\"362\" srcset=\"https:\/\/oraziopuglisi.art\/wp-content\/uploads\/2024\/09\/2205019_1_grid@2x.jpg 520w, https:\/\/oraziopuglisi.art\/wp-content\/uploads\/2024\/09\/2205019_1_grid@2x-300x209.jpg 300w, https:\/\/oraziopuglisi.art\/wp-content\/uploads\/2024\/09\/2205019_1_grid@2x-508x354.jpg 508w\" sizes=\"auto, (max-width: 520px) 100vw, 520px\" \/> <img loading=\"lazy\" decoding=\"async\" class=\"alignnone size-full wp-image-13670\" src=\"http:\/\/oraziopuglisi.art\/wp-content\/uploads\/2024\/09\/2205023_1_grid@2x.jpg\" alt=\"\" width=\"520\" height=\"692\" srcset=\"https:\/\/oraziopuglisi.art\/wp-content\/uploads\/2024\/09\/2205023_1_grid@2x.jpg 520w, https:\/\/oraziopuglisi.art\/wp-content\/uploads\/2024\/09\/2205023_1_grid@2x-225x300.jpg 225w, https:\/\/oraziopuglisi.art\/wp-content\/uploads\/2024\/09\/2205023_1_grid@2x-508x676.jpg 508w\" sizes=\"auto, (max-width: 520px) 100vw, 520px\" \/> <img loading=\"lazy\" decoding=\"async\" class=\"alignnone size-full wp-image-13671\" src=\"http:\/\/oraziopuglisi.art\/wp-content\/uploads\/2024\/09\/2230796_1_grid@2x.jpg\" alt=\"\" width=\"520\" height=\"755\" srcset=\"https:\/\/oraziopuglisi.art\/wp-content\/uploads\/2024\/09\/2230796_1_grid@2x.jpg 520w, https:\/\/oraziopuglisi.art\/wp-content\/uploads\/2024\/09\/2230796_1_grid@2x-207x300.jpg 207w, https:\/\/oraziopuglisi.art\/wp-content\/uploads\/2024\/09\/2230796_1_grid@2x-508x738.jpg 508w\" sizes=\"auto, (max-width: 520px) 100vw, 520px\" \/><\/div>\n<div class=\"section-about\">\n<div class=\"about\">\n<div class=\"about__block\">\n<div class=\"about__block__item mb-20\">\n<div class=\"about__block__item__description\">\u00a0<\/div>\n<\/div>\n<\/div>\n<\/div>\n<\/div>\n","protected":false},"excerpt":{"rendered":"<p>Alessandra Bisi est n\u00e9e \u00e0 Milan en 1965. Elle fr\u00e9quente l&rsquo;\u00e9cole d&rsquo;art Hayech et obtient un dipl\u00f4me de peinture \u00e0 l&rsquo;Acad\u00e9mie des Beaux Arts de Milan. Ensuite, elle a particip\u00e9 \u00e0 un cours de design de deux ans \u00e0 l&rsquo;Institut des Arts et des Sciences (Milan). De 1987 \u00e0 1997, elle a voyag\u00e9 plusieurs fois [&hellip;]<\/p>\n","protected":false},"author":1,"featured_media":13674,"parent":0,"menu_order":0,"comment_status":"closed","ping_status":"closed","template":"","meta":{"footnotes":""},"class_list":["post-13540","page","type-page","status-publish","has-post-thumbnail","hentry"],"_links":{"self":[{"href":"https:\/\/oraziopuglisi.art\/index.php\/wp-json\/wp\/v2\/pages\/13540","targetHints":{"allow":["GET"]}}],"collection":[{"href":"https:\/\/oraziopuglisi.art\/index.php\/wp-json\/wp\/v2\/pages"}],"about":[{"href":"https:\/\/oraziopuglisi.art\/index.php\/wp-json\/wp\/v2\/types\/page"}],"author":[{"embeddable":true,"href":"https:\/\/oraziopuglisi.art\/index.php\/wp-json\/wp\/v2\/users\/1"}],"replies":[{"embeddable":true,"href":"https:\/\/oraziopuglisi.art\/index.php\/wp-json\/wp\/v2\/comments?post=13540"}],"version-history":[{"count":4,"href":"https:\/\/oraziopuglisi.art\/index.php\/wp-json\/wp\/v2\/pages\/13540\/revisions"}],"predecessor-version":[{"id":13673,"href":"https:\/\/oraziopuglisi.art\/index.php\/wp-json\/wp\/v2\/pages\/13540\/revisions\/13673"}],"wp:featuredmedia":[{"embeddable":true,"href":"https:\/\/oraziopuglisi.art\/index.php\/wp-json\/wp\/v2\/media\/13674"}],"wp:attachment":[{"href":"https:\/\/oraziopuglisi.art\/index.php\/wp-json\/wp\/v2\/media?parent=13540"}],"curies":[{"name":"wp","href":"https:\/\/api.w.org\/{rel}","templated":true}]}}