{"id":13536,"date":"2024-09-23T00:12:26","date_gmt":"2024-09-22T22:12:26","guid":{"rendered":"https:\/\/oraziopuglisi.art\/?page_id=13536"},"modified":"2024-09-23T07:05:32","modified_gmt":"2024-09-23T05:05:32","slug":"francesca-borgo","status":"publish","type":"page","link":"https:\/\/oraziopuglisi.art\/index.php\/francesca-borgo\/","title":{"rendered":"Francesca Borgo"},"content":{"rendered":"<p style=\"text-align: justify;\"><a href=\"https:\/\/www.singulart.com\/fr\/artiste\/francesca-borgo-7013?srsltid=AfmBOop3oIW_k1b0XDojPSWdbBNEbCs54rew6W6xV1P2Ef6jWZrgtQQF\">Francesca Borgo<\/a> est une artiste italienne prim\u00e9e qui a expos\u00e9 ses peintures \u00e0 l&rsquo;\u00e9chelle nationale, en France, en Autriche, au Royaume-Uni, aux Pays-Bas et en Espagne. Pour elle, l&rsquo;art lui permet de fa\u00e7onner la vie autour de ses valeurs, ainsi que la libert\u00e9 personnelle. Dans les paysages abstraits de Borgo, la coexistence d&rsquo;aspects sensoriels suppl\u00e9mentaires invite le spectateur \u00e0 embrasser non seulement les dimensions visuelle mais aussi tactile et temporelle de son exp\u00e9rience.<\/p>\n<p>N\u00e9e en 1970<\/p>\n<p style=\"text-align: center;\"><a href=\"https:\/\/www.singulart.com\/fr\/artiste\/francesca-borgo-7013?srsltid=AfmBOop3oIW_k1b0XDojPSWdbBNEbCs54rew6W6xV1P2Ef6jWZrgtQQF&amp;page=3\">Toutes les Oeuvres<\/a><\/p>\n<p><iframe loading=\"lazy\" title=\"Video presentation - aesthetic, research, inspiration &amp; materials- Francesca Borgo\" width=\"600\" height=\"338\" src=\"https:\/\/www.youtube.com\/embed\/K_DHJsdCGEE?feature=oembed\" frameborder=\"0\" allow=\"accelerometer; autoplay; clipboard-write; encrypted-media; gyroscope; picture-in-picture; web-share\" referrerpolicy=\"strict-origin-when-cross-origin\" allowfullscreen><\/iframe><\/p>\n<p><img loading=\"lazy\" decoding=\"async\" class=\"alignnone size-full wp-image-13585\" src=\"http:\/\/oraziopuglisi.art\/wp-content\/uploads\/2024\/09\/eyJidWNrZXQiOiJzaW5ndWxhcnQtd2Vic2l0ZS1wcm9kIiwia2V5IjoiYXJ0d29ya3NcL3YyXC9jcm9wcG-10.webp\" alt=\"\" width=\"600\" height=\"323\" srcset=\"https:\/\/oraziopuglisi.art\/wp-content\/uploads\/2024\/09\/eyJidWNrZXQiOiJzaW5ndWxhcnQtd2Vic2l0ZS1wcm9kIiwia2V5IjoiYXJ0d29ya3NcL3YyXC9jcm9wcG-10.webp 600w, https:\/\/oraziopuglisi.art\/wp-content\/uploads\/2024\/09\/eyJidWNrZXQiOiJzaW5ndWxhcnQtd2Vic2l0ZS1wcm9kIiwia2V5IjoiYXJ0d29ya3NcL3YyXC9jcm9wcG-10-300x162.webp 300w, https:\/\/oraziopuglisi.art\/wp-content\/uploads\/2024\/09\/eyJidWNrZXQiOiJzaW5ndWxhcnQtd2Vic2l0ZS1wcm9kIiwia2V5IjoiYXJ0d29ya3NcL3YyXC9jcm9wcG-10-508x273.webp 508w\" sizes=\"auto, (max-width: 600px) 100vw, 600px\" \/> <img loading=\"lazy\" decoding=\"async\" class=\"alignnone size-full wp-image-13586\" src=\"http:\/\/oraziopuglisi.art\/wp-content\/uploads\/2024\/09\/eyJidWNrZXQiOiJzaW5ndWxhcnQtd2Vic2l0ZS1wcm9kIiwia2V5IjoiYXJ0d29ya3NcL3YyXC9jcm9wcG-11.webp\" alt=\"\" width=\"424\" height=\"589\" srcset=\"https:\/\/oraziopuglisi.art\/wp-content\/uploads\/2024\/09\/eyJidWNrZXQiOiJzaW5ndWxhcnQtd2Vic2l0ZS1wcm9kIiwia2V5IjoiYXJ0d29ya3NcL3YyXC9jcm9wcG-11.webp 424w, https:\/\/oraziopuglisi.art\/wp-content\/uploads\/2024\/09\/eyJidWNrZXQiOiJzaW5ndWxhcnQtd2Vic2l0ZS1wcm9kIiwia2V5IjoiYXJ0d29ya3NcL3YyXC9jcm9wcG-11-216x300.webp 216w\" sizes=\"auto, (max-width: 424px) 100vw, 424px\" \/> <img loading=\"lazy\" decoding=\"async\" class=\"alignnone size-full wp-image-13587\" src=\"http:\/\/oraziopuglisi.art\/wp-content\/uploads\/2024\/09\/eyJidWNrZXQiOiJzaW5ndWxhcnQtd2Vic2l0ZS1wcm9kIiwia2V5IjoiYXJ0d29ya3NcL3YyXC9jcm9wcG-12.webp\" alt=\"\" width=\"590\" height=\"590\" srcset=\"https:\/\/oraziopuglisi.art\/wp-content\/uploads\/2024\/09\/eyJidWNrZXQiOiJzaW5ndWxhcnQtd2Vic2l0ZS1wcm9kIiwia2V5IjoiYXJ0d29ya3NcL3YyXC9jcm9wcG-12.webp 590w, https:\/\/oraziopuglisi.art\/wp-content\/uploads\/2024\/09\/eyJidWNrZXQiOiJzaW5ndWxhcnQtd2Vic2l0ZS1wcm9kIiwia2V5IjoiYXJ0d29ya3NcL3YyXC9jcm9wcG-12-300x300.webp 300w, https:\/\/oraziopuglisi.art\/wp-content\/uploads\/2024\/09\/eyJidWNrZXQiOiJzaW5ndWxhcnQtd2Vic2l0ZS1wcm9kIiwia2V5IjoiYXJ0d29ya3NcL3YyXC9jcm9wcG-12-150x150.webp 150w, https:\/\/oraziopuglisi.art\/wp-content\/uploads\/2024\/09\/eyJidWNrZXQiOiJzaW5ndWxhcnQtd2Vic2l0ZS1wcm9kIiwia2V5IjoiYXJ0d29ya3NcL3YyXC9jcm9wcG-12-508x508.webp 508w\" sizes=\"auto, (max-width: 590px) 100vw, 590px\" \/> <img loading=\"lazy\" decoding=\"async\" class=\"alignnone size-full wp-image-13588\" src=\"http:\/\/oraziopuglisi.art\/wp-content\/uploads\/2024\/09\/eyJidWNrZXQiOiJzaW5ndWxhcnQtd2Vic2l0ZS1wcm9kIiwia2V5IjoiYXJ0d29ya3NcL3YyXC9jcm9wcG-13.webp\" alt=\"\" width=\"424\" height=\"590\" srcset=\"https:\/\/oraziopuglisi.art\/wp-content\/uploads\/2024\/09\/eyJidWNrZXQiOiJzaW5ndWxhcnQtd2Vic2l0ZS1wcm9kIiwia2V5IjoiYXJ0d29ya3NcL3YyXC9jcm9wcG-13.webp 424w, https:\/\/oraziopuglisi.art\/wp-content\/uploads\/2024\/09\/eyJidWNrZXQiOiJzaW5ndWxhcnQtd2Vic2l0ZS1wcm9kIiwia2V5IjoiYXJ0d29ya3NcL3YyXC9jcm9wcG-13-216x300.webp 216w\" sizes=\"auto, (max-width: 424px) 100vw, 424px\" \/> <img loading=\"lazy\" decoding=\"async\" class=\"alignnone size-full wp-image-13589\" src=\"http:\/\/oraziopuglisi.art\/wp-content\/uploads\/2024\/09\/eyJidWNrZXQiOiJzaW5ndWxhcnQtd2Vic2l0ZS1wcm9kIiwia2V5IjoiYXJ0d29ya3NcL3YyXC9jcm9wcG-14.webp\" alt=\"\" width=\"590\" height=\"590\" srcset=\"https:\/\/oraziopuglisi.art\/wp-content\/uploads\/2024\/09\/eyJidWNrZXQiOiJzaW5ndWxhcnQtd2Vic2l0ZS1wcm9kIiwia2V5IjoiYXJ0d29ya3NcL3YyXC9jcm9wcG-14.webp 590w, https:\/\/oraziopuglisi.art\/wp-content\/uploads\/2024\/09\/eyJidWNrZXQiOiJzaW5ndWxhcnQtd2Vic2l0ZS1wcm9kIiwia2V5IjoiYXJ0d29ya3NcL3YyXC9jcm9wcG-14-300x300.webp 300w, https:\/\/oraziopuglisi.art\/wp-content\/uploads\/2024\/09\/eyJidWNrZXQiOiJzaW5ndWxhcnQtd2Vic2l0ZS1wcm9kIiwia2V5IjoiYXJ0d29ya3NcL3YyXC9jcm9wcG-14-150x150.webp 150w, https:\/\/oraziopuglisi.art\/wp-content\/uploads\/2024\/09\/eyJidWNrZXQiOiJzaW5ndWxhcnQtd2Vic2l0ZS1wcm9kIiwia2V5IjoiYXJ0d29ya3NcL3YyXC9jcm9wcG-14-508x508.webp 508w\" sizes=\"auto, (max-width: 590px) 100vw, 590px\" \/> <img loading=\"lazy\" decoding=\"async\" class=\"alignnone size-full wp-image-13590\" src=\"http:\/\/oraziopuglisi.art\/wp-content\/uploads\/2024\/09\/eyJidWNrZXQiOiJzaW5ndWxhcnQtd2Vic2l0ZS1wcm9kIiwia2V5IjoiYXJ0d29ya3NcL3YyXC9jcm9wcG-15.webp\" alt=\"\" width=\"590\" height=\"590\" srcset=\"https:\/\/oraziopuglisi.art\/wp-content\/uploads\/2024\/09\/eyJidWNrZXQiOiJzaW5ndWxhcnQtd2Vic2l0ZS1wcm9kIiwia2V5IjoiYXJ0d29ya3NcL3YyXC9jcm9wcG-15.webp 590w, https:\/\/oraziopuglisi.art\/wp-content\/uploads\/2024\/09\/eyJidWNrZXQiOiJzaW5ndWxhcnQtd2Vic2l0ZS1wcm9kIiwia2V5IjoiYXJ0d29ya3NcL3YyXC9jcm9wcG-15-300x300.webp 300w, https:\/\/oraziopuglisi.art\/wp-content\/uploads\/2024\/09\/eyJidWNrZXQiOiJzaW5ndWxhcnQtd2Vic2l0ZS1wcm9kIiwia2V5IjoiYXJ0d29ya3NcL3YyXC9jcm9wcG-15-150x150.webp 150w, https:\/\/oraziopuglisi.art\/wp-content\/uploads\/2024\/09\/eyJidWNrZXQiOiJzaW5ndWxhcnQtd2Vic2l0ZS1wcm9kIiwia2V5IjoiYXJ0d29ya3NcL3YyXC9jcm9wcG-15-508x508.webp 508w\" sizes=\"auto, (max-width: 590px) 100vw, 590px\" \/> <img loading=\"lazy\" decoding=\"async\" class=\"alignnone size-full wp-image-13591\" src=\"http:\/\/oraziopuglisi.art\/wp-content\/uploads\/2024\/09\/eyJidWNrZXQiOiJzaW5ndWxhcnQtd2Vic2l0ZS1wcm9kIiwia2V5IjoiYXJ0d29ya3NcL3YyXC9jcm9wcG-16.webp\" alt=\"\" width=\"590\" height=\"590\" srcset=\"https:\/\/oraziopuglisi.art\/wp-content\/uploads\/2024\/09\/eyJidWNrZXQiOiJzaW5ndWxhcnQtd2Vic2l0ZS1wcm9kIiwia2V5IjoiYXJ0d29ya3NcL3YyXC9jcm9wcG-16.webp 590w, https:\/\/oraziopuglisi.art\/wp-content\/uploads\/2024\/09\/eyJidWNrZXQiOiJzaW5ndWxhcnQtd2Vic2l0ZS1wcm9kIiwia2V5IjoiYXJ0d29ya3NcL3YyXC9jcm9wcG-16-300x300.webp 300w, https:\/\/oraziopuglisi.art\/wp-content\/uploads\/2024\/09\/eyJidWNrZXQiOiJzaW5ndWxhcnQtd2Vic2l0ZS1wcm9kIiwia2V5IjoiYXJ0d29ya3NcL3YyXC9jcm9wcG-16-150x150.webp 150w, https:\/\/oraziopuglisi.art\/wp-content\/uploads\/2024\/09\/eyJidWNrZXQiOiJzaW5ndWxhcnQtd2Vic2l0ZS1wcm9kIiwia2V5IjoiYXJ0d29ya3NcL3YyXC9jcm9wcG-16-508x508.webp 508w\" sizes=\"auto, (max-width: 590px) 100vw, 590px\" \/> <img loading=\"lazy\" decoding=\"async\" class=\"alignnone size-full wp-image-13592\" src=\"http:\/\/oraziopuglisi.art\/wp-content\/uploads\/2024\/09\/eyJidWNrZXQiOiJzaW5ndWxhcnQtd2Vic2l0ZS1wcm9kIiwia2V5IjoiYXJ0d29ya3NcL3YyXC9jcm9wcG-17.webp\" alt=\"\" width=\"600\" height=\"524\" srcset=\"https:\/\/oraziopuglisi.art\/wp-content\/uploads\/2024\/09\/eyJidWNrZXQiOiJzaW5ndWxhcnQtd2Vic2l0ZS1wcm9kIiwia2V5IjoiYXJ0d29ya3NcL3YyXC9jcm9wcG-17.webp 600w, https:\/\/oraziopuglisi.art\/wp-content\/uploads\/2024\/09\/eyJidWNrZXQiOiJzaW5ndWxhcnQtd2Vic2l0ZS1wcm9kIiwia2V5IjoiYXJ0d29ya3NcL3YyXC9jcm9wcG-17-300x262.webp 300w, https:\/\/oraziopuglisi.art\/wp-content\/uploads\/2024\/09\/eyJidWNrZXQiOiJzaW5ndWxhcnQtd2Vic2l0ZS1wcm9kIiwia2V5IjoiYXJ0d29ya3NcL3YyXC9jcm9wcG-17-508x444.webp 508w\" sizes=\"auto, (max-width: 600px) 100vw, 600px\" \/> <img loading=\"lazy\" decoding=\"async\" class=\"alignnone size-full wp-image-13593\" src=\"http:\/\/oraziopuglisi.art\/wp-content\/uploads\/2024\/09\/eyJidWNrZXQiOiJzaW5ndWxhcnQtd2Vic2l0ZS1wcm9kIiwia2V5IjoiYXJ0d29ya3NcL3YyXC9jcm9wcG-18.webp\" alt=\"\" width=\"600\" height=\"400\" srcset=\"https:\/\/oraziopuglisi.art\/wp-content\/uploads\/2024\/09\/eyJidWNrZXQiOiJzaW5ndWxhcnQtd2Vic2l0ZS1wcm9kIiwia2V5IjoiYXJ0d29ya3NcL3YyXC9jcm9wcG-18.webp 600w, https:\/\/oraziopuglisi.art\/wp-content\/uploads\/2024\/09\/eyJidWNrZXQiOiJzaW5ndWxhcnQtd2Vic2l0ZS1wcm9kIiwia2V5IjoiYXJ0d29ya3NcL3YyXC9jcm9wcG-18-300x200.webp 300w, https:\/\/oraziopuglisi.art\/wp-content\/uploads\/2024\/09\/eyJidWNrZXQiOiJzaW5ndWxhcnQtd2Vic2l0ZS1wcm9kIiwia2V5IjoiYXJ0d29ya3NcL3YyXC9jcm9wcG-18-508x339.webp 508w\" sizes=\"auto, (max-width: 600px) 100vw, 600px\" \/> <img loading=\"lazy\" decoding=\"async\" class=\"alignnone size-full wp-image-13594\" src=\"http:\/\/oraziopuglisi.art\/wp-content\/uploads\/2024\/09\/eyJidWNrZXQiOiJzaW5ndWxhcnQtd2Vic2l0ZS1wcm9kIiwia2V5IjoiYXJ0d29ya3NcL3YyXC9jcm9wcG-19.webp\" alt=\"\" width=\"393\" height=\"590\" srcset=\"https:\/\/oraziopuglisi.art\/wp-content\/uploads\/2024\/09\/eyJidWNrZXQiOiJzaW5ndWxhcnQtd2Vic2l0ZS1wcm9kIiwia2V5IjoiYXJ0d29ya3NcL3YyXC9jcm9wcG-19.webp 393w, https:\/\/oraziopuglisi.art\/wp-content\/uploads\/2024\/09\/eyJidWNrZXQiOiJzaW5ndWxhcnQtd2Vic2l0ZS1wcm9kIiwia2V5IjoiYXJ0d29ya3NcL3YyXC9jcm9wcG-19-200x300.webp 200w\" sizes=\"auto, (max-width: 393px) 100vw, 393px\" \/> <img loading=\"lazy\" decoding=\"async\" class=\"alignnone size-full wp-image-13595\" src=\"http:\/\/oraziopuglisi.art\/wp-content\/uploads\/2024\/09\/eyJidWNrZXQiOiJzaW5ndWxhcnQtd2Vic2l0ZS1wcm9kIiwia2V5IjoiYXJ0d29ya3NcL3YyXC9jcm9wcG-20.webp\" alt=\"\" width=\"393\" height=\"590\" srcset=\"https:\/\/oraziopuglisi.art\/wp-content\/uploads\/2024\/09\/eyJidWNrZXQiOiJzaW5ndWxhcnQtd2Vic2l0ZS1wcm9kIiwia2V5IjoiYXJ0d29ya3NcL3YyXC9jcm9wcG-20.webp 393w, https:\/\/oraziopuglisi.art\/wp-content\/uploads\/2024\/09\/eyJidWNrZXQiOiJzaW5ndWxhcnQtd2Vic2l0ZS1wcm9kIiwia2V5IjoiYXJ0d29ya3NcL3YyXC9jcm9wcG-20-200x300.webp 200w\" sizes=\"auto, (max-width: 393px) 100vw, 393px\" \/> <img loading=\"lazy\" decoding=\"async\" class=\"alignnone size-full wp-image-13596\" src=\"http:\/\/oraziopuglisi.art\/wp-content\/uploads\/2024\/09\/eyJidWNrZXQiOiJzaW5ndWxhcnQtd2Vic2l0ZS1wcm9kIiwia2V5IjoiYXJ0d29ya3NcL3YyXC9jcm9wcG-21.webp\" alt=\"\" width=\"600\" height=\"450\" srcset=\"https:\/\/oraziopuglisi.art\/wp-content\/uploads\/2024\/09\/eyJidWNrZXQiOiJzaW5ndWxhcnQtd2Vic2l0ZS1wcm9kIiwia2V5IjoiYXJ0d29ya3NcL3YyXC9jcm9wcG-21.webp 600w, https:\/\/oraziopuglisi.art\/wp-content\/uploads\/2024\/09\/eyJidWNrZXQiOiJzaW5ndWxhcnQtd2Vic2l0ZS1wcm9kIiwia2V5IjoiYXJ0d29ya3NcL3YyXC9jcm9wcG-21-300x225.webp 300w, https:\/\/oraziopuglisi.art\/wp-content\/uploads\/2024\/09\/eyJidWNrZXQiOiJzaW5ndWxhcnQtd2Vic2l0ZS1wcm9kIiwia2V5IjoiYXJ0d29ya3NcL3YyXC9jcm9wcG-21-508x381.webp 508w\" sizes=\"auto, (max-width: 600px) 100vw, 600px\" \/> <img loading=\"lazy\" decoding=\"async\" class=\"alignnone size-full wp-image-13597\" src=\"http:\/\/oraziopuglisi.art\/wp-content\/uploads\/2024\/09\/eyJidWNrZXQiOiJzaW5ndWxhcnQtd2Vic2l0ZS1wcm9kIiwia2V5IjoiYXJ0d29ya3NcL3YyXC9jcm9wcGV-1.webp\" alt=\"\" width=\"600\" height=\"420\" srcset=\"https:\/\/oraziopuglisi.art\/wp-content\/uploads\/2024\/09\/eyJidWNrZXQiOiJzaW5ndWxhcnQtd2Vic2l0ZS1wcm9kIiwia2V5IjoiYXJ0d29ya3NcL3YyXC9jcm9wcGV-1.webp 600w, https:\/\/oraziopuglisi.art\/wp-content\/uploads\/2024\/09\/eyJidWNrZXQiOiJzaW5ndWxhcnQtd2Vic2l0ZS1wcm9kIiwia2V5IjoiYXJ0d29ya3NcL3YyXC9jcm9wcGV-1-300x210.webp 300w, https:\/\/oraziopuglisi.art\/wp-content\/uploads\/2024\/09\/eyJidWNrZXQiOiJzaW5ndWxhcnQtd2Vic2l0ZS1wcm9kIiwia2V5IjoiYXJ0d29ya3NcL3YyXC9jcm9wcGV-1-508x356.webp 508w\" sizes=\"auto, (max-width: 600px) 100vw, 600px\" \/> <img loading=\"lazy\" decoding=\"async\" class=\"alignnone size-full wp-image-13598\" src=\"http:\/\/oraziopuglisi.art\/wp-content\/uploads\/2024\/09\/eyJidWNrZXQiOiJzaW5ndWxhcnQtd2Vic2l0ZS1wcm9kIiwia2V5IjoiYXJ0d29ya3NcL3YyXC9jcm9wcGV-2.webp\" alt=\"\" width=\"600\" height=\"533\" srcset=\"https:\/\/oraziopuglisi.art\/wp-content\/uploads\/2024\/09\/eyJidWNrZXQiOiJzaW5ndWxhcnQtd2Vic2l0ZS1wcm9kIiwia2V5IjoiYXJ0d29ya3NcL3YyXC9jcm9wcGV-2.webp 600w, https:\/\/oraziopuglisi.art\/wp-content\/uploads\/2024\/09\/eyJidWNrZXQiOiJzaW5ndWxhcnQtd2Vic2l0ZS1wcm9kIiwia2V5IjoiYXJ0d29ya3NcL3YyXC9jcm9wcGV-2-300x267.webp 300w, https:\/\/oraziopuglisi.art\/wp-content\/uploads\/2024\/09\/eyJidWNrZXQiOiJzaW5ndWxhcnQtd2Vic2l0ZS1wcm9kIiwia2V5IjoiYXJ0d29ya3NcL3YyXC9jcm9wcGV-2-508x451.webp 508w\" sizes=\"auto, (max-width: 600px) 100vw, 600px\" \/> <img loading=\"lazy\" decoding=\"async\" class=\"alignnone size-full wp-image-13599\" src=\"http:\/\/oraziopuglisi.art\/wp-content\/uploads\/2024\/09\/eyJidWNrZXQiOiJzaW5ndWxhcnQtd2Vic2l0ZS1wcm9kIiwia2V5IjoiYXJ0d29ya3NcL3YyXC9jcm9wcGV-3.webp\" alt=\"\" width=\"590\" height=\"590\" srcset=\"https:\/\/oraziopuglisi.art\/wp-content\/uploads\/2024\/09\/eyJidWNrZXQiOiJzaW5ndWxhcnQtd2Vic2l0ZS1wcm9kIiwia2V5IjoiYXJ0d29ya3NcL3YyXC9jcm9wcGV-3.webp 590w, https:\/\/oraziopuglisi.art\/wp-content\/uploads\/2024\/09\/eyJidWNrZXQiOiJzaW5ndWxhcnQtd2Vic2l0ZS1wcm9kIiwia2V5IjoiYXJ0d29ya3NcL3YyXC9jcm9wcGV-3-300x300.webp 300w, https:\/\/oraziopuglisi.art\/wp-content\/uploads\/2024\/09\/eyJidWNrZXQiOiJzaW5ndWxhcnQtd2Vic2l0ZS1wcm9kIiwia2V5IjoiYXJ0d29ya3NcL3YyXC9jcm9wcGV-3-150x150.webp 150w, https:\/\/oraziopuglisi.art\/wp-content\/uploads\/2024\/09\/eyJidWNrZXQiOiJzaW5ndWxhcnQtd2Vic2l0ZS1wcm9kIiwia2V5IjoiYXJ0d29ya3NcL3YyXC9jcm9wcGV-3-508x508.webp 508w\" sizes=\"auto, (max-width: 590px) 100vw, 590px\" \/> <img loading=\"lazy\" decoding=\"async\" class=\"alignnone size-full wp-image-13600\" src=\"http:\/\/oraziopuglisi.art\/wp-content\/uploads\/2024\/09\/eyJidWNrZXQiOiJzaW5ndWxhcnQtd2Vic2l0ZS1wcm9kIiwia2V5IjoiYXJ0d29ya3NcL3YyXC9jcm9wcGV-4.webp\" alt=\"\" width=\"590\" height=\"590\" srcset=\"https:\/\/oraziopuglisi.art\/wp-content\/uploads\/2024\/09\/eyJidWNrZXQiOiJzaW5ndWxhcnQtd2Vic2l0ZS1wcm9kIiwia2V5IjoiYXJ0d29ya3NcL3YyXC9jcm9wcGV-4.webp 590w, https:\/\/oraziopuglisi.art\/wp-content\/uploads\/2024\/09\/eyJidWNrZXQiOiJzaW5ndWxhcnQtd2Vic2l0ZS1wcm9kIiwia2V5IjoiYXJ0d29ya3NcL3YyXC9jcm9wcGV-4-300x300.webp 300w, https:\/\/oraziopuglisi.art\/wp-content\/uploads\/2024\/09\/eyJidWNrZXQiOiJzaW5ndWxhcnQtd2Vic2l0ZS1wcm9kIiwia2V5IjoiYXJ0d29ya3NcL3YyXC9jcm9wcGV-4-150x150.webp 150w, https:\/\/oraziopuglisi.art\/wp-content\/uploads\/2024\/09\/eyJidWNrZXQiOiJzaW5ndWxhcnQtd2Vic2l0ZS1wcm9kIiwia2V5IjoiYXJ0d29ya3NcL3YyXC9jcm9wcGV-4-508x508.webp 508w\" sizes=\"auto, (max-width: 590px) 100vw, 590px\" \/> <img loading=\"lazy\" decoding=\"async\" class=\"alignnone size-full wp-image-13601\" src=\"http:\/\/oraziopuglisi.art\/wp-content\/uploads\/2024\/09\/eyJidWNrZXQiOiJzaW5ndWxhcnQtd2Vic2l0ZS1wcm9kIiwia2V5IjoiYXJ0d29ya3NcL3YyXC9jcm9wcGV-5.webp\" alt=\"\" width=\"393\" height=\"590\" srcset=\"https:\/\/oraziopuglisi.art\/wp-content\/uploads\/2024\/09\/eyJidWNrZXQiOiJzaW5ndWxhcnQtd2Vic2l0ZS1wcm9kIiwia2V5IjoiYXJ0d29ya3NcL3YyXC9jcm9wcGV-5.webp 393w, https:\/\/oraziopuglisi.art\/wp-content\/uploads\/2024\/09\/eyJidWNrZXQiOiJzaW5ndWxhcnQtd2Vic2l0ZS1wcm9kIiwia2V5IjoiYXJ0d29ya3NcL3YyXC9jcm9wcGV-5-200x300.webp 200w\" sizes=\"auto, (max-width: 393px) 100vw, 393px\" \/> <img loading=\"lazy\" decoding=\"async\" class=\"alignnone size-full wp-image-13602\" src=\"http:\/\/oraziopuglisi.art\/wp-content\/uploads\/2024\/09\/eyJidWNrZXQiOiJzaW5ndWxhcnQtd2Vic2l0ZS1wcm9kIiwia2V5IjoiYXJ0d29ya3NcL3YyXC9jcm9wcGV-6.webp\" alt=\"\" width=\"600\" height=\"400\" srcset=\"https:\/\/oraziopuglisi.art\/wp-content\/uploads\/2024\/09\/eyJidWNrZXQiOiJzaW5ndWxhcnQtd2Vic2l0ZS1wcm9kIiwia2V5IjoiYXJ0d29ya3NcL3YyXC9jcm9wcGV-6.webp 600w, https:\/\/oraziopuglisi.art\/wp-content\/uploads\/2024\/09\/eyJidWNrZXQiOiJzaW5ndWxhcnQtd2Vic2l0ZS1wcm9kIiwia2V5IjoiYXJ0d29ya3NcL3YyXC9jcm9wcGV-6-300x200.webp 300w, https:\/\/oraziopuglisi.art\/wp-content\/uploads\/2024\/09\/eyJidWNrZXQiOiJzaW5ndWxhcnQtd2Vic2l0ZS1wcm9kIiwia2V5IjoiYXJ0d29ya3NcL3YyXC9jcm9wcGV-6-508x339.webp 508w\" sizes=\"auto, (max-width: 600px) 100vw, 600px\" \/> <img loading=\"lazy\" decoding=\"async\" class=\"alignnone size-full wp-image-13603\" src=\"http:\/\/oraziopuglisi.art\/wp-content\/uploads\/2024\/09\/eyJidWNrZXQiOiJzaW5ndWxhcnQtd2Vic2l0ZS1wcm9kIiwia2V5IjoiYXJ0d29ya3NcL3YyXC9jcm9wcGV-7.webp\" alt=\"\" width=\"599\" height=\"466\" srcset=\"https:\/\/oraziopuglisi.art\/wp-content\/uploads\/2024\/09\/eyJidWNrZXQiOiJzaW5ndWxhcnQtd2Vic2l0ZS1wcm9kIiwia2V5IjoiYXJ0d29ya3NcL3YyXC9jcm9wcGV-7.webp 599w, https:\/\/oraziopuglisi.art\/wp-content\/uploads\/2024\/09\/eyJidWNrZXQiOiJzaW5ndWxhcnQtd2Vic2l0ZS1wcm9kIiwia2V5IjoiYXJ0d29ya3NcL3YyXC9jcm9wcGV-7-300x233.webp 300w, https:\/\/oraziopuglisi.art\/wp-content\/uploads\/2024\/09\/eyJidWNrZXQiOiJzaW5ndWxhcnQtd2Vic2l0ZS1wcm9kIiwia2V5IjoiYXJ0d29ya3NcL3YyXC9jcm9wcGV-7-508x395.webp 508w\" sizes=\"auto, (max-width: 599px) 100vw, 599px\" \/> <img loading=\"lazy\" decoding=\"async\" class=\"alignnone size-full wp-image-13604\" src=\"http:\/\/oraziopuglisi.art\/wp-content\/uploads\/2024\/09\/eyJidWNrZXQiOiJzaW5ndWxhcnQtd2Vic2l0ZS1wcm9kIiwia2V5IjoiYXJ0d29ya3NcL3YyXC9jcm9wcGV-8.webp\" alt=\"\" width=\"600\" height=\"400\" srcset=\"https:\/\/oraziopuglisi.art\/wp-content\/uploads\/2024\/09\/eyJidWNrZXQiOiJzaW5ndWxhcnQtd2Vic2l0ZS1wcm9kIiwia2V5IjoiYXJ0d29ya3NcL3YyXC9jcm9wcGV-8.webp 600w, https:\/\/oraziopuglisi.art\/wp-content\/uploads\/2024\/09\/eyJidWNrZXQiOiJzaW5ndWxhcnQtd2Vic2l0ZS1wcm9kIiwia2V5IjoiYXJ0d29ya3NcL3YyXC9jcm9wcGV-8-300x200.webp 300w, https:\/\/oraziopuglisi.art\/wp-content\/uploads\/2024\/09\/eyJidWNrZXQiOiJzaW5ndWxhcnQtd2Vic2l0ZS1wcm9kIiwia2V5IjoiYXJ0d29ya3NcL3YyXC9jcm9wcGV-8-508x339.webp 508w\" sizes=\"auto, (max-width: 600px) 100vw, 600px\" \/> <img loading=\"lazy\" decoding=\"async\" class=\"alignnone size-full wp-image-13605\" src=\"http:\/\/oraziopuglisi.art\/wp-content\/uploads\/2024\/09\/eyJidWNrZXQiOiJzaW5ndWxhcnQtd2Vic2l0ZS1wcm9kIiwia2V5IjoiYXJ0d29ya3NcL3YyXC9jcm9wcGV-9.webp\" alt=\"\" width=\"600\" height=\"300\" srcset=\"https:\/\/oraziopuglisi.art\/wp-content\/uploads\/2024\/09\/eyJidWNrZXQiOiJzaW5ndWxhcnQtd2Vic2l0ZS1wcm9kIiwia2V5IjoiYXJ0d29ya3NcL3YyXC9jcm9wcGV-9.webp 600w, https:\/\/oraziopuglisi.art\/wp-content\/uploads\/2024\/09\/eyJidWNrZXQiOiJzaW5ndWxhcnQtd2Vic2l0ZS1wcm9kIiwia2V5IjoiYXJ0d29ya3NcL3YyXC9jcm9wcGV-9-300x150.webp 300w, https:\/\/oraziopuglisi.art\/wp-content\/uploads\/2024\/09\/eyJidWNrZXQiOiJzaW5ndWxhcnQtd2Vic2l0ZS1wcm9kIiwia2V5IjoiYXJ0d29ya3NcL3YyXC9jcm9wcGV-9-508x254.webp 508w\" sizes=\"auto, (max-width: 600px) 100vw, 600px\" \/> <img loading=\"lazy\" decoding=\"async\" class=\"alignnone size-full wp-image-13606\" src=\"http:\/\/oraziopuglisi.art\/wp-content\/uploads\/2024\/09\/eyJidWNrZXQiOiJzaW5ndWxhcnQtd2Vic2l0ZS1wcm9kIiwia2V5IjoiYXJ0d29ya3NcL3YyXC9jcm9wcGVk.webp\" alt=\"\" width=\"600\" height=\"420\" srcset=\"https:\/\/oraziopuglisi.art\/wp-content\/uploads\/2024\/09\/eyJidWNrZXQiOiJzaW5ndWxhcnQtd2Vic2l0ZS1wcm9kIiwia2V5IjoiYXJ0d29ya3NcL3YyXC9jcm9wcGVk.webp 600w, https:\/\/oraziopuglisi.art\/wp-content\/uploads\/2024\/09\/eyJidWNrZXQiOiJzaW5ndWxhcnQtd2Vic2l0ZS1wcm9kIiwia2V5IjoiYXJ0d29ya3NcL3YyXC9jcm9wcGVk-300x210.webp 300w, https:\/\/oraziopuglisi.art\/wp-content\/uploads\/2024\/09\/eyJidWNrZXQiOiJzaW5ndWxhcnQtd2Vic2l0ZS1wcm9kIiwia2V5IjoiYXJ0d29ya3NcL3YyXC9jcm9wcGVk-508x356.webp 508w\" sizes=\"auto, (max-width: 600px) 100vw, 600px\" \/> <img loading=\"lazy\" decoding=\"async\" class=\"alignnone size-full wp-image-13607\" src=\"http:\/\/oraziopuglisi.art\/wp-content\/uploads\/2024\/09\/eyJidWNrZXQiOiJzaW5ndWxhcnQtd2Vic2l0ZS1wcm9kIiwia2V5IjoiYXJ0d29ya3NcL3YyXC9jcm9wcGVkXC8.webp\" alt=\"\" width=\"600\" height=\"420\" srcset=\"https:\/\/oraziopuglisi.art\/wp-content\/uploads\/2024\/09\/eyJidWNrZXQiOiJzaW5ndWxhcnQtd2Vic2l0ZS1wcm9kIiwia2V5IjoiYXJ0d29ya3NcL3YyXC9jcm9wcGVkXC8.webp 600w, https:\/\/oraziopuglisi.art\/wp-content\/uploads\/2024\/09\/eyJidWNrZXQiOiJzaW5ndWxhcnQtd2Vic2l0ZS1wcm9kIiwia2V5IjoiYXJ0d29ya3NcL3YyXC9jcm9wcGVkXC8-300x210.webp 300w, https:\/\/oraziopuglisi.art\/wp-content\/uploads\/2024\/09\/eyJidWNrZXQiOiJzaW5ndWxhcnQtd2Vic2l0ZS1wcm9kIiwia2V5IjoiYXJ0d29ya3NcL3YyXC9jcm9wcGVkXC8-508x356.webp 508w\" sizes=\"auto, (max-width: 600px) 100vw, 600px\" \/> <img loading=\"lazy\" decoding=\"async\" class=\"alignnone size-full wp-image-13608\" src=\"http:\/\/oraziopuglisi.art\/wp-content\/uploads\/2024\/09\/Francesca-Borgo-1.png\" alt=\"\" width=\"502\" height=\"720\" srcset=\"https:\/\/oraziopuglisi.art\/wp-content\/uploads\/2024\/09\/Francesca-Borgo-1.png 502w, https:\/\/oraziopuglisi.art\/wp-content\/uploads\/2024\/09\/Francesca-Borgo-1-209x300.png 209w\" sizes=\"auto, (max-width: 502px) 100vw, 502px\" \/><\/p>\n","protected":false},"excerpt":{"rendered":"<p>Francesca Borgo est une artiste italienne prim\u00e9e qui a expos\u00e9 ses peintures \u00e0 l&rsquo;\u00e9chelle nationale, en France, en Autriche, au Royaume-Uni, aux Pays-Bas et en Espagne. Pour elle, l&rsquo;art lui permet de fa\u00e7onner la vie autour de ses valeurs, ainsi que la libert\u00e9 personnelle. Dans les paysages abstraits de Borgo, la coexistence d&rsquo;aspects sensoriels suppl\u00e9mentaires [&hellip;]<\/p>\n","protected":false},"author":1,"featured_media":13581,"parent":0,"menu_order":0,"comment_status":"closed","ping_status":"closed","template":"","meta":{"footnotes":""},"class_list":["post-13536","page","type-page","status-publish","has-post-thumbnail","hentry"],"_links":{"self":[{"href":"https:\/\/oraziopuglisi.art\/index.php\/wp-json\/wp\/v2\/pages\/13536","targetHints":{"allow":["GET"]}}],"collection":[{"href":"https:\/\/oraziopuglisi.art\/index.php\/wp-json\/wp\/v2\/pages"}],"about":[{"href":"https:\/\/oraziopuglisi.art\/index.php\/wp-json\/wp\/v2\/types\/page"}],"author":[{"embeddable":true,"href":"https:\/\/oraziopuglisi.art\/index.php\/wp-json\/wp\/v2\/users\/1"}],"replies":[{"embeddable":true,"href":"https:\/\/oraziopuglisi.art\/index.php\/wp-json\/wp\/v2\/comments?post=13536"}],"version-history":[{"count":7,"href":"https:\/\/oraziopuglisi.art\/index.php\/wp-json\/wp\/v2\/pages\/13536\/revisions"}],"predecessor-version":[{"id":13609,"href":"https:\/\/oraziopuglisi.art\/index.php\/wp-json\/wp\/v2\/pages\/13536\/revisions\/13609"}],"wp:featuredmedia":[{"embeddable":true,"href":"https:\/\/oraziopuglisi.art\/index.php\/wp-json\/wp\/v2\/media\/13581"}],"wp:attachment":[{"href":"https:\/\/oraziopuglisi.art\/index.php\/wp-json\/wp\/v2\/media?parent=13536"}],"curies":[{"name":"wp","href":"https:\/\/api.w.org\/{rel}","templated":true}]}}