{"id":13534,"date":"2024-09-23T00:11:48","date_gmt":"2024-09-22T22:11:48","guid":{"rendered":"https:\/\/oraziopuglisi.art\/?page_id=13534"},"modified":"2024-09-23T06:43:13","modified_gmt":"2024-09-23T04:43:13","slug":"tommaso-fattovich","status":"publish","type":"page","link":"https:\/\/oraziopuglisi.art\/index.php\/tommaso-fattovich\/","title":{"rendered":"Tommaso Fattovich"},"content":{"rendered":"<p><img loading=\"lazy\" decoding=\"async\" class=\"alignnone size-full wp-image-13573\" src=\"http:\/\/oraziopuglisi.art\/wp-content\/uploads\/2024\/09\/TFpaint.png\" alt=\"\" width=\"677\" height=\"1000\" srcset=\"https:\/\/oraziopuglisi.art\/wp-content\/uploads\/2024\/09\/TFpaint.png 677w, https:\/\/oraziopuglisi.art\/wp-content\/uploads\/2024\/09\/TFpaint-203x300.png 203w, https:\/\/oraziopuglisi.art\/wp-content\/uploads\/2024\/09\/TFpaint-508x750.png 508w\" sizes=\"auto, (max-width: 677px) 100vw, 677px\" \/><\/p>\n<div class=\"wpb_text_column wpb_content_element \">\n<div class=\"wpb_wrapper\">\n<p style=\"text-align: justify;\">Tommaso Fattovich est un peintre abstrait qui d\u00e9ploie la strat\u00e9gie surr\u00e9aliste de l&rsquo;automatisme pour cr\u00e9er des \u0153uvres brutes, superpos\u00e9es et \u00e9motives qui transmettent des sentiments de d\u00e9solation et de d\u00e9cadence.<\/p>\n<p style=\"text-align: justify;\">Fattovich d\u00e9crit son enfance \u00e0 Milan, en Italie, comme sa premi\u00e8re \u00e9ducation artistique. Peintre autodidacte, il a obtenu une licence en communication et une ma\u00eetrise en commerce international de la Florida Atlantic University \u00e0 Boca Raton.<\/p>\n<p style=\"text-align: justify;\">Fattovich appelle son style \u00ab Abstract Punk \u00bb. Il rejette d\u00e9lib\u00e9r\u00e9ment les techniques traditionnelles au profit de strat\u00e9gies d\u2019art brut. Peignant avec un m\u00e9lange d\u2019acrylique et d\u2019autres m\u00e9diums sur des toiles \u00e0 grande \u00e9chelle, il utilise ses mains et d\u2019autres outils, comme des truelles \u00e0 pl\u00e2tre et des fourchettes, pour ajouter des textures et des dimensions brutes \u00e0 ses surfaces. \u00ab J\u2019utilise tout ce que je peux pour faire cette marque \u00bb, dit-il. \u00ab Ce n\u2019est m\u00eame pas un coup de pinceau. \u00bb Ses compositions \u00e9voluent selon un processus subliminal dans lequel il r\u00e9agit visc\u00e9ralement aux couleurs, aux couches, aux lignes et aux formes, poussant chaque composition jusqu\u2019\u00e0 ce qu\u2019elle se r\u00e9v\u00e8le \u00e0 lui comme \u00e9tant achev\u00e9e. C\u2019est, dit-il, la partie la plus gratifiante du processus artistique : d\u00e9couvrir le moment o\u00f9 l\u2019\u0153uvre est devenue \u00ab ce qu\u2019elle \u00e9tait cens\u00e9e \u00eatre \u00bb, puis se connecter avec un spectateur qui r\u00e9agit \u00e0 l\u2019\u0153uvre.<\/p>\n<p style=\"text-align: justify;\">Fattovich est anim\u00e9 par un profond besoin int\u00e9rieur d\u2019exprimer son \u00e9nergie et sa spontan\u00e9it\u00e9. L\u2019imagerie de son travail est le reflet de ce qu\u2019il appelle des \u00ab environnements surr\u00e9alistes d\u00e9truits \u00bb. La rouille et la racaille de l\u2019environnement urbain en d\u00e9composition, \u00e0 la fois dans sa ville natale de Milan et dans sa patrie d\u2019adoption en Floride, se retrouvent dans ses compositions. Des fragments du monde moderne semblent appara\u00eetre puis dispara\u00eetre dans l\u2019\u0153uvre. La cl\u00e9 de son inspiration, dit-il, est la recherche d\u2019une r\u00e9ponse sensorielle \u00e0 la vie, qui se traduira par une connexion \u00e9motionnelle qui peut \u00eatre \u00ab continuellement red\u00e9finie par le spectateur \u00bb.<\/p>\n<p style=\"text-align: justify;\">\u00ab C&rsquo;est un combat de trouver le bon moment lorsque le tableau est termin\u00e9. Chaque tableau est l&rsquo;histoire de la lutte que vous avez d\u00fb traverser pour y arriver. C&rsquo;est pour cela que je peins. Parce qu&rsquo;il est difficile de mettre en mots des choses visuelles et pleines d&rsquo;\u00e9motion. \u00bb<\/p>\n<p style=\"text-align: justify;\">Les \u0153uvres de Fattovich sont pr\u00e9sentes dans de nombreuses collections priv\u00e9es. Parmi ses r\u00e9centes expositions, citons le Boca Raton Museum of Art, Spectrum Miami (Red Dot Art Fair), Eighteen: The Most Influential Emerging Artists in Miami \u00e0 la Blink Group Fine Art Gallery et Art Boca Raton \u2013 International Art Fair.<\/p>\n<\/div>\n<\/div>\n<div class=\"wpb_text_column wpb_content_element \">\n<div class=\"wpb_wrapper\">\n<p>Courriel | tommyfattoh@aol.com<br \/>\nWeb |\u00a0<a href=\"http:\/\/www.fattovichworks.com\/\">fattovichworks.com<\/a><br \/>\nIG |\u00a0<a href=\"https:\/\/www.instagram.com\/tommasofattovich\/\">@tommasofattovich<\/a><br \/>\n<a href=\"https:\/\/vimeo.com\/298475957\">Vid\u00e9o vedette<\/a><br \/>\n<a href=\"https:\/\/www.instagram.com\/tv\/CRjpMptFhHs\/\">Vid\u00e9o de d\u00e9monstration de l&rsquo;artiste<\/a><\/p>\n<\/div>\n<\/div>\n<p><img loading=\"lazy\" decoding=\"async\" class=\"alignnone size-full wp-image-13549\" src=\"http:\/\/oraziopuglisi.art\/wp-content\/uploads\/2024\/09\/Fattovich_Tommaso_Bones_NotFramed_1520x1220_ORI_IMP_master.webp\" alt=\"\" width=\"400\" height=\"489\" srcset=\"https:\/\/oraziopuglisi.art\/wp-content\/uploads\/2024\/09\/Fattovich_Tommaso_Bones_NotFramed_1520x1220_ORI_IMP_master.webp 400w, https:\/\/oraziopuglisi.art\/wp-content\/uploads\/2024\/09\/Fattovich_Tommaso_Bones_NotFramed_1520x1220_ORI_IMP_master-245x300.webp 245w\" sizes=\"auto, (max-width: 400px) 100vw, 400px\" \/> <img loading=\"lazy\" decoding=\"async\" class=\"alignnone size-full wp-image-13551\" src=\"http:\/\/oraziopuglisi.art\/wp-content\/uploads\/2024\/09\/FattovichTommaso_ClayPigeons_NotFramed_1016x762mm_ORI_IMP_master.webp\" alt=\"\" width=\"400\" height=\"519\" srcset=\"https:\/\/oraziopuglisi.art\/wp-content\/uploads\/2024\/09\/FattovichTommaso_ClayPigeons_NotFramed_1016x762mm_ORI_IMP_master.webp 400w, https:\/\/oraziopuglisi.art\/wp-content\/uploads\/2024\/09\/FattovichTommaso_ClayPigeons_NotFramed_1016x762mm_ORI_IMP_master-231x300.webp 231w\" sizes=\"auto, (max-width: 400px) 100vw, 400px\" \/> <img loading=\"lazy\" decoding=\"async\" class=\"alignnone size-full wp-image-13552\" src=\"http:\/\/oraziopuglisi.art\/wp-content\/uploads\/2024\/09\/FattovichTommaso_EyesDidntLetMeOpen_NotFramed_1524x1219mm_ORI_IMP_mast.webp\" alt=\"\" width=\"1031\" height=\"1278\" srcset=\"https:\/\/oraziopuglisi.art\/wp-content\/uploads\/2024\/09\/FattovichTommaso_EyesDidntLetMeOpen_NotFramed_1524x1219mm_ORI_IMP_mast.webp 1031w, https:\/\/oraziopuglisi.art\/wp-content\/uploads\/2024\/09\/FattovichTommaso_EyesDidntLetMeOpen_NotFramed_1524x1219mm_ORI_IMP_mast-242x300.webp 242w, https:\/\/oraziopuglisi.art\/wp-content\/uploads\/2024\/09\/FattovichTommaso_EyesDidntLetMeOpen_NotFramed_1524x1219mm_ORI_IMP_mast-826x1024.webp 826w, https:\/\/oraziopuglisi.art\/wp-content\/uploads\/2024\/09\/FattovichTommaso_EyesDidntLetMeOpen_NotFramed_1524x1219mm_ORI_IMP_mast-768x952.webp 768w, https:\/\/oraziopuglisi.art\/wp-content\/uploads\/2024\/09\/FattovichTommaso_EyesDidntLetMeOpen_NotFramed_1524x1219mm_ORI_IMP_mast-508x630.webp 508w\" sizes=\"auto, (max-width: 1031px) 100vw, 1031px\" \/> <img loading=\"lazy\" decoding=\"async\" class=\"alignnone size-full wp-image-13553\" src=\"http:\/\/oraziopuglisi.art\/wp-content\/uploads\/2024\/09\/FattovichTommaso_GravityDrops_NotFramed_2019_1525x1220mm_ORI_IMP_master.webp\" alt=\"\" width=\"400\" height=\"490\" srcset=\"https:\/\/oraziopuglisi.art\/wp-content\/uploads\/2024\/09\/FattovichTommaso_GravityDrops_NotFramed_2019_1525x1220mm_ORI_IMP_master.webp 400w, https:\/\/oraziopuglisi.art\/wp-content\/uploads\/2024\/09\/FattovichTommaso_GravityDrops_NotFramed_2019_1525x1220mm_ORI_IMP_master-245x300.webp 245w\" sizes=\"auto, (max-width: 400px) 100vw, 400px\" \/> <img loading=\"lazy\" decoding=\"async\" class=\"alignnone size-full wp-image-13554\" src=\"http:\/\/oraziopuglisi.art\/wp-content\/uploads\/2024\/09\/FattovichTommaso_HologramsCascade_NotFramed_1524x1219mm_ORI_IMP_master.webp\" alt=\"\" width=\"1038\" height=\"1283\" srcset=\"https:\/\/oraziopuglisi.art\/wp-content\/uploads\/2024\/09\/FattovichTommaso_HologramsCascade_NotFramed_1524x1219mm_ORI_IMP_master.webp 1038w, https:\/\/oraziopuglisi.art\/wp-content\/uploads\/2024\/09\/FattovichTommaso_HologramsCascade_NotFramed_1524x1219mm_ORI_IMP_master-243x300.webp 243w, https:\/\/oraziopuglisi.art\/wp-content\/uploads\/2024\/09\/FattovichTommaso_HologramsCascade_NotFramed_1524x1219mm_ORI_IMP_master-828x1024.webp 828w, https:\/\/oraziopuglisi.art\/wp-content\/uploads\/2024\/09\/FattovichTommaso_HologramsCascade_NotFramed_1524x1219mm_ORI_IMP_master-768x949.webp 768w, https:\/\/oraziopuglisi.art\/wp-content\/uploads\/2024\/09\/FattovichTommaso_HologramsCascade_NotFramed_1524x1219mm_ORI_IMP_master-508x628.webp 508w\" sizes=\"auto, (max-width: 1038px) 100vw, 1038px\" \/> <img loading=\"lazy\" decoding=\"async\" class=\"alignnone size-full wp-image-13555\" src=\"http:\/\/oraziopuglisi.art\/wp-content\/uploads\/2024\/09\/FattovichTommaso_NotFramed_GrandPappyDuPlenty_610x510mm_ORI_IMP_master.webp\" alt=\"\" width=\"400\" height=\"478\" srcset=\"https:\/\/oraziopuglisi.art\/wp-content\/uploads\/2024\/09\/FattovichTommaso_NotFramed_GrandPappyDuPlenty_610x510mm_ORI_IMP_master.webp 400w, https:\/\/oraziopuglisi.art\/wp-content\/uploads\/2024\/09\/FattovichTommaso_NotFramed_GrandPappyDuPlenty_610x510mm_ORI_IMP_master-251x300.webp 251w\" sizes=\"auto, (max-width: 400px) 100vw, 400px\" \/> <img loading=\"lazy\" decoding=\"async\" class=\"alignnone size-full wp-image-13556\" src=\"http:\/\/oraziopuglisi.art\/wp-content\/uploads\/2024\/09\/FattovichTommaso_NotFramed_MagicTree_1520x1220mm_ORI_IMP_master.webp\" alt=\"\" width=\"400\" height=\"494\" srcset=\"https:\/\/oraziopuglisi.art\/wp-content\/uploads\/2024\/09\/FattovichTommaso_NotFramed_MagicTree_1520x1220mm_ORI_IMP_master.webp 400w, https:\/\/oraziopuglisi.art\/wp-content\/uploads\/2024\/09\/FattovichTommaso_NotFramed_MagicTree_1520x1220mm_ORI_IMP_master-243x300.webp 243w\" sizes=\"auto, (max-width: 400px) 100vw, 400px\" \/> <img loading=\"lazy\" decoding=\"async\" class=\"alignnone size-full wp-image-13557\" src=\"http:\/\/oraziopuglisi.art\/wp-content\/uploads\/2024\/09\/FattovichTommaso_NotFramed_NeonCrickets_1520x1220mm_ORI_IMP_master.webp\" alt=\"\" width=\"400\" height=\"491\" srcset=\"https:\/\/oraziopuglisi.art\/wp-content\/uploads\/2024\/09\/FattovichTommaso_NotFramed_NeonCrickets_1520x1220mm_ORI_IMP_master.webp 400w, https:\/\/oraziopuglisi.art\/wp-content\/uploads\/2024\/09\/FattovichTommaso_NotFramed_NeonCrickets_1520x1220mm_ORI_IMP_master-244x300.webp 244w\" sizes=\"auto, (max-width: 400px) 100vw, 400px\" \/> <img loading=\"lazy\" decoding=\"async\" class=\"alignnone size-full wp-image-13558\" src=\"http:\/\/oraziopuglisi.art\/wp-content\/uploads\/2024\/09\/FattovichTommaso_NotFramed_Punk_610x510mm_ORI_IMP_master-1.webp\" alt=\"\" width=\"400\" height=\"472\" \/> <img loading=\"lazy\" decoding=\"async\" class=\"alignnone size-full wp-image-13559\" src=\"http:\/\/oraziopuglisi.art\/wp-content\/uploads\/2024\/09\/FattovichTommaso_NotFramed_Punk_610x510mm_ORI_IMP_master.webp\" alt=\"\" width=\"400\" height=\"472\" srcset=\"https:\/\/oraziopuglisi.art\/wp-content\/uploads\/2024\/09\/FattovichTommaso_NotFramed_Punk_610x510mm_ORI_IMP_master.webp 400w, https:\/\/oraziopuglisi.art\/wp-content\/uploads\/2024\/09\/FattovichTommaso_NotFramed_Punk_610x510mm_ORI_IMP_master-254x300.webp 254w\" sizes=\"auto, (max-width: 400px) 100vw, 400px\" \/> <img loading=\"lazy\" decoding=\"async\" class=\"alignnone size-full wp-image-13560\" src=\"http:\/\/oraziopuglisi.art\/wp-content\/uploads\/2024\/09\/FattovichTommaso_NotFramed_TankDiving_1520x1220mm_ORI_IMP_master.webp\" alt=\"\" width=\"400\" height=\"493\" srcset=\"https:\/\/oraziopuglisi.art\/wp-content\/uploads\/2024\/09\/FattovichTommaso_NotFramed_TankDiving_1520x1220mm_ORI_IMP_master.webp 400w, https:\/\/oraziopuglisi.art\/wp-content\/uploads\/2024\/09\/FattovichTommaso_NotFramed_TankDiving_1520x1220mm_ORI_IMP_master-243x300.webp 243w\" sizes=\"auto, (max-width: 400px) 100vw, 400px\" \/> <img loading=\"lazy\" decoding=\"async\" class=\"alignnone size-full wp-image-13561\" src=\"http:\/\/oraziopuglisi.art\/wp-content\/uploads\/2024\/09\/FattovichTommaso_NotFramed_TryingyourLuck_610x510mm_ORI_IMP_master.webp\" alt=\"\" width=\"400\" height=\"475\" srcset=\"https:\/\/oraziopuglisi.art\/wp-content\/uploads\/2024\/09\/FattovichTommaso_NotFramed_TryingyourLuck_610x510mm_ORI_IMP_master.webp 400w, https:\/\/oraziopuglisi.art\/wp-content\/uploads\/2024\/09\/FattovichTommaso_NotFramed_TryingyourLuck_610x510mm_ORI_IMP_master-253x300.webp 253w\" sizes=\"auto, (max-width: 400px) 100vw, 400px\" \/> <img loading=\"lazy\" decoding=\"async\" class=\"alignnone size-full wp-image-13562\" src=\"http:\/\/oraziopuglisi.art\/wp-content\/uploads\/2024\/09\/FattovichTommaso_OfMajorImportance_NotFramed_1524x1220mm_ORI_master.webp\" alt=\"\" width=\"400\" height=\"488\" srcset=\"https:\/\/oraziopuglisi.art\/wp-content\/uploads\/2024\/09\/FattovichTommaso_OfMajorImportance_NotFramed_1524x1220mm_ORI_master.webp 400w, https:\/\/oraziopuglisi.art\/wp-content\/uploads\/2024\/09\/FattovichTommaso_OfMajorImportance_NotFramed_1524x1220mm_ORI_master-246x300.webp 246w\" sizes=\"auto, (max-width: 400px) 100vw, 400px\" \/> <img loading=\"lazy\" decoding=\"async\" class=\"alignnone size-full wp-image-13563\" src=\"http:\/\/oraziopuglisi.art\/wp-content\/uploads\/2024\/09\/FattovichTommaso_RedCloud_2020_1980x2130mm_ORI_IMP_master.webp\" alt=\"\" width=\"400\" height=\"376\" srcset=\"https:\/\/oraziopuglisi.art\/wp-content\/uploads\/2024\/09\/FattovichTommaso_RedCloud_2020_1980x2130mm_ORI_IMP_master.webp 400w, https:\/\/oraziopuglisi.art\/wp-content\/uploads\/2024\/09\/FattovichTommaso_RedCloud_2020_1980x2130mm_ORI_IMP_master-300x282.webp 300w\" sizes=\"auto, (max-width: 400px) 100vw, 400px\" \/> <img loading=\"lazy\" decoding=\"async\" class=\"alignnone size-full wp-image-13564\" src=\"http:\/\/oraziopuglisi.art\/wp-content\/uploads\/2024\/09\/FattovichTommaso_StazioneCentrale_NotFramed_2019_1520x1220mm_ORI_IMP_master.webp\" alt=\"\" width=\"400\" height=\"485\" srcset=\"https:\/\/oraziopuglisi.art\/wp-content\/uploads\/2024\/09\/FattovichTommaso_StazioneCentrale_NotFramed_2019_1520x1220mm_ORI_IMP_master.webp 400w, https:\/\/oraziopuglisi.art\/wp-content\/uploads\/2024\/09\/FattovichTommaso_StazioneCentrale_NotFramed_2019_1520x1220mm_ORI_IMP_master-247x300.webp 247w\" sizes=\"auto, (max-width: 400px) 100vw, 400px\" \/> <img loading=\"lazy\" decoding=\"async\" class=\"alignnone size-full wp-image-13565\" src=\"http:\/\/oraziopuglisi.art\/wp-content\/uploads\/2024\/09\/FattovichTommaso_Stracciare_NotFramed_1370x2740mm_ORI_IMP_master.webp\" alt=\"\" width=\"400\" height=\"203\" srcset=\"https:\/\/oraziopuglisi.art\/wp-content\/uploads\/2024\/09\/FattovichTommaso_Stracciare_NotFramed_1370x2740mm_ORI_IMP_master.webp 400w, https:\/\/oraziopuglisi.art\/wp-content\/uploads\/2024\/09\/FattovichTommaso_Stracciare_NotFramed_1370x2740mm_ORI_IMP_master-300x152.webp 300w\" sizes=\"auto, (max-width: 400px) 100vw, 400px\" \/> <img loading=\"lazy\" decoding=\"async\" class=\"alignnone size-full wp-image-13566\" src=\"http:\/\/oraziopuglisi.art\/wp-content\/uploads\/2024\/09\/FattovichTommaso_Superpang_NotFramed_1524x1219mm_ORI_IMP_master.webp\" alt=\"\" width=\"400\" height=\"490\" srcset=\"https:\/\/oraziopuglisi.art\/wp-content\/uploads\/2024\/09\/FattovichTommaso_Superpang_NotFramed_1524x1219mm_ORI_IMP_master.webp 400w, https:\/\/oraziopuglisi.art\/wp-content\/uploads\/2024\/09\/FattovichTommaso_Superpang_NotFramed_1524x1219mm_ORI_IMP_master-245x300.webp 245w\" sizes=\"auto, (max-width: 400px) 100vw, 400px\" \/> <img loading=\"lazy\" decoding=\"async\" class=\"alignnone size-full wp-image-13567\" src=\"http:\/\/oraziopuglisi.art\/wp-content\/uploads\/2024\/09\/FattovichTommaso_WeCanGetGum_NotFramed_1524x1220mm_ORI_master.webp\" alt=\"\" width=\"400\" height=\"486\" srcset=\"https:\/\/oraziopuglisi.art\/wp-content\/uploads\/2024\/09\/FattovichTommaso_WeCanGetGum_NotFramed_1524x1220mm_ORI_master.webp 400w, https:\/\/oraziopuglisi.art\/wp-content\/uploads\/2024\/09\/FattovichTommaso_WeCanGetGum_NotFramed_1524x1220mm_ORI_master-247x300.webp 247w\" sizes=\"auto, (max-width: 400px) 100vw, 400px\" \/> <img loading=\"lazy\" decoding=\"async\" class=\"alignnone size-full wp-image-13568\" src=\"http:\/\/oraziopuglisi.art\/wp-content\/uploads\/2024\/09\/FattovichTommasOut-Land.webp\" alt=\"\" width=\"400\" height=\"400\" srcset=\"https:\/\/oraziopuglisi.art\/wp-content\/uploads\/2024\/09\/FattovichTommasOut-Land.webp 400w, https:\/\/oraziopuglisi.art\/wp-content\/uploads\/2024\/09\/FattovichTommasOut-Land-300x300.webp 300w, https:\/\/oraziopuglisi.art\/wp-content\/uploads\/2024\/09\/FattovichTommasOut-Land-150x150.webp 150w\" sizes=\"auto, (max-width: 400px) 100vw, 400px\" \/> <img loading=\"lazy\" decoding=\"async\" class=\"alignnone size-full wp-image-13569\" src=\"http:\/\/oraziopuglisi.art\/wp-content\/uploads\/2024\/09\/FattovichTommasso_SoyUnGuerreroYBuscoPeligro_NotFramed_1524X1220mm_ORI_IMP_master.webp\" alt=\"\" width=\"400\" height=\"489\" srcset=\"https:\/\/oraziopuglisi.art\/wp-content\/uploads\/2024\/09\/FattovichTommasso_SoyUnGuerreroYBuscoPeligro_NotFramed_1524X1220mm_ORI_IMP_master.webp 400w, https:\/\/oraziopuglisi.art\/wp-content\/uploads\/2024\/09\/FattovichTommasso_SoyUnGuerreroYBuscoPeligro_NotFramed_1524X1220mm_ORI_IMP_master-245x300.webp 245w\" sizes=\"auto, (max-width: 400px) 100vw, 400px\" \/> <img loading=\"lazy\" decoding=\"async\" class=\"alignnone size-full wp-image-13570\" src=\"http:\/\/oraziopuglisi.art\/wp-content\/uploads\/2024\/09\/Liminal.webp\" alt=\"\" width=\"400\" height=\"400\" srcset=\"https:\/\/oraziopuglisi.art\/wp-content\/uploads\/2024\/09\/Liminal.webp 400w, https:\/\/oraziopuglisi.art\/wp-content\/uploads\/2024\/09\/Liminal-300x300.webp 300w, https:\/\/oraziopuglisi.art\/wp-content\/uploads\/2024\/09\/Liminal-150x150.webp 150w\" sizes=\"auto, (max-width: 400px) 100vw, 400px\" \/> <img loading=\"lazy\" decoding=\"async\" class=\"alignnone size-full wp-image-13571\" src=\"http:\/\/oraziopuglisi.art\/wp-content\/uploads\/2024\/09\/MAIN_FattovichTommaso_JudoChopFreestyle_AB_NotFramed_1524x2436mm_ORI_IMP_master.webp\" alt=\"\" width=\"400\" height=\"251\" srcset=\"https:\/\/oraziopuglisi.art\/wp-content\/uploads\/2024\/09\/MAIN_FattovichTommaso_JudoChopFreestyle_AB_NotFramed_1524x2436mm_ORI_IMP_master.webp 400w, https:\/\/oraziopuglisi.art\/wp-content\/uploads\/2024\/09\/MAIN_FattovichTommaso_JudoChopFreestyle_AB_NotFramed_1524x2436mm_ORI_IMP_master-300x188.webp 300w\" sizes=\"auto, (max-width: 400px) 100vw, 400px\" \/> <img loading=\"lazy\" decoding=\"async\" class=\"alignnone size-full wp-image-13572\" src=\"http:\/\/oraziopuglisi.art\/wp-content\/uploads\/2024\/09\/Wish_master.webp\" alt=\"\" width=\"400\" height=\"509\" srcset=\"https:\/\/oraziopuglisi.art\/wp-content\/uploads\/2024\/09\/Wish_master.webp 400w, https:\/\/oraziopuglisi.art\/wp-content\/uploads\/2024\/09\/Wish_master-236x300.webp 236w\" sizes=\"auto, (max-width: 400px) 100vw, 400px\" \/><\/p>\n","protected":false},"excerpt":{"rendered":"<p>Tommaso Fattovich est un peintre abstrait qui d\u00e9ploie la strat\u00e9gie surr\u00e9aliste de l&rsquo;automatisme pour cr\u00e9er des \u0153uvres brutes, superpos\u00e9es et \u00e9motives qui transmettent des sentiments de d\u00e9solation et de d\u00e9cadence. Fattovich d\u00e9crit son enfance \u00e0 Milan, en Italie, comme sa premi\u00e8re \u00e9ducation artistique. Peintre autodidacte, il a obtenu une licence en communication et une ma\u00eetrise [&hellip;]<\/p>\n","protected":false},"author":1,"featured_media":13572,"parent":0,"menu_order":0,"comment_status":"closed","ping_status":"closed","template":"","meta":{"footnotes":""},"class_list":["post-13534","page","type-page","status-publish","has-post-thumbnail","hentry"],"_links":{"self":[{"href":"https:\/\/oraziopuglisi.art\/index.php\/wp-json\/wp\/v2\/pages\/13534","targetHints":{"allow":["GET"]}}],"collection":[{"href":"https:\/\/oraziopuglisi.art\/index.php\/wp-json\/wp\/v2\/pages"}],"about":[{"href":"https:\/\/oraziopuglisi.art\/index.php\/wp-json\/wp\/v2\/types\/page"}],"author":[{"embeddable":true,"href":"https:\/\/oraziopuglisi.art\/index.php\/wp-json\/wp\/v2\/users\/1"}],"replies":[{"embeddable":true,"href":"https:\/\/oraziopuglisi.art\/index.php\/wp-json\/wp\/v2\/comments?post=13534"}],"version-history":[{"count":6,"href":"https:\/\/oraziopuglisi.art\/index.php\/wp-json\/wp\/v2\/pages\/13534\/revisions"}],"predecessor-version":[{"id":13578,"href":"https:\/\/oraziopuglisi.art\/index.php\/wp-json\/wp\/v2\/pages\/13534\/revisions\/13578"}],"wp:featuredmedia":[{"embeddable":true,"href":"https:\/\/oraziopuglisi.art\/index.php\/wp-json\/wp\/v2\/media\/13572"}],"wp:attachment":[{"href":"https:\/\/oraziopuglisi.art\/index.php\/wp-json\/wp\/v2\/media?parent=13534"}],"curies":[{"name":"wp","href":"https:\/\/api.w.org\/{rel}","templated":true}]}}