{"id":13511,"date":"2024-09-22T22:22:04","date_gmt":"2024-09-22T20:22:04","guid":{"rendered":"https:\/\/oraziopuglisi.art\/?page_id=13511"},"modified":"2024-09-22T23:32:05","modified_gmt":"2024-09-22T21:32:05","slug":"roberto-ferri","status":"publish","type":"page","link":"https:\/\/oraziopuglisi.art\/index.php\/roberto-ferri\/","title":{"rendered":"Roberto Ferri"},"content":{"rendered":"<p>&nbsp;<\/p>\n<p style=\"text-align: center;\"><a href=\"https:\/\/www.robertoferri.net\/\">Site de l&rsquo;Artiste<\/a><\/p>\n<p style=\"text-align: justify;\"><b>Roberto Ferri<\/b>, n\u00e9 en 1978, est un artiste et\u00a0<a title=\"Peinture (art)\" href=\"https:\/\/fr.wikipedia.org\/wiki\/Peinture_(art)\">peintre<\/a>\u00a0<a title=\"Italiens\" href=\"https:\/\/fr.wikipedia.org\/wiki\/Italiens\">italien<\/a>\u00a0n\u00e9 \u00e0\u00a0<a title=\"Tarente\" href=\"https:\/\/fr.wikipedia.org\/wiki\/Tarente\">Tarente<\/a>,\u00a0<a title=\"Italie\" href=\"https:\/\/fr.wikipedia.org\/wiki\/Italie\">en Italie<\/a>\u00a0qui s&rsquo;est profond\u00e9ment inspir\u00e9 de l&rsquo;art\u00a0<a title=\"Baroque\" href=\"https:\/\/fr.wikipedia.org\/wiki\/Baroque\">Baroque<\/a>\u00a0(<a title=\"Le Caravage\" href=\"https:\/\/fr.wikipedia.org\/wiki\/Le_Caravage\">le Caravage<\/a>\u00a0en particulier) et des grands ma\u00eetres de\u00a0<a title=\"Romantisme\" href=\"https:\/\/fr.wikipedia.org\/wiki\/Romantisme\">Romantisme<\/a>, de\u00a0<a title=\"Art acad\u00e9mique\" href=\"https:\/\/fr.wikipedia.org\/wiki\/Art_acad%C3%A9mique\">l&rsquo;Acad\u00e9mie<\/a>, et\u00a0<a title=\"Symbolisme (art)\" href=\"https:\/\/fr.wikipedia.org\/wiki\/Symbolisme_(art)\">du Symbolisme<\/a>.<\/p>\n<p style=\"text-align: justify;\">En 1996, il est dipl\u00f4m\u00e9 de l&rsquo;<i>Liceo Artistico Lisippo Tarente<\/i>, une \u00e9cole d&rsquo;art locale dans sa ville natale. Il a commenc\u00e9 \u00e0 \u00e9tudier la peinture et a d\u00e9m\u00e9nag\u00e9 \u00e0\u00a0<a title=\"Rome\" href=\"https:\/\/fr.wikipedia.org\/wiki\/Rome\">Rome<\/a>\u00a0en 1999, afin de renforcer ses recherches sur la\u00a0<a title=\"Histoire de la peinture\" href=\"https:\/\/fr.wikipedia.org\/wiki\/Histoire_de_la_peinture\">peinture ancienne<\/a>, en particulier dans les p\u00e9riodes du d\u00e9but \u00e0 la fin du\u00a0<abbr class=\"abbr\" title=\"Seizi\u00e8me\">16<sup>e<\/sup><\/abbr>\u00a0si\u00e8cle. En 2006, il est dipl\u00f4m\u00e9 avec les honneurs de l&rsquo;<a title=\"Accademia di San Luca\" href=\"https:\/\/fr.wikipedia.org\/wiki\/Accademia_di_San_Luca\">Acad\u00e9mie des Beaux-Arts<\/a>\u00a0\u00e0 Rome.<\/p>\n<p style=\"text-align: justify;\">Son travail est pr\u00e9sent dans d&rsquo;importantes collections priv\u00e9es \u00e0 Rome, Milan, Londres, Paris, New York, Madrid, Barcelone, Miami, San Antonio, Qatar, Dublin, Boston, Malte, ou encore au Ch\u00e2teau de M\u00e9nerbes en Provence. Son travail a \u00e9t\u00e9 pr\u00e9sent\u00e9 dans le\u00a0 pavillon italien controvers\u00e9\u00a0<a title=\"Biennale de Venise\" href=\"https:\/\/fr.wikipedia.org\/wiki\/Biennale_de_Venise\">Biennale de Venise<\/a> en 2011, et a \u00e9t\u00e9 expos\u00e9 au Palazzo Cini, \u00e0 Venise, dans la\u00a0<a class=\"new\" title=\"Kitsch Biennale (page inexistante)\" href=\"https:\/\/fr.wikipedia.org\/w\/index.php?title=Kitsch_Biennale&amp;action=edit&amp;redlink=1\">Kitsch Biennale<\/a>\u00a0de 2010.<\/p>\n<h2>\u00a0<\/h2>\n<ul>\n<li style=\"text-align: justify;\"><a class=\"external text\" href=\"https:\/\/books.google.com\/books?id=l9yFPgAACAAJ&amp;dq=roberto+ferri\" rel=\"nofollow\"><i>Roberto Ferri: oltre i sensi<\/i>\u00a0par Roberto Ferri &amp; Fabio Isman<\/a><small class=\"cachelinks\">\u00a0[<a title=\"archive sur Wikiwix\" href=\"https:\/\/archive.wikiwix.com\/cache\/?url=https%3A%2F%2Fbooks.google.com%2Fbooks%3Fid%3Dl9yFPgAACAAJ%26dq%3Droberto%2Bferri\">archive<\/a>]<\/small>, Institut Culturel Italien (Londres, Angleterre), le Palazzo del Vittoriano (Rome, Italie), l&rsquo;Institut Culturel italien (New York), 2009;\u00a0<small>(<a title=\"International Standard Book Number\" href=\"https:\/\/fr.wikipedia.org\/wiki\/International_Standard_Book_Number\">ISBN<\/a>\u00a0<a title=\"Sp\u00e9cial:Ouvrages de r\u00e9f\u00e9rence\/88-572-0211-9\" href=\"https:\/\/fr.wikipedia.org\/wiki\/Sp%C3%A9cial:Ouvrages_de_r%C3%A9f%C3%A9rence\/88-572-0211-9\"><span class=\"nowrap\">88-572-0211-9<\/span><\/a>)<\/small>.<\/li>\n<\/ul>\n<p>&nbsp;<\/p>\n<p style=\"text-align: center;\">Toutes les vid\u00e9os en bas de la page<\/p>\n<p><img loading=\"lazy\" decoding=\"async\" class=\"alignnone size-full wp-image-12414\" src=\"http:\/\/cultureetvoyages.fun\/wp-content\/uploads\/2023\/09\/1_FB5pFvBBH8wxSicBXTpQHw.jpg\" alt=\"\" width=\"711\" height=\"1280\" \/> <img loading=\"lazy\" decoding=\"async\" class=\"alignnone size-full wp-image-12415\" src=\"http:\/\/cultureetvoyages.fun\/wp-content\/uploads\/2023\/09\/1c681c9a-7150-41c5-be3c-e50a92d5ed07.jpeg\" alt=\"\" width=\"2048\" height=\"2304\" \/> <img loading=\"lazy\" decoding=\"async\" class=\"alignnone size-full wp-image-12416\" src=\"http:\/\/cultureetvoyages.fun\/wp-content\/uploads\/2023\/09\/3ce51746-daf1-4264-884b-6f6d93d781f9.webp\" alt=\"\" width=\"512\" height=\"768\" \/> <img loading=\"lazy\" decoding=\"async\" class=\"alignnone size-full wp-image-12417\" src=\"http:\/\/cultureetvoyages.fun\/wp-content\/uploads\/2023\/09\/6c65d32a-cce6-4bf8-8344-0204d7e6b07d-scaled.jpeg\" alt=\"\" width=\"1707\" height=\"2560\" \/> <img loading=\"lazy\" decoding=\"async\" class=\"alignnone size-full wp-image-12418\" src=\"http:\/\/cultureetvoyages.fun\/wp-content\/uploads\/2023\/09\/7f67ca999d14feb9f7949db8d3db5083.jpg\" alt=\"\" width=\"320\" height=\"600\" \/> <img loading=\"lazy\" decoding=\"async\" class=\"alignnone size-full wp-image-12419\" src=\"http:\/\/cultureetvoyages.fun\/wp-content\/uploads\/2023\/09\/7fef7b624d6b04d78bfa18027c503112-1.jpg\" alt=\"\" width=\"560\" height=\"360\" \/> <img loading=\"lazy\" decoding=\"async\" class=\"alignnone size-full wp-image-12421\" src=\"http:\/\/cultureetvoyages.fun\/wp-content\/uploads\/2023\/09\/09a3dc3c-e036-466a-af3a-4893d43176a5.webp\" alt=\"\" width=\"512\" height=\"768\" \/> <img loading=\"lazy\" decoding=\"async\" class=\"alignnone size-full wp-image-12422\" src=\"http:\/\/cultureetvoyages.fun\/wp-content\/uploads\/2023\/09\/37e90aebf6851b359018e630d7652905.png\" alt=\"\" width=\"1000\" height=\"650\" \/> <img loading=\"lazy\" decoding=\"async\" class=\"alignnone size-full wp-image-12423\" src=\"http:\/\/cultureetvoyages.fun\/wp-content\/uploads\/2023\/09\/72ac2354-2c85-40b3-8b16-4179329dc5ec.webp\" alt=\"\" width=\"512\" height=\"768\" \/> <img loading=\"lazy\" decoding=\"async\" class=\"alignnone size-full wp-image-12424\" src=\"http:\/\/cultureetvoyages.fun\/wp-content\/uploads\/2023\/09\/650223mfa.jpg\" alt=\"\" width=\"900\" height=\"1291\" \/> <img loading=\"lazy\" decoding=\"async\" class=\"alignnone size-full wp-image-12425\" src=\"http:\/\/cultureetvoyages.fun\/wp-content\/uploads\/2023\/09\/702834@2x.jpeg\" alt=\"\" width=\"604\" height=\"597\" \/> <img loading=\"lazy\" decoding=\"async\" class=\"alignnone size-full wp-image-12426\" src=\"http:\/\/cultureetvoyages.fun\/wp-content\/uploads\/2023\/09\/702839@2x.jpeg\" alt=\"\" width=\"1000\" height=\"1278\" \/> <img loading=\"lazy\" decoding=\"async\" class=\"alignnone size-full wp-image-12427\" src=\"http:\/\/cultureetvoyages.fun\/wp-content\/uploads\/2023\/09\/868479cd-2545-4a78-ba15-3b16b5766301.jpeg\" alt=\"\" width=\"2048\" height=\"2304\" \/> <img loading=\"lazy\" decoding=\"async\" class=\"alignnone size-full wp-image-12428\" src=\"http:\/\/cultureetvoyages.fun\/wp-content\/uploads\/2023\/09\/84271031-014b-42ac-8146-2bd7aea764fa.jpeg\" alt=\"\" width=\"2048\" height=\"2304\" \/> <img loading=\"lazy\" decoding=\"async\" class=\"alignnone size-full wp-image-12429\" src=\"http:\/\/cultureetvoyages.fun\/wp-content\/uploads\/2023\/09\/baroque-and-surrealism-formidable-neoclassical-paintings-by-roberto-ferri-sharecover.jpg\" alt=\"\" width=\"1200\" height=\"630\" \/> <img loading=\"lazy\" decoding=\"async\" class=\"alignnone size-full wp-image-12430\" src=\"http:\/\/cultureetvoyages.fun\/wp-content\/uploads\/2023\/09\/c744250c-9488-4779-82c0-ee12bc653ad9.webp\" alt=\"\" width=\"512\" height=\"768\" \/> <img loading=\"lazy\" decoding=\"async\" class=\"alignnone size-full wp-image-12431\" src=\"http:\/\/cultureetvoyages.fun\/wp-content\/uploads\/2023\/09\/d9f6d7be9208cca6ee6f42a4ddaa7cf6.jpg\" alt=\"\" width=\"1600\" height=\"1185\" \/> <img loading=\"lazy\" decoding=\"async\" class=\"alignnone size-full wp-image-12432\" src=\"http:\/\/cultureetvoyages.fun\/wp-content\/uploads\/2023\/09\/EuSD6UgUUAYkK_K.jpeg\" alt=\"\" width=\"1787\" height=\"2113\" \/> <img loading=\"lazy\" decoding=\"async\" class=\"alignnone size-full wp-image-12433\" src=\"http:\/\/cultureetvoyages.fun\/wp-content\/uploads\/2023\/09\/f13eabdf-c92c-4b5a-8d03-dfdfb9a88486-1.jpeg\" alt=\"\" width=\"2048\" height=\"2304\" \/> <img loading=\"lazy\" decoding=\"async\" class=\"alignnone size-full wp-image-12435\" src=\"http:\/\/cultureetvoyages.fun\/wp-content\/uploads\/2023\/09\/heaven-and-hellway.JPGLarge.jpg\" alt=\"\" width=\"750\" height=\"525\" \/> <img loading=\"lazy\" decoding=\"async\" class=\"alignnone wp-image-12436\" src=\"http:\/\/cultureetvoyages.fun\/wp-content\/uploads\/2023\/09\/images-1-1.jpeg\" alt=\"\" width=\"163\" height=\"208\" \/> <img loading=\"lazy\" decoding=\"async\" class=\"alignnone size-full wp-image-12437\" src=\"http:\/\/cultureetvoyages.fun\/wp-content\/uploads\/2023\/09\/images-2-1.jpeg\" alt=\"\" width=\"165\" height=\"163\" \/> <img loading=\"lazy\" decoding=\"async\" class=\"alignnone wp-image-12438\" src=\"http:\/\/cultureetvoyages.fun\/wp-content\/uploads\/2023\/09\/images-3.jpeg\" alt=\"\" width=\"253\" height=\"380\" \/> <img loading=\"lazy\" decoding=\"async\" class=\"alignnone wp-image-12439\" src=\"http:\/\/cultureetvoyages.fun\/wp-content\/uploads\/2023\/09\/images-4.jpeg\" alt=\"\" width=\"558\" height=\"839\" \/> <img loading=\"lazy\" decoding=\"async\" class=\"alignnone wp-image-12440\" src=\"http:\/\/cultureetvoyages.fun\/wp-content\/uploads\/2023\/09\/images-5.jpeg\" alt=\"\" width=\"401\" height=\"401\" \/> <img loading=\"lazy\" decoding=\"async\" class=\"alignnone size-full wp-image-12441\" src=\"http:\/\/cultureetvoyages.fun\/wp-content\/uploads\/2023\/09\/images-6.jpeg\" alt=\"\" width=\"225\" height=\"225\" \/> <img loading=\"lazy\" decoding=\"async\" class=\"alignnone size-full wp-image-12442\" src=\"http:\/\/cultureetvoyages.fun\/wp-content\/uploads\/2023\/09\/images-7.jpeg\" alt=\"\" width=\"225\" height=\"225\" \/> <img loading=\"lazy\" decoding=\"async\" class=\"alignnone size-full wp-image-12443\" src=\"http:\/\/cultureetvoyages.fun\/wp-content\/uploads\/2023\/09\/images-8.jpeg\" alt=\"\" width=\"183\" height=\"275\" \/> <img loading=\"lazy\" decoding=\"async\" class=\"alignnone size-full wp-image-12444\" src=\"http:\/\/cultureetvoyages.fun\/wp-content\/uploads\/2023\/09\/images-9.jpeg\" alt=\"\" width=\"266\" height=\"190\" \/> <img loading=\"lazy\" decoding=\"async\" class=\"wp-image-12445 aligncenter\" src=\"http:\/\/cultureetvoyages.fun\/wp-content\/uploads\/2023\/09\/images-10.jpeg\" alt=\"\" width=\"170\" height=\"227\" \/> <img loading=\"lazy\" decoding=\"async\" class=\"alignnone size-full wp-image-12446\" src=\"http:\/\/cultureetvoyages.fun\/wp-content\/uploads\/2023\/09\/lucifer.jpgLarge.jpg\" alt=\"\" width=\"480\" height=\"600\" \/> <img loading=\"lazy\" decoding=\"async\" class=\"size-full wp-image-12447 aligncenter\" src=\"http:\/\/cultureetvoyages.fun\/wp-content\/uploads\/2023\/09\/roberto-ferri-1.jpgPortrait-1.jpg\" alt=\"\" width=\"341\" height=\"400\" \/> <img loading=\"lazy\" decoding=\"async\" class=\"alignnone size-full wp-image-12448\" src=\"http:\/\/cultureetvoyages.fun\/wp-content\/uploads\/2023\/09\/tumblr_415171eb887083f52f84e8d8a952ae6d_f49bcfbc_1280.jpg\" alt=\"\" width=\"1140\" height=\"1375\" \/><\/p>\n<p><iframe loading=\"lazy\" title=\"Roberto Ferri Teaser by Simone Calcagni\" width=\"600\" height=\"338\" src=\"https:\/\/www.youtube.com\/embed\/HZakKvKAsZo?feature=oembed\" frameborder=\"0\" allow=\"accelerometer; autoplay; clipboard-write; encrypted-media; gyroscope; picture-in-picture; web-share\" referrerpolicy=\"strict-origin-when-cross-origin\" allowfullscreen><\/iframe><\/p>\n<p><iframe loading=\"lazy\" title=\"Roberto Ferri: A collection of 14 paintings (HD)\" width=\"600\" height=\"338\" src=\"https:\/\/www.youtube.com\/embed\/T0DWNP_KLrA?feature=oembed\" frameborder=\"0\" allow=\"accelerometer; autoplay; clipboard-write; encrypted-media; gyroscope; picture-in-picture; web-share\" referrerpolicy=\"strict-origin-when-cross-origin\" allowfullscreen><\/iframe><\/p>\n<p><iframe loading=\"lazy\" title=\"Roberto Ferri - Palazzo Pallavicini\" width=\"600\" height=\"338\" src=\"https:\/\/www.youtube.com\/embed\/2rBfpxPWEao?feature=oembed\" frameborder=\"0\" allow=\"accelerometer; autoplay; clipboard-write; encrypted-media; gyroscope; picture-in-picture; web-share\" referrerpolicy=\"strict-origin-when-cross-origin\" allowfullscreen><\/iframe><\/p>\n<p>&nbsp;<\/p>\n","protected":false},"excerpt":{"rendered":"<p>&nbsp; Site de l&rsquo;Artiste Roberto Ferri, n\u00e9 en 1978, est un artiste et\u00a0peintre\u00a0italien\u00a0n\u00e9 \u00e0\u00a0Tarente,\u00a0en Italie\u00a0qui s&rsquo;est profond\u00e9ment inspir\u00e9 de l&rsquo;art\u00a0Baroque\u00a0(le Caravage\u00a0en particulier) et des grands ma\u00eetres de\u00a0Romantisme, de\u00a0l&rsquo;Acad\u00e9mie, et\u00a0du Symbolisme. En 1996, il est dipl\u00f4m\u00e9 de l&rsquo;Liceo Artistico Lisippo Tarente, une \u00e9cole d&rsquo;art locale dans sa ville natale. Il a commenc\u00e9 \u00e0 \u00e9tudier la peinture [&hellip;]<\/p>\n","protected":false},"author":1,"featured_media":13528,"parent":0,"menu_order":0,"comment_status":"closed","ping_status":"closed","template":"","meta":{"footnotes":""},"class_list":["post-13511","page","type-page","status-publish","has-post-thumbnail","hentry"],"_links":{"self":[{"href":"https:\/\/oraziopuglisi.art\/index.php\/wp-json\/wp\/v2\/pages\/13511","targetHints":{"allow":["GET"]}}],"collection":[{"href":"https:\/\/oraziopuglisi.art\/index.php\/wp-json\/wp\/v2\/pages"}],"about":[{"href":"https:\/\/oraziopuglisi.art\/index.php\/wp-json\/wp\/v2\/types\/page"}],"author":[{"embeddable":true,"href":"https:\/\/oraziopuglisi.art\/index.php\/wp-json\/wp\/v2\/users\/1"}],"replies":[{"embeddable":true,"href":"https:\/\/oraziopuglisi.art\/index.php\/wp-json\/wp\/v2\/comments?post=13511"}],"version-history":[{"count":2,"href":"https:\/\/oraziopuglisi.art\/index.php\/wp-json\/wp\/v2\/pages\/13511\/revisions"}],"predecessor-version":[{"id":13519,"href":"https:\/\/oraziopuglisi.art\/index.php\/wp-json\/wp\/v2\/pages\/13511\/revisions\/13519"}],"wp:featuredmedia":[{"embeddable":true,"href":"https:\/\/oraziopuglisi.art\/index.php\/wp-json\/wp\/v2\/media\/13528"}],"wp:attachment":[{"href":"https:\/\/oraziopuglisi.art\/index.php\/wp-json\/wp\/v2\/media?parent=13511"}],"curies":[{"name":"wp","href":"https:\/\/api.w.org\/{rel}","templated":true}]}}