{"id":13509,"date":"2024-09-22T22:21:26","date_gmt":"2024-09-22T20:21:26","guid":{"rendered":"https:\/\/oraziopuglisi.art\/?page_id=13509"},"modified":"2024-09-22T23:29:06","modified_gmt":"2024-09-22T21:29:06","slug":"nicola-samori","status":"publish","type":"page","link":"https:\/\/oraziopuglisi.art\/index.php\/nicola-samori\/","title":{"rendered":"Nicola Samori"},"content":{"rendered":"<p style=\"text-align: justify;\"><b>Nicola Samor\u00ec<\/b>\u00a0(n\u00e9 en\u00a0<a title=\"1977\" href=\"https:\/\/fr.wikipedia.org\/wiki\/1977\">1977<\/a>\u00a0\u00e0\u00a0<a title=\"Forl\u00ec\" href=\"https:\/\/fr.wikipedia.org\/wiki\/Forl%C3%AC\">Forl\u00ec<\/a><sup id=\"cite_ref-3\" class=\"reference\"><\/sup>) est un\u00a0<a title=\"Artiste peintre\" href=\"https:\/\/fr.wikipedia.org\/wiki\/Artiste_peintre\">peintre<\/a>\u00a0et\u00a0<a title=\"Sculpteur\" href=\"https:\/\/fr.wikipedia.org\/wiki\/Sculpteur\">sculpteur<\/a>\u00a0<a title=\"Italie\" href=\"https:\/\/fr.wikipedia.org\/wiki\/Italie\">italien.<\/a><\/p>\n<h2>\u00a0<\/h2>\n<p style=\"text-align: justify;\">Samor\u00ec \u00e9tudiait \u00e0 l&rsquo;<a title=\"Acad\u00e9mie des beaux-arts de Bologne\" href=\"https:\/\/fr.wikipedia.org\/wiki\/Acad%C3%A9mie_des_beaux-arts_de_Bologne\">Acad\u00e9mie des beaux-arts de Bologne<\/a>. Il vit \u00e0\u00a0<a title=\"Bagnacavallo\" href=\"https:\/\/fr.wikipedia.org\/wiki\/Bagnacavallo\">Bagnacavallo<\/a>. Ses \u0153uvres se composent d&rsquo;une interpr\u00e9tation contemporaine de la peinture italienne des XVI<abbr class=\"abbr\" title=\"16\u1d49 si\u00e8cle\"><sup>e<\/sup><\/abbr> et XVII<abbr class=\"abbr\" title=\"17\u1d49 si\u00e8cle\"><sup>e<\/sup><\/abbr>\u00a0si\u00e8cles (<a title=\"Baroque\" href=\"https:\/\/fr.wikipedia.org\/wiki\/Baroque\">baroque<\/a>).<\/p>\n<p style=\"text-align: justify;\">Les peintures \u00e0 l&rsquo;huile, tenues en couleurs fonc\u00e9es, sont modifi\u00e9es suivant avec des techniques\u00a0<a title=\"Arts plastiques\" href=\"https:\/\/fr.wikipedia.org\/wiki\/Arts_plastiques\">plastiques<\/a>,\u00a0<a title=\"Sculpture\" href=\"https:\/\/fr.wikipedia.org\/wiki\/Sculpture\">sculpturales<\/a>\u00a0et\u00a0<a title=\"Corrosion\" href=\"https:\/\/fr.wikipedia.org\/wiki\/Corrosion\">corrosives<\/a><sup id=\"cite_ref-5\" class=\"reference\"><\/sup><sup id=\"cite_ref-8\" class=\"reference\"><\/sup>.<\/p>\n<p style=\"text-align: justify;\">Les \u0152uvres de Nicola Samor\u00ec \u00e9taient expos\u00e9s en 2015 dans le pavillon italien de la\u00a0<a title=\"Biennale de Venise\" href=\"https:\/\/fr.wikipedia.org\/wiki\/Biennale_de_Venise\">Biennale de Venise<\/a>\u00a0\u00e0\u00a0<a title=\"Venise\" href=\"https:\/\/fr.wikipedia.org\/wiki\/Venise\">Venise<\/a><sup id=\"cite_ref-9\" class=\"reference\"><\/sup><sup id=\"cite_ref-10\" class=\"reference\"><\/sup>\u00a0et font part de la\u00a0<a class=\"new\" title=\"Taylor Art Collection (page inexistante)\" href=\"https:\/\/fr.wikipedia.org\/w\/index.php?title=Taylor_Art_Collection&amp;action=edit&amp;redlink=1\">Taylor Art Collection<\/a>\u00a0\u00e0\u00a0<a title=\"Denver\" href=\"https:\/\/fr.wikipedia.org\/wiki\/Denver\">Denver<\/a><sup id=\"cite_ref-11\" class=\"reference\"><\/sup>.<\/p>\n<p>&nbsp;<\/p>\n<p style=\"text-align: center;\"><a href=\"https:\/\/fr.wikipedia.org\/wiki\/Nicola_Samor%C3%AC#Expositions\">Lien Wikip\u00e9dia<\/a><\/p>\n<p><iframe loading=\"lazy\" title=\"Nicola Samor\u00ec\" width=\"600\" height=\"338\" src=\"https:\/\/www.youtube.com\/embed\/5Td_awhmbqE?feature=oembed\" frameborder=\"0\" allow=\"accelerometer; autoplay; clipboard-write; encrypted-media; gyroscope; picture-in-picture; web-share\" referrerpolicy=\"strict-origin-when-cross-origin\" allowfullscreen><\/iframe><\/p>\n<p><iframe loading=\"lazy\" title=\"NICOLA SAMORI | ART &amp; DECONSTRUCTION\" width=\"600\" height=\"338\" src=\"https:\/\/www.youtube.com\/embed\/RTmIR4etf3s?feature=oembed\" frameborder=\"0\" allow=\"accelerometer; autoplay; clipboard-write; encrypted-media; gyroscope; picture-in-picture; web-share\" referrerpolicy=\"strict-origin-when-cross-origin\" allowfullscreen><\/iframe><\/p>\n<p><iframe loading=\"lazy\" title=\"Nicola Samori: Perversi\u00f3n, miedo, silencio.\" width=\"600\" height=\"338\" src=\"https:\/\/www.youtube.com\/embed\/SUIfVHfejY4?feature=oembed\" frameborder=\"0\" allow=\"accelerometer; autoplay; clipboard-write; encrypted-media; gyroscope; picture-in-picture; web-share\" referrerpolicy=\"strict-origin-when-cross-origin\" allowfullscreen><\/iframe><\/p>\n<p>&nbsp;<\/p>\n<p><img loading=\"lazy\" decoding=\"async\" class=\"alignnone size-full wp-image-12286\" src=\"http:\/\/cultureetvoyages.fun\/wp-content\/uploads\/2023\/09\/1_LCnA-hw-iehbK4yQt_NsDA.jpg\" alt=\"\" width=\"1005\" height=\"1400\" \/> <img loading=\"lazy\" decoding=\"async\" class=\"alignnone size-full wp-image-12287\" src=\"http:\/\/cultureetvoyages.fun\/wp-content\/uploads\/2023\/09\/1e3a4bcf00e686486e449783c0098da4.jpg\" alt=\"\" width=\"564\" height=\"572\" \/> <img loading=\"lazy\" decoding=\"async\" class=\"alignnone size-full wp-image-12288\" src=\"http:\/\/cultureetvoyages.fun\/wp-content\/uploads\/2023\/09\/5bb2397f2100000001c76ad7.jpeg\" alt=\"\" width=\"354\" height=\"500\" \/> <img loading=\"lazy\" decoding=\"async\" class=\"alignnone size-full wp-image-12289\" src=\"http:\/\/cultureetvoyages.fun\/wp-content\/uploads\/2023\/09\/154238_2_800.webp\" alt=\"\" width=\"618\" height=\"752\" \/> <img loading=\"lazy\" decoding=\"async\" class=\"alignnone size-full wp-image-12290\" src=\"http:\/\/cultureetvoyages.fun\/wp-content\/uploads\/2023\/09\/a51rLQV_700bwp.webp\" alt=\"\" width=\"700\" height=\"1244\" \/> <img loading=\"lazy\" decoding=\"async\" class=\"alignnone size-full wp-image-12291\" src=\"http:\/\/cultureetvoyages.fun\/wp-content\/uploads\/2023\/09\/hqdefault.jpg\" alt=\"\" width=\"480\" height=\"360\" \/> <img loading=\"lazy\" decoding=\"async\" class=\"alignnone size-full wp-image-12292\" src=\"http:\/\/cultureetvoyages.fun\/wp-content\/uploads\/2023\/09\/images-1.jpeg\" alt=\"\" width=\"216\" height=\"144\" \/> <img loading=\"lazy\" decoding=\"async\" class=\"alignnone size-full wp-image-12293\" src=\"http:\/\/cultureetvoyages.fun\/wp-content\/uploads\/2023\/09\/images-2.jpeg\" alt=\"\" width=\"225\" height=\"225\" \/> <img loading=\"lazy\" decoding=\"async\" class=\"alignnone size-full wp-image-12294\" src=\"http:\/\/cultureetvoyages.fun\/wp-content\/uploads\/2023\/09\/images.jpeg\" alt=\"\" width=\"225\" height=\"225\" \/> <img loading=\"lazy\" decoding=\"async\" class=\"alignnone size-full wp-image-12295\" src=\"http:\/\/cultureetvoyages.fun\/wp-content\/uploads\/2023\/09\/Nicola_Samori_J.V._2009-1.jpg\" alt=\"\" width=\"474\" height=\"500\" \/> <img loading=\"lazy\" decoding=\"async\" class=\"alignnone size-full wp-image-12296\" src=\"http:\/\/cultureetvoyages.fun\/wp-content\/uploads\/2023\/09\/Nicola_Samori_Rapture_2010.jpg\" alt=\"\" width=\"683\" height=\"1024\" \/> <img loading=\"lazy\" decoding=\"async\" class=\"alignnone size-full wp-image-12297\" src=\"http:\/\/cultureetvoyages.fun\/wp-content\/uploads\/2023\/09\/nicola-samori1.webp\" alt=\"\" width=\"600\" height=\"598\" \/> <img loading=\"lazy\" decoding=\"async\" class=\"alignnone size-full wp-image-12298\" src=\"http:\/\/cultureetvoyages.fun\/wp-content\/uploads\/2023\/09\/nicola-samori-03-591x820-1.jpg\" alt=\"\" width=\"591\" height=\"820\" \/> <img loading=\"lazy\" decoding=\"async\" class=\"alignnone size-full wp-image-12299\" src=\"http:\/\/cultureetvoyages.fun\/wp-content\/uploads\/2023\/09\/nicola-samori-09.gif\" alt=\"\" width=\"557\" height=\"797\" \/> <img loading=\"lazy\" decoding=\"async\" class=\"alignnone size-full wp-image-12300\" src=\"http:\/\/cultureetvoyages.fun\/wp-content\/uploads\/2023\/09\/Paintings-by-Nicola-Nicola-Samori-morbid-art-design-2021-www.graveravns.com-08.webp\" alt=\"\" width=\"1000\" height=\"1390\" \/> <img loading=\"lazy\" decoding=\"async\" class=\"alignnone size-full wp-image-12301\" src=\"http:\/\/cultureetvoyages.fun\/wp-content\/uploads\/2023\/09\/SAMORI-Nicola-Apoteosi-del-Vago-HD-1019x1024-1.jpg\" alt=\"\" width=\"1019\" height=\"1024\" \/> <img loading=\"lazy\" decoding=\"async\" class=\"alignnone size-full wp-image-12302\" src=\"http:\/\/cultureetvoyages.fun\/wp-content\/uploads\/2023\/09\/SAMORI-Nicola-Ritorno-agli-elementi-HD-905x1024-1.jpg\" alt=\"\" width=\"905\" height=\"1024\" \/> <img loading=\"lazy\" decoding=\"async\" class=\"alignnone size-full wp-image-12303\" src=\"http:\/\/cultureetvoyages.fun\/wp-content\/uploads\/2023\/09\/SAMORI-Nicola-The-Limits-of-Control-HD-1024x1024-1.jpg\" alt=\"\" width=\"1024\" height=\"1024\" \/><\/p>\n","protected":false},"excerpt":{"rendered":"<p>Nicola Samor\u00ec\u00a0(n\u00e9 en\u00a01977\u00a0\u00e0\u00a0Forl\u00ec) est un\u00a0peintre\u00a0et\u00a0sculpteur\u00a0italien. \u00a0 Samor\u00ec \u00e9tudiait \u00e0 l&rsquo;Acad\u00e9mie des beaux-arts de Bologne. Il vit \u00e0\u00a0Bagnacavallo. Ses \u0153uvres se composent d&rsquo;une interpr\u00e9tation contemporaine de la peinture italienne des XVIe et XVIIe\u00a0si\u00e8cles (baroque). Les peintures \u00e0 l&rsquo;huile, tenues en couleurs fonc\u00e9es, sont modifi\u00e9es suivant avec des techniques\u00a0plastiques,\u00a0sculpturales\u00a0et\u00a0corrosives. Les \u0152uvres de Nicola Samor\u00ec \u00e9taient expos\u00e9s en [&hellip;]<\/p>\n","protected":false},"author":1,"featured_media":13527,"parent":0,"menu_order":0,"comment_status":"closed","ping_status":"closed","template":"","meta":{"footnotes":""},"class_list":["post-13509","page","type-page","status-publish","has-post-thumbnail","hentry"],"_links":{"self":[{"href":"https:\/\/oraziopuglisi.art\/index.php\/wp-json\/wp\/v2\/pages\/13509","targetHints":{"allow":["GET"]}}],"collection":[{"href":"https:\/\/oraziopuglisi.art\/index.php\/wp-json\/wp\/v2\/pages"}],"about":[{"href":"https:\/\/oraziopuglisi.art\/index.php\/wp-json\/wp\/v2\/types\/page"}],"author":[{"embeddable":true,"href":"https:\/\/oraziopuglisi.art\/index.php\/wp-json\/wp\/v2\/users\/1"}],"replies":[{"embeddable":true,"href":"https:\/\/oraziopuglisi.art\/index.php\/wp-json\/wp\/v2\/comments?post=13509"}],"version-history":[{"count":2,"href":"https:\/\/oraziopuglisi.art\/index.php\/wp-json\/wp\/v2\/pages\/13509\/revisions"}],"predecessor-version":[{"id":13518,"href":"https:\/\/oraziopuglisi.art\/index.php\/wp-json\/wp\/v2\/pages\/13509\/revisions\/13518"}],"wp:featuredmedia":[{"embeddable":true,"href":"https:\/\/oraziopuglisi.art\/index.php\/wp-json\/wp\/v2\/media\/13527"}],"wp:attachment":[{"href":"https:\/\/oraziopuglisi.art\/index.php\/wp-json\/wp\/v2\/media?parent=13509"}],"curies":[{"name":"wp","href":"https:\/\/api.w.org\/{rel}","templated":true}]}}