{"id":13385,"date":"2024-09-18T10:09:33","date_gmt":"2024-09-18T08:09:33","guid":{"rendered":"https:\/\/oraziopuglisi.art\/?page_id=13385"},"modified":"2024-09-18T11:01:26","modified_gmt":"2024-09-18T09:01:26","slug":"declin-et-renouveau","status":"publish","type":"page","link":"https:\/\/oraziopuglisi.art\/index.php\/declin-et-renouveau\/","title":{"rendered":"D\u00e9clin et Renouveau"},"content":{"rendered":"<p><span style=\"font-size: 8px;\"><strong>Image mise en avant :<\/strong> Portrait de <a href=\"https:\/\/fr.wikipedia.org\/wiki\/James_Ensor\">James Ensor<\/a> par Henry de Groux (1907).<\/span><\/p>\n<div class=\"mw-heading mw-heading2\">\n<h2 id=\"D\u00e9clin\" style=\"text-align: justify;\"><span style=\"font-size: 14px;\">D\u00e9clin<\/span><\/h2>\n<\/div>\n<p style=\"text-align: justify;\">Apr\u00e8s la disparition des artistes les plus importants, tels que Rubens en 1640, et la fin de la\u00a0<a title=\"Guerre de Quatre-Vingts Ans\" href=\"https:\/\/fr.wikipedia.org\/wiki\/Guerre_de_Quatre-Vingts_Ans\">guerre de Quatre-Vingts Ans<\/a>, l&rsquo;importance culturelle des Flandres a d\u00e9clin\u00e9.<\/p>\n<div class=\"mw-heading mw-heading2\" style=\"text-align: justify;\">\n<h2 id=\"Renouveau_de_la_peinture_belge_post-flamande\"><span style=\"font-size: 16px;\">Renouveau de la peinture belge post-flamande<\/span><\/h2>\n<\/div>\n<p style=\"text-align: justify;\">Un renouveau de la peinture dans cette r\u00e9gion a eu lieu lors de l&rsquo;av\u00e8nement de la\u00a0<a title=\"R\u00e9volution belge\" href=\"https:\/\/fr.wikipedia.org\/wiki\/R%C3%A9volution_belge\">r\u00e9volution belge<\/a>\u00a0de 1830, et les \u0153uvres de cette \u00e9poque sont consid\u00e9r\u00e9es flamandes<sup id=\"cite_ref-3\" class=\"reference\"><a href=\"https:\/\/fr.wikipedia.org\/wiki\/Peinture_flamande#cite_note-3\">2<\/a><\/sup>. Les peintres, qui ont \u00e9merg\u00e9 des cons\u00e9quences de cette p\u00e9riode patriotique, sont souvent mentionn\u00e9s comme \u00e9tant\u00a0<a title=\"Belgique\" href=\"https:\/\/fr.wikipedia.org\/wiki\/Belgique\">belges<\/a>\u00a0plut\u00f4t que flamands<sup id=\"cite_ref-4\" class=\"reference\"><a href=\"https:\/\/fr.wikipedia.org\/wiki\/Peinture_flamande#cite_note-4\">N 2<\/a><\/sup>.<\/p>\n<div class=\"mw-heading mw-heading2\" style=\"text-align: justify;\">\n<h2 id=\"La_peinture_belge_moderne\"><span style=\"font-size: 14px;\">La peinture belge moderne<\/span><\/h2>\n<\/div>\n<p style=\"text-align: justify;\">Bien que\u00a0<a title=\"James Ensor\" href=\"https:\/\/fr.wikipedia.org\/wiki\/James_Ensor\">James Ensor<\/a>\u00a0reste \u00e0 part de ses contemporains, cet artiste innovateur du\u00a0<a title=\"XIXe si\u00e8cle\" href=\"https:\/\/fr.wikipedia.org\/wiki\/XIXe_si%C3%A8cle\"><abbr class=\"abbr\" title=\"19\u1d49 si\u00e8cle\"><span class=\"romain\">XIX<\/span><sup>e<\/sup><\/abbr>\u00a0si\u00e8cle<\/a>\u00a0a fortement influenc\u00e9 des artistes du\u00a0<a title=\"XXe si\u00e8cle\" href=\"https:\/\/fr.wikipedia.org\/wiki\/XXe_si%C3%A8cle\"><abbr class=\"abbr\" title=\"20\u1d49 si\u00e8cle\"><span class=\"romain\">XX<\/span><sup>e<\/sup><\/abbr>\u00a0si\u00e8cle<\/a>\u00a0tels que\u00a0<a title=\"Paul Klee\" href=\"https:\/\/fr.wikipedia.org\/wiki\/Paul_Klee\">Paul Klee<\/a>,\u00a0<a title=\"Emil Nolde\" href=\"https:\/\/fr.wikipedia.org\/wiki\/Emil_Nolde\">Emil Nolde<\/a>,\u00a0<a title=\"George Grosz\" href=\"https:\/\/fr.wikipedia.org\/wiki\/George_Grosz\">George Grosz<\/a>,\u00a0<a title=\"Alfred Kubin\" href=\"https:\/\/fr.wikipedia.org\/wiki\/Alfred_Kubin\">Alfred Kubin<\/a>,\u00a0<a title=\"Wols\" href=\"https:\/\/fr.wikipedia.org\/wiki\/Wols\">Wols<\/a>,\u00a0<a title=\"Felix Nussbaum\" href=\"https:\/\/fr.wikipedia.org\/wiki\/Felix_Nussbaum\">Felix Nussbaum<\/a>,\u00a0<a class=\"mw-redirect\" title=\"Emile Hecq\" href=\"https:\/\/fr.wikipedia.org\/wiki\/Emile_Hecq\">Emile Hecq<\/a>\u00a0ainsi que d&rsquo;autres peintres\u00a0<a title=\"Expressionnisme\" href=\"https:\/\/fr.wikipedia.org\/wiki\/Expressionnisme\">expressionnistes<\/a>\u00a0et\u00a0<a title=\"Surr\u00e9alisme\" href=\"https:\/\/fr.wikipedia.org\/wiki\/Surr%C3%A9alisme\">surr\u00e9alistes<\/a><sup id=\"cite_ref-5\" class=\"reference\"><a href=\"https:\/\/fr.wikipedia.org\/wiki\/Peinture_flamande#cite_note-5\">N 3<\/a><\/sup>\u00a0du\u00a0<abbr class=\"abbr\" title=\"20\u1d49 si\u00e8cle\"><span class=\"romain\">XX<\/span><sup>e<\/sup><\/abbr>\u00a0si\u00e8cle<sup id=\"cite_ref-6\" class=\"reference\"><a href=\"https:\/\/fr.wikipedia.org\/wiki\/Peinture_flamande#cite_note-6\">3<\/a><\/sup>.<\/p>\n<p style=\"text-align: justify;\">De l&rsquo;expressionniste \u00ab\u00a0<i><span class=\"lang-en\" lang=\"en\">Group of Latem<\/span><\/i>\u00a0\u00bb,\u00a0<a title=\"Constant Permeke\" href=\"https:\/\/fr.wikipedia.org\/wiki\/Constant_Permeke\">Constant Permeke<\/a>\u00a0est en g\u00e9n\u00e9ral le plus reconnu<sup id=\"cite_ref-8\" class=\"reference\"><a title=\"\" href=\"https:\/\/fr.wikipedia.org\/wiki\/Peinture_flamande#cite_note-8\">5<\/a><\/sup>.<\/p>\n","protected":false},"excerpt":{"rendered":"<p>Image mise en avant : Portrait de James Ensor par Henry de Groux (1907). D\u00e9clin Apr\u00e8s la disparition des artistes les plus importants, tels que Rubens en 1640, et la fin de la\u00a0guerre de Quatre-Vingts Ans, l&rsquo;importance culturelle des Flandres a d\u00e9clin\u00e9. Renouveau de la peinture belge post-flamande Un renouveau de la peinture dans cette [&hellip;]<\/p>\n","protected":false},"author":1,"featured_media":13422,"parent":0,"menu_order":0,"comment_status":"closed","ping_status":"closed","template":"","meta":{"footnotes":""},"class_list":["post-13385","page","type-page","status-publish","has-post-thumbnail","hentry"],"_links":{"self":[{"href":"https:\/\/oraziopuglisi.art\/index.php\/wp-json\/wp\/v2\/pages\/13385","targetHints":{"allow":["GET"]}}],"collection":[{"href":"https:\/\/oraziopuglisi.art\/index.php\/wp-json\/wp\/v2\/pages"}],"about":[{"href":"https:\/\/oraziopuglisi.art\/index.php\/wp-json\/wp\/v2\/types\/page"}],"author":[{"embeddable":true,"href":"https:\/\/oraziopuglisi.art\/index.php\/wp-json\/wp\/v2\/users\/1"}],"replies":[{"embeddable":true,"href":"https:\/\/oraziopuglisi.art\/index.php\/wp-json\/wp\/v2\/comments?post=13385"}],"version-history":[{"count":7,"href":"https:\/\/oraziopuglisi.art\/index.php\/wp-json\/wp\/v2\/pages\/13385\/revisions"}],"predecessor-version":[{"id":13424,"href":"https:\/\/oraziopuglisi.art\/index.php\/wp-json\/wp\/v2\/pages\/13385\/revisions\/13424"}],"wp:featuredmedia":[{"embeddable":true,"href":"https:\/\/oraziopuglisi.art\/index.php\/wp-json\/wp\/v2\/media\/13422"}],"wp:attachment":[{"href":"https:\/\/oraziopuglisi.art\/index.php\/wp-json\/wp\/v2\/media?parent=13385"}],"curies":[{"name":"wp","href":"https:\/\/api.w.org\/{rel}","templated":true}]}}