{"id":13358,"date":"2024-09-17T13:33:35","date_gmt":"2024-09-17T11:33:35","guid":{"rendered":"https:\/\/oraziopuglisi.art\/?page_id=13358"},"modified":"2024-09-17T13:50:42","modified_gmt":"2024-09-17T11:50:42","slug":"les-differentes-ecoles-nastika","status":"publish","type":"page","link":"https:\/\/oraziopuglisi.art\/index.php\/les-differentes-ecoles-nastika\/","title":{"rendered":"Les diff\u00e9rentes \u00e9coles n\u0101stika"},"content":{"rendered":"<div class=\"mw-heading mw-heading2\">\n<h2 id=\"Les_diff\u00e9rentes_\u00e9coles_n\u0101stika\" style=\"text-align: justify;\"><span style=\"font-size: 16px;\">Les diff\u00e9rentes \u00e9coles n\u0101stika<\/span><\/h2>\n<\/div>\n<p style=\"text-align: justify;\"><a class=\"mw-redirect\" title=\"Nastika\" href=\"https:\/\/fr.wikipedia.org\/wiki\/Nastika\">Nastika<\/a>, pour les \u00e9coles brahmaniques, d\u00e9signe les \u00e9coles non-orthodoxes, qui ne suivent pas les V\u00e9das. Pour les autres \u00e9coles, ce terme d\u00e9signe ceux qui ne croient pas en l&rsquo;au-del\u00e0, ou ceux qui sont ath\u00e9es.<\/p>\n<div class=\"mw-heading mw-heading3\" style=\"text-align: justify;\">\n<h3 id=\"Le_\u0100j\u012bvika\"><span id=\"Le_.C4.80j.C4.ABvika\"><\/span><span style=\"font-size: 12px;\">Le \u0100j\u012bvika<\/span><\/h3>\n<\/div>\n<p style=\"text-align: justify;\"><a title=\"Ajivika\" href=\"https:\/\/fr.wikipedia.org\/wiki\/Ajivika\">\u0100j\u012bvika<\/a>\u00a0(<a title=\"Sanskrit\" href=\"https:\/\/fr.wikipedia.org\/wiki\/Sanskrit\">sanskrit<\/a>\u00a0en\u00a0<a class=\"mw-redirect\" title=\"Devan\u0101gar\u012b\" href=\"https:\/\/fr.wikipedia.org\/wiki\/Devan%C4%81gar%C4%AB\">devan\u0101gar\u012b<\/a>\u00a0: \u0906\u091c\u0940\u0935\u093f\u0915\u00a0; \u00e9galement \u00e9crit sous les formes\u00a0<i>Ajivika<\/i>\u00a0et\u00a0<i>Ajivaka<\/i>) d\u00e9signe un ancien mouvement philosophique\u00a0<a title=\"Mat\u00e9rialisme\" href=\"https:\/\/fr.wikipedia.org\/wiki\/Mat%C3%A9rialisme\">mat\u00e9rialiste<\/a>,\u00a0<a title=\"Ath\u00e9isme\" href=\"https:\/\/fr.wikipedia.org\/wiki\/Ath%C3%A9isme\">ath\u00e9e<\/a>\u00a0et asc\u00e9tique fond\u00e9 par Go\u015b\u0101la, appel\u00e9 aussi Maskariputra , ayant v\u00e9cu en\u00a0<a title=\"Inde\" href=\"https:\/\/fr.wikipedia.org\/wiki\/Inde\">Inde<\/a>\u00a0vers le\u00a0<abbr class=\"abbr\" title=\"Cinqui\u00e8me\">V<sup>e<\/sup><\/abbr>\u00a0si\u00e8cle\u00a0<abbr class=\"abbr nowrap\" title=\"avant J\u00e9sus-Christ\">av. J.-C.<\/abbr>\u00a0La doctrine \u0101j\u012bvika est proche du\u00a0<a title=\"Bouddhisme\" href=\"https:\/\/fr.wikipedia.org\/wiki\/Bouddhisme\">bouddhisme<\/a>\u00a0et du\u00a0<a title=\"Ja\u00efnisme\" href=\"https:\/\/fr.wikipedia.org\/wiki\/Ja%C3%AFnisme\">ja\u00efnisme<\/a>. Ses partisans \u00e9taient des\u00a0<a title=\"Shramana\" href=\"https:\/\/fr.wikipedia.org\/wiki\/Shramana\">\u015bramanas<\/a>, des moines mendiants. Leur doctrine \u00e9tait un\u00a0<a title=\"Fatalisme\" href=\"https:\/\/fr.wikipedia.org\/wiki\/Fatalisme\">fatalisme<\/a>\u00a0strict sans libre arbitre: l&rsquo;\u00e2me de chaque cr\u00e9ature transmigre selon un principe cosmique impersonnel appel\u00e9 \u00ab\u00a0niyati\u00a0\u00bb (\u00ab\u00a0destin\u00e9e\u00a0\u00bb) sans dieu\u00a0; le\u00a0<a title=\"D\u00e9terminisme\" href=\"https:\/\/fr.wikipedia.org\/wiki\/D%C3%A9terminisme\">d\u00e9terminisme<\/a>\u00a0et le\u00a0<a title=\"Karma\" href=\"https:\/\/fr.wikipedia.org\/wiki\/Karma\">karma<\/a>\u00a0\u00e9taient leurs valeurs principales avec l&rsquo;asc\u00e9tisme.<\/p>\n<div class=\"mw-heading mw-heading3\" style=\"text-align: justify;\">\n<h3 id=\"Le_charvaka\"><span style=\"font-size: 12px;\">Le charvaka<\/span><\/h3>\n<\/div>\n<p style=\"text-align: justify;\"><a title=\"Ch\u00e2rv\u00e2ka\" href=\"https:\/\/fr.wikipedia.org\/wiki\/Ch%C3%A2rv%C3%A2ka\">Ch\u00e2rv\u00e2ka<\/a>\u00a0(<a class=\"mw-redirect\" title=\"IAST\" href=\"https:\/\/fr.wikipedia.org\/wiki\/IAST\">IAST<\/a>: c\u0101rv\u0101ka) est le nom d&rsquo;un penseur\u00a0<a title=\"Inde\" href=\"https:\/\/fr.wikipedia.org\/wiki\/Inde\">indien<\/a>\u00a0du\u00a0<abbr class=\"abbr\" title=\"7\u1d49 si\u00e8cle avant J\u00e9sus-Christ\"><span class=\"romain\">VII<\/span><sup>e<\/sup><\/abbr>\u00a0ou\u00a0<abbr class=\"abbr\" title=\"6\u1d49 si\u00e8cle\"><span class=\"romain\">VI<\/span><sup>e<\/sup><\/abbr>\u00a0si\u00e8cle\u00a0<abbr class=\"abbr nowrap\" title=\"avant J\u00e9sus-Christ\">av. J.-C.<\/abbr>, mais aussi de son syst\u00e8me de pens\u00e9e &#8211; aussi connu sous le nom de Lok\u0101yata, de\u00a0<i>loka<\/i>, le\u00a0<i>monde<\/i>, soit la\u00a0<i>seule chose qui existe v\u00e9ritablement<\/i>.<\/p>\n<p style=\"text-align: justify;\">Il s&rsquo;agit d&rsquo;une philosophie\u00a0<a title=\"Mat\u00e9rialisme\" href=\"https:\/\/fr.wikipedia.org\/wiki\/Mat%C3%A9rialisme\">mat\u00e9rialiste<\/a>,\u00a0<a title=\"Ath\u00e9isme\" href=\"https:\/\/fr.wikipedia.org\/wiki\/Ath%C3%A9isme\">ath\u00e9e<\/a>\u00a0et\u00a0<a title=\"H\u00e9donisme\" href=\"https:\/\/fr.wikipedia.org\/wiki\/H%C3%A9donisme\">h\u00e9doniste<\/a>, qui crois au libre arbitre et qui r\u00e9fute la th\u00e9orie de la transmigration et n&rsquo;admet que la perception comme moyen de connaissance. Ce penseur appartient \u00e0 la g\u00e9n\u00e9ration ayant remis en cause le brahmanisme et ni\u00e9 l&rsquo;existence des dieux v\u00e9diques et du\u00a0<a title=\"V\u00e9disme\" href=\"https:\/\/fr.wikipedia.org\/wiki\/V%C3%A9disme\">v\u00e9disme<\/a>\u00a0d&rsquo;o\u00f9 d\u00e9coule les rites sacrificiels, \u00e0 l&rsquo;instar du ja\u00efnisme et du bouddhisme.<\/p>\n<div class=\"mw-heading mw-heading3\" style=\"text-align: justify;\">\n<h3 id=\"Le_ja\u00efnisme\"><span id=\"Le_ja.C3.AFnisme\"><\/span><span style=\"font-size: 12px;\">Le ja\u00efnisme<\/span><\/h3>\n<\/div>\n<p style=\"text-align: justify;\">Le\u00a0<a title=\"Ja\u00efnisme\" href=\"https:\/\/fr.wikipedia.org\/wiki\/Ja%C3%AFnisme\">ja\u00efnisme<\/a>\u00a0partage de nombreuses et apparentes ressemblances avec l&rsquo;<a title=\"Hindouisme\" href=\"https:\/\/fr.wikipedia.org\/wiki\/Hindouisme\">hindouisme<\/a>\u00a0et le\u00a0<a title=\"Bouddhisme\" href=\"https:\/\/fr.wikipedia.org\/wiki\/Bouddhisme\">bouddhisme<\/a>, mais doit en \u00eatre cependant diff\u00e9renci\u00e9. Contrairement au bouddhisme mais en accord avec l&rsquo;hindouisme, le ja\u00efnisme croit \u00e0 l&rsquo;existence de l&rsquo;\u00e2me\u00a0: le\u00a0<a title=\"Jiva (sanskrit)\" href=\"https:\/\/fr.wikipedia.org\/wiki\/Jiva_(sanskrit)\">jiva<\/a><sup id=\"cite_ref-29\" class=\"reference\"><a href=\"https:\/\/fr.wikipedia.org\/wiki\/Philosophie_indienne#cite_note-29\">25<\/a><\/sup>; en revanche, le ja\u00efnisme se diff\u00e9rencie de l&rsquo;hindouisme et du\u00a0<a title=\"Sikhisme\" href=\"https:\/\/fr.wikipedia.org\/wiki\/Sikhisme\">sikhisme<\/a>\u00a0dans le sens o\u00f9 l&rsquo;\u00e2me du lib\u00e9r\u00e9 du cycle des r\u00e9incarnations ne se fond pas dans l&rsquo;\u00e2me cosmique, dans l&rsquo;\u00e2me universelle, mais demeure en son individualit\u00e9; en rapport avec sa notion de Dieu\u00a0: un deva ou dieu est dans le ja\u00efnisme un homme qui est lib\u00e9r\u00e9 par ses\u00a0<i>seuls<\/i>\u00a0propres efforts, c&rsquo;est-\u00e0-dire ses pri\u00e8res et son asc\u00e9tisme; il n&rsquo;y a pas d&rsquo;\u00catre Supr\u00eame Cosmique comme l&rsquo;entendent les hindous; on peut de le ja\u00efnisme est philosophiquement un\u00a0<a title=\"Transth\u00e9isme\" href=\"https:\/\/fr.wikipedia.org\/wiki\/Transth%C3%A9isme\">transth\u00e9isme<\/a>. La morale en amont et en aval primordiale d&rsquo;un point de vue m\u00e9taphysique est l&rsquo;<a title=\"Ahimsa\" href=\"https:\/\/fr.wikipedia.org\/wiki\/Ahimsa\">Ahimsa<\/a>, la parfaite non-violence.<\/p>\n<div class=\"mw-heading mw-heading3\" style=\"text-align: justify;\">\n<h3 id=\"Le_bouddhisme\"><span style=\"font-size: 12px;\">Le bouddhisme<\/span><\/h3>\n<\/div>\n<div class=\"bandeau-container bandeau-section metadata bandeau-niveau-information\" style=\"text-align: justify;\">\n<div class=\"bandeau-cell bandeau-icone-css loupe\">Article d\u00e9taill\u00e9\u00a0:\u00a0<a title=\"Philosophie bouddhiste\" href=\"https:\/\/fr.wikipedia.org\/wiki\/Philosophie_bouddhiste\">Philosophie bouddhiste<\/a>.<\/div>\n<\/div>\n<figure class=\"mw-default-size\" style=\"text-align: justify;\"><a class=\"mw-file-description\" href=\"https:\/\/commons.wikimedia.org\/wiki\/File:Bodnath,_Katmandu_in_1996.jpg?uselang=fr\"><img loading=\"lazy\" decoding=\"async\" class=\"mw-file-element\" src=\"https:\/\/upload.wikimedia.org\/wikipedia\/commons\/thumb\/1\/16\/Bodnath%2C_Katmandu_in_1996.jpg\/220px-Bodnath%2C_Katmandu_in_1996.jpg\" srcset=\"\/\/upload.wikimedia.org\/wikipedia\/commons\/1\/16\/Bodnath%2C_Katmandu_in_1996.jpg 1.5x\" width=\"220\" height=\"142\" data-file-width=\"313\" data-file-height=\"202\" \/><\/a><figcaption>Bodnath<\/figcaption><\/figure>\n<p style=\"text-align: justify;\">\u00c0 l&rsquo;origine, la doctrine du Bouddha est plus une philosophie qu&rsquo;une religion, mais seulement si on accepte d&rsquo;entendre le terme de \u00ab\u00a0philosophie\u00a0\u00bb dans son sens originel de \u00ab\u00a0amour de la sagesse<sup id=\"cite_ref-30\" class=\"reference\"><a href=\"https:\/\/fr.wikipedia.org\/wiki\/Philosophie_indienne#cite_note-30\">26<\/a><\/sup>\u00a0\u00bb. Pierre Hadot a montr\u00e9 l&rsquo;importance durant l&rsquo;Antiquit\u00e9 de la conception de la philosophie, non comme un discours savant sur le monde, Dieu ou le moi, cherchant \u00e0 faire syst\u00e8me, mais comme\u00a0<a title=\"Exercice spirituel\" href=\"https:\/\/fr.wikipedia.org\/wiki\/Exercice_spirituel\">exercice spirituel<\/a>\u00a0menant \u00e0 la transformation de soi-m\u00eame<sup id=\"cite_ref-31\" class=\"reference\"><a href=\"https:\/\/fr.wikipedia.org\/wiki\/Philosophie_indienne#cite_note-31\">27<\/a><\/sup>. Or c&rsquo;est dans ce sch\u00e9ma que s&rsquo;inscrit clairement la philosophie du Bouddha. Le Bouddha ne se livre pas \u00e0 des\u00a0<a title=\"Sp\u00e9culation (philosophie)\" href=\"https:\/\/fr.wikipedia.org\/wiki\/Sp%C3%A9culation_(philosophie)\">sp\u00e9culations<\/a>\u00a0<a title=\"M\u00e9taphysique\" href=\"https:\/\/fr.wikipedia.org\/wiki\/M%C3%A9taphysique\">m\u00e9taphysiques<\/a>, mais bien \u00e0 l&rsquo;observation minutieuse des faits, et parmi eux \u00e0 un probl\u00e8me central de notre existence: la souffrance. Tout l&rsquo;effort du bouddhisme consiste \u00e0 trouver une solution \u00e0 cette \u00e9pine de la souffrance. C&rsquo;est pourquoi le Bouddha<sup id=\"cite_ref-32\" class=\"reference\"><a href=\"https:\/\/fr.wikipedia.org\/wiki\/Philosophie_indienne#cite_note-32\">28<\/a><\/sup>\u00a0a \u00e9num\u00e9r\u00e9 les\u00a0<a title=\"Quatre nobles v\u00e9rit\u00e9s\" href=\"https:\/\/fr.wikipedia.org\/wiki\/Quatre_nobles_v%C3%A9rit%C3%A9s\">Quatre Nobles V\u00e9rit\u00e9s<\/a>\u00a0qui constituent la colonne vert\u00e9brale de sa pens\u00e9e\u00a0:<\/p>\n<ol style=\"text-align: justify;\">\n<li>la Noble V\u00e9rit\u00e9 de la Souffrance,<\/li>\n<li>la Noble V\u00e9rit\u00e9 de l&rsquo;Origine de la Souffrance,<\/li>\n<li>la Noble V\u00e9rit\u00e9 de la Cessation de la Souffrance,<\/li>\n<li>la Noble V\u00e9rit\u00e9 du Chemin qui m\u00e8ne \u00e0 la Cessation de la Souffrance.<\/li>\n<\/ol>\n<p style=\"text-align: justify;\">Ce th\u00e8me de la cessation de la souffrance va marquer consid\u00e9rablement la pens\u00e9e indienne, pas seulement les \u00e9coles bouddhistes, mais aussi les courants hindouistes. Pour le Bouddha, ce chemin qui conduit \u00e0 l&rsquo;extinction de la souffrance (extinction se disant \u00ab\u00a0nirv\u00e2na\u00a0\u00bb en sanskrit) se r\u00e9sume dans le Noble Octuple Sentier<sup id=\"cite_ref-33\" class=\"reference\"><a href=\"https:\/\/fr.wikipedia.org\/wiki\/Philosophie_indienne#cite_note-33\">29<\/a><\/sup>\u00a0: vue juste, pens\u00e9e juste, parole juste, action juste, moyens d&rsquo;existence juste, effort juste, attention juste, concentration juste. Ce Noble Octuple Sentier constitue le c\u0153ur du bouddhisme, et non un quelconque culte religieux du Bouddha. C&rsquo;est vraiment l&rsquo;outil par excellence pour nous affranchir de la souffrance. C&rsquo;est \u00e0 tel point vrai que quand Ananda demande au Bouddha agonisant comment vouer un culte aux reliques sacr\u00e9es du Bouddha, celui r\u00e9pond\u00a0: \u00ab\u00a0Ne vous occupez pas de rendre un culte au corps de l&rsquo;Ainsi-All\u00e9<sup id=\"cite_ref-34\" class=\"reference\"><a href=\"https:\/\/fr.wikipedia.org\/wiki\/Philosophie_indienne#cite_note-34\">30<\/a><\/sup>\u00a0Occupez-vous de votre propre t\u00e2che. Engagez-vous dans votre propre t\u00e2che. Demeurez attentifs, r\u00e9solus dans votre propre t\u00e2che<sup id=\"cite_ref-35\" class=\"reference\"><a href=\"https:\/\/fr.wikipedia.org\/wiki\/Philosophie_indienne#cite_note-35\">31<\/a><\/sup>\u00a0\u00bb. Et cette t\u00e2che, c&rsquo;est de demeurer vigilant et pers\u00e9v\u00e9rant dans le Dharma du Bouddha afin de se lib\u00e9rer de l&rsquo;ignorance, de l&rsquo;illusion et de l&rsquo;attachement \u00e0 la souffrance. Et pour ce faire, il convient d&rsquo;observer le r\u00e9el tel qu&rsquo;il est.<\/p>\n<p style=\"text-align: justify;\">\u00c0 ce titre, le bouddhisme est une \u00ab\u00a0le\u00e7on de choses\u00a0\u00bb (Dhamma en pali,\u00a0<a title=\"Dharma\" href=\"https:\/\/fr.wikipedia.org\/wiki\/Dharma\">Dharma<\/a>\u00a0en sanskrit), l&rsquo;enseignement de la r\u00e9alit\u00e9, un expos\u00e9 des faits, une analyse minutieuse des ph\u00e9nom\u00e8nes au d\u00e9triment de la sp\u00e9culation religieuse. C&rsquo;est un point important qui diff\u00e9rencie le Bouddha des Vedas et Upanishads hindouistes\u00a0: le Bouddha n&rsquo;essaye pas de r\u00e9pondre aux grandes questions m\u00e9taphysiques pour se focaliser sur la seule question de la souffrance et de sa r\u00e9solution. Le Bouddha explique cela dans sa m\u00e9taphore de la fl\u00e8che\u00a0: imaginons un homme touch\u00e9 par une fl\u00e8che et qui ne voudrait pas la retirer tant qu&rsquo;il ne conna\u00eet pas l&rsquo;homme qui l&rsquo;a tir\u00e9e, sa caste et son origine, tant qu&rsquo;il ne conna\u00eet pas le mat\u00e9riau de la fl\u00e8che et sa provenance, et ainsi de suite&#8230; L&rsquo;homme aura le temps de mourir avant d&rsquo;avoir retir\u00e9 la fl\u00e8che<sup id=\"cite_ref-36\" class=\"reference\"><a href=\"https:\/\/fr.wikipedia.org\/wiki\/Philosophie_indienne#cite_note-36\">32<\/a><\/sup>&#8230;<\/p>\n<p style=\"text-align: justify;\">Autre diff\u00e9rence importante d&rsquo;avec la philosophie hindoue, c&rsquo;est le refus par le Bouddha du concept d&rsquo;<a class=\"mw-redirect\" title=\"Atman\" href=\"https:\/\/fr.wikipedia.org\/wiki\/Atman\">Atman<\/a>, le Soi, le \u00ab\u00a0je\u00a0\u00bb permanent, l&rsquo;\u00e2me \u00e9ternelle. C&rsquo;est la doctrine de l&rsquo;<a class=\"mw-redirect\" title=\"Anatman\" href=\"https:\/\/fr.wikipedia.org\/wiki\/Anatman\">Anatman<\/a>\u00a0ou non-soi. Le \u00ab\u00a0je\u00a0\u00bb n&rsquo;est aux yeux des bouddhistes qu&rsquo;une cr\u00e9ation mentale qui fluctue au gr\u00e9 des \u00e9tats de conscience et des \u00e9v\u00e9nements. Il n&rsquo;y a rien de permanent dans ce \u00ab\u00a0je\u00a0\u00bb ou cette conscience, mais un processus continuel de transformation<sup id=\"cite_ref-37\" class=\"reference\"><a href=\"https:\/\/fr.wikipedia.org\/wiki\/Philosophie_indienne#cite_note-37\">33<\/a><\/sup>. L&rsquo;image qui est souvent avanc\u00e9e est celle d&rsquo;un fleuve qui n&rsquo;est pas identique \u00e0 deux endroits de celui-ci, mais reste quand m\u00eame le m\u00eame fleuve dans sa continuit\u00e9. Le Gange n&rsquo;est pas le m\u00eame \u00e0 sa source, \u00e0 B\u00e9nar\u00e8s ou \u00e0 son embouchure quand il se jette dans l&rsquo;oc\u00e9an; pourtant il reste le Gange. De m\u00eame, la philosophie bouddhique ne reconna\u00eet pas une identit\u00e9 \u00e9ternelle ou permanente au \u00ab\u00a0je\u00a0\u00bb, mais reconna\u00eet une continuit\u00e9 qui court au travers du flux des diff\u00e9rents instants de conscience. Et c&rsquo;est cette succession rapide d&rsquo;instants de conscience, qui donne cette impression illusoire d&rsquo;un ego permanent, d&rsquo;un Atman.<\/p>\n<p style=\"text-align: justify;\">Le bouddhisme donnera naissance par la suite \u00e0 une riche tradition philosophique diversifi\u00e9e en de nombreuses \u00e9coles et courants religieux envers le Bouddha et les bodhisattvas.<\/p>\n<div class=\"mw-heading mw-heading2\" style=\"text-align: justify;\">\n<h2 id=\"Comparaison_avec_la_philosophie_occidentale\"><span style=\"font-size: 14px;\">Comparaison avec la philosophie occidentale<\/span><\/h2>\n<\/div>\n<p style=\"text-align: justify;\">En Occident, rares sont les philosophes \u00e0 avoir entrepris de travailler sur la philosophie indienne<sup id=\"cite_ref-38\" class=\"reference\"><a href=\"https:\/\/fr.wikipedia.org\/wiki\/Philosophie_indienne#cite_note-38\">34<\/a><\/sup>.<\/p>\n<p style=\"text-align: justify;\">Outre son livre sur l&rsquo;id\u00e9e du sacr\u00e9,\u00a0<a title=\"Rudolf Otto\" href=\"https:\/\/fr.wikipedia.org\/wiki\/Rudolf_Otto\">Rudolf Otto<\/a>\u00a0a \u00e9crit une \u00e9tude comparative sur\u00a0<a title=\"Adi Shankara\" href=\"https:\/\/fr.wikipedia.org\/wiki\/Adi_Shankara\">Adi Shankara<\/a>\u00a0et\u00a0<a title=\"Ma\u00eetre Eckhart\" href=\"https:\/\/fr.wikipedia.org\/wiki\/Ma%C3%AEtre_Eckhart\">Ma\u00eetre Eckhart<\/a>. Plusieurs doctrines qui d\u00e9finissent les Upanishads, tels que ceux sur Dieu (<i>brahmavada<\/i>), l&rsquo;\u00e2me (<i>atmavada<\/i>), la transmigration (<i>karmavada<\/i>), l&rsquo;illusion (<i>mayavada<\/i>) et le salut (<i>mokshavada<\/i>) ont influenc\u00e9 les philosophes roumains<sup id=\"cite_ref-39\" class=\"reference\"><a href=\"https:\/\/fr.wikipedia.org\/wiki\/Philosophie_indienne#cite_note-39\">35<\/a><\/sup>.\u00a0<a title=\"Lucian Blaga\" href=\"https:\/\/fr.wikipedia.org\/wiki\/Lucian_Blaga\">Lucian Blaga<\/a>\u00a0a \u00e9t\u00e9 influenc\u00e9 par Adi Shankara. Le philosophe roumain a \u00e9crit qu&rsquo;il y a deux sortes de connaissances\u00a0: sup\u00e9rieure (<i>paravidya<\/i>\u00a0selon Shankara) et inf\u00e9rieure (<i>aparavidya<\/i>\u00a0selon Shankara). La premi\u00e8re est la connaissance de Dieu comme\u00a0<i>nirguna Brahman<\/i>\u00a0(Dieu sans attributs), tandis que la seconde est la connaissance de Dieu comme\u00a0<i>saguna Brahman<\/i>\u00a0(Dieu avec des attributs)<sup id=\"cite_ref-40\" class=\"reference\"><a href=\"https:\/\/fr.wikipedia.org\/wiki\/Philosophie_indienne#cite_note-40\">36<\/a><\/sup>. En citant plusieurs auteurs europ\u00e9ens, Lucian Blaga a soulign\u00e9 qu&rsquo;Adi Shankara \u00ab\u00a0est le meilleur m\u00e9taphysicien de tous les temps\u00a0\u00bb<sup id=\"cite_ref-41\" class=\"reference\"><a href=\"https:\/\/fr.wikipedia.org\/wiki\/Philosophie_indienne#cite_note-41\">37<\/a><\/sup>. Lucian Blaga a \u00e9t\u00e9 \u00e9galement influenc\u00e9 par la philosophie bouddhiste. Le bouddhisme n\u2019est pas entendu comme pessimiste. Le concept de la souffrance provient ni du pessimisme, ni du nihilisme, mais du r\u00e9alisme<sup id=\"cite_ref-42\" class=\"reference\"><a href=\"https:\/\/fr.wikipedia.org\/wiki\/Philosophie_indienne#cite_note-42\">38<\/a><\/sup>.\u00a0<a title=\"Mircea Eliade\" href=\"https:\/\/fr.wikipedia.org\/wiki\/Mircea_Eliade\">Mircea Eliade<\/a>\u00a0a \u00e9t\u00e9 influenc\u00e9 par la philosophie indienne dans sa conception sur la religion comme exp\u00e9rience du sacr\u00e9 et sur l&rsquo;homme comme \u00ab\u00a0homo religiosus\u00a0\u00bb, ainsi que dans ses th\u00e9ories sur le sacr\u00e9 et l\u2019hi\u00e9rophanie. Il a publi\u00e9 plusieurs articles sur les Upanishads dans sa jeunesse<sup id=\"cite_ref-43\" class=\"reference\"><a href=\"https:\/\/fr.wikipedia.org\/wiki\/Philosophie_indienne#cite_note-43\">39<\/a><\/sup>\u00a0et plus tard quatre livres en fran\u00e7ais sur le yoga.<\/p>\n<p style=\"text-align: justify;\">La France a eu une contribution remarquable en indologie, approfondie par les travaux des \u00e9rudits comme\u00a0:\u00a0<a class=\"mw-redirect\" title=\"Michel Angot\" href=\"https:\/\/fr.wikipedia.org\/wiki\/Michel_Angot\">Michel Angot<\/a>,\u00a0<a title=\"Madeleine Biardeau\" href=\"https:\/\/fr.wikipedia.org\/wiki\/Madeleine_Biardeau\">Madeleine Biardeau<\/a>,\u00a0<a title=\"Jean Filliozat\" href=\"https:\/\/fr.wikipedia.org\/wiki\/Jean_Filliozat\">Jean Filliozat<\/a>,\u00a0<a class=\"mw-disambig\" title=\"Fran\u00e7ois Gros\" href=\"https:\/\/fr.wikipedia.org\/wiki\/Fran%C3%A7ois_Gros\">Fran\u00e7ois Gros<\/a>,\u00a0<a title=\"Ren\u00e9 Gu\u00e9non\" href=\"https:\/\/fr.wikipedia.org\/wiki\/Ren%C3%A9_Gu%C3%A9non\">Ren\u00e9 Gu\u00e9non<\/a>,\u00a0<a title=\"Jean Herbert\" href=\"https:\/\/fr.wikipedia.org\/wiki\/Jean_Herbert\">Jean Herbert<\/a>,\u00a0<a title=\"Olivier Lacombe\" href=\"https:\/\/fr.wikipedia.org\/wiki\/Olivier_Lacombe\">Olivier Lacombe<\/a>,\u00a0<a title=\"Michel Hulin\" href=\"https:\/\/fr.wikipedia.org\/wiki\/Michel_Hulin\">Michel Hulin<\/a>,\u00a0<a title=\"Paul Masson-Oursel\" href=\"https:\/\/fr.wikipedia.org\/wiki\/Paul_Masson-Oursel\">Paul Masson-Oursel<\/a>,\u00a0<a title=\"Louis Renou\" href=\"https:\/\/fr.wikipedia.org\/wiki\/Louis_Renou\">Louis Renou<\/a>\u00a0et\u00a0<a title=\"Jean Varenne\" href=\"https:\/\/fr.wikipedia.org\/wiki\/Jean_Varenne\">Jean Varenne<\/a>.<\/p>\n<div class=\"mw-heading mw-heading2\" style=\"text-align: justify;\">\n<h2 id=\"Philosophes_indiens_modernes\"><span style=\"font-size: 14px;\">Philosophes indiens modernes<\/span><\/h2>\n<\/div>\n<p style=\"text-align: justify;\">Parmi les personnalit\u00e9s les plus repr\u00e9sentatives\u00a0: sages, philosophes, enseignants, \u00e9rudits ou ma\u00eetres spirituels, figurent\u00a0:\u00a0<a title=\"R\u00e2makrishna\" href=\"https:\/\/fr.wikipedia.org\/wiki\/R%C3%A2makrishna\">R\u00e2makrishna<\/a>,\u00a0<a title=\"Vivekananda\" href=\"https:\/\/fr.wikipedia.org\/wiki\/Vivekananda\">Vivekananda<\/a>,\u00a0<a title=\"Jiddu Krishnamurti\" href=\"https:\/\/fr.wikipedia.org\/wiki\/Jiddu_Krishnamurti\">Krishnamurti<\/a>,\u00a0<a class=\"mw-redirect\" title=\"Sri Aurobindo\" href=\"https:\/\/fr.wikipedia.org\/wiki\/Sri_Aurobindo\">Sri Aurobindo<\/a>,\u00a0<a title=\"Ramana Maharshi\" href=\"https:\/\/fr.wikipedia.org\/wiki\/Ramana_Maharshi\">Ramana Maharshi<\/a>,\u00a0<a title=\"Shivananda\" href=\"https:\/\/fr.wikipedia.org\/wiki\/Shivananda\">Shivananda<\/a>,\u00a0<a title=\"Chinmayananda\" href=\"https:\/\/fr.wikipedia.org\/wiki\/Chinmayananda\">Chinmayananda<\/a>,\u00a0<a title=\"M\u00e2 Ananda Moy\u00ee\" href=\"https:\/\/fr.wikipedia.org\/wiki\/M%C3%A2_Ananda_Moy%C3%AE\">M\u00e2 Ananda Moy\u00ee<\/a>.<\/p>\n","protected":false},"excerpt":{"rendered":"<p>Les diff\u00e9rentes \u00e9coles n\u0101stika Nastika, pour les \u00e9coles brahmaniques, d\u00e9signe les \u00e9coles non-orthodoxes, qui ne suivent pas les V\u00e9das. Pour les autres \u00e9coles, ce terme d\u00e9signe ceux qui ne croient pas en l&rsquo;au-del\u00e0, ou ceux qui sont ath\u00e9es. Le \u0100j\u012bvika \u0100j\u012bvika\u00a0(sanskrit\u00a0en\u00a0devan\u0101gar\u012b\u00a0: \u0906\u091c\u0940\u0935\u093f\u0915\u00a0; \u00e9galement \u00e9crit sous les formes\u00a0Ajivika\u00a0et\u00a0Ajivaka) d\u00e9signe un ancien mouvement philosophique\u00a0mat\u00e9rialiste,\u00a0ath\u00e9e\u00a0et asc\u00e9tique fond\u00e9 par [&hellip;]<\/p>\n","protected":false},"author":1,"featured_media":13370,"parent":0,"menu_order":0,"comment_status":"closed","ping_status":"closed","template":"","meta":{"footnotes":""},"class_list":["post-13358","page","type-page","status-publish","has-post-thumbnail","hentry"],"_links":{"self":[{"href":"https:\/\/oraziopuglisi.art\/index.php\/wp-json\/wp\/v2\/pages\/13358","targetHints":{"allow":["GET"]}}],"collection":[{"href":"https:\/\/oraziopuglisi.art\/index.php\/wp-json\/wp\/v2\/pages"}],"about":[{"href":"https:\/\/oraziopuglisi.art\/index.php\/wp-json\/wp\/v2\/types\/page"}],"author":[{"embeddable":true,"href":"https:\/\/oraziopuglisi.art\/index.php\/wp-json\/wp\/v2\/users\/1"}],"replies":[{"embeddable":true,"href":"https:\/\/oraziopuglisi.art\/index.php\/wp-json\/wp\/v2\/comments?post=13358"}],"version-history":[{"count":5,"href":"https:\/\/oraziopuglisi.art\/index.php\/wp-json\/wp\/v2\/pages\/13358\/revisions"}],"predecessor-version":[{"id":13364,"href":"https:\/\/oraziopuglisi.art\/index.php\/wp-json\/wp\/v2\/pages\/13358\/revisions\/13364"}],"wp:featuredmedia":[{"embeddable":true,"href":"https:\/\/oraziopuglisi.art\/index.php\/wp-json\/wp\/v2\/media\/13370"}],"wp:attachment":[{"href":"https:\/\/oraziopuglisi.art\/index.php\/wp-json\/wp\/v2\/media?parent=13358"}],"curies":[{"name":"wp","href":"https:\/\/api.w.org\/{rel}","templated":true}]}}