{"id":12998,"date":"2024-09-16T11:55:58","date_gmt":"2024-09-16T09:55:58","guid":{"rendered":"https:\/\/oraziopuglisi.art\/?page_id=12998"},"modified":"2024-09-28T13:37:50","modified_gmt":"2024-09-28T11:37:50","slug":"organiser-une-conference","status":"publish","type":"page","link":"https:\/\/oraziopuglisi.art\/index.php\/organiser-une-conference\/","title":{"rendered":"Organiser une Conf\u00e9rence"},"content":{"rendered":"<p style=\"text-align: center;\"><span style=\"font-family: 'book antiqua', palatino, serif;\">Vous souhaitez organiser une conf\u00e9rence en direction de vos adh\u00e9rents.<\/span><\/p>\n<p style=\"text-align: justify;\"><span style=\"font-family: 'book antiqua', palatino, serif;\">Je vous propose mes services dans diff\u00e9rents domaines de l&rsquo;Art en passant par l&rsquo;histoire et diverses th\u00e9matiques.\u00a0\u00a0<\/span><\/p>\n<p style=\"text-align: justify;\"><span style=\"font-family: 'book antiqua', palatino, serif;\">Dans un premier temps je suis \u00e0 m\u00eame de vous pr\u00e9senter un cycle de conf\u00e9rences sur\u00a0<a href=\"https:\/\/oraziopuglisi.art\/index.php\/les-echecs\/\" target=\"_blank\" rel=\"noopener\">le jeu d&rsquo;\u00e9checs<\/a>\u00a0de par ma formation de Professeur et Entra\u00eeneur de la F\u00e9d\u00e9ration Fran\u00e7aise. Ces conf\u00e9rences portent sur l&rsquo;histoire du jeu que ce soit dans un retrac\u00e9 g\u00e9n\u00e9rale depuis la naissance du jeu en Inde \u00e0 la fin du VI\u00e8 si\u00e8cle de notre \u00e8re \u00e0 nos jours ou son histoire selon les diverses p\u00e9riodes qu&rsquo;il a travers\u00e9: Antiquit\u00e9, Moyen Age, Renaissance ou \u00e9poque Moderne.<\/span><\/p>\n<p style=\"text-align: justify;\"><span style=\"font-family: 'book antiqua', palatino, serif;\">Mais le Noble Jeu a su tisser ses liens avec d&rsquo;autres disciplines de notre patrimoine commun, Litt\u00e9rature, Art et Sciences; autant de domaines o\u00f9 les liens et analogies avec le jeu d&rsquo;\u00e9checs ne manquent pas. Autant de th\u00e8mes autant de <a href=\"https:\/\/oraziopuglisi.art\/index.php\/les-echecs\/\">conf\u00e9rences<\/a> !\u00a0 \u00a0<\/span><\/p>\n<p style=\"text-align: justify;\"><span style=\"font-family: 'book antiqua', palatino, serif;\">Mais d&rsquo;autres\u00a0<a href=\"https:\/\/oraziopuglisi.art\/index.php\/2024\/09\/16\/conferences\/\" target=\"_blank\" rel=\"noopener\">sujets<\/a>\u00a0en dehors du jeu d&rsquo;\u00e9checs m&rsquo;int\u00e9ressent et je me ferai une joie de vous pr\u00e9senter des th\u00e9matiques peu connues voire tr\u00e8s peu connues et souvent originales.<\/span><\/p>\n<p style=\"text-align: justify;\"><span style=\"font-family: 'book antiqua', palatino, serif;\">Mais avant d&rsquo;aller plus loin, je tiens \u00e0 pr\u00e9ciser que je ne suis ni historien ni conf\u00e9rencier professionnel puisque l&rsquo;essentiel de mon activit\u00e9 porte sur l&rsquo;enseignement du Noble Jeu depuis pr\u00e8s d&rsquo;une quarantaine d&rsquo;ann\u00e9es ! A ce titre, j&rsquo;ai d\u00e9j\u00e0 donn\u00e9 plusieurs de mes conf\u00e9rences sur le Jeu d&rsquo;\u00e9checs et ses liens avec les diff\u00e9rents secteurs de la soci\u00e9t\u00e9, dont j&rsquo;ai parl\u00e9 plus haut.<\/span><\/p>\n<p style=\"text-align: justify;\"><span style=\"font-family: 'book antiqua', palatino, serif;\">Mes lieux d&rsquo;interventions furent sans que cela ne soit exhaustif :\u00a0<\/span><\/p>\n<ul>\n<li><span style=\"font-family: 'book antiqua', palatino, serif;\"><a href=\"https:\/\/www.tourisme-paysdaubagne.fr\/offres\/universite-du-temps-libre-daubagne-aubagne-fr-2968204\/\" target=\"_blank\" rel=\"noopener\">Utl Aubagne<\/a>\u00a0o\u00f9 je suis enseignant.<\/span><\/li>\n<li><span style=\"font-family: 'book antiqua', palatino, serif;\"><a href=\"https:\/\/utl.univ-amu.fr\/\" target=\"_blank\" rel=\"noopener\">Utl Aix Marseille<\/a>\u00a0(J&rsquo;y ai cr\u00e9\u00e9 dans les 90 la section \u00e9checs)<\/span><\/li>\n<li><span style=\"font-family: 'book antiqua', palatino, serif;\"><a href=\"https:\/\/laciotatechecs.com\/\" target=\"_blank\" rel=\"noopener\">Club de la Ciotat<\/a>\u00a0(J&rsquo;y suis Professeur)<\/span><\/li>\n<li><span style=\"font-family: 'book antiqua', palatino, serif;\">Les \u00e9coles et coll\u00e8ges de Paca en collaboration avec les enseignants en histoire.\u00a0\u00a0<\/span><\/li>\n<\/ul>\n<p style=\"text-align: justify;\"><span style=\"font-family: 'book antiqua', palatino, serif;\">Cette exp\u00e9rience de conf\u00e9rencier m&rsquo;a permis d&rsquo;acqu\u00e9rir un savoir-faire au service de pr\u00e9sentations d&rsquo;une grande pr\u00e9cision et d&rsquo;un grand professionnalisme !\u00a0\u00a0<\/span><\/p>\n<p style=\"text-align: center;\"><span style=\"font-family: 'book antiqua', palatino, serif;\"><a href=\"https:\/\/oraziopuglisi.art\/index.php\/les-echecs\/\" target=\"_blank\" rel=\"noopener\">Toutes mes conf\u00e9rences<\/a><\/span><\/p>\n<blockquote>\n<p><span style=\"font-family: 'book antiqua', palatino, serif;\">\u00ab\u00a0Dieu n&rsquo;a cr\u00e9\u00e9 que le ciel et la terre, l&rsquo;Autodidacte a fait mieux il s&rsquo;est cr\u00e9\u00e9 lui-m\u00eame.\u00a0\u00bb<\/span><\/p>\n<p><span style=\"font-family: 'book antiqua', palatino, serif;\"><strong>Ol Bareton. Confiseur de Auguste Detoeuf.<\/strong><\/span><\/p>\n<\/blockquote>\n<p>&nbsp;<\/p>\n<p style=\"text-align: justify;\"><span style=\"font-family: 'book antiqua', palatino, serif;\">J&rsquo;aurai donc et par exemple le plus grand plaisir \u00e0 offrir aux curieux la vie et l&rsquo;oeuvre de la grande intellectuelle fran\u00e7aise d&rsquo;origine V\u00e9nitienne <a href=\"https:\/\/fr.wikipedia.org\/wiki\/Christine_de_Pizan\">Christine de Pizan du XIV\u00e8 si\u00e8cle.<\/a><\/span><\/p>\n<p><span style=\"font-family: 'book antiqua', palatino, serif;\"><img loading=\"lazy\" decoding=\"async\" class=\"alignnone size-full wp-image-13228\" src=\"http:\/\/oraziopuglisi.art\/wp-content\/uploads\/2024\/09\/French_School_-_Harley_MS_4431_f004r_Detail_of_a_miniature_of_Christine_de_Pizan_in_her_study_at_-_MeisterDrucke-1353182.jpg\" alt=\"\" width=\"878\" height=\"1260\" srcset=\"https:\/\/oraziopuglisi.art\/wp-content\/uploads\/2024\/09\/French_School_-_Harley_MS_4431_f004r_Detail_of_a_miniature_of_Christine_de_Pizan_in_her_study_at_-_MeisterDrucke-1353182.jpg 878w, https:\/\/oraziopuglisi.art\/wp-content\/uploads\/2024\/09\/French_School_-_Harley_MS_4431_f004r_Detail_of_a_miniature_of_Christine_de_Pizan_in_her_study_at_-_MeisterDrucke-1353182-209x300.jpg 209w, https:\/\/oraziopuglisi.art\/wp-content\/uploads\/2024\/09\/French_School_-_Harley_MS_4431_f004r_Detail_of_a_miniature_of_Christine_de_Pizan_in_her_study_at_-_MeisterDrucke-1353182-714x1024.jpg 714w, https:\/\/oraziopuglisi.art\/wp-content\/uploads\/2024\/09\/French_School_-_Harley_MS_4431_f004r_Detail_of_a_miniature_of_Christine_de_Pizan_in_her_study_at_-_MeisterDrucke-1353182-768x1102.jpg 768w, https:\/\/oraziopuglisi.art\/wp-content\/uploads\/2024\/09\/French_School_-_Harley_MS_4431_f004r_Detail_of_a_miniature_of_Christine_de_Pizan_in_her_study_at_-_MeisterDrucke-1353182-508x729.jpg 508w\" sizes=\"auto, (max-width: 878px) 100vw, 878px\" \/><\/span><\/p>\n<p style=\"text-align: justify;\"><span style=\"font-family: 'book antiqua', palatino, serif;\"><a href=\"https:\/\/fr.wikipedia.org\/wiki\/Giuseppe_Pitr%C3%A8\">Giuseppe Pitr\u00e9<\/a> et son travail exceptionnel sur les traditions de Sicile, ma terre ancestrale !<\/span><\/p>\n<p><span style=\"font-family: 'book antiqua', palatino, serif;\"><img loading=\"lazy\" decoding=\"async\" class=\"size-full wp-image-13224 aligncenter\" src=\"http:\/\/oraziopuglisi.art\/wp-content\/uploads\/2024\/09\/pitre_ritratto.jpg\" alt=\"\" width=\"300\" height=\"400\" srcset=\"https:\/\/oraziopuglisi.art\/wp-content\/uploads\/2024\/09\/pitre_ritratto.jpg 300w, https:\/\/oraziopuglisi.art\/wp-content\/uploads\/2024\/09\/pitre_ritratto-225x300.jpg 225w\" sizes=\"auto, (max-width: 300px) 100vw, 300px\" \/><\/span><\/p>\n<p style=\"text-align: justify;\"><span style=\"font-family: 'book antiqua', palatino, serif;\">Si je vous \u00e9voque les <a href=\"https:\/\/www.youtube.com\/watch?v=MFMD7KxQzOw\">enluminures<\/a> et les vitraux cela vous parle et \u00e9veille en vous les beaut\u00e9s de notre patrimoine et d&rsquo;ailleurs, mais si je vous parle de <a href=\"https:\/\/www.youtube.com\/watch?v=7YPWMQRXZG8&amp;list=PLGapGlViYRH0XvPYvzbC3IhU8IUxoMPga\">\u00ab\u00a0Livres d&rsquo;heures\u00a0\u00bb<\/a> certainement que votre curiosit\u00e9 sera chatouill\u00e9e !\u00a0<\/span><\/p>\n<p style=\"text-align: center;\"><span style=\"font-size: 12px; font-family: 'book antiqua', palatino, serif;\"><a href=\"https:\/\/www.lectura.plus\/3531-manuscrits-et-enluminures-les-livres-dheures-du-15e-siecle.html\">De merveilleuses oeuvres de couleur et de lumi\u00e8re\u00a0<\/a><\/span><\/p>\n<p><span style=\"font-family: 'book antiqua', palatino, serif;\"><img loading=\"lazy\" decoding=\"async\" class=\"alignnone size-full wp-image-13459\" src=\"http:\/\/oraziopuglisi.art\/wp-content\/uploads\/2024\/09\/Heures-latines-a-lusage-de-Paris-15e-siecle-Fuite-en-Egypte.-Bibliotheque-municipale-de-Grenoble.jpeg\" alt=\"\" width=\"1000\" height=\"1484\" srcset=\"https:\/\/oraziopuglisi.art\/wp-content\/uploads\/2024\/09\/Heures-latines-a-lusage-de-Paris-15e-siecle-Fuite-en-Egypte.-Bibliotheque-municipale-de-Grenoble.jpeg 1000w, https:\/\/oraziopuglisi.art\/wp-content\/uploads\/2024\/09\/Heures-latines-a-lusage-de-Paris-15e-siecle-Fuite-en-Egypte.-Bibliotheque-municipale-de-Grenoble-202x300.jpeg 202w, https:\/\/oraziopuglisi.art\/wp-content\/uploads\/2024\/09\/Heures-latines-a-lusage-de-Paris-15e-siecle-Fuite-en-Egypte.-Bibliotheque-municipale-de-Grenoble-690x1024.jpeg 690w, https:\/\/oraziopuglisi.art\/wp-content\/uploads\/2024\/09\/Heures-latines-a-lusage-de-Paris-15e-siecle-Fuite-en-Egypte.-Bibliotheque-municipale-de-Grenoble-768x1140.jpeg 768w, https:\/\/oraziopuglisi.art\/wp-content\/uploads\/2024\/09\/Heures-latines-a-lusage-de-Paris-15e-siecle-Fuite-en-Egypte.-Bibliotheque-municipale-de-Grenoble-508x754.jpeg 508w\" sizes=\"auto, (max-width: 1000px) 100vw, 1000px\" \/><\/span><\/p>\n<p><span style=\"font-size: 14px; font-family: 'book antiqua', palatino, serif;\"><em>Heures latines \u00e0 l&rsquo;usage de Paris (15e si\u00e8cle) : Fuite en Egypte. \u00a9 Biblioth\u00e8que municipale de Grenoble.<\/em><\/span><\/p>\n<p style=\"text-align: justify;\"><span style=\"font-family: 'book antiqua', palatino, serif;\">Pour les secteurs plus philosophiques ou m\u00e9taphysiques la vie et l&rsquo;\u0153uvre de <a href=\"https:\/\/fr.wikipedia.org\/wiki\/Ren%C3%A9_Gu%C3%A9non\">Ren\u00e9 Gu\u00e9non<\/a> ne manqueront pas d&rsquo;ouvrir des horizons insoup\u00e7onn\u00e9s !\u00a0<\/span><\/p>\n<p><span style=\"font-family: 'book antiqua', palatino, serif;\"><img loading=\"lazy\" decoding=\"async\" class=\"alignnone size-full wp-image-13243\" src=\"http:\/\/oraziopuglisi.art\/wp-content\/uploads\/2024\/09\/Rene-Guenon.png\" alt=\"\" width=\"330\" height=\"482\" srcset=\"https:\/\/oraziopuglisi.art\/wp-content\/uploads\/2024\/09\/Rene-Guenon.png 330w, https:\/\/oraziopuglisi.art\/wp-content\/uploads\/2024\/09\/Rene-Guenon-205x300.png 205w\" sizes=\"auto, (max-width: 330px) 100vw, 330px\" \/><\/span><\/p>\n<p><span style=\"font-family: 'book antiqua', palatino, serif;\">J&rsquo;oserai m\u00eame vous pr\u00e9senter le sulfureux et original <a href=\"https:\/\/en.wikipedia.org\/wiki\/Julius_Evola\">Evola<\/a> de son pr\u00e9nom Julius comme le grand C\u00e9sar !<\/span><\/p>\n<p><span style=\"font-family: 'book antiqua', palatino, serif;\"><img loading=\"lazy\" decoding=\"async\" class=\"alignnone size-full wp-image-13467\" src=\"http:\/\/oraziopuglisi.art\/wp-content\/uploads\/2024\/09\/Evola-1.jpg\" alt=\"\" width=\"390\" height=\"534\" srcset=\"https:\/\/oraziopuglisi.art\/wp-content\/uploads\/2024\/09\/Evola-1.jpg 390w, https:\/\/oraziopuglisi.art\/wp-content\/uploads\/2024\/09\/Evola-1-219x300.jpg 219w\" sizes=\"auto, (max-width: 390px) 100vw, 390px\" \/><\/span><\/p>\n<p style=\"text-align: justify;\"><span style=\"font-family: 'book antiqua', palatino, serif;\">En mati\u00e8re d&rsquo;Art une grande passion pour la peinture flamande me donnera l&rsquo;occasion de vous pr\u00e9senter les plus grands peintres du Nord, avec entre autres deux Chefs-d&rsquo;Oeuvre c\u00e9l\u00e9brissimes de <a href=\"https:\/\/fr.wikipedia.org\/wiki\/Jan_van_Eyck\">Jan Van Eyck<\/a>, \u00e0 savoir les <a href=\"https:\/\/fr.wikipedia.org\/wiki\/Les_%C3%89poux_Arnolfini\">Epoux Arnolfini<\/a><\/span><\/p>\n<p><span style=\"font-family: 'book antiqua', palatino, serif;\"><img loading=\"lazy\" decoding=\"async\" class=\"alignnone size-full wp-image-13397\" src=\"http:\/\/oraziopuglisi.art\/wp-content\/uploads\/2024\/09\/360px-Van_Eyck_-_Arnolfini_PortraitFXD.jpg\" alt=\"\" width=\"360\" height=\"493\" srcset=\"https:\/\/oraziopuglisi.art\/wp-content\/uploads\/2024\/09\/360px-Van_Eyck_-_Arnolfini_PortraitFXD.jpg 360w, https:\/\/oraziopuglisi.art\/wp-content\/uploads\/2024\/09\/360px-Van_Eyck_-_Arnolfini_PortraitFXD-219x300.jpg 219w\" sizes=\"auto, (max-width: 360px) 100vw, 360px\" \/><\/span><\/p>\n<p style=\"text-align: justify;\"><span style=\"font-family: 'book antiqua', palatino, serif;\">et <a href=\"https:\/\/fr.wikipedia.org\/wiki\/L%27Agneau_mystique\">l&rsquo;Agneau Mystique<\/a> polyptyque commenc\u00e9 par <a title=\"Hubert van Eyck\" href=\"https:\/\/fr.wikipedia.org\/wiki\/Hubert_van_Eyck\">Hubert van Eyck<\/a>\u00a0et termin\u00e9 par\u00a0<a title=\"Jan van Eyck\" href=\"https:\/\/fr.wikipedia.org\/wiki\/Jan_van_Eyck\">Jan van Eyck<\/a>\u00a0apr\u00e8s la mort de son fr\u00e8re en\u00a01426. \u00a0Une \u0153uvre que j&rsquo;ai pu d\u00e9couvrir en 2024 dans la tr\u00e8s belle ville de Gand en Belgique !\u00a0<\/span><\/p>\n<p><span style=\"font-family: 'book antiqua', palatino, serif;\"><img loading=\"lazy\" decoding=\"async\" class=\"alignnone size-full wp-image-13162\" src=\"http:\/\/oraziopuglisi.art\/wp-content\/uploads\/2024\/09\/Lagneau-mystique-Van-Eyck.jpg\" alt=\"\" width=\"495\" height=\"362\" srcset=\"https:\/\/oraziopuglisi.art\/wp-content\/uploads\/2024\/09\/Lagneau-mystique-Van-Eyck.jpg 495w, https:\/\/oraziopuglisi.art\/wp-content\/uploads\/2024\/09\/Lagneau-mystique-Van-Eyck-300x219.jpg 300w\" sizes=\"auto, (max-width: 495px) 100vw, 495px\" \/><\/span><\/p>\n<p style=\"text-align: justify;\"><span style=\"font-family: 'book antiqua', palatino, serif;\">D\u00e9couvrez ces domaines, sujets, th\u00e9matiques et bien d&rsquo;autres conf\u00e9rences souvent peu connues \u00e0 travers mon travail et mon d\u00e9sir de vulgarisation \u00e0 l&rsquo;endroit de vos adh\u00e9rents.<\/span><\/p>\n<p style=\"text-align: justify;\"><span style=\"font-family: 'book antiqua', palatino, serif;\">Le d\u00e9roulement des conf\u00e9rences se fera selon les deux temps classiques, une heure de pr\u00e9sentation et un temps pour les questions du public.<\/span><\/p>\n<p>&nbsp;<\/p>\n<p style=\"text-align: justify;\"><span style=\"font-family: 'book antiqua', palatino, serif;\"><em>N&rsquo;h\u00e9sitez pas \u00e0 me contacter pour tout compl\u00e9ment d&rsquo;information ou entretien. Je me ferai une joie de vous r\u00e9pondre.<\/em><\/span><\/p>\n<p>&nbsp;<\/p>\n<p>&nbsp;<\/p>\n<p><span style=\"font-family: 'book antiqua', palatino, serif;\"><img loading=\"lazy\" decoding=\"async\" class=\"size-full wp-image-12820\" src=\"http:\/\/oraziopuglisi.art\/wp-content\/uploads\/2024\/09\/0_Le_Massacre_des_Innocents_dapres_P.P._Rubens_-_Musees_royaux_des_beaux-arts_de_Belgique_2.jpg\" alt=\"\" width=\"1024\" height=\"760\" srcset=\"https:\/\/oraziopuglisi.art\/wp-content\/uploads\/2024\/09\/0_Le_Massacre_des_Innocents_dapres_P.P._Rubens_-_Musees_royaux_des_beaux-arts_de_Belgique_2.jpg 1024w, https:\/\/oraziopuglisi.art\/wp-content\/uploads\/2024\/09\/0_Le_Massacre_des_Innocents_dapres_P.P._Rubens_-_Musees_royaux_des_beaux-arts_de_Belgique_2-300x223.jpg 300w, https:\/\/oraziopuglisi.art\/wp-content\/uploads\/2024\/09\/0_Le_Massacre_des_Innocents_dapres_P.P._Rubens_-_Musees_royaux_des_beaux-arts_de_Belgique_2-768x570.jpg 768w, https:\/\/oraziopuglisi.art\/wp-content\/uploads\/2024\/09\/0_Le_Massacre_des_Innocents_dapres_P.P._Rubens_-_Musees_royaux_des_beaux-arts_de_Belgique_2-508x377.jpg 508w\" sizes=\"auto, (max-width: 1024px) 100vw, 1024px\" \/><\/span><\/p>\n<p style=\"text-align: justify;\"><span style=\"font-size: 12px; font-family: 'book antiqua', palatino, serif;\"><em><strong>\u00ab Le Massacre des Innocents \u00bb<\/strong>, huile sur bois (Hauteur. 142 cm ; largeur. 182 cm) d\u2019apr\u00e8s Pierre Paul Rubens vers 1610-1612, appartenant aux mus\u00e9es royaux des beaux-arts de Belgique de Bruxelles. &#8211; Inv. 3639, photographi\u00e9e lors de l\u2019exposition temporaire \u00ab Rubens et son Temps \u00bb au mus\u00e9e du Louvre-Lens.<\/em><\/span><\/p>\n<p style=\"text-align: center;\"><span style=\"font-family: 'book antiqua', palatino, serif;\"><strong>250 euros Ttc<\/strong><\/span><\/p>\n<p style=\"text-align: center;\"><span style=\"font-family: 'book antiqua', palatino, serif;\">La conf\u00e9rence\u00a0<\/span><\/p>\n<p style=\"text-align: center;\"><span style=\"font-family: 'book antiqua', palatino, serif;\">+\u00a0<\/span><\/p>\n<p style=\"text-align: center;\"><span style=\"font-family: 'book antiqua', palatino, serif;\">Frais de d\u00e9placement<\/span><\/p>\n<p style=\"text-align: center;\"><span style=\"font-family: 'book antiqua', palatino, serif;\">(Carburant\/P\u00e9age\/H\u00f4tel\/Restauration)<\/span><\/p>\n<p style=\"text-align: center;\"><span style=\"color: #ff0000; font-family: 'book antiqua', palatino, serif;\"><a style=\"color: #ff0000;\" href=\"https:\/\/oraziopuglisi.art\/index.php\/les-echecs\/\">Toutes mes conf\u00e9rences<\/a><\/span><\/p>\n<p style=\"text-align: center;\"><span style=\"font-family: 'book antiqua', palatino, serif;\">Ces conf\u00e9rences peuvent se concevoir par Internet !!<\/span><\/p>\n<p>&nbsp;<\/p>\n<p style=\"text-align: center;\"><span style=\"font-family: 'book antiqua', palatino, serif;\"><strong>Orazio Puglisi<\/strong><\/span><\/p>\n<p style=\"text-align: center;\"><span style=\"font-family: 'book antiqua', palatino, serif;\">Professeur et Entraineur<\/span><\/p>\n<p style=\"text-align: center;\"><span style=\"font-family: 'book antiqua', palatino, serif;\">06 14 35 15 52<\/span><\/p>\n<p style=\"text-align: center;\"><span style=\"font-family: 'book antiqua', palatino, serif;\">oraziopuglisi@gmail.com<\/span><\/p>\n<p style=\"text-align: center;\"><span style=\"font-family: 'book antiqua', palatino, serif;\">puglisiorazio@wanadoo.fr<\/span><\/p>\n<p style=\"text-align: center;\">\u00a0<\/p>\n<form action=\"https:\/\/www.paypal.com\/donate\" method=\"post\" target=\"_top\"><span style=\"font-family: 'book antiqua', palatino, serif;\"><input name=\"hosted_button_id\" type=\"hidden\" value=\"QSSRVLDUKP2MG\" \/> <input title=\"PayPal - The safer, easier way to pay online!\" alt=\"Bouton Faites un don avec PayPal\" name=\"submit\" src=\"https:\/\/www.paypalobjects.com\/fr_FR\/FR\/i\/btn\/btn_donateCC_LG.gif\" type=\"image\" \/><img loading=\"lazy\" decoding=\"async\" class=\"alignright\" src=\"https:\/\/www.paypal.com\/fr_FR\/i\/scr\/pixel.gif\" alt=\"\" width=\"1\" height=\"1\" border=\"0\" \/><img loading=\"lazy\" decoding=\"async\" class=\"alignright\" src=\"https:\/\/www.paypal.com\/fr_FR\/i\/scr\/pixel.gif\" alt=\"\" width=\"1\" height=\"1\" border=\"0\" \/><\/span><\/form>\n<form action=\"https:\/\/www.paypal.com\/donate\" method=\"post\" target=\"_top\"><span style=\"font-family: 'book antiqua', palatino, serif;\"><input name=\"hosted_button_id\" type=\"hidden\" value=\"KUYGR8EGYTG64\" \/><\/span><\/p>\n<p style=\"text-align: center;\"><span style=\"color: #ff0000; font-family: 'book antiqua', palatino, serif;\">Faire un don par Qr Code<\/span><\/p>\n<p style=\"text-align: center;\"><span style=\"font-family: 'book antiqua', palatino, serif;\"><a href=\"http:\/\/xn--vidosechecsenligne-dwb.com\/wp-content\/uploads\/2022\/05\/QR-code.png\"><img loading=\"lazy\" decoding=\"async\" class=\"alignnone size-full wp-image-36569\" src=\"http:\/\/xn--vidosechecsenligne-dwb.com\/wp-content\/uploads\/2022\/05\/QR-code.png\" alt=\"\" width=\"192\" height=\"192\" \/><\/a><\/span><\/p>\n<p style=\"text-align: center;\"><span style=\"font-family: 'book antiqua', palatino, serif;\"><a href=\"https:\/\/www.amazon.fr\/Livres-Orazio-Puglisi\/s?rh=n%3A301061%2Cp_27%3AOrazio+Puglisi\">Achetez mes livres <\/a><\/span><\/p>\n<p>&nbsp;<\/p>\n<p>&nbsp;<\/p>\n<p style=\"text-align: center;\"><span style=\"font-family: 'book antiqua', palatino, serif;\">Virement bancaire<\/span><\/p>\n<\/form>\n<form action=\"https:\/\/www.paypal.com\/cgi-bin\/webscr\" method=\"post\" target=\"_top\">\n<p style=\"text-align: center;\"><span style=\"font-family: 'book antiqua', palatino, serif;\">IBAN FR81 2004 1010 0820 6402 0P02 955<\/span><\/p>\n<p style=\"text-align: center;\"><span style=\"font-family: 'book antiqua', palatino, serif;\">BIC PSSTFRPPMAR<\/span><\/p>\n<p style=\"text-align: center;\"><span style=\"font-family: 'book antiqua', palatino, serif;\">Orazio Puglisi<\/span><\/p>\n<p style=\"text-align: center;\"><span style=\"font-family: 'book antiqua', palatino, serif;\">06 14 35 15 52<\/span><\/p>\n<p style=\"text-align: center;\"><span style=\"font-family: 'book antiqua', palatino, serif;\"><a href=\"mailto:oraziopuglisi@gmail.com\">oraziopuglisi@gmail.com<\/a><\/span><\/p>\n<p style=\"text-align: center;\"><span style=\"font-family: 'book antiqua', palatino, serif;\"><a href=\"mailto:puglisiorazio@wanadoo.fr\">puglisiorazio@wanadoo.fr<\/a><\/span><\/p>\n<\/form>\n<form action=\"https:\/\/www.paypal.com\/cgi-bin\/webscr\" method=\"post\" target=\"_top\">\n<p style=\"text-align: center;\"><span style=\"font-family: 'book antiqua', palatino, serif;\"><input name=\"cmd\" type=\"hidden\" value=\"_s-xclick\" \/><\/span><\/p>\n<p style=\"text-align: center;\"><span style=\"font-family: 'book antiqua', palatino, serif;\"><input name=\"hosted_button_id\" type=\"hidden\" value=\"B9KUAAXX2KE3G\" \/><\/span><\/p>\n<p><span style=\"font-family: 'book antiqua', palatino, serif;\"><img loading=\"lazy\" decoding=\"async\" class=\"aligncenter\" src=\"https:\/\/www.paypalobjects.com\/fr_FR\/i\/scr\/pixel.gif\" alt=\"\" width=\"1\" height=\"1\" border=\"0\" \/><\/span><\/p>\n<\/form>\n","protected":false},"excerpt":{"rendered":"<p>Vous souhaitez organiser une conf\u00e9rence en direction de vos adh\u00e9rents. Je vous propose mes services dans diff\u00e9rents domaines de l&rsquo;Art en passant par l&rsquo;histoire et diverses th\u00e9matiques.\u00a0\u00a0 Dans un premier temps je suis \u00e0 m\u00eame de vous pr\u00e9senter un cycle de conf\u00e9rences sur\u00a0le jeu d&rsquo;\u00e9checs\u00a0de par ma formation de Professeur et Entra\u00eeneur de la F\u00e9d\u00e9ration [&hellip;]<\/p>\n","protected":false},"author":1,"featured_media":13029,"parent":0,"menu_order":0,"comment_status":"closed","ping_status":"closed","template":"","meta":{"footnotes":""},"class_list":["post-12998","page","type-page","status-publish","has-post-thumbnail","hentry"],"_links":{"self":[{"href":"https:\/\/oraziopuglisi.art\/index.php\/wp-json\/wp\/v2\/pages\/12998","targetHints":{"allow":["GET"]}}],"collection":[{"href":"https:\/\/oraziopuglisi.art\/index.php\/wp-json\/wp\/v2\/pages"}],"about":[{"href":"https:\/\/oraziopuglisi.art\/index.php\/wp-json\/wp\/v2\/types\/page"}],"author":[{"embeddable":true,"href":"https:\/\/oraziopuglisi.art\/index.php\/wp-json\/wp\/v2\/users\/1"}],"replies":[{"embeddable":true,"href":"https:\/\/oraziopuglisi.art\/index.php\/wp-json\/wp\/v2\/comments?post=12998"}],"version-history":[{"count":77,"href":"https:\/\/oraziopuglisi.art\/index.php\/wp-json\/wp\/v2\/pages\/12998\/revisions"}],"predecessor-version":[{"id":14274,"href":"https:\/\/oraziopuglisi.art\/index.php\/wp-json\/wp\/v2\/pages\/12998\/revisions\/14274"}],"wp:featuredmedia":[{"embeddable":true,"href":"https:\/\/oraziopuglisi.art\/index.php\/wp-json\/wp\/v2\/media\/13029"}],"wp:attachment":[{"href":"https:\/\/oraziopuglisi.art\/index.php\/wp-json\/wp\/v2\/media?parent=12998"}],"curies":[{"name":"wp","href":"https:\/\/api.w.org\/{rel}","templated":true}]}}