{"id":12976,"date":"2024-09-16T11:37:42","date_gmt":"2024-09-16T09:37:42","guid":{"rendered":"https:\/\/oraziopuglisi.art\/?page_id=12976"},"modified":"2024-09-16T16:48:38","modified_gmt":"2024-09-16T14:48:38","slug":"echecs-et-linguistique","status":"publish","type":"page","link":"https:\/\/oraziopuglisi.art\/index.php\/echecs-et-linguistique\/","title":{"rendered":"Echecs et Linguistique"},"content":{"rendered":"<p><strong>I<em>mage mise en avant :<\/em><\/strong><em> Michel Noir ancien ministre et sa <a href=\"https:\/\/www.apprendre-les-echecs-24h.com\/le-monde-des-echecs\/michel-noir\/\">th\u00e8se d&rsquo;\u00e9tat sur le jeu d&rsquo;\u00e9checs !<\/a><\/em><\/p>\n<form action=\"https:\/\/www.paypal.com\/donate\" method=\"post\" target=\"_top\"><input name=\"hosted_button_id\" type=\"hidden\" value=\"QSSRVLDUKP2MG\" \/> <input title=\"PayPal - The safer, easier way to pay online!\" alt=\"Bouton Faites un don avec PayPal\" name=\"submit\" src=\"https:\/\/www.paypalobjects.com\/fr_FR\/FR\/i\/btn\/btn_donateCC_LG.gif\" type=\"image\" \/><img loading=\"lazy\" decoding=\"async\" src=\"https:\/\/www.paypal.com\/fr_FR\/i\/scr\/pixel.gif\" alt=\"\" width=\"1\" height=\"1\" border=\"0\" \/><img loading=\"lazy\" decoding=\"async\" src=\"https:\/\/www.paypal.com\/fr_FR\/i\/scr\/pixel.gif\" alt=\"\" width=\"1\" height=\"1\" border=\"0\" \/><\/form>\n<form action=\"https:\/\/www.paypal.com\/donate\" method=\"post\" target=\"_top\"><input name=\"hosted_button_id\" type=\"hidden\" value=\"KUYGR8EGYTG64\" \/><\/p>\n<p style=\"text-align: center;\"><span style=\"color: #ff0000;\">Faire un don par Qr Code<\/span><\/p>\n<p style=\"text-align: center;\"><a href=\"http:\/\/xn--vidosechecsenligne-dwb.com\/wp-content\/uploads\/2022\/05\/QR-code.png\"><img loading=\"lazy\" decoding=\"async\" class=\"alignnone size-full wp-image-36569\" src=\"http:\/\/xn--vidosechecsenligne-dwb.com\/wp-content\/uploads\/2022\/05\/QR-code.png\" alt=\"\" width=\"192\" height=\"192\" \/><\/a><\/p>\n<p style=\"text-align: center;\"><a href=\"https:\/\/www.amazon.fr\/Livres-Orazio-Puglisi\/s?rh=n%3A301061%2Cp_27%3AOrazio+Puglisi\">Achetez mes livres <\/a><\/p>\n<p>&nbsp;<\/p>\n<p>&nbsp;<\/p>\n<p style=\"text-align: center;\">Virement bancaire<\/p>\n<\/form>\n<form action=\"https:\/\/www.paypal.com\/cgi-bin\/webscr\" method=\"post\" target=\"_top\">\n<p style=\"text-align: center;\"><span style=\"font-family: 'book antiqua', palatino, serif;\">IBAN FR81 2004 1010 0820 6402 0P02 955<\/span><\/p>\n<p style=\"text-align: center;\"><span style=\"font-family: 'book antiqua', palatino, serif;\">BIC PSSTFRPPMAR<\/span><\/p>\n<p style=\"text-align: center;\"><span style=\"font-family: 'book antiqua', palatino, serif;\">Orazio Puglisi<\/span><\/p>\n<p style=\"text-align: center;\"><span style=\"font-family: 'book antiqua', palatino, serif;\">06 14 35 15 52<\/span><\/p>\n<p style=\"text-align: center;\"><span style=\"font-family: 'book antiqua', palatino, serif;\"><a href=\"mailto:oraziopuglisi@gmail.com\">oraziopuglisi@gmail.com<\/a><\/span><\/p>\n<p style=\"text-align: center;\"><span style=\"font-family: 'book antiqua', palatino, serif;\"><a href=\"mailto:puglisiorazio@wanadoo.fr\">puglisiorazio@wanadoo.fr<\/a><\/span><\/p>\n<\/form>\n<form action=\"https:\/\/www.paypal.com\/cgi-bin\/webscr\" method=\"post\" target=\"_top\">\n<p style=\"text-align: center;\"><span style=\"font-family: 'book antiqua', palatino, serif;\"><input name=\"cmd\" type=\"hidden\" value=\"_s-xclick\" \/><\/span><\/p>\n<p style=\"text-align: center;\"><span style=\"font-family: 'book antiqua', palatino, serif;\"><input name=\"hosted_button_id\" type=\"hidden\" value=\"B9KUAAXX2KE3G\" \/><\/span><\/p>\n<p><span style=\"font-family: 'book antiqua', palatino, serif;\"><img loading=\"lazy\" decoding=\"async\" class=\"aligncenter\" src=\"https:\/\/www.paypalobjects.com\/fr_FR\/i\/scr\/pixel.gif\" alt=\"\" width=\"1\" height=\"1\" border=\"0\" \/><\/span><\/p>\n<\/form>\n","protected":false},"excerpt":{"rendered":"<p>Image mise en avant : Michel Noir ancien ministre et sa th\u00e8se d&rsquo;\u00e9tat sur le jeu d&rsquo;\u00e9checs ! Faire un don par Qr Code Achetez mes livres &nbsp; &nbsp; Virement bancaire IBAN FR81 2004 1010 0820 6402 0P02 955 BIC PSSTFRPPMAR Orazio Puglisi 06 14 35 15 52 oraziopuglisi@gmail.com puglisiorazio@wanadoo.fr<\/p>\n","protected":false},"author":1,"featured_media":13142,"parent":0,"menu_order":0,"comment_status":"closed","ping_status":"closed","template":"","meta":{"footnotes":""},"class_list":["post-12976","page","type-page","status-publish","has-post-thumbnail","hentry"],"_links":{"self":[{"href":"https:\/\/oraziopuglisi.art\/index.php\/wp-json\/wp\/v2\/pages\/12976","targetHints":{"allow":["GET"]}}],"collection":[{"href":"https:\/\/oraziopuglisi.art\/index.php\/wp-json\/wp\/v2\/pages"}],"about":[{"href":"https:\/\/oraziopuglisi.art\/index.php\/wp-json\/wp\/v2\/types\/page"}],"author":[{"embeddable":true,"href":"https:\/\/oraziopuglisi.art\/index.php\/wp-json\/wp\/v2\/users\/1"}],"replies":[{"embeddable":true,"href":"https:\/\/oraziopuglisi.art\/index.php\/wp-json\/wp\/v2\/comments?post=12976"}],"version-history":[{"count":5,"href":"https:\/\/oraziopuglisi.art\/index.php\/wp-json\/wp\/v2\/pages\/12976\/revisions"}],"predecessor-version":[{"id":13145,"href":"https:\/\/oraziopuglisi.art\/index.php\/wp-json\/wp\/v2\/pages\/12976\/revisions\/13145"}],"wp:featuredmedia":[{"embeddable":true,"href":"https:\/\/oraziopuglisi.art\/index.php\/wp-json\/wp\/v2\/media\/13142"}],"wp:attachment":[{"href":"https:\/\/oraziopuglisi.art\/index.php\/wp-json\/wp\/v2\/media?parent=12976"}],"curies":[{"name":"wp","href":"https:\/\/api.w.org\/{rel}","templated":true}]}}