{"id":12890,"date":"2024-09-16T10:22:59","date_gmt":"2024-09-16T08:22:59","guid":{"rendered":"https:\/\/oraziopuglisi.art\/?page_id=12890"},"modified":"2024-09-28T11:04:17","modified_gmt":"2024-09-28T09:04:17","slug":"enluminures-et-miniatures","status":"publish","type":"page","link":"https:\/\/oraziopuglisi.art\/index.php\/enluminures-et-miniatures\/","title":{"rendered":"Enluminures et Miniatures"},"content":{"rendered":"<p style=\"text-align: justify;\"><em><strong>Image Mise en avant :<\/strong> Fr\u00e8res de Limbourg, Les Tr\u00e8s Riches Heures du duc de Berry, mois de janvier, mus\u00e9e Cond\u00e9 (Chantilly), ms.65, f.1v, vers 1411-1416.<\/em><\/p>\n<p style=\"text-align: justify;\"><span style=\"font-size: 12px;\">Le duc de Berry, assis en bas \u00e0 droite, dos au feu, est habill\u00e9 de bleu et coiff\u00e9 d&rsquo;un bonnet de fourrure. Il invite ses gens et ses proches \u00e0 se pr\u00e9senter \u00e0 lui. Derri\u00e8re lui figure l&rsquo;inscription \u00ab\u00a0Approche Approche\u00a0\u00bb. Plusieurs familiers du duc s&rsquo;approchent de lui pendant que des serviteurs s&rsquo;affairent\u00a0: les \u00e9chansons servent \u00e0 boire, deux \u00e9cuyers tranchants au centre sont vus de dos\u00a0; au bout de la table officie un panetier. Au-dessus de la chemin\u00e9e figurent les armes du duc, \u00ab\u00a0d&rsquo;azur sem\u00e9 de fleurs de lys d&rsquo;or, \u00e0 la bordure engr\u00eal\u00e9e de gueules\u00a0\u00bb, avec de petits ours et des cygnes bless\u00e9s. Plusieurs animaux de compagnie sont repr\u00e9sent\u00e9s\u00a0: petits chiens sur la table, l\u00e9vrier au sol. La tapisserie du fond de la salle semble repr\u00e9senter des \u00e9pisodes de la guerre de Troie<\/span><\/p>\n<p>&nbsp;<\/p>\n<p>&nbsp;<\/p>\n<form action=\"https:\/\/www.paypal.com\/donate\" method=\"post\" target=\"_top\"><input name=\"hosted_button_id\" type=\"hidden\" value=\"QSSRVLDUKP2MG\" \/> <input title=\"PayPal - The safer, easier way to pay online!\" alt=\"Bouton Faites un don avec PayPal\" name=\"submit\" src=\"https:\/\/www.paypalobjects.com\/fr_FR\/FR\/i\/btn\/btn_donateCC_LG.gif\" type=\"image\" \/><img loading=\"lazy\" decoding=\"async\" src=\"https:\/\/www.paypal.com\/fr_FR\/i\/scr\/pixel.gif\" alt=\"\" width=\"1\" height=\"1\" border=\"0\" \/><img loading=\"lazy\" decoding=\"async\" src=\"https:\/\/www.paypal.com\/fr_FR\/i\/scr\/pixel.gif\" alt=\"\" width=\"1\" height=\"1\" border=\"0\" \/><\/form>\n<form action=\"https:\/\/www.paypal.com\/donate\" method=\"post\" target=\"_top\"><input name=\"hosted_button_id\" type=\"hidden\" value=\"KUYGR8EGYTG64\" \/><\/p>\n<p style=\"text-align: center;\"><span style=\"color: #ff0000;\">Faire un don par Qr Code<\/span><\/p>\n<p style=\"text-align: center;\"><a href=\"http:\/\/xn--vidosechecsenligne-dwb.com\/wp-content\/uploads\/2022\/05\/QR-code.png\"><img loading=\"lazy\" decoding=\"async\" class=\"alignnone size-full wp-image-36569\" src=\"http:\/\/xn--vidosechecsenligne-dwb.com\/wp-content\/uploads\/2022\/05\/QR-code.png\" alt=\"\" width=\"192\" height=\"192\" \/><\/a><\/p>\n<p style=\"text-align: center;\"><a href=\"https:\/\/www.amazon.fr\/Livres-Orazio-Puglisi\/s?rh=n%3A301061%2Cp_27%3AOrazio+Puglisi\">Achetez mes livres <\/a><\/p>\n<p>&nbsp;<\/p>\n<p>&nbsp;<\/p>\n<p style=\"text-align: center;\">Virement bancaire<\/p>\n<\/form>\n<form action=\"https:\/\/www.paypal.com\/cgi-bin\/webscr\" method=\"post\" target=\"_top\">\n<p style=\"text-align: center;\"><span style=\"font-family: 'book antiqua', palatino, serif;\">IBAN FR81 2004 1010 0820 6402 0P02 955<\/span><\/p>\n<p style=\"text-align: center;\"><span style=\"font-family: 'book antiqua', palatino, serif;\">BIC PSSTFRPPMAR<\/span><\/p>\n<p style=\"text-align: center;\"><span style=\"font-family: 'book antiqua', palatino, serif;\">Orazio Puglisi<\/span><\/p>\n<p style=\"text-align: center;\"><span style=\"font-family: 'book antiqua', palatino, serif;\">06 14 35 15 52<\/span><\/p>\n<p style=\"text-align: center;\"><span style=\"font-family: 'book antiqua', palatino, serif;\"><a href=\"mailto:oraziopuglisi@gmail.com\">oraziopuglisi@gmail.com<\/a><\/span><\/p>\n<p style=\"text-align: center;\"><span style=\"font-family: 'book antiqua', palatino, serif;\"><a href=\"mailto:puglisiorazio@wanadoo.fr\">puglisiorazio@wanadoo.fr<\/a><\/span><\/p>\n<\/form>\n<form action=\"https:\/\/www.paypal.com\/cgi-bin\/webscr\" method=\"post\" target=\"_top\">\n<p style=\"text-align: center;\"><span style=\"font-family: 'book antiqua', palatino, serif;\"><input name=\"cmd\" type=\"hidden\" value=\"_s-xclick\" \/><\/span><\/p>\n<p style=\"text-align: center;\"><span style=\"font-family: 'book antiqua', palatino, serif;\"><input name=\"hosted_button_id\" type=\"hidden\" value=\"B9KUAAXX2KE3G\" \/><\/span><\/p>\n<p>&nbsp;<\/p>\n<p><iframe loading=\"lazy\" title=\"Enluminures M\u00e9di\u00e9vales\" width=\"600\" height=\"338\" src=\"https:\/\/www.youtube.com\/embed\/PjrHvyVhnr8?feature=oembed\" frameborder=\"0\" allow=\"accelerometer; autoplay; clipboard-write; encrypted-media; gyroscope; picture-in-picture; web-share\" referrerpolicy=\"strict-origin-when-cross-origin\" allowfullscreen><\/iframe><\/p>\n<\/form>\n","protected":false},"excerpt":{"rendered":"<p>Image Mise en avant : Fr\u00e8res de Limbourg, Les Tr\u00e8s Riches Heures du duc de Berry, mois de janvier, mus\u00e9e Cond\u00e9 (Chantilly), ms.65, f.1v, vers 1411-1416. Le duc de Berry, assis en bas \u00e0 droite, dos au feu, est habill\u00e9 de bleu et coiff\u00e9 d&rsquo;un bonnet de fourrure. Il invite ses gens et ses proches [&hellip;]<\/p>\n","protected":false},"author":1,"featured_media":13159,"parent":0,"menu_order":0,"comment_status":"closed","ping_status":"closed","template":"","meta":{"footnotes":""},"class_list":["post-12890","page","type-page","status-publish","has-post-thumbnail","hentry"],"_links":{"self":[{"href":"https:\/\/oraziopuglisi.art\/index.php\/wp-json\/wp\/v2\/pages\/12890","targetHints":{"allow":["GET"]}}],"collection":[{"href":"https:\/\/oraziopuglisi.art\/index.php\/wp-json\/wp\/v2\/pages"}],"about":[{"href":"https:\/\/oraziopuglisi.art\/index.php\/wp-json\/wp\/v2\/types\/page"}],"author":[{"embeddable":true,"href":"https:\/\/oraziopuglisi.art\/index.php\/wp-json\/wp\/v2\/users\/1"}],"replies":[{"embeddable":true,"href":"https:\/\/oraziopuglisi.art\/index.php\/wp-json\/wp\/v2\/comments?post=12890"}],"version-history":[{"count":5,"href":"https:\/\/oraziopuglisi.art\/index.php\/wp-json\/wp\/v2\/pages\/12890\/revisions"}],"predecessor-version":[{"id":14266,"href":"https:\/\/oraziopuglisi.art\/index.php\/wp-json\/wp\/v2\/pages\/12890\/revisions\/14266"}],"wp:featuredmedia":[{"embeddable":true,"href":"https:\/\/oraziopuglisi.art\/index.php\/wp-json\/wp\/v2\/media\/13159"}],"wp:attachment":[{"href":"https:\/\/oraziopuglisi.art\/index.php\/wp-json\/wp\/v2\/media?parent=12890"}],"curies":[{"name":"wp","href":"https:\/\/api.w.org\/{rel}","templated":true}]}}