{"id":12856,"date":"2024-09-16T09:33:57","date_gmt":"2024-09-16T07:33:57","guid":{"rendered":"https:\/\/oraziopuglisi.art\/?page_id=12856"},"modified":"2025-10-14T06:37:51","modified_gmt":"2025-10-14T04:37:51","slug":"les-contes","status":"publish","type":"page","link":"https:\/\/oraziopuglisi.art\/index.php\/les-contes\/","title":{"rendered":"Les Contes"},"content":{"rendered":"<p><strong>Image mise en avant :<\/strong> <a href=\"https:\/\/www.youtube.com\/watch?v=P6gEwZXVnII\">Contes Soufis<\/a><\/p>\n<p style=\"text-align: justify;\">Extrait du livre de Fr\u00e9d\u00e9ric Lenoir \u00ab\u00a0Du bonheur, un voyage philosophique\u00a0\u00bb Il \u00e9tait un fois un vieil homme assis \u00e0 l&rsquo;entr\u00e9e d&rsquo;une ville. Un \u00e9tranger s&rsquo;approche et lui demande : \u00ab\u00a0Je ne suis jamais venu dans cette cit\u00e9 ; comment sont les gens qui vivent ici ?\u00a0\u00bb Le vieil homme lui r\u00e9pond par une question : \u00ab\u00a0Comment \u00e9taient les gens dans la ville d&rsquo;o\u00f9 tu viens ?\u00a0\u00bb &#8211; \u00c9go\u00efstes et m\u00e9chants. C&rsquo;est d&rsquo;ailleurs la raison pour laquelle je suis parti\u00a0\u00bb, dit l&rsquo;\u00e9tranger. Le vieil homme reprend : \u00ab\u00a0Tu trouveras les m\u00eames ici.\u00a0\u00bb Un peu plus tard, un autre \u00e9tranger s&rsquo;approche et demande au vieil homme : \u00ab\u00a0Je viens d&rsquo;arriver, dis-moi comment sont les gens qui vivent dans cette ville.\u00a0\u00bb Le vieil homme r\u00e9pond : \u00ab\u00a0Dis-moi, mon ami, comment \u00e9taient les gens dans la cit\u00e9 d&rsquo;o\u00f9 tu viens ? &#8211; Ils \u00e9taient bons et accueillants. J&rsquo;y avais de nombreux amis. J&rsquo;ai eu de la peine \u00e0 les quitter. &#8211; Tu trouveras les m\u00eames ici\u00a0\u00bb, r\u00e9pond le vieil homme. Un marchand qui faisait boire ses chameaux non loin de l\u00e0 a entendu les deux conversations. A peine le deuxi\u00e8me \u00e9tranger s&rsquo;est-il \u00e9loign\u00e9 qu&rsquo;il s&rsquo;adresse au vieillard sur un ton de reproche : \u00ab\u00a0Comment peux-tu donner deux r\u00e9ponses compl\u00e8tement diff\u00e9rentes \u00e0 la m\u00eame question ? &#8211; Parce que chacun porte son univers dans son c\u0153ur\u00a0\u00bb, lui r\u00e9pond le vieillard.<\/p>\n<form action=\"https:\/\/www.paypal.com\/donate\" method=\"post\" target=\"_top\"><input name=\"hosted_button_id\" type=\"hidden\" value=\"QSSRVLDUKP2MG\" \/> <input title=\"PayPal - The safer, easier way to pay online!\" alt=\"Bouton Faites un don avec PayPal\" name=\"submit\" src=\"https:\/\/www.paypalobjects.com\/fr_FR\/FR\/i\/btn\/btn_donateCC_LG.gif\" type=\"image\" \/><img loading=\"lazy\" decoding=\"async\" src=\"https:\/\/www.paypal.com\/fr_FR\/i\/scr\/pixel.gif\" alt=\"\" width=\"1\" height=\"1\" border=\"0\" \/><img loading=\"lazy\" decoding=\"async\" src=\"https:\/\/www.paypal.com\/fr_FR\/i\/scr\/pixel.gif\" alt=\"\" width=\"1\" height=\"1\" border=\"0\" \/><\/form>\n<form action=\"https:\/\/www.paypal.com\/donate\" method=\"post\" target=\"_top\"><input name=\"hosted_button_id\" type=\"hidden\" value=\"KUYGR8EGYTG64\" \/><\/p>\n<p style=\"text-align: center;\"><span style=\"color: #ff0000;\">Faire un don par Qr Code<\/span><\/p>\n<p style=\"text-align: center;\"><a href=\"http:\/\/xn--vidosechecsenligne-dwb.com\/wp-content\/uploads\/2022\/05\/QR-code.png\"><img loading=\"lazy\" decoding=\"async\" class=\"alignnone size-full wp-image-36569\" src=\"http:\/\/xn--vidosechecsenligne-dwb.com\/wp-content\/uploads\/2022\/05\/QR-code.png\" alt=\"\" width=\"192\" height=\"192\" \/><\/a><\/p>\n<p style=\"text-align: center;\"><a href=\"https:\/\/www.amazon.fr\/Livres-Orazio-Puglisi\/s?rh=n%3A301061%2Cp_27%3AOrazio+Puglisi\">Achetez mes livres <\/a><\/p>\n<p>&nbsp;<\/p>\n<p>&nbsp;<\/p>\n<p style=\"text-align: center;\">Virement bancaire<\/p>\n<\/form>\n<form action=\"https:\/\/www.paypal.com\/cgi-bin\/webscr\" method=\"post\" target=\"_top\">\n<p style=\"text-align: center;\"><span style=\"font-family: 'book antiqua', palatino, serif;\">IBAN FR81 2004 1010 0820 6402 0P02 955<\/span><\/p>\n<p style=\"text-align: center;\"><span style=\"font-family: 'book antiqua', palatino, serif;\">BIC PSSTFRPPMAR<\/span><\/p>\n<p style=\"text-align: center;\"><span style=\"font-family: 'book antiqua', palatino, serif;\">Orazio Puglisi<\/span><\/p>\n<p style=\"text-align: center;\"><span style=\"font-family: 'book antiqua', palatino, serif;\">06 14 35 15 52<\/span><\/p>\n<p style=\"text-align: center;\"><span style=\"font-family: 'book antiqua', palatino, serif;\"><a href=\"mailto:oraziopuglisi@gmail.com\">oraziopuglisi@gmail.com<\/a><\/span><\/p>\n<p style=\"text-align: center;\"><span style=\"font-family: 'book antiqua', palatino, serif;\"><a href=\"mailto:puglisiorazio@wanadoo.fr\">puglisiorazio@wanadoo.fr<\/a><\/span><\/p>\n<\/form>\n<form action=\"https:\/\/www.paypal.com\/cgi-bin\/webscr\" method=\"post\" target=\"_top\">\n<p style=\"text-align: center;\"><span style=\"font-family: 'book antiqua', palatino, serif;\"><input name=\"cmd\" type=\"hidden\" value=\"_s-xclick\" \/><\/span><\/p>\n<p style=\"text-align: center;\"><span style=\"font-family: 'book antiqua', palatino, serif;\"><input name=\"hosted_button_id\" type=\"hidden\" value=\"B9KUAAXX2KE3G\" \/><\/span><\/p>\n<blockquote class=\"wp-embedded-content\" data-secret=\"b9WjhqtGWI\"><p><a href=\"https:\/\/oraziopuglisi.art\/index.php\/les-contes-soufis-2\/\">Les Contes Soufis<\/a><\/p><\/blockquote>\n<p><iframe loading=\"lazy\" class=\"wp-embedded-content\" sandbox=\"allow-scripts\" security=\"restricted\" style=\"position: absolute; visibility: hidden;\" title=\"\u00ab\u00a0Les Contes Soufis\u00a0\u00bb &#8212; Orazio Puglisi\" src=\"https:\/\/oraziopuglisi.art\/index.php\/les-contes-soufis-2\/embed\/#?secret=CHjuifl5YD#?secret=b9WjhqtGWI\" data-secret=\"b9WjhqtGWI\" width=\"600\" height=\"338\" frameborder=\"0\" marginwidth=\"0\" marginheight=\"0\" scrolling=\"no\"><\/iframe><\/p>\n<p>&nbsp;<\/p>\n<blockquote class=\"wp-embedded-content\" data-secret=\"dNDLp0MxbR\"><p><a href=\"https:\/\/oraziopuglisi.art\/index.php\/les-contes-russes\/\">Les Contes Russes<\/a><\/p><\/blockquote>\n<p><iframe loading=\"lazy\" class=\"wp-embedded-content\" sandbox=\"allow-scripts\" security=\"restricted\" style=\"position: absolute; visibility: hidden;\" title=\"\u00ab\u00a0Les Contes Russes\u00a0\u00bb &#8212; Orazio Puglisi\" src=\"https:\/\/oraziopuglisi.art\/index.php\/les-contes-russes\/embed\/#?secret=C4cnHheohb#?secret=dNDLp0MxbR\" data-secret=\"dNDLp0MxbR\" width=\"600\" height=\"338\" frameborder=\"0\" marginwidth=\"0\" marginheight=\"0\" scrolling=\"no\"><\/iframe><\/p>\n<p>&nbsp;<\/p>\n<blockquote class=\"wp-embedded-content\" data-secret=\"XpqgSsBHpS\"><p><a href=\"https:\/\/oraziopuglisi.art\/index.php\/les-contes-siciliens\/\">Les Contes Siciliens<\/a><\/p><\/blockquote>\n<p><iframe loading=\"lazy\" class=\"wp-embedded-content\" sandbox=\"allow-scripts\" security=\"restricted\" style=\"position: absolute; visibility: hidden;\" title=\"\u00ab\u00a0Les Contes Siciliens\u00a0\u00bb &#8212; Orazio Puglisi\" src=\"https:\/\/oraziopuglisi.art\/index.php\/les-contes-siciliens\/embed\/#?secret=5qQo9AlQcF#?secret=XpqgSsBHpS\" data-secret=\"XpqgSsBHpS\" width=\"600\" height=\"338\" frameborder=\"0\" marginwidth=\"0\" marginheight=\"0\" scrolling=\"no\"><\/iframe><\/p>\n<\/form>\n","protected":false},"excerpt":{"rendered":"<p>Image mise en avant : Contes Soufis Extrait du livre de Fr\u00e9d\u00e9ric Lenoir \u00ab\u00a0Du bonheur, un voyage philosophique\u00a0\u00bb Il \u00e9tait un fois un vieil homme assis \u00e0 l&rsquo;entr\u00e9e d&rsquo;une ville. Un \u00e9tranger s&rsquo;approche et lui demande : \u00ab\u00a0Je ne suis jamais venu dans cette cit\u00e9 ; comment sont les gens qui vivent ici ?\u00a0\u00bb Le [&hellip;]<\/p>\n","protected":false},"author":1,"featured_media":13191,"parent":0,"menu_order":0,"comment_status":"closed","ping_status":"closed","template":"","meta":{"footnotes":""},"class_list":["post-12856","page","type-page","status-publish","has-post-thumbnail","hentry"],"_links":{"self":[{"href":"https:\/\/oraziopuglisi.art\/index.php\/wp-json\/wp\/v2\/pages\/12856","targetHints":{"allow":["GET"]}}],"collection":[{"href":"https:\/\/oraziopuglisi.art\/index.php\/wp-json\/wp\/v2\/pages"}],"about":[{"href":"https:\/\/oraziopuglisi.art\/index.php\/wp-json\/wp\/v2\/types\/page"}],"author":[{"embeddable":true,"href":"https:\/\/oraziopuglisi.art\/index.php\/wp-json\/wp\/v2\/users\/1"}],"replies":[{"embeddable":true,"href":"https:\/\/oraziopuglisi.art\/index.php\/wp-json\/wp\/v2\/comments?post=12856"}],"version-history":[{"count":8,"href":"https:\/\/oraziopuglisi.art\/index.php\/wp-json\/wp\/v2\/pages\/12856\/revisions"}],"predecessor-version":[{"id":19227,"href":"https:\/\/oraziopuglisi.art\/index.php\/wp-json\/wp\/v2\/pages\/12856\/revisions\/19227"}],"wp:featuredmedia":[{"embeddable":true,"href":"https:\/\/oraziopuglisi.art\/index.php\/wp-json\/wp\/v2\/media\/13191"}],"wp:attachment":[{"href":"https:\/\/oraziopuglisi.art\/index.php\/wp-json\/wp\/v2\/media?parent=12856"}],"curies":[{"name":"wp","href":"https:\/\/api.w.org\/{rel}","templated":true}]}}