{"id":12848,"date":"2024-09-16T09:27:51","date_gmt":"2024-09-16T07:27:51","guid":{"rendered":"https:\/\/oraziopuglisi.art\/?page_id=12848"},"modified":"2026-04-22T21:01:40","modified_gmt":"2026-04-22T19:01:40","slug":"la-peinture-flamande","status":"publish","type":"page","link":"https:\/\/oraziopuglisi.art\/index.php\/la-peinture-flamande\/","title":{"rendered":"La Peinture Flamande"},"content":{"rendered":"<p style=\"text-align: justify;\"><em><strong>Image mise en avant :<\/strong> <a href=\"https:\/\/www.youtube.com\/watch?v=z6T21j-5Sto\">L&rsquo;agneau mystique<\/a> Hubert et Jan Van Eyck Cath\u00e9drale Saint Bavon\/Gand\/Belgique<\/em><\/p>\n<p style=\"text-align: justify;\">Depuis 1986, il est pr\u00e9sent\u00e9 dans l&rsquo;ancien baptist\u00e8re de la\u00a0<a title=\"Cath\u00e9drale Saint-Bavon de Gand\" href=\"https:\/\/fr.wikipedia.org\/wiki\/Cath%C3%A9drale_Saint-Bavon_de_Gand\">cath\u00e9drale Saint-Bavon de Gand<\/a>, transform\u00e9 en chambre forte, \u00e0 la suite de vols r\u00e9p\u00e9t\u00e9s.<\/p>\n<p style=\"text-align: justify;\">Command\u00e9 par\u00a0<a title=\"Joost Vijdt\" href=\"https:\/\/fr.wikipedia.org\/wiki\/Joost_Vijdt\">Joost Vijdt<\/a>, riche\u00a0<a title=\"Marguillier\" href=\"https:\/\/fr.wikipedia.org\/wiki\/Marguillier\">marguillier<\/a>\u00a0de l\u2019\u00e9glise Saint-Jean (devenue depuis la cath\u00e9drale Saint-Bavon), pour la chapelle priv\u00e9e de sa femme<sup id=\"cite_ref-nazi_contraband_1-1\" class=\"reference\"><a href=\"https:\/\/fr.wikipedia.org\/wiki\/L%27Agneau_mystique#cite_note-nazi_contraband-1\">1<\/a><\/sup>, le polyptyque est commenc\u00e9 par\u00a0<a title=\"Hubert van Eyck\" href=\"https:\/\/fr.wikipedia.org\/wiki\/Hubert_van_Eyck\">Hubert van Eyck<\/a>\u00a0et termin\u00e9 par\u00a0<a title=\"Jan van Eyck\" href=\"https:\/\/fr.wikipedia.org\/wiki\/Jan_van_Eyck\">Jan van Eyck<\/a>\u00a0apr\u00e8s la mort de son fr\u00e8re en\u00a0<a title=\"1426\" href=\"https:\/\/fr.wikipedia.org\/wiki\/1426\">1426<\/a>.\u00a0<\/p>\n<p><iframe loading=\"lazy\" title=\"Au c\u0153ur de l&#039;Histoire : Le tableau le plus vol\u00e9 de l&#039;histoire (R\u00e9cit int\u00e9gral)\" width=\"600\" height=\"338\" src=\"https:\/\/www.youtube.com\/embed\/DSzLqXXfkPk?feature=oembed\" frameborder=\"0\" allow=\"accelerometer; autoplay; clipboard-write; encrypted-media; gyroscope; picture-in-picture; web-share\" referrerpolicy=\"strict-origin-when-cross-origin\" allowfullscreen><\/iframe><\/p>\n<form action=\"https:\/\/www.paypal.com\/donate\" method=\"post\" target=\"_top\"><input name=\"hosted_button_id\" type=\"hidden\" value=\"QSSRVLDUKP2MG\" \/> <input title=\"PayPal - The safer, easier way to pay online!\" alt=\"Bouton Faites un don avec PayPal\" name=\"submit\" src=\"https:\/\/www.paypalobjects.com\/fr_FR\/FR\/i\/btn\/btn_donateCC_LG.gif\" type=\"image\" \/><img loading=\"lazy\" decoding=\"async\" src=\"https:\/\/www.paypal.com\/fr_FR\/i\/scr\/pixel.gif\" alt=\"\" width=\"1\" height=\"1\" border=\"0\" \/><img loading=\"lazy\" decoding=\"async\" src=\"https:\/\/www.paypal.com\/fr_FR\/i\/scr\/pixel.gif\" alt=\"\" width=\"1\" height=\"1\" border=\"0\" \/><\/form>\n<form action=\"https:\/\/www.paypal.com\/donate\" method=\"post\" target=\"_top\"><input name=\"hosted_button_id\" type=\"hidden\" value=\"KUYGR8EGYTG64\" \/><\/p>\n<p style=\"text-align: center;\"><span style=\"color: #ff0000;\">Faire un don par Qr Code<\/span><\/p>\n<p style=\"text-align: center;\"><a href=\"http:\/\/xn--vidosechecsenligne-dwb.com\/wp-content\/uploads\/2022\/05\/QR-code.png\"><img loading=\"lazy\" decoding=\"async\" class=\"alignnone size-full wp-image-36569\" src=\"http:\/\/xn--vidosechecsenligne-dwb.com\/wp-content\/uploads\/2022\/05\/QR-code.png\" alt=\"\" width=\"192\" height=\"192\" \/><\/a><\/p>\n<p style=\"text-align: center;\"><a href=\"https:\/\/www.amazon.fr\/Livres-Orazio-Puglisi\/s?rh=n%3A301061%2Cp_27%3AOrazio+Puglisi\">Achetez mes livres <\/a><\/p>\n<p>&nbsp;<\/p>\n<p>&nbsp;<\/p>\n<p style=\"text-align: center;\">Virement bancaire<\/p>\n<\/form>\n<form action=\"https:\/\/www.paypal.com\/cgi-bin\/webscr\" method=\"post\" target=\"_top\">\n<p style=\"text-align: center;\"><span style=\"font-family: 'book antiqua', palatino, serif;\">IBAN FR81 2004 1010 0820 6402 0P02 955<\/span><\/p>\n<p style=\"text-align: center;\"><span style=\"font-family: 'book antiqua', palatino, serif;\">BIC PSSTFRPPMAR<\/span><\/p>\n<p style=\"text-align: center;\"><span style=\"font-family: 'book antiqua', palatino, serif;\">Orazio Puglisi<\/span><\/p>\n<p style=\"text-align: center;\"><span style=\"font-family: 'book antiqua', palatino, serif;\">06 14 35 15 52<\/span><\/p>\n<p style=\"text-align: center;\"><span style=\"font-family: 'book antiqua', palatino, serif;\"><a href=\"mailto:oraziopuglisi@gmail.com\">oraziopuglisi@gmail.com<\/a><\/span><\/p>\n<p style=\"text-align: center;\"><span style=\"font-family: 'book antiqua', palatino, serif;\"><a href=\"mailto:puglisiorazio@wanadoo.fr\">puglisiorazio@wanadoo.fr<\/a><\/span><\/p>\n<p>&nbsp;<\/p>\n<p style=\"text-align: justify;\">La\u00a0<b>peinture flamande<\/b>\u00a0se d\u00e9veloppe du d\u00e9but du\u00a0<a title=\"XVe si\u00e8cle\" href=\"https:\/\/fr.wikipedia.org\/wiki\/XVe_si%C3%A8cle\"><abbr class=\"abbr\" title=\"15\u1d49 si\u00e8cle\"><span class=\"romain\">XV<\/span><sup>e<\/sup><\/abbr><\/a>\u00a0au\u00a0<a title=\"XVIIe si\u00e8cle\" href=\"https:\/\/fr.wikipedia.org\/wiki\/XVIIe_si%C3%A8cle\"><abbr class=\"abbr\" title=\"17\u1d49 si\u00e8cle\"><span class=\"romain\">XVII<\/span><sup>e<\/sup><\/abbr><\/a>\u00a0si\u00e8cle. Les\u00a0<a title=\"Pays-Bas m\u00e9ridionaux\" href=\"https:\/\/fr.wikipedia.org\/wiki\/Pays-Bas_m%C3%A9ridionaux\">Flandres<\/a>\u00a0ont produit les principaux peintres de l&rsquo;Europe du Nord et ont attir\u00e9 de nombreux jeunes peintres prometteurs des pays voisins. Ces peintres\u00a0<a title=\"Flamands\" href=\"https:\/\/fr.wikipedia.org\/wiki\/Flamands\">flamands<\/a>\u00a0\u00e9taient invit\u00e9s \u00e0 travailler dans les cours d&rsquo;autres pays et ont eu une influence dans toute l&rsquo;Europe. Depuis la fin de l&rsquo;<a title=\"Napol\u00e9on Ier\" href=\"https:\/\/fr.wikipedia.org\/wiki\/Napol%C3%A9on_Ier\">\u00e8re napol\u00e9onienne<\/a>, les peintres flamands ont contribu\u00e9 \u00e0 restaurer la bonne r\u00e9putation acquise avec les\u00a0<a title=\"Vieux Ma\u00eetre\" href=\"https:\/\/fr.wikipedia.org\/wiki\/Vieux_Ma%C3%AEtre\">Vieux Ma\u00eetres<\/a><sup id=\"cite_ref-1\" class=\"reference\"><a href=\"https:\/\/fr.wikipedia.org\/wiki\/Peinture_flamande#cite_note-1\">1<\/a><\/sup>.<\/p>\n<p>&nbsp;<\/p>\n<p>&nbsp;<\/p>\n<blockquote class=\"wp-embedded-content\" data-secret=\"NsJt4gjMP0\"><p><a href=\"https:\/\/oraziopuglisi.art\/index.php\/gothique-tardif\/\">Gothique Tardif<\/a><\/p><\/blockquote>\n<p><iframe loading=\"lazy\" class=\"wp-embedded-content\" sandbox=\"allow-scripts\" security=\"restricted\" style=\"position: absolute; visibility: hidden;\" title=\"\u00ab\u00a0Gothique Tardif\u00a0\u00bb &#8212; Orazio Puglisi\" src=\"https:\/\/oraziopuglisi.art\/index.php\/gothique-tardif\/embed\/#?secret=RSMDpuCP4z#?secret=NsJt4gjMP0\" data-secret=\"NsJt4gjMP0\" width=\"600\" height=\"338\" frameborder=\"0\" marginwidth=\"0\" marginheight=\"0\" scrolling=\"no\"><\/iframe><\/p>\n<\/form>\n<form action=\"https:\/\/www.paypal.com\/cgi-bin\/webscr\" method=\"post\" target=\"_top\">\n<p>&nbsp;<\/p>\n<p>&nbsp;<\/p>\n<blockquote class=\"wp-embedded-content\" data-secret=\"vnKGi1eiGE\"><p><a href=\"https:\/\/oraziopuglisi.art\/index.php\/renaissance\/\">Renaissance<\/a><\/p><\/blockquote>\n<p><iframe loading=\"lazy\" class=\"wp-embedded-content\" sandbox=\"allow-scripts\" security=\"restricted\" style=\"position: absolute; visibility: hidden;\" title=\"\u00ab\u00a0Renaissance\u00a0\u00bb &#8212; Orazio Puglisi\" src=\"https:\/\/oraziopuglisi.art\/index.php\/renaissance\/embed\/#?secret=Qv1fzhC5zT#?secret=vnKGi1eiGE\" data-secret=\"vnKGi1eiGE\" width=\"600\" height=\"338\" frameborder=\"0\" marginwidth=\"0\" marginheight=\"0\" scrolling=\"no\"><\/iframe><\/p>\n<p>&nbsp;<\/p>\n<p>&nbsp;<\/p>\n<blockquote class=\"wp-embedded-content\" data-secret=\"MmcjzJSdLm\"><p><a href=\"https:\/\/oraziopuglisi.art\/index.php\/baroque\/\">Baroque<\/a><\/p><\/blockquote>\n<p><iframe loading=\"lazy\" class=\"wp-embedded-content\" sandbox=\"allow-scripts\" security=\"restricted\" style=\"position: absolute; visibility: hidden;\" title=\"\u00ab\u00a0Baroque\u00a0\u00bb &#8212; Orazio Puglisi\" src=\"https:\/\/oraziopuglisi.art\/index.php\/baroque\/embed\/#?secret=t3l9uJpy7u#?secret=MmcjzJSdLm\" data-secret=\"MmcjzJSdLm\" width=\"600\" height=\"338\" frameborder=\"0\" marginwidth=\"0\" marginheight=\"0\" scrolling=\"no\"><\/iframe><\/p>\n<p>&nbsp;<\/p>\n<blockquote class=\"wp-embedded-content\" data-secret=\"oFcx17am1u\"><p><a href=\"https:\/\/oraziopuglisi.art\/index.php\/declin-et-renouveau\/\">D\u00e9clin et Renouveau<\/a><\/p><\/blockquote>\n<p><iframe loading=\"lazy\" class=\"wp-embedded-content\" sandbox=\"allow-scripts\" security=\"restricted\" style=\"position: absolute; visibility: hidden;\" title=\"\u00ab\u00a0D\u00e9clin et Renouveau\u00a0\u00bb &#8212; Orazio Puglisi\" src=\"https:\/\/oraziopuglisi.art\/index.php\/declin-et-renouveau\/embed\/#?secret=SmX4UPTxnF#?secret=oFcx17am1u\" data-secret=\"oFcx17am1u\" width=\"600\" height=\"338\" frameborder=\"0\" marginwidth=\"0\" marginheight=\"0\" scrolling=\"no\"><\/iframe><\/p>\n<blockquote class=\"wp-embedded-content\" data-secret=\"ifMqSkOjkK\"><p><a href=\"https:\/\/oraziopuglisi.art\/index.php\/la-famille-brueghel\/\">La Famille Brueghel<\/a><\/p><\/blockquote>\n<p><iframe loading=\"lazy\" class=\"wp-embedded-content\" sandbox=\"allow-scripts\" security=\"restricted\" style=\"position: absolute; visibility: hidden;\" title=\"\u00ab\u00a0La Famille Brueghel\u00a0\u00bb &#8212; Orazio Puglisi\" src=\"https:\/\/oraziopuglisi.art\/index.php\/la-famille-brueghel\/embed\/#?secret=qt3e7SD8Y8#?secret=ifMqSkOjkK\" data-secret=\"ifMqSkOjkK\" width=\"600\" height=\"338\" frameborder=\"0\" marginwidth=\"0\" marginheight=\"0\" scrolling=\"no\"><\/iframe><\/p>\n<\/form>\n","protected":false},"excerpt":{"rendered":"<p>Image mise en avant : L&rsquo;agneau mystique Hubert et Jan Van Eyck Cath\u00e9drale Saint Bavon\/Gand\/Belgique Depuis 1986, il est pr\u00e9sent\u00e9 dans l&rsquo;ancien baptist\u00e8re de la\u00a0cath\u00e9drale Saint-Bavon de Gand, transform\u00e9 en chambre forte, \u00e0 la suite de vols r\u00e9p\u00e9t\u00e9s. Command\u00e9 par\u00a0Joost Vijdt, riche\u00a0marguillier\u00a0de l\u2019\u00e9glise Saint-Jean (devenue depuis la cath\u00e9drale Saint-Bavon), pour la chapelle priv\u00e9e de sa [&hellip;]<\/p>\n","protected":false},"author":1,"featured_media":13162,"parent":0,"menu_order":0,"comment_status":"closed","ping_status":"closed","template":"","meta":{"footnotes":""},"class_list":["post-12848","page","type-page","status-publish","has-post-thumbnail","hentry"],"_links":{"self":[{"href":"https:\/\/oraziopuglisi.art\/index.php\/wp-json\/wp\/v2\/pages\/12848","targetHints":{"allow":["GET"]}}],"collection":[{"href":"https:\/\/oraziopuglisi.art\/index.php\/wp-json\/wp\/v2\/pages"}],"about":[{"href":"https:\/\/oraziopuglisi.art\/index.php\/wp-json\/wp\/v2\/types\/page"}],"author":[{"embeddable":true,"href":"https:\/\/oraziopuglisi.art\/index.php\/wp-json\/wp\/v2\/users\/1"}],"replies":[{"embeddable":true,"href":"https:\/\/oraziopuglisi.art\/index.php\/wp-json\/wp\/v2\/comments?post=12848"}],"version-history":[{"count":14,"href":"https:\/\/oraziopuglisi.art\/index.php\/wp-json\/wp\/v2\/pages\/12848\/revisions"}],"predecessor-version":[{"id":23243,"href":"https:\/\/oraziopuglisi.art\/index.php\/wp-json\/wp\/v2\/pages\/12848\/revisions\/23243"}],"wp:featuredmedia":[{"embeddable":true,"href":"https:\/\/oraziopuglisi.art\/index.php\/wp-json\/wp\/v2\/media\/13162"}],"wp:attachment":[{"href":"https:\/\/oraziopuglisi.art\/index.php\/wp-json\/wp\/v2\/media?parent=12848"}],"curies":[{"name":"wp","href":"https:\/\/api.w.org\/{rel}","templated":true}]}}