{"id":12846,"date":"2024-09-16T09:25:35","date_gmt":"2024-09-16T07:25:35","guid":{"rendered":"https:\/\/oraziopuglisi.art\/?page_id=12846"},"modified":"2025-01-09T15:13:54","modified_gmt":"2025-01-09T14:13:54","slug":"les-echecs","status":"publish","type":"page","link":"https:\/\/oraziopuglisi.art\/index.php\/les-echecs\/","title":{"rendered":"Les Echecs"},"content":{"rendered":"<form action=\"https:\/\/www.paypal.com\/donate\" method=\"post\" target=\"_top\">\n<p><strong><em>Image mise en avant :<\/em><\/strong> P<em>ersonnages jouant aux \u00e9checs. Pi\u00e8ces d&rsquo;un jeu d&rsquo;\u00e9checs. M\u00e9tiers<\/em><br \/>\n<em>Le Jeu des eschez moralis\u00e9, nouvellement imprim\u00e9 \u00e0 Paris. &#8211; Paris, 1504. Folio a5v. \u00a9BnF<\/em><\/p>\n<p>&nbsp;<\/p>\n<p><input title=\"PayPal - The safer, easier way to pay online!\" alt=\"Bouton Faites un don avec PayPal\" name=\"submit\" src=\"https:\/\/www.paypalobjects.com\/fr_FR\/FR\/i\/btn\/btn_donateCC_LG.gif\" type=\"image\" \/><img loading=\"lazy\" decoding=\"async\" src=\"https:\/\/www.paypal.com\/fr_FR\/i\/scr\/pixel.gif\" alt=\"\" width=\"1\" height=\"1\" border=\"0\" \/><img loading=\"lazy\" decoding=\"async\" src=\"https:\/\/www.paypal.com\/fr_FR\/i\/scr\/pixel.gif\" alt=\"\" width=\"1\" height=\"1\" border=\"0\" \/><\/p>\n<\/form>\n<form action=\"https:\/\/www.paypal.com\/donate\" method=\"post\" target=\"_top\"><input name=\"hosted_button_id\" type=\"hidden\" value=\"KUYGR8EGYTG64\" \/><\/p>\n<p style=\"text-align: center;\"><span style=\"color: #ff0000;\">Faire un don par Qr Code<\/span><\/p>\n<p style=\"text-align: center;\"><a href=\"http:\/\/xn--vidosechecsenligne-dwb.com\/wp-content\/uploads\/2022\/05\/QR-code.png\"><img loading=\"lazy\" decoding=\"async\" class=\"alignnone size-full wp-image-36569\" src=\"http:\/\/xn--vidosechecsenligne-dwb.com\/wp-content\/uploads\/2022\/05\/QR-code.png\" alt=\"\" width=\"192\" height=\"192\" \/><\/a><\/p>\n<p style=\"text-align: center;\"><a href=\"https:\/\/www.amazon.fr\/Livres-Orazio-Puglisi\/s?rh=n%3A301061%2Cp_27%3AOrazio+Puglisi\">Achetez mes livres <\/a><\/p>\n<p>&nbsp;<\/p>\n<p>&nbsp;<\/p>\n<p style=\"text-align: center;\">Virement bancaire<\/p>\n<\/form>\n<form action=\"https:\/\/www.paypal.com\/cgi-bin\/webscr\" method=\"post\" target=\"_top\">\n<p style=\"text-align: center;\"><span style=\"font-family: 'book antiqua', palatino, serif;\">IBAN FR81 2004 1010 0820 6402 0P02 955<\/span><\/p>\n<p style=\"text-align: center;\"><span style=\"font-family: 'book antiqua', palatino, serif;\">BIC PSSTFRPPMAR<\/span><\/p>\n<p style=\"text-align: center;\"><span style=\"font-family: 'book antiqua', palatino, serif;\">Orazio Puglisi<\/span><\/p>\n<p style=\"text-align: center;\"><span style=\"font-family: 'book antiqua', palatino, serif;\">06 14 35 15 52<\/span><\/p>\n<p style=\"text-align: center;\"><span style=\"font-family: 'book antiqua', palatino, serif;\"><a href=\"mailto:oraziopuglisi@gmail.com\">oraziopuglisi@gmail.com<\/a><\/span><\/p>\n<p style=\"text-align: center;\"><span style=\"font-family: 'book antiqua', palatino, serif;\"><a href=\"mailto:puglisiorazio@wanadoo.fr\">puglisiorazio@wanadoo.fr<\/a><\/span><\/p>\n<\/form>\n<form action=\"https:\/\/www.paypal.com\/cgi-bin\/webscr\" method=\"post\" target=\"_top\">\n<p style=\"text-align: center;\"><span style=\"font-family: 'book antiqua', palatino, serif;\"><input name=\"cmd\" type=\"hidden\" value=\"_s-xclick\" \/><\/span><\/p>\n<p style=\"text-align: center;\"><span style=\"font-family: 'book antiqua', palatino, serif;\"><input name=\"hosted_button_id\" type=\"hidden\" value=\"B9KUAAXX2KE3G\" \/><\/span><\/p>\n<p><span style=\"font-family: 'book antiqua', palatino, serif;\"><img loading=\"lazy\" decoding=\"async\" class=\"aligncenter\" src=\"https:\/\/www.paypalobjects.com\/fr_FR\/i\/scr\/pixel.gif\" alt=\"\" width=\"1\" height=\"1\" border=\"0\" \/><\/span><\/p>\n<blockquote class=\"wp-embedded-content\" data-secret=\"b8GIoCHL5h\"><p><a href=\"https:\/\/oraziopuglisi.art\/index.php\/histoire-des-echecs\/\">Histoire des Echecs<\/a><\/p><\/blockquote>\n<p><iframe loading=\"lazy\" class=\"wp-embedded-content\" sandbox=\"allow-scripts\" security=\"restricted\" style=\"position: absolute; visibility: hidden;\" title=\"\u00ab\u00a0Histoire des Echecs\u00a0\u00bb &#8212; Orazio Puglisi\" src=\"https:\/\/oraziopuglisi.art\/index.php\/histoire-des-echecs\/embed\/#?secret=r6Y3Akgibd#?secret=b8GIoCHL5h\" data-secret=\"b8GIoCHL5h\" width=\"600\" height=\"338\" frameborder=\"0\" marginwidth=\"0\" marginheight=\"0\" scrolling=\"no\"><\/iframe><\/p>\n<blockquote class=\"wp-embedded-content\" data-secret=\"AvzQHSOE08\"><p><a href=\"https:\/\/oraziopuglisi.art\/index.php\/les-echecs-dans-les-arts\/\">Les Echecs dans les arts<\/a><\/p><\/blockquote>\n<p><iframe loading=\"lazy\" class=\"wp-embedded-content\" sandbox=\"allow-scripts\" security=\"restricted\" style=\"position: absolute; visibility: hidden;\" title=\"\u00ab\u00a0Les Echecs dans les arts\u00a0\u00bb &#8212; Orazio Puglisi\" src=\"https:\/\/oraziopuglisi.art\/index.php\/les-echecs-dans-les-arts\/embed\/#?secret=kreI7E8qMR#?secret=AvzQHSOE08\" data-secret=\"AvzQHSOE08\" width=\"600\" height=\"338\" frameborder=\"0\" marginwidth=\"0\" marginheight=\"0\" scrolling=\"no\"><\/iframe><\/p>\n<blockquote class=\"wp-embedded-content\" data-secret=\"mSJVevkqFT\"><p><a href=\"https:\/\/oraziopuglisi.art\/index.php\/les-echecs-dans-la-litterature\/\">Les \u00e9checs dans la Litt\u00e9rature<\/a><\/p><\/blockquote>\n<p><iframe loading=\"lazy\" class=\"wp-embedded-content\" sandbox=\"allow-scripts\" security=\"restricted\" style=\"position: absolute; visibility: hidden;\" title=\"\u00ab\u00a0Les \u00e9checs dans la Litt\u00e9rature\u00a0\u00bb &#8212; Orazio Puglisi\" src=\"https:\/\/oraziopuglisi.art\/index.php\/les-echecs-dans-la-litterature\/embed\/#?secret=Tno3ZeX2zH#?secret=mSJVevkqFT\" data-secret=\"mSJVevkqFT\" width=\"600\" height=\"338\" frameborder=\"0\" marginwidth=\"0\" marginheight=\"0\" scrolling=\"no\"><\/iframe><\/p>\n<blockquote class=\"wp-embedded-content\" data-secret=\"wRI0OSdLKo\"><p><a href=\"https:\/\/oraziopuglisi.art\/index.php\/les-echecs-et-les-femmes\/\">Les Echecs et les Femmes<\/a><\/p><\/blockquote>\n<p><iframe loading=\"lazy\" class=\"wp-embedded-content\" sandbox=\"allow-scripts\" security=\"restricted\" style=\"position: absolute; visibility: hidden;\" title=\"\u00ab\u00a0Les Echecs et les Femmes\u00a0\u00bb &#8212; Orazio Puglisi\" src=\"https:\/\/oraziopuglisi.art\/index.php\/les-echecs-et-les-femmes\/embed\/#?secret=ufjq0DnVG2#?secret=wRI0OSdLKo\" data-secret=\"wRI0OSdLKo\" width=\"600\" height=\"338\" frameborder=\"0\" marginwidth=\"0\" marginheight=\"0\" scrolling=\"no\"><\/iframe><\/p>\n<blockquote class=\"wp-embedded-content\" data-secret=\"EAYdLKsjg4\"><p><a href=\"https:\/\/oraziopuglisi.art\/index.php\/echecs-et-symbolisme\/\">Echecs et Symbolisme<\/a><\/p><\/blockquote>\n<p><iframe loading=\"lazy\" class=\"wp-embedded-content\" sandbox=\"allow-scripts\" security=\"restricted\" style=\"position: absolute; visibility: hidden;\" title=\"\u00ab\u00a0Echecs et Symbolisme\u00a0\u00bb &#8212; Orazio Puglisi\" src=\"https:\/\/oraziopuglisi.art\/index.php\/echecs-et-symbolisme\/embed\/#?secret=veCnwmh7Tb#?secret=EAYdLKsjg4\" data-secret=\"EAYdLKsjg4\" width=\"600\" height=\"338\" frameborder=\"0\" marginwidth=\"0\" marginheight=\"0\" scrolling=\"no\"><\/iframe><\/p>\n<blockquote class=\"wp-embedded-content\" data-secret=\"qL4ov4tT39\"><p><a href=\"https:\/\/oraziopuglisi.art\/index.php\/echecs-et-sciences\/\">Echecs et Sciences<\/a><\/p><\/blockquote>\n<p><iframe loading=\"lazy\" class=\"wp-embedded-content\" sandbox=\"allow-scripts\" security=\"restricted\" style=\"position: absolute; visibility: hidden;\" title=\"\u00ab\u00a0Echecs et Sciences\u00a0\u00bb &#8212; Orazio Puglisi\" src=\"https:\/\/oraziopuglisi.art\/index.php\/echecs-et-sciences\/embed\/#?secret=V702SEs9NZ#?secret=qL4ov4tT39\" data-secret=\"qL4ov4tT39\" width=\"600\" height=\"338\" frameborder=\"0\" marginwidth=\"0\" marginheight=\"0\" scrolling=\"no\"><\/iframe><\/p>\n<p>&nbsp;<\/p>\n<blockquote class=\"wp-embedded-content\" data-secret=\"ZuprPGlSE7\"><p><a href=\"https:\/\/oraziopuglisi.art\/index.php\/echecs-et-informatique\/\">Echecs et Informatique<\/a><\/p><\/blockquote>\n<p><iframe loading=\"lazy\" class=\"wp-embedded-content\" sandbox=\"allow-scripts\" security=\"restricted\" style=\"position: absolute; visibility: hidden;\" title=\"\u00ab\u00a0Echecs et Informatique\u00a0\u00bb &#8212; Orazio Puglisi\" src=\"https:\/\/oraziopuglisi.art\/index.php\/echecs-et-informatique\/embed\/#?secret=mTUw3c7kl7#?secret=ZuprPGlSE7\" data-secret=\"ZuprPGlSE7\" width=\"600\" height=\"338\" frameborder=\"0\" marginwidth=\"0\" marginheight=\"0\" scrolling=\"no\"><\/iframe><\/p>\n<blockquote class=\"wp-embedded-content\" data-secret=\"l65XEsaphx\"><p><a href=\"https:\/\/oraziopuglisi.art\/index.php\/echecs-et-sciences-humaines\/\">Echecs et Sciences Humaines<\/a><\/p><\/blockquote>\n<p><iframe loading=\"lazy\" class=\"wp-embedded-content\" sandbox=\"allow-scripts\" security=\"restricted\" style=\"position: absolute; visibility: hidden;\" title=\"\u00ab\u00a0Echecs et Sciences Humaines\u00a0\u00bb &#8212; Orazio Puglisi\" src=\"https:\/\/oraziopuglisi.art\/index.php\/echecs-et-sciences-humaines\/embed\/#?secret=LjpdLAZ7jO#?secret=l65XEsaphx\" data-secret=\"l65XEsaphx\" width=\"600\" height=\"338\" frameborder=\"0\" marginwidth=\"0\" marginheight=\"0\" scrolling=\"no\"><\/iframe><\/p>\n<\/form>\n","protected":false},"excerpt":{"rendered":"<p>Image mise en avant : Personnages jouant aux \u00e9checs. Pi\u00e8ces d&rsquo;un jeu d&rsquo;\u00e9checs. M\u00e9tiers Le Jeu des eschez moralis\u00e9, nouvellement imprim\u00e9 \u00e0 Paris. &#8211; Paris, 1504. Folio a5v. \u00a9BnF &nbsp; Faire un don par Qr Code Achetez mes livres &nbsp; &nbsp; Virement bancaire IBAN FR81 2004 1010 0820 6402 0P02 955 BIC PSSTFRPPMAR Orazio Puglisi [&hellip;]<\/p>\n","protected":false},"author":1,"featured_media":13082,"parent":0,"menu_order":0,"comment_status":"closed","ping_status":"closed","template":"","meta":{"footnotes":""},"class_list":["post-12846","page","type-page","status-publish","has-post-thumbnail","hentry"],"_links":{"self":[{"href":"https:\/\/oraziopuglisi.art\/index.php\/wp-json\/wp\/v2\/pages\/12846","targetHints":{"allow":["GET"]}}],"collection":[{"href":"https:\/\/oraziopuglisi.art\/index.php\/wp-json\/wp\/v2\/pages"}],"about":[{"href":"https:\/\/oraziopuglisi.art\/index.php\/wp-json\/wp\/v2\/types\/page"}],"author":[{"embeddable":true,"href":"https:\/\/oraziopuglisi.art\/index.php\/wp-json\/wp\/v2\/users\/1"}],"replies":[{"embeddable":true,"href":"https:\/\/oraziopuglisi.art\/index.php\/wp-json\/wp\/v2\/comments?post=12846"}],"version-history":[{"count":16,"href":"https:\/\/oraziopuglisi.art\/index.php\/wp-json\/wp\/v2\/pages\/12846\/revisions"}],"predecessor-version":[{"id":15480,"href":"https:\/\/oraziopuglisi.art\/index.php\/wp-json\/wp\/v2\/pages\/12846\/revisions\/15480"}],"wp:featuredmedia":[{"embeddable":true,"href":"https:\/\/oraziopuglisi.art\/index.php\/wp-json\/wp\/v2\/media\/13082"}],"wp:attachment":[{"href":"https:\/\/oraziopuglisi.art\/index.php\/wp-json\/wp\/v2\/media?parent=12846"}],"curies":[{"name":"wp","href":"https:\/\/api.w.org\/{rel}","templated":true}]}}