{"id":12157,"date":"2024-08-31T18:34:31","date_gmt":"2024-08-31T16:34:31","guid":{"rendered":"https:\/\/oraziopuglisi.art\/?page_id=12157"},"modified":"2024-08-31T18:39:35","modified_gmt":"2024-08-31T16:39:35","slug":"la-poesie-au-moyen-age","status":"publish","type":"page","link":"https:\/\/oraziopuglisi.art\/index.php\/la-poesie-au-moyen-age\/","title":{"rendered":"La Po\u00e9sie au Moyen Age"},"content":{"rendered":"<p><iframe loading=\"lazy\" title=\"PO\u00c9SIE M\u00c9DI\u00c9VALE \u2013 Michel PASTOUREAU : Les chevaliers de la Table Ronde (Conf\u00e9rence vid\u00e9o, 2015)\" width=\"600\" height=\"338\" src=\"https:\/\/www.youtube.com\/embed\/no2RthGvsaY?list=PLnMUL8XkTJ3ubi1h91prcWaVDwl2qDinu\" frameborder=\"0\" allow=\"accelerometer; autoplay; clipboard-write; encrypted-media; gyroscope; picture-in-picture; web-share\" referrerpolicy=\"strict-origin-when-cross-origin\" allowfullscreen><\/iframe><\/p>\n","protected":false},"excerpt":{"rendered":"","protected":false},"author":1,"featured_media":12160,"parent":0,"menu_order":0,"comment_status":"closed","ping_status":"closed","template":"","meta":{"footnotes":""},"class_list":["post-12157","page","type-page","status-publish","has-post-thumbnail","hentry"],"_links":{"self":[{"href":"https:\/\/oraziopuglisi.art\/index.php\/wp-json\/wp\/v2\/pages\/12157","targetHints":{"allow":["GET"]}}],"collection":[{"href":"https:\/\/oraziopuglisi.art\/index.php\/wp-json\/wp\/v2\/pages"}],"about":[{"href":"https:\/\/oraziopuglisi.art\/index.php\/wp-json\/wp\/v2\/types\/page"}],"author":[{"embeddable":true,"href":"https:\/\/oraziopuglisi.art\/index.php\/wp-json\/wp\/v2\/users\/1"}],"replies":[{"embeddable":true,"href":"https:\/\/oraziopuglisi.art\/index.php\/wp-json\/wp\/v2\/comments?post=12157"}],"version-history":[{"count":1,"href":"https:\/\/oraziopuglisi.art\/index.php\/wp-json\/wp\/v2\/pages\/12157\/revisions"}],"predecessor-version":[{"id":12158,"href":"https:\/\/oraziopuglisi.art\/index.php\/wp-json\/wp\/v2\/pages\/12157\/revisions\/12158"}],"wp:featuredmedia":[{"embeddable":true,"href":"https:\/\/oraziopuglisi.art\/index.php\/wp-json\/wp\/v2\/media\/12160"}],"wp:attachment":[{"href":"https:\/\/oraziopuglisi.art\/index.php\/wp-json\/wp\/v2\/media?parent=12157"}],"curies":[{"name":"wp","href":"https:\/\/api.w.org\/{rel}","templated":true}]}}