{"id":12124,"date":"2024-08-31T17:34:59","date_gmt":"2024-08-31T15:34:59","guid":{"rendered":"https:\/\/oraziopuglisi.art\/?page_id=12124"},"modified":"2024-08-31T18:15:31","modified_gmt":"2024-08-31T16:15:31","slug":"chretien-de-troyes","status":"publish","type":"page","link":"https:\/\/oraziopuglisi.art\/index.php\/chretien-de-troyes\/","title":{"rendered":"Chr\u00e9tien de Troyes"},"content":{"rendered":"<ul>\n<li style=\"text-align: justify;\"><em>Image mise en avant : Gravure de 1530 repr\u00e9sentant Chr\u00e9tien de Troyes.<\/em><\/li>\n<\/ul>\n<p>&nbsp;<\/p>\n<p style=\"text-align: center;\"><a title=\"Chr\u00e9tien de Troyes\" href=\"https:\/\/fr.wikipedia.org\/wiki\/Chr%C3%A9tien_de_Troyes\">Chr\u00e9tien de Troyes<\/a><\/p>\n<p>&nbsp;<\/p>\n<p style=\"text-align: justify;\"><b>Chr\u00e9tien de Troyes<\/b>\u00a0(n\u00e9 vers 1130 et mort entre 1180 et 1190) est un\u00a0<a title=\"\u00c9crivain\" href=\"https:\/\/fr.wikipedia.org\/wiki\/%C3%89crivain\">\u00e9crivain<\/a>,\u00a0<a title=\"Po\u00e8te\" href=\"https:\/\/fr.wikipedia.org\/wiki\/Po%C3%A8te\">po\u00e8te<\/a>, romancier, et\u00a0<a title=\"Trouv\u00e8re\" href=\"https:\/\/fr.wikipedia.org\/wiki\/Trouv%C3%A8re\">trouv\u00e8re<\/a><sup id=\"cite_ref-1\" class=\"reference\"><a href=\"https:\/\/fr.wikipedia.org\/wiki\/Chr%C3%A9tien_de_Troyes#cite_note-1\">1<\/a><\/sup>\u00a0<a title=\"France\" href=\"https:\/\/fr.wikipedia.org\/wiki\/France\">fran\u00e7ais<\/a>. Consid\u00e9r\u00e9 comme le fondateur de la\u00a0<a title=\"L\u00e9gende arthurienne\" href=\"https:\/\/fr.wikipedia.org\/wiki\/L%C3%A9gende_arthurienne\">litt\u00e9rature arthurienne<\/a>\u00a0en\u00a0<a title=\"Ancien fran\u00e7ais\" href=\"https:\/\/fr.wikipedia.org\/wiki\/Ancien_fran%C3%A7ais\">ancien fran\u00e7ais<\/a>, il est l&rsquo;un des premiers auteurs de\u00a0<a title=\"Roman courtois\" href=\"https:\/\/fr.wikipedia.org\/wiki\/Roman_courtois\">romans de chevalerie<\/a>. Chr\u00e9tien de Troyes fut au service de la\u00a0<a title=\"Comt\u00e9 de Champagne\" href=\"https:\/\/fr.wikipedia.org\/wiki\/Comt%C3%A9_de_Champagne\">cour de Champagne<\/a>, au temps d&rsquo;<a title=\"Henri Ier de Champagne\" href=\"https:\/\/fr.wikipedia.org\/wiki\/Henri_Ier_de_Champagne\">Henri le Lib\u00e9ral<\/a>\u00a0et de son \u00e9pouse\u00a0<a title=\"Marie de France (1145-1198)\" href=\"https:\/\/fr.wikipedia.org\/wiki\/Marie_de_France_(1145-1198)\">Marie de France<\/a>\u00a0fille d&rsquo;Ali\u00e9nor d&rsquo;Aquitaine et de Louis VII.<\/p>\n<p style=\"text-align: justify;\">Ses \u0153uvres majeures sont\u00a0:\u00a0<i><a title=\"\u00c9rec et \u00c9nide\" href=\"https:\/\/fr.wikipedia.org\/wiki\/%C3%89rec_et_%C3%89nide\">\u00c9rec et \u00c9nide<\/a><\/i>,\u00a0<i><a title=\"Clig\u00e8s\" href=\"https:\/\/fr.wikipedia.org\/wiki\/Clig%C3%A8s\">Clig\u00e8s<\/a><\/i>,\u00a0<i><a title=\"Lancelot ou le Chevalier de la charrette\" href=\"https:\/\/fr.wikipedia.org\/wiki\/Lancelot_ou_le_Chevalier_de_la_charrette\">Lancelot ou le Chevalier de la charrette<\/a><\/i>\u00a0\u00e9crit probablement en m\u00eame temps que\u00a0<i><a title=\"Yvain ou le Chevalier au lion\" href=\"https:\/\/fr.wikipedia.org\/wiki\/Yvain_ou_le_Chevalier_au_lion\">Yvain ou le Chevalier au lion<\/a><\/i>, et\u00a0<i><a title=\"Perceval ou le Conte du Graal\" href=\"https:\/\/fr.wikipedia.org\/wiki\/Perceval_ou_le_Conte_du_Graal\">Perceval ou le Conte du Graal<\/a><\/i>, \u0153uvre inachev\u00e9e. Ses romans refl\u00e8tent les id\u00e9aux politiques et culturels du milieu pour et dans lequel il \u00e9crit. Ils mettent en sc\u00e8ne un id\u00e9al aristocratique m\u00ealant l&rsquo;aventure chevaleresque, l&rsquo;<a title=\"Amour courtois\" href=\"https:\/\/fr.wikipedia.org\/wiki\/Amour_courtois\">amour courtois<\/a>\u00a0et les aspirations religieuses que symbolise l&rsquo;esprit de\u00a0<a title=\"Croisade\" href=\"https:\/\/fr.wikipedia.org\/wiki\/Croisade\">croisade<\/a>.<\/p>\n<ul>\n<li><i><a title=\"\u00c9rec et \u00c9nide\" href=\"https:\/\/fr.wikipedia.org\/wiki\/%C3%89rec_et_%C3%89nide\">Erec et Enide<\/a><\/i><small class=\"cachelinks\">[<a title=\"archive sur Wikiwix\" href=\"https:\/\/archive.wikiwix.com\/cache\/?url=https%3A%2F%2Fgallica.bnf.fr%2Fhtml%2Fund%2Fmanuscrits%2Ferec-et-enide\">archive<\/a>]<\/small><\/li>\n<li><i><a class=\"mw-redirect\" title=\"Clig\u00e8s ou la Fausse morte\" href=\"https:\/\/fr.wikipedia.org\/wiki\/Clig%C3%A8s_ou_la_Fausse_morte\">Clig\u00e8s ou la fausse morte<\/a><\/i><\/li>\n<li><i><a title=\"Yvain ou le Chevalier au lion\" href=\"https:\/\/fr.wikipedia.org\/wiki\/Yvain_ou_le_Chevalier_au_lion\">Yvain ou le chevalier au lion<\/a><\/i><\/li>\n<li><i><a title=\"Lancelot ou le Chevalier de la charrette\" href=\"https:\/\/fr.wikipedia.org\/wiki\/Lancelot_ou_le_Chevalier_de_la_charrette\">Lancelot ou le chevalier \u00e0 la charrette<\/a><\/i><\/li>\n<li><i><a title=\"Perceval ou le Conte du Graal\" href=\"https:\/\/fr.wikipedia.org\/wiki\/Perceval_ou_le_Conte_du_Graal\">Perceval ou le conte de Graal<\/a><\/i><\/li>\n<\/ul>\n<p><iframe loading=\"lazy\" title=\"Une Vie, une \u0152uvre -  Chre\u0301tien de Troyes par Claude Mettra (1989)\" width=\"600\" height=\"338\" src=\"https:\/\/www.youtube.com\/embed\/0qHVjQbC-uA?feature=oembed\" frameborder=\"0\" allow=\"accelerometer; autoplay; clipboard-write; encrypted-media; gyroscope; picture-in-picture; web-share\" referrerpolicy=\"strict-origin-when-cross-origin\" allowfullscreen><\/iframe><\/p>\n<p><iframe loading=\"lazy\" title=\"CHR\u00c9TIEN DE TROYES \u2013 Les romans de la Table ronde (France Culture, 1994)\" width=\"600\" height=\"338\" src=\"https:\/\/www.youtube.com\/embed\/XqpLPx319Lo?feature=oembed\" frameborder=\"0\" allow=\"accelerometer; autoplay; clipboard-write; encrypted-media; gyroscope; picture-in-picture; web-share\" referrerpolicy=\"strict-origin-when-cross-origin\" allowfullscreen><\/iframe><\/p>\n<p><iframe loading=\"lazy\" title=\"[RARE] CHR\u00c9TIEN DE TROYES \u2013 Perceval ou le Conte du Graal (DOCUMENTAIRE, 1964)\" width=\"600\" height=\"450\" src=\"https:\/\/www.youtube.com\/embed\/DpJbVxGsLxo?feature=oembed\" frameborder=\"0\" allow=\"accelerometer; autoplay; clipboard-write; encrypted-media; gyroscope; picture-in-picture; web-share\" referrerpolicy=\"strict-origin-when-cross-origin\" allowfullscreen><\/iframe><\/p>\n<p>&nbsp;<\/p>\n","protected":false},"excerpt":{"rendered":"<p>Image mise en avant : Gravure de 1530 repr\u00e9sentant Chr\u00e9tien de Troyes. &nbsp; Chr\u00e9tien de Troyes &nbsp; Chr\u00e9tien de Troyes\u00a0(n\u00e9 vers 1130 et mort entre 1180 et 1190) est un\u00a0\u00e9crivain,\u00a0po\u00e8te, romancier, et\u00a0trouv\u00e8re1\u00a0fran\u00e7ais. Consid\u00e9r\u00e9 comme le fondateur de la\u00a0litt\u00e9rature arthurienne\u00a0en\u00a0ancien fran\u00e7ais, il est l&rsquo;un des premiers auteurs de\u00a0romans de chevalerie. Chr\u00e9tien de Troyes fut au service [&hellip;]<\/p>\n","protected":false},"author":1,"featured_media":12129,"parent":0,"menu_order":0,"comment_status":"closed","ping_status":"closed","template":"","meta":{"footnotes":""},"class_list":["post-12124","page","type-page","status-publish","has-post-thumbnail","hentry"],"_links":{"self":[{"href":"https:\/\/oraziopuglisi.art\/index.php\/wp-json\/wp\/v2\/pages\/12124","targetHints":{"allow":["GET"]}}],"collection":[{"href":"https:\/\/oraziopuglisi.art\/index.php\/wp-json\/wp\/v2\/pages"}],"about":[{"href":"https:\/\/oraziopuglisi.art\/index.php\/wp-json\/wp\/v2\/types\/page"}],"author":[{"embeddable":true,"href":"https:\/\/oraziopuglisi.art\/index.php\/wp-json\/wp\/v2\/users\/1"}],"replies":[{"embeddable":true,"href":"https:\/\/oraziopuglisi.art\/index.php\/wp-json\/wp\/v2\/comments?post=12124"}],"version-history":[{"count":9,"href":"https:\/\/oraziopuglisi.art\/index.php\/wp-json\/wp\/v2\/pages\/12124\/revisions"}],"predecessor-version":[{"id":12136,"href":"https:\/\/oraziopuglisi.art\/index.php\/wp-json\/wp\/v2\/pages\/12124\/revisions\/12136"}],"wp:featuredmedia":[{"embeddable":true,"href":"https:\/\/oraziopuglisi.art\/index.php\/wp-json\/wp\/v2\/media\/12129"}],"wp:attachment":[{"href":"https:\/\/oraziopuglisi.art\/index.php\/wp-json\/wp\/v2\/media?parent=12124"}],"curies":[{"name":"wp","href":"https:\/\/api.w.org\/{rel}","templated":true}]}}