{"id":12103,"date":"2024-08-31T17:19:25","date_gmt":"2024-08-31T15:19:25","guid":{"rendered":"https:\/\/oraziopuglisi.art\/?page_id=12103"},"modified":"2024-08-31T17:36:33","modified_gmt":"2024-08-31T15:36:33","slug":"lamour-courtois","status":"publish","type":"page","link":"https:\/\/oraziopuglisi.art\/index.php\/lamour-courtois\/","title":{"rendered":"L&rsquo;Amour Courtois"},"content":{"rendered":"<p style=\"text-align: center;\"><a href=\"https:\/\/fr.wikipedia.org\/wiki\/Amour_courtois\">L&rsquo;Amour Courtois<\/a><\/p>\n<blockquote class=\"wp-embedded-content\" data-secret=\"HJF3CbCduS\"><p><a href=\"https:\/\/oraziopuglisi.art\/index.php\/wikipedia\/\">Wikip\u00e9dia<\/a><\/p><\/blockquote>\n<p><iframe loading=\"lazy\" class=\"wp-embedded-content\" sandbox=\"allow-scripts\" security=\"restricted\" style=\"position: absolute; visibility: hidden;\" title=\"\u00ab\u00a0Wikip\u00e9dia\u00a0\u00bb &#8212; Orazio Puglisi\" src=\"https:\/\/oraziopuglisi.art\/index.php\/wikipedia\/embed\/#?secret=EcQINBun8d#?secret=HJF3CbCduS\" data-secret=\"HJF3CbCduS\" width=\"600\" height=\"338\" frameborder=\"0\" marginwidth=\"0\" marginheight=\"0\" scrolling=\"no\"><\/iframe><\/p>\n<blockquote class=\"wp-embedded-content\" data-secret=\"6ZT6NnIKEi\"><p><a href=\"https:\/\/oraziopuglisi.art\/index.php\/travaux-erudits-des-xviiie-et-xixe-siecles\/\">Travaux \u00e9rudits des XVIIIe et XIXe si\u00e8cles<\/a><\/p><\/blockquote>\n<p><iframe loading=\"lazy\" class=\"wp-embedded-content\" sandbox=\"allow-scripts\" security=\"restricted\" style=\"position: absolute; visibility: hidden;\" title=\"\u00ab\u00a0Travaux \u00e9rudits des XVIIIe et XIXe si\u00e8cles\u00a0\u00bb &#8212; Orazio Puglisi\" src=\"https:\/\/oraziopuglisi.art\/index.php\/travaux-erudits-des-xviiie-et-xixe-siecles\/embed\/#?secret=cl6D35VrUY#?secret=6ZT6NnIKEi\" data-secret=\"6ZT6NnIKEi\" width=\"600\" height=\"338\" frameborder=\"0\" marginwidth=\"0\" marginheight=\"0\" scrolling=\"no\"><\/iframe><\/p>\n<blockquote class=\"wp-embedded-content\" data-secret=\"4FjB65BFM4\"><p><a href=\"https:\/\/oraziopuglisi.art\/index.php\/travaux-des-xxe-et-xxie-siecles\/\">Travaux des XXe et XXIe si\u00e8cles<\/a><\/p><\/blockquote>\n<p><iframe loading=\"lazy\" class=\"wp-embedded-content\" sandbox=\"allow-scripts\" security=\"restricted\" style=\"position: absolute; visibility: hidden;\" title=\"\u00ab\u00a0Travaux des XXe et XXIe si\u00e8cles\u00a0\u00bb &#8212; Orazio Puglisi\" src=\"https:\/\/oraziopuglisi.art\/index.php\/travaux-des-xxe-et-xxie-siecles\/embed\/#?secret=lAF8lRvQ0B#?secret=4FjB65BFM4\" data-secret=\"4FjB65BFM4\" width=\"600\" height=\"338\" frameborder=\"0\" marginwidth=\"0\" marginheight=\"0\" scrolling=\"no\"><\/iframe><\/p>\n<blockquote class=\"wp-embedded-content\" data-secret=\"zkeStkYV9g\"><p><a href=\"https:\/\/oraziopuglisi.art\/index.php\/chretien-de-troyes\/\">Chr\u00e9tien de Troyes<\/a><\/p><\/blockquote>\n<p><iframe loading=\"lazy\" class=\"wp-embedded-content\" sandbox=\"allow-scripts\" security=\"restricted\" style=\"position: absolute; visibility: hidden;\" title=\"\u00ab\u00a0Chr\u00e9tien de Troyes\u00a0\u00bb &#8212; Orazio Puglisi\" src=\"https:\/\/oraziopuglisi.art\/index.php\/chretien-de-troyes\/embed\/#?secret=jivTf81e29#?secret=zkeStkYV9g\" data-secret=\"zkeStkYV9g\" width=\"600\" height=\"338\" frameborder=\"0\" marginwidth=\"0\" marginheight=\"0\" scrolling=\"no\"><\/iframe><\/p>\n<p>&nbsp;<\/p>\n<p style=\"text-align: justify;\">\u00a0<\/p>\n","protected":false},"excerpt":{"rendered":"<p>L&rsquo;Amour Courtois Wikip\u00e9dia Travaux \u00e9rudits des XVIIIe et XIXe si\u00e8cles Travaux des XXe et XXIe si\u00e8cles Chr\u00e9tien de Troyes &nbsp; \u00a0<\/p>\n","protected":false},"author":1,"featured_media":0,"parent":0,"menu_order":0,"comment_status":"closed","ping_status":"closed","template":"","meta":{"footnotes":""},"class_list":["post-12103","page","type-page","status-publish","hentry"],"_links":{"self":[{"href":"https:\/\/oraziopuglisi.art\/index.php\/wp-json\/wp\/v2\/pages\/12103","targetHints":{"allow":["GET"]}}],"collection":[{"href":"https:\/\/oraziopuglisi.art\/index.php\/wp-json\/wp\/v2\/pages"}],"about":[{"href":"https:\/\/oraziopuglisi.art\/index.php\/wp-json\/wp\/v2\/types\/page"}],"author":[{"embeddable":true,"href":"https:\/\/oraziopuglisi.art\/index.php\/wp-json\/wp\/v2\/users\/1"}],"replies":[{"embeddable":true,"href":"https:\/\/oraziopuglisi.art\/index.php\/wp-json\/wp\/v2\/comments?post=12103"}],"version-history":[{"count":10,"href":"https:\/\/oraziopuglisi.art\/index.php\/wp-json\/wp\/v2\/pages\/12103\/revisions"}],"predecessor-version":[{"id":12127,"href":"https:\/\/oraziopuglisi.art\/index.php\/wp-json\/wp\/v2\/pages\/12103\/revisions\/12127"}],"wp:attachment":[{"href":"https:\/\/oraziopuglisi.art\/index.php\/wp-json\/wp\/v2\/media?parent=12103"}],"curies":[{"name":"wp","href":"https:\/\/api.w.org\/{rel}","templated":true}]}}