{"id":12015,"date":"2024-08-29T20:52:15","date_gmt":"2024-08-29T18:52:15","guid":{"rendered":"https:\/\/oraziopuglisi.art\/?page_id=12015"},"modified":"2025-09-03T07:04:15","modified_gmt":"2025-09-03T05:04:15","slug":"la-question-de-lhistoricite-du-christ","status":"publish","type":"page","link":"https:\/\/oraziopuglisi.art\/index.php\/la-question-de-lhistoricite-du-christ\/","title":{"rendered":"La Question de l&rsquo;Historicit\u00e9 du Christ"},"content":{"rendered":"<p><iframe loading=\"lazy\" title=\"Peut-on prouver l\u2019historicit\u00e9 de J\u00e9sus ? Entretien avec Micha\u00ebl Langlois\" width=\"600\" height=\"338\" src=\"https:\/\/www.youtube.com\/embed\/sbDtnIDxHIU?feature=oembed\" frameborder=\"0\" allow=\"accelerometer; autoplay; clipboard-write; encrypted-media; gyroscope; picture-in-picture; web-share\" referrerpolicy=\"strict-origin-when-cross-origin\" allowfullscreen><\/iframe><\/p>\n<p><iframe loading=\"lazy\" title=\"J\u00e9sus et l&#039;histoire\" width=\"600\" height=\"338\" src=\"https:\/\/www.youtube.com\/embed\/2J3GoRBqIMM?feature=oembed\" frameborder=\"0\" allow=\"accelerometer; autoplay; clipboard-write; encrypted-media; gyroscope; picture-in-picture; web-share\" referrerpolicy=\"strict-origin-when-cross-origin\" allowfullscreen><\/iframe><\/p>\n<p><iframe loading=\"lazy\" title=\"Christianisme: Michel Onfray dialogue avec un moine de l\u2019abbaye de Lagrasse\" width=\"600\" height=\"338\" src=\"https:\/\/www.youtube.com\/embed\/Ef9SYNRywEE?feature=oembed\" frameborder=\"0\" allow=\"accelerometer; autoplay; clipboard-write; encrypted-media; gyroscope; picture-in-picture; web-share\" referrerpolicy=\"strict-origin-when-cross-origin\" allowfullscreen><\/iframe><\/p>\n<p><iframe loading=\"lazy\" title=\"Michel Onfray - Th\u00e9orie de J\u00e9sus : biographie d&#039;une id\u00e9e\" width=\"600\" height=\"338\" src=\"https:\/\/www.youtube.com\/embed\/ZnienRFDfS0?feature=oembed\" frameborder=\"0\" allow=\"accelerometer; autoplay; clipboard-write; encrypted-media; gyroscope; picture-in-picture; web-share\" referrerpolicy=\"strict-origin-when-cross-origin\" allowfullscreen><\/iframe><\/p>\n<p><iframe loading=\"lazy\" title=\"D\u00e9bat sur l&#039;historicit\u00e9 de J\u00e9sus Onfray Petitfils Staune\" width=\"600\" height=\"338\" src=\"https:\/\/www.youtube.com\/embed\/OltcGSIAHJ8?feature=oembed\" frameborder=\"0\" allow=\"accelerometer; autoplay; clipboard-write; encrypted-media; gyroscope; picture-in-picture; web-share\" referrerpolicy=\"strict-origin-when-cross-origin\" allowfullscreen><\/iframe><\/p>\n<p>&nbsp;<\/p>\n","protected":false},"excerpt":{"rendered":"<p>&nbsp;<\/p>\n","protected":false},"author":1,"featured_media":12031,"parent":0,"menu_order":0,"comment_status":"closed","ping_status":"closed","template":"","meta":{"footnotes":""},"class_list":["post-12015","page","type-page","status-publish","has-post-thumbnail","hentry"],"_links":{"self":[{"href":"https:\/\/oraziopuglisi.art\/index.php\/wp-json\/wp\/v2\/pages\/12015","targetHints":{"allow":["GET"]}}],"collection":[{"href":"https:\/\/oraziopuglisi.art\/index.php\/wp-json\/wp\/v2\/pages"}],"about":[{"href":"https:\/\/oraziopuglisi.art\/index.php\/wp-json\/wp\/v2\/types\/page"}],"author":[{"embeddable":true,"href":"https:\/\/oraziopuglisi.art\/index.php\/wp-json\/wp\/v2\/users\/1"}],"replies":[{"embeddable":true,"href":"https:\/\/oraziopuglisi.art\/index.php\/wp-json\/wp\/v2\/comments?post=12015"}],"version-history":[{"count":6,"href":"https:\/\/oraziopuglisi.art\/index.php\/wp-json\/wp\/v2\/pages\/12015\/revisions"}],"predecessor-version":[{"id":12039,"href":"https:\/\/oraziopuglisi.art\/index.php\/wp-json\/wp\/v2\/pages\/12015\/revisions\/12039"}],"wp:featuredmedia":[{"embeddable":true,"href":"https:\/\/oraziopuglisi.art\/index.php\/wp-json\/wp\/v2\/media\/12031"}],"wp:attachment":[{"href":"https:\/\/oraziopuglisi.art\/index.php\/wp-json\/wp\/v2\/media?parent=12015"}],"curies":[{"name":"wp","href":"https:\/\/api.w.org\/{rel}","templated":true}]}}