{"id":11859,"date":"2024-08-29T10:50:50","date_gmt":"2024-08-29T08:50:50","guid":{"rendered":"https:\/\/oraziopuglisi.art\/?page_id=11859"},"modified":"2026-02-01T20:36:11","modified_gmt":"2026-02-01T19:36:11","slug":"histoire","status":"publish","type":"page","link":"https:\/\/oraziopuglisi.art\/index.php\/histoire\/","title":{"rendered":"Histoire"},"content":{"rendered":"<form action=\"https:\/\/www.paypal.com\/donate\" method=\"post\" target=\"_top\"><input name=\"hosted_button_id\" type=\"hidden\" value=\"QSSRVLDUKP2MG\" \/> <input title=\"PayPal - The safer, easier way to pay online!\" alt=\"Bouton Faites un don avec PayPal\" name=\"submit\" src=\"https:\/\/www.paypalobjects.com\/fr_FR\/FR\/i\/btn\/btn_donateCC_LG.gif\" type=\"image\" \/><img loading=\"lazy\" decoding=\"async\" src=\"https:\/\/www.paypal.com\/fr_FR\/i\/scr\/pixel.gif\" alt=\"\" width=\"1\" height=\"1\" border=\"0\" \/><img loading=\"lazy\" decoding=\"async\" src=\"https:\/\/www.paypal.com\/fr_FR\/i\/scr\/pixel.gif\" alt=\"\" width=\"1\" height=\"1\" border=\"0\" \/><\/form>\n<form action=\"https:\/\/www.paypal.com\/donate\" method=\"post\" target=\"_top\"><input name=\"hosted_button_id\" type=\"hidden\" value=\"KUYGR8EGYTG64\" \/><\/p>\n<p style=\"text-align: center;\"><span style=\"color: #ff0000;\">Faire un don par Qr Code<\/span><\/p>\n<p style=\"text-align: center;\"><a href=\"http:\/\/xn--vidosechecsenligne-dwb.com\/wp-content\/uploads\/2022\/05\/QR-code.png\"><img loading=\"lazy\" decoding=\"async\" class=\"alignnone size-full wp-image-36569\" src=\"http:\/\/xn--vidosechecsenligne-dwb.com\/wp-content\/uploads\/2022\/05\/QR-code.png\" alt=\"\" width=\"192\" height=\"192\" \/><\/a><\/p>\n<p style=\"text-align: center;\"><a href=\"https:\/\/www.amazon.fr\/Livres-Orazio-Puglisi\/s?rh=n%3A301061%2Cp_27%3AOrazio+Puglisi\">Achetez mes livres <\/a><\/p>\n<p>&nbsp;<\/p>\n<p>&nbsp;<\/p>\n<p style=\"text-align: center;\">Virement bancaire<\/p>\n<\/form>\n<form action=\"https:\/\/www.paypal.com\/cgi-bin\/webscr\" method=\"post\" target=\"_top\">\n<p style=\"text-align: center;\"><span style=\"font-family: 'book antiqua', palatino, serif;\">IBAN FR81 2004 1010 0820 6402 0P02 955<\/span><\/p>\n<p style=\"text-align: center;\"><span style=\"font-family: 'book antiqua', palatino, serif;\">BIC PSSTFRPPMAR<\/span><\/p>\n<p style=\"text-align: center;\"><span style=\"font-family: 'book antiqua', palatino, serif;\">Orazio Puglisi<\/span><\/p>\n<p style=\"text-align: center;\"><span style=\"font-family: 'book antiqua', palatino, serif;\">06 14 35 15 52<\/span><\/p>\n<p style=\"text-align: center;\"><span style=\"font-family: 'book antiqua', palatino, serif;\"><a href=\"mailto:oraziopuglisi@gmail.com\">oraziopuglisi@gmail.com<\/a><\/span><\/p>\n<p style=\"text-align: center;\"><span style=\"font-family: 'book antiqua', palatino, serif;\"><a href=\"mailto:puglisiorazio@wanadoo.fr\">puglisiorazio@wanadoo.fr<\/a><\/span><\/p>\n<p>&nbsp;<\/p>\n<blockquote class=\"wp-embedded-content\" data-secret=\"yAvMZ1mnUw\"><p><a href=\"https:\/\/oraziopuglisi.art\/index.php\/la-prehistoire\/\">La Pr\u00e9histoire<\/a><\/p><\/blockquote>\n<p><iframe loading=\"lazy\" class=\"wp-embedded-content\" sandbox=\"allow-scripts\" security=\"restricted\" style=\"position: absolute; visibility: hidden;\" title=\"\u00ab\u00a0La Pr\u00e9histoire\u00a0\u00bb &#8212; Orazio Puglisi\" src=\"https:\/\/oraziopuglisi.art\/index.php\/la-prehistoire\/embed\/#?secret=o2VBX4etcv#?secret=yAvMZ1mnUw\" data-secret=\"yAvMZ1mnUw\" width=\"600\" height=\"338\" frameborder=\"0\" marginwidth=\"0\" marginheight=\"0\" scrolling=\"no\"><\/iframe><\/p>\n<blockquote class=\"wp-embedded-content\" data-secret=\"jHn5cs4unp\"><p><a href=\"https:\/\/oraziopuglisi.art\/index.php\/lantiquite\/\">L&rsquo;Antiquit\u00e9<\/a><\/p><\/blockquote>\n<p><iframe loading=\"lazy\" class=\"wp-embedded-content\" sandbox=\"allow-scripts\" security=\"restricted\" style=\"position: absolute; visibility: hidden;\" title=\"\u00ab\u00a0L&rsquo;Antiquit\u00e9\u00a0\u00bb &#8212; Orazio Puglisi\" src=\"https:\/\/oraziopuglisi.art\/index.php\/lantiquite\/embed\/#?secret=WagtzjZmMP#?secret=jHn5cs4unp\" data-secret=\"jHn5cs4unp\" width=\"600\" height=\"338\" frameborder=\"0\" marginwidth=\"0\" marginheight=\"0\" scrolling=\"no\"><\/iframe><\/p>\n<\/form>\n<form action=\"https:\/\/www.paypal.com\/cgi-bin\/webscr\" method=\"post\" target=\"_top\">\n<p style=\"text-align: center;\"><span style=\"font-family: 'book antiqua', palatino, serif;\"><input name=\"cmd\" type=\"hidden\" value=\"_s-xclick\" \/><\/span><\/p>\n<p style=\"text-align: center;\"><span style=\"font-family: 'book antiqua', palatino, serif;\"><input name=\"hosted_button_id\" type=\"hidden\" value=\"B9KUAAXX2KE3G\" \/><\/span><\/p>\n<blockquote class=\"wp-embedded-content\" data-secret=\"mtivPHwpGR\"><p><a href=\"https:\/\/oraziopuglisi.art\/index.php\/le-moyen-age-2\/\">Le Moyen Age<\/a><\/p><\/blockquote>\n<p><iframe loading=\"lazy\" class=\"wp-embedded-content\" sandbox=\"allow-scripts\" security=\"restricted\" style=\"position: absolute; visibility: hidden;\" title=\"\u00ab\u00a0Le Moyen Age\u00a0\u00bb &#8212; Orazio Puglisi\" src=\"https:\/\/oraziopuglisi.art\/index.php\/le-moyen-age-2\/embed\/#?secret=rUKkPaBxhe#?secret=mtivPHwpGR\" data-secret=\"mtivPHwpGR\" width=\"600\" height=\"338\" frameborder=\"0\" marginwidth=\"0\" marginheight=\"0\" scrolling=\"no\"><\/iframe><\/p>\n<blockquote class=\"wp-embedded-content\" data-secret=\"N92ukBZgkz\"><p><a href=\"https:\/\/oraziopuglisi.art\/index.php\/la-renaissance-2\/\">La Renaissance<\/a><\/p><\/blockquote>\n<p><iframe loading=\"lazy\" class=\"wp-embedded-content\" sandbox=\"allow-scripts\" security=\"restricted\" style=\"position: absolute; visibility: hidden;\" title=\"\u00ab\u00a0La Renaissance\u00a0\u00bb &#8212; Orazio Puglisi\" src=\"https:\/\/oraziopuglisi.art\/index.php\/la-renaissance-2\/embed\/#?secret=bL3FbMCeX5#?secret=N92ukBZgkz\" data-secret=\"N92ukBZgkz\" width=\"600\" height=\"338\" frameborder=\"0\" marginwidth=\"0\" marginheight=\"0\" scrolling=\"no\"><\/iframe><\/p>\n<blockquote class=\"wp-embedded-content\" data-secret=\"FzGz8XTzHX\"><p><a href=\"https:\/\/oraziopuglisi.art\/index.php\/lancien-regime\/\">L&rsquo;Ancien R\u00e9gime<\/a><\/p><\/blockquote>\n<p><iframe loading=\"lazy\" class=\"wp-embedded-content\" sandbox=\"allow-scripts\" security=\"restricted\" style=\"position: absolute; visibility: hidden;\" title=\"\u00ab\u00a0L&rsquo;Ancien R\u00e9gime\u00a0\u00bb &#8212; Orazio Puglisi\" src=\"https:\/\/oraziopuglisi.art\/index.php\/lancien-regime\/embed\/#?secret=gW33gofsfq#?secret=FzGz8XTzHX\" data-secret=\"FzGz8XTzHX\" width=\"600\" height=\"338\" frameborder=\"0\" marginwidth=\"0\" marginheight=\"0\" scrolling=\"no\"><\/iframe><\/p>\n<blockquote class=\"wp-embedded-content\" data-secret=\"gw0tT7T2VJ\"><p><a href=\"https:\/\/oraziopuglisi.art\/index.php\/le-premier-siecle\/\">Le premier Si\u00e8cle<\/a><\/p><\/blockquote>\n<p><iframe loading=\"lazy\" class=\"wp-embedded-content\" sandbox=\"allow-scripts\" security=\"restricted\" style=\"position: absolute; visibility: hidden;\" title=\"\u00ab\u00a0Le premier Si\u00e8cle\u00a0\u00bb &#8212; Orazio Puglisi\" src=\"https:\/\/oraziopuglisi.art\/index.php\/le-premier-siecle\/embed\/#?secret=qwt4qesB3K#?secret=gw0tT7T2VJ\" data-secret=\"gw0tT7T2VJ\" width=\"600\" height=\"338\" frameborder=\"0\" marginwidth=\"0\" marginheight=\"0\" scrolling=\"no\"><\/iframe><\/p>\n<blockquote class=\"wp-embedded-content\" data-secret=\"gpKOxKR3K4\"><p><a href=\"https:\/\/oraziopuglisi.art\/index.php\/le-iie-siecle\/\">Le II\u00e8 Si\u00e8cle<\/a><\/p><\/blockquote>\n<p><iframe loading=\"lazy\" class=\"wp-embedded-content\" sandbox=\"allow-scripts\" security=\"restricted\" style=\"position: absolute; visibility: hidden;\" title=\"\u00ab\u00a0Le II\u00e8 Si\u00e8cle\u00a0\u00bb &#8212; Orazio Puglisi\" src=\"https:\/\/oraziopuglisi.art\/index.php\/le-iie-siecle\/embed\/#?secret=lIhYPl5rkn#?secret=gpKOxKR3K4\" data-secret=\"gpKOxKR3K4\" width=\"600\" height=\"338\" frameborder=\"0\" marginwidth=\"0\" marginheight=\"0\" scrolling=\"no\"><\/iframe><\/p>\n<blockquote class=\"wp-embedded-content\" data-secret=\"fjU07z4uq5\"><p><a href=\"https:\/\/oraziopuglisi.art\/index.php\/le-iiie-siecle\/\">Le III\u00e8 Si\u00e8cle<\/a><\/p><\/blockquote>\n<p><iframe loading=\"lazy\" class=\"wp-embedded-content\" sandbox=\"allow-scripts\" security=\"restricted\" style=\"position: absolute; visibility: hidden;\" title=\"\u00ab\u00a0Le III\u00e8 Si\u00e8cle\u00a0\u00bb &#8212; Orazio Puglisi\" src=\"https:\/\/oraziopuglisi.art\/index.php\/le-iiie-siecle\/embed\/#?secret=NdlSIjVrqi#?secret=fjU07z4uq5\" data-secret=\"fjU07z4uq5\" width=\"600\" height=\"338\" frameborder=\"0\" marginwidth=\"0\" marginheight=\"0\" scrolling=\"no\"><\/iframe><\/p>\n<blockquote class=\"wp-embedded-content\" data-secret=\"kTI3XG5x2S\"><p><a href=\"https:\/\/oraziopuglisi.art\/index.php\/le-ive-siecle\/\">Le IV\u00e8 Si\u00e8cle<\/a><\/p><\/blockquote>\n<p><iframe loading=\"lazy\" class=\"wp-embedded-content\" sandbox=\"allow-scripts\" security=\"restricted\" style=\"position: absolute; visibility: hidden;\" title=\"\u00ab\u00a0Le IV\u00e8 Si\u00e8cle\u00a0\u00bb &#8212; Orazio Puglisi\" src=\"https:\/\/oraziopuglisi.art\/index.php\/le-ive-siecle\/embed\/#?secret=JTdWDYNwom#?secret=kTI3XG5x2S\" data-secret=\"kTI3XG5x2S\" width=\"600\" height=\"338\" frameborder=\"0\" marginwidth=\"0\" marginheight=\"0\" scrolling=\"no\"><\/iframe><\/p>\n<blockquote class=\"wp-embedded-content\" data-secret=\"mIxPaUE6pK\"><p><a href=\"https:\/\/oraziopuglisi.art\/index.php\/le-ve-siecle\/\">Le V\u00e8 Si\u00e8cle<\/a><\/p><\/blockquote>\n<p><iframe loading=\"lazy\" class=\"wp-embedded-content\" sandbox=\"allow-scripts\" security=\"restricted\" style=\"position: absolute; visibility: hidden;\" title=\"\u00ab\u00a0Le V\u00e8 Si\u00e8cle\u00a0\u00bb &#8212; Orazio Puglisi\" src=\"https:\/\/oraziopuglisi.art\/index.php\/le-ve-siecle\/embed\/#?secret=grrqXuRv0o#?secret=mIxPaUE6pK\" data-secret=\"mIxPaUE6pK\" width=\"600\" height=\"338\" frameborder=\"0\" marginwidth=\"0\" marginheight=\"0\" scrolling=\"no\"><\/iframe><\/p>\n<blockquote class=\"wp-embedded-content\" data-secret=\"mCGb9uMQ9I\"><p><a href=\"https:\/\/oraziopuglisi.art\/index.php\/le-vie-siecle\/\">Le VI\u00e8 Si\u00e8cle<\/a><\/p><\/blockquote>\n<p><iframe loading=\"lazy\" class=\"wp-embedded-content\" sandbox=\"allow-scripts\" security=\"restricted\" style=\"position: absolute; visibility: hidden;\" title=\"\u00ab\u00a0Le VI\u00e8 Si\u00e8cle\u00a0\u00bb &#8212; Orazio Puglisi\" src=\"https:\/\/oraziopuglisi.art\/index.php\/le-vie-siecle\/embed\/#?secret=EnST4Iz5Gq#?secret=mCGb9uMQ9I\" data-secret=\"mCGb9uMQ9I\" width=\"600\" height=\"338\" frameborder=\"0\" marginwidth=\"0\" marginheight=\"0\" scrolling=\"no\"><\/iframe><\/p>\n<blockquote class=\"wp-embedded-content\" data-secret=\"Xi3ijLcktg\"><p><a href=\"https:\/\/oraziopuglisi.art\/index.php\/le-viie-siecle\/\">Le VII\u00e8 Si\u00e8cle<\/a><\/p><\/blockquote>\n<p><iframe loading=\"lazy\" class=\"wp-embedded-content\" sandbox=\"allow-scripts\" security=\"restricted\" style=\"position: absolute; visibility: hidden;\" title=\"\u00ab\u00a0Le VII\u00e8 Si\u00e8cle\u00a0\u00bb &#8212; Orazio Puglisi\" src=\"https:\/\/oraziopuglisi.art\/index.php\/le-viie-siecle\/embed\/#?secret=4RpBmNOfz9#?secret=Xi3ijLcktg\" data-secret=\"Xi3ijLcktg\" width=\"600\" height=\"338\" frameborder=\"0\" marginwidth=\"0\" marginheight=\"0\" scrolling=\"no\"><\/iframe><\/p>\n<blockquote class=\"wp-embedded-content\" data-secret=\"5Ao123OBHf\"><p><a href=\"https:\/\/oraziopuglisi.art\/index.php\/le-viiie-siecle\/\">Le VIII\u00e8 Si\u00e8cle<\/a><\/p><\/blockquote>\n<p><iframe loading=\"lazy\" class=\"wp-embedded-content\" sandbox=\"allow-scripts\" security=\"restricted\" style=\"position: absolute; visibility: hidden;\" title=\"\u00ab\u00a0Le VIII\u00e8 Si\u00e8cle\u00a0\u00bb &#8212; Orazio Puglisi\" src=\"https:\/\/oraziopuglisi.art\/index.php\/le-viiie-siecle\/embed\/#?secret=Pxcot8gxVp#?secret=5Ao123OBHf\" data-secret=\"5Ao123OBHf\" width=\"600\" height=\"338\" frameborder=\"0\" marginwidth=\"0\" marginheight=\"0\" scrolling=\"no\"><\/iframe><\/p>\n<blockquote class=\"wp-embedded-content\" data-secret=\"qausNJDzZE\"><p><a href=\"https:\/\/oraziopuglisi.art\/index.php\/le-ixe-siecle\/\">Le IX\u00e8 Si\u00e8cle<\/a><\/p><\/blockquote>\n<p><iframe loading=\"lazy\" class=\"wp-embedded-content\" sandbox=\"allow-scripts\" security=\"restricted\" style=\"position: absolute; visibility: hidden;\" title=\"\u00ab\u00a0Le IX\u00e8 Si\u00e8cle\u00a0\u00bb &#8212; Orazio Puglisi\" src=\"https:\/\/oraziopuglisi.art\/index.php\/le-ixe-siecle\/embed\/#?secret=vL43lIGMEh#?secret=qausNJDzZE\" data-secret=\"qausNJDzZE\" width=\"600\" height=\"338\" frameborder=\"0\" marginwidth=\"0\" marginheight=\"0\" scrolling=\"no\"><\/iframe><\/p>\n<blockquote class=\"wp-embedded-content\" data-secret=\"n3c8xTeEkl\"><p><a href=\"https:\/\/oraziopuglisi.art\/index.php\/le-xe-siecle\/\">Le X\u00e8 Si\u00e8cle<\/a><\/p><\/blockquote>\n<p><iframe loading=\"lazy\" class=\"wp-embedded-content\" sandbox=\"allow-scripts\" security=\"restricted\" style=\"position: absolute; visibility: hidden;\" title=\"\u00ab\u00a0Le X\u00e8 Si\u00e8cle\u00a0\u00bb &#8212; Orazio Puglisi\" src=\"https:\/\/oraziopuglisi.art\/index.php\/le-xe-siecle\/embed\/#?secret=9piBI5FaoD#?secret=n3c8xTeEkl\" data-secret=\"n3c8xTeEkl\" width=\"600\" height=\"338\" frameborder=\"0\" marginwidth=\"0\" marginheight=\"0\" scrolling=\"no\"><\/iframe><\/p>\n<blockquote class=\"wp-embedded-content\" data-secret=\"tNNgwuGE9W\"><p><a href=\"https:\/\/oraziopuglisi.art\/index.php\/le-xie-siecle\/\">Le XI\u00e8 Si\u00e8cle<\/a><\/p><\/blockquote>\n<p><iframe loading=\"lazy\" class=\"wp-embedded-content\" sandbox=\"allow-scripts\" security=\"restricted\" style=\"position: absolute; visibility: hidden;\" title=\"\u00ab\u00a0Le XI\u00e8 Si\u00e8cle\u00a0\u00bb &#8212; Orazio Puglisi\" src=\"https:\/\/oraziopuglisi.art\/index.php\/le-xie-siecle\/embed\/#?secret=xE5h5na7QD#?secret=tNNgwuGE9W\" data-secret=\"tNNgwuGE9W\" width=\"600\" height=\"338\" frameborder=\"0\" marginwidth=\"0\" marginheight=\"0\" scrolling=\"no\"><\/iframe><\/p>\n<blockquote class=\"wp-embedded-content\" data-secret=\"RmFWXj90c9\"><p><a href=\"https:\/\/oraziopuglisi.art\/index.php\/le-xiie-siecle\/\">Le XII\u00e8 Si\u00e8cle<\/a><\/p><\/blockquote>\n<p><iframe loading=\"lazy\" class=\"wp-embedded-content\" sandbox=\"allow-scripts\" security=\"restricted\" style=\"position: absolute; visibility: hidden;\" title=\"\u00ab\u00a0Le XII\u00e8 Si\u00e8cle\u00a0\u00bb &#8212; Orazio Puglisi\" src=\"https:\/\/oraziopuglisi.art\/index.php\/le-xiie-siecle\/embed\/#?secret=K1X1l1Lomw#?secret=RmFWXj90c9\" data-secret=\"RmFWXj90c9\" width=\"600\" height=\"338\" frameborder=\"0\" marginwidth=\"0\" marginheight=\"0\" scrolling=\"no\"><\/iframe><\/p>\n<blockquote class=\"wp-embedded-content\" data-secret=\"Xu7EIjckum\"><p><a href=\"https:\/\/oraziopuglisi.art\/index.php\/le-xiiie-siecle\/\">Le XIII\u00e8 Si\u00e8cle<\/a><\/p><\/blockquote>\n<p><iframe loading=\"lazy\" class=\"wp-embedded-content\" sandbox=\"allow-scripts\" security=\"restricted\" style=\"position: absolute; visibility: hidden;\" title=\"\u00ab\u00a0Le XIII\u00e8 Si\u00e8cle\u00a0\u00bb &#8212; Orazio Puglisi\" src=\"https:\/\/oraziopuglisi.art\/index.php\/le-xiiie-siecle\/embed\/#?secret=Y6RMY4iors#?secret=Xu7EIjckum\" data-secret=\"Xu7EIjckum\" width=\"600\" height=\"338\" frameborder=\"0\" marginwidth=\"0\" marginheight=\"0\" scrolling=\"no\"><\/iframe><\/p>\n<blockquote class=\"wp-embedded-content\" data-secret=\"OabQtUbIMf\"><p><a href=\"https:\/\/oraziopuglisi.art\/index.php\/le-xive-siecle\/\">Le XIV\u00e8 Si\u00e8cle<\/a><\/p><\/blockquote>\n<p><iframe loading=\"lazy\" class=\"wp-embedded-content\" sandbox=\"allow-scripts\" security=\"restricted\" style=\"position: absolute; visibility: hidden;\" title=\"\u00ab\u00a0Le XIV\u00e8 Si\u00e8cle\u00a0\u00bb &#8212; Orazio Puglisi\" src=\"https:\/\/oraziopuglisi.art\/index.php\/le-xive-siecle\/embed\/#?secret=yqe6aUIj3h#?secret=OabQtUbIMf\" data-secret=\"OabQtUbIMf\" width=\"600\" height=\"338\" frameborder=\"0\" marginwidth=\"0\" marginheight=\"0\" scrolling=\"no\"><\/iframe><\/p>\n<blockquote class=\"wp-embedded-content\" data-secret=\"AQRjEQzK7o\"><p><a href=\"https:\/\/oraziopuglisi.art\/index.php\/le-xve-siecle-2\/\">Le XV\u00e8 Si\u00e8cle<\/a><\/p><\/blockquote>\n<p><iframe loading=\"lazy\" class=\"wp-embedded-content\" sandbox=\"allow-scripts\" security=\"restricted\" style=\"position: absolute; visibility: hidden;\" title=\"\u00ab\u00a0Le XV\u00e8 Si\u00e8cle\u00a0\u00bb &#8212; Orazio Puglisi\" src=\"https:\/\/oraziopuglisi.art\/index.php\/le-xve-siecle-2\/embed\/#?secret=VmXHtETdlZ#?secret=AQRjEQzK7o\" data-secret=\"AQRjEQzK7o\" width=\"600\" height=\"338\" frameborder=\"0\" marginwidth=\"0\" marginheight=\"0\" scrolling=\"no\"><\/iframe><\/p>\n<blockquote class=\"wp-embedded-content\" data-secret=\"ydYn0NggNL\"><p><a href=\"https:\/\/oraziopuglisi.art\/index.php\/le-xvie-siecle-3\/\">Le XVI\u00e8 Si\u00e8cle<\/a><\/p><\/blockquote>\n<p><iframe loading=\"lazy\" class=\"wp-embedded-content\" sandbox=\"allow-scripts\" security=\"restricted\" style=\"position: absolute; visibility: hidden;\" title=\"\u00ab\u00a0Le XVI\u00e8 Si\u00e8cle\u00a0\u00bb &#8212; Orazio Puglisi\" src=\"https:\/\/oraziopuglisi.art\/index.php\/le-xvie-siecle-3\/embed\/#?secret=08XVtoCYVg#?secret=ydYn0NggNL\" data-secret=\"ydYn0NggNL\" width=\"600\" height=\"338\" frameborder=\"0\" marginwidth=\"0\" marginheight=\"0\" scrolling=\"no\"><\/iframe><\/p>\n<blockquote class=\"wp-embedded-content\" data-secret=\"hzbS6n5AHv\"><p><a href=\"https:\/\/oraziopuglisi.art\/index.php\/le-xviie-siecle-6\/\">Le XVII\u00e8 Si\u00e8cle<\/a><\/p><\/blockquote>\n<p><iframe loading=\"lazy\" class=\"wp-embedded-content\" sandbox=\"allow-scripts\" security=\"restricted\" style=\"position: absolute; visibility: hidden;\" title=\"\u00ab\u00a0Le XVII\u00e8 Si\u00e8cle\u00a0\u00bb &#8212; Orazio Puglisi\" src=\"https:\/\/oraziopuglisi.art\/index.php\/le-xviie-siecle-6\/embed\/#?secret=pldpA50x21#?secret=hzbS6n5AHv\" data-secret=\"hzbS6n5AHv\" width=\"600\" height=\"338\" frameborder=\"0\" marginwidth=\"0\" marginheight=\"0\" scrolling=\"no\"><\/iframe><\/p>\n<p>&nbsp;<\/p>\n<blockquote class=\"wp-embedded-content\" data-secret=\"eaEuFFHioj\"><p><a href=\"https:\/\/oraziopuglisi.art\/index.php\/le-xviiie-siecle-4\/\">Le XVIII\u00e8 Si\u00e8cle<\/a><\/p><\/blockquote>\n<p><iframe loading=\"lazy\" class=\"wp-embedded-content\" sandbox=\"allow-scripts\" security=\"restricted\" style=\"position: absolute; visibility: hidden;\" title=\"\u00ab\u00a0Le XVIII\u00e8 Si\u00e8cle\u00a0\u00bb &#8212; Orazio Puglisi\" src=\"https:\/\/oraziopuglisi.art\/index.php\/le-xviiie-siecle-4\/embed\/#?secret=Wr2gSNkEkt#?secret=eaEuFFHioj\" data-secret=\"eaEuFFHioj\" width=\"600\" height=\"338\" frameborder=\"0\" marginwidth=\"0\" marginheight=\"0\" scrolling=\"no\"><\/iframe><\/p>\n<p>&nbsp;<\/p>\n<blockquote class=\"wp-embedded-content\" data-secret=\"MMsDTK1U6a\"><p><a href=\"https:\/\/oraziopuglisi.art\/index.php\/le-xixe-siecle\/\">Le XIX\u00e8 Si\u00e8cle<\/a><\/p><\/blockquote>\n<p><iframe loading=\"lazy\" class=\"wp-embedded-content\" sandbox=\"allow-scripts\" security=\"restricted\" style=\"position: absolute; visibility: hidden;\" title=\"\u00ab\u00a0Le XIX\u00e8 Si\u00e8cle\u00a0\u00bb &#8212; Orazio Puglisi\" src=\"https:\/\/oraziopuglisi.art\/index.php\/le-xixe-siecle\/embed\/#?secret=mCqSMrKPAF#?secret=MMsDTK1U6a\" data-secret=\"MMsDTK1U6a\" width=\"600\" height=\"338\" frameborder=\"0\" marginwidth=\"0\" marginheight=\"0\" scrolling=\"no\"><\/iframe><\/p>\n<blockquote class=\"wp-embedded-content\" data-secret=\"DxJcAl7ZZC\"><p><a href=\"https:\/\/oraziopuglisi.art\/index.php\/le-xxe-siecle\/\">Le XX\u00e8 Si\u00e8cle<\/a><\/p><\/blockquote>\n<p><iframe loading=\"lazy\" class=\"wp-embedded-content\" sandbox=\"allow-scripts\" security=\"restricted\" style=\"position: absolute; visibility: hidden;\" title=\"\u00ab\u00a0Le XX\u00e8 Si\u00e8cle\u00a0\u00bb &#8212; Orazio Puglisi\" src=\"https:\/\/oraziopuglisi.art\/index.php\/le-xxe-siecle\/embed\/#?secret=me52SaQyuU#?secret=DxJcAl7ZZC\" data-secret=\"DxJcAl7ZZC\" width=\"600\" height=\"338\" frameborder=\"0\" marginwidth=\"0\" marginheight=\"0\" scrolling=\"no\"><\/iframe><\/p>\n<blockquote class=\"wp-embedded-content\" data-secret=\"akrThXXigT\"><p><a href=\"https:\/\/oraziopuglisi.art\/index.php\/le-xxi-e-siecle\/\">Le XXI \u00e8 Si\u00e8cle<\/a><\/p><\/blockquote>\n<p><iframe loading=\"lazy\" class=\"wp-embedded-content\" sandbox=\"allow-scripts\" security=\"restricted\" style=\"position: absolute; visibility: hidden;\" title=\"\u00ab\u00a0Le XXI \u00e8 Si\u00e8cle\u00a0\u00bb &#8212; Orazio Puglisi\" src=\"https:\/\/oraziopuglisi.art\/index.php\/le-xxi-e-siecle\/embed\/#?secret=8ZjzZ3ssZ7#?secret=akrThXXigT\" data-secret=\"akrThXXigT\" width=\"600\" height=\"338\" frameborder=\"0\" marginwidth=\"0\" marginheight=\"0\" scrolling=\"no\"><\/iframe><\/p>\n<blockquote class=\"wp-embedded-content\" data-secret=\"XFtNep2N0V\"><p><a href=\"https:\/\/oraziopuglisi.art\/index.php\/les-rois-de-france\/\">Les Rois de France<\/a><\/p><\/blockquote>\n<p><iframe loading=\"lazy\" class=\"wp-embedded-content\" sandbox=\"allow-scripts\" security=\"restricted\" style=\"position: absolute; visibility: hidden;\" title=\"\u00ab\u00a0Les Rois de France\u00a0\u00bb &#8212; Orazio Puglisi\" src=\"https:\/\/oraziopuglisi.art\/index.php\/les-rois-de-france\/embed\/#?secret=B7EXkaDPG6#?secret=XFtNep2N0V\" data-secret=\"XFtNep2N0V\" width=\"600\" height=\"338\" frameborder=\"0\" marginwidth=\"0\" marginheight=\"0\" scrolling=\"no\"><\/iframe><\/p>\n<blockquote class=\"wp-embedded-content\" data-secret=\"Go44pef22C\"><p><a href=\"https:\/\/oraziopuglisi.art\/index.php\/histoire-de-liran\/\">Histoire de l&rsquo;Iran<\/a><\/p><\/blockquote>\n<p><iframe loading=\"lazy\" class=\"wp-embedded-content\" sandbox=\"allow-scripts\" security=\"restricted\" style=\"position: absolute; visibility: hidden;\" title=\"\u00ab\u00a0Histoire de l&rsquo;Iran\u00a0\u00bb &#8212; Orazio Puglisi\" src=\"https:\/\/oraziopuglisi.art\/index.php\/histoire-de-liran\/embed\/#?secret=XGEY4SGrgA#?secret=Go44pef22C\" data-secret=\"Go44pef22C\" width=\"600\" height=\"338\" frameborder=\"0\" marginwidth=\"0\" marginheight=\"0\" scrolling=\"no\"><\/iframe><\/p>\n<\/form>\n","protected":false},"excerpt":{"rendered":"<p>Faire un don par Qr Code Achetez mes livres &nbsp; &nbsp; Virement bancaire IBAN FR81 2004 1010 0820 6402 0P02 955 BIC PSSTFRPPMAR Orazio Puglisi 06 14 35 15 52 oraziopuglisi@gmail.com puglisiorazio@wanadoo.fr &nbsp; La Pr\u00e9histoire L&rsquo;Antiquit\u00e9 Le Moyen Age La Renaissance L&rsquo;Ancien R\u00e9gime Le premier Si\u00e8cle Le II\u00e8 Si\u00e8cle Le III\u00e8 Si\u00e8cle Le IV\u00e8 Si\u00e8cle [&hellip;]<\/p>\n","protected":false},"author":1,"featured_media":11971,"parent":0,"menu_order":0,"comment_status":"closed","ping_status":"closed","template":"","meta":{"footnotes":""},"class_list":["post-11859","page","type-page","status-publish","has-post-thumbnail","hentry"],"_links":{"self":[{"href":"https:\/\/oraziopuglisi.art\/index.php\/wp-json\/wp\/v2\/pages\/11859","targetHints":{"allow":["GET"]}}],"collection":[{"href":"https:\/\/oraziopuglisi.art\/index.php\/wp-json\/wp\/v2\/pages"}],"about":[{"href":"https:\/\/oraziopuglisi.art\/index.php\/wp-json\/wp\/v2\/types\/page"}],"author":[{"embeddable":true,"href":"https:\/\/oraziopuglisi.art\/index.php\/wp-json\/wp\/v2\/users\/1"}],"replies":[{"embeddable":true,"href":"https:\/\/oraziopuglisi.art\/index.php\/wp-json\/wp\/v2\/comments?post=11859"}],"version-history":[{"count":17,"href":"https:\/\/oraziopuglisi.art\/index.php\/wp-json\/wp\/v2\/pages\/11859\/revisions"}],"predecessor-version":[{"id":22049,"href":"https:\/\/oraziopuglisi.art\/index.php\/wp-json\/wp\/v2\/pages\/11859\/revisions\/22049"}],"wp:featuredmedia":[{"embeddable":true,"href":"https:\/\/oraziopuglisi.art\/index.php\/wp-json\/wp\/v2\/media\/11971"}],"wp:attachment":[{"href":"https:\/\/oraziopuglisi.art\/index.php\/wp-json\/wp\/v2\/media?parent=11859"}],"curies":[{"name":"wp","href":"https:\/\/api.w.org\/{rel}","templated":true}]}}