{"id":11815,"date":"2024-08-29T09:20:31","date_gmt":"2024-08-29T07:20:31","guid":{"rendered":"https:\/\/oraziopuglisi.art\/?page_id=11815"},"modified":"2024-08-29T10:01:36","modified_gmt":"2024-08-29T08:01:36","slug":"alexandre-bida","status":"publish","type":"page","link":"https:\/\/oraziopuglisi.art\/index.php\/alexandre-bida\/","title":{"rendered":"Alexandre Bida"},"content":{"rendered":"<p style=\"text-align: justify;\"><strong>Image mise en avant :<\/strong> Portrait photographique de Bida par\u00a0<a title=\"\u00c9tienne Carjat\" href=\"https:\/\/fr.wikipedia.org\/wiki\/%C3%89tienne_Carjat\">\u00c9tienne Carjat<\/a>.<\/p>\n<p style=\"text-align: center;\"><a href=\"https:\/\/fr.wikipedia.org\/wiki\/Alexandre_Bida\">Alexandre Bida<\/a><\/p>\n<p style=\"text-align: justify;\"><b>Alexandre Bida<\/b>, n\u00e9 \u00e0\u00a0<a title=\"Toulouse\" href=\"https:\/\/fr.wikipedia.org\/wiki\/Toulouse\">Toulouse<\/a>\u00a0(<a title=\"Haute-Garonne\" href=\"https:\/\/fr.wikipedia.org\/wiki\/Haute-Garonne\">Haute-Garonne<\/a>) le\u00a0<time class=\"nowrap bday\" datetime=\"1813-10-03\" data-sort-value=\"1813-10-03\">3 octobre 1813<\/time>\u00a0et mort \u00e0\u00a0<a title=\"Lautenbach\" href=\"https:\/\/fr.wikipedia.org\/wiki\/Lautenbach\">Lautenbach<\/a>\u00a0(<a title=\"Haut-Rhin\" href=\"https:\/\/fr.wikipedia.org\/wiki\/Haut-Rhin\">Haut-Rhin<\/a>) le\u00a0<time class=\"nowrap dday\" datetime=\"1895-01-02\" data-sort-value=\"1895-01-02\">2 janvier 1895<\/time>, est un\u00a0<a title=\"Artiste peintre\" href=\"https:\/\/fr.wikipedia.org\/wiki\/Artiste_peintre\">peintre<\/a>\u00a0et un\u00a0<a class=\"mw-redirect\" title=\"Graveur\" href=\"https:\/\/fr.wikipedia.org\/wiki\/Graveur\">graveur<\/a>\u00a0<a title=\"France\" href=\"https:\/\/fr.wikipedia.org\/wiki\/France\">fran\u00e7ais<\/a>.<\/p>\n<p>&nbsp;<\/p>\n<p><img loading=\"lazy\" decoding=\"async\" class=\"alignnone size-medium wp-image-11835\" src=\"http:\/\/oraziopuglisi.art\/wp-content\/uploads\/2024\/08\/390px-Alexandre_Bida_par_Etienne_Carjat-193x300.png\" alt=\"\" width=\"193\" height=\"300\" srcset=\"https:\/\/oraziopuglisi.art\/wp-content\/uploads\/2024\/08\/390px-Alexandre_Bida_par_Etienne_Carjat-193x300.png 193w, https:\/\/oraziopuglisi.art\/wp-content\/uploads\/2024\/08\/390px-Alexandre_Bida_par_Etienne_Carjat.png 390w\" sizes=\"auto, (max-width: 193px) 100vw, 193px\" \/><\/p>\n<div class=\"mw-heading mw-heading2\" style=\"text-align: justify;\">\n<h2 id=\"Biographie\">Biographie<\/h2>\n<\/div>\n<p style=\"text-align: justify;\">Peintre\u00a0<a title=\"Orientalisme\" href=\"https:\/\/fr.wikipedia.org\/wiki\/Orientalisme\">orientaliste<\/a>, Alexandre Bida est l&rsquo;\u00e9l\u00e8ve d&rsquo;<a title=\"Eug\u00e8ne Delacroix\" href=\"https:\/\/fr.wikipedia.org\/wiki\/Eug%C3%A8ne_Delacroix\">Eug\u00e8ne Delacroix<\/a>\u00a0et le professeur de\u00a0<a title=\"Jean-Paul Laurens\" href=\"https:\/\/fr.wikipedia.org\/wiki\/Jean-Paul_Laurens\">Jean-Paul Laurens<\/a>. Il illustre une\u00a0<i>Aquitaine et Languedoc, ou, Histoire pittoresque de la Gaule m\u00e9ridionale<\/i>\u00a0de\u00a0<a title=\"Justin C\u00e9nac-Moncaut\" href=\"https:\/\/fr.wikipedia.org\/wiki\/Justin_C%C3%A9nac-Moncaut\">Justin C\u00e9nac-Moncaut<\/a>.<\/p>\n<p style=\"text-align: justify;\">Il expose aux expositions universelles de 1855 et 1867, en 1867 il pr\u00e9sente le dessin\u00a0<i>Le Massacre des mameluks<\/i>, \u00e9vocation du massacre du\u00a0<time class=\"nowrap\" datetime=\"1811-03-01\" data-sort-value=\"1811-03-01\"><abbr class=\"abbr\" title=\"premier\">1<sup>er<\/sup><\/abbr>\u00a0mars 1811<\/time>\u00a0au Caire, qui se trouve actuellement au\u00a0<a title=\"Mus\u00e9e du Louvre\" href=\"https:\/\/fr.wikipedia.org\/wiki\/Mus%C3%A9e_du_Louvre\">mus\u00e9e du Louvre<\/a>, d\u00e9partement des Arts graphiques<sup id=\"cite_ref-2\" class=\"reference\"><a href=\"https:\/\/fr.wikipedia.org\/wiki\/Alexandre_Bida#cite_note-2\">2<\/a><\/sup><sup class=\"reference cite_virgule\">,<\/sup><sup id=\"cite_ref-3\" class=\"reference\"><a href=\"https:\/\/fr.wikipedia.org\/wiki\/Alexandre_Bida#cite_note-3\">3<\/a><\/sup>.<\/p>\n<p style=\"text-align: justify;\">Il est fait\u00a0<a title=\"Ordre national de la L\u00e9gion d'honneur\" href=\"https:\/\/fr.wikipedia.org\/wiki\/Ordre_national_de_la_L%C3%A9gion_d%27honneur\">officier de la L\u00e9gion d&rsquo;honneur<\/a>\u00a0en 1870<sup id=\"cite_ref-4\" class=\"reference\"><a href=\"https:\/\/fr.wikipedia.org\/wiki\/Alexandre_Bida#cite_note-4\">4<\/a><\/sup>.<\/p>\n<div class=\"mw-heading mw-heading2\" style=\"text-align: justify;\">\n<h2 id=\"Collections_publiques\">Collections publiques<\/h2>\n<\/div>\n<ul style=\"text-align: justify;\">\n<li><a title=\"Paris\" href=\"https:\/\/fr.wikipedia.org\/wiki\/Paris\">Paris<\/a>, \u00c9cole nationale sup\u00e9rieure des beaux-arts<\/li>\n<li>Paris, d\u00e9partement des arts graphiques du\u00a0<a title=\"Mus\u00e9e du Louvre\" href=\"https:\/\/fr.wikipedia.org\/wiki\/Mus%C3%A9e_du_Louvre\">mus\u00e9e du Louvre<\/a><\/li>\n<li><i>Femme assise fumant l&rsquo;opium<\/i>, dessin au crayon,\u00a0<a class=\"mw-redirect\" title=\"Mus\u00e9e des beaux-arts de Bordeaux\" href=\"https:\/\/fr.wikipedia.org\/wiki\/Mus%C3%A9e_des_beaux-arts_de_Bordeaux\">mus\u00e9e des beaux-arts de Bordeaux<\/a><sup id=\"cite_ref-5\" class=\"reference\"><a title=\"\" href=\"https:\/\/fr.wikipedia.org\/wiki\/Alexandre_Bida#cite_note-5\">5<\/a><\/sup><\/li>\n<\/ul>\n<div class=\"mw-heading mw-heading2\" style=\"text-align: justify;\">\n<h2 id=\"Illustrations\">Illustrations<\/h2>\n<\/div>\n<ul style=\"text-align: justify;\">\n<li><a title=\"Justin C\u00e9nac-Moncaut\" href=\"https:\/\/fr.wikipedia.org\/wiki\/Justin_C%C3%A9nac-Moncaut\">Justin C\u00e9nac-Moncaut<\/a>,\u00a0<i>Aquitaine et Languedoc, ou, Histoire pittoresque de la Gaule m\u00e9ridionale<\/i>, Paris, Librairie universelle, 1848<sup id=\"cite_ref-6\" class=\"reference\"><a href=\"https:\/\/fr.wikipedia.org\/wiki\/Alexandre_Bida#cite_note-6\">6<\/a><\/sup><\/li>\n<li><span id=\"Bida-Paris\" class=\"ouvrage\">Alexandre\u00a0<span class=\"nom_auteur\">Bida<\/span>\u00a0(Traducteur et Illustrateur) (<abbr class=\"abbr\" title=\"pr\u00e9face\">pr\u00e9f.<\/abbr>\u00a0<a title=\"Gaston Paris\" href=\"https:\/\/fr.wikipedia.org\/wiki\/Gaston_Paris\">Gaston Paris<\/a>),\u00a0<cite class=\"italique\">Aucassin et Nicolette\u00a0: chante-fable du douzi\u00e8me si\u00e8cle<\/cite>, Paris, Hachette et Cie,\u00a0<time>1878<\/time>, In-8\u00b0. XXXI-140 p. et 11 pl.\u00a0<small>(<a title=\"Biblioth\u00e8que nationale de France\" href=\"https:\/\/fr.wikipedia.org\/wiki\/Biblioth%C3%A8que_nationale_de_France\">BNF<\/a>\u00a0<span class=\"plainlinks noarchive nowrap\"><a class=\"external text\" href=\"https:\/\/catalogue.bnf.fr\/ark:\/12148\/cb33250975j.public\" rel=\"nofollow\">33250975<\/a><\/span>)<\/small><\/span><br \/>\n<a class=\"external text\" href=\"https:\/\/archive.org\/details\/aucassinetnicol00parigoog\" rel=\"nofollow\"><i>Aucassin et Nicolette chante-fable du douzi\u00e8me si\u00e8cle<\/i><\/a><small class=\"cachelinks\">\u00a0[<a title=\"archive sur Wikiwix\" href=\"https:\/\/archive.wikiwix.com\/cache\/?url=https%3A%2F%2Farchive.org%2Fdetails%2Faucassinetnicol00parigoog\">archive<\/a>]<\/small>\u00a0sur\u00a0<i><a title=\"Internet Archive\" href=\"https:\/\/fr.wikipedia.org\/wiki\/Internet_Archive\">Internet Archive<\/a><\/i><\/li>\n<\/ul>\n<div class=\"mw-heading mw-heading2\" style=\"text-align: justify;\">\n<h2 id=\"Expositions\">Expositions<\/h2>\n<\/div>\n<ul style=\"text-align: justify;\">\n<li><a title=\"Exposition universelle de 1855\" href=\"https:\/\/fr.wikipedia.org\/wiki\/Exposition_universelle_de_1855\">Exposition universelle de 1855<\/a><\/li>\n<li><a title=\"Exposition universelle de 1867\" href=\"https:\/\/fr.wikipedia.org\/wiki\/Exposition_universelle_de_1867\">Exposition universelle de 1867<\/a><\/li>\n<li>\u00ab\u00a0Exotiques expositions\u00a0\u00bb, Les expositions universelles et les cultures extra-europ\u00e9ennes. France, 1855-1937 &#8211; Livret de l&rsquo;exposition pr\u00e9sent\u00e9e par les Archives nationales du\u00a0<time class=\"nowrap\" datetime=\"03-31\" data-sort-value=\"03-31\">31 mars<\/time>\u00a0au\u00a0<time class=\"nowrap\" datetime=\"2010-06-28\" data-sort-value=\"2010-06-28\">28 juin 2010<\/time>, Paris,\u00a0<a title=\"H\u00f4tel de Soubise\" href=\"https:\/\/fr.wikipedia.org\/wiki\/H%C3%B4tel_de_Soubise\">h\u00f4tel de Soubise<\/a><\/li>\n<\/ul>\n<div class=\"mw-heading mw-heading2\" style=\"text-align: justify;\">\n<h2 id=\"Hommages\">Hommages<\/h2>\n<\/div>\n<p style=\"text-align: justify;\"><a title=\"Rue Alexandre-Bida\" href=\"https:\/\/fr.wikipedia.org\/wiki\/Rue_Alexandre-Bida\">Une rue de Toulouse<\/a>\u00a0est nomm\u00e9e en son honneur en 1896, peu de temps apr\u00e8s sa mort<sup id=\"cite_ref-7\" class=\"reference\"><a href=\"https:\/\/fr.wikipedia.org\/wiki\/Alexandre_Bida#cite_note-7\">7<\/a><\/sup>.<\/p>\n<div class=\"mw-heading mw-heading2\" style=\"text-align: justify;\">\n<h2 id=\"Distinction\">Distinction<\/h2>\n<\/div>\n<ul style=\"text-align: justify;\">\n<li><a class=\"mw-file-description\" title=\"Officier Ordre de Leopold\" href=\"https:\/\/commons.wikimedia.org\/wiki\/File:Officer_Ordre_de_Leopold.png?uselang=fr\"><img loading=\"lazy\" decoding=\"async\" class=\"mw-file-element\" src=\"https:\/\/upload.wikimedia.org\/wikipedia\/commons\/thumb\/6\/60\/Officer_Ordre_de_Leopold.png\/60px-Officer_Ordre_de_Leopold.png\" srcset=\"\/\/upload.wikimedia.org\/wikipedia\/commons\/thumb\/6\/60\/Officer_Ordre_de_Leopold.png\/90px-Officer_Ordre_de_Leopold.png 1.5x, \/\/upload.wikimedia.org\/wikipedia\/commons\/thumb\/6\/60\/Officer_Ordre_de_Leopold.png\/120px-Officer_Ordre_de_Leopold.png 2x\" alt=\"Officier Ordre de Leopold\" width=\"60\" height=\"17\" data-file-width=\"218\" data-file-height=\"60\" \/><\/a>\u00a0Officier de l&rsquo;<a title=\"Ordre de L\u00e9opold\" href=\"https:\/\/fr.wikipedia.org\/wiki\/Ordre_de_L%C3%A9opold\">ordre de L\u00e9opold<\/a>\u00a0(Belgique,\u00a0<time class=\"nowrap\" datetime=\"1875-11-18\" data-sort-value=\"1875-11-18\">18 novembre 1875<\/time>)<sup id=\"cite_ref-8\" class=\"reference\"><a href=\"https:\/\/fr.wikipedia.org\/wiki\/Alexandre_Bida#cite_note-8\">8<\/a><\/sup>.<\/li>\n<\/ul>\n<div class=\"mw-heading mw-heading2\" style=\"text-align: justify;\">\n<h2 id=\"Notes_et_r\u00e9f\u00e9rences\"><span id=\"Notes_et_r.C3.A9f.C3.A9rences\"><\/span>Notes et r\u00e9f\u00e9rences<\/h2>\n<\/div>\n<div class=\"references-small decimal\" style=\"text-align: justify;\">\n<div class=\"mw-references-wrap\">\n<ol class=\"references\">\n<li id=\"cite_note-1\"><span class=\"mw-cite-backlink noprint\"><a title=\"Revenir plus haut\" href=\"https:\/\/fr.wikipedia.org\/wiki\/Alexandre_Bida#cite_ref-1\" aria-label=\"Revenir plus haut\">\u2191<\/a>\u00a0<\/span><span class=\"reference-text\"><a class=\"external text\" href=\"http:\/\/www.culture.gouv.fr\/public\/mistral\/joconde_fr?ACTION=RETROUVER&amp;FIELD_98=TOUT&amp;VALUE_98=Alexandre%20Bida&amp;NUMBER=14&amp;GRP=0&amp;REQ=%28%28Alexandre%20Bida%29%20%3aTOUT%20%29&amp;USRNAME=nobody&amp;USRPWD=4%24%2534P&amp;SPEC=5&amp;SYN=1&amp;IMLY=&amp;MAX1=1&amp;MAX2=1&amp;MAX3=100&amp;DOM=All\" rel=\"nofollow\">\u0152uvre conserv\u00e9e \u00e0 Rueil-Malmaison, au mus\u00e9e national des ch\u00e2teaux de Malmaison et de Bois-Pr\u00e9au. Notice sur la base Joconde<\/a><small class=\"cachelinks\">\u00a0[<a title=\"archive sur Wikiwix\" href=\"https:\/\/archive.wikiwix.com\/cache\/?url=http%3A%2F%2Fwww.culture.gouv.fr%2Fpublic%2Fmistral%2Fjoconde_fr%3FACTION%3DRETROUVER%26FIELD_98%3DTOUT%26VALUE_98%3DAlexandre%2520Bida%26NUMBER%3D14%26GRP%3D0%26REQ%3D%2528%2528Alexandre%2520Bida%2529%2520%253aTOUT%2520%2529%26USRNAME%3Dnobody%26USRPWD%3D4%2524%252534P%26SPEC%3D5%26SYN%3D1%26IMLY%3D%26MAX1%3D1%26MAX2%3D1%26MAX3%3D100%26DOM%3DAll\">archive<\/a>]<\/small><\/span><\/li>\n<li id=\"cite_note-2\"><span class=\"mw-cite-backlink noprint\"><a title=\"Revenir plus haut\" href=\"https:\/\/fr.wikipedia.org\/wiki\/Alexandre_Bida#cite_ref-2\" aria-label=\"Revenir plus haut\">\u2191<\/a>\u00a0<\/span><span class=\"reference-text\"><i>Exotiques expositions<\/i>, Les expositions universelles et les cultures extra-europ\u00e9ennes. France, 1855-1937 &#8211; Livret de l&rsquo;exposition pr\u00e9sent\u00e9e par les Archives nationales du 31 mars au 28 juin 2010, en l&rsquo;h\u00f4tel Soubise &#8211; (<abbr class=\"abbr\" title=\"page(s)\">p.<\/abbr>\u00a035)<\/span><\/li>\n<li id=\"cite_note-3\"><span class=\"mw-cite-backlink noprint\"><a title=\"Revenir plus haut\" href=\"https:\/\/fr.wikipedia.org\/wiki\/Alexandre_Bida#cite_ref-3\" aria-label=\"Revenir plus haut\">\u2191<\/a>\u00a0<\/span><span class=\"reference-text\"><span class=\"ouvrage\"><a class=\"external text\" href=\"https:\/\/www.pop.culture.gouv.fr\/notice\/joconde\/50350111677\" rel=\"nofollow\">Notice\u00a0<abbr class=\"abbr\" title=\"num\u00e9ro\">n<sup>o<\/sup><\/abbr>\u00a050350111677<\/a><small class=\"cachelinks\">\u00a0[<a title=\"archive sur Wikiwix\" href=\"https:\/\/archive.wikiwix.com\/cache\/?url=https%3A%2F%2Fwww.pop.culture.gouv.fr%2Fnotice%2Fjoconde%2F50350111677\">archive<\/a>]<\/small>, sur la plateforme ouverte du patrimoine,\u00a0<a title=\"Joconde (catalogue)\" href=\"https:\/\/fr.wikipedia.org\/wiki\/Joconde_(catalogue)\">base Joconde<\/a>,\u00a0<a title=\"Minist\u00e8re de la Culture (France)\" href=\"https:\/\/fr.wikipedia.org\/wiki\/Minist%C3%A8re_de_la_Culture_(France)\">minist\u00e8re fran\u00e7ais de la Culture<\/a><\/span><\/span><\/li>\n<li id=\"cite_note-4\"><span class=\"mw-cite-backlink noprint\"><a title=\"Revenir plus haut\" href=\"https:\/\/fr.wikipedia.org\/wiki\/Alexandre_Bida#cite_ref-4\" aria-label=\"Revenir plus haut\">\u2191<\/a>\u00a0<\/span><span class=\"reference-text\"><span class=\"ouvrage\">\u00ab\u00a0<a class=\"external text\" href=\"https:\/\/www.leonore.archives-nationales.culture.gouv.fr\/ui\/notice\/34334\" rel=\"nofollow\"><cite>L\u00e9gion d&rsquo;honneur<\/cite><\/a><small class=\"cachelinks\">\u00a0[<a title=\"archive sur Wikiwix\" href=\"https:\/\/archive.wikiwix.com\/cache\/?url=https%3A%2F%2Fwww.leonore.archives-nationales.culture.gouv.fr%2Fui%2Fnotice%2F34334\">archive<\/a>]<\/small>\u00a0\u00bb,\u00a0<a title=\"Base L\u00e9onore\" href=\"https:\/\/fr.wikipedia.org\/wiki\/Base_L%C3%A9onore\">base L\u00e9onore<\/a>,\u00a0<a title=\"Minist\u00e8re de la Culture (France)\" href=\"https:\/\/fr.wikipedia.org\/wiki\/Minist%C3%A8re_de_la_Culture_(France)\">minist\u00e8re fran\u00e7ais de la Culture<\/a><\/span><\/span><\/li>\n<li id=\"cite_note-5\"><span class=\"mw-cite-backlink noprint\"><a title=\"Revenir plus haut\" href=\"https:\/\/fr.wikipedia.org\/wiki\/Alexandre_Bida#cite_ref-5\" aria-label=\"Revenir plus haut\">\u2191<\/a>\u00a0<\/span><span class=\"reference-text\"><a class=\"external text\" href=\"http:\/\/www.culture.gouv.fr\/public\/mistral\/joconde_fr?ACTION=RETROUVER&amp;FIELD_98=TOUT&amp;VALUE_98=Alexandre%20Bida&amp;NUMBER=6&amp;GRP=0&amp;REQ=%28%28Alexandre%20Bida%29%20%3aTOUT%20%29&amp;USRNAME=nobody&amp;USRPWD=4%24%2534P&amp;SPEC=5&amp;SYN=1&amp;IMLY=&amp;MAX1=1&amp;MAX2=1&amp;MAX3=100&amp;DOM=All\" rel=\"nofollow\">Notice sur la base Joconde<\/a><small class=\"cachelinks\">\u00a0[<a title=\"archive sur Wikiwix\" href=\"https:\/\/archive.wikiwix.com\/cache\/?url=http%3A%2F%2Fwww.culture.gouv.fr%2Fpublic%2Fmistral%2Fjoconde_fr%3FACTION%3DRETROUVER%26FIELD_98%3DTOUT%26VALUE_98%3DAlexandre%2520Bida%26NUMBER%3D6%26GRP%3D0%26REQ%3D%2528%2528Alexandre%2520Bida%2529%2520%253aTOUT%2520%2529%26USRNAME%3Dnobody%26USRPWD%3D4%2524%252534P%26SPEC%3D5%26SYN%3D1%26IMLY%3D%26MAX1%3D1%26MAX2%3D1%26MAX3%3D100%26DOM%3DAll\">archive<\/a>]<\/small><\/span><\/li>\n<li id=\"cite_note-6\"><span class=\"mw-cite-backlink noprint\"><a title=\"Revenir plus haut\" href=\"https:\/\/fr.wikipedia.org\/wiki\/Alexandre_Bida#cite_ref-6\" aria-label=\"Revenir plus haut\">\u2191<\/a>\u00a0<\/span><span class=\"reference-text\"><a class=\"external text\" href=\"https:\/\/archive.org\/stream\/aquitaineetlang01cngoog#page\/n4\/mode\/2up\" rel=\"nofollow\">En ligne sur archive.org<\/a><small class=\"cachelinks\">\u00a0[<a title=\"archive sur Wikiwix\" href=\"https:\/\/archive.wikiwix.com\/cache\/?url=https%3A%2F%2Farchive.org%2Fstream%2Faquitaineetlang01cngoog%23page%2Fn4%2Fmode%2F2up\">archive<\/a>]<\/small><\/span><\/li>\n<li id=\"cite_note-7\"><span class=\"mw-cite-backlink noprint\"><a title=\"Revenir plus haut\" href=\"https:\/\/fr.wikipedia.org\/wiki\/Alexandre_Bida#cite_ref-7\" aria-label=\"Revenir plus haut\">\u2191<\/a>\u00a0<\/span><span class=\"reference-text\"><a title=\"Pierre Salies\" href=\"https:\/\/fr.wikipedia.org\/wiki\/Pierre_Salies\">Pierre Salies<\/a>,\u00a0<i>Dictionnaire des rues de Toulouse<\/i>, vol. 1, \u00e9d. Milan, Toulouse, 1989,\u00a0<abbr class=\"abbr\" title=\"page\">p.<\/abbr>\u00a0150.<\/span><\/li>\n<li id=\"cite_note-8\"><span class=\"mw-cite-backlink noprint\"><a title=\"Revenir plus haut\" href=\"https:\/\/fr.wikipedia.org\/wiki\/Alexandre_Bida#cite_ref-8\" aria-label=\"Revenir plus haut\">\u2191<\/a>\u00a0<\/span><span class=\"reference-text\"><span id=\"Moniteur1875\" class=\"ouvrage\">Moniteur, \u00ab\u00a0<cite>Nominations<\/cite>\u00a0\u00bb,\u00a0<i>Moniteur belge<\/i>,\u00a0<abbr class=\"abbr\" title=\"num\u00e9ro\">n<sup>o<\/sup><\/abbr>\u00a0302,\u200e\u00a0<time class=\"nowrap\" datetime=\"1875-11-18\" data-sort-value=\"1875-11-18\">18 novembre 1875<\/time>,\u00a0<abbr class=\"abbr\" title=\"page\">p.<\/abbr>\u00a01\u00a0<small>(<a class=\"external text\" href=\"https:\/\/www.google.be\/books\/edition\/Pasinomie\/51lmAAAAcAAJ?hl=fr&amp;gbpv=1&amp;dq=moniteur+bida+biot+bour%C3%A9+1875&amp;pg=PA230&amp;printsec=frontcover\" rel=\"nofollow\">lire en ligne<\/a><small class=\"cachelinks\">\u00a0[<a title=\"archive sur Wikiwix\" href=\"https:\/\/archive.wikiwix.com\/cache\/?url=https%3A%2F%2Fwww.google.be%2Fbooks%2Fedition%2FPasinomie%2F51lmAAAAcAAJ%3Fhl%3Dfr%26gbpv%3D1%26dq%3Dmoniteur%2Bbida%2Bbiot%2Bbour%25C3%25A9%2B1875%26pg%3DPA230%26printsec%3Dfrontcover\">archive<\/a>]<\/small>, consult\u00e9 le\u00a0<time class=\"nowrap\" datetime=\"2024-06-08\" data-sort-value=\"2024-06-08\">8 juin 2024<\/time>)<\/small><\/span>.<\/span><\/li>\n<\/ol>\n<\/div>\n<\/div>\n<div class=\"mw-heading mw-heading2\" style=\"text-align: justify;\">\n<h2 id=\"Annexes\">Annexes<\/h2>\n<\/div>\n<div class=\"mw-heading mw-heading3\" style=\"text-align: justify;\">\n<h3 id=\"Bibliographie\">Bibliographie<\/h3>\n<\/div>\n<ul style=\"text-align: justify;\">\n<li><i>Bida<\/i>, par Victor Frond,\u00a0<i>Le panth\u00e9on des illustrations fran\u00e7aises au\u00a0<abbr class=\"abbr\" title=\"19\u1d49 si\u00e8cle\"><span class=\"romain\">XIX<\/span><sup>e<\/sup><\/abbr>\u00a0si\u00e8cle<\/i>, tome I\u00a0<a class=\"external text\" href=\"https:\/\/books.google.fr\/books?id=o28LQKag7DYC&amp;pg=PT431#v=onepage&amp;q&amp;f=false\" rel=\"nofollow\">(<i>lire en ligne<\/i>)<\/a><small class=\"cachelinks\">\u00a0[<a title=\"archive sur Wikiwix\" href=\"https:\/\/archive.wikiwix.com\/cache\/?url=https%3A%2F%2Fbooks.google.fr%2Fbooks%3Fid%3Do28LQKag7DYC%26pg%3DPT431%23v%3Donepage%26q%26f%3Dfalse\">archive<\/a>]<\/small><\/li>\n<li><span id=\"Janian1983\" class=\"ouvrage\"><span id=\"Madelaine_Janian1983\" class=\"ouvrage\">Madelaine Janian, \u00ab\u00a0<cite>A propos d&rsquo;Alexandre Bida<\/cite>\u00a0\u00bb,\u00a0<i>Annuaire de la Soci\u00e9t\u00e9 d&rsquo;histoire des r\u00e9gions de Thann-Guebwiller<\/i>,\u00a0<abbr class=\"abbr\" title=\"volume\">vol.<\/abbr>\u00a015,\u200e\u00a0<time>1983<\/time>,\u00a0<abbr class=\"abbr\" title=\"pages\">p.<\/abbr>\u00a089-95\u00a0<small>(<a class=\"external text\" href=\"https:\/\/gallica.bnf.fr\/ark:\/12148\/bpt6k9751414m\/f103.item\" rel=\"nofollow\">lire en ligne<\/a><small class=\"cachelinks\">\u00a0[<a title=\"archive sur Wikiwix\" href=\"https:\/\/archive.wikiwix.com\/cache\/?url=https%3A%2F%2Fgallica.bnf.fr%2Fark%3A%2F12148%2Fbpt6k9751414m%2Ff103.item\">archive<\/a>]<\/small>)<\/small><\/span><\/span>.<\/li>\n<\/ul>\n<p style=\"text-align: justify;\">\u00a0<\/p>\n","protected":false},"excerpt":{"rendered":"<p>Image mise en avant : Portrait photographique de Bida par\u00a0\u00c9tienne Carjat. Alexandre Bida Alexandre Bida, n\u00e9 \u00e0\u00a0Toulouse\u00a0(Haute-Garonne) le\u00a03 octobre 1813\u00a0et mort \u00e0\u00a0Lautenbach\u00a0(Haut-Rhin) le\u00a02 janvier 1895, est un\u00a0peintre\u00a0et un\u00a0graveur\u00a0fran\u00e7ais. &nbsp; Biographie Peintre\u00a0orientaliste, Alexandre Bida est l&rsquo;\u00e9l\u00e8ve d&rsquo;Eug\u00e8ne Delacroix\u00a0et le professeur de\u00a0Jean-Paul Laurens. Il illustre une\u00a0Aquitaine et Languedoc, ou, Histoire pittoresque de la Gaule m\u00e9ridionale\u00a0de\u00a0Justin C\u00e9nac-Moncaut. Il [&hellip;]<\/p>\n","protected":false},"author":1,"featured_media":11835,"parent":0,"menu_order":0,"comment_status":"closed","ping_status":"closed","template":"","meta":{"footnotes":""},"class_list":["post-11815","page","type-page","status-publish","has-post-thumbnail","hentry"],"_links":{"self":[{"href":"https:\/\/oraziopuglisi.art\/index.php\/wp-json\/wp\/v2\/pages\/11815","targetHints":{"allow":["GET"]}}],"collection":[{"href":"https:\/\/oraziopuglisi.art\/index.php\/wp-json\/wp\/v2\/pages"}],"about":[{"href":"https:\/\/oraziopuglisi.art\/index.php\/wp-json\/wp\/v2\/types\/page"}],"author":[{"embeddable":true,"href":"https:\/\/oraziopuglisi.art\/index.php\/wp-json\/wp\/v2\/users\/1"}],"replies":[{"embeddable":true,"href":"https:\/\/oraziopuglisi.art\/index.php\/wp-json\/wp\/v2\/comments?post=11815"}],"version-history":[{"count":6,"href":"https:\/\/oraziopuglisi.art\/index.php\/wp-json\/wp\/v2\/pages\/11815\/revisions"}],"predecessor-version":[{"id":11837,"href":"https:\/\/oraziopuglisi.art\/index.php\/wp-json\/wp\/v2\/pages\/11815\/revisions\/11837"}],"wp:featuredmedia":[{"embeddable":true,"href":"https:\/\/oraziopuglisi.art\/index.php\/wp-json\/wp\/v2\/media\/11835"}],"wp:attachment":[{"href":"https:\/\/oraziopuglisi.art\/index.php\/wp-json\/wp\/v2\/media?parent=11815"}],"curies":[{"name":"wp","href":"https:\/\/api.w.org\/{rel}","templated":true}]}}