{"id":11770,"date":"2024-08-29T08:23:46","date_gmt":"2024-08-29T06:23:46","guid":{"rendered":"https:\/\/oraziopuglisi.art\/?page_id=11770"},"modified":"2024-08-29T08:35:59","modified_gmt":"2024-08-29T06:35:59","slug":"guido-cavalcanti","status":"publish","type":"page","link":"https:\/\/oraziopuglisi.art\/index.php\/guido-cavalcanti\/","title":{"rendered":"Guido Cavalcanti"},"content":{"rendered":"<p style=\"text-align: justify;\"><strong>Image mise en avant<\/strong> : <i>Guido Cavalcanti, poeta toscano<\/i>, frontispice, eau-forte, 1813.<\/p>\n<p>&nbsp;<\/p>\n<p>&nbsp;<\/p>\n<form action=\"https:\/\/www.paypal.com\/donate\" method=\"post\" target=\"_top\"><input name=\"hosted_button_id\" type=\"hidden\" value=\"QSSRVLDUKP2MG\" \/> <input title=\"PayPal - The safer, easier way to pay online!\" alt=\"Bouton Faites un don avec PayPal\" name=\"submit\" src=\"https:\/\/www.paypalobjects.com\/fr_FR\/FR\/i\/btn\/btn_donateCC_LG.gif\" type=\"image\" \/><img loading=\"lazy\" decoding=\"async\" src=\"https:\/\/www.paypal.com\/fr_FR\/i\/scr\/pixel.gif\" alt=\"\" width=\"1\" height=\"1\" border=\"0\" \/><img loading=\"lazy\" decoding=\"async\" src=\"https:\/\/www.paypal.com\/fr_FR\/i\/scr\/pixel.gif\" alt=\"\" width=\"1\" height=\"1\" border=\"0\" \/><\/form>\n<form action=\"https:\/\/www.paypal.com\/donate\" method=\"post\" target=\"_top\"><input name=\"hosted_button_id\" type=\"hidden\" value=\"KUYGR8EGYTG64\" \/><\/p>\n<p style=\"text-align: center;\"><span style=\"color: #ff0000;\">Faire un don par Qr Code<\/span><\/p>\n<p style=\"text-align: center;\"><a href=\"http:\/\/xn--vidosechecsenligne-dwb.com\/wp-content\/uploads\/2022\/05\/QR-code.png\"><img loading=\"lazy\" decoding=\"async\" class=\"alignnone size-full wp-image-36569\" src=\"http:\/\/xn--vidosechecsenligne-dwb.com\/wp-content\/uploads\/2022\/05\/QR-code.png\" alt=\"\" width=\"192\" height=\"192\" \/><\/a><\/p>\n<p style=\"text-align: center;\"><a href=\"https:\/\/www.amazon.fr\/Livres-Orazio-Puglisi\/s?rh=n%3A301061%2Cp_27%3AOrazio+Puglisi\">Achetez mes livres <\/a><\/p>\n<p>&nbsp;<\/p>\n<p>&nbsp;<\/p>\n<p style=\"text-align: center;\">Virement bancaire<\/p>\n<\/form>\n<form action=\"https:\/\/www.paypal.com\/cgi-bin\/webscr\" method=\"post\" target=\"_top\">\n<p style=\"text-align: center;\"><span style=\"font-family: 'book antiqua', palatino, serif;\">IBAN FR81 2004 1010 0820 6402 0P02 955<\/span><\/p>\n<p style=\"text-align: center;\"><span style=\"font-family: 'book antiqua', palatino, serif;\">BIC PSSTFRPPMAR<\/span><\/p>\n<p style=\"text-align: center;\"><span style=\"font-family: 'book antiqua', palatino, serif;\">Orazio Puglisi<\/span><\/p>\n<p style=\"text-align: center;\"><span style=\"font-family: 'book antiqua', palatino, serif;\">06 14 35 15 52<\/span><\/p>\n<p style=\"text-align: center;\"><span style=\"font-family: 'book antiqua', palatino, serif;\"><a href=\"mailto:oraziopuglisi@gmail.com\">oraziopuglisi@gmail.com<\/a><\/span><\/p>\n<p style=\"text-align: center;\"><span style=\"font-family: 'book antiqua', palatino, serif;\"><a href=\"mailto:puglisiorazio@wanadoo.fr\">puglisiorazio@wanadoo.fr<\/a><\/span><\/p>\n<\/form>\n<form action=\"https:\/\/www.paypal.com\/cgi-bin\/webscr\" method=\"post\" target=\"_top\">\n<p style=\"text-align: center;\"><span style=\"font-family: 'book antiqua', palatino, serif;\"><input name=\"cmd\" type=\"hidden\" value=\"_s-xclick\" \/><\/span><\/p>\n<p style=\"text-align: center;\"><span style=\"font-family: 'book antiqua', palatino, serif;\"><input name=\"hosted_button_id\" type=\"hidden\" value=\"B9KUAAXX2KE3G\" \/><\/span><\/p>\n<p><span style=\"font-family: 'book antiqua', palatino, serif;\"><img loading=\"lazy\" decoding=\"async\" class=\"aligncenter\" src=\"https:\/\/www.paypalobjects.com\/fr_FR\/i\/scr\/pixel.gif\" alt=\"\" width=\"1\" height=\"1\" border=\"0\" \/><\/span><\/p>\n<p style=\"text-align: justify;\"><b>Guido Cavalcanti<\/b>\u00a0(n\u00e9 \u00e0\u00a0<a title=\"Florence\" href=\"https:\/\/fr.wikipedia.org\/wiki\/Florence\">Florence<\/a>\u00a0vers\u00a0<a title=\"1258\" href=\"https:\/\/fr.wikipedia.org\/wiki\/1258\">1258<\/a>\u00a0et mort dans cette m\u00eame ville en\u00a0<a title=\"1300\" href=\"https:\/\/fr.wikipedia.org\/wiki\/1300\">1300<\/a>) est un\u00a0<a title=\"Po\u00e8te\" href=\"https:\/\/fr.wikipedia.org\/wiki\/Po%C3%A8te\">po\u00e8te<\/a>\u00a0<a title=\"Italien\" href=\"https:\/\/fr.wikipedia.org\/wiki\/Italien\">italien<\/a>\u00a0du\u00a0<a title=\"XIIIe si\u00e8cle\" href=\"https:\/\/fr.wikipedia.org\/wiki\/XIIIe_si%C3%A8cle\"><abbr class=\"abbr\" title=\"13\u1d49 si\u00e8cle\"><span class=\"romain\">XIII<\/span><sup>e<\/sup><\/abbr>\u00a0si\u00e8cle<\/a>, proche ami de\u00a0<a class=\"mw-redirect\" title=\"Dante\" href=\"https:\/\/fr.wikipedia.org\/wiki\/Dante\">Dante<\/a>.<\/p>\n<p>&nbsp;<\/p>\n<p><img loading=\"lazy\" decoding=\"async\" class=\"alignnone size-medium wp-image-11776\" src=\"http:\/\/oraziopuglisi.art\/wp-content\/uploads\/2024\/08\/Rime_di_Guido_Cavalcanti.tif-191x300.png\" alt=\"\" width=\"191\" height=\"300\" srcset=\"https:\/\/oraziopuglisi.art\/wp-content\/uploads\/2024\/08\/Rime_di_Guido_Cavalcanti.tif-191x300.png 191w, https:\/\/oraziopuglisi.art\/wp-content\/uploads\/2024\/08\/Rime_di_Guido_Cavalcanti.tif.png 330w\" sizes=\"auto, (max-width: 191px) 100vw, 191px\" \/><\/p>\n<div class=\"mw-heading mw-heading2\" style=\"text-align: justify;\">\n<h2 id=\"Biographie\">Biographie<\/h2>\n<\/div>\n<p style=\"text-align: justify;\">Guido\u00a0<a title=\"Famille Cavalcanti\" href=\"https:\/\/fr.wikipedia.org\/wiki\/Famille_Cavalcanti\">Cavalcanti<\/a>\u00a0est le fils du philosophe \u00e9picurien m\u00e9di\u00e9val\u00a0<a title=\"Cavalcante Cavalcanti\" href=\"https:\/\/fr.wikipedia.org\/wiki\/Cavalcante_Cavalcanti\">Cavalcante Cavalcanti<\/a>.<\/p>\n<p style=\"text-align: justify;\"><a class=\"mw-redirect\" title=\"Dante\" href=\"https:\/\/fr.wikipedia.org\/wiki\/Dante\">Dante<\/a>\u00a0mentionne souvent Guido Cavalcanti comme \u00ab\u00a0le premier de ses amis\u00a0\u00bb. Tous deux font partie de la confr\u00e9rie initiatique des\u00a0<i><a title=\"Fid\u00e8les d'Amour\" href=\"https:\/\/fr.wikipedia.org\/wiki\/Fid%C3%A8les_d%27Amour\">Fid\u00e8les d&rsquo;Amour<\/a><\/i>, laquelle est mentionn\u00e9e par Dante dans la\u00a0<i>Vita Nova<\/i>\u00a0(qui est d&rsquo;ailleurs particuli\u00e8rement adress\u00e9e \u00e0 Guido), et on retrouve dans leurs \u0153uvres le m\u00eame symbolisme amoureux. Ainsi la Dame (<i>donna<\/i>) y repr\u00e9sente la sagesse, \u00e0 laquelle le fid\u00e8le acc\u00e8de par l&rsquo;amour divin. Du point de vue stylistique, les fid\u00e8les d&rsquo;Amour parlent de \u00ab\u00a0<i>dolce stil novo<\/i>\u00a0\u00bb (doux style nouveau), d\u00e9signation dans laquelle il ne faut pas voir uniquement une d\u00e9finition \u00ab\u00a0litt\u00e9raire\u00a0\u00bb mais \u00e9galement une signification symbolique.<\/p>\n<p style=\"text-align: justify;\">L&rsquo;\u0153uvre de Cavalcanti, comme celle de Dante, repose sur un symbolisme complexe et coh\u00e9rent propre au\u00a0<a title=\"Moyen \u00c2ge\" href=\"https:\/\/fr.wikipedia.org\/wiki\/Moyen_%C3%82ge\">Moyen \u00c2ge<\/a>\u00a0en Occident, dont ni lui ni Dante ne sont les \u00ab\u00a0inventeurs\u00a0\u00bb mais qu&rsquo;ils tirent de l&rsquo;enseignement qu&rsquo;ils re\u00e7urent des fid\u00e8les d&rsquo;Amour.\u00a0<u><i>La pr\u00e9sence dans les po\u00e9sies de Guido d&rsquo;une Mandetta, dame toulousaine rencontr\u00e9e par le po\u00e8te dans la ville occitane lors d&rsquo;un arr\u00eat sur le chemin de Saint-Jacques, a fait \u00e9tablir \u00e0 certains des liens entre les fid\u00e8les d&rsquo;Amour et le\u00a0<a title=\"Catharisme\" href=\"https:\/\/fr.wikipedia.org\/wiki\/Catharisme\">catharisme<\/a>. Mais il faut pr\u00e9ciser ici que la soci\u00e9t\u00e9 \u00e0 laquelle appartinrent Dante et Cavalcanti, \u00e9tait parfaitement orthodoxe du point de vue\u00a0<a class=\"mw-redirect\" title=\"\u00c9glise catholique romaine\" href=\"https:\/\/fr.wikipedia.org\/wiki\/%C3%89glise_catholique_romaine\">catholique<\/a>, contrairement aux cathares. (source incertaine)<\/i><\/u>\u00a0La condamnation du catharisme par saint\u00a0<a title=\"Bernard de Clairvaux\" href=\"https:\/\/fr.wikipedia.org\/wiki\/Bernard_de_Clairvaux\">Bernard de Clairvaux<\/a>, qui est pris pour guide par Dante au Paradis, est particuli\u00e8rement significative \u00e0 cet \u00e9gard.<\/p>\n<p style=\"text-align: justify;\">Cavalcanti, tout comme Dante, fonde sa po\u00e9sie sur l&rsquo;usage de la langue vulgaire, qui doit permettre aux initi\u00e9s italiens de conna\u00eetre directement (c&rsquo;est-\u00e0-dire sans m\u00e9diation, comme c&rsquo;\u00e9tait le cas avec la langue non maternelle que constituait le latin) la gr\u00e2ce divine.<\/p>\n<p><iframe loading=\"lazy\" title=\"Guido CAVALCANTI \u2013 Une Vie, une \u0152uvre : le Regard et la Mort (France Culture, 2001)\" width=\"600\" height=\"338\" src=\"https:\/\/www.youtube.com\/embed\/3xUi9UPKjCs?feature=oembed\" frameborder=\"0\" allow=\"accelerometer; autoplay; clipboard-write; encrypted-media; gyroscope; picture-in-picture; web-share\" referrerpolicy=\"strict-origin-when-cross-origin\" allowfullscreen><\/iframe><\/p>\n<div class=\"mw-heading mw-heading2\" style=\"text-align: justify;\">\n<h2 id=\"\u00c9ditions_modernes\"><span id=\".C3.89ditions_modernes\"><\/span>\u00c9ditions modernes<\/h2>\n<\/div>\n<figure class=\"mw-default-size\" style=\"text-align: justify;\"><a class=\"mw-file-description\" href=\"https:\/\/commons.wikimedia.org\/wiki\/File:Rime_di_Guido_Cavalcanti.tif?uselang=fr\"><img loading=\"lazy\" decoding=\"async\" class=\"mw-file-element\" src=\"https:\/\/upload.wikimedia.org\/wikipedia\/commons\/thumb\/d\/d8\/Rime_di_Guido_Cavalcanti.tif\/lossless-page1-220px-Rime_di_Guido_Cavalcanti.tif.png\" srcset=\"\/\/upload.wikimedia.org\/wikipedia\/commons\/thumb\/d\/d8\/Rime_di_Guido_Cavalcanti.tif\/lossless-page1-330px-Rime_di_Guido_Cavalcanti.tif.png 1.5x, \/\/upload.wikimedia.org\/wikipedia\/commons\/thumb\/d\/d8\/Rime_di_Guido_Cavalcanti.tif\/lossless-page1-440px-Rime_di_Guido_Cavalcanti.tif.png 2x\" width=\"220\" height=\"346\" data-file-width=\"2297\" data-file-height=\"3612\" \/><\/a><figcaption><i>Guido Cavalcanti, poeta toscano<\/i>, frontispice, eau-forte, 1813.<\/figcaption><\/figure>\n<div class=\"mw-heading mw-heading3\" style=\"text-align: justify;\">\n<h3 id=\"en_italien\">en italien<\/h3>\n<\/div>\n<ul style=\"text-align: justify;\">\n<li><span id=\"Cavalcanti2011\" class=\"ouvrage\"><span id=\"Guido_Cavalcanti2011\" class=\"ouvrage\"><abbr class=\"abbr indicateur-langue\" title=\"Langue : italien\">(it)<\/abbr>\u00a0Guido\u00a0<span class=\"nom_auteur\">Cavalcanti<\/span>,\u00a0<cite class=\"italique\" lang=\"it\">Rime<\/cite>, Roma, Carocci,\u00a0<time>2011<\/time>, 322\u00a0<abbr class=\"abbr\" title=\"pages\">p.<\/abbr>\u00a0<small>(<a title=\"International Standard Book Number\" href=\"https:\/\/fr.wikipedia.org\/wiki\/International_Standard_Book_Number\">ISBN<\/a>\u00a0<a title=\"Sp\u00e9cial:Ouvrages de r\u00e9f\u00e9rence\/978-88-430-5797-9\" href=\"https:\/\/fr.wikipedia.org\/wiki\/Sp%C3%A9cial:Ouvrages_de_r%C3%A9f%C3%A9rence\/978-88-430-5797-9\"><span class=\"nowrap\">978-88-430-5797-9<\/span><\/a>)<\/small><\/span><\/span><\/li>\n<\/ul>\n<div class=\"mw-heading mw-heading3\" style=\"text-align: justify;\">\n<h3 id=\"en_fran\u00e7ais\"><span id=\"en_fran.C3.A7ais\"><\/span>en fran\u00e7ais<\/h3>\n<\/div>\n<ul style=\"text-align: justify;\">\n<li><span id=\"Cavalcanti2012\" class=\"ouvrage\"><span id=\"Guido_Cavalcanti2012\" class=\"ouvrage\"><abbr class=\"abbr indicateur-langue\" title=\"Langues : fran\u00e7ais et italien\">(fr\u00a0+\u00a0it)<\/abbr>\u00a0Guido\u00a0<span class=\"nom_auteur\">Cavalcanti<\/span>\u00a0(<abbr class=\"abbr\" title=\"traduction\">trad.<\/abbr>\u00a0Dani\u00e8le Robert),\u00a0<cite class=\"italique\" lang=\"fr\">Rime<\/cite>, Vagabonde,\u00a0<time>2012<\/time><\/span><\/span>. \u00c9dition bilingue des \u0153uvres compl\u00e8tes avec essai introductif et appareil de notes (Prix Nelly-Sachs 2012)<\/li>\n<\/ul>\n<div class=\"mw-heading mw-heading3\" style=\"text-align: justify;\">\n<h3 id=\"en_anglais\">en anglais<\/h3>\n<\/div>\n<ul style=\"text-align: justify;\">\n<li><span id=\"Cavalcanti1992\" class=\"ouvrage\"><span id=\"Guido_Cavalcanti1992\" class=\"ouvrage\"><abbr class=\"abbr indicateur-langue\" title=\"Langue : anglais\">(en)<\/abbr>\u00a0Guido\u00a0<span class=\"nom_auteur\">Cavalcanti<\/span>\u00a0(<abbr class=\"abbr\" title=\"traduction\">trad.<\/abbr>\u00a0Marc Cirigliano),\u00a0<cite class=\"italique\" lang=\"en\">The Complete Poems<\/cite>, New York, Italica Press,\u00a0<time>1992<\/time>, 156\u00a0<abbr class=\"abbr\" title=\"pages\">p.<\/abbr>\u00a0<small>(<a title=\"International Standard Book Number\" href=\"https:\/\/fr.wikipedia.org\/wiki\/International_Standard_Book_Number\">ISBN<\/a>\u00a0<a title=\"Sp\u00e9cial:Ouvrages de r\u00e9f\u00e9rence\/978-0-934977-27-2\" href=\"https:\/\/fr.wikipedia.org\/wiki\/Sp%C3%A9cial:Ouvrages_de_r%C3%A9f%C3%A9rence\/978-0-934977-27-2\"><span class=\"nowrap\">978-0-934977-27-2<\/span><\/a>)<\/small><\/span><\/span><\/li>\n<li><span id=\"Cavalcanti\" class=\"ouvrage\"><span id=\"Guido_Cavalcanti\" class=\"ouvrage\"><abbr class=\"abbr indicateur-langue\" title=\"Langue : anglais\">(en)<\/abbr>\u00a0Guido\u00a0<span class=\"nom_auteur\">Cavalcanti<\/span>\u00a0(<abbr class=\"abbr\" title=\"traduction\">trad.<\/abbr>\u00a0Anthony Mortimer),\u00a0<cite class=\"italique\" lang=\"en\">Complete Poems<\/cite>, Oneworld Classics<\/span><\/span><\/li>\n<li><i>The Sonnets and Ballate of Guido Cavalcanti<\/i>, traduction de l&rsquo;italien par\u00a0<a title=\"Ezra Pound\" href=\"https:\/\/fr.wikipedia.org\/wiki\/Ezra_Pound\">Ezra Pound<\/a>, Boston, Small, Maynard and Company, 1912.<\/li>\n<\/ul>\n<div class=\"mw-heading mw-heading2\" style=\"text-align: justify;\">\n<h2 id=\"Bibliographie\">Bibliographie<\/h2>\n<\/div>\n<ul>\n<li style=\"text-align: justify;\"><a title=\"Claude Mini\u00e8re\" href=\"https:\/\/fr.wikipedia.org\/wiki\/Claude_Mini%C3%A8re\">Claude Mini\u00e8re<\/a>,\u00a0<i>Quel avenir pour Cavalcanti\u00a0?<\/i>, \u00e9ditions Louise Bottu, 2021.<\/li>\n<li style=\"text-align: justify;\"><span id=\"Ghetti2011\" class=\"ouvrage\"><span id=\"Noemi_Ghetti2011\" class=\"ouvrage\"><abbr class=\"abbr indicateur-langue\" title=\"Langue : italien\">(it)<\/abbr>\u00a0Noemi\u00a0<span class=\"nom_auteur\">Ghetti<\/span>,\u00a0<cite class=\"italique\" lang=\"it\">L&rsquo;ombra di Cavalcanti e Dante<\/cite>, Roma, L&rsquo;Asino d&rsquo;Oro,\u00a0<time>2011<\/time><\/span><\/span><\/li>\n<li style=\"text-align: justify;\"><span id=\"Rea2008\" class=\"ouvrage\"><span id=\"Roberto_Rea2008\" class=\"ouvrage\"><abbr class=\"abbr indicateur-langue\" title=\"Langue : italien\">(it)<\/abbr>\u00a0Roberto\u00a0<span class=\"nom_auteur\">Rea<\/span>,\u00a0<cite class=\"italique\" lang=\"it\">Cavalcanti poeta\u00a0: uno studio sul lessico lirico<\/cite>, Roma, Nuova Cultura,\u00a0<time>2008<\/time><\/span><\/span><\/li>\n<li style=\"text-align: justify;\"><span id=\"Gagliardi2001\" class=\"ouvrage\"><span id=\"Antonio_Gagliardi2001\" class=\"ouvrage\"><abbr class=\"abbr indicateur-langue\" title=\"Langue : italien\">(it)<\/abbr>\u00a0Antonio\u00a0<span class=\"nom_auteur\">Gagliardi<\/span>,\u00a0<cite class=\"italique\" lang=\"it\">Guido Cavalcanti\u00a0: poesia e filosofia<\/cite>, Alessandria, Edizioni Dell&rsquo;Orso,\u00a0<time>2001<\/time><\/span><\/span><\/li>\n<li style=\"text-align: justify;\"><span id=\"Eisermann1992\" class=\"ouvrage\"><span id=\"Tobias_Eisermann1992\" class=\"ouvrage\"><abbr class=\"abbr indicateur-langue\" title=\"Langue : allemand\">(de)<\/abbr>\u00a0Tobias\u00a0<span class=\"nom_auteur\">Eisermann<\/span>,\u00a0<cite class=\"italique\" lang=\"de\">Cavalcanti oder die Poetik der Negativit\u00e4t<\/cite>, T\u00fcbingen, Stauffenburg Verlag Brigitte Narr GmbH,\u00a0<time>1992<\/time>, 272\u00a0<abbr class=\"abbr\" title=\"pages\">p.<\/abbr>\u00a0<small>(<a title=\"International Standard Book Number\" href=\"https:\/\/fr.wikipedia.org\/wiki\/International_Standard_Book_Number\">ISBN<\/a>\u00a0<a title=\"Sp\u00e9cial:Ouvrages de r\u00e9f\u00e9rence\/3-923721-67-6\" href=\"https:\/\/fr.wikipedia.org\/wiki\/Sp%C3%A9cial:Ouvrages_de_r%C3%A9f%C3%A9rence\/3-923721-67-6\"><span class=\"nowrap\">3-923721-67-6<\/span><\/a>)<\/small><\/span><\/span><\/li>\n<li style=\"text-align: justify;\"><span id=\"Corti1983\" class=\"ouvrage\"><span id=\"Maria_Corti1983\" class=\"ouvrage\"><abbr class=\"abbr indicateur-langue\" title=\"Langue : italien\">(it)<\/abbr>\u00a0Maria\u00a0<span class=\"nom_auteur\">Corti<\/span>,\u00a0<cite class=\"italique\" lang=\"it\">La felicit\u00e0 mentale\u00a0: Nuove prospettive per Cavalcanti e Dante<\/cite>, Torino, Einaudi,\u00a0<time>1983<\/time><\/span><\/span><\/li>\n<li style=\"text-align: justify;\"><span id=\"Contini1976\" class=\"ouvrage\"><span id=\"Gianfranco_Contini1976\" class=\"ouvrage\"><abbr class=\"abbr indicateur-langue\" title=\"Langue : italien\">(it)<\/abbr>\u00a0Gianfranco\u00a0<span class=\"nom_auteur\">Contini<\/span>,\u00a0<cite class=\"italique\" lang=\"it\">Cavalcanti in Dante<\/cite>, Torino, Einaudi,\u00a0<time>1976<\/time><\/span><\/span>.<\/li>\n<li style=\"text-align: justify;\"><span id=\"Calenda1976\" class=\"ouvrage\"><span id=\"Corrado_Calenda1976\" class=\"ouvrage\"><abbr class=\"abbr indicateur-langue\" title=\"Langue : italien\">(it)<\/abbr>\u00a0Corrado\u00a0<span class=\"nom_auteur\">Calenda<\/span>,\u00a0<cite class=\"italique\" lang=\"it\">Per altezza d&rsquo;ingegno\u00a0: saggio su Guido Cavalcanti<\/cite>, Napoli, Liguori,\u00a0<time>1976<\/time><\/span><\/span><\/li>\n<\/ul>\n<\/form>\n","protected":false},"excerpt":{"rendered":"<p>Image mise en avant : Guido Cavalcanti, poeta toscano, frontispice, eau-forte, 1813. &nbsp; &nbsp; Faire un don par Qr Code Achetez mes livres &nbsp; &nbsp; Virement bancaire IBAN FR81 2004 1010 0820 6402 0P02 955 BIC PSSTFRPPMAR Orazio Puglisi 06 14 35 15 52 oraziopuglisi@gmail.com puglisiorazio@wanadoo.fr Guido Cavalcanti\u00a0(n\u00e9 \u00e0\u00a0Florence\u00a0vers\u00a01258\u00a0et mort dans cette m\u00eame ville en\u00a01300) [&hellip;]<\/p>\n","protected":false},"author":1,"featured_media":11776,"parent":0,"menu_order":0,"comment_status":"closed","ping_status":"closed","template":"","meta":{"footnotes":""},"class_list":["post-11770","page","type-page","status-publish","has-post-thumbnail","hentry"],"_links":{"self":[{"href":"https:\/\/oraziopuglisi.art\/index.php\/wp-json\/wp\/v2\/pages\/11770","targetHints":{"allow":["GET"]}}],"collection":[{"href":"https:\/\/oraziopuglisi.art\/index.php\/wp-json\/wp\/v2\/pages"}],"about":[{"href":"https:\/\/oraziopuglisi.art\/index.php\/wp-json\/wp\/v2\/types\/page"}],"author":[{"embeddable":true,"href":"https:\/\/oraziopuglisi.art\/index.php\/wp-json\/wp\/v2\/users\/1"}],"replies":[{"embeddable":true,"href":"https:\/\/oraziopuglisi.art\/index.php\/wp-json\/wp\/v2\/comments?post=11770"}],"version-history":[{"count":9,"href":"https:\/\/oraziopuglisi.art\/index.php\/wp-json\/wp\/v2\/pages\/11770\/revisions"}],"predecessor-version":[{"id":11781,"href":"https:\/\/oraziopuglisi.art\/index.php\/wp-json\/wp\/v2\/pages\/11770\/revisions\/11781"}],"wp:featuredmedia":[{"embeddable":true,"href":"https:\/\/oraziopuglisi.art\/index.php\/wp-json\/wp\/v2\/media\/11776"}],"wp:attachment":[{"href":"https:\/\/oraziopuglisi.art\/index.php\/wp-json\/wp\/v2\/media?parent=11770"}],"curies":[{"name":"wp","href":"https:\/\/api.w.org\/{rel}","templated":true}]}}