{"id":11625,"date":"2024-08-26T21:10:31","date_gmt":"2024-08-26T19:10:31","guid":{"rendered":"https:\/\/oraziopuglisi.art\/?page_id=11625"},"modified":"2024-08-26T22:20:54","modified_gmt":"2024-08-26T20:20:54","slug":"la-poesie-du-xviiie-siecle","status":"publish","type":"page","link":"https:\/\/oraziopuglisi.art\/index.php\/la-poesie-du-xviiie-siecle\/","title":{"rendered":"La Po\u00e9sie du XVIII\u00e8 Si\u00e8cle"},"content":{"rendered":"<p style=\"text-align: justify;\"><strong>Image mise en avant<\/strong> : Beaux-Arts_de_Carcassonne_Portrait_d&rsquo;Andr\u00e9_Ch\u00e9nier\u00a0<\/p>\n<p style=\"text-align: justify;\">Si la forme versifi\u00e9e est utilis\u00e9e avec habilet\u00e9 par\u00a0<a title=\"Voltaire\" href=\"https:\/\/fr.wikipedia.org\/wiki\/Voltaire\">Voltaire<\/a>\u00a0dans son\u00a0<i>Po\u00e8me sur le d\u00e9sastre de Lisbonne<\/i>\u00a0ou dans\u00a0<i>le Mondain<\/i>, la po\u00e9sie, au sens commun du terme, ne se lib\u00e8re pas des influences du\u00a0<a class=\"mw-redirect\" title=\"Classicisme\" href=\"https:\/\/fr.wikipedia.org\/wiki\/Classicisme\">classicisme<\/a>\u00a0et l\u2019histoire litt\u00e9raire ne retient que quelques noms comme ceux de\u00a0<a title=\"Jacques Delille\" href=\"https:\/\/fr.wikipedia.org\/wiki\/Jacques_Delille\">Jacques Delille<\/a>\u00a0(1738-1813) (<i>les Jardins<\/i>,\u00a0<a title=\"1780 en litt\u00e9rature\" href=\"https:\/\/fr.wikipedia.org\/wiki\/1780_en_litt%C3%A9rature\">1780<\/a>) ou\u00a0<a title=\"\u00c9variste de Parny\" href=\"https:\/\/fr.wikipedia.org\/wiki\/%C3%89variste_de_Parny\">\u00c9variste de Parny<\/a>\u00a0(1753-1814) (<i>\u00c9l\u00e9gies<\/i>,\u00a0<a title=\"1784 en litt\u00e9rature\" href=\"https:\/\/fr.wikipedia.org\/wiki\/1784_en_litt%C3%A9rature\">1784<\/a>) qui pr\u00e9parent modestement le romantisme en cultivant une certaine sensibilit\u00e9 \u00e0 la nature et au temps qui passe<sup id=\"cite_ref-6\" class=\"reference\"><a href=\"https:\/\/fr.wikipedia.org\/wiki\/Histoire_de_la_po%C3%A9sie_fran%C3%A7aise#cite_note-6\">6<\/a><\/sup>.\u00a0<a title=\"Nicolas Gilbert\" href=\"https:\/\/fr.wikipedia.org\/wiki\/Nicolas_Gilbert\">Gilbert<\/a>\u00a0et\u00a0<a title=\"Jacques Clinchamps de Malfil\u00e2tre\" href=\"https:\/\/fr.wikipedia.org\/wiki\/Jacques_Clinchamps_de_Malfil%C3%A2tre\">Clinchamp<\/a>\u00a0ont laiss\u00e9 une image de po\u00e8tes maudits, mais c\u2019est essentiellement\u00a0<a title=\"Andr\u00e9 Ch\u00e9nier\" href=\"https:\/\/fr.wikipedia.org\/wiki\/Andr%C3%A9_Ch%C3%A9nier\">Andr\u00e9 Ch\u00e9nier<\/a>\u00a0(1762-1794) qui r\u00e9ussit une po\u00e9sie expressive comme dans le po\u00e8me c\u00e9l\u00e8bre de\u00a0<i>la Jeune Tarentine<\/i>\u00a0ou celui de\u00a0<i>la Jeune Captive<\/i>\u00a0(son \u0153uvre ne sera publi\u00e9e qu\u2019en\u00a0<a title=\"1819 en litt\u00e9rature\" href=\"https:\/\/fr.wikipedia.org\/wiki\/1819_en_litt%C3%A9rature\">1819<\/a>, bien apr\u00e8s sa mort tragique lors de la\u00a0<a title=\"Terreur (R\u00e9volution fran\u00e7aise)\" href=\"https:\/\/fr.wikipedia.org\/wiki\/Terreur_(R%C3%A9volution_fran%C3%A7aise)\">Terreur<\/a>).<\/p>\n<p>On mentionnera aussi\u00a0<a title=\"Fabre d'\u00c9glantine\" href=\"https:\/\/fr.wikipedia.org\/wiki\/Fabre_d%27%C3%89glantine\">Fabre d&rsquo;\u00c9glantine<\/a>\u00a0pour ses chansons (<i><a title=\"Il pleut, il pleut, berg\u00e8re\" href=\"https:\/\/fr.wikipedia.org\/wiki\/Il_pleut,_il_pleut,_berg%C3%A8re\">Il pleut berg\u00e8re<\/a><\/i>) et sa participation \u00ab\u00a0po\u00e9tique\u00a0\u00bb au\u00a0<a title=\"Calendrier r\u00e9publicain\" href=\"https:\/\/fr.wikipedia.org\/wiki\/Calendrier_r%C3%A9publicain\">calendrier r\u00e9volutionnaire .<\/a><\/p>\n","protected":false},"excerpt":{"rendered":"<p>Image mise en avant : Beaux-Arts_de_Carcassonne_Portrait_d&rsquo;Andr\u00e9_Ch\u00e9nier\u00a0 Si la forme versifi\u00e9e est utilis\u00e9e avec habilet\u00e9 par\u00a0Voltaire\u00a0dans son\u00a0Po\u00e8me sur le d\u00e9sastre de Lisbonne\u00a0ou dans\u00a0le Mondain, la po\u00e9sie, au sens commun du terme, ne se lib\u00e8re pas des influences du\u00a0classicisme\u00a0et l\u2019histoire litt\u00e9raire ne retient que quelques noms comme ceux de\u00a0Jacques Delille\u00a0(1738-1813) (les Jardins,\u00a01780) ou\u00a0\u00c9variste de Parny\u00a0(1753-1814) (\u00c9l\u00e9gies,\u00a01784) qui [&hellip;]<\/p>\n","protected":false},"author":1,"featured_media":11653,"parent":0,"menu_order":0,"comment_status":"closed","ping_status":"closed","template":"","meta":{"footnotes":""},"class_list":["post-11625","page","type-page","status-publish","has-post-thumbnail","hentry"],"_links":{"self":[{"href":"https:\/\/oraziopuglisi.art\/index.php\/wp-json\/wp\/v2\/pages\/11625","targetHints":{"allow":["GET"]}}],"collection":[{"href":"https:\/\/oraziopuglisi.art\/index.php\/wp-json\/wp\/v2\/pages"}],"about":[{"href":"https:\/\/oraziopuglisi.art\/index.php\/wp-json\/wp\/v2\/types\/page"}],"author":[{"embeddable":true,"href":"https:\/\/oraziopuglisi.art\/index.php\/wp-json\/wp\/v2\/users\/1"}],"replies":[{"embeddable":true,"href":"https:\/\/oraziopuglisi.art\/index.php\/wp-json\/wp\/v2\/comments?post=11625"}],"version-history":[{"count":6,"href":"https:\/\/oraziopuglisi.art\/index.php\/wp-json\/wp\/v2\/pages\/11625\/revisions"}],"predecessor-version":[{"id":11656,"href":"https:\/\/oraziopuglisi.art\/index.php\/wp-json\/wp\/v2\/pages\/11625\/revisions\/11656"}],"wp:featuredmedia":[{"embeddable":true,"href":"https:\/\/oraziopuglisi.art\/index.php\/wp-json\/wp\/v2\/media\/11653"}],"wp:attachment":[{"href":"https:\/\/oraziopuglisi.art\/index.php\/wp-json\/wp\/v2\/media?parent=11625"}],"curies":[{"name":"wp","href":"https:\/\/api.w.org\/{rel}","templated":true}]}}