{"id":11621,"date":"2024-08-26T21:06:34","date_gmt":"2024-08-26T19:06:34","guid":{"rendered":"https:\/\/oraziopuglisi.art\/?page_id=11621"},"modified":"2024-08-26T22:10:27","modified_gmt":"2024-08-26T20:10:27","slug":"la-poesie-du-xviie-siecle","status":"publish","type":"page","link":"https:\/\/oraziopuglisi.art\/index.php\/la-poesie-du-xviie-siecle\/","title":{"rendered":"La Po\u00e9sie du XVII\u00e8 Si\u00e8cle"},"content":{"rendered":"<p style=\"text-align: center;\"><strong>Image de mise en avant :<\/strong> Jean de la Fontaine par Rigaud<\/p>\n<div class=\"mw-heading mw-heading2\">\n<h2>\u00a0<\/h2>\n<h2 id=\"La_po\u00e9sie_du_XVIIe_si\u00e8cle\" style=\"text-align: justify;\">La po\u00e9sie du\u00a0<abbr class=\"abbr\" title=\"17\u1d49 si\u00e8cle\"><span class=\"romain\">XVII<\/span><sup>e<\/sup><\/abbr>\u00a0si\u00e8cle<\/h2>\n<\/div>\n<div class=\"mw-heading mw-heading3\" style=\"text-align: justify;\">\n<h3 id=\"La_po\u00e9sie_baroque\"><span id=\"La_po.C3.A9sie_baroque\"><\/span>La po\u00e9sie baroque<\/h3>\n<\/div>\n<p style=\"text-align: justify;\">Elle affirme quelques principes communs\u00a0: go\u00fbt de la sensualit\u00e9, des extr\u00eames, de l\u2019ornementation, du langage \u00e0 effets. Les po\u00e8tes notables de l&rsquo;\u00e2ge du baroque sont\u00a0<a title=\"Th\u00e9ophile de Viau\" href=\"https:\/\/fr.wikipedia.org\/wiki\/Th%C3%A9ophile_de_Viau\">Th\u00e9ophile de Viau<\/a>,\u00a0<a title=\"Pierre de Marbeuf\" href=\"https:\/\/fr.wikipedia.org\/wiki\/Pierre_de_Marbeuf\">Pierre de Marbeuf<\/a>,\u00a0<a class=\"mw-redirect\" title=\"Tristan L'Hermite (po\u00e8te)\" href=\"https:\/\/fr.wikipedia.org\/wiki\/Tristan_L%27Hermite_(po%C3%A8te)\">Tristan L\u2019Hermite<\/a>\u00a0et\u00a0<a title=\"Marc-Antoine Girard de Saint-Amant\" href=\"https:\/\/fr.wikipedia.org\/wiki\/Marc-Antoine_Girard_de_Saint-Amant\">Saint-Amant<\/a><sup id=\"cite_ref-4\" class=\"reference\"><a href=\"https:\/\/fr.wikipedia.org\/wiki\/Histoire_de_la_po%C3%A9sie_fran%C3%A7aise#cite_note-4\">4<\/a><\/sup>.<\/p>\n<div class=\"mw-heading mw-heading3\" style=\"text-align: justify;\">\n<h3 id=\"La_po\u00e9sie_classique\"><span id=\"La_po.C3.A9sie_classique\"><\/span>La po\u00e9sie classique<\/h3>\n<\/div>\n<p style=\"text-align: justify;\"><a title=\"Fran\u00e7ois de Malherbe\" href=\"https:\/\/fr.wikipedia.org\/wiki\/Fran%C3%A7ois_de_Malherbe\">Fran\u00e7ois de Malherbe<\/a>\u00a0codifie au d\u00e9but du si\u00e8cle les r\u00e8gles de la versification et est salu\u00e9 par\u00a0<a title=\"Nicolas Boileau\" href=\"https:\/\/fr.wikipedia.org\/wiki\/Nicolas_Boileau\">Boileau<\/a>\u00a0qui brille dans la po\u00e9sie d\u2019id\u00e9es avec son\u00a0<a title=\"L'Art po\u00e9tique\" href=\"https:\/\/fr.wikipedia.org\/wiki\/L%27Art_po%C3%A9tique\"><i>Art po\u00e9tique<\/i><\/a>\u00a0ou ses\u00a0<i>Satires<\/i>. Une \u0153uvre singuli\u00e8re\u00a0: les\u00a0<i>Fables<\/i>\u00a0de\u00a0<a title=\"Jean de La Fontaine\" href=\"https:\/\/fr.wikipedia.org\/wiki\/Jean_de_La_Fontaine\">La Fontaine<\/a><\/p>\n<figure class=\"mw-halign-left\" style=\"text-align: justify;\"><a class=\"mw-file-description\" href=\"https:\/\/commons.wikimedia.org\/wiki\/File:La_Fontaine_par_Rigaud.jpg?uselang=fr\"><img loading=\"lazy\" decoding=\"async\" class=\"mw-file-element\" src=\"https:\/\/upload.wikimedia.org\/wikipedia\/commons\/thumb\/e\/e1\/La_Fontaine_par_Rigaud.jpg\/100px-La_Fontaine_par_Rigaud.jpg\" srcset=\"\/\/upload.wikimedia.org\/wikipedia\/commons\/thumb\/e\/e1\/La_Fontaine_par_Rigaud.jpg\/150px-La_Fontaine_par_Rigaud.jpg 1.5x, \/\/upload.wikimedia.org\/wikipedia\/commons\/thumb\/e\/e1\/La_Fontaine_par_Rigaud.jpg\/200px-La_Fontaine_par_Rigaud.jpg 2x\" width=\"100\" height=\"126\" data-file-width=\"560\" data-file-height=\"704\" \/><\/a><figcaption>Jean de La Fontaine<\/figcaption><\/figure>\n<p style=\"text-align: justify;\">\u00c0 travers un genre \u00e0 part mineur et non codifi\u00e9,\u00a0<a title=\"Jean de La Fontaine\" href=\"https:\/\/fr.wikipedia.org\/wiki\/Jean_de_La_Fontaine\">La Fontaine<\/a>\u00a0(<a title=\"1621\" href=\"https:\/\/fr.wikipedia.org\/wiki\/1621\">1621<\/a>&#8211;<a title=\"1695\" href=\"https:\/\/fr.wikipedia.org\/wiki\/1695\">1695<\/a>) s\u2019inspire, comme les autres classiques, dans ses\u00a0<a title=\"Fable\" href=\"https:\/\/fr.wikipedia.org\/wiki\/Fable\">fables<\/a>, des\u00a0<a title=\"Querelle des Anciens et des Modernes\" href=\"https:\/\/fr.wikipedia.org\/wiki\/Querelle_des_Anciens_et_des_Modernes\">Anciens<\/a>\u00a0mais aussi du\u00a0<a title=\"Folklore\" href=\"https:\/\/fr.wikipedia.org\/wiki\/Folklore\">folklore<\/a>\u00a0fran\u00e7ais et \u00e9tranger. Il imite ses ma\u00eetres avec une grande libert\u00e9. Tout comme les personnages de\u00a0<a title=\"Moli\u00e8re\" href=\"https:\/\/fr.wikipedia.org\/wiki\/Moli%C3%A8re\">Moli\u00e8re<\/a>, ses personnages repr\u00e9sentent toutes les couches sociales. En moraliste\u00a0<a title=\"Jean de La Fontaine\" href=\"https:\/\/fr.wikipedia.org\/wiki\/Jean_de_La_Fontaine\">La Fontaine<\/a>\u00a0d\u00e9peint toute la soci\u00e9t\u00e9 fran\u00e7aise de la seconde moiti\u00e9 du si\u00e8cle. La recherche du bonheur, l\u2019homme et le pouvoir sont les trois th\u00e8mes chers \u00e0\u00a0<a title=\"Jean de La Fontaine\" href=\"https:\/\/fr.wikipedia.org\/wiki\/Jean_de_La_Fontaine\">La Fontaine<\/a>\u00a0qu\u2019on retrouve dans ses \u00ab<i>Fables<\/i>\u00bb (<a title=\"1668 en litt\u00e9rature\" href=\"https:\/\/fr.wikipedia.org\/wiki\/1668_en_litt%C3%A9rature\">1668<\/a>&#8211;<a title=\"1694 en litt\u00e9rature\" href=\"https:\/\/fr.wikipedia.org\/wiki\/1694_en_litt%C3%A9rature\">1694<\/a>). La\u00a0<a title=\"Fable\" href=\"https:\/\/fr.wikipedia.org\/wiki\/Fable\">fable<\/a>\u00a0qui \u00e9tait avant\u00a0<a title=\"Jean de La Fontaine\" href=\"https:\/\/fr.wikipedia.org\/wiki\/Jean_de_La_Fontaine\">La Fontaine<\/a>, un genre bref o\u00f9 l\u2019<a title=\"Anecdote\" href=\"https:\/\/fr.wikipedia.org\/wiki\/Anecdote\">anecdote<\/a>\u00a0se h\u00e2tait vers la\u00a0<a title=\"Morale\" href=\"https:\/\/fr.wikipedia.org\/wiki\/Morale\">morale<\/a>, devient chez lui une ample\u00a0<a title=\"Com\u00e9die\" href=\"https:\/\/fr.wikipedia.org\/wiki\/Com%C3%A9die\">com\u00e9die<\/a>\u00a0o\u00f9 tout est mis \u00e0 sa place: le\u00a0<a title=\"D\u00e9cor\" href=\"https:\/\/fr.wikipedia.org\/wiki\/D%C3%A9cor\">d\u00e9cor<\/a>, les personnages, le\u00a0<a title=\"Dialogue\" href=\"https:\/\/fr.wikipedia.org\/wiki\/Dialogue\">dialogue<\/a><sup id=\"cite_ref-5\" class=\"reference\"><a href=\"https:\/\/fr.wikipedia.org\/wiki\/Histoire_de_la_po%C3%A9sie_fran%C3%A7aise#cite_note-5\">5<\/a><\/sup>.<\/p>\n","protected":false},"excerpt":{"rendered":"<p>Image de mise en avant : Jean de la Fontaine par Rigaud \u00a0 La po\u00e9sie du\u00a0XVIIe\u00a0si\u00e8cle La po\u00e9sie baroque Elle affirme quelques principes communs\u00a0: go\u00fbt de la sensualit\u00e9, des extr\u00eames, de l\u2019ornementation, du langage \u00e0 effets. Les po\u00e8tes notables de l&rsquo;\u00e2ge du baroque sont\u00a0Th\u00e9ophile de Viau,\u00a0Pierre de Marbeuf,\u00a0Tristan L\u2019Hermite\u00a0et\u00a0Saint-Amant4. La po\u00e9sie classique Fran\u00e7ois de Malherbe\u00a0codifie [&hellip;]<\/p>\n","protected":false},"author":1,"featured_media":11649,"parent":0,"menu_order":0,"comment_status":"closed","ping_status":"closed","template":"","meta":{"footnotes":""},"class_list":["post-11621","page","type-page","status-publish","has-post-thumbnail","hentry"],"_links":{"self":[{"href":"https:\/\/oraziopuglisi.art\/index.php\/wp-json\/wp\/v2\/pages\/11621","targetHints":{"allow":["GET"]}}],"collection":[{"href":"https:\/\/oraziopuglisi.art\/index.php\/wp-json\/wp\/v2\/pages"}],"about":[{"href":"https:\/\/oraziopuglisi.art\/index.php\/wp-json\/wp\/v2\/types\/page"}],"author":[{"embeddable":true,"href":"https:\/\/oraziopuglisi.art\/index.php\/wp-json\/wp\/v2\/users\/1"}],"replies":[{"embeddable":true,"href":"https:\/\/oraziopuglisi.art\/index.php\/wp-json\/wp\/v2\/comments?post=11621"}],"version-history":[{"count":5,"href":"https:\/\/oraziopuglisi.art\/index.php\/wp-json\/wp\/v2\/pages\/11621\/revisions"}],"predecessor-version":[{"id":11652,"href":"https:\/\/oraziopuglisi.art\/index.php\/wp-json\/wp\/v2\/pages\/11621\/revisions\/11652"}],"wp:featuredmedia":[{"embeddable":true,"href":"https:\/\/oraziopuglisi.art\/index.php\/wp-json\/wp\/v2\/media\/11649"}],"wp:attachment":[{"href":"https:\/\/oraziopuglisi.art\/index.php\/wp-json\/wp\/v2\/media?parent=11621"}],"curies":[{"name":"wp","href":"https:\/\/api.w.org\/{rel}","templated":true}]}}