{"id":11589,"date":"2024-08-26T16:51:05","date_gmt":"2024-08-26T14:51:05","guid":{"rendered":"https:\/\/oraziopuglisi.art\/?page_id=11589"},"modified":"2024-08-26T21:54:49","modified_gmt":"2024-08-26T19:54:49","slug":"histoire-de-la-poesie-francaise","status":"publish","type":"page","link":"https:\/\/oraziopuglisi.art\/index.php\/histoire-de-la-poesie-francaise\/","title":{"rendered":"Histoire de la Po\u00e9sie Fran\u00e7aise"},"content":{"rendered":"<blockquote class=\"wp-embedded-content\" data-secret=\"1x2xdsULIl\"><p><a href=\"https:\/\/oraziopuglisi.art\/index.php\/generalites-3\/\">G\u00e9n\u00e9ralit\u00e9s<\/a><\/p><\/blockquote>\n<p><iframe loading=\"lazy\" class=\"wp-embedded-content\" sandbox=\"allow-scripts\" security=\"restricted\" style=\"position: absolute; visibility: hidden;\" title=\"\u00ab\u00a0G\u00e9n\u00e9ralit\u00e9s\u00a0\u00bb &#8212; Orazio Puglisi\" src=\"https:\/\/oraziopuglisi.art\/index.php\/generalites-3\/embed\/#?secret=Kuyy0rMWcU#?secret=1x2xdsULIl\" data-secret=\"1x2xdsULIl\" width=\"600\" height=\"338\" frameborder=\"0\" marginwidth=\"0\" marginheight=\"0\" scrolling=\"no\"><\/iframe><\/p>\n<blockquote class=\"wp-embedded-content\" data-secret=\"8QGZRL9wbw\"><p><a href=\"https:\/\/oraziopuglisi.art\/index.php\/la-poesie-medievale\/\">La Po\u00e9sie M\u00e9di\u00e9vale<\/a><\/p><\/blockquote>\n<p><iframe loading=\"lazy\" class=\"wp-embedded-content\" sandbox=\"allow-scripts\" security=\"restricted\" style=\"position: absolute; visibility: hidden;\" title=\"\u00ab\u00a0La Po\u00e9sie M\u00e9di\u00e9vale\u00a0\u00bb &#8212; Orazio Puglisi\" src=\"https:\/\/oraziopuglisi.art\/index.php\/la-poesie-medievale\/embed\/#?secret=cQOA0sbX6H#?secret=8QGZRL9wbw\" data-secret=\"8QGZRL9wbw\" width=\"600\" height=\"338\" frameborder=\"0\" marginwidth=\"0\" marginheight=\"0\" scrolling=\"no\"><\/iframe><\/p>\n<blockquote class=\"wp-embedded-content\" data-secret=\"PnXiDC96Kp\"><p><a href=\"https:\/\/oraziopuglisi.art\/index.php\/la-poesie-du-xvie-siecle\/\">La Po\u00e9sie du XVI\u00e8 Si\u00e8cle<\/a><\/p><\/blockquote>\n<p><iframe loading=\"lazy\" class=\"wp-embedded-content\" sandbox=\"allow-scripts\" security=\"restricted\" style=\"position: absolute; visibility: hidden;\" title=\"\u00ab\u00a0La Po\u00e9sie du XVI\u00e8 Si\u00e8cle\u00a0\u00bb &#8212; Orazio Puglisi\" src=\"https:\/\/oraziopuglisi.art\/index.php\/la-poesie-du-xvie-siecle\/embed\/#?secret=CVyMEbE7lx#?secret=PnXiDC96Kp\" data-secret=\"PnXiDC96Kp\" width=\"600\" height=\"338\" frameborder=\"0\" marginwidth=\"0\" marginheight=\"0\" scrolling=\"no\"><\/iframe><\/p>\n<blockquote class=\"wp-embedded-content\" data-secret=\"54pUkpLmRc\"><p><a href=\"https:\/\/oraziopuglisi.art\/index.php\/la-poesie-du-xviie-siecle\/\">La Po\u00e9sie du XVII\u00e8 Si\u00e8cle<\/a><\/p><\/blockquote>\n<p><iframe loading=\"lazy\" class=\"wp-embedded-content\" sandbox=\"allow-scripts\" security=\"restricted\" style=\"position: absolute; visibility: hidden;\" title=\"\u00ab\u00a0La Po\u00e9sie du XVII\u00e8 Si\u00e8cle\u00a0\u00bb &#8212; Orazio Puglisi\" src=\"https:\/\/oraziopuglisi.art\/index.php\/la-poesie-du-xviie-siecle\/embed\/#?secret=61yik4xAQv#?secret=54pUkpLmRc\" data-secret=\"54pUkpLmRc\" width=\"600\" height=\"338\" frameborder=\"0\" marginwidth=\"0\" marginheight=\"0\" scrolling=\"no\"><\/iframe><\/p>\n<blockquote class=\"wp-embedded-content\" data-secret=\"GXW76gn7qr\"><p><a href=\"https:\/\/oraziopuglisi.art\/index.php\/la-poesie-du-xviiie-siecle\/\">La Po\u00e9sie du XVIII\u00e8 Si\u00e8cle<\/a><\/p><\/blockquote>\n<p><iframe loading=\"lazy\" class=\"wp-embedded-content\" sandbox=\"allow-scripts\" security=\"restricted\" style=\"position: absolute; visibility: hidden;\" title=\"\u00ab\u00a0La Po\u00e9sie du XVIII\u00e8 Si\u00e8cle\u00a0\u00bb &#8212; Orazio Puglisi\" src=\"https:\/\/oraziopuglisi.art\/index.php\/la-poesie-du-xviiie-siecle\/embed\/#?secret=n175kvA3AQ#?secret=GXW76gn7qr\" data-secret=\"GXW76gn7qr\" width=\"600\" height=\"338\" frameborder=\"0\" marginwidth=\"0\" marginheight=\"0\" scrolling=\"no\"><\/iframe><\/p>\n<blockquote class=\"wp-embedded-content\" data-secret=\"14Y75xsKLk\"><p><a href=\"https:\/\/oraziopuglisi.art\/index.php\/la-poesie-du-xixe-siecle\/\">La Po\u00e9sie du XIX\u00e8 Si\u00e8cle<\/a><\/p><\/blockquote>\n<p><iframe loading=\"lazy\" class=\"wp-embedded-content\" sandbox=\"allow-scripts\" security=\"restricted\" style=\"position: absolute; visibility: hidden;\" title=\"\u00ab\u00a0La Po\u00e9sie du XIX\u00e8 Si\u00e8cle\u00a0\u00bb &#8212; Orazio Puglisi\" src=\"https:\/\/oraziopuglisi.art\/index.php\/la-poesie-du-xixe-siecle\/embed\/#?secret=GvZKdiY2VK#?secret=14Y75xsKLk\" data-secret=\"14Y75xsKLk\" width=\"600\" height=\"338\" frameborder=\"0\" marginwidth=\"0\" marginheight=\"0\" scrolling=\"no\"><\/iframe><\/p>\n<blockquote class=\"wp-embedded-content\" data-secret=\"CjvPnemlFo\"><p><a href=\"https:\/\/oraziopuglisi.art\/index.php\/la-poesie-du-xxe-siecle\/\">La Po\u00e9sie du XX\u00e8 Si\u00e8cle<\/a><\/p><\/blockquote>\n<p><iframe loading=\"lazy\" class=\"wp-embedded-content\" sandbox=\"allow-scripts\" security=\"restricted\" style=\"position: absolute; visibility: hidden;\" title=\"\u00ab\u00a0La Po\u00e9sie du XX\u00e8 Si\u00e8cle\u00a0\u00bb &#8212; Orazio Puglisi\" src=\"https:\/\/oraziopuglisi.art\/index.php\/la-poesie-du-xxe-siecle\/embed\/#?secret=YN5jCXJBsq#?secret=CjvPnemlFo\" data-secret=\"CjvPnemlFo\" width=\"600\" height=\"338\" frameborder=\"0\" marginwidth=\"0\" marginheight=\"0\" scrolling=\"no\"><\/iframe><\/p>\n<blockquote class=\"wp-embedded-content\" data-secret=\"vOFPuApZKv\"><p><a href=\"https:\/\/oraziopuglisi.art\/index.php\/5876-poemes-francais\/\">5876 Po\u00e8mes fran\u00e7ais<\/a><\/p><\/blockquote>\n<p><iframe loading=\"lazy\" class=\"wp-embedded-content\" sandbox=\"allow-scripts\" security=\"restricted\" style=\"position: absolute; visibility: hidden;\" title=\"\u00ab\u00a05876 Po\u00e8mes fran\u00e7ais\u00a0\u00bb &#8212; Orazio Puglisi\" src=\"https:\/\/oraziopuglisi.art\/index.php\/5876-poemes-francais\/embed\/#?secret=mRl8YLXO8b#?secret=vOFPuApZKv\" data-secret=\"vOFPuApZKv\" width=\"600\" height=\"338\" frameborder=\"0\" marginwidth=\"0\" marginheight=\"0\" scrolling=\"no\"><\/iframe><\/p>\n<p>&nbsp;<\/p>\n<ul id=\"bandeau-portail\" class=\"bandeau-portail\" style=\"text-align: justify;\"><\/ul>\n","protected":false},"excerpt":{"rendered":"<p>G\u00e9n\u00e9ralit\u00e9s La Po\u00e9sie M\u00e9di\u00e9vale La Po\u00e9sie du XVI\u00e8 Si\u00e8cle La Po\u00e9sie du XVII\u00e8 Si\u00e8cle La Po\u00e9sie du XVIII\u00e8 Si\u00e8cle La Po\u00e9sie du XIX\u00e8 Si\u00e8cle La Po\u00e9sie du XX\u00e8 Si\u00e8cle 5876 Po\u00e8mes fran\u00e7ais &nbsp;<\/p>\n","protected":false},"author":1,"featured_media":11607,"parent":0,"menu_order":0,"comment_status":"closed","ping_status":"closed","template":"","meta":{"footnotes":""},"class_list":["post-11589","page","type-page","status-publish","has-post-thumbnail","hentry"],"_links":{"self":[{"href":"https:\/\/oraziopuglisi.art\/index.php\/wp-json\/wp\/v2\/pages\/11589","targetHints":{"allow":["GET"]}}],"collection":[{"href":"https:\/\/oraziopuglisi.art\/index.php\/wp-json\/wp\/v2\/pages"}],"about":[{"href":"https:\/\/oraziopuglisi.art\/index.php\/wp-json\/wp\/v2\/types\/page"}],"author":[{"embeddable":true,"href":"https:\/\/oraziopuglisi.art\/index.php\/wp-json\/wp\/v2\/users\/1"}],"replies":[{"embeddable":true,"href":"https:\/\/oraziopuglisi.art\/index.php\/wp-json\/wp\/v2\/comments?post=11589"}],"version-history":[{"count":14,"href":"https:\/\/oraziopuglisi.art\/index.php\/wp-json\/wp\/v2\/pages\/11589\/revisions"}],"predecessor-version":[{"id":11645,"href":"https:\/\/oraziopuglisi.art\/index.php\/wp-json\/wp\/v2\/pages\/11589\/revisions\/11645"}],"wp:featuredmedia":[{"embeddable":true,"href":"https:\/\/oraziopuglisi.art\/index.php\/wp-json\/wp\/v2\/media\/11607"}],"wp:attachment":[{"href":"https:\/\/oraziopuglisi.art\/index.php\/wp-json\/wp\/v2\/media?parent=11589"}],"curies":[{"name":"wp","href":"https:\/\/api.w.org\/{rel}","templated":true}]}}