{"id":11584,"date":"2024-08-26T16:30:32","date_gmt":"2024-08-26T14:30:32","guid":{"rendered":"https:\/\/oraziopuglisi.art\/?page_id=11584"},"modified":"2024-08-26T18:06:30","modified_gmt":"2024-08-26T16:06:30","slug":"poesie-davant-garde","status":"publish","type":"page","link":"https:\/\/oraziopuglisi.art\/index.php\/poesie-davant-garde\/","title":{"rendered":"Po\u00e9sie d&rsquo;Avant Garde"},"content":{"rendered":"<p style=\"text-align: justify;\">Au\u00a0<abbr class=\"abbr\" title=\"20\u1d49 si\u00e8cle\"><span class=\"romain\">XX<\/span><sup>e<\/sup><\/abbr>\u00a0si\u00e8cle, en parall\u00e8le \u00e0 divers courants po\u00e9tiques, s\u2019est d\u00e9velopp\u00e9e une po\u00e9sie contestataire aussi bien sur le plan politique, que sur le plan linguistique. Cet \u00e9lan, qui est synth\u00e9tis\u00e9 sous le nom d\u2019<b><a title=\"Avant-garde (art)\" href=\"https:\/\/fr.wikipedia.org\/wiki\/Avant-garde_(art)\">avant-garde<\/a><\/b>\u00a0est n\u00e9 avec les\u00a0<a class=\"mw-redirect\" title=\"Futuriste\" href=\"https:\/\/fr.wikipedia.org\/wiki\/Futuriste\">futuristes<\/a>\u00a0italiens et russes et le mouvement\u00a0<a title=\"Dada\" href=\"https:\/\/fr.wikipedia.org\/wiki\/Dada\">dada<\/a>, notamment\u00a0<a title=\"Raoul Hausmann\" href=\"https:\/\/fr.wikipedia.org\/wiki\/Raoul_Hausmann\">Raoul Hausmann<\/a>\u00a0ou\u00a0<a title=\"Kurt Schwitters\" href=\"https:\/\/fr.wikipedia.org\/wiki\/Kurt_Schwitters\">Kurt Schwitters<\/a>. Les avant-gardes, loin de n\u2019\u00eatre que des \u00e9piph\u00e9nom\u00e8nes dans l\u2019histoire de la po\u00e9sie, ont travers\u00e9 le si\u00e8cle pour aboutir aux exp\u00e9riences litt\u00e9raires d\u00e9velopp\u00e9es par des \u00e9crivains comme\u00a0<a title=\"Christian Prigent\" href=\"https:\/\/fr.wikipedia.org\/wiki\/Christian_Prigent\">Christian Prigent<\/a>,\u00a0<a title=\"Jean-Pierre Verheggen\" href=\"https:\/\/fr.wikipedia.org\/wiki\/Jean-Pierre_Verheggen\">Jean-Pierre Verheggen<\/a>, visant une forme de d\u00e9construction po\u00e9tique de la modernit\u00e9.<\/p>\n<p style=\"text-align: justify;\">La d\u00e9nonciation sur laquelle s\u2019appuie les avant-gardes est celle de la liaison entre le pouvoir politique et le langage, notamment le langage journalistique, tel que l\u2019\u00e9nonce d\u2019embl\u00e9e\u00a0<a title=\"Hugo Ball\" href=\"https:\/\/fr.wikipedia.org\/wiki\/Hugo_Ball\">Hugo Ball<\/a>. C\u2019est pour cela que les avant-gardes visent une modernit\u00e9 n\u00e9gative, un retournement des valeurs, et recherchent une forme de langage non ali\u00e9n\u00e9 par la soci\u00e9t\u00e9, proche des intensit\u00e9s du corps. Les premi\u00e8res cr\u00e9ations marquantes sont celles de\u00a0<a title=\"Raoul Hausmann\" href=\"https:\/\/fr.wikipedia.org\/wiki\/Raoul_Hausmann\">Raoul Hausmann<\/a>\u00a0puis de\u00a0<a title=\"Kurt Schwitters\" href=\"https:\/\/fr.wikipedia.org\/wiki\/Kurt_Schwitters\">Kurt Schwitters<\/a>\u00a0et son po\u00e8me\u00a0<i>Ursonate<\/i>. Il s\u2019agit de cr\u00e9er un po\u00e8me sonore, qui s\u2019affranchit de l\u2019intelligibilit\u00e9 courante des mots et qui par leur\u00a0<i>phon\u00e9tisme<\/i>, d\u00e9clenche \u00e0 une approche sensible. Dans cet horizon\u00a0<a title=\"Antonin Artaud\" href=\"https:\/\/fr.wikipedia.org\/wiki\/Antonin_Artaud\">Antonin Artaud<\/a>, se d\u00e9marquant du surr\u00e9alisme, tentera une approche po\u00e9tique li\u00e9e au souffle, que cela soit par la recherche d\u2019un langage plus corporel (recherche de signes qu\u2019il compare m\u00e9taphoriquement aux hi\u00e9roglyphes). Des d\u00e9marches aussi radicales se d\u00e9veloppent dans des directions diff\u00e9rentes comme le\u00a0<a title=\"Lettrisme\" href=\"https:\/\/fr.wikipedia.org\/wiki\/Lettrisme\">lettrisme<\/a>\u00a0d&rsquo;<a title=\"Isidore Isou\" href=\"https:\/\/fr.wikipedia.org\/wiki\/Isidore_Isou\">Isidore Isou<\/a>\u00a0ou dans le d\u00e9veloppement des performances po\u00e9tiques.<\/p>\n<p style=\"text-align: justify;\">En liaison avec les recherches d\u2019avant-garde, \u00e0 partir des ann\u00e9es 1950 est apparue une d\u00e9marche po\u00e9tique voulant rompre avec le livre. Ces cr\u00e9ations, dans la lign\u00e9e des approches sonores issues aussi bien de la musique bruitiste des futuristes italiens, que des approches phon\u00e9tiques de\u00a0<a title=\"Dada\" href=\"https:\/\/fr.wikipedia.org\/wiki\/Dada\">Dada<\/a>, en France, a eu comme repr\u00e9sentant majeur\u00a0<a title=\"Bernard Heidsieck\" href=\"https:\/\/fr.wikipedia.org\/wiki\/Bernard_Heidsieck\">Bernard Heidsieck<\/a>,\u00a0<a title=\"Fran\u00e7ois Dufr\u00eane\" href=\"https:\/\/fr.wikipedia.org\/wiki\/Fran%C3%A7ois_Dufr%C3%AAne\">Fran\u00e7ois Dufr\u00eane<\/a>\u00a0et\u00a0<a title=\"Henri Chopin\" href=\"https:\/\/fr.wikipedia.org\/wiki\/Henri_Chopin\">Henri Chopin<\/a>, tous les trois inventeurs de la\u00a0<i><a title=\"Po\u00e9sie sonore\" href=\"https:\/\/fr.wikipedia.org\/wiki\/Po%C3%A9sie_sonore\">po\u00e9sie sonore<\/a><\/i>. Au d\u00e9but des ann\u00e9es 1960,\u00a0<a title=\"Pierre Garnier (po\u00e8te)\" href=\"https:\/\/fr.wikipedia.org\/wiki\/Pierre_Garnier_(po%C3%A8te)\">Pierre Garnier<\/a>, avec sa femme\u00a0<a title=\"Ilse Garnier\" href=\"https:\/\/fr.wikipedia.org\/wiki\/Ilse_Garnier\">Ilse<\/a>, synth\u00e9tise quant \u00e0 lui diverses exp\u00e9riences men\u00e9es dans le domaine de la\u00a0<a title=\"Po\u00e9sie visuelle\" href=\"https:\/\/fr.wikipedia.org\/wiki\/Po%C3%A9sie_visuelle\">po\u00e9sie visuelle<\/a>\u00a0et cr\u00e9e le\u00a0<a title=\"Spatialisme (po\u00e9sie)\" href=\"https:\/\/fr.wikipedia.org\/wiki\/Spatialisme_(po%C3%A9sie)\">spatialisme<\/a>, et\u00a0<a title=\"Julien Blaine\" href=\"https:\/\/fr.wikipedia.org\/wiki\/Julien_Blaine\">Julien Blaine<\/a>, la\u00a0<i>po\u00e9sie action<\/i>\u00a0ou\u00a0<i>\u00e9l\u00e9mentaire<\/i>.<\/p>\n<p style=\"text-align: justify;\">Face \u00e0 la radicalisation des avant-gardes, s\u2019est d\u00e9velopp\u00e9e \u00e0 partir des ann\u00e9es 1980 une approche plus\u00a0<a title=\"Postmodernisme\" href=\"https:\/\/fr.wikipedia.org\/wiki\/Postmodernisme\">post-moderne<\/a>, li\u00e9e en partie \u00e0 l\u2019<a title=\"Objectivisme (litt\u00e9rature)\" href=\"https:\/\/fr.wikipedia.org\/wiki\/Objectivisme_(litt%C3%A9rature)\">objectivisme<\/a>\u00a0am\u00e9ricain\u00a0: effacement de l\u2019auteur au profit de recherches formelles portant sur des langages para-litt\u00e9raires. Cette approche a \u00e9t\u00e9 visible avec les premiers textes publi\u00e9s d\u2019<a title=\"Olivier Cadiot\" href=\"https:\/\/fr.wikipedia.org\/wiki\/Olivier_Cadiot\">Olivier Cadiot<\/a>, puis la cr\u00e9ation en 1989 de la revue\u00a0<i><a title=\"Java (revue)\" href=\"https:\/\/fr.wikipedia.org\/wiki\/Java_(revue)\">Java<\/a><\/i>\u00a0anim\u00e9e par\u00a0<a title=\"Jean-Michel Espitallier\" href=\"https:\/\/fr.wikipedia.org\/wiki\/Jean-Michel_Espitallier\">Jean-Michel Espitallier<\/a>,\u00a0<a title=\"Vannina Maestri\" href=\"https:\/\/fr.wikipedia.org\/wiki\/Vannina_Maestri\">Vannina Maestri<\/a>\u00a0et\u00a0<a title=\"Jacques Sivan\" href=\"https:\/\/fr.wikipedia.org\/wiki\/Jacques_Sivan\">Jacques Sivan<\/a>.<\/p>\n<p style=\"text-align: justify;\">Plus r\u00e9cemment encore, en partie \u00e0 la suite du d\u00e9veloppement de la performance ou des lectures publiques, de nouvelles formes po\u00e9tiques ont fait irruption, sortant r\u00e9solument du livre et prenant des directions multiples comme le\u00a0<a title=\"Multim\u00e9dia\" href=\"https:\/\/fr.wikipedia.org\/wiki\/Multim%C3%A9dia\">multim\u00e9dia<\/a>\u00a0(<a title=\"Po\u00e9sie multim\u00e9dia\" href=\"https:\/\/fr.wikipedia.org\/wiki\/Po%C3%A9sie_multim%C3%A9dia\">po\u00e9sie multim\u00e9dia<\/a>), avec le d\u00e9veloppement de la\u00a0<a title=\"Vid\u00e9o po\u00e9sie\" href=\"https:\/\/fr.wikipedia.org\/wiki\/Vid%C3%A9o_po%C3%A9sie\">vid\u00e9o po\u00e9sie<\/a>, du biologique (<a title=\"Eduardo Kac\" href=\"https:\/\/fr.wikipedia.org\/wiki\/Eduardo_Kac\">Eduardo Kac<\/a>), de la\u00a0<a title=\"Spatialisme (po\u00e9sie)\" href=\"https:\/\/fr.wikipedia.org\/wiki\/Spatialisme_(po%C3%A9sie)\">po\u00e9sie spatiale<\/a>, de la po\u00e9sie\u00a0<a title=\"Art g\u00e9n\u00e9ratif\" href=\"https:\/\/fr.wikipedia.org\/wiki\/Art_g%C3%A9n%C3%A9ratif\">g\u00e9n\u00e9rative<\/a>\u00a0(<a title=\"Jean-Pierre Balpe\" href=\"https:\/\/fr.wikipedia.org\/wiki\/Jean-Pierre_Balpe\">Jean-Pierre Balpe<\/a>), ou plus g\u00e9n\u00e9ralement de la\u00a0<a title=\"Po\u00e9sie num\u00e9rique\" href=\"https:\/\/fr.wikipedia.org\/wiki\/Po%C3%A9sie_num%C3%A9rique\">po\u00e9sie num\u00e9rique<\/a>.<\/p>\n<div class=\"mw-heading mw-heading2\" style=\"text-align: justify;\">\n<h2 id=\"Bibliographie\">Bibliographie<\/h2>\n<\/div>\n<ul style=\"text-align: justify;\">\n<li>Winfried Wehle: Le Lyrisme: Avant-Garde d&rsquo;une \u00ab\u00a0Esth\u00e9tique toute neuve\u00a0\u00bb, Revue d&rsquo;Histoire litt\u00e9raire de la France \u2116 3 2011,\u00a0<abbr class=\"abbr\" title=\"page(s)\">p.<\/abbr>\u00a0<span class=\"nowrap\">667-694<\/span>.\u00a0<a class=\"external text\" href=\"http:\/\/edoc.ku-eichstaett.de\/8233\/1\/Lyrik_RHLF.pdf\" rel=\"nofollow\">PDF<\/a><small class=\"cachelinks\">\u00a0[<a title=\"archive sur Wikiwix\" href=\"https:\/\/archive.wikiwix.com\/cache\/?url=http%3A%2F%2Fedoc.ku-eichstaett.de%2F8233%2F1%2FLyrik_RHLF.pdf\">archive<\/a>]<\/small><\/li>\n<\/ul>\n<ul style=\"text-align: justify;\">\n<li><a title=\"Serge Fauchereau\" href=\"https:\/\/fr.wikipedia.org\/wiki\/Serge_Fauchereau\">Serge Fauchereau<\/a>\u00a0(1939-),\u00a0<i>Avant-gardes du\u00a0<abbr class=\"abbr\" title=\"20\u1d49 si\u00e8cle\"><span class=\"romain\">XX<\/span><sup>e<\/sup><\/abbr>\u00a0si\u00e8cle, arts et litt\u00e9rature, 1905-1930<\/i>, Paris, Flammarion, 2016,\u00a0<small>(<a title=\"International Standard Book Number\" href=\"https:\/\/fr.wikipedia.org\/wiki\/International_Standard_Book_Number\">ISBN<\/a>\u00a0<a title=\"Sp\u00e9cial:Ouvrages de r\u00e9f\u00e9rence\/978-2-0813-9041-6\" href=\"https:\/\/fr.wikipedia.org\/wiki\/Sp%C3%A9cial:Ouvrages_de_r%C3%A9f%C3%A9rence\/978-2-0813-9041-6\"><span class=\"nowrap\">978-2-0813-9041-6<\/span><\/a>)<\/small><\/li>\n<\/ul>\n<div class=\"mw-heading mw-heading2\" style=\"text-align: justify;\">\n<h2 id=\"Annexes\">Annexes<\/h2>\n<\/div>\n<div class=\"mw-heading mw-heading3\" style=\"text-align: justify;\">\n<h3 id=\"Articles_connexes\">Articles connexes<\/h3>\n<\/div>\n<ul>\n<li style=\"text-align: justify;\"><a title=\"Avant-garde (art)\" href=\"https:\/\/fr.wikipedia.org\/wiki\/Avant-garde_(art)\">Avant-garde (art)<\/a><\/li>\n<li style=\"text-align: justify;\"><a title=\"Scapigliatura\" href=\"https:\/\/fr.wikipedia.org\/wiki\/Scapigliatura\">Scapigliatura<\/a><\/li>\n<li style=\"text-align: justify;\"><a title=\"Dada\" href=\"https:\/\/fr.wikipedia.org\/wiki\/Dada\">Dada<\/a>,\u00a0<a title=\"Surr\u00e9alisme\" href=\"https:\/\/fr.wikipedia.org\/wiki\/Surr%C3%A9alisme\">Surr\u00e9alisme<\/a><\/li>\n<li style=\"text-align: justify;\"><a title=\"Vorticisme\" href=\"https:\/\/fr.wikipedia.org\/wiki\/Vorticisme\">Vorticisme<\/a>,\u00a0<a title=\"Imagisme\" href=\"https:\/\/fr.wikipedia.org\/wiki\/Imagisme\">Imagisme<\/a>,\u00a0<a title=\"Imaginisme\" href=\"https:\/\/fr.wikipedia.org\/wiki\/Imaginisme\">Imaginisme<\/a>,\u00a0<a title=\"Lettrisme\" href=\"https:\/\/fr.wikipedia.org\/wiki\/Lettrisme\">Lettrisme<\/a><\/li>\n<li style=\"text-align: justify;\"><a class=\"new\" title=\"List of avant-garde artists (page inexistante)\" href=\"https:\/\/fr.wikipedia.org\/w\/index.php?title=List_of_avant-garde_artists&amp;action=edit&amp;redlink=1\">List of avant-garde artists<\/a>\u00a0<a class=\"extiw\" title=\"en:List of avant-garde artists\" href=\"https:\/\/en.wikipedia.org\/wiki\/List_of_avant-garde_artists\"><span class=\"indicateur-langue\" title=\"Article en anglais\u00a0: \u00ab\u00a0List of avant-garde artists\u00a0\u00bb\">(en)<\/span><\/a><\/li>\n<\/ul>\n","protected":false},"excerpt":{"rendered":"<p>Au\u00a0XXe\u00a0si\u00e8cle, en parall\u00e8le \u00e0 divers courants po\u00e9tiques, s\u2019est d\u00e9velopp\u00e9e une po\u00e9sie contestataire aussi bien sur le plan politique, que sur le plan linguistique. Cet \u00e9lan, qui est synth\u00e9tis\u00e9 sous le nom d\u2019avant-garde\u00a0est n\u00e9 avec les\u00a0futuristes\u00a0italiens et russes et le mouvement\u00a0dada, notamment\u00a0Raoul Hausmann\u00a0ou\u00a0Kurt Schwitters. Les avant-gardes, loin de n\u2019\u00eatre que des \u00e9piph\u00e9nom\u00e8nes dans l\u2019histoire de la [&hellip;]<\/p>\n","protected":false},"author":1,"featured_media":11606,"parent":0,"menu_order":0,"comment_status":"closed","ping_status":"closed","template":"","meta":{"footnotes":""},"class_list":["post-11584","page","type-page","status-publish","has-post-thumbnail","hentry"],"_links":{"self":[{"href":"https:\/\/oraziopuglisi.art\/index.php\/wp-json\/wp\/v2\/pages\/11584","targetHints":{"allow":["GET"]}}],"collection":[{"href":"https:\/\/oraziopuglisi.art\/index.php\/wp-json\/wp\/v2\/pages"}],"about":[{"href":"https:\/\/oraziopuglisi.art\/index.php\/wp-json\/wp\/v2\/types\/page"}],"author":[{"embeddable":true,"href":"https:\/\/oraziopuglisi.art\/index.php\/wp-json\/wp\/v2\/users\/1"}],"replies":[{"embeddable":true,"href":"https:\/\/oraziopuglisi.art\/index.php\/wp-json\/wp\/v2\/comments?post=11584"}],"version-history":[{"count":2,"href":"https:\/\/oraziopuglisi.art\/index.php\/wp-json\/wp\/v2\/pages\/11584\/revisions"}],"predecessor-version":[{"id":11586,"href":"https:\/\/oraziopuglisi.art\/index.php\/wp-json\/wp\/v2\/pages\/11584\/revisions\/11586"}],"wp:featuredmedia":[{"embeddable":true,"href":"https:\/\/oraziopuglisi.art\/index.php\/wp-json\/wp\/v2\/media\/11606"}],"wp:attachment":[{"href":"https:\/\/oraziopuglisi.art\/index.php\/wp-json\/wp\/v2\/media?parent=11584"}],"curies":[{"name":"wp","href":"https:\/\/api.w.org\/{rel}","templated":true}]}}