{"id":11571,"date":"2024-08-26T16:20:49","date_gmt":"2024-08-26T14:20:49","guid":{"rendered":"https:\/\/oraziopuglisi.art\/?page_id=11571"},"modified":"2024-08-26T17:42:31","modified_gmt":"2024-08-26T15:42:31","slug":"la-fonction-poetique","status":"publish","type":"page","link":"https:\/\/oraziopuglisi.art\/index.php\/la-fonction-poetique\/","title":{"rendered":"La Fonction Po\u00e9tique"},"content":{"rendered":"<p style=\"text-align: justify;\">Le\u00a0<b>sch\u00e9ma de\u00a0<a title=\"Roman Jakobson\" href=\"https:\/\/fr.wikipedia.org\/wiki\/Roman_Jakobson\">Jakobson<\/a><\/b>\u00a0est un mod\u00e8le d\u00e9crivant les diff\u00e9rentes fonctions du langage. Il a \u00e9t\u00e9 d\u00e9velopp\u00e9 \u00e0 la suite des \u00e9tudes de\u00a0<a title=\"Karl B\u00fchler\" href=\"https:\/\/fr.wikipedia.org\/wiki\/Karl_B%C3%BChler\">Karl B\u00fchler<\/a>, dont le mod\u00e8le se limitait aux fonctions \u00e9motive (expressive), conative (relative au r\u00e9cepteur) et r\u00e9f\u00e9rentielle (le monde ext\u00e9rieur).<\/p>\n<figure style=\"text-align: justify;\"><a class=\"mw-file-description\" href=\"https:\/\/commons.wikimedia.org\/wiki\/File:Schema_communication_generale_jakobson.png?uselang=fr\"><img loading=\"lazy\" decoding=\"async\" class=\"mw-file-element\" src=\"https:\/\/upload.wikimedia.org\/wikipedia\/commons\/1\/1b\/Schema_communication_generale_jakobson.png\" width=\"451\" height=\"251\" data-file-width=\"451\" data-file-height=\"251\" \/><\/a><figcaption>Sch\u00e9ma de la communication verbale, d&rsquo;apr\u00e8s Jakobson<sup id=\"cite_ref-Jakobson_1-0\" class=\"reference\"><a href=\"https:\/\/fr.wikipedia.org\/wiki\/Sch%C3%A9ma_de_Jakobson#cite_note-Jakobson-1\">1<\/a><\/sup>. \u00c0 chacun des six facteurs inali\u00e9nables de la communication correspond une des six fonctions du langage (entre parenth\u00e8ses).<\/figcaption><\/figure>\n<div class=\"mw-heading mw-heading2\" style=\"text-align: justify;\">\n<h2 id=\"Cadre_de_l'\u00e9change_linguistique\"><span id=\"Cadre_de_l.27.C3.A9change_linguistique\"><\/span>Cadre de l&rsquo;\u00e9change linguistique<\/h2>\n<\/div>\n<p style=\"text-align: justify;\">D&rsquo;apr\u00e8s\u00a0<a title=\"Roman Jakobson\" href=\"https:\/\/fr.wikipedia.org\/wiki\/Roman_Jakobson\">Roman Jakobson<\/a><sup id=\"cite_ref-Jakobson_1-1\" class=\"reference\"><a href=\"https:\/\/fr.wikipedia.org\/wiki\/Sch%C3%A9ma_de_Jakobson#cite_note-Jakobson-1\">1<\/a><\/sup>, \u00ab\u00a0le langage doit \u00eatre \u00e9tudi\u00e9 dans toutes ses fonctions\u00a0\u00bb. C&rsquo;est-\u00e0-dire que le linguiste doit s&rsquo;attacher \u00e0 comprendre \u00e0 quoi sert le langage, et s&rsquo;il sert \u00e0 plusieurs choses. \u00ab\u00a0Pour donner une id\u00e9e de ses fonctions, un aper\u00e7u sommaire portant sur les facteurs constitutifs de tout proc\u00e8s\u00a0<a title=\"Linguistique\" href=\"https:\/\/fr.wikipedia.org\/wiki\/Linguistique\">linguistique<\/a>, de tout acte de communication verbale, est n\u00e9cessaire\u00a0\u00bb. Les voici\u00a0:<\/p>\n<ul style=\"text-align: justify;\">\n<li>Le\u00a0<b>message<\/b>\u00a0lui-m\u00eame\u00a0;<\/li>\n<li>\u00ab\u00a0Le\u00a0<b>destinateur<\/b>\u00a0envoie un message au destinataire\u00a0\u00bb\u00a0;<\/li>\n<li>Le\u00a0<b>destinataire<\/b>\u00a0est cens\u00e9 recevoir le message\u00a0;<\/li>\n<li>\u00ab\u00a0Pour \u00eatre op\u00e9rant, le message requiert d&rsquo;abord un\u00a0<b>contexte<\/b>\u00a0auquel il renvoie (c&rsquo;est ce qu&rsquo;on appelle aussi, dans une terminologie quelque peu ambigu\u00eb, le \u00ab\u00a0r\u00e9f\u00e9rent\u00a0\u00bb<sup id=\"cite_ref-referent_2-0\" class=\"reference\"><a href=\"https:\/\/fr.wikipedia.org\/wiki\/Sch%C3%A9ma_de_Jakobson#cite_note-referent-2\">2<\/a><\/sup>), contexte saisissable par le destinataire<sup id=\"cite_ref-3\" class=\"reference\"><a href=\"https:\/\/fr.wikipedia.org\/wiki\/Sch%C3%A9ma_de_Jakobson#cite_note-3\">3<\/a><\/sup>, et qui est soit verbal, soit susceptible d&rsquo;\u00eatre verbalis\u00e9\u00a0\u00bb\u00a0;<\/li>\n<li>\u00ab\u00a0le message requiert un\u00a0<b>code<\/b>, commun, en tout ou au moins en partie, au destinateur et au destinataire (ou, en d&rsquo;autres termes, \u00e0 l&rsquo;encodeur et au d\u00e9codeur du message)\u00a0\u00bb\u00a0;<\/li>\n<li>\u00ab\u00a0le message requiert un\u00a0<b>contact<\/b>, un canal physique et une connexion psychologique entre le destinateur et le destinataire, contact qui leur permet d&rsquo;\u00e9tablir et de maintenir la communication\u00a0\u00bb.<\/li>\n<\/ul>\n<p style=\"text-align: justify;\">Les six fonctions de la\u00a0<a title=\"Communication\" href=\"https:\/\/fr.wikipedia.org\/wiki\/Communication\">communication<\/a>\u00a0telles que les identifie\u00a0<a title=\"Roman Jakobson\" href=\"https:\/\/fr.wikipedia.org\/wiki\/Roman_Jakobson\">Roman Jakobson<\/a>\u00a0sont chacune li\u00e9es \u00e0 un de ces \u00e9l\u00e9ments.<\/p>\n<p style=\"text-align: justify;\">Les fonctions du langage sont les suivantes\u00a0:<\/p>\n<ul style=\"text-align: justify;\">\n<li>fonction expressive (expression des sentiments du locuteur)<\/li>\n<li>fonction conative (fonction relative au r\u00e9cepteur)<\/li>\n<li>fonction\u00a0<a title=\"Fonction phatique\" href=\"https:\/\/fr.wikipedia.org\/wiki\/Fonction_phatique\">phatique<\/a>\u00a0(mise en place et maintien de la communication)<\/li>\n<li>fonction\u00a0<a title=\"M\u00e9talinguistique\" href=\"https:\/\/fr.wikipedia.org\/wiki\/M%C3%A9talinguistique\">m\u00e9talinguistique<\/a>\u00a0(le code lui-m\u00eame devient objet du message)<\/li>\n<li>fonction\u00a0<a title=\"R\u00e9f\u00e9rence (philosophie)\" href=\"https:\/\/fr.wikipedia.org\/wiki\/R%C3%A9f%C3%A9rence_(philosophie)\">r\u00e9f\u00e9rentielle<\/a>\u00a0(le message renvoie au monde ext\u00e9rieur)<\/li>\n<li>fonction po\u00e9tique (la forme du texte devient l&rsquo;essentiel du message)<\/li>\n<\/ul>\n<p style=\"text-align: justify;\">Il consid\u00e8re d&rsquo;ailleurs que ces fonctions\u00a0<span class=\"citation\">\u00ab\u00a0ne s&rsquo;excluent pas les unes les autres, mais que souvent elles se superposent\u00a0\u00bb<\/span>. Le langage peut ainsi servir \u00e0 plusieurs choses \u00e0 la fois\u00a0: maintenir le contact (fonction phatique) tout en prenant pour objet le code du message (fonction m\u00e9talinguistique), par exemple, dans\u00a0<span class=\"citation\">\u00ab\u00a0as-tu compris ce que je t&rsquo;ai dit\u00a0?\u00a0\u00bb<\/span>.<\/p>\n<div class=\"mw-heading mw-heading3\" style=\"text-align: justify;\">\n<h3 id=\"La_fonction_expressive\">La fonction expressive<\/h3>\n<\/div>\n<p style=\"text-align: justify;\">Il s&rsquo;agit de la fonction relative \u00e0 l&rsquo;<a title=\"\u00c9metteur (communication)\" href=\"https:\/\/fr.wikipedia.org\/wiki\/%C3%89metteur_(communication)\">\u00e9metteur<\/a>. Elle est utilis\u00e9e par le destinateur pour informer le\u00a0<a title=\"R\u00e9cepteur (communication)\" href=\"https:\/\/fr.wikipedia.org\/wiki\/R%C3%A9cepteur_(communication)\">r\u00e9cepteur<\/a>\u00a0sur sa propre\u00a0<a title=\"Personnalit\u00e9\" href=\"https:\/\/fr.wikipedia.org\/wiki\/Personnalit%C3%A9\">personnalit\u00e9<\/a>\u00a0ou ses propres pens\u00e9es\u00a0: pour Jakobson, \u00ab\u00a0elle vise \u00e0 une expression directe de l&rsquo;attitude du sujet \u00e0 l&rsquo;\u00e9gard de ce dont il parle. Elle tend \u00e0 donner l&rsquo;impression d&rsquo;une certaine \u00e9motion, vraie ou feinte\u00a0; c&rsquo;est pourquoi la d\u00e9nomination de fonction \u00ab\u00a0\u00e9motive\u00a0\u00bb, propos\u00e9e par Marty<sup id=\"cite_ref-4\" class=\"reference\"><a href=\"https:\/\/fr.wikipedia.org\/wiki\/Sch%C3%A9ma_de_Jakobson#cite_note-4\">4<\/a><\/sup>\u00a0s&rsquo;est r\u00e9v\u00e9l\u00e9e pr\u00e9f\u00e9rable \u00e0 \u00ab\u00a0fonction \u00e9motionnelle\u00a0\u00bb<sup id=\"cite_ref-5\" class=\"reference\"><a href=\"https:\/\/fr.wikipedia.org\/wiki\/Sch%C3%A9ma_de_Jakobson#cite_note-5\">5<\/a><\/sup>. La couche purement \u00e9motive, dans la langue, est pr\u00e9sent\u00e9e par les interjections\u00a0\u00bb<sup id=\"cite_ref-Jakobson_1-2\" class=\"reference\"><a href=\"https:\/\/fr.wikipedia.org\/wiki\/Sch%C3%A9ma_de_Jakobson#cite_note-Jakobson-1\">1<\/a><\/sup>.<\/p>\n<p style=\"text-align: justify;\">Jakobson donne pour exemple d&rsquo;utilisation de la fonction expressive la r\u00e9p\u00e9tition, quarante fois, de\u00a0<i>Segodnja ve\u010derom<\/i>\u00a0(\u00ab\u00a0ce soir\u00a0\u00bb, en\u00a0<a title=\"Russe\" href=\"https:\/\/fr.wikipedia.org\/wiki\/Russe\">russe<\/a>) par un acteur qui passait son audition chez\u00a0<a class=\"mw-redirect\" title=\"Stanislavski\" href=\"https:\/\/fr.wikipedia.org\/wiki\/Stanislavski\">Stanislavski<\/a>. Chaque fois cet acteur devait varier l&rsquo;intonation de\u00a0<i>ce soir<\/i>\u00a0selon une situation bien pr\u00e9cise, impos\u00e9e par Stanislavski\u00a0; pour que l&rsquo;audition soit r\u00e9ussie, il fallait que l&rsquo;auditoire reconnaisse chacune de ces situations\u00a0<span class=\"citation\">\u00ab\u00a0\u00e0 partir des changements dans la configuration phonique de ces deux simples mots\u00a0\u00bb<\/span>.<\/p>\n<p style=\"text-align: justify;\">Dans un contexte\u00a0<a title=\"Informatique\" href=\"https:\/\/fr.wikipedia.org\/wiki\/Informatique\">informatique<\/a>, la fonction expressive pourrait \u00eatre remplie par des m\u00e9ta-informations ou\u00a0<a title=\"M\u00e9tadonn\u00e9e\" href=\"https:\/\/fr.wikipedia.org\/wiki\/M%C3%A9tadonn%C3%A9e\">m\u00e9tadonn\u00e9es<\/a>\u00a0exprimant l&rsquo;\u00e9tat\u00a0<a class=\"mw-redirect\" title=\"Psychologique\" href=\"https:\/\/fr.wikipedia.org\/wiki\/Psychologique\">psychologique<\/a>\u00a0de l&rsquo;agent \u00e9metteur.<\/p>\n<div class=\"mw-heading mw-heading3\" style=\"text-align: justify;\">\n<h3 id=\"La_fonction_conative\">La fonction conative<\/h3>\n<\/div>\n<p style=\"text-align: justify;\">C&rsquo;est la fonction relative au destinataire. Elle est utilis\u00e9e par l&rsquo;\u00e9metteur pour que le r\u00e9cepteur agisse sur lui-m\u00eame et s&rsquo;influence. C&rsquo;est \u00e9videmment une fonction privil\u00e9gi\u00e9e par la\u00a0<a title=\"Publicit\u00e9\" href=\"https:\/\/fr.wikipedia.org\/wiki\/Publicit%C3%A9\">publicit\u00e9<\/a>.<\/p>\n<p style=\"text-align: justify;\">Cette fonction trouve son expression grammaticale la plus pure dans le\u00a0<a title=\"Vocatif\" href=\"https:\/\/fr.wikipedia.org\/wiki\/Vocatif\">vocatif<\/a>\u00a0et l&rsquo;<a title=\"Imp\u00e9ratif (grammaire)\" href=\"https:\/\/fr.wikipedia.org\/wiki\/Imp%C3%A9ratif_(grammaire)\">imp\u00e9ratif<\/a>.<\/p>\n<p style=\"text-align: justify;\">Cet aspect est li\u00e9 \u00e0 une autre approche, la th\u00e9orie des\u00a0<a title=\"Acte de langage\" href=\"https:\/\/fr.wikipedia.org\/wiki\/Acte_de_langage\">actes de langage<\/a>. Des formes grammaticales comme le vocatif ou l&rsquo;imp\u00e9ratif permettent l&rsquo;instanciation de cette fonction, de la m\u00eame mani\u00e8re que les verbes dits\u00a0<a class=\"mw-redirect\" title=\"Performatif\" href=\"https:\/\/fr.wikipedia.org\/wiki\/Performatif\">performatifs<\/a>\u00a0comme \u00ab\u00a0demander\u00a0\u00bb, \u00ab\u00a0affirmer\u00a0\u00bb, \u00ab\u00a0proposer\u00a0\u00bb&#8230;<\/p>\n<div class=\"mw-heading mw-heading3\" style=\"text-align: justify;\">\n<h3 id=\"La_fonction_phatique\">La fonction phatique<\/h3>\n<\/div>\n<p style=\"text-align: justify;\">La\u00a0<a title=\"Fonction phatique\" href=\"https:\/\/fr.wikipedia.org\/wiki\/Fonction_phatique\">fonction\u00a0<b>phatique<\/b><\/a>\u00a0(fonction de mise\u00a0<i>en phase<\/i>) est utilis\u00e9e pour \u00e9tablir, maintenir ou interrompre le contact physique et psychologique avec le r\u00e9cepteur. Elle permet aussi de v\u00e9rifier le passage physique du message.<\/p>\n<p style=\"text-align: justify;\">Il s&rsquo;agit de rendre la communication effective avant la transmission d&rsquo;information utile et d&rsquo;en confirmer la bonne r\u00e9ception. Ce sont les fonctions que remplissent par exemple le \u00ab\u00a0All\u00f4\u00a0\u00bb d&rsquo;une communication t\u00e9l\u00e9phonique, le \u00ab\u00a0entendu\u00a0\u00bb qui cl\u00f4t un \u00e9change, ou les hochements de t\u00eate de l&rsquo;interlocuteur attentif.<\/p>\n<div class=\"mw-heading mw-heading3\" style=\"text-align: justify;\">\n<h3 id=\"La_fonction_m\u00e9talinguistique\"><span id=\"La_fonction_m.C3.A9talinguistique\"><\/span>La fonction m\u00e9talinguistique<\/h3>\n<\/div>\n<p style=\"text-align: justify;\">C&rsquo;est la fonction relative au code, le dictionnaire, le mode d&#8217;emploi. Avant d&rsquo;\u00e9changer des informations il peut \u00eatre important que l&rsquo;\u00e9change porte d&rsquo;abord sur le codage utilis\u00e9 pour le message. Ainsi les partenaires v\u00e9rifient qu&rsquo;ils utilisent un m\u00eame code. Cette fonction consiste donc \u00e0 utiliser un langage pour expliquer ce m\u00eame langage ou un autre langage. On l&rsquo;appelle parfois \u00ab\u00a0traduction\u00a0\u00bb.<\/p>\n<p style=\"text-align: justify;\">Exemples\u00a0:\u3000\u00ab\u00a0<span class=\"lang-ja\" lang=\"ja\">\u65e5\u672c\u8a9e<\/span>, c&rsquo;est du japonais\u00a0\u00bb, \u00ab\u00a0le verbe\u00a0<i>manger<\/i>\u00a0est un verbe du premier groupe\u00a0\u00bb, \u00ab\u00a0quand il a parl\u00e9 de Marie, c&rsquo;est bien entendu de Marie Dupont qu\u2019il voulait parler, et non de Marie Durand\u00a0\u00bb.<\/p>\n<div class=\"mw-heading mw-heading3\" style=\"text-align: justify;\">\n<h3 id=\"La_fonction_r\u00e9f\u00e9rentielle\"><span id=\"La_fonction_r.C3.A9f.C3.A9rentielle\"><\/span>La fonction r\u00e9f\u00e9rentielle<\/h3>\n<\/div>\n<p style=\"text-align: justify;\">Cette fonction du message est centr\u00e9e sur le monde (un objet ou un \u00e9v\u00e8nement ext\u00e9rieur)\u00a0: le\u00a0<a title=\"Contexte (linguistique)\" href=\"https:\/\/fr.wikipedia.org\/wiki\/Contexte_(linguistique)\">contexte<\/a>\u00a0ou\u00a0<a title=\"Repr\u00e9sentation (grammaire)\" href=\"https:\/\/fr.wikipedia.org\/wiki\/Repr%C3%A9sentation_(grammaire)\">r\u00e9f\u00e9rent<\/a><sup id=\"cite_ref-referent_2-1\" class=\"reference\"><a href=\"https:\/\/fr.wikipedia.org\/wiki\/Sch%C3%A9ma_de_Jakobson#cite_note-referent-2\">2<\/a><\/sup>.<\/p>\n<p style=\"text-align: justify;\">Le r\u00e9f\u00e9rent d&rsquo;une communication peut \u00eatre par exemple la table qui se trouve dans l\u2019environnement des interlocuteurs (dans le m\u00eame \u00ab\u00a0contexte\u00a0\u00bb), ou alors une culture, un pays.<\/p>\n<p style=\"text-align: justify;\">C&rsquo;est une fonction extr\u00eamement utilis\u00e9e puisque la plupart des discussions et des textes dans le monde contiennent une information.<\/p>\n<p style=\"text-align: justify;\">Cette fonction d\u00e9crit une r\u00e9alit\u00e9 objective.<\/p>\n<p style=\"text-align: justify;\">La fonction r\u00e9f\u00e9rentielle oriente la communication vers ce dont l&rsquo;\u00e9metteur parle, vers le sujet sur lequel on informe, vers des faits objectifs, \u00e0 savoir les r\u00e9f\u00e9rents (personnes, objets, ph\u00e9nom\u00e8nes, etc.,) sans lesquels il n&rsquo;y aurait pas de communication possible.<\/p>\n<p style=\"text-align: justify;\">Cette fonction englobe les informations objectives que v\u00e9hicule le message. Par exemple, l&rsquo;\u00e9nonc\u00e9 de faits qui se produisent quelque part.<\/p>\n<div class=\"mw-heading mw-heading3\" style=\"text-align: justify;\">\n<h3 id=\"La_fonction_po\u00e9tique\"><span id=\"La_fonction_po.C3.A9tique\"><\/span>La fonction po\u00e9tique<\/h3>\n<\/div>\n<p style=\"text-align: justify;\">Pour Jakobson<sup id=\"cite_ref-Jakobson_1-3\" class=\"reference\"><a href=\"https:\/\/fr.wikipedia.org\/wiki\/Sch%C3%A9ma_de_Jakobson#cite_note-Jakobson-1\">1<\/a><\/sup>,\u00a0<span class=\"citation\">\u00ab\u00a0la vis\u00e9e (<span class=\"lang-de\" lang=\"de\"><i>Einstellung<\/i><\/span>) du message en tant que tel, l&rsquo;accent mis sur le message pour son propre compte, est ce qui caract\u00e9rise la fonction po\u00e9tique du langage. Cette fonction ne peut \u00eatre \u00e9tudi\u00e9e avec profit si on perd de vue les probl\u00e8mes g\u00e9n\u00e9raux du langage [&#8230;]. La fonction po\u00e9tique n&rsquo;est pas la seule fonction de l&rsquo;art du langage, elle en est seulement la fonction dominante, d\u00e9terminante, cependant que dans les autres activit\u00e9s verbales elle ne joue qu&rsquo;un r\u00f4le subsidiaire, accessoire\u00a0\u00bb<\/span>.<\/p>\n<p style=\"text-align: justify;\">Il s&rsquo;agit donc de mettre en \u00e9vidence tout ce qui constitue la mat\u00e9rialit\u00e9 propre des signes, et du code. Cette fonction permet de faire du message un objet esth\u00e9tique, m\u00eame de fa\u00e7on minimale. Les efforts li\u00e9s \u00e0 l&rsquo;<a title=\"Euphonie\" href=\"https:\/\/fr.wikipedia.org\/wiki\/Euphonie\">euphonie<\/a>\u00a0et \u00e0 l&rsquo;ordre des mots concernent la fonction po\u00e9tique. Le niveau de langue, le ton, la hauteur de la voix construisent aussi la fonction po\u00e9tique d&rsquo;un message oral.<\/p>\n<p style=\"text-align: justify;\">Jakobson prendra donc pour premier exemple l&rsquo;ordre des mots (forme d&rsquo;<a title=\"Euphonie\" href=\"https:\/\/fr.wikipedia.org\/wiki\/Euphonie\">euphonie<\/a>)\u00a0:<\/p>\n<p style=\"text-align: justify;\"><span class=\"citation\">\u00ab\u00a0Pourquoi dites-vous toujours\u00a0<i>Jeanne et Marguerite<\/i>, et jamais\u00a0<i>Marguerite et Jeanne<\/i>\u00a0? Pr\u00e9f\u00e9rez-vous Jeanne \u00e0 sa s\u0153ur jumelle\u00a0? \u2013 Pas du tout, mais \u00e7a sonne mieux ainsi.\u00a0\u00bb Dans une suite de deux mots coordonn\u00e9s, et dans la mesure o\u00f9 aucun probl\u00e8me de hi\u00e9rarchie n&rsquo;interf\u00e8re, le locuteur voit, dans la pr\u00e9s\u00e9ance donn\u00e9e au nom le plus court, et sans qu&rsquo;il ne se l&rsquo;explique, la meilleure configuration possible du message.\u00a0\u00bb<\/span><\/p>\n<p style=\"text-align: justify;\">Mais Jakobson met tr\u00e8s vite l&rsquo;accent sur ce qui lui permet d&rsquo;approcher par la suite la po\u00e9tique, m\u00eame si de toute \u00e9vidence l&rsquo;exemple concernant l&rsquo;ordre des mots n&rsquo;est pas sans rapport avec elle.<\/p>\n<p style=\"text-align: justify;\">Jakobson \u00e9voque alors\u00a0<a title=\"Assonance\" href=\"https:\/\/fr.wikipedia.org\/wiki\/Assonance\">assonances<\/a>\u00a0et\u00a0<a title=\"Allit\u00e9ration\" href=\"https:\/\/fr.wikipedia.org\/wiki\/Allit%C3%A9ration\">allit\u00e9rations<\/a>\u00a0(<i>l&rsquo;affreux Alfred<\/i>,\u00a0<i>I like Ike<\/i>), toutes r\u00e9p\u00e9titions qui am\u00e8nent \u00e0 porter l&rsquo;attention sur la forme du message ou \u00e0 choisir cette forme plut\u00f4t qu&rsquo;une autre. Mais Jakobson pr\u00e9cise encore, avant de r\u00e9sumer ces six fonctions dans un sch\u00e9ma, que \u00ab\u00a0l&rsquo;\u00e9tude linguistique de la fonction po\u00e9tique doit outrepasser les limites de la po\u00e9sie, et, d&rsquo;autre part, l&rsquo;analyse linguistique de la po\u00e9sie ne peut se limiter \u00e0 la fonction po\u00e9tique. [Par exemple] la po\u00e9sie \u00e9pique, centr\u00e9e sur la troisi\u00e8me personne, met fortement \u00e0 contribution la fonction r\u00e9f\u00e9rentielle\u00a0; la po\u00e9sie lyrique, orient\u00e9e vers la premi\u00e8re personne, est intimement li\u00e9e \u00e0 la fonction \u00e9motive\u00a0\u00bb<sup id=\"cite_ref-Jakobson_1-4\" class=\"reference\"><a href=\"https:\/\/fr.wikipedia.org\/wiki\/Sch%C3%A9ma_de_Jakobson#cite_note-Jakobson-1\">1<\/a><\/sup>.<\/p>\n<p style=\"text-align: justify;\">La fonction po\u00e9tique permet aussi d&rsquo;\u00e9viter des phrases \u00e9crites telles que\u00a0<i>les poules du couvent couvent<\/i>, o\u00f9 le manque d&rsquo;une certaine esth\u00e9tique habituelle conduit \u00e0 une difficult\u00e9 de communication.<\/p>\n<p style=\"text-align: justify;\">On peut aussi \u00e9videmment trouver des exemples de phrases esth\u00e9tiques dans la\u00a0<a title=\"Litt\u00e9rature\" href=\"https:\/\/fr.wikipedia.org\/wiki\/Litt%C3%A9rature\">litt\u00e9rature<\/a>\u00a0:<\/p>\n<blockquote>\n<p>Je suis belle, \u00f4 mortels, comme un r\u00eave de pierre,<\/p>\n<p>Et mon sein, o\u00f9 chacun s&rsquo;est meurtri tour \u00e0 tour,<\/p>\n<p>Est fait pour inspirer au po\u00e8te un amour<\/p>\n<p>\u00c9ternel et muet ainsi que la mati\u00e8re<sup id=\"cite_ref-6\" class=\"reference\"><a href=\"https:\/\/fr.wikipedia.org\/wiki\/Sch%C3%A9ma_de_Jakobson#cite_note-6\">6<\/a><\/sup>. (<i>Extrait de \u00ab\u00a0la beaut\u00e9\u00a0\u00bb de\u00a0<a title=\"Charles Baudelaire\" href=\"https:\/\/fr.wikipedia.org\/wiki\/Charles_Baudelaire\">Baudelaire<\/a>)<\/i><\/p>\n<\/blockquote>\n<p style=\"text-align: justify;\">La notion de\u00a0<i>fonction po\u00e9tique<\/i>\u00a0n&rsquo;est pas sp\u00e9cifique au domaine po\u00e9tique, puisqu&rsquo;elle concerne les communications quotidiennes et une certaine organisation implicite de la langue (ordre des mots,\u00a0<a title=\"Euphonie\" href=\"https:\/\/fr.wikipedia.org\/wiki\/Euphonie\">euphonie<\/a>\u00a0ou\u00a0<a title=\"Cacophonie\" href=\"https:\/\/fr.wikipedia.org\/wiki\/Cacophonie\">cacophonie<\/a>). Mais elle eut un retentissement spectaculaire, dans le domaine de la critique litt\u00e9raire.<\/p>\n<div class=\"mw-heading mw-heading2\" style=\"text-align: justify;\">\n<h2 id=\"Verbal_et_non_verbal\">Verbal et non verbal<\/h2>\n<\/div>\n<p style=\"text-align: justify;\">Un message est dit \u00ab\u00a0<a title=\"Communication verbale\" href=\"https:\/\/fr.wikipedia.org\/wiki\/Communication_verbale\">verbal<\/a>\u00a0\u00bb lorsqu\u2019il est fait dans une symbolique \u00e9crite ou orale, impliquant une concision et des\u00a0<a title=\"Norme\" href=\"https:\/\/fr.wikipedia.org\/wiki\/Norme\">normes<\/a>\u00a0communes (une\u00a0<a title=\"Langue\" href=\"https:\/\/fr.wikipedia.org\/wiki\/Langue\">langue<\/a>, ou plus g\u00e9n\u00e9ralement un\u00a0<a title=\"Langage\" href=\"https:\/\/fr.wikipedia.org\/wiki\/Langage\">langage<\/a>) le d\u00e9passant. Cela inclut l\u2019<a title=\"\u00c9criture\" href=\"https:\/\/fr.wikipedia.org\/wiki\/%C3%89criture\">\u00e9criture<\/a>, la\u00a0<a title=\"Langue des signes\" href=\"https:\/\/fr.wikipedia.org\/wiki\/Langue_des_signes\">langue des signes<\/a>, la\u00a0<a title=\"Voix (instrument)\" href=\"https:\/\/fr.wikipedia.org\/wiki\/Voix_(instrument)\">voix<\/a>&#8230; L\u2019art de conceptualiser ce message dans un langage afin de minimiser les interf\u00e9rences est appel\u00e9\u00a0<a title=\"Rh\u00e9torique\" href=\"https:\/\/fr.wikipedia.org\/wiki\/Rh%C3%A9torique\">rh\u00e9torique<\/a>.<\/p>\n<p style=\"text-align: justify;\">Il est dit \u00ab\u00a0<a title=\"Communication non verbale\" href=\"https:\/\/fr.wikipedia.org\/wiki\/Communication_non_verbale\">non verbal<\/a>\u00a0\u00bb lorsqu\u2019il se base sur la compr\u00e9hension implicite (culturelle souvent) de gestes, de couleur, ou d\u2019odeur, non conceptualis\u00e9 par un langage, formalisme le d\u00e9passant.<\/p>\n<div class=\"mw-heading mw-heading2\" style=\"text-align: justify;\">\n<h2 id=\"Temporalit\u00e9_du_message\"><span id=\"Temporalit.C3.A9_du_message\"><\/span>Temporalit\u00e9 du message<\/h2>\n<\/div>\n<p style=\"text-align: justify;\">Un message peut varier, exister ou non, suivant le\u00a0<a title=\"Temps\" href=\"https:\/\/fr.wikipedia.org\/wiki\/Temps\">temps<\/a>. Un message qui existe non \u00e9ph\u00e9m\u00e8rement est dit \u00ab\u00a0intemporel\u00a0\u00bb. Par exemple, un message sur un\u00a0<a title=\"Forum (informatique)\" href=\"https:\/\/fr.wikipedia.org\/wiki\/Forum_(informatique)\">forum (informatique)<\/a>. Un message \u00e9ph\u00e9m\u00e8re est, lui, dit \u00ab\u00a0temporel\u00a0\u00bb. Par exemple, une discussion orale.<\/p>\n<div class=\"mw-heading mw-heading2\" style=\"text-align: justify;\">\n<h2 id=\"Localisation_du_message\">Localisation du message<\/h2>\n<\/div>\n<p style=\"text-align: justify;\">De m\u00eame, un message peut \u00eatre localis\u00e9 (concentr\u00e9 \u00e0 un endroit) ou alocalis\u00e9 (disponible de plusieurs endroits \/ n&rsquo;importe quel endroit).<\/p>\n","protected":false},"excerpt":{"rendered":"<p>Le\u00a0sch\u00e9ma de\u00a0Jakobson\u00a0est un mod\u00e8le d\u00e9crivant les diff\u00e9rentes fonctions du langage. Il a \u00e9t\u00e9 d\u00e9velopp\u00e9 \u00e0 la suite des \u00e9tudes de\u00a0Karl B\u00fchler, dont le mod\u00e8le se limitait aux fonctions \u00e9motive (expressive), conative (relative au r\u00e9cepteur) et r\u00e9f\u00e9rentielle (le monde ext\u00e9rieur). Sch\u00e9ma de la communication verbale, d&rsquo;apr\u00e8s Jakobson1. \u00c0 chacun des six facteurs inali\u00e9nables de la communication [&hellip;]<\/p>\n","protected":false},"author":1,"featured_media":11602,"parent":0,"menu_order":0,"comment_status":"closed","ping_status":"closed","template":"","meta":{"footnotes":""},"class_list":["post-11571","page","type-page","status-publish","has-post-thumbnail","hentry"],"_links":{"self":[{"href":"https:\/\/oraziopuglisi.art\/index.php\/wp-json\/wp\/v2\/pages\/11571","targetHints":{"allow":["GET"]}}],"collection":[{"href":"https:\/\/oraziopuglisi.art\/index.php\/wp-json\/wp\/v2\/pages"}],"about":[{"href":"https:\/\/oraziopuglisi.art\/index.php\/wp-json\/wp\/v2\/types\/page"}],"author":[{"embeddable":true,"href":"https:\/\/oraziopuglisi.art\/index.php\/wp-json\/wp\/v2\/users\/1"}],"replies":[{"embeddable":true,"href":"https:\/\/oraziopuglisi.art\/index.php\/wp-json\/wp\/v2\/comments?post=11571"}],"version-history":[{"count":2,"href":"https:\/\/oraziopuglisi.art\/index.php\/wp-json\/wp\/v2\/pages\/11571\/revisions"}],"predecessor-version":[{"id":11573,"href":"https:\/\/oraziopuglisi.art\/index.php\/wp-json\/wp\/v2\/pages\/11571\/revisions\/11573"}],"wp:featuredmedia":[{"embeddable":true,"href":"https:\/\/oraziopuglisi.art\/index.php\/wp-json\/wp\/v2\/media\/11602"}],"wp:attachment":[{"href":"https:\/\/oraziopuglisi.art\/index.php\/wp-json\/wp\/v2\/media?parent=11571"}],"curies":[{"name":"wp","href":"https:\/\/api.w.org\/{rel}","templated":true}]}}