{"id":11474,"date":"2024-08-24T18:13:37","date_gmt":"2024-08-24T16:13:37","guid":{"rendered":"https:\/\/oraziopuglisi.art\/?page_id=11474"},"modified":"2024-08-24T18:24:56","modified_gmt":"2024-08-24T16:24:56","slug":"pierre-pierlot","status":"publish","type":"page","link":"https:\/\/oraziopuglisi.art\/index.php\/pierre-pierlot\/","title":{"rendered":"Pierre Pierlot"},"content":{"rendered":"<p style=\"text-align: justify;\"><b><a href=\"https:\/\/fr.wikipedia.org\/wiki\/Pierre_Pierlot\">Pierre Pierlot<\/a>,<\/b>\u00a0n\u00e9 le\u00a0<time class=\"nowrap date-lien bday\" datetime=\"1921-04-26\" data-sort-value=\"1921-04-26\"><a title=\"26 avril\" href=\"https:\/\/fr.wikipedia.org\/wiki\/26_avril\">26<\/a>\u00a0<a title=\"Avril 1921\" href=\"https:\/\/fr.wikipedia.org\/wiki\/Avril_1921\">avril<\/a>\u00a0<a title=\"1921 en musique classique\" href=\"https:\/\/fr.wikipedia.org\/wiki\/1921_en_musique_classique\">1921<\/a><\/time>\u00a0\u00e0\u00a0<a title=\"Paris\" href=\"https:\/\/fr.wikipedia.org\/wiki\/Paris\">Paris<\/a>\u00a0et mort le\u00a0<time class=\"nowrap date-lien dday\" datetime=\"2007-01-09\" data-sort-value=\"2007-01-09\"><a title=\"9 janvier\" href=\"https:\/\/fr.wikipedia.org\/wiki\/9_janvier\">9<\/a>\u00a0<a title=\"Janvier 2007\" href=\"https:\/\/fr.wikipedia.org\/wiki\/Janvier_2007\">janvier<\/a>\u00a0<a title=\"2007 en musique classique\" href=\"https:\/\/fr.wikipedia.org\/wiki\/2007_en_musique_classique\">2007<\/a><\/time>\u00a0\u00e0 Paris, est un\u00a0<a class=\"mw-redirect\" title=\"Hautbo\u00efstes\" href=\"https:\/\/fr.wikipedia.org\/wiki\/Hautbo%C3%AFstes\">hautbo\u00efste<\/a>\u00a0de\u00a0<a title=\"Musique classique\" href=\"https:\/\/fr.wikipedia.org\/wiki\/Musique_classique\">musique classique<\/a>\u00a0<a title=\"Fran\u00e7ais (peuple)\" href=\"https:\/\/fr.wikipedia.org\/wiki\/Fran%C3%A7ais_(peuple)\">fran\u00e7ais<\/a>. Sa\u00a0<a title=\"Virtuose\" href=\"https:\/\/fr.wikipedia.org\/wiki\/Virtuose\">virtuosit\u00e9<\/a>, l&rsquo;\u00e9tendue de son r\u00e9pertoire et ses nombreuses collaborations musicales en font l&rsquo;un des ma\u00eetres du\u00a0<a title=\"Hautbois\" href=\"https:\/\/fr.wikipedia.org\/wiki\/Hautbois\">hautbois<\/a>\u00a0fran\u00e7ais au\u00a0<abbr class=\"abbr\" title=\"20\u1d49 si\u00e8cle\"><span class=\"romain\">XX<\/span><sup>e<\/sup><\/abbr>\u00a0si\u00e8cle<sup id=\"cite_ref-Merle_1-0\" class=\"reference\"><a href=\"https:\/\/fr.wikipedia.org\/wiki\/Pierre_Pierlot#cite_note-Merle-1\">1<\/a><\/sup>.<\/p>\n<p>&nbsp;<\/p>\n<p><img loading=\"lazy\" decoding=\"async\" class=\"alignnone size-medium wp-image-11480\" src=\"http:\/\/oraziopuglisi.art\/wp-content\/uploads\/2024\/08\/Pierre-Pierlot-226x300.jpg\" alt=\"\" width=\"226\" height=\"300\" srcset=\"https:\/\/oraziopuglisi.art\/wp-content\/uploads\/2024\/08\/Pierre-Pierlot-226x300.jpg 226w, https:\/\/oraziopuglisi.art\/wp-content\/uploads\/2024\/08\/Pierre-Pierlot.jpg 385w\" sizes=\"auto, (max-width: 226px) 100vw, 226px\" \/><\/p>\n<div class=\"mw-heading mw-heading2\" style=\"text-align: justify;\">\n<h2 id=\"Biographie\">Biographie<\/h2>\n<\/div>\n<p style=\"text-align: justify;\">Apr\u00e8s des \u00e9tudes musicales au Conservatoire de Valenciennes avec Gaston Longatte, Pierre Pierlot entre au\u00a0<a title=\"Conservatoire national sup\u00e9rieur de musique et de danse de Paris\" href=\"https:\/\/fr.wikipedia.org\/wiki\/Conservatoire_national_sup%C3%A9rieur_de_musique_et_de_danse_de_Paris\">conservatoire de Paris<\/a>\u00a0dans la classe de\u00a0<a title=\"Louis Bleuzet\" href=\"https:\/\/fr.wikipedia.org\/wiki\/Louis_Bleuzet\">Louis Bleuzet<\/a>\u00a0et obtient en 1941 un premier prix de hautbois et de musique de chambre, dans la classe de\u00a0<a title=\"Fernand Oubradous\" href=\"https:\/\/fr.wikipedia.org\/wiki\/Fernand_Oubradous\">Fernand Oubradous<\/a>. Il a \u00e9chapp\u00e9 de peu \u00e0 une d\u00e9portation en\u00a0<a title=\"Allemagne\" href=\"https:\/\/fr.wikipedia.org\/wiki\/Allemagne\">Allemagne<\/a>. En 1949, il remporte le premier prix au concours international de Gen\u00e8ve dont il a \u00e9t\u00e9 plusieurs fois membre du jury ainsi que ceux de Munich et Budapest.<\/p>\n<p><iframe loading=\"lazy\" title=\"Francis Poulenc - Sonate pour Hautbois &amp; Piano - Pierre Pierlot Hautbois - Jacques F\u00e9vrier Piano\" width=\"600\" height=\"338\" src=\"https:\/\/www.youtube.com\/embed\/ikIOkEkPxsA?feature=oembed\" frameborder=\"0\" allow=\"accelerometer; autoplay; clipboard-write; encrypted-media; gyroscope; picture-in-picture; web-share\" referrerpolicy=\"strict-origin-when-cross-origin\" allowfullscreen><\/iframe><\/p>\n<p style=\"text-align: justify;\">En 1946, de son amiti\u00e9 avec le fl\u00fbtiste\u00a0<a title=\"Jean-Pierre Rampal\" href=\"https:\/\/fr.wikipedia.org\/wiki\/Jean-Pierre_Rampal\">Jean-Pierre Rampal<\/a>\u00a0na\u00eet le\u00a0<a title=\"Quintette \u00e0 vent fran\u00e7ais\" href=\"https:\/\/fr.wikipedia.org\/wiki\/Quintette_%C3%A0_vent_fran%C3%A7ais\">Quintette \u00e0 vent fran\u00e7ais<\/a>\u00a0avec\u00a0<a title=\"Jacques Lancelot\" href=\"https:\/\/fr.wikipedia.org\/wiki\/Jacques_Lancelot\">Jacques Lancelot<\/a>\u00a0\u00e0 la\u00a0<a title=\"Clarinette\" href=\"https:\/\/fr.wikipedia.org\/wiki\/Clarinette\">clarinette<\/a>,\u00a0<a title=\"Gilbert Coursier\" href=\"https:\/\/fr.wikipedia.org\/wiki\/Gilbert_Coursier\">Gilbert Coursier<\/a>\u00a0au cor et\u00a0<a title=\"Paul Hongne\" href=\"https:\/\/fr.wikipedia.org\/wiki\/Paul_Hongne\">Paul Hongne<\/a>\u00a0au\u00a0<a title=\"Basson\" href=\"https:\/\/fr.wikipedia.org\/wiki\/Basson\">basson<\/a>. En 1951, Pierre Pierlot est cofondateur de l\u2019Ensemble baroque de Paris avec\u00a0<a title=\"Robert Veyron-Lacroix\" href=\"https:\/\/fr.wikipedia.org\/wiki\/Robert_Veyron-Lacroix\">Robert Veyron-Lacroix<\/a>\u00a0et\u00a0<a class=\"new\" title=\"Robert Gendre (page inexistante)\" href=\"https:\/\/fr.wikipedia.org\/w\/index.php?title=Robert_Gendre&amp;action=edit&amp;redlink=1\">Robert Gendre<\/a>.<\/p>\n<p><iframe loading=\"lazy\" title=\"Pierre PIERLOT et Robert VEYRON LACROIX\" width=\"600\" height=\"450\" src=\"https:\/\/www.youtube.com\/embed\/oqnwPeQRo-E?feature=oembed\" frameborder=\"0\" allow=\"accelerometer; autoplay; clipboard-write; encrypted-media; gyroscope; picture-in-picture; web-share\" referrerpolicy=\"strict-origin-when-cross-origin\" allowfullscreen><\/iframe><\/p>\n<p style=\"text-align: justify;\">Apr\u00e8s les Concerts Lamoureux o\u00f9 il cr\u00e9e la \u00ab\u00a0Symphonie concertante\u00a0\u00bb de\u00a0<a title=\"Jacques Ibert\" href=\"https:\/\/fr.wikipedia.org\/wiki\/Jacques_Ibert\">Jacques Ibert<\/a>, il entre \u00e0 l\u2019orchestre de l\u2019<a title=\"Op\u00e9ra-comique\" href=\"https:\/\/fr.wikipedia.org\/wiki\/Op%C3%A9ra-comique\">Op\u00e9ra-comique<\/a>\u00a0en 1947 jusqu&rsquo;\u00e0 sa fermeture en 1972, devenant hautbois solo de l&rsquo;<a title=\"Orchestre de l'Op\u00e9ra national de Paris\" href=\"https:\/\/fr.wikipedia.org\/wiki\/Orchestre_de_l%27Op%C3%A9ra_national_de_Paris\">orchestre de l&rsquo;Op\u00e9ra national de Paris<\/a>. Nomm\u00e9 professeur de musique de chambre en 1969 au conservatoire national sup\u00e9rieur de Paris, il prendra la suite en 1974 de la classe de hautbois d&rsquo;\u00c9tienne Baudo jusqu&rsquo;en\u00a0<a title=\"1986\" href=\"https:\/\/fr.wikipedia.org\/wiki\/1986\">1986<\/a>. Durant cette p\u00e9riode 47 de ses \u00e9l\u00e8ves obtiennent le Premier Prix.<\/p>\n<p><iframe loading=\"lazy\" title=\"Albinoni \u2022 Concertos pour hautbois, violon et continuo, Op. 9 (Pierre Pierlot, Claudio Scimone)\" width=\"600\" height=\"450\" src=\"https:\/\/www.youtube.com\/embed\/pCUZkRC3rxc?feature=oembed\" frameborder=\"0\" allow=\"accelerometer; autoplay; clipboard-write; encrypted-media; gyroscope; picture-in-picture; web-share\" referrerpolicy=\"strict-origin-when-cross-origin\" allowfullscreen><\/iframe><\/p>\n<p><main class=\"site-fr container main rounded-bottom shadow mb-3\" data-loaded=\"true\"><\/p>\n<div class=\"row\">\n<div id=\"main-content\" class=\"col-lg-8 col-xl-9 pb-4\">\n<div class=\"content whole type-biographie\">\n<div class=\"block_1\" data-ucode=\"yT070966_0\">\n<p style=\"text-align: justify;\">L&rsquo;\u00e9cole fran\u00e7aise d&rsquo;<a href=\"https:\/\/www.universalis.fr\/encyclopedie\/instruments-a-vent\/\">instruments \u00e0 vent<\/a>\u00a0a toujours compt\u00e9 des figures embl\u00e9matiques qui ont suscit\u00e9 des vocations bien au-del\u00e0 des fronti\u00e8res. En plus de leur influence p\u00e9dagogique, le fl\u00fbtiste\u00a0<a href=\"https:\/\/www.universalis.fr\/encyclopedie\/jean-pierre-rampal\/\">Jean-Pierre Rampal<\/a>\u00a0et le trompettiste\u00a0<a href=\"https:\/\/www.universalis.fr\/encyclopedie\/maurice-andre\/\">Maurice Andr\u00e9<\/a>\u00a0ont ainsi \u00e9t\u00e9 consacr\u00e9s comme des solistes \u00e0 part enti\u00e8re. Pierre Pierlot a jou\u00e9 un r\u00f4le analogue pour le\u00a0<a href=\"https:\/\/www.universalis.fr\/encyclopedie\/hautbois\/\">hautbois<\/a>, m\u00eame si cet instrument se pr\u00eate moins que la fl\u00fbte ou que la trompette \u00e0 un emploi exclusivement soliste.<\/p>\n<p><iframe loading=\"lazy\" title=\"handel, oboe concerto, Pierre Pierlot, oboe\" width=\"600\" height=\"338\" src=\"https:\/\/www.youtube.com\/embed\/LKl_NpBOIS4?feature=oembed\" frameborder=\"0\" allow=\"accelerometer; autoplay; clipboard-write; encrypted-media; gyroscope; picture-in-picture; web-share\" referrerpolicy=\"strict-origin-when-cross-origin\" allowfullscreen><\/iframe><\/p>\n<p style=\"text-align: justify;\">N\u00e9 \u00e0\u00a0<a href=\"https:\/\/www.universalis.fr\/encyclopedie\/orchestre-de-paris\/\">Paris<\/a>\u00a0le 26\u00a0avril 1921, Pierre Pierlot passe son enfance \u00e0 Avesnes-sur-Helpe, pr\u00e8s de Valenciennes, o\u00f9 son p\u00e8re \u00e9tait p\u00e2tissier. Il fait ses \u00e9tudes au Conservatoire de Valenciennes avec Gaston Longatte puis, \u00e0 partir de 1936, au Conservatoire de Paris, o\u00f9 il obtient en 1941 un premier prix de hautbois dans la classe de Louis Bleuzet et un premier prix de musique de chambre dans celle de\u00a0<a href=\"https:\/\/www.universalis.fr\/encyclopedie\/fernand-oubradous\/\">Fernand Oubradous<\/a>. La m\u00eame ann\u00e9e, il entre \u00e0 l&rsquo;orchestre des Concerts Lamoureux\u00a0; en 1947, il int\u00e9grera l&rsquo;orchestre de l&rsquo;<a href=\"https:\/\/www.universalis.fr\/encyclopedie\/opera-comique\/\">Op\u00e9ra-Comique<\/a>. Il commence \u00e0 jouer en soliste et se passionne pour la musique de chambre. En 1945, il fonde \u2013\u00a0avec Jean-Pierre Rampal, le clarinettiste\u00a0<a href=\"https:\/\/www.universalis.fr\/encyclopedie\/jacques-lancelot\/\">Jacques Lancelot<\/a>, le corniste M.\u00a0Manem et le bassoniste Maurice Allard\u00a0\u2013 le Quintette \u00e0 vent fran\u00e7ais, une formation qui s&rsquo;inscrit dans la longue tradition de la musique de chambre fran\u00e7aise pour instruments \u00e0 vent. Le quintette fonctionnera jusqu&rsquo;en 1968, avec, \u00e0 partir de 1948, Gilbert Coursier et Paul Hongne, respectivement au cor et au basson, et Maxence Larrieu \u00e0 la fl\u00fbte \u00e0 partir de 1965. De nombreux compositeurs vont \u00e9crire pour le quintette\u00a0: Jean-Michel Damase,\u00a0<a href=\"https:\/\/www.universalis.fr\/encyclopedie\/georges-migot\/\">Georges Migot<\/a>, Pierre Wissmer,\u00a0<a href=\"https:\/\/www.universalis.fr\/encyclopedie\/claude-arrieu\/\">Claude Arrieu<\/a>&#8230;<\/p>\n<p><iframe loading=\"lazy\" title=\"Vivaldi - 12 Concertos for Violin or Oboe, Op.7 (ref.record.: Claudio Scimone, Toso, Rybin, Pierlot)\" width=\"600\" height=\"338\" src=\"https:\/\/www.youtube.com\/embed\/y3nm7Pg0HN8?list=PLeYsBp2DPaHUtvCk_cdffJ995lmc6xEzd\" frameborder=\"0\" allow=\"accelerometer; autoplay; clipboard-write; encrypted-media; gyroscope; picture-in-picture; web-share\" referrerpolicy=\"strict-origin-when-cross-origin\" allowfullscreen><\/iframe><\/p>\n<p style=\"text-align: justify;\">En 1949, Pierre Pierlot remporte le premier prix au Concours international de Gen\u00e8ve. Il participe en 1952 \u00e0 la fondation de l&rsquo;Ensemble\u00a0<a href=\"https:\/\/www.universalis.fr\/encyclopedie\/baroque\/\">baroque<\/a>\u00a0de Paris avec Jean-Pierre Rampal (fl\u00fbte),\u00a0<a href=\"https:\/\/www.universalis.fr\/encyclopedie\/robert-veyron-lacroix\/\">Robert Veyron-Lacroix<\/a>\u00a0(clavecin), Robert Gendre (violon) et Paul Hongne (basson). Avant l&rsquo;apparition des formations jouant sur instruments d&rsquo;\u00e9poque, cet ensemble devient l&rsquo;un des principaux artisans du renouveau de la musique baroque en France au milieu du\u00a0<span class=\"pc\">xx<\/span><sup>e<\/sup>\u00a0si\u00e8cle. Gr\u00e2ce au noyau de musiciens qui le composent, de nombreux compositeurs du\u00a0<span class=\"pc\">xviii<\/span><sup>e<\/sup>\u00a0si\u00e8cle sortent de l&rsquo;oubli\u00a0: Joseph Bodin de Boismortier, Fran\u00e7ois Devienne, Ignace Joseph Pleyel, Fran\u00e7ois-Joseph Gossec, Carl Stamitz,\u00a0<a href=\"https:\/\/www.universalis.fr\/encyclopedie\/michel-corrette\/\">Michel Corrette<\/a>, Jean-Joseph Cassan\u00e9a de Mondonville&#8230; Leurs enregistrements (principalement sous le label La Bo\u00eete \u00e0 musique) remportent plusieurs grands prix du disque. C&rsquo;est l&rsquo;\u00e9poque o\u00f9 le m\u00eame groupe de musiciens commence \u00e0 enregistrer chez Erato, travaillant avec\u00a0<a href=\"https:\/\/www.universalis.fr\/encyclopedie\/jean-francois-paillard\/\">Jean-Fran\u00e7ois Paillard<\/a>\u00a0ou avec Karl Ristenpart selon les r\u00e9pertoires. Pierre Pierlot signe ses premiers disques en soliste\u00a0: il enregistrera notamment quatre fois le\u00a0<em>Concerto pour hautbois<\/em>\u00a0K\u00a0314 de Mozart. En 1972, \u00e0 la fermeture de l&rsquo;Op\u00e9ra-Comique, il devient hautbois solo \u00e0 l&rsquo;Op\u00e9ra de Paris. Professeur de musique de chambre au Conservatoire national sup\u00e9rieur de Paris d\u00e8s 1969, il succ\u00e8de \u00e0 \u00c9tienne Baudo comme titulaire de la classe de hautbois (1973-1986). Il s&rsquo;affirme comme un v\u00e9ritable chef d&rsquo;\u00e9cole. Il enseigne \u00e9galement \u00e0 l&rsquo;Acad\u00e9mie internationale d&rsquo;\u00e9t\u00e9 de Nice, au Mozarteum de Salzbourg, \u00e0 l&rsquo;Acad\u00e9mie de T\u014dky\u014d. Parmi les hautbo\u00efstes qui ont travaill\u00e9 avec lui (certains avant m\u00eame sa nomination au Conservatoire) figurent\u00a0<a href=\"https:\/\/www.universalis.fr\/encyclopedie\/heinz-holliger\/\">Heinz Holliger<\/a>, Michel Benet, Jean-Louis Capezzali, David Walter ou Fran\u00e7ois Leleux. En 1985, il remplace Robert Casier au sein du Quintette \u00e0 vent de Paris, mais met fin \u00e0 sa carri\u00e8re un an plus tard. Il meurt \u00e0 Paris le 9\u00a0janvier 2007.<\/p>\n<p>Sans poss\u00e9der le charisme d&rsquo;un Rampal ou d&rsquo;un Maurice Andr\u00e9, Pierre Pierlot a jou\u00e9 un r\u00f4le aussi important qu&rsquo;eux pour le hautbois. Il a fait \u00e9crire ou a cr\u00e9\u00e9 des \u0153uvres de\u00a0<a href=\"https:\/\/www.universalis.fr\/encyclopedie\/jacques-ibert\/\">Jacques Ibert<\/a> .<\/p>\n<\/div>\n<div class=\"clearfix\">\u00a0<\/div>\n<\/div>\n<div class=\"folio-block\">\u00a0<\/div>\n<section class=\"mb-5\">\n<div class=\"text-center mb-3 d-print-none\">\u00a0<\/div>\n<\/section>\n<\/div>\n<\/div>\n<p><\/main><\/p>\n<div id=\"bandeau-footer\" style=\"text-align: justify;\">\n<div class=\"container\"><span style=\"font-family: Montserrat, 'Helvetica Neue', Helvetica, sans-serif; font-size: 1.875em; font-weight: bold; text-transform: uppercase; text-align: justify;\">Activit\u00e9<\/span><\/div>\n<\/div>\n<p style=\"text-align: justify;\">Dot\u00e9 d&rsquo;une virtuosit\u00e9 qui deviendra vite l\u00e9gendaire<sup id=\"cite_ref-2\" class=\"reference\"><a href=\"https:\/\/fr.wikipedia.org\/wiki\/Pierre_Pierlot#cite_note-2\">2<\/a><\/sup>, Pierre Pierlot va rapidement retenir l&rsquo;attention de Michel Garcin,\u00a0<a title=\"Directeur artistique\" href=\"https:\/\/fr.wikipedia.org\/wiki\/Directeur_artistique\">directeur artistique<\/a>\u00a0de la maison\u00a0<a title=\"Erato (label)\" href=\"https:\/\/fr.wikipedia.org\/wiki\/Erato_(label)\">Erato<\/a>. Avec ce label, il participera \u00e0 plus de 200 enregistrements en tant que concertiste, avec les chefs d&rsquo;orchestre\u00a0<a title=\"Jean-Fran\u00e7ois Paillard\" href=\"https:\/\/fr.wikipedia.org\/wiki\/Jean-Fran%C3%A7ois_Paillard\">Jean-Fran\u00e7ois Paillard<\/a>\u00a0et\u00a0<a title=\"Claudio Scimone\" href=\"https:\/\/fr.wikipedia.org\/wiki\/Claudio_Scimone\">Claudio Scimone<\/a>, ou avec son ami\u00a0<a title=\"Jacques Chambon (musicien)\" href=\"https:\/\/fr.wikipedia.org\/wiki\/Jacques_Chambon_(musicien)\">Jacques Chambon<\/a>\u00a0jouant le deuxi\u00e8me hautbois. En tant que musicien d&rsquo;orchestre, il participe \u00e0 l&rsquo;enregistrement de nombreuses \u0153uvres religieuses avec\u00a0<a class=\"new\" title=\"Fritz Werner (compositeur) (page inexistante)\" href=\"https:\/\/fr.wikipedia.org\/w\/index.php?title=Fritz_Werner_(compositeur)&amp;action=edit&amp;redlink=1\">Fritz Werner<\/a>\u00a0<a class=\"extiw\" title=\"de:Fritz Werner (Komponist)\" href=\"https:\/\/de.wikipedia.org\/wiki\/Fritz_Werner_(Komponist)\"><span class=\"indicateur-langue\" title=\"Article en allemand\u00a0: \u00ab\u00a0Fritz Werner (Komponist)\u00a0\u00bb\">(de)<\/span><\/a>,\u00a0<a title=\"Karl Ristenpart\" href=\"https:\/\/fr.wikipedia.org\/wiki\/Karl_Ristenpart\">Karl Ristenpart<\/a>\u00a0et\u00a0<a title=\"St\u00e9phane Caillat\" href=\"https:\/\/fr.wikipedia.org\/wiki\/St%C3%A9phane_Caillat\">St\u00e9phane Caillat<\/a>. Ses activit\u00e9s de\u00a0<a title=\"Musique de chambre\" href=\"https:\/\/fr.wikipedia.org\/wiki\/Musique_de_chambre\">chambriste<\/a>\u00a0lui permettront d&rsquo;enregistrer \u00e9galement plusieurs dizaines d&rsquo;albums avec le\u00a0<a title=\"Quintette \u00e0 vent de Paris\" href=\"https:\/\/fr.wikipedia.org\/wiki\/Quintette_%C3%A0_vent_de_Paris\">Quintette \u00e0 vent de Paris<\/a>, avec l&rsquo;<a title=\"Ensemble baroque de Paris\" href=\"https:\/\/fr.wikipedia.org\/wiki\/Ensemble_baroque_de_Paris\">Ensemble baroque de Paris<\/a>, et en duo avec\u00a0<a title=\"Robert Veyron-Lacroix\" href=\"https:\/\/fr.wikipedia.org\/wiki\/Robert_Veyron-Lacroix\">Robert Veyron-Lacroix<\/a>. Dans une quarantaine d&rsquo;enregistrements, il se retrouve \u00e9galement en compagnie du\u00a0<a title=\"Trompette\" href=\"https:\/\/fr.wikipedia.org\/wiki\/Trompette\">trompettiste<\/a>\u00a0<a title=\"Maurice Andr\u00e9\" href=\"https:\/\/fr.wikipedia.org\/wiki\/Maurice_Andr%C3%A9\">Maurice Andr\u00e9<\/a>.<\/p>\n<p style=\"text-align: justify;\">Reconnu dans le monde entier pour ses interpr\u00e9tations, il sera le d\u00e9dicataire du concerto de\u00a0<a title=\"Darius Milhaud\" href=\"https:\/\/fr.wikipedia.org\/wiki\/Darius_Milhaud\">Milhaud<\/a>\u00a0(1958) et du concerto de\u00a0<a title=\"Henri Martelli\" href=\"https:\/\/fr.wikipedia.org\/wiki\/Henri_Martelli\">Martelli<\/a>\u00a0(1972). Aujourd&rsquo;hui, ses enregistrements des concertos d&rsquo;<a title=\"Antonio Vivaldi\" href=\"https:\/\/fr.wikipedia.org\/wiki\/Antonio_Vivaldi\">Antonio Vivaldi<\/a>, d&rsquo;<a title=\"Tomaso Albinoni\" href=\"https:\/\/fr.wikipedia.org\/wiki\/Tomaso_Albinoni\">Tomaso Albinoni<\/a>\u00a0et autre\u00a0<a title=\"Jean-S\u00e9bastien Bach\" href=\"https:\/\/fr.wikipedia.org\/wiki\/Jean-S%C3%A9bastien_Bach\">Jean-S\u00e9bastien Bach<\/a>\u00a0restent toujours des r\u00e9f\u00e9rences<sup id=\"cite_ref-3\" class=\"reference\"><a href=\"https:\/\/fr.wikipedia.org\/wiki\/Pierre_Pierlot#cite_note-3\">3<\/a><\/sup>.<\/p>\n<p style=\"text-align: justify;\">Son fils\u00a0<a title=\"Philippe Pierlot (fl\u00fbtiste)\" href=\"https:\/\/fr.wikipedia.org\/wiki\/Philippe_Pierlot_(fl%C3%BBtiste)\">Philippe<\/a>\u00a0est fl\u00fbtiste \u00e0 l\u2019<a class=\"mw-redirect\" title=\"Orchestre National de France\" href=\"https:\/\/fr.wikipedia.org\/wiki\/Orchestre_National_de_France\">Orchestre National de France<\/a>.<\/p>\n<div class=\"mw-heading mw-heading2\" style=\"text-align: justify;\">\n<h2 id=\"Enregistrements\">Enregistrements<\/h2>\n<\/div>\n<p style=\"text-align: justify;\">Au total, Pierre Pierlot a assur\u00e9 241 enregistrements\u00a0: un record pour un hautbo\u00efste<sup id=\"cite_ref-Merle_1-1\" class=\"reference\"><a href=\"https:\/\/fr.wikipedia.org\/wiki\/Pierre_Pierlot#cite_note-Merle-1\">1<\/a><\/sup>.<\/p>\n<ul>\n<li style=\"text-align: justify;\">Int\u00e9grale des 12 Concertos de\u00a0<a title=\"Tomaso Albinoni\" href=\"https:\/\/fr.wikipedia.org\/wiki\/Tomaso_Albinoni\">Tomaso Albinoni<\/a>\u00a0pour 1 ou 2 hautbois (<abbr class=\"abbr\" title=\"Deuxi\u00e8me\">2<sup>e<\/sup><\/abbr>\u00a0hautbois\u00a0: Jacques Chambon), avec Claudio Scimone<\/li>\n<li style=\"text-align: justify;\">Int\u00e9grale des concertos de Vivaldi avec Claudio Scimone<\/li>\n<li style=\"text-align: justify;\">Trois int\u00e9grales des\u00a0<a class=\"mw-redirect\" title=\"Concertos Brandebourgeois\" href=\"https:\/\/fr.wikipedia.org\/wiki\/Concertos_Brandebourgeois\">Concertos Brandebourgeois<\/a>\u00a0de Bach avec Redel, Ristenpart et Paillard<\/li>\n<li style=\"text-align: justify;\">Quantit\u00e9s de concertos de compositeurs italiens, fran\u00e7ais et allemands, avec une douzaine de chefs diff\u00e9rents, J. F. Paillard \u00e9tant le plus sollicit\u00e9.<\/li>\n<li style=\"text-align: justify;\">Plus de 150 pi\u00e8ces de musique de chambre, en duo, trio quatuor ou quintette<\/li>\n<li style=\"text-align: justify;\">Participation \u00e0 l&rsquo;enregistrement d&rsquo;une cinquantaine de cantates et des\u00a0<a title=\"Passions (Bach)\" href=\"https:\/\/fr.wikipedia.org\/wiki\/Passions_(Bach)\">passions<\/a>\u00a0de Bach, en particulier avec Fritz Werner.<\/li>\n<\/ul>\n","protected":false},"excerpt":{"rendered":"<p>Pierre Pierlot,\u00a0n\u00e9 le\u00a026\u00a0avril\u00a01921\u00a0\u00e0\u00a0Paris\u00a0et mort le\u00a09\u00a0janvier\u00a02007\u00a0\u00e0 Paris, est un\u00a0hautbo\u00efste\u00a0de\u00a0musique classique\u00a0fran\u00e7ais. Sa\u00a0virtuosit\u00e9, l&rsquo;\u00e9tendue de son r\u00e9pertoire et ses nombreuses collaborations musicales en font l&rsquo;un des ma\u00eetres du\u00a0hautbois\u00a0fran\u00e7ais au\u00a0XXe\u00a0si\u00e8cle1. &nbsp; Biographie Apr\u00e8s des \u00e9tudes musicales au Conservatoire de Valenciennes avec Gaston Longatte, Pierre Pierlot entre au\u00a0conservatoire de Paris\u00a0dans la classe de\u00a0Louis Bleuzet\u00a0et obtient en 1941 un premier prix [&hellip;]<\/p>\n","protected":false},"author":1,"featured_media":11480,"parent":0,"menu_order":0,"comment_status":"closed","ping_status":"closed","template":"","meta":{"footnotes":""},"class_list":["post-11474","page","type-page","status-publish","has-post-thumbnail","hentry"],"_links":{"self":[{"href":"https:\/\/oraziopuglisi.art\/index.php\/wp-json\/wp\/v2\/pages\/11474","targetHints":{"allow":["GET"]}}],"collection":[{"href":"https:\/\/oraziopuglisi.art\/index.php\/wp-json\/wp\/v2\/pages"}],"about":[{"href":"https:\/\/oraziopuglisi.art\/index.php\/wp-json\/wp\/v2\/types\/page"}],"author":[{"embeddable":true,"href":"https:\/\/oraziopuglisi.art\/index.php\/wp-json\/wp\/v2\/users\/1"}],"replies":[{"embeddable":true,"href":"https:\/\/oraziopuglisi.art\/index.php\/wp-json\/wp\/v2\/comments?post=11474"}],"version-history":[{"count":8,"href":"https:\/\/oraziopuglisi.art\/index.php\/wp-json\/wp\/v2\/pages\/11474\/revisions"}],"predecessor-version":[{"id":11483,"href":"https:\/\/oraziopuglisi.art\/index.php\/wp-json\/wp\/v2\/pages\/11474\/revisions\/11483"}],"wp:featuredmedia":[{"embeddable":true,"href":"https:\/\/oraziopuglisi.art\/index.php\/wp-json\/wp\/v2\/media\/11480"}],"wp:attachment":[{"href":"https:\/\/oraziopuglisi.art\/index.php\/wp-json\/wp\/v2\/media?parent=11474"}],"curies":[{"name":"wp","href":"https:\/\/api.w.org\/{rel}","templated":true}]}}