{"id":11361,"date":"2024-08-21T20:54:08","date_gmt":"2024-08-21T18:54:08","guid":{"rendered":"https:\/\/oraziopuglisi.art\/?page_id=11361"},"modified":"2024-08-21T21:28:33","modified_gmt":"2024-08-21T19:28:33","slug":"musique-actuelle","status":"publish","type":"page","link":"https:\/\/oraziopuglisi.art\/index.php\/musique-actuelle\/","title":{"rendered":"Musique actuelle"},"content":{"rendered":"<ul>\n<li><a title=\"Bal musette\" href=\"https:\/\/fr.wikipedia.org\/wiki\/Bal_musette\">Bal musette<\/a><\/li>\n<li><a title=\"Jazz manouche\" href=\"https:\/\/fr.wikipedia.org\/wiki\/Jazz_manouche\">Jazz manouche<\/a><\/li>\n<li><a title=\"Punk fran\u00e7ais\" href=\"https:\/\/fr.wikipedia.org\/wiki\/Punk_fran%C3%A7ais\">Punk fran\u00e7ais<\/a><\/li>\n<li><a title=\"Rock fran\u00e7ais\" href=\"https:\/\/fr.wikipedia.org\/wiki\/Rock_fran%C3%A7ais\">Rock fran\u00e7ais<\/a><\/li>\n<li><a class=\"mw-redirect\" title=\"Rap fran\u00e7ais\" href=\"https:\/\/fr.wikipedia.org\/wiki\/Rap_fran%C3%A7ais\">Rap fran\u00e7ais<\/a><\/li>\n<li><a title=\"RnB contemporain\" href=\"https:\/\/fr.wikipedia.org\/wiki\/RnB_contemporain\">RnB<\/a>\u00a0fran\u00e7ais<\/li>\n<li><a title=\"Dancehall\" href=\"https:\/\/fr.wikipedia.org\/wiki\/Dancehall\">Dancehall<\/a>\/Ragga fran\u00e7ais<\/li>\n<li><a title=\"Reggaeton\" href=\"https:\/\/fr.wikipedia.org\/wiki\/Reggaeton\">Reggaeton<\/a>\u00a0fran\u00e7ais<\/li>\n<li><a title=\"Zouglou\" href=\"https:\/\/fr.wikipedia.org\/wiki\/Zouglou\">Zouglou<\/a>\u00a0francophone<\/li>\n<li><a title=\"Coup\u00e9-d\u00e9cal\u00e9\" href=\"https:\/\/fr.wikipedia.org\/wiki\/Coup%C3%A9-d%C3%A9cal%C3%A9\">Coup\u00e9-d\u00e9cal\u00e9<\/a>\u00a0francophone<\/li>\n<li><a title=\"Logobi\" href=\"https:\/\/fr.wikipedia.org\/wiki\/Logobi\">Logoby<\/a>\u00a0francophone<\/li>\n<li><a title=\"Zouk\" href=\"https:\/\/fr.wikipedia.org\/wiki\/Zouk\">Zouk<\/a>\u00a0fran\u00e7ais<\/li>\n<li><a title=\"Disco\" href=\"https:\/\/fr.wikipedia.org\/wiki\/Disco\">Disco<\/a>\u00a0fran\u00e7ais<\/li>\n<li><a title=\"French touch (musique)\" href=\"https:\/\/fr.wikipedia.org\/wiki\/French_touch_(musique)\">French touch<\/a>\u00a0(house\/techno\/electro\u2026 fran\u00e7aise)<\/li>\n<li><a title=\"Turntablism\" href=\"https:\/\/fr.wikipedia.org\/wiki\/Turntablism\">Turntablism<\/a>\u00a0\/\u00a0<i>platinisme<\/i><\/li>\n<li><a title=\"Tecktonik\" href=\"https:\/\/fr.wikipedia.org\/wiki\/Tecktonik\">Tecktonik<\/a><\/li>\n<li><a title=\"Electro\" href=\"https:\/\/fr.wikipedia.org\/wiki\/Electro\">Electro<\/a>\u00a0fran\u00e7ais,\u00a0<a title=\"French touch (musique)\" href=\"https:\/\/fr.wikipedia.org\/wiki\/French_touch_(musique)\">French touch (musique)<\/a>,\u00a0<a class=\"new\" title=\"Musique \u00e9lectronique fran\u00e7aise (page inexistante)\" href=\"https:\/\/fr.wikipedia.org\/w\/index.php?title=Musique_%C3%A9lectronique_fran%C3%A7aise&amp;action=edit&amp;redlink=1\">Musique \u00e9lectronique fran\u00e7aise<\/a>\u00a0<a class=\"extiw\" title=\"en:French electronic music\" href=\"https:\/\/en.wikipedia.org\/wiki\/French_electronic_music\"><span class=\"indicateur-langue\" title=\"Article en anglais\u00a0: \u00ab\u00a0French electronic music\u00a0\u00bb\">(en)<\/span><\/a><\/li>\n<li><a title=\"Musique folk\" href=\"https:\/\/fr.wikipedia.org\/wiki\/Musique_folk\">Folk<\/a>\u00a0fran\u00e7ais,\u00a0<a title=\"Cat\u00e9gorie:Groupe fran\u00e7ais de musique folk\" href=\"https:\/\/fr.wikipedia.org\/wiki\/Cat%C3%A9gorie:Groupe_fran%C3%A7ais_de_musique_folk\">Groupes fran\u00e7ais de musique folk<\/a><\/li>\n<li><a title=\"Jazz fran\u00e7ais\" href=\"https:\/\/fr.wikipedia.org\/wiki\/Jazz_fran%C3%A7ais\">Jazz fran\u00e7ais<\/a>,\u00a0<a title=\"Cat\u00e9gorie:Chanteur fran\u00e7ais de jazz\" href=\"https:\/\/fr.wikipedia.org\/wiki\/Cat%C3%A9gorie:Chanteur_fran%C3%A7ais_de_jazz\">Chanteurs fran\u00e7ais de jazz<\/a><\/li>\n<li><a title=\"Pop rock\" href=\"https:\/\/fr.wikipedia.org\/wiki\/Pop_rock\">Pop rock<\/a>\u00a0fran\u00e7ais,\u00a0<a title=\"Cat\u00e9gorie:Groupe fran\u00e7ais de pop rock\" href=\"https:\/\/fr.wikipedia.org\/wiki\/Cat%C3%A9gorie:Groupe_fran%C3%A7ais_de_pop_rock\">Groupes fran\u00e7ais de pop rock<\/a><\/li>\n<li><a title=\"Reggae\" href=\"https:\/\/fr.wikipedia.org\/wiki\/Reggae\">Reggae<\/a>\u00a0fran\u00e7ais<sup id=\"cite_ref-1\" class=\"reference\"><a href=\"https:\/\/fr.wikipedia.org\/wiki\/Musique_fran%C3%A7aise#cite_note-1\">1<\/a><\/sup>,\u00a0<a title=\"Cat\u00e9gorie:Groupe fran\u00e7ais de reggae\" href=\"https:\/\/fr.wikipedia.org\/wiki\/Cat%C3%A9gorie:Groupe_fran%C3%A7ais_de_reggae\">Groupes fran\u00e7ais de reggae<\/a><\/li>\n<li><a title=\"Musique country\" href=\"https:\/\/fr.wikipedia.org\/wiki\/Musique_country\">Country fran\u00e7ais<\/a><\/li>\n<li><a title=\"Blues fran\u00e7ais\" href=\"https:\/\/fr.wikipedia.org\/wiki\/Blues_fran%C3%A7ais\">Blues fran\u00e7ais<\/a><\/li>\n<li><a title=\"Garage rock\" href=\"https:\/\/fr.wikipedia.org\/wiki\/Garage_rock\">Rock garage<\/a>\u00a0fran\u00e7ais,\u00a0<a title=\"Cat\u00e9gorie:Groupe fran\u00e7ais de garage rock\" href=\"https:\/\/fr.wikipedia.org\/wiki\/Cat%C3%A9gorie:Groupe_fran%C3%A7ais_de_garage_rock\">Groupes de garage fran\u00e7ais rock<\/a><\/li>\n<li><a class=\"mw-redirect\" title=\"World music\" href=\"https:\/\/fr.wikipedia.org\/wiki\/World_music\">World<\/a>\u00a0fran\u00e7aise<\/li>\n<li><a title=\"Ska\" href=\"https:\/\/fr.wikipedia.org\/wiki\/Ska\">Ska<\/a>\u00a0fran\u00e7ais,\u00a0<a title=\"Cat\u00e9gorie:Groupe fran\u00e7ais de ska\" href=\"https:\/\/fr.wikipedia.org\/wiki\/Cat%C3%A9gorie:Groupe_fran%C3%A7ais_de_ska\">Groupes fran\u00e7ais de ska<\/a><\/li>\n<li><a title=\"Ra\u00ef\" href=\"https:\/\/fr.wikipedia.org\/wiki\/Ra%C3%AF\">Ra\u00ef<\/a>\u00a0Fran\u00e7ais<\/li>\n<li><a title=\"Musique tzigane\" href=\"https:\/\/fr.wikipedia.org\/wiki\/Musique_tzigane\">Gypsy pop<\/a>\u00a0(The Gypsy Queens,\u00a0<a title=\"Kendji Girac\" href=\"https:\/\/fr.wikipedia.org\/wiki\/Kendji_Girac\">Kendji Girac<\/a>)<\/li>\n<li><a title=\"Tango (musique)\" href=\"https:\/\/fr.wikipedia.org\/wiki\/Tango_(musique)\">Tango<\/a>\u00a0fran\u00e7ais<\/li>\n<li><a title=\"Op\u00e9rette\" href=\"https:\/\/fr.wikipedia.org\/wiki\/Op%C3%A9rette\">Op\u00e9rette<\/a>\u00a0fran\u00e7aise,\u00a0<a title=\"Cat\u00e9gorie:Compositeur fran\u00e7ais d'op\u00e9rette\" href=\"https:\/\/fr.wikipedia.org\/wiki\/Cat%C3%A9gorie:Compositeur_fran%C3%A7ais_d%27op%C3%A9rette\">Compositeurs fran\u00e7ais d&rsquo;op\u00e9rette<\/a><\/li>\n<li><a class=\"mw-redirect\" title=\"Black Metal\" href=\"https:\/\/fr.wikipedia.org\/wiki\/Black_Metal\">Black Metal<\/a>\u00a0fran\u00e7ais<\/li>\n<\/ul>\n","protected":false},"excerpt":{"rendered":"<p>Bal musette Jazz manouche Punk fran\u00e7ais Rock fran\u00e7ais Rap fran\u00e7ais RnB\u00a0fran\u00e7ais Dancehall\/Ragga fran\u00e7ais Reggaeton\u00a0fran\u00e7ais Zouglou\u00a0francophone Coup\u00e9-d\u00e9cal\u00e9\u00a0francophone Logoby\u00a0francophone Zouk\u00a0fran\u00e7ais Disco\u00a0fran\u00e7ais French touch\u00a0(house\/techno\/electro\u2026 fran\u00e7aise) Turntablism\u00a0\/\u00a0platinisme Tecktonik Electro\u00a0fran\u00e7ais,\u00a0French touch (musique),\u00a0Musique \u00e9lectronique fran\u00e7aise\u00a0(en) Folk\u00a0fran\u00e7ais,\u00a0Groupes fran\u00e7ais de musique folk Jazz fran\u00e7ais,\u00a0Chanteurs fran\u00e7ais de jazz Pop rock\u00a0fran\u00e7ais,\u00a0Groupes fran\u00e7ais de pop rock Reggae\u00a0fran\u00e7ais1,\u00a0Groupes fran\u00e7ais de reggae Country fran\u00e7ais Blues fran\u00e7ais Rock garage\u00a0fran\u00e7ais,\u00a0Groupes [&hellip;]<\/p>\n","protected":false},"author":1,"featured_media":0,"parent":0,"menu_order":0,"comment_status":"closed","ping_status":"closed","template":"","meta":{"footnotes":""},"class_list":["post-11361","page","type-page","status-publish","hentry"],"_links":{"self":[{"href":"https:\/\/oraziopuglisi.art\/index.php\/wp-json\/wp\/v2\/pages\/11361","targetHints":{"allow":["GET"]}}],"collection":[{"href":"https:\/\/oraziopuglisi.art\/index.php\/wp-json\/wp\/v2\/pages"}],"about":[{"href":"https:\/\/oraziopuglisi.art\/index.php\/wp-json\/wp\/v2\/types\/page"}],"author":[{"embeddable":true,"href":"https:\/\/oraziopuglisi.art\/index.php\/wp-json\/wp\/v2\/users\/1"}],"replies":[{"embeddable":true,"href":"https:\/\/oraziopuglisi.art\/index.php\/wp-json\/wp\/v2\/comments?post=11361"}],"version-history":[{"count":3,"href":"https:\/\/oraziopuglisi.art\/index.php\/wp-json\/wp\/v2\/pages\/11361\/revisions"}],"predecessor-version":[{"id":11395,"href":"https:\/\/oraziopuglisi.art\/index.php\/wp-json\/wp\/v2\/pages\/11361\/revisions\/11395"}],"wp:attachment":[{"href":"https:\/\/oraziopuglisi.art\/index.php\/wp-json\/wp\/v2\/media?parent=11361"}],"curies":[{"name":"wp","href":"https:\/\/api.w.org\/{rel}","templated":true}]}}