{"id":11359,"date":"2024-08-21T20:53:34","date_gmt":"2024-08-21T18:53:34","guid":{"rendered":"https:\/\/oraziopuglisi.art\/?page_id=11359"},"modified":"2024-08-21T21:26:47","modified_gmt":"2024-08-21T19:26:47","slug":"musique-populaire","status":"publish","type":"page","link":"https:\/\/oraziopuglisi.art\/index.php\/musique-populaire\/","title":{"rendered":"Musique Populaire"},"content":{"rendered":"<p style=\"text-align: justify;\">La chanson fran\u00e7aise est un style typique de la musique fran\u00e7aise, et est tr\u00e8s populaire en\u00a0<a title=\"France\" href=\"https:\/\/fr.wikipedia.org\/wiki\/France\">France<\/a>. Les artistes classiques les plus importants sont\u00a0:\u00a0<a title=\"Charles Trenet\" href=\"https:\/\/fr.wikipedia.org\/wiki\/Charles_Trenet\">Charles Trenet<\/a>, consid\u00e9r\u00e9 comme le p\u00e8re de la chanson moderne apr\u00e8s le renouveau de rythmes et de mots qu&rsquo;il apporta dans les ann\u00e9es 1930,\u00a0<a title=\"\u00c9dith Piaf\" href=\"https:\/\/fr.wikipedia.org\/wiki\/%C3%89dith_Piaf\">\u00c9dith Piaf<\/a>, Monique Serf (<a title=\"Barbara\" href=\"https:\/\/fr.wikipedia.org\/wiki\/Barbara\">Barbara<\/a>),\u00a0<a title=\"Georges Brassens\" href=\"https:\/\/fr.wikipedia.org\/wiki\/Georges_Brassens\">Georges Brassens<\/a>,\u00a0<a title=\"Jacques Brel\" href=\"https:\/\/fr.wikipedia.org\/wiki\/Jacques_Brel\">Jacques Brel<\/a>,\u00a0<a title=\"L\u00e9o Ferr\u00e9\" href=\"https:\/\/fr.wikipedia.org\/wiki\/L%C3%A9o_Ferr%C3%A9\">L\u00e9o Ferr\u00e9<\/a>,\u00a0<a title=\"Jean Ferrat\" href=\"https:\/\/fr.wikipedia.org\/wiki\/Jean_Ferrat\">Jean Ferrat<\/a>,\u00a0<a title=\"Claude Nougaro\" href=\"https:\/\/fr.wikipedia.org\/wiki\/Claude_Nougaro\">Claude Nougaro<\/a>,\u00a0<a title=\"Annie Cordy\" href=\"https:\/\/fr.wikipedia.org\/wiki\/Annie_Cordy\">Annie Cordy<\/a>,\u00a0<a title=\"Charles Aznavour\" href=\"https:\/\/fr.wikipedia.org\/wiki\/Charles_Aznavour\">Charles Aznavour<\/a>,\u00a0<a title=\"Mireille Mathieu\" href=\"https:\/\/fr.wikipedia.org\/wiki\/Mireille_Mathieu\">Mireille Mathieu<\/a>,\u00a0<a title=\"Dalida\" href=\"https:\/\/fr.wikipedia.org\/wiki\/Dalida\">Dalida<\/a>,\u00a0<a title=\"Frida Boccara\" href=\"https:\/\/fr.wikipedia.org\/wiki\/Frida_Boccara\">Frida Boccara<\/a>,\u00a0<a title=\"Gilbert B\u00e9caud\" href=\"https:\/\/fr.wikipedia.org\/wiki\/Gilbert_B%C3%A9caud\">Gilbert B\u00e9caud<\/a>,\u00a0<a title=\"Serge Gainsbourg\" href=\"https:\/\/fr.wikipedia.org\/wiki\/Serge_Gainsbourg\">Serge Gainsbourg<\/a>,\u00a0<a title=\"Salvatore Adamo\" href=\"https:\/\/fr.wikipedia.org\/wiki\/Salvatore_Adamo\">Salvatore Adamo<\/a>, et\u00a0<a title=\"Brigitte Fontaine\" href=\"https:\/\/fr.wikipedia.org\/wiki\/Brigitte_Fontaine\">Brigitte Fontaine<\/a>.<\/p>\n<p style=\"text-align: justify;\">Pendant les\u00a0<a title=\"Ann\u00e9es 1970\" href=\"https:\/\/fr.wikipedia.org\/wiki\/Ann%C3%A9es_1970\">ann\u00e9es 1970<\/a>, dans des styles vari\u00e9s, des artistes ont renouvel\u00e9 la chanson fran\u00e7aise\u00a0:\u00a0<a title=\"Johnny Hallyday\" href=\"https:\/\/fr.wikipedia.org\/wiki\/Johnny_Hallyday\">Johnny Hallyday<\/a>,\u00a0<a title=\"Michel Sardou\" href=\"https:\/\/fr.wikipedia.org\/wiki\/Michel_Sardou\">Michel Sardou<\/a>,\u00a0<a title=\"Claude Fran\u00e7ois\" href=\"https:\/\/fr.wikipedia.org\/wiki\/Claude_Fran%C3%A7ois\">Claude Fran\u00e7ois<\/a>,\u00a0<a title=\"Joe Dassin\" href=\"https:\/\/fr.wikipedia.org\/wiki\/Joe_Dassin\">Joe Dassin<\/a>,\u00a0<a title=\"Serge Lama\" href=\"https:\/\/fr.wikipedia.org\/wiki\/Serge_Lama\">Serge Lama<\/a>,\u00a0<a title=\"Sheila\" href=\"https:\/\/fr.wikipedia.org\/wiki\/Sheila\">Sheila<\/a>,\u00a0<a title=\"Dalida\" href=\"https:\/\/fr.wikipedia.org\/wiki\/Dalida\">Dalida<\/a>,\u00a0<a title=\"Frida Boccara\" href=\"https:\/\/fr.wikipedia.org\/wiki\/Frida_Boccara\">Frida Boccara<\/a>,\u00a0<a title=\"Eddy Mitchell\" href=\"https:\/\/fr.wikipedia.org\/wiki\/Eddy_Mitchell\">Eddy Mitchell<\/a>,\u00a0<a title=\"Jacques Dutronc\" href=\"https:\/\/fr.wikipedia.org\/wiki\/Jacques_Dutronc\">Jacques Dutronc<\/a>,\u00a0<a title=\"Fran\u00e7oise Hardy\" href=\"https:\/\/fr.wikipedia.org\/wiki\/Fran%C3%A7oise_Hardy\">Fran\u00e7oise Hardy<\/a>,\u00a0<a title=\"V\u00e9ronique Sanson\" href=\"https:\/\/fr.wikipedia.org\/wiki\/V%C3%A9ronique_Sanson\">V\u00e9ronique Sanson<\/a>,\u00a0<a title=\"Renaud\" href=\"https:\/\/fr.wikipedia.org\/wiki\/Renaud\">Renaud<\/a>,\u00a0<a title=\"Francis Cabrel\" href=\"https:\/\/fr.wikipedia.org\/wiki\/Francis_Cabrel\">Francis Cabrel<\/a>,\u00a0<a title=\"Alain Souchon\" href=\"https:\/\/fr.wikipedia.org\/wiki\/Alain_Souchon\">Alain Souchon<\/a>,\u00a0<a title=\"Jacques Higelin\" href=\"https:\/\/fr.wikipedia.org\/wiki\/Jacques_Higelin\">Jacques Higelin<\/a>,\u00a0<a title=\"Bernard Lavilliers\" href=\"https:\/\/fr.wikipedia.org\/wiki\/Bernard_Lavilliers\">Bernard Lavilliers<\/a>,\u00a0<a title=\"Alain Chamfort\" href=\"https:\/\/fr.wikipedia.org\/wiki\/Alain_Chamfort\">Alain Chamfort<\/a>, et aussi dans les\u00a0<a title=\"Ann\u00e9es 1980\" href=\"https:\/\/fr.wikipedia.org\/wiki\/Ann%C3%A9es_1980\">ann\u00e9es 1980<\/a>\u00a0(<a title=\"Myl\u00e8ne Farmer\" href=\"https:\/\/fr.wikipedia.org\/wiki\/Myl%C3%A8ne_Farmer\">Myl\u00e8ne Farmer<\/a>,\u00a0<a title=\"Alain Bashung\" href=\"https:\/\/fr.wikipedia.org\/wiki\/Alain_Bashung\">Alain Bashung<\/a>,\u00a0<a title=\"\u00c9tienne Daho\" href=\"https:\/\/fr.wikipedia.org\/wiki\/%C3%89tienne_Daho\">\u00c9tienne Daho<\/a>,\u00a0<a class=\"mw-redirect\" title=\"T\u00eates Raides\" href=\"https:\/\/fr.wikipedia.org\/wiki\/T%C3%AAtes_Raides\">T\u00eates Raides<\/a>), jusque maintenant (<a title=\"Vanessa Paradis\" href=\"https:\/\/fr.wikipedia.org\/wiki\/Vanessa_Paradis\">Vanessa Paradis<\/a>,\u00a0<a title=\"Jason Kouchak\" href=\"https:\/\/fr.wikipedia.org\/wiki\/Jason_Kouchak\">Jason Kouchak<\/a>,\u00a0<a title=\"Matthieu Chedid\" href=\"https:\/\/fr.wikipedia.org\/wiki\/Matthieu_Chedid\">Matthieu Chedid<\/a>,\u00a0<a title=\"Jean-Louis Murat\" href=\"https:\/\/fr.wikipedia.org\/wiki\/Jean-Louis_Murat\">Jean-Louis Murat<\/a>,\u00a0<a title=\"Christophe Miossec\" href=\"https:\/\/fr.wikipedia.org\/wiki\/Christophe_Miossec\">Miossec<\/a>,\u00a0<a title=\"Mathieu Boogaerts\" href=\"https:\/\/fr.wikipedia.org\/wiki\/Mathieu_Boogaerts\">Mathieu Boogaerts<\/a>,\u00a0<a title=\"Daniel Darc\" href=\"https:\/\/fr.wikipedia.org\/wiki\/Daniel_Darc\">Daniel Darc<\/a>,\u00a0<a title=\"Vincent Delerm\" href=\"https:\/\/fr.wikipedia.org\/wiki\/Vincent_Delerm\">Vincent Delerm<\/a>).<\/p>\n<p style=\"text-align: justify;\">Le c\u00f4t\u00e9 plus commercial et populaire de la \u00ab\u00a0chanson\u00a0\u00bb est appel\u00e9 \u00ab\u00a0vari\u00e9t\u00e9\u00a0\u00bb, et comprend des artistes comme\u00a0<a title=\"Francis Cabrel\" href=\"https:\/\/fr.wikipedia.org\/wiki\/Francis_Cabrel\">Francis Cabrel<\/a>,\u00a0<a title=\"Alain Souchon\" href=\"https:\/\/fr.wikipedia.org\/wiki\/Alain_Souchon\">Alain Souchon<\/a>,\u00a0<a title=\"Laurent Voulzy\" href=\"https:\/\/fr.wikipedia.org\/wiki\/Laurent_Voulzy\">Laurent Voulzy<\/a>, et\u00a0<a title=\"Jean-Jacques Goldman\" href=\"https:\/\/fr.wikipedia.org\/wiki\/Jean-Jacques_Goldman\">Jean-Jacques Goldman<\/a>. Plus r\u00e9cemment, le succ\u00e8s de l&rsquo;\u00e9mission\u00a0<a title=\"Star Academy (France)\" href=\"https:\/\/fr.wikipedia.org\/wiki\/Star_Academy_(France)\">Star Academy<\/a>\u00a0a engendr\u00e9 une nouvelle g\u00e9n\u00e9ration d&rsquo;artistes de musique populaire comme\u00a0<a title=\"Jenifer\" href=\"https:\/\/fr.wikipedia.org\/wiki\/Jenifer\">Jenifer<\/a>\u00a0et\u00a0<a title=\"Nolwenn Leroy\" href=\"https:\/\/fr.wikipedia.org\/wiki\/Nolwenn_Leroy\">Nolwenn Leroy<\/a>.\u00a0<a title=\"Myl\u00e8ne Farmer\" href=\"https:\/\/fr.wikipedia.org\/wiki\/Myl%C3%A8ne_Farmer\">Myl\u00e8ne Farmer<\/a>\u00a0a inspir\u00e9 des artistes pop rock comme\u00a0<a title=\"Zazie\" href=\"https:\/\/fr.wikipedia.org\/wiki\/Zazie\">Zazie<\/a>,\u00a0<a title=\"Aliz\u00e9e\" href=\"https:\/\/fr.wikipedia.org\/wiki\/Aliz%C3%A9e\">Aliz\u00e9e<\/a>\u00a0et\u00a0<a class=\"mw-redirect\" title=\"Lorie\" href=\"https:\/\/fr.wikipedia.org\/wiki\/Lorie\">Lorie<\/a>, et des chanteuses comme\u00a0<a title=\"Shy'm\" href=\"https:\/\/fr.wikipedia.org\/wiki\/Shy%27m\">Shy&rsquo;m<\/a>,\u00a0<a class=\"mw-redirect\" title=\"Nadiya\" href=\"https:\/\/fr.wikipedia.org\/wiki\/Nadiya\">Nadiya<\/a>\u00a0et\u00a0<a title=\"Oph\u00e9lie Winter\" href=\"https:\/\/fr.wikipedia.org\/wiki\/Oph%C3%A9lie_Winter\">Oph\u00e9lie Winter<\/a>.<\/p>\n<p style=\"text-align: justify;\">\u00c0 partir des ann\u00e9es 1990, de nombreux artistes Fran\u00e7ais se distinguent \u00e0 l&rsquo;international par leur cr\u00e9ativit\u00e9 en musique \u00e9lectronique, qui signe la naissance de la musique house Fran\u00e7aise que l&rsquo;on surnomme la\u00a0<a title=\"French touch (musique)\" href=\"https:\/\/fr.wikipedia.org\/wiki\/French_touch_(musique)\">French Touch<\/a>.<\/p>\n","protected":false},"excerpt":{"rendered":"<p>La chanson fran\u00e7aise est un style typique de la musique fran\u00e7aise, et est tr\u00e8s populaire en\u00a0France. Les artistes classiques les plus importants sont\u00a0:\u00a0Charles Trenet, consid\u00e9r\u00e9 comme le p\u00e8re de la chanson moderne apr\u00e8s le renouveau de rythmes et de mots qu&rsquo;il apporta dans les ann\u00e9es 1930,\u00a0\u00c9dith Piaf, Monique Serf (Barbara),\u00a0Georges Brassens,\u00a0Jacques Brel,\u00a0L\u00e9o Ferr\u00e9,\u00a0Jean Ferrat,\u00a0Claude Nougaro,\u00a0Annie [&hellip;]<\/p>\n","protected":false},"author":1,"featured_media":0,"parent":0,"menu_order":0,"comment_status":"closed","ping_status":"closed","template":"","meta":{"footnotes":""},"class_list":["post-11359","page","type-page","status-publish","hentry"],"_links":{"self":[{"href":"https:\/\/oraziopuglisi.art\/index.php\/wp-json\/wp\/v2\/pages\/11359","targetHints":{"allow":["GET"]}}],"collection":[{"href":"https:\/\/oraziopuglisi.art\/index.php\/wp-json\/wp\/v2\/pages"}],"about":[{"href":"https:\/\/oraziopuglisi.art\/index.php\/wp-json\/wp\/v2\/types\/page"}],"author":[{"embeddable":true,"href":"https:\/\/oraziopuglisi.art\/index.php\/wp-json\/wp\/v2\/users\/1"}],"replies":[{"embeddable":true,"href":"https:\/\/oraziopuglisi.art\/index.php\/wp-json\/wp\/v2\/comments?post=11359"}],"version-history":[{"count":2,"href":"https:\/\/oraziopuglisi.art\/index.php\/wp-json\/wp\/v2\/pages\/11359\/revisions"}],"predecessor-version":[{"id":11393,"href":"https:\/\/oraziopuglisi.art\/index.php\/wp-json\/wp\/v2\/pages\/11359\/revisions\/11393"}],"wp:attachment":[{"href":"https:\/\/oraziopuglisi.art\/index.php\/wp-json\/wp\/v2\/media?parent=11359"}],"curies":[{"name":"wp","href":"https:\/\/api.w.org\/{rel}","templated":true}]}}