{"id":11357,"date":"2024-08-21T20:53:04","date_gmt":"2024-08-21T18:53:04","guid":{"rendered":"https:\/\/oraziopuglisi.art\/?page_id=11357"},"modified":"2024-08-21T21:24:29","modified_gmt":"2024-08-21T19:24:29","slug":"musique-de-film","status":"publish","type":"page","link":"https:\/\/oraziopuglisi.art\/index.php\/musique-de-film\/","title":{"rendered":"Musique de Film"},"content":{"rendered":"<p>Depuis l&rsquo;<a title=\"L'Assassinat du duc de Guise (film, 1908)\" href=\"https:\/\/fr.wikipedia.org\/wiki\/L%27Assassinat_du_duc_de_Guise_(film,_1908)\">Assassinat du duc de Guise<\/a>\u00a0(1908) dont la musique est compos\u00e9e par\u00a0<a title=\"Camille Saint-Sa\u00ebns\" href=\"https:\/\/fr.wikipedia.org\/wiki\/Camille_Saint-Sa%C3%ABns\">Camille Saint-Sa\u00ebns<\/a>\u00a0jusqu&rsquo;aux derni\u00e8res productions des ann\u00e9es 2010, plusieurs g\u00e9n\u00e9rations de compositeurs se sont succ\u00e9d\u00e9.<\/p>\n<p><b>1890s<\/b><\/p>\n<ul>\n<li><a title=\"Jean Wi\u00e9ner\" href=\"https:\/\/fr.wikipedia.org\/wiki\/Jean_Wi%C3%A9ner\">Jean Wi\u00e9ner<\/a>\u00a0(1896-1982)<\/li>\n<li><a title=\"Georges Auric\" href=\"https:\/\/fr.wikipedia.org\/wiki\/Georges_Auric\">Georges Auric<\/a>\u00a0(1899-1983)<\/li>\n<\/ul>\n<p><b>1900s<\/b><\/p>\n<ul>\n<li><a title=\"Georges van Parys\" href=\"https:\/\/fr.wikipedia.org\/wiki\/Georges_van_Parys\">Georges van Parys<\/a>\u00a0(1902-1971)<\/li>\n<li><a title=\"Joseph Kosma\" href=\"https:\/\/fr.wikipedia.org\/wiki\/Joseph_Kosma\">Joseph Kosma<\/a>\u00a0(1905-1969)<\/li>\n<\/ul>\n<p><b>1920s<\/b><\/p>\n<ul>\n<li><a title=\"G\u00e9rard Calvi\" href=\"https:\/\/fr.wikipedia.org\/wiki\/G%C3%A9rard_Calvi\">G\u00e9rard Calvi<\/a>\u00a0(1922-2015)<\/li>\n<li><a title=\"Maurice Jarre\" href=\"https:\/\/fr.wikipedia.org\/wiki\/Maurice_Jarre\">Maurice Jarre<\/a>\u00a0(1924-2009)<\/li>\n<li><a title=\"Georges Delerue\" href=\"https:\/\/fr.wikipedia.org\/wiki\/Georges_Delerue\">Georges Delerue<\/a>\u00a0(1925-1992)<\/li>\n<\/ul>\n<p><b>1930s<\/b><\/p>\n<ul>\n<li><a title=\"Michel Magne\" href=\"https:\/\/fr.wikipedia.org\/wiki\/Michel_Magne\">Michel Magne<\/a>\u00a0(1930-1984)<\/li>\n<li><a title=\"Claude Bolling\" href=\"https:\/\/fr.wikipedia.org\/wiki\/Claude_Bolling\">Claude Bolling<\/a>\u00a0(1930-2020)<\/li>\n<li><a title=\"Francis Lai\" href=\"https:\/\/fr.wikipedia.org\/wiki\/Francis_Lai\">Francis Lai<\/a>\u00a0(1932-2018)<\/li>\n<li><a title=\"Michel Legrand\" href=\"https:\/\/fr.wikipedia.org\/wiki\/Michel_Legrand\">Michel Legrand<\/a>\u00a0(1932-2019)<\/li>\n<li><a title=\"Fran\u00e7ois de Roubaix\" href=\"https:\/\/fr.wikipedia.org\/wiki\/Fran%C3%A7ois_de_Roubaix\">Fran\u00e7ois de Roubaix<\/a>\u00a0(1939-1975)<\/li>\n<\/ul>\n<p><b>1940s<\/b><\/p>\n<ul>\n<li><a title=\"Vladimir Cosma\" href=\"https:\/\/fr.wikipedia.org\/wiki\/Vladimir_Cosma\">Vladimir Cosma<\/a>\u00a0(1940)<\/li>\n<li><a title=\"Jean-Claude Petit (compositeur)\" href=\"https:\/\/fr.wikipedia.org\/wiki\/Jean-Claude_Petit_(compositeur)\">Jean-Claude Petit<\/a>\u00a0(1943)<\/li>\n<li><a title=\"Gabriel Yared\" href=\"https:\/\/fr.wikipedia.org\/wiki\/Gabriel_Yared\">Gabriel Yared<\/a>\u00a0(1949)<\/li>\n<\/ul>\n<p><b>1950s<\/b><\/p>\n<ul>\n<li><a title=\"Laurent Petitgirard\" href=\"https:\/\/fr.wikipedia.org\/wiki\/Laurent_Petitgirard\">Laurent Petitgirard<\/a>\u00a0(1950)<\/li>\n<li><a title=\"Bruno Coulais\" href=\"https:\/\/fr.wikipedia.org\/wiki\/Bruno_Coulais\">Bruno Coulais<\/a>\u00a0(1954)<\/li>\n<\/ul>\n<p><b>1960s<\/b><\/p>\n<ul>\n<li><a title=\"Alexandre Desplat\" href=\"https:\/\/fr.wikipedia.org\/wiki\/Alexandre_Desplat\">Alexandre Desplat<\/a>\u00a0(1961)<\/li>\n<li><a title=\"Jean-Michel Bernard\" href=\"https:\/\/fr.wikipedia.org\/wiki\/Jean-Michel_Bernard\">Jean-Michel Bernard<\/a>\u00a0(1961)<\/li>\n<li><a title=\"Pierre Adenot\" href=\"https:\/\/fr.wikipedia.org\/wiki\/Pierre_Adenot\">Pierre Adenot<\/a>\u00a0(1965)<\/li>\n<li><a title=\"Philippe Rombi\" href=\"https:\/\/fr.wikipedia.org\/wiki\/Philippe_Rombi\">Philippe Rombi<\/a>\u00a0(1968)<\/li>\n<\/ul>\n<p><b>1970s<\/b><\/p>\n<ul>\n<li><a title=\"Matthieu Gonet\" href=\"https:\/\/fr.wikipedia.org\/wiki\/Matthieu_Gonet\">Matthieu Gonet<\/a>\u00a0(1972)<\/li>\n<li><a title=\"Christophe Julien\" href=\"https:\/\/fr.wikipedia.org\/wiki\/Christophe_Julien\">Christophe Julien<\/a>\u00a0(1972)<\/li>\n<li><a title=\"\u00c9ric Neveux\" href=\"https:\/\/fr.wikipedia.org\/wiki\/%C3%89ric_Neveux\">\u00c9ric Neveux<\/a>\u00a0(1972)<\/li>\n<li><a title=\"Cyrille Aufort\" href=\"https:\/\/fr.wikipedia.org\/wiki\/Cyrille_Aufort\">Cyrille Aufort<\/a>\u00a0(1974)<\/li>\n<li><a title=\"Laurent Perez del Mar\" href=\"https:\/\/fr.wikipedia.org\/wiki\/Laurent_Perez_del_Mar\">Laurent Perez del Mar<\/a>\u00a0(1974)<\/li>\n<\/ul>\n<p><b>1980s<\/b><\/p>\n<ul>\n<li><a title=\"Mathieu Lamboley\" href=\"https:\/\/fr.wikipedia.org\/wiki\/Mathieu_Lamboley\">Mathieu Lamboley<\/a>\u00a0(1980)<\/li>\n<li><a class=\"new\" title=\"Romain Trouillet (page inexistante)\" href=\"https:\/\/fr.wikipedia.org\/w\/index.php?title=Romain_Trouillet&amp;action=edit&amp;redlink=1\">Romain Trouillet<\/a>\u00a0(1986)<\/li>\n<li><a class=\"new\" title=\"Valentin Hadjadj (page inexistante)\" href=\"https:\/\/fr.wikipedia.org\/w\/index.php?title=Valentin_Hadjadj&amp;action=edit&amp;redlink=1\">Valentin Hadjadj<\/a><\/li>\n<li><a class=\"new\" title=\"Erwann Chandon (page inexistante)\" href=\"https:\/\/fr.wikipedia.org\/w\/index.php?title=Erwann_Chandon&amp;action=edit&amp;redlink=1\">Erwann Chandon<\/a><\/li>\n<li><a class=\"new\" title=\"Benjamin Ribolet (page inexistante)\" href=\"https:\/\/fr.wikipedia.org\/w\/index.php?title=Benjamin_Ribolet&amp;action=edit&amp;redlink=1\">Benjamin Ribolet<\/a><\/li>\n<li><a class=\"new\" title=\"Romain Allender (page inexistante)\" href=\"https:\/\/fr.wikipedia.org\/w\/index.php?title=Romain_Allender&amp;action=edit&amp;redlink=1\">Romain Allender<\/a><\/li>\n<li><a class=\"new\" title=\"Sylvain Morizet (page inexistante)\" href=\"https:\/\/fr.wikipedia.org\/w\/index.php?title=Sylvain_Morizet&amp;action=edit&amp;redlink=1\">Sylvain Morizet<\/a><\/li>\n<\/ul>\n","protected":false},"excerpt":{"rendered":"<p>Depuis l&rsquo;Assassinat du duc de Guise\u00a0(1908) dont la musique est compos\u00e9e par\u00a0Camille Saint-Sa\u00ebns\u00a0jusqu&rsquo;aux derni\u00e8res productions des ann\u00e9es 2010, plusieurs g\u00e9n\u00e9rations de compositeurs se sont succ\u00e9d\u00e9. 1890s Jean Wi\u00e9ner\u00a0(1896-1982) Georges Auric\u00a0(1899-1983) 1900s Georges van Parys\u00a0(1902-1971) Joseph Kosma\u00a0(1905-1969) 1920s G\u00e9rard Calvi\u00a0(1922-2015) Maurice Jarre\u00a0(1924-2009) Georges Delerue\u00a0(1925-1992) 1930s Michel Magne\u00a0(1930-1984) Claude Bolling\u00a0(1930-2020) Francis Lai\u00a0(1932-2018) Michel Legrand\u00a0(1932-2019) Fran\u00e7ois de Roubaix\u00a0(1939-1975) [&hellip;]<\/p>\n","protected":false},"author":1,"featured_media":0,"parent":0,"menu_order":0,"comment_status":"closed","ping_status":"closed","template":"","meta":{"footnotes":""},"class_list":["post-11357","page","type-page","status-publish","hentry"],"_links":{"self":[{"href":"https:\/\/oraziopuglisi.art\/index.php\/wp-json\/wp\/v2\/pages\/11357","targetHints":{"allow":["GET"]}}],"collection":[{"href":"https:\/\/oraziopuglisi.art\/index.php\/wp-json\/wp\/v2\/pages"}],"about":[{"href":"https:\/\/oraziopuglisi.art\/index.php\/wp-json\/wp\/v2\/types\/page"}],"author":[{"embeddable":true,"href":"https:\/\/oraziopuglisi.art\/index.php\/wp-json\/wp\/v2\/users\/1"}],"replies":[{"embeddable":true,"href":"https:\/\/oraziopuglisi.art\/index.php\/wp-json\/wp\/v2\/comments?post=11357"}],"version-history":[{"count":2,"href":"https:\/\/oraziopuglisi.art\/index.php\/wp-json\/wp\/v2\/pages\/11357\/revisions"}],"predecessor-version":[{"id":11392,"href":"https:\/\/oraziopuglisi.art\/index.php\/wp-json\/wp\/v2\/pages\/11357\/revisions\/11392"}],"wp:attachment":[{"href":"https:\/\/oraziopuglisi.art\/index.php\/wp-json\/wp\/v2\/media?parent=11357"}],"curies":[{"name":"wp","href":"https:\/\/api.w.org\/{rel}","templated":true}]}}