{"id":11353,"date":"2024-08-21T20:50:34","date_gmt":"2024-08-21T18:50:34","guid":{"rendered":"https:\/\/oraziopuglisi.art\/?page_id=11353"},"modified":"2024-08-21T21:21:22","modified_gmt":"2024-08-21T19:21:22","slug":"musique-contemporaine","status":"publish","type":"page","link":"https:\/\/oraziopuglisi.art\/index.php\/musique-contemporaine\/","title":{"rendered":"Musique Contemporaine"},"content":{"rendered":"<ul>\n<li><a title=\"Pierre Boulez\" href=\"https:\/\/fr.wikipedia.org\/wiki\/Pierre_Boulez\">Pierre Boulez<\/a><\/li>\n<li><a title=\"G\u00e9rard Grisey\" href=\"https:\/\/fr.wikipedia.org\/wiki\/G%C3%A9rard_Grisey\">G\u00e9rard Grisey<\/a><\/li>\n<li><a title=\"Pascal Dusapin\" href=\"https:\/\/fr.wikipedia.org\/wiki\/Pascal_Dusapin\">Pascal Dusapin<\/a><\/li>\n<li><a title=\"Pierre Henry\" href=\"https:\/\/fr.wikipedia.org\/wiki\/Pierre_Henry\">Pierre Henry<\/a><\/li>\n<li><a title=\"Ren\u00e9 Leibowitz\" href=\"https:\/\/fr.wikipedia.org\/wiki\/Ren%C3%A9_Leibowitz\">Ren\u00e9 Leibowitz<\/a><\/li>\n<li><a title=\"Tristan Murail\" href=\"https:\/\/fr.wikipedia.org\/wiki\/Tristan_Murail\">Tristan Murail<\/a><\/li>\n<li><a title=\"Pierre Schaeffer\" href=\"https:\/\/fr.wikipedia.org\/wiki\/Pierre_Schaeffer\">Pierre Schaeffer<\/a><\/li>\n<li><a class=\"mw-redirect\" title=\"Eric Tanguy\" href=\"https:\/\/fr.wikipedia.org\/wiki\/Eric_Tanguy\">Eric Tanguy<\/a><\/li>\n<li><a title=\"Jean-Luc Herv\u00e9\" href=\"https:\/\/fr.wikipedia.org\/wiki\/Jean-Luc_Herv%C3%A9\">Jean-Luc Herv\u00e9<\/a><\/li>\n<\/ul>\n","protected":false},"excerpt":{"rendered":"<p>Pierre Boulez G\u00e9rard Grisey Pascal Dusapin Pierre Henry Ren\u00e9 Leibowitz Tristan Murail Pierre Schaeffer Eric Tanguy Jean-Luc Herv\u00e9<\/p>\n","protected":false},"author":1,"featured_media":0,"parent":0,"menu_order":0,"comment_status":"closed","ping_status":"closed","template":"","meta":{"footnotes":""},"class_list":["post-11353","page","type-page","status-publish","hentry"],"_links":{"self":[{"href":"https:\/\/oraziopuglisi.art\/index.php\/wp-json\/wp\/v2\/pages\/11353","targetHints":{"allow":["GET"]}}],"collection":[{"href":"https:\/\/oraziopuglisi.art\/index.php\/wp-json\/wp\/v2\/pages"}],"about":[{"href":"https:\/\/oraziopuglisi.art\/index.php\/wp-json\/wp\/v2\/types\/page"}],"author":[{"embeddable":true,"href":"https:\/\/oraziopuglisi.art\/index.php\/wp-json\/wp\/v2\/users\/1"}],"replies":[{"embeddable":true,"href":"https:\/\/oraziopuglisi.art\/index.php\/wp-json\/wp\/v2\/comments?post=11353"}],"version-history":[{"count":2,"href":"https:\/\/oraziopuglisi.art\/index.php\/wp-json\/wp\/v2\/pages\/11353\/revisions"}],"predecessor-version":[{"id":11388,"href":"https:\/\/oraziopuglisi.art\/index.php\/wp-json\/wp\/v2\/pages\/11353\/revisions\/11388"}],"wp:attachment":[{"href":"https:\/\/oraziopuglisi.art\/index.php\/wp-json\/wp\/v2\/media?parent=11353"}],"curies":[{"name":"wp","href":"https:\/\/api.w.org\/{rel}","templated":true}]}}