{"id":11351,"date":"2024-08-21T20:50:13","date_gmt":"2024-08-21T18:50:13","guid":{"rendered":"https:\/\/oraziopuglisi.art\/?page_id=11351"},"modified":"2024-08-21T21:20:16","modified_gmt":"2024-08-21T19:20:16","slug":"musique-moderne","status":"publish","type":"page","link":"https:\/\/oraziopuglisi.art\/index.php\/musique-moderne\/","title":{"rendered":"Musique Moderne"},"content":{"rendered":"<ul>\n<li><a title=\"Andr\u00e9 Caplet\" href=\"https:\/\/fr.wikipedia.org\/wiki\/Andr%C3%A9_Caplet\">Andr\u00e9 Caplet<\/a><\/li>\n<li><a title=\"Claude Debussy\" href=\"https:\/\/fr.wikipedia.org\/wiki\/Claude_Debussy\">Claude Debussy<\/a><\/li>\n<li><a title=\"Alfred Desenclos\" href=\"https:\/\/fr.wikipedia.org\/wiki\/Alfred_Desenclos\">Alfred Desenclos<\/a><\/li>\n<li><a title=\"Marcel Dupr\u00e9\" href=\"https:\/\/fr.wikipedia.org\/wiki\/Marcel_Dupr%C3%A9\">Marcel Dupr\u00e9<\/a><\/li>\n<li><a title=\"Maurice Durufl\u00e9\" href=\"https:\/\/fr.wikipedia.org\/wiki\/Maurice_Durufl%C3%A9\">Maurice Durufl\u00e9<\/a><\/li>\n<li><a title=\"Henri Dutilleux\" href=\"https:\/\/fr.wikipedia.org\/wiki\/Henri_Dutilleux\">Henri Dutilleux<\/a><\/li>\n<li><a title=\"Maurice Emmanuel\" href=\"https:\/\/fr.wikipedia.org\/wiki\/Maurice_Emmanuel\">Maurice Emmanuel<\/a><\/li>\n<li><a title=\"Arthur Honegger\" href=\"https:\/\/fr.wikipedia.org\/wiki\/Arthur_Honegger\">Arthur Honegger<\/a><\/li>\n<li><a title=\"Jacques Ibert\" href=\"https:\/\/fr.wikipedia.org\/wiki\/Jacques_Ibert\">Jacques Ibert<\/a><\/li>\n<li><a title=\"Andr\u00e9 Jolivet\" href=\"https:\/\/fr.wikipedia.org\/wiki\/Andr%C3%A9_Jolivet\">Andr\u00e9 Jolivet<\/a><\/li>\n<li><a title=\"Charles Koechlin\" href=\"https:\/\/fr.wikipedia.org\/wiki\/Charles_Koechlin\">Charles Koechlin<\/a><\/li>\n<li><a title=\"Olivier Messiaen\" href=\"https:\/\/fr.wikipedia.org\/wiki\/Olivier_Messiaen\">Olivier Messiaen<\/a><\/li>\n<li><a title=\"Darius Milhaud\" href=\"https:\/\/fr.wikipedia.org\/wiki\/Darius_Milhaud\">Darius Milhaud<\/a><\/li>\n<li><a title=\"Francis Poulenc\" href=\"https:\/\/fr.wikipedia.org\/wiki\/Francis_Poulenc\">Francis Poulenc<\/a><\/li>\n<li><a title=\"Maurice Ravel\" href=\"https:\/\/fr.wikipedia.org\/wiki\/Maurice_Ravel\">Maurice Ravel<\/a><\/li>\n<li><img loading=\"lazy\" decoding=\"async\" class=\"alignnone size-medium wp-image-11319\" src=\"http:\/\/oraziopuglisi.art\/wp-content\/uploads\/2024\/08\/Maurice_Ravel_1925-1-225x300.jpg\" alt=\"\" width=\"225\" height=\"300\" srcset=\"https:\/\/oraziopuglisi.art\/wp-content\/uploads\/2024\/08\/Maurice_Ravel_1925-1-225x300.jpg 225w, https:\/\/oraziopuglisi.art\/wp-content\/uploads\/2024\/08\/Maurice_Ravel_1925-1.jpg 390w\" sizes=\"auto, (max-width: 225px) 100vw, 225px\" \/><\/li>\n<li><a title=\"Albert Roussel\" href=\"https:\/\/fr.wikipedia.org\/wiki\/Albert_Roussel\">Albert Roussel<\/a><\/li>\n<li><a title=\"Erik Satie\" href=\"https:\/\/fr.wikipedia.org\/wiki\/Erik_Satie\">Erik Satie<\/a><\/li>\n<li><a title=\"Henri Sauguet\" href=\"https:\/\/fr.wikipedia.org\/wiki\/Henri_Sauguet\">Henri Sauguet<\/a><\/li>\n<li><a title=\"Florent Schmitt\" href=\"https:\/\/fr.wikipedia.org\/wiki\/Florent_Schmitt\">Florent Schmitt<\/a><\/li>\n<li><a title=\"D\u00e9odat de S\u00e9verac\" href=\"https:\/\/fr.wikipedia.org\/wiki\/D%C3%A9odat_de_S%C3%A9verac\">D\u00e9odat de S\u00e9verac<\/a><\/li>\n<li><a title=\"Germaine Tailleferre\" href=\"https:\/\/fr.wikipedia.org\/wiki\/Germaine_Tailleferre\">Germaine Tailleferre<\/a><\/li>\n<li><a title=\"Charles Tournemire\" href=\"https:\/\/fr.wikipedia.org\/wiki\/Charles_Tournemire\">Charles Tournemire<\/a><\/li>\n<\/ul>\n","protected":false},"excerpt":{"rendered":"<p>Andr\u00e9 Caplet Claude Debussy Alfred Desenclos Marcel Dupr\u00e9 Maurice Durufl\u00e9 Henri Dutilleux Maurice Emmanuel Arthur Honegger Jacques Ibert Andr\u00e9 Jolivet Charles Koechlin Olivier Messiaen Darius Milhaud Francis Poulenc Maurice Ravel Albert Roussel Erik Satie Henri Sauguet Florent Schmitt D\u00e9odat de S\u00e9verac Germaine Tailleferre Charles Tournemire<\/p>\n","protected":false},"author":1,"featured_media":11386,"parent":0,"menu_order":0,"comment_status":"closed","ping_status":"closed","template":"","meta":{"footnotes":""},"class_list":["post-11351","page","type-page","status-publish","has-post-thumbnail","hentry"],"_links":{"self":[{"href":"https:\/\/oraziopuglisi.art\/index.php\/wp-json\/wp\/v2\/pages\/11351","targetHints":{"allow":["GET"]}}],"collection":[{"href":"https:\/\/oraziopuglisi.art\/index.php\/wp-json\/wp\/v2\/pages"}],"about":[{"href":"https:\/\/oraziopuglisi.art\/index.php\/wp-json\/wp\/v2\/types\/page"}],"author":[{"embeddable":true,"href":"https:\/\/oraziopuglisi.art\/index.php\/wp-json\/wp\/v2\/users\/1"}],"replies":[{"embeddable":true,"href":"https:\/\/oraziopuglisi.art\/index.php\/wp-json\/wp\/v2\/comments?post=11351"}],"version-history":[{"count":3,"href":"https:\/\/oraziopuglisi.art\/index.php\/wp-json\/wp\/v2\/pages\/11351\/revisions"}],"predecessor-version":[{"id":11387,"href":"https:\/\/oraziopuglisi.art\/index.php\/wp-json\/wp\/v2\/pages\/11351\/revisions\/11387"}],"wp:featuredmedia":[{"embeddable":true,"href":"https:\/\/oraziopuglisi.art\/index.php\/wp-json\/wp\/v2\/media\/11386"}],"wp:attachment":[{"href":"https:\/\/oraziopuglisi.art\/index.php\/wp-json\/wp\/v2\/media?parent=11351"}],"curies":[{"name":"wp","href":"https:\/\/api.w.org\/{rel}","templated":true}]}}