{"id":11349,"date":"2024-08-21T20:49:36","date_gmt":"2024-08-21T18:49:36","guid":{"rendered":"https:\/\/oraziopuglisi.art\/?page_id=11349"},"modified":"2024-08-21T21:17:29","modified_gmt":"2024-08-21T19:17:29","slug":"musique-romantique","status":"publish","type":"page","link":"https:\/\/oraziopuglisi.art\/index.php\/musique-romantique\/","title":{"rendered":"Musique Romantique"},"content":{"rendered":"<ul>\n<li><a title=\"Hector Berlioz\" href=\"https:\/\/fr.wikipedia.org\/wiki\/Hector_Berlioz\">Hector Berlioz<\/a><\/li>\n<li><a title=\"Georges Bizet\" href=\"https:\/\/fr.wikipedia.org\/wiki\/Georges_Bizet\">Georges Bizet<\/a><\/li>\n<li><a title=\"Emmanuel Chabrier\" href=\"https:\/\/fr.wikipedia.org\/wiki\/Emmanuel_Chabrier\">Emmanuel Chabrier<\/a><\/li>\n<li><a title=\"Jacques Offenbach\" href=\"https:\/\/fr.wikipedia.org\/wiki\/Jacques_Offenbach\">Jacques Offenbach<\/a><\/li>\n<li><a title=\"Ernest Chausson\" href=\"https:\/\/fr.wikipedia.org\/wiki\/Ernest_Chausson\">Ernest Chausson<\/a><\/li>\n<li><a title=\"L\u00e9o Delibes\" href=\"https:\/\/fr.wikipedia.org\/wiki\/L%C3%A9o_Delibes\">L\u00e9o Delibes<\/a><\/li>\n<li><a title=\"Paul Dukas\" href=\"https:\/\/fr.wikipedia.org\/wiki\/Paul_Dukas\">Paul Dukas<\/a><\/li>\n<li><a title=\"Henri Duparc (compositeur)\" href=\"https:\/\/fr.wikipedia.org\/wiki\/Henri_Duparc_(compositeur)\">Henri Duparc<\/a><\/li>\n<li><a title=\"Charles Gounod\" href=\"https:\/\/fr.wikipedia.org\/wiki\/Charles_Gounod\">Charles Gounod<\/a><\/li>\n<li><a title=\"\u00c9douard Lalo\" href=\"https:\/\/fr.wikipedia.org\/wiki\/%C3%89douard_Lalo\">\u00c9douard Lalo<\/a><\/li>\n<li><a title=\"Alb\u00e9ric Magnard\" href=\"https:\/\/fr.wikipedia.org\/wiki\/Alb%C3%A9ric_Magnard\">Alb\u00e9ric Magnard<\/a><\/li>\n<li><a title=\"Jules Massenet\" href=\"https:\/\/fr.wikipedia.org\/wiki\/Jules_Massenet\">Jules Massenet<\/a><\/li>\n<li><a title=\"Camille Saint-Sa\u00ebns\" href=\"https:\/\/fr.wikipedia.org\/wiki\/Camille_Saint-Sa%C3%ABns\">Camille Saint-Sa\u00ebns<\/a><\/li>\n<li><a title=\"C\u00e9sar Franck\" href=\"https:\/\/fr.wikipedia.org\/wiki\/C%C3%A9sar_Franck\">C\u00e9sar Franck<\/a><\/li>\n<li><a title=\"Charles-Marie Widor\" href=\"https:\/\/fr.wikipedia.org\/wiki\/Charles-Marie_Widor\">Charles-Marie Widor<\/a><\/li>\n<li><a title=\"Louis Vierne\" href=\"https:\/\/fr.wikipedia.org\/wiki\/Louis_Vierne\">Louis Vierne<\/a><\/li>\n<li><a title=\"Vincent d'Indy\" href=\"https:\/\/fr.wikipedia.org\/wiki\/Vincent_d%27Indy\">Vincent d&rsquo;Indy<\/a><\/li>\n<li><a title=\"Gabriel Faur\u00e9\" href=\"https:\/\/fr.wikipedia.org\/wiki\/Gabriel_Faur%C3%A9\">Gabriel Faur\u00e9<\/a><\/li>\n<li><a title=\"Guy Ropartz\" href=\"https:\/\/fr.wikipedia.org\/wiki\/Guy_Ropartz\">Guy Ropartz<\/a><\/li>\n<li><a title=\"Charles-Valentin Alkan\" href=\"https:\/\/fr.wikipedia.org\/wiki\/Charles-Valentin_Alkan\">Charles-Valentin Alkan<\/a><\/li>\n<\/ul>\n","protected":false},"excerpt":{"rendered":"<p>Hector Berlioz Georges Bizet Emmanuel Chabrier Jacques Offenbach Ernest Chausson L\u00e9o Delibes Paul Dukas Henri Duparc Charles Gounod \u00c9douard Lalo Alb\u00e9ric Magnard Jules Massenet Camille Saint-Sa\u00ebns C\u00e9sar Franck Charles-Marie Widor Louis Vierne Vincent d&rsquo;Indy Gabriel Faur\u00e9 Guy Ropartz Charles-Valentin Alkan<\/p>\n","protected":false},"author":1,"featured_media":11384,"parent":0,"menu_order":0,"comment_status":"closed","ping_status":"closed","template":"","meta":{"footnotes":""},"class_list":["post-11349","page","type-page","status-publish","has-post-thumbnail","hentry"],"_links":{"self":[{"href":"https:\/\/oraziopuglisi.art\/index.php\/wp-json\/wp\/v2\/pages\/11349","targetHints":{"allow":["GET"]}}],"collection":[{"href":"https:\/\/oraziopuglisi.art\/index.php\/wp-json\/wp\/v2\/pages"}],"about":[{"href":"https:\/\/oraziopuglisi.art\/index.php\/wp-json\/wp\/v2\/types\/page"}],"author":[{"embeddable":true,"href":"https:\/\/oraziopuglisi.art\/index.php\/wp-json\/wp\/v2\/users\/1"}],"replies":[{"embeddable":true,"href":"https:\/\/oraziopuglisi.art\/index.php\/wp-json\/wp\/v2\/comments?post=11349"}],"version-history":[{"count":2,"href":"https:\/\/oraziopuglisi.art\/index.php\/wp-json\/wp\/v2\/pages\/11349\/revisions"}],"predecessor-version":[{"id":11383,"href":"https:\/\/oraziopuglisi.art\/index.php\/wp-json\/wp\/v2\/pages\/11349\/revisions\/11383"}],"wp:featuredmedia":[{"embeddable":true,"href":"https:\/\/oraziopuglisi.art\/index.php\/wp-json\/wp\/v2\/media\/11384"}],"wp:attachment":[{"href":"https:\/\/oraziopuglisi.art\/index.php\/wp-json\/wp\/v2\/media?parent=11349"}],"curies":[{"name":"wp","href":"https:\/\/api.w.org\/{rel}","templated":true}]}}