{"id":11347,"date":"2024-08-21T20:49:08","date_gmt":"2024-08-21T18:49:08","guid":{"rendered":"https:\/\/oraziopuglisi.art\/?page_id=11347"},"modified":"2024-08-21T21:13:23","modified_gmt":"2024-08-21T19:13:23","slug":"musique-classique","status":"publish","type":"page","link":"https:\/\/oraziopuglisi.art\/index.php\/musique-classique\/","title":{"rendered":"Musique Classique"},"content":{"rendered":"<ul>\n<li><a title=\"Luigi Cherubini\" href=\"https:\/\/fr.wikipedia.org\/wiki\/Luigi_Cherubini\">Luigi Cherubini<\/a><\/li>\n<li><a title=\"Nicolas Dalayrac\" href=\"https:\/\/fr.wikipedia.org\/wiki\/Nicolas_Dalayrac\">Nicolas Dalayrac<\/a><\/li>\n<li><a title=\"Fr\u00e9d\u00e9ric Duvernoy\" href=\"https:\/\/fr.wikipedia.org\/wiki\/Fr%C3%A9d%C3%A9ric_Duvernoy\">Fr\u00e9d\u00e9ric Duvernoy<\/a><\/li>\n<li><a title=\"Andr\u00e9 Gr\u00e9try\" href=\"https:\/\/fr.wikipedia.org\/wiki\/Andr%C3%A9_Gr%C3%A9try\">Andr\u00e9 Gr\u00e9try<\/a><\/li>\n<li><a title=\"Fran\u00e7ois-Joseph Gossec\" href=\"https:\/\/fr.wikipedia.org\/wiki\/Fran%C3%A7ois-Joseph_Gossec\">Fran\u00e7ois-Joseph Gossec<\/a><\/li>\n<li><a title=\"\u00c9tienne Nicolas M\u00e9hul\" href=\"https:\/\/fr.wikipedia.org\/wiki\/%C3%89tienne_Nicolas_M%C3%A9hul\">\u00c9tienne Nicolas M\u00e9hul<\/a><\/li>\n<li><a title=\"George Onslow\" href=\"https:\/\/fr.wikipedia.org\/wiki\/George_Onslow\">George Onslow<\/a><\/li>\n<li><a title=\"Fran\u00e7ois-Andr\u00e9 Danican Philidor\" href=\"https:\/\/fr.wikipedia.org\/wiki\/Fran%C3%A7ois-Andr%C3%A9_Danican_Philidor\">Fran\u00e7ois-Andr\u00e9 Danican Philidor<\/a><\/li>\n<li><a title=\"Chronologie des op\u00e9ras fran\u00e7ais des XVIIe et XVIIIe si\u00e8cles\" href=\"https:\/\/fr.wikipedia.org\/wiki\/Chronologie_des_op%C3%A9ras_fran%C3%A7ais_des_XVIIe_et_XVIIIe_si%C3%A8cles\">Chronologie des op\u00e9ras fran\u00e7ais des XVIIe et XVIIIe si\u00e8cles<\/a><\/li>\n<\/ul>\n","protected":false},"excerpt":{"rendered":"<p>Luigi Cherubini Nicolas Dalayrac Fr\u00e9d\u00e9ric Duvernoy Andr\u00e9 Gr\u00e9try Fran\u00e7ois-Joseph Gossec \u00c9tienne Nicolas M\u00e9hul George Onslow Fran\u00e7ois-Andr\u00e9 Danican Philidor Chronologie des op\u00e9ras fran\u00e7ais des XVIIe et XVIIIe si\u00e8cles<\/p>\n","protected":false},"author":1,"featured_media":0,"parent":0,"menu_order":0,"comment_status":"closed","ping_status":"closed","template":"","meta":{"footnotes":""},"class_list":["post-11347","page","type-page","status-publish","hentry"],"_links":{"self":[{"href":"https:\/\/oraziopuglisi.art\/index.php\/wp-json\/wp\/v2\/pages\/11347","targetHints":{"allow":["GET"]}}],"collection":[{"href":"https:\/\/oraziopuglisi.art\/index.php\/wp-json\/wp\/v2\/pages"}],"about":[{"href":"https:\/\/oraziopuglisi.art\/index.php\/wp-json\/wp\/v2\/types\/page"}],"author":[{"embeddable":true,"href":"https:\/\/oraziopuglisi.art\/index.php\/wp-json\/wp\/v2\/users\/1"}],"replies":[{"embeddable":true,"href":"https:\/\/oraziopuglisi.art\/index.php\/wp-json\/wp\/v2\/comments?post=11347"}],"version-history":[{"count":2,"href":"https:\/\/oraziopuglisi.art\/index.php\/wp-json\/wp\/v2\/pages\/11347\/revisions"}],"predecessor-version":[{"id":11381,"href":"https:\/\/oraziopuglisi.art\/index.php\/wp-json\/wp\/v2\/pages\/11347\/revisions\/11381"}],"wp:attachment":[{"href":"https:\/\/oraziopuglisi.art\/index.php\/wp-json\/wp\/v2\/media?parent=11347"}],"curies":[{"name":"wp","href":"https:\/\/api.w.org\/{rel}","templated":true}]}}