{"id":11345,"date":"2024-08-21T20:48:32","date_gmt":"2024-08-21T18:48:32","guid":{"rendered":"https:\/\/oraziopuglisi.art\/?page_id=11345"},"modified":"2024-08-21T21:14:34","modified_gmt":"2024-08-21T19:14:34","slug":"ecoles","status":"publish","type":"page","link":"https:\/\/oraziopuglisi.art\/index.php\/ecoles\/","title":{"rendered":"Ecoles"},"content":{"rendered":"<ul>\n<li><a title=\"\u00c9cole fran\u00e7aise de clavecin\" href=\"https:\/\/fr.wikipedia.org\/wiki\/%C3%89cole_fran%C3%A7aise_de_clavecin\">\u00c9cole fran\u00e7aise de clavecin<\/a><\/li>\n<li><a title=\"\u00c9cole fran\u00e7aise d'orgue\" href=\"https:\/\/fr.wikipedia.org\/wiki\/%C3%89cole_fran%C3%A7aise_d%27orgue\">\u00c9cole fran\u00e7aise d&rsquo;orgue<\/a><\/li>\n<li><a title=\"\u00c9cole fran\u00e7aise de luth\" href=\"https:\/\/fr.wikipedia.org\/wiki\/%C3%89cole_fran%C3%A7aise_de_luth\">\u00c9cole fran\u00e7aise de luth<\/a><\/li>\n<li><a title=\"\u00c9cole fran\u00e7aise de violon\" href=\"https:\/\/fr.wikipedia.org\/wiki\/%C3%89cole_fran%C3%A7aise_de_violon\">\u00c9cole fran\u00e7aise de violon<\/a><\/li>\n<\/ul>\n","protected":false},"excerpt":{"rendered":"<p>\u00c9cole fran\u00e7aise de clavecin \u00c9cole fran\u00e7aise d&rsquo;orgue \u00c9cole fran\u00e7aise de luth \u00c9cole fran\u00e7aise de violon<\/p>\n","protected":false},"author":1,"featured_media":0,"parent":0,"menu_order":0,"comment_status":"closed","ping_status":"closed","template":"","meta":{"footnotes":""},"class_list":["post-11345","page","type-page","status-publish","hentry"],"_links":{"self":[{"href":"https:\/\/oraziopuglisi.art\/index.php\/wp-json\/wp\/v2\/pages\/11345","targetHints":{"allow":["GET"]}}],"collection":[{"href":"https:\/\/oraziopuglisi.art\/index.php\/wp-json\/wp\/v2\/pages"}],"about":[{"href":"https:\/\/oraziopuglisi.art\/index.php\/wp-json\/wp\/v2\/types\/page"}],"author":[{"embeddable":true,"href":"https:\/\/oraziopuglisi.art\/index.php\/wp-json\/wp\/v2\/users\/1"}],"replies":[{"embeddable":true,"href":"https:\/\/oraziopuglisi.art\/index.php\/wp-json\/wp\/v2\/comments?post=11345"}],"version-history":[{"count":2,"href":"https:\/\/oraziopuglisi.art\/index.php\/wp-json\/wp\/v2\/pages\/11345\/revisions"}],"predecessor-version":[{"id":11382,"href":"https:\/\/oraziopuglisi.art\/index.php\/wp-json\/wp\/v2\/pages\/11345\/revisions\/11382"}],"wp:attachment":[{"href":"https:\/\/oraziopuglisi.art\/index.php\/wp-json\/wp\/v2\/media?parent=11345"}],"curies":[{"name":"wp","href":"https:\/\/api.w.org\/{rel}","templated":true}]}}