{"id":11312,"date":"2024-08-21T19:33:18","date_gmt":"2024-08-21T17:33:18","guid":{"rendered":"https:\/\/oraziopuglisi.art\/?page_id=11312"},"modified":"2024-08-21T19:37:35","modified_gmt":"2024-08-21T17:37:35","slug":"ravel","status":"publish","type":"page","link":"https:\/\/oraziopuglisi.art\/index.php\/ravel\/","title":{"rendered":"Ravel"},"content":{"rendered":"<p style=\"text-align: center;\"><a href=\"https:\/\/fr.wikipedia.org\/wiki\/Maurice_Ravel\">Maurice Ravel<\/a><\/p>\n<p style=\"text-align: center;\">Article Wikip\u00e9dia complet<\/p>\n<p><img loading=\"lazy\" decoding=\"async\" class=\"size-medium wp-image-11319 aligncenter\" src=\"http:\/\/oraziopuglisi.art\/wp-content\/uploads\/2024\/08\/Maurice_Ravel_1925-1-225x300.jpg\" alt=\"\" width=\"225\" height=\"300\" srcset=\"https:\/\/oraziopuglisi.art\/wp-content\/uploads\/2024\/08\/Maurice_Ravel_1925-1-225x300.jpg 225w, https:\/\/oraziopuglisi.art\/wp-content\/uploads\/2024\/08\/Maurice_Ravel_1925-1.jpg 390w\" sizes=\"auto, (max-width: 225px) 100vw, 225px\" \/><\/p>\n<p style=\"text-align: justify;\"><b>Maurice Ravel<\/b>\u00a0est un\u00a0<a title=\"Compositeur\" href=\"https:\/\/fr.wikipedia.org\/wiki\/Compositeur\">compositeur<\/a>\u00a0<a title=\"France\" href=\"https:\/\/fr.wikipedia.org\/wiki\/France\">fran\u00e7ais<\/a>\u00a0n\u00e9 \u00e0\u00a0<a title=\"Ciboure\" href=\"https:\/\/fr.wikipedia.org\/wiki\/Ciboure\">Ciboure<\/a>\u00a0le\u00a0<time class=\"nowrap date-lien bday\" datetime=\"1875-03-07\" data-sort-value=\"1875-03-07\"><a title=\"7 mars\" href=\"https:\/\/fr.wikipedia.org\/wiki\/7_mars\">7<\/a>\u00a0<a title=\"Mars 1875\" href=\"https:\/\/fr.wikipedia.org\/wiki\/Mars_1875\">mars<\/a>\u00a0<a title=\"1875 en musique classique\" href=\"https:\/\/fr.wikipedia.org\/wiki\/1875_en_musique_classique\">1875<\/a><\/time>\u00a0et mort \u00e0\u00a0<a title=\"16e arrondissement de Paris\" href=\"https:\/\/fr.wikipedia.org\/wiki\/16e_arrondissement_de_Paris\">Paris\u00a0<abbr class=\"abbr\" title=\"Seizi\u00e8me\">16<sup>e<\/sup><\/abbr><\/a>\u00a0le\u00a0<time class=\"nowrap date-lien dday\" datetime=\"1937-12-28\" data-sort-value=\"1937-12-28\"><a title=\"28 d\u00e9cembre\" href=\"https:\/\/fr.wikipedia.org\/wiki\/28_d%C3%A9cembre\">28<\/a>\u00a0<a title=\"D\u00e9cembre 1937\" href=\"https:\/\/fr.wikipedia.org\/wiki\/D%C3%A9cembre_1937\">d\u00e9cembre<\/a>\u00a0<a title=\"1937 en musique classique\" href=\"https:\/\/fr.wikipedia.org\/wiki\/1937_en_musique_classique\">1937<\/a><\/time>.<\/p>\n<p style=\"text-align: justify;\">Avec son a\u00een\u00e9\u00a0<a title=\"Claude Debussy\" href=\"https:\/\/fr.wikipedia.org\/wiki\/Claude_Debussy\">Claude Debussy<\/a>, Ravel fut la figure la plus influente de la musique fran\u00e7aise de son \u00e9poque et le principal repr\u00e9sentant du courant dit\u00a0<a title=\"Musique impressionniste\" href=\"https:\/\/fr.wikipedia.org\/wiki\/Musique_impressionniste\">impressionniste<\/a>\u00a0au d\u00e9but du\u00a0<abbr class=\"abbr\" title=\"20\u1d49 si\u00e8cle\"><span class=\"romain\">XX<\/span><sup>e<\/sup><\/abbr>\u00a0si\u00e8cle. Son \u0153uvre, modeste en quantit\u00e9 (quatre-vingt-six \u0153uvres originales, vingt-cinq \u0153uvres orchestr\u00e9es ou transcrites), est le fruit d&rsquo;influences vari\u00e9es s&rsquo;\u00e9tendant de\u00a0<a title=\"Fran\u00e7ois Couperin\" href=\"https:\/\/fr.wikipedia.org\/wiki\/Fran%C3%A7ois_Couperin\">Couperin<\/a>\u00a0et\u00a0<a title=\"Jean-Philippe Rameau\" href=\"https:\/\/fr.wikipedia.org\/wiki\/Jean-Philippe_Rameau\">Rameau<\/a>\u00a0jusqu&rsquo;aux couleurs et rythmes du\u00a0<a title=\"Jazz\" href=\"https:\/\/fr.wikipedia.org\/wiki\/Jazz\">jazz<\/a>, dont celle, r\u00e9currente, de l&rsquo;<a title=\"Espagne\" href=\"https:\/\/fr.wikipedia.org\/wiki\/Espagne\">Espagne<\/a>.<\/p>\n<p style=\"text-align: justify;\">Caract\u00e9ris\u00e9e par sa grande diversit\u00e9 de genres, la production musicale de Ravel respecte dans son ensemble la tradition classique et s&rsquo;\u00e9tale sur une p\u00e9riode cr\u00e9atrice de plus de quarante ann\u00e9es qui la rendent contemporaine de celles de\u00a0<a title=\"Gabriel Faur\u00e9\" href=\"https:\/\/fr.wikipedia.org\/wiki\/Gabriel_Faur%C3%A9\">Faur\u00e9<\/a>,\u00a0<a title=\"Claude Debussy\" href=\"https:\/\/fr.wikipedia.org\/wiki\/Claude_Debussy\">Debussy<\/a>,\u00a0<a title=\"Igor Stravinsky\" href=\"https:\/\/fr.wikipedia.org\/wiki\/Igor_Stravinsky\">Stravinsky<\/a>,\u00a0<a title=\"Sergue\u00ef Prokofiev\" href=\"https:\/\/fr.wikipedia.org\/wiki\/Sergue%C3%AF_Prokofiev\">Prokofiev<\/a>,\u00a0<a title=\"B\u00e9la Bart\u00f3k\" href=\"https:\/\/fr.wikipedia.org\/wiki\/B%C3%A9la_Bart%C3%B3k\">Bart\u00f3k<\/a>\u00a0ou\u00a0<a title=\"George Gershwin\" href=\"https:\/\/fr.wikipedia.org\/wiki\/George_Gershwin\">Gershwin<\/a>. La grande majorit\u00e9 de ses \u0153uvres a int\u00e9gr\u00e9 le r\u00e9pertoire de concert. Parmi celles-ci le ballet symphonique\u00a0<i><a title=\"Daphnis et Chlo\u00e9 (ballet)\" href=\"https:\/\/fr.wikipedia.org\/wiki\/Daphnis_et_Chlo%C3%A9_(ballet)\">Daphnis et Chlo\u00e9<\/a><\/i>\u00a0(1909-1912), le\u00a0<i><a title=\"Bol\u00e9ro (Ravel)\" href=\"https:\/\/fr.wikipedia.org\/wiki\/Bol%C3%A9ro_(Ravel)\">Bol\u00e9ro<\/a><\/i>\u00a0(1928), les deux concertos pour piano et orchestre\u00a0<i><a title=\"Concerto pour la main gauche\" href=\"https:\/\/fr.wikipedia.org\/wiki\/Concerto_pour_la_main_gauche\">pour la main gauche<\/a><\/i>\u00a0(1929-1930) et\u00a0<i><a title=\"Concerto en sol de Ravel\" href=\"https:\/\/fr.wikipedia.org\/wiki\/Concerto_en_sol_de_Ravel\">en sol majeur<\/a><\/i>\u00a0(1929-1931) et l\u2019orchestration des\u00a0<i><a title=\"Tableaux d'une exposition\" href=\"https:\/\/fr.wikipedia.org\/wiki\/Tableaux_d%27une_exposition\">Tableaux d&rsquo;une exposition<\/a><\/i>\u00a0de\u00a0<a title=\"Modeste Moussorgski\" href=\"https:\/\/fr.wikipedia.org\/wiki\/Modeste_Moussorgski\">Moussorgski<\/a>\u00a0(1922) sont celles qui ont le plus contribu\u00e9 \u00e0 sa renomm\u00e9e internationale. Reconnu comme un ma\u00eetre de l\u2019<a title=\"Orchestration\" href=\"https:\/\/fr.wikipedia.org\/wiki\/Orchestration\">orchestration<\/a>\u00a0et un artisan perfectionniste, cet homme \u00e0 la personnalit\u00e9 complexe ne s&rsquo;est jamais d\u00e9parti d&rsquo;une sensibilit\u00e9 et d&rsquo;une expressivit\u00e9 qui, selon\u00a0<i><a title=\"Dictionnaires Le Robert\" href=\"https:\/\/fr.wikipedia.org\/wiki\/Dictionnaires_Le_Robert\">Le Robert<\/a><\/i>, lui firent \u00e9voquer dans son \u0153uvre \u00e0 la fois \u00ab\u00a0les jeux les plus subtils de l\u2019intelligence\u00a0\u00bb et \u00ab\u00a0les \u00e9panchements les plus secrets du c\u0153ur\u00a0\u00bb.<\/p>\n<div class=\"mw-heading mw-heading2\" style=\"text-align: justify;\">\n<h2 id=\"Biographie\">Biographie<\/h2>\n<\/div>\n<div class=\"mw-heading mw-heading3\" style=\"text-align: justify;\">\n<h3 id=\"1875_-_1900_:_l\u2019apprentissage\"><span id=\"1875_-_1900_:_l.E2.80.99apprentissage\"><\/span>1875 &#8211; 1900\u00a0: l\u2019apprentissage<\/h3>\n<\/div>\n<div class=\"mw-heading mw-heading4\" style=\"text-align: justify;\">\n<h4 id=\"Une_enfance_heureuse\">Une enfance heureuse<\/h4>\n<\/div>\n<figure style=\"text-align: justify;\"><a class=\"mw-file-description\" href=\"https:\/\/commons.wikimedia.org\/wiki\/File:Joseph_Ravel_Marie_Delouart.jpg?uselang=fr\"><img loading=\"lazy\" decoding=\"async\" class=\"mw-file-element\" src=\"https:\/\/upload.wikimedia.org\/wikipedia\/commons\/thumb\/c\/c6\/Joseph_Ravel_Marie_Delouart.jpg\/200px-Joseph_Ravel_Marie_Delouart.jpg\" srcset=\"\/\/upload.wikimedia.org\/wikipedia\/commons\/thumb\/c\/c6\/Joseph_Ravel_Marie_Delouart.jpg\/300px-Joseph_Ravel_Marie_Delouart.jpg 1.5x, \/\/upload.wikimedia.org\/wikipedia\/commons\/c\/c6\/Joseph_Ravel_Marie_Delouart.jpg 2x\" alt=\"2 portraits, d\u2019un homme barbu \u00e0 gauche et d'une femme avec chignon \u00e0 droite.\" width=\"200\" height=\"208\" data-file-width=\"355\" data-file-height=\"369\" \/><\/a><figcaption>Joseph Ravel et Marie Delouart, d\u00e9tail, respectivement peints par\u00a0<a title=\"Marcellin Desboutin\" href=\"https:\/\/fr.wikipedia.org\/wiki\/Marcellin_Desboutin\">Marcellin Desboutin<\/a>\u00a0et\u00a0<a title=\"\u00c9douard John Ravel\" href=\"https:\/\/fr.wikipedia.org\/wiki\/%C3%89douard_John_Ravel\">\u00c9douard John Ravel<\/a><sup id=\"cite_ref-1\" class=\"reference\"><a href=\"https:\/\/fr.wikipedia.org\/wiki\/Maurice_Ravel#cite_note-1\">N 1<\/a><\/sup>.<\/figcaption><\/figure>\n<figure class=\"mw-halign-left\" style=\"text-align: justify;\"><a class=\"mw-file-description\" href=\"https:\/\/commons.wikimedia.org\/wiki\/File:Ciboure,_maison_de_Ravel.jpg?uselang=fr\"><img loading=\"lazy\" decoding=\"async\" class=\"mw-file-element\" src=\"https:\/\/upload.wikimedia.org\/wikipedia\/commons\/thumb\/0\/0a\/Ciboure%2C_maison_de_Ravel.jpg\/150px-Ciboure%2C_maison_de_Ravel.jpg\" srcset=\"\/\/upload.wikimedia.org\/wikipedia\/commons\/thumb\/0\/0a\/Ciboure%2C_maison_de_Ravel.jpg\/225px-Ciboure%2C_maison_de_Ravel.jpg 1.5x, \/\/upload.wikimedia.org\/wikipedia\/commons\/thumb\/0\/0a\/Ciboure%2C_maison_de_Ravel.jpg\/300px-Ciboure%2C_maison_de_Ravel.jpg 2x\" width=\"150\" height=\"200\" data-file-width=\"1842\" data-file-height=\"2456\" \/><\/a><figcaption><a title=\"Maison Estebania\" href=\"https:\/\/fr.wikipedia.org\/wiki\/Maison_Estebania\">Maison natale<\/a>\u00a0\u00e0 Ciboure.<\/figcaption><\/figure>\n<p style=\"text-align: justify;\">Maurice Ravel na\u00eet le\u00a0<time class=\"nowrap\" datetime=\"1875-03-07\" data-sort-value=\"1875-03-07\">7 mars 1875<\/time><sup id=\"cite_ref-2\" class=\"reference\"><a href=\"https:\/\/fr.wikipedia.org\/wiki\/Maurice_Ravel#cite_note-2\">1<\/a><\/sup>, dans la\u00a0<a title=\"Maison Estebania\" href=\"https:\/\/fr.wikipedia.org\/wiki\/Maison_Estebania\">maison Estebania<\/a>, quai de la\u00a0<a title=\"Nivelle (fleuve)\" href=\"https:\/\/fr.wikipedia.org\/wiki\/Nivelle_(fleuve)\">Nivelle<\/a><sup id=\"cite_ref-3\" class=\"reference\"><a href=\"https:\/\/fr.wikipedia.org\/wiki\/Maurice_Ravel#cite_note-3\">N 2<\/a><\/sup>\u00a0\u00e0\u00a0<a title=\"Ciboure\" href=\"https:\/\/fr.wikipedia.org\/wiki\/Ciboure\">Ciboure<\/a>, pr\u00e8s de\u00a0<a title=\"Saint-Jean-de-Luz\" href=\"https:\/\/fr.wikipedia.org\/wiki\/Saint-Jean-de-Luz\">Saint-Jean-de-Luz<\/a>, dans les\u00a0<a title=\"Pyr\u00e9n\u00e9es-Atlantiques\" href=\"https:\/\/fr.wikipedia.org\/wiki\/Pyr%C3%A9n%C3%A9es-Atlantiques\">Basses-Pyr\u00e9n\u00e9es<\/a>. Son p\u00e8re, Joseph Ravel (1832\u20131908), d&rsquo;ascendance\u00a0<a title=\"Suisse\" href=\"https:\/\/fr.wikipedia.org\/wiki\/Suisse\">suisse<\/a>\u00a0et\u00a0<a title=\"\u00c9tats de Savoie\" href=\"https:\/\/fr.wikipedia.org\/wiki\/%C3%89tats_de_Savoie\">savoyarde<\/a><sup id=\"cite_ref-5\" class=\"reference\"><a href=\"https:\/\/fr.wikipedia.org\/wiki\/Maurice_Ravel#cite_note-5\">N 3<\/a><\/sup>, est un ing\u00e9nieur renomm\u00e9 qui travaille notamment \u00e0 la construction de lignes de chemin de fer et dans l&rsquo;industrie automobile et \u00e9tend les recherches d&rsquo;<a title=\"\u00c9tienne Lenoir\" href=\"https:\/\/fr.wikipedia.org\/wiki\/%C3%89tienne_Lenoir\">\u00c9tienne Lenoir<\/a>\u00a0sur les\u00a0<a class=\"mw-redirect\" title=\"Moteur \u00e0 explosion\" href=\"https:\/\/fr.wikipedia.org\/wiki\/Moteur_%C3%A0_explosion#Moteur_deux_temps\">moteurs \u00e0 explosion<\/a>. Sa m\u00e8re, n\u00e9e Marie Delouart (1840\u20131917), femme au foyer apr\u00e8s avoir \u00e9t\u00e9 modiste, est n\u00e9e \u00e0 Ciboure d&rsquo;une famille \u00e9tablie dans ce village depuis au moins le\u00a0<a title=\"XVIIe si\u00e8cle\" href=\"https:\/\/fr.wikipedia.org\/wiki\/XVIIe_si%C3%A8cle\"><abbr class=\"abbr\" title=\"17\u1d49 si\u00e8cle\"><span class=\"romain\">XVII<\/span><sup>e<\/sup><\/abbr>\u00a0si\u00e8cle<\/a><sup id=\"cite_ref-Rousseau-Plotto2004Rousseau-Plotto_200424_6-0\" class=\"reference\"><a href=\"https:\/\/fr.wikipedia.org\/wiki\/Maurice_Ravel#cite_note-Rousseau-Plotto2004Rousseau-Plotto_200424-6\">3<\/a><\/sup>. Son fr\u00e8re \u00c9douard (1878\u20131960) est ing\u00e9nieur. Maurice entretiendra toute sa vie de forts liens affectifs avec lui<sup id=\"cite_ref-Marnat198619-22_7-0\" class=\"reference\"><a href=\"https:\/\/fr.wikipedia.org\/wiki\/Maurice_Ravel#cite_note-Marnat198619-22-7\">4<\/a><\/sup>. En\u00a0<time class=\"nowrap\" datetime=\"1875-06\" data-sort-value=\"1875-06\">juin 1875<\/time>, la famille Ravel se fixe d\u00e9finitivement \u00e0 Paris<sup id=\"cite_ref-Roland-Manuel193821_8-0\" class=\"reference\"><a href=\"https:\/\/fr.wikipedia.org\/wiki\/Maurice_Ravel#cite_note-Roland-Manuel193821-8\">5<\/a><\/sup>. La l\u00e9gende qui veut que l\u2019influence de l\u2019Espagne sur l\u2019imaginaire musical de Maurice Ravel soit li\u00e9e \u00e0 ses origines basques est donc exag\u00e9r\u00e9e, d\u2019autant que le musicien ne retourne pas au\u00a0<a title=\"Pays basque\" href=\"https:\/\/fr.wikipedia.org\/wiki\/Pays_basque\">Pays basque<\/a>\u00a0avant l\u2019\u00e2ge de vingt-cinq ans. En revanche, il revient par la suite r\u00e9guli\u00e8rement \u00e0 Saint-Jean-de-Luz et ses environs pour y passer des vacances ou travailler.<\/p>\n<p style=\"text-align: justify;\">L\u2019enfance de Ravel est heureuse. Ses parents, attentionn\u00e9s et cultiv\u00e9s, familiers des milieux artistiques, savent tr\u00e8s t\u00f4t \u00e9veiller son don musical et encourager ses premiers pas. Maurice commence l\u2019\u00e9tude du piano \u00e0 l\u2019\u00e2ge de six ans sous la f\u00e9rule du compositeur Henry Ghys (1839-1908) et re\u00e7oit en 1887 ses premiers cours de composition de\u00a0<a title=\"Charles-Ren\u00e9\" href=\"https:\/\/fr.wikipedia.org\/wiki\/Charles-Ren%C3%A9\">Charles-Ren\u00e9<\/a>\u00a0\u2014\u00a0<a title=\"Harmonie\" href=\"https:\/\/fr.wikipedia.org\/wiki\/Harmonie\">harmonie<\/a>\u00a0et\u00a0<a title=\"Contrepoint rigoureux\" href=\"https:\/\/fr.wikipedia.org\/wiki\/Contrepoint_rigoureux\">contrepoint<\/a><sup id=\"cite_ref-Roland-Manuel1938283_9-0\" class=\"reference\"><a href=\"https:\/\/fr.wikipedia.org\/wiki\/Maurice_Ravel#cite_note-Roland-Manuel1938283-9\">6<\/a><\/sup>. Le climat artistique et musical prodigieusement f\u00e9cond de Paris \u00e0 la fin du\u00a0<abbr class=\"abbr\" title=\"19\u1d49 si\u00e8cle\"><span class=\"romain\">XIX<\/span><sup>e<\/sup><\/abbr>\u00a0si\u00e8cle ne peut que convenir \u00e0 l\u2019\u00e9panouissement de l&rsquo;enfant qui, cependant, au d\u00e9sespoir de ses parents et de ses professeurs, reconnait plus tard avoir joint \u00e0 ses nombreuses dispositions\u00a0<span class=\"citation\">\u00ab\u00a0la plus extr\u00eame paresse\u00a0\u00bb<\/span><sup id=\"cite_ref-Jank\u00e9l\u00e9vitch1995127_10-0\" class=\"reference\"><a href=\"https:\/\/fr.wikipedia.org\/wiki\/Maurice_Ravel#cite_note-Jank%C3%A9l%C3%A9vitch1995127-10\">7<\/a><\/sup>. Dans son\u00a0<i>Esquisse autobiographique<\/i>, le compositeur note\u00a0: \u00ab\u00a0Tout enfant, j\u2019\u00e9tais sensible \u00e0 la musique \u2014\u00a0\u00e0 toute esp\u00e8ce de musique. Mon p\u00e8re, beaucoup plus instruit dans cet art que ne le sont la plupart des amateurs, sut d\u00e9velopper mes go\u00fbts et de bonne heure stimuler mon z\u00e8le<sup id=\"cite_ref-13\" class=\"reference\"><a href=\"https:\/\/fr.wikipedia.org\/wiki\/Maurice_Ravel#cite_note-13\">N 4<\/a><\/sup>\u00a0\u00bb.<\/p>\n<p style=\"text-align: justify;\">\u00a0<\/p>\n<p><iframe loading=\"lazy\" title=\"Best of Maurice Ravel - Classical Music Gems\" width=\"600\" height=\"338\" src=\"https:\/\/www.youtube.com\/embed\/dmzV7S8ykJU?feature=oembed\" frameborder=\"0\" allow=\"accelerometer; autoplay; clipboard-write; encrypted-media; gyroscope; picture-in-picture; web-share\" referrerpolicy=\"strict-origin-when-cross-origin\" allowfullscreen><\/iframe><\/p>\n","protected":false},"excerpt":{"rendered":"<p>Maurice Ravel Article Wikip\u00e9dia complet Maurice Ravel\u00a0est un\u00a0compositeur\u00a0fran\u00e7ais\u00a0n\u00e9 \u00e0\u00a0Ciboure\u00a0le\u00a07\u00a0mars\u00a01875\u00a0et mort \u00e0\u00a0Paris\u00a016e\u00a0le\u00a028\u00a0d\u00e9cembre\u00a01937. Avec son a\u00een\u00e9\u00a0Claude Debussy, Ravel fut la figure la plus influente de la musique fran\u00e7aise de son \u00e9poque et le principal repr\u00e9sentant du courant dit\u00a0impressionniste\u00a0au d\u00e9but du\u00a0XXe\u00a0si\u00e8cle. Son \u0153uvre, modeste en quantit\u00e9 (quatre-vingt-six \u0153uvres originales, vingt-cinq \u0153uvres orchestr\u00e9es ou transcrites), est le fruit d&rsquo;influences [&hellip;]<\/p>\n","protected":false},"author":1,"featured_media":11317,"parent":0,"menu_order":0,"comment_status":"closed","ping_status":"closed","template":"","meta":{"footnotes":""},"class_list":["post-11312","page","type-page","status-publish","has-post-thumbnail","hentry"],"_links":{"self":[{"href":"https:\/\/oraziopuglisi.art\/index.php\/wp-json\/wp\/v2\/pages\/11312","targetHints":{"allow":["GET"]}}],"collection":[{"href":"https:\/\/oraziopuglisi.art\/index.php\/wp-json\/wp\/v2\/pages"}],"about":[{"href":"https:\/\/oraziopuglisi.art\/index.php\/wp-json\/wp\/v2\/types\/page"}],"author":[{"embeddable":true,"href":"https:\/\/oraziopuglisi.art\/index.php\/wp-json\/wp\/v2\/users\/1"}],"replies":[{"embeddable":true,"href":"https:\/\/oraziopuglisi.art\/index.php\/wp-json\/wp\/v2\/comments?post=11312"}],"version-history":[{"count":6,"href":"https:\/\/oraziopuglisi.art\/index.php\/wp-json\/wp\/v2\/pages\/11312\/revisions"}],"predecessor-version":[{"id":11320,"href":"https:\/\/oraziopuglisi.art\/index.php\/wp-json\/wp\/v2\/pages\/11312\/revisions\/11320"}],"wp:featuredmedia":[{"embeddable":true,"href":"https:\/\/oraziopuglisi.art\/index.php\/wp-json\/wp\/v2\/media\/11317"}],"wp:attachment":[{"href":"https:\/\/oraziopuglisi.art\/index.php\/wp-json\/wp\/v2\/media?parent=11312"}],"curies":[{"name":"wp","href":"https:\/\/api.w.org\/{rel}","templated":true}]}}