{"id":11254,"date":"2024-08-21T17:00:43","date_gmt":"2024-08-21T15:00:43","guid":{"rendered":"https:\/\/oraziopuglisi.art\/?page_id=11254"},"modified":"2024-08-21T17:17:00","modified_gmt":"2024-08-21T15:17:00","slug":"la-musique-anglaise","status":"publish","type":"page","link":"https:\/\/oraziopuglisi.art\/index.php\/la-musique-anglaise\/","title":{"rendered":"La Musique Anglaise"},"content":{"rendered":"<blockquote class=\"wp-embedded-content\" data-secret=\"yqw2sx51Qx\"><p><a href=\"https:\/\/oraziopuglisi.art\/index.php\/generalites-sur-la-musique-anglaise\/\">G\u00e9n\u00e9ralit\u00e9s sur la Musique Anglaise<\/a><\/p><\/blockquote>\n<p><iframe loading=\"lazy\" class=\"wp-embedded-content\" sandbox=\"allow-scripts\" security=\"restricted\" style=\"position: absolute; visibility: hidden;\" title=\"\u00ab\u00a0G\u00e9n\u00e9ralit\u00e9s sur la Musique Anglaise\u00a0\u00bb &#8212; Orazio Puglisi\" src=\"https:\/\/oraziopuglisi.art\/index.php\/generalites-sur-la-musique-anglaise\/embed\/#?secret=CY4SCEXDbW#?secret=yqw2sx51Qx\" data-secret=\"yqw2sx51Qx\" width=\"600\" height=\"338\" frameborder=\"0\" marginwidth=\"0\" marginheight=\"0\" scrolling=\"no\"><\/iframe><\/p>\n<blockquote class=\"wp-embedded-content\" data-secret=\"kMIsqgrDw7\"><p><a href=\"https:\/\/oraziopuglisi.art\/index.php\/john-dowland\/\">John Dowland<\/a><\/p><\/blockquote>\n<p><iframe loading=\"lazy\" class=\"wp-embedded-content\" sandbox=\"allow-scripts\" security=\"restricted\" style=\"position: absolute; visibility: hidden;\" title=\"\u00ab\u00a0John Dowland\u00a0\u00bb &#8212; Orazio Puglisi\" src=\"https:\/\/oraziopuglisi.art\/index.php\/john-dowland\/embed\/#?secret=EVYLKCUP8d#?secret=kMIsqgrDw7\" data-secret=\"kMIsqgrDw7\" width=\"600\" height=\"338\" frameborder=\"0\" marginwidth=\"0\" marginheight=\"0\" scrolling=\"no\"><\/iframe><\/p>\n<blockquote class=\"wp-embedded-content\" data-secret=\"xVP6oiBB1h\"><p><a href=\"https:\/\/oraziopuglisi.art\/index.php\/john-field\/\">John Field<\/a><\/p><\/blockquote>\n<p><iframe loading=\"lazy\" class=\"wp-embedded-content\" sandbox=\"allow-scripts\" security=\"restricted\" style=\"position: absolute; visibility: hidden;\" title=\"\u00ab\u00a0John Field\u00a0\u00bb &#8212; Orazio Puglisi\" src=\"https:\/\/oraziopuglisi.art\/index.php\/john-field\/embed\/#?secret=HBQYVDKqab#?secret=xVP6oiBB1h\" data-secret=\"xVP6oiBB1h\" width=\"600\" height=\"338\" frameborder=\"0\" marginwidth=\"0\" marginheight=\"0\" scrolling=\"no\"><\/iframe><\/p>\n","protected":false},"excerpt":{"rendered":"<p>G\u00e9n\u00e9ralit\u00e9s sur la Musique Anglaise John Dowland John Field<\/p>\n","protected":false},"author":1,"featured_media":11260,"parent":0,"menu_order":0,"comment_status":"closed","ping_status":"closed","template":"","meta":{"footnotes":""},"class_list":["post-11254","page","type-page","status-publish","has-post-thumbnail","hentry"],"_links":{"self":[{"href":"https:\/\/oraziopuglisi.art\/index.php\/wp-json\/wp\/v2\/pages\/11254","targetHints":{"allow":["GET"]}}],"collection":[{"href":"https:\/\/oraziopuglisi.art\/index.php\/wp-json\/wp\/v2\/pages"}],"about":[{"href":"https:\/\/oraziopuglisi.art\/index.php\/wp-json\/wp\/v2\/types\/page"}],"author":[{"embeddable":true,"href":"https:\/\/oraziopuglisi.art\/index.php\/wp-json\/wp\/v2\/users\/1"}],"replies":[{"embeddable":true,"href":"https:\/\/oraziopuglisi.art\/index.php\/wp-json\/wp\/v2\/comments?post=11254"}],"version-history":[{"count":9,"href":"https:\/\/oraziopuglisi.art\/index.php\/wp-json\/wp\/v2\/pages\/11254\/revisions"}],"predecessor-version":[{"id":11277,"href":"https:\/\/oraziopuglisi.art\/index.php\/wp-json\/wp\/v2\/pages\/11254\/revisions\/11277"}],"wp:featuredmedia":[{"embeddable":true,"href":"https:\/\/oraziopuglisi.art\/index.php\/wp-json\/wp\/v2\/media\/11260"}],"wp:attachment":[{"href":"https:\/\/oraziopuglisi.art\/index.php\/wp-json\/wp\/v2\/media?parent=11254"}],"curies":[{"name":"wp","href":"https:\/\/api.w.org\/{rel}","templated":true}]}}