{"id":11097,"date":"2024-08-19T22:39:12","date_gmt":"2024-08-19T20:39:12","guid":{"rendered":"https:\/\/oraziopuglisi.art\/?page_id=11097"},"modified":"2024-08-19T22:42:41","modified_gmt":"2024-08-19T20:42:41","slug":"le-genocide-tibetain","status":"publish","type":"page","link":"https:\/\/oraziopuglisi.art\/index.php\/le-genocide-tibetain\/","title":{"rendered":"Le G\u00e9nocide Tib\u00e9tain"},"content":{"rendered":"<form action=\"https:\/\/www.paypal.com\/donate\" method=\"post\" target=\"_top\"><input name=\"hosted_button_id\" type=\"hidden\" value=\"QSSRVLDUKP2MG\" \/> <input title=\"PayPal - The safer, easier way to pay online!\" alt=\"Bouton Faites un don avec PayPal\" name=\"submit\" src=\"https:\/\/www.paypalobjects.com\/fr_FR\/FR\/i\/btn\/btn_donateCC_LG.gif\" type=\"image\" \/><img loading=\"lazy\" decoding=\"async\" src=\"https:\/\/www.paypal.com\/fr_FR\/i\/scr\/pixel.gif\" alt=\"\" width=\"1\" height=\"1\" border=\"0\" \/><img loading=\"lazy\" decoding=\"async\" src=\"https:\/\/www.paypal.com\/fr_FR\/i\/scr\/pixel.gif\" alt=\"\" width=\"1\" height=\"1\" border=\"0\" \/><\/form>\n<form action=\"https:\/\/www.paypal.com\/donate\" method=\"post\" target=\"_top\"><input name=\"hosted_button_id\" type=\"hidden\" value=\"KUYGR8EGYTG64\" \/><\/p>\n<p style=\"text-align: center;\"><span style=\"color: #ff0000;\">Faire un don par Qr Code<\/span><\/p>\n<p style=\"text-align: center;\"><a href=\"http:\/\/xn--vidosechecsenligne-dwb.com\/wp-content\/uploads\/2022\/05\/QR-code.png\"><img loading=\"lazy\" decoding=\"async\" class=\"alignnone size-full wp-image-36569\" src=\"http:\/\/xn--vidosechecsenligne-dwb.com\/wp-content\/uploads\/2022\/05\/QR-code.png\" alt=\"\" width=\"192\" height=\"192\" \/><\/a><\/p>\n<table width=\"634\">\n<tbody>\n<tr>\n<td colspan=\"4\" width=\"2872\">\u00a0<\/td>\n<\/tr>\n<tr>\n<td colspan=\"4\">\n<p style=\"text-align: center;\"><strong>G\u00e9nocide<\/strong><\/p>\n<\/td>\n<\/tr>\n<tr>\n<td colspan=\"4\">\u00a0<\/td>\n<\/tr>\n<tr>\n<td colspan=\"4\">\n<p style=\"text-align: center;\"><strong>Plus de 1.2 million de morts entre 1950 et 1976, soit un cinqui\u00e8me de la population totale du pays<\/strong><br \/>\n342 970 morts de famine<br \/>\n432 705 tu\u00e9s au combat<br \/>\n173 221 morts en prison ou en camps de travail<br \/>\n156 758 ex\u00e9cut\u00e9s<br \/>\n92 731 morts sous la torture<br \/>\n9 002 suicides<\/p>\n<p style=\"text-align: justify;\">Tous les Tib\u00e9tains qui aujourd&rsquo;hui encore, tentent de r\u00e9clamer leurs identit\u00e9s nationales risquent la prison, la torture et m\u00eame la mort. En 1999, on d\u00e9nombrait plus de 615 prisonniers politiques au Tibet, dont 62 ayant pass\u00e9 plusieurs ann\u00e9es en prison. Leurs crimes : d\u00e9tenir une photo du Dala\u00ef-lama, agiter le drapeau national tib\u00e9tain, crier \u00ab\u00a0Tibet libre\u00a0\u00bb lors de manifestations pacifiques, coller quelques affiches sur les murs, traduire en tib\u00e9tain le texte de la D\u00e9claration Universelle des Droits de l&rsquo;Homme ou simplement parler de la situation des droits de l&rsquo;homme au Tibet \u00e0 des touristes ou des journalistes \u00e9trangers.<br \/>\nPour prendre un exemple, le moine Palden Gyatso a \u00e9t\u00e9 condamn\u00e9 \u00e0 sept ans de prison pour avoir os\u00e9 manifester. Repris lors de son \u00e9vasion, il voit sa peine s&rsquo;alourdir de huit ann\u00e9es suppl\u00e9mentaires. En 1979, pour avoir r\u00e9dig\u00e9 des tracts critiquant le r\u00e9gime, son incarc\u00e9ration se durcira et durera en tout 33 ans. Aujourd&rsquo;hui, ce moine donne des conf\u00e9rences \u00e0 travers le monde en montrant les instruments de torture qu&rsquo;il a rachet\u00e9 \u00e0 ses bourreaux.<br \/>\nViol\u00e9es, tortur\u00e9es, st\u00e9rilis\u00e9es, avort\u00e9es de force, les femmes ne sont pas \u00e9pargn\u00e9es. La Chine viole les droits des femmes \u00e0 la procr\u00e9ation par des st\u00e9rilisations et des avortements coercitifs, pratiqu\u00e9s sans aucune hygi\u00e8ne. Ces mesures, visant \u00e0 long terme l&rsquo;extinction du peuple tib\u00e9tain, laissent des traumatismes irr\u00e9versibles chez les populations des villages o\u00f9 ces actes ont \u00e9t\u00e9 commis. Leurs statuts de femmes ne les prot\u00e8gent pas de l&#8217;emprisonnement et de la torture, comme ces 14 religieuses qui virent leurs condamnations tripler pour avoir chant\u00e9 des chants nationalistes.<\/p>\n<p><em><strong>La solution finale&#8230;<br \/>\n<\/strong><\/em>La Chine a entam\u00e9 depuis peu la colonisation massive du Tibet, r\u00e9duisant les Tib\u00e9tains \u00e0 une minorit\u00e9 (40%) dans leur propre pays. Il s&rsquo;agit d&rsquo;une politique officielle syst\u00e9matique destin\u00e9e \u00e0 noyer le peuple tib\u00e9tain dans une mer de colons chinois pour trouver ainsi une \u00ab\u00a0solution finale\u00a0\u00bb au probl\u00e8me tib\u00e9tain. Ces transferts massifs de population menacent la survie m\u00eame de la nation et du peuple tib\u00e9tain sur son propre sol. Actuellement, il y a plus de 7,5 millions de Chinois au Tibet contre 5,8 millions de Tib\u00e9tains. A Lhassa, plus des trois quarts de la population sont chinois.<br \/>\nLe mandarin est devenu la langue officielle. Les jeunes enfants tib\u00e9tains n&rsquo;ont plus acc\u00e8s \u00e0 l&rsquo;\u00e9ducation traditionnelle et l&rsquo;\u00e9criture tib\u00e9taine, l&rsquo;une des 30 \u00e9critures dans le monde, est menac\u00e9e de disparition.<br \/>\nL&rsquo;architecture traditionnelle a fait place au b\u00e9tonnage intensif. Apr\u00e8s avoir d\u00e9truit 6 000 monast\u00e8res lors de la r\u00e9volution culturelle, les autorit\u00e9s de P\u00e9kin ont d\u00e9cid\u00e9 d&rsquo;en r\u00e9nover certains, transform\u00e9s en \u00ab\u00a0mus\u00e9e de la spiritualit\u00e9\u00a0\u00bb, ceci dans l&rsquo;unique but d&rsquo;attirer les touristes et de faire croire que tout se passe pour le mieux au Pays des neiges. Des centaines de restaurants et de commerces ont \u00e9t\u00e9 ouverts \u00e0 Lhassa et dans les grandes villes tib\u00e9taines. Maisons de passe, casinos et bars karaok\u00e9s fleurissent \u00e0 tous les coins de rue. Les autorit\u00e9s chinoises esp\u00e8rent ainsi d\u00e9voyer les jeunes Tib\u00e9tains et ruiner les liens familiaux, sociaux et culturels. De plus en plus associ\u00e9e \u00e0 des valeurs pass\u00e9istes, la spiritualit\u00e9 est remplac\u00e9e par le culte du capitalisme \u00e0 outrance. Enfin, des dispositifs de surveillance (vid\u00e9o, policiers en civil et collaborateurs) emp\u00eachent toute tentative de manifestation ou tout acte de dissidence organis\u00e9e.<br \/>\nSous les yeux du monde, le pays le plus peupl\u00e9 de la Terre, membre permanent du Conseil de s\u00e9curit\u00e9 des Nations Unies, signataire de la D\u00e9claration Universelle des droits de l\u2019homme, de la Convention Internationale des droits de l\u2019enfant, de la Convention sur l&rsquo;\u00e9limination de toutes formes de discrimination \u00e0 l&rsquo;\u00e9gard des femmes, de la Convention Internationale sur l&rsquo;\u00e9limination de toute les formes de discriminations raciales et de la Convention contre la torture et autre peines ou traitements cruels, inhumains et d\u00e9gradants, continue \u00e0 violer impun\u00e9ment les droits humains les plus \u00e9l\u00e9mentaires.<br \/>\nLe g\u00e9nocide tib\u00e9tain et l&rsquo;occupation ill\u00e9gale du Tibet par la Chine sont reconnus par la commission internationale des juristes.<br \/>\nDes r\u00e9solutions ont \u00e9t\u00e9 prises par les Nations Unies en 1959, 1961 et 1965. Elles ne sont toujours pas appliqu\u00e9es en 2004\u2026<\/p>\n<\/td>\n<\/tr>\n<\/tbody>\n<\/table>\n<table width=\"634\">\n<tbody>\n<tr>\n<td colspan=\"4\" width=\"2872\">\u00a0<\/td>\n<\/tr>\n<tr>\n<td colspan=\"4\">\n<p style=\"text-align: center;\"><strong><em>Plan de Paix en 5 points<\/em><\/strong><\/p>\n<\/td>\n<\/tr>\n<tr>\n<td colspan=\"4\">\u00a0<\/td>\n<\/tr>\n<tr>\n<td colspan=\"4\">\n<p style=\"text-align: center;\">En septembre 1987 le Dala\u00ef Lama a fait les propositions suivantes, rejet\u00e9es par le gouvernement chinois :<\/p>\n<\/td>\n<\/tr>\n<\/tbody>\n<\/table>\n<table width=\"634\">\n<tbody>\n<tr>\n<td width=\"32\">\u00a0<\/td>\n<td width=\"592\">Abandon par la Chine de sa politique de transfert de population qui menace l&rsquo;existence du peuple tib\u00e9tain<\/td>\n<\/tr>\n<tr>\n<td>&nbsp;<\/td>\n<td>Respect des droits fondamentaux et des libert\u00e9s d\u00e9mocratiques des Tib\u00e9tains.<\/td>\n<\/tr>\n<tr>\n<td>&nbsp;<\/td>\n<td>Restauration et protection de l&rsquo;environnement naturel du Tibet ; cessation par la Chine de la production d&rsquo;armes nucl\u00e9aires au Tibet et du d\u00e9p\u00f4t de d\u00e9chets nucl\u00e9aires au Tibet.<\/td>\n<\/tr>\n<tr>\n<td>&nbsp;<\/td>\n<td>Transformation de l&rsquo;ensemble du Tibet en zone de paix.<\/td>\n<\/tr>\n<tr>\n<td>&nbsp;<\/td>\n<td>D\u00e9but de n\u00e9gociations sinc\u00e8res sur le futur statut du Tibet et sur les futures relations entre les peuples tib\u00e9tain et chinois.<\/td>\n<\/tr>\n<tr>\n<td colspan=\"2\">Le Dala\u00ef Lama est le premier laur\u00e9at du Prix Nobel de la Paix (1989) qui l&rsquo;ait re\u00e7u, entre autres raisons, pour son oeuvre en faveur de l&rsquo;environnement. Il a re\u00e7u aussi pour sa \u00ab contribution remarquable \u00e0 l&rsquo;\u00e9thique et \u00e0 l&rsquo;environnement \u00bb le Prix de la Terre, d\u00e9cern\u00e9 pour la premi\u00e8re fois en 1991.Il a d\u00e9clar\u00e9 : \u00ab Nous connaissons beaucoup de sites, d&rsquo;animaux, de plantes rares que les g\u00e9n\u00e9rations futures ne verront peut-\u00eatre pas. Nous devons agir avant qu&rsquo;il ne soit trop tard. Nous en sommes capables, nous en sommes responsables. \u00bb<br \/>\nAl Gore, le vice-pr\u00e9sident des Etats-Unis, \u00e9crivait dans Earth in the balance, alors qu&rsquo;il \u00e9tait s\u00e9nateur du Tennessee :<br \/>\n\u00ab Les Tib\u00e9tains n&rsquo;ont pas le pouvoir d&#8217;emp\u00eacher les autorit\u00e9s chinoises de d\u00e9truire l&rsquo;environnement de leur patrie, car leur pays est occup\u00e9 militairement par la Chine depuis plus de quarante ans. (&#8230;) Pour prot\u00e9ger efficacement l&rsquo;environnement, il faut \u00eatre libre, c&rsquo;est une condition n\u00e9cessaire. (&#8230;)<br \/>\nEn fait, presque partout o\u00f9 le citoyen ordinaire n&rsquo;a pas voix au chapitre dans les d\u00e9cisions qui concernent sa vie, il souffre et son environnement aussi. \u00bb<\/td>\n<\/tr>\n<\/tbody>\n<\/table>\n<p style=\"font-weight: 400;\">\u00a0<\/p>\n","protected":false},"excerpt":{"rendered":"<p>Faire un don par Qr Code \u00a0 G\u00e9nocide \u00a0 Plus de 1.2 million de morts entre 1950 et 1976, soit un cinqui\u00e8me de la population totale du pays 342 970 morts de famine 432 705 tu\u00e9s au combat 173 221 morts en prison ou en camps de travail 156 758 ex\u00e9cut\u00e9s 92 731 morts sous [&hellip;]<\/p>\n","protected":false},"author":1,"featured_media":11101,"parent":0,"menu_order":0,"comment_status":"closed","ping_status":"closed","template":"","meta":{"footnotes":""},"class_list":["post-11097","page","type-page","status-publish","has-post-thumbnail","hentry"],"_links":{"self":[{"href":"https:\/\/oraziopuglisi.art\/index.php\/wp-json\/wp\/v2\/pages\/11097","targetHints":{"allow":["GET"]}}],"collection":[{"href":"https:\/\/oraziopuglisi.art\/index.php\/wp-json\/wp\/v2\/pages"}],"about":[{"href":"https:\/\/oraziopuglisi.art\/index.php\/wp-json\/wp\/v2\/types\/page"}],"author":[{"embeddable":true,"href":"https:\/\/oraziopuglisi.art\/index.php\/wp-json\/wp\/v2\/users\/1"}],"replies":[{"embeddable":true,"href":"https:\/\/oraziopuglisi.art\/index.php\/wp-json\/wp\/v2\/comments?post=11097"}],"version-history":[{"count":3,"href":"https:\/\/oraziopuglisi.art\/index.php\/wp-json\/wp\/v2\/pages\/11097\/revisions"}],"predecessor-version":[{"id":11100,"href":"https:\/\/oraziopuglisi.art\/index.php\/wp-json\/wp\/v2\/pages\/11097\/revisions\/11100"}],"wp:featuredmedia":[{"embeddable":true,"href":"https:\/\/oraziopuglisi.art\/index.php\/wp-json\/wp\/v2\/media\/11101"}],"wp:attachment":[{"href":"https:\/\/oraziopuglisi.art\/index.php\/wp-json\/wp\/v2\/media?parent=11097"}],"curies":[{"name":"wp","href":"https:\/\/api.w.org\/{rel}","templated":true}]}}