{"id":11063,"date":"2024-08-18T15:44:05","date_gmt":"2024-08-18T13:44:05","guid":{"rendered":"https:\/\/oraziopuglisi.art\/?page_id=11063"},"modified":"2024-08-18T15:49:53","modified_gmt":"2024-08-18T13:49:53","slug":"le-genocide-des-ouighours","status":"publish","type":"page","link":"https:\/\/oraziopuglisi.art\/index.php\/le-genocide-des-ouighours\/","title":{"rendered":"Le g\u00e9nocide des Ou\u00efghours"},"content":{"rendered":"<p style=\"text-align: center;\"><a href=\"https:\/\/fr.wikipedia.org\/wiki\/G%C3%A9nocide_culturel_des_Ou%C3%AFghours\">Le G\u00e9nocide ouighours<\/a><\/p>\n<p>&nbsp;<\/p>\n<p>&nbsp;<\/p>\n<p style=\"text-align: justify;\">Les all\u00e9gations de\u00a0<b><a title=\"G\u00e9nocide culturel\" href=\"https:\/\/fr.wikipedia.org\/wiki\/G%C3%A9nocide_culturel\">g\u00e9nocide culturel<\/a>\u00a0des Ou\u00efghours<\/b>\u00a0font r\u00e9f\u00e9rence \u00e0 des t\u00e9moignages et des faits qualifi\u00e9s d&rsquo;<a title=\"Ethnocide\" href=\"https:\/\/fr.wikipedia.org\/wiki\/Ethnocide\">ethnocidaires<\/a>\u00a0et d\u00e9nonc\u00e9s par des exil\u00e9s\u00a0<a title=\"Ou\u00efghours\" href=\"https:\/\/fr.wikipedia.org\/wiki\/Ou%C3%AFghours\">ou\u00efghours<\/a>, des\u00a0<a title=\"Organisation non gouvernementale\" href=\"https:\/\/fr.wikipedia.org\/wiki\/Organisation_non_gouvernementale\">ONG<\/a>\u00a0internationales ainsi que plusieurs \u00c9tats \u00e0 l&rsquo;encontre du gouvernement de la\u00a0<a title=\"Chine\" href=\"https:\/\/fr.wikipedia.org\/wiki\/Chine\">r\u00e9publique populaire de Chine<\/a>. Ce dernier y m\u00e8ne, depuis le d\u00e9but des ann\u00e9es 2010, une politique r\u00e9pressive contre les Ou\u00efghours, un peuple\u00a0<a title=\"Musulman\" href=\"https:\/\/fr.wikipedia.org\/wiki\/Musulman\">musulman<\/a>\u00a0et\u00a0<a title=\"Langues turciques\" href=\"https:\/\/fr.wikipedia.org\/wiki\/Langues_turciques\">turcophone<\/a>\u00a0du\u00a0<a title=\"Xinjiang\" href=\"https:\/\/fr.wikipedia.org\/wiki\/Xinjiang\">Xinjiang<\/a>,\u00a0<a title=\"R\u00e9gion autonome (r\u00e9publique populaire de Chine)\" href=\"https:\/\/fr.wikipedia.org\/wiki\/R%C3%A9gion_autonome_(r%C3%A9publique_populaire_de_Chine)\">r\u00e9gion autonome<\/a>\u00a0du Nord-Ouest de la Chine. Le gouvernement chinois affirme qu&rsquo;il s&rsquo;agit d&rsquo;un \u00ab\u00a0processus de r\u00e9\u00e9ducation\u00a0\u00bb afin de garantir la s\u00e9curit\u00e9 dans le Xinjiang, apr\u00e8s les\u00a0<a title=\"\u00c9meutes au Xinjiang en juillet 2009\" href=\"https:\/\/fr.wikipedia.org\/wiki\/%C3%89meutes_au_Xinjiang_en_juillet_2009\">\u00e9meutes de juillet 2009<\/a>.\u00a0<a title=\"Human Rights Watch\" href=\"https:\/\/fr.wikipedia.org\/wiki\/Human_Rights_Watch\">Human Rights Watch<\/a>\u00a0ainsi que certains m\u00e9dias d\u00e9noncent des\u00a0<a title=\"Droits de l'homme en r\u00e9publique populaire de Chine\" href=\"https:\/\/fr.wikipedia.org\/wiki\/Droits_de_l%27homme_en_r%C3%A9publique_populaire_de_Chine\">violations syst\u00e9matiques des droits de l&rsquo;homme<\/a>.<\/p>\n<p style=\"text-align: justify;\">Le\u00a0<a title=\"Gouvernement f\u00e9d\u00e9ral des \u00c9tats-Unis\" href=\"https:\/\/fr.wikipedia.org\/wiki\/Gouvernement_f%C3%A9d%C3%A9ral_des_%C3%89tats-Unis\">gouvernement f\u00e9d\u00e9ral des \u00c9tats-Unis<\/a>, les parlements du\u00a0<a title=\"Parlement du Royaume-Uni\" href=\"https:\/\/fr.wikipedia.org\/wiki\/Parlement_du_Royaume-Uni\">Royaume-Uni<\/a>, de la\u00a0<a title=\"Parlement fran\u00e7ais\" href=\"https:\/\/fr.wikipedia.org\/wiki\/Parlement_fran%C3%A7ais\">France<\/a>, du\u00a0<a title=\"Parlement du Canada\" href=\"https:\/\/fr.wikipedia.org\/wiki\/Parlement_du_Canada\">Canada<\/a>\u00a0et une vingtaine d&rsquo;autres pays adoptent des r\u00e9solutions d\u00e9clarant leur reconnaissance de la qualification de \u00ab\u00a0g\u00e9nocide\u00a0\u00bb. \u00c0 l&rsquo;inverse, une cinquantaine de pays et organisations internationales, dont la\u00a0<a title=\"Ligue arabe\" href=\"https:\/\/fr.wikipedia.org\/wiki\/Ligue_arabe\">Ligue arabe<\/a>, la\u00a0<a title=\"Russie\" href=\"https:\/\/fr.wikipedia.org\/wiki\/Russie\">Russie<\/a>, le\u00a0<a title=\"Nigeria\" href=\"https:\/\/fr.wikipedia.org\/wiki\/Nigeria\">Nigeria<\/a>, les\u00a0<a title=\"Philippines\" href=\"https:\/\/fr.wikipedia.org\/wiki\/Philippines\">Philippines<\/a>, rejettent cette qualification et apportent leur soutien \u00e0 la Chine.<\/p>\n<p style=\"text-align: center;\"><a href=\"https:\/\/fr.wikipedia.org\/wiki\/Ou%C3%AFghours\">Lien Wikip\u00e9dia<\/a><\/p>\n<p>&nbsp;<\/p>\n<p><iframe loading=\"lazy\" title=\"Chine : le drame ou\u00efghour | ARTE\" width=\"600\" height=\"338\" src=\"https:\/\/www.youtube.com\/embed\/b6a_yr0kwi0?feature=oembed\" frameborder=\"0\" allow=\"accelerometer; autoplay; clipboard-write; encrypted-media; gyroscope; picture-in-picture; web-share\" referrerpolicy=\"strict-origin-when-cross-origin\" allowfullscreen><\/iframe><\/p>\n<p>&nbsp;<\/p>\n<p>&nbsp;<\/p>\n<p>&nbsp;<\/p>\n<p>&nbsp;<\/p>\n","protected":false},"excerpt":{"rendered":"<p>Le G\u00e9nocide ouighours &nbsp; &nbsp; Les all\u00e9gations de\u00a0g\u00e9nocide culturel\u00a0des Ou\u00efghours\u00a0font r\u00e9f\u00e9rence \u00e0 des t\u00e9moignages et des faits qualifi\u00e9s d&rsquo;ethnocidaires\u00a0et d\u00e9nonc\u00e9s par des exil\u00e9s\u00a0ou\u00efghours, des\u00a0ONG\u00a0internationales ainsi que plusieurs \u00c9tats \u00e0 l&rsquo;encontre du gouvernement de la\u00a0r\u00e9publique populaire de Chine. Ce dernier y m\u00e8ne, depuis le d\u00e9but des ann\u00e9es 2010, une politique r\u00e9pressive contre les Ou\u00efghours, un peuple\u00a0musulman\u00a0et\u00a0turcophone\u00a0du\u00a0Xinjiang,\u00a0r\u00e9gion [&hellip;]<\/p>\n","protected":false},"author":1,"featured_media":11070,"parent":0,"menu_order":0,"comment_status":"closed","ping_status":"closed","template":"","meta":{"footnotes":""},"class_list":["post-11063","page","type-page","status-publish","has-post-thumbnail","hentry"],"_links":{"self":[{"href":"https:\/\/oraziopuglisi.art\/index.php\/wp-json\/wp\/v2\/pages\/11063","targetHints":{"allow":["GET"]}}],"collection":[{"href":"https:\/\/oraziopuglisi.art\/index.php\/wp-json\/wp\/v2\/pages"}],"about":[{"href":"https:\/\/oraziopuglisi.art\/index.php\/wp-json\/wp\/v2\/types\/page"}],"author":[{"embeddable":true,"href":"https:\/\/oraziopuglisi.art\/index.php\/wp-json\/wp\/v2\/users\/1"}],"replies":[{"embeddable":true,"href":"https:\/\/oraziopuglisi.art\/index.php\/wp-json\/wp\/v2\/comments?post=11063"}],"version-history":[{"count":6,"href":"https:\/\/oraziopuglisi.art\/index.php\/wp-json\/wp\/v2\/pages\/11063\/revisions"}],"predecessor-version":[{"id":11069,"href":"https:\/\/oraziopuglisi.art\/index.php\/wp-json\/wp\/v2\/pages\/11063\/revisions\/11069"}],"wp:featuredmedia":[{"embeddable":true,"href":"https:\/\/oraziopuglisi.art\/index.php\/wp-json\/wp\/v2\/media\/11070"}],"wp:attachment":[{"href":"https:\/\/oraziopuglisi.art\/index.php\/wp-json\/wp\/v2\/media?parent=11063"}],"curies":[{"name":"wp","href":"https:\/\/api.w.org\/{rel}","templated":true}]}}