{"id":11054,"date":"2024-08-18T15:31:19","date_gmt":"2024-08-18T13:31:19","guid":{"rendered":"https:\/\/oraziopuglisi.art\/?page_id=11054"},"modified":"2024-08-18T15:42:04","modified_gmt":"2024-08-18T13:42:04","slug":"le-genocide-kurde","status":"publish","type":"page","link":"https:\/\/oraziopuglisi.art\/index.php\/le-genocide-kurde\/","title":{"rendered":"Le g\u00e9nocide Kurde"},"content":{"rendered":"<form action=\"https:\/\/www.paypal.com\/donate\" method=\"post\" target=\"_top\"><input name=\"hosted_button_id\" type=\"hidden\" value=\"QSSRVLDUKP2MG\" \/> <input title=\"PayPal - The safer, easier way to pay online!\" alt=\"Bouton Faites un don avec PayPal\" name=\"submit\" src=\"https:\/\/www.paypalobjects.com\/fr_FR\/FR\/i\/btn\/btn_donateCC_LG.gif\" type=\"image\" \/><img loading=\"lazy\" decoding=\"async\" src=\"https:\/\/www.paypal.com\/fr_FR\/i\/scr\/pixel.gif\" alt=\"\" width=\"1\" height=\"1\" border=\"0\" \/><img loading=\"lazy\" decoding=\"async\" src=\"https:\/\/www.paypal.com\/fr_FR\/i\/scr\/pixel.gif\" alt=\"\" width=\"1\" height=\"1\" border=\"0\" \/><\/form>\n<form action=\"https:\/\/www.paypal.com\/donate\" method=\"post\" target=\"_top\"><input name=\"hosted_button_id\" type=\"hidden\" value=\"KUYGR8EGYTG64\" \/><\/p>\n<p style=\"text-align: center;\"><span style=\"color: #ff0000;\">Faire un don par Qr Code<\/span><\/p>\n<p style=\"text-align: center;\"><a href=\"http:\/\/xn--vidosechecsenligne-dwb.com\/wp-content\/uploads\/2022\/05\/QR-code.png\"><img loading=\"lazy\" decoding=\"async\" class=\"alignnone size-full wp-image-36569\" src=\"http:\/\/xn--vidosechecsenligne-dwb.com\/wp-content\/uploads\/2022\/05\/QR-code.png\" alt=\"\" width=\"192\" height=\"192\" \/><\/a><\/p>\n<p>Le\u00a0<b>g\u00e9nocide kurde<\/b>, aussi connu sous le nom d&rsquo;<i><b>Anfal<\/b><\/i>, a eu lieu de f\u00e9vrier \u00e0 septembre\u00a0<a title=\"1988\" href=\"https:\/\/fr.wikipedia.org\/wiki\/1988\">1988<\/a>. Ordonn\u00e9 par le r\u00e9gime irakien de\u00a0<a title=\"Saddam Hussein\" href=\"https:\/\/fr.wikipedia.org\/wiki\/Saddam_Hussein\">Saddam Hussein<\/a>\u00a0et dirig\u00e9 par son cousin\u00a0<a title=\"Ali Hassan al-Majid\" href=\"https:\/\/fr.wikipedia.org\/wiki\/Ali_Hassan_al-Majid\">Ali Hassan al-Majid<\/a>, il a caus\u00e9 la mort de 50 000 \u00e0 180 000 civils\u00a0<a title=\"Kurdes\" href=\"https:\/\/fr.wikipedia.org\/wiki\/Kurdes\">kurdes<\/a><sup id=\"cite_ref-1\" class=\"reference\"><a href=\"https:\/\/fr.wikipedia.org\/wiki\/G%C3%A9nocide_kurde#cite_note-1\">1<\/a><\/sup><sup class=\"reference cite_virgule\">,<\/sup><sup id=\"cite_ref-HRW_2-0\" class=\"reference\"><a href=\"https:\/\/fr.wikipedia.org\/wiki\/G%C3%A9nocide_kurde#cite_note-HRW-2\">2<\/a><\/sup>. L&rsquo;\u00e9pisode le plus c\u00e9l\u00e8bre de ce g\u00e9nocide est le bombardement aux armes chimiques de la ville kurde d&rsquo;<a title=\"Halabja\" href=\"https:\/\/fr.wikipedia.org\/wiki\/Halabja\">Halabja<\/a>\u00a0le\u00a0<time class=\"nowrap date-lien\" datetime=\"1988-03-16\" data-sort-value=\"1988-03-16\"><a title=\"16 mars\" href=\"https:\/\/fr.wikipedia.org\/wiki\/16_mars\">16<\/a>\u00a0<a title=\"Mars 1988\" href=\"https:\/\/fr.wikipedia.org\/wiki\/Mars_1988\">mars<\/a>\u00a0<a title=\"1988\" href=\"https:\/\/fr.wikipedia.org\/wiki\/1988\">1988<\/a><\/time>.<\/p>\n<div id=\"toc\" class=\"toc\" role=\"navigation\" aria-labelledby=\"mw-toc-heading\"><input id=\"toctogglecheckbox\" class=\"toctogglecheckbox\" role=\"button\" type=\"checkbox\" \/><\/p>\n<div class=\"toctitle\" dir=\"ltr\" lang=\"fr\">\n<h2 id=\"mw-toc-heading\">Sommaire<\/h2>\n<\/div>\n<ul>\n<li class=\"toclevel-1 tocsection-1\"><a href=\"https:\/\/fr.wikipedia.org\/wiki\/G%C3%A9nocide_kurde#R%C3%A9sum%C3%A9\"><span class=\"tocnumber\">1<\/span><span class=\"toctext\">R\u00e9sum\u00e9<\/span><\/a><\/li>\n<li class=\"toclevel-1 tocsection-2\"><a href=\"https:\/\/fr.wikipedia.org\/wiki\/G%C3%A9nocide_kurde#Bilan\"><span class=\"tocnumber\">2<\/span><span class=\"toctext\">Bilan<\/span><\/a><\/li>\n<li class=\"toclevel-1 tocsection-3\"><a href=\"https:\/\/fr.wikipedia.org\/wiki\/G%C3%A9nocide_kurde#Proc%C3%A8s\"><span class=\"tocnumber\">3<\/span><span class=\"toctext\">Proc\u00e8s<\/span><\/a>\n<ul>\n<li class=\"toclevel-2 tocsection-4\"><a href=\"https:\/\/fr.wikipedia.org\/wiki\/G%C3%A9nocide_kurde#Le_proc%C3%A8s_de_La_Haye\"><span class=\"tocnumber\">3.1<\/span><span class=\"toctext\">Le proc\u00e8s de La Haye<\/span><\/a><\/li>\n<li class=\"toclevel-2 tocsection-5\"><a href=\"https:\/\/fr.wikipedia.org\/wiki\/G%C3%A9nocide_kurde#Le_Tribunal_sp%C3%A9cial_irakien_(TSI)\"><span class=\"tocnumber\">3.2<\/span><span class=\"toctext\">Le Tribunal sp\u00e9cial irakien (TSI)<\/span><\/a><\/li>\n<li class=\"toclevel-2 tocsection-6\"><a href=\"https:\/\/fr.wikipedia.org\/wiki\/G%C3%A9nocide_kurde#Bibliographie\"><span class=\"tocnumber\">3.3<\/span><span class=\"toctext\">Bibliographie<\/span><\/a><\/li>\n<\/ul>\n<\/li>\n<li class=\"toclevel-1 tocsection-7\"><a href=\"https:\/\/fr.wikipedia.org\/wiki\/G%C3%A9nocide_kurde#Notes_et_r%C3%A9f%C3%A9rences\"><span class=\"tocnumber\">4<\/span><span class=\"toctext\">Notes et r\u00e9f\u00e9rences<\/span><\/a><\/li>\n<li class=\"toclevel-1 tocsection-8\"><a href=\"https:\/\/fr.wikipedia.org\/wiki\/G%C3%A9nocide_kurde#Voir_aussi\"><span class=\"tocnumber\">5<\/span><span class=\"toctext\">Voir aussi<\/span><\/a><\/li>\n<\/ul>\n<\/div>\n<p>&nbsp;<\/p>\n<p>&nbsp;<\/p>\n<p>&nbsp;<\/p>\n<p><iframe loading=\"lazy\" title=\"Pourquoi la Turquie s&#039;en prend aux Kurdes (Mappemonde Ep. 4)\" width=\"600\" height=\"338\" src=\"https:\/\/www.youtube.com\/embed\/HroNwVrH-3E?feature=oembed\" frameborder=\"0\" allow=\"accelerometer; autoplay; clipboard-write; encrypted-media; gyroscope; picture-in-picture; web-share\" referrerpolicy=\"strict-origin-when-cross-origin\" allowfullscreen><\/iframe><\/p>\n<h2><span id=\"R.C3.A9sum.C3.A9\"><\/span><span id=\"R\u00e9sum\u00e9\" class=\"mw-headline\">R\u00e9sum\u00e9<\/span><\/h2>\n<p style=\"text-align: justify;\">En mars\u00a0<a title=\"1987\" href=\"https:\/\/fr.wikipedia.org\/wiki\/1987\">1987<\/a>,\u00a0<a title=\"Ali Hassan al-Majid\" href=\"https:\/\/fr.wikipedia.org\/wiki\/Ali_Hassan_al-Majid\">Ali Hassan al-Majid<\/a>\u00a0est nomm\u00e9 Secr\u00e9taire g\u00e9n\u00e9ral du\u00a0<a title=\"Parti Baas\" href=\"https:\/\/fr.wikipedia.org\/wiki\/Parti_Baas\">parti Baas<\/a>\u00a0pour la r\u00e9gion Nord, incluant le\u00a0<a title=\"Kurdistan irakien\" href=\"https:\/\/fr.wikipedia.org\/wiki\/Kurdistan_irakien\">Kurdistan<\/a>. Sous son autorit\u00e9, le contr\u00f4le des op\u00e9rations contre les combattants kurdes est transf\u00e9r\u00e9 de\u00a0<a title=\"Bagdad\" href=\"https:\/\/fr.wikipedia.org\/wiki\/Bagdad\">Bagdad<\/a>\u00a0au parti Baas. Ceci est le pr\u00e9lude \u00e0 la \u00ab\u00a0solution finale\u00a0\u00bb au probl\u00e8me kurde d\u00e9cid\u00e9e par Al-Majid d\u00e8s son arriv\u00e9e \u00e0 son poste. L&rsquo;op\u00e9ration destin\u00e9e \u00e0 \u00e9radiquer d\u00e9finitivement le \u00ab\u00a0probl\u00e8me kurde\u00a0\u00bb est baptis\u00e9e\u00a0<i>Anfal<\/i>.<\/p>\n<p style=\"text-align: justify;\">Les op\u00e9rations se d\u00e9composent en une s\u00e9rie de huit\u00a0<i>Anfal<\/i>. Les sept premiers\u00a0<i>Anfal<\/i>\u00a0ont pour cible la r\u00e9gion o\u00f9 agit l&rsquo;<a title=\"Union patriotique du Kurdistan\" href=\"https:\/\/fr.wikipedia.org\/wiki\/Union_patriotique_du_Kurdistan\">Union patriotique du Kurdistan<\/a>\u00a0(UPK) tandis que l&rsquo;\u00ab\u00a0Anfal final\u00a0\u00bb s&rsquo;abat sur la r\u00e9gion domin\u00e9e par le\u00a0<a title=\"Parti d\u00e9mocratique du Kurdistan\" href=\"https:\/\/fr.wikipedia.org\/wiki\/Parti_d%C3%A9mocratique_du_Kurdistan\">Parti d\u00e9mocratique du Kurdistan<\/a>\u00a0(PDK).<\/p>\n<p>Ainsi, on a les huit op\u00e9rations suivantes avec leurs r\u00e9gions cibles<sup id=\"cite_ref-HRW_2-1\" class=\"reference\"><a href=\"https:\/\/fr.wikipedia.org\/wiki\/G%C3%A9nocide_kurde#cite_note-HRW-2\">2<\/a><\/sup>\u00a0:<\/p>\n<ul>\n<li>Premier Anfal\u00a0: Sergalou et Bergalou, du\u00a0<time class=\"nowrap\" datetime=\"02-23\" data-sort-value=\"02-23\">23 f\u00e9vrier<\/time>\u00a0au\u00a0<time class=\"nowrap\" datetime=\"1988-03-19\" data-sort-value=\"1988-03-19\">19 mars 1988<\/time>. C&rsquo;est lors de ce premier Anfal qu&rsquo;Halabja est gaz\u00e9\u00a0;<\/li>\n<li>Deuxi\u00e8me Anfal\u00a0: Qara Dagh, du\u00a0<time class=\"nowrap\" datetime=\"03-22\" data-sort-value=\"03-22\">22 mars<\/time>\u00a0au\u00a0<time class=\"nowrap\" datetime=\"1988-04-01\" data-sort-value=\"1988-04-01\"><abbr class=\"abbr\" title=\"premier\">1<sup>er<\/sup><\/abbr>\u00a0avril 1988<\/time>\u00a0;<\/li>\n<li>Troisi\u00e8me Anfal\u00a0: Germian, du\u00a0<time class=\"nowrap\" datetime=\"04-07\" data-sort-value=\"04-07\">7 avril<\/time>\u00a0au\u00a0<time class=\"nowrap\" datetime=\"1988-04-20\" data-sort-value=\"1988-04-20\">20 avril 1988<\/time>\u00a0;<\/li>\n<li>Quatri\u00e8me Anfal\u00a0: La Valle\u00e9 du Zab, du\u00a0<time class=\"nowrap\" datetime=\"05-03\" data-sort-value=\"05-03\">3 mai<\/time>\u00a0au\u00a0<time class=\"nowrap\" datetime=\"1988-05-08\" data-sort-value=\"1988-05-08\">8 mai 1988<\/time>\u00a0;<\/li>\n<li>Cinqui\u00e8me, sixi\u00e8me et septi\u00e8me Anfal\u00a0: Les Vall\u00e9es de Shaqlawa et Rawanduz, du\u00a0<time class=\"nowrap\" datetime=\"05-15\" data-sort-value=\"05-15\">15 mai<\/time>\u00a0au\u00a0<time class=\"nowrap\" datetime=\"1988-08-26\" data-sort-value=\"1988-08-26\">26 ao\u00fbt 1988<\/time>\u00a0;<\/li>\n<li>Anfal final\u00a0: Badinan, du\u00a0<time class=\"nowrap\" datetime=\"08-25\" data-sort-value=\"08-25\">25 ao\u00fbt<\/time>\u00a0au\u00a0<time class=\"nowrap\" datetime=\"1988-09-06\" data-sort-value=\"1988-09-06\">6 septembre 1988<\/time>.<\/li>\n<\/ul>\n<p style=\"text-align: justify;\">200\u00a0000 soldats irakiens sont affect\u00e9s \u00e0 cette campagne de g\u00e9nocide qui a recours \u00e0 des offensives terrestres, des bombardements a\u00e9riens, des destructions syst\u00e9matiques de zones d&rsquo;habitation civile, des d\u00e9portations massives, la mise en place de camps de concentration, des ex\u00e9cutions sommaires et bien s\u00fbr l&rsquo;utilisation massive d&rsquo;armes chimiques, ce qui a valu \u00e0 Ali Hassan Al-Majid le surnom d&rsquo;Ali le chimique.<\/p>\n<p>&nbsp;<\/p>\n<p><iframe loading=\"lazy\" title=\"Les Kurdes : un peuple sans \u00c9tat (avec l&#039;Histoire trouve toujours un chemin)\" width=\"600\" height=\"338\" src=\"https:\/\/www.youtube.com\/embed\/RNAfWxKGo6c?feature=oembed\" frameborder=\"0\" allow=\"accelerometer; autoplay; clipboard-write; encrypted-media; gyroscope; picture-in-picture; web-share\" referrerpolicy=\"strict-origin-when-cross-origin\" allowfullscreen><\/iframe><\/p>\n<h2><span id=\"Bilan\" class=\"mw-headline\">Bilan<\/span><\/h2>\n<p style=\"text-align: justify;\">D&rsquo;apr\u00e8s le Tribunal sp\u00e9cial irakien, 182\u00a0000 civils ont \u00e9t\u00e9 tu\u00e9s et plus de 2\u00a0000 villages d\u00e9truits.<\/p>\n<p>D&rsquo;apr\u00e8s\u00a0<a title=\"Human Rights Watch\" href=\"https:\/\/fr.wikipedia.org\/wiki\/Human_Rights_Watch\">Human Rights Watch<\/a><sup id=\"cite_ref-HRW_2-2\" class=\"reference\"><a href=\"https:\/\/fr.wikipedia.org\/wiki\/G%C3%A9nocide_kurde#cite_note-HRW-2\">2<\/a><\/sup>, 90\u00a0% des villages de la r\u00e9gion cible ont \u00e9t\u00e9 ray\u00e9s de la carte et 1\u00a0754 \u00e9coles et 270 h\u00f4pitaux d\u00e9truits. Selon son rapport\u00a0:<\/p>\n<dl>\n<dd><span class=\"citation\">\u00ab\u00a0O\u00f9 sont les tombes de tous ceux qui furent tu\u00e9s, et combien de corps contiennent-elles\u00a0? Moins de 50\u00a0000 serait inconcevable, ce pourrait \u00eatre le double de ce chiffre.\u00a0\u00bb<\/span>\u00a0Apr\u00e8s le soul\u00e8vement du printemps 1991, les leaders kurdes\u00a0<span class=\"citation\">\u00ab\u00a0ont mentionn\u00e9 182\u00a0000 morts \u2013 une extrapolation approximative bas\u00e9e sur le nombre de villages d\u00e9truits. Quand il entendit cela, on rapporte que\u00a0<a title=\"Ali Hassan al-Majid\" href=\"https:\/\/fr.wikipedia.org\/wiki\/Ali_Hassan_al-Majid\">Ali Hassan al-Majid<\/a>\u00a0s&rsquo;est emport\u00e9, disant\u00a0: \u201c182\u00a0000\u00a0? Qu&rsquo;est-ce c&rsquo;est que cette exag\u00e9ration\u00a0? Ce ne peut pas \u00eatre plus de 100\u00a0000.\u201d\u00a0<sup id=\"cite_ref-HRW13_3-0\" class=\"reference\"><a href=\"https:\/\/fr.wikipedia.org\/wiki\/G%C3%A9nocide_kurde#cite_note-HRW13-3\">3<\/a><\/sup>\u00a0\u00bb<\/span><\/dd>\n<\/dl>\n<p>Les alli\u00e9s occidentaux de l&rsquo;Irak furent r\u00e9ticents \u00e0 condamner le massacre de Halabja en d\u00e9pit de l&rsquo;immense \u00e9motion de l&rsquo;opinion publique internationale. La\u00a0<a title=\"France\" href=\"https:\/\/fr.wikipedia.org\/wiki\/France\">France<\/a>\u00a0se contenta d&rsquo;un bref communiqu\u00e9 condamnant \u00ab\u00a0l&rsquo;usage d&rsquo;armes chimiques o\u00f9 que ce soit\u00a0\u00bb. Le rapport de l&rsquo;<a class=\"mw-redirect\" title=\"ONU\" href=\"https:\/\/fr.wikipedia.org\/wiki\/ONU\">ONU<\/a>, r\u00e9alis\u00e9 par un colonel de l&rsquo;arm\u00e9e espagnole, notait seulement que \u00ab\u00a0des armes chimiques ont de nouveau \u00e9t\u00e9 employ\u00e9es tant en Irak qu&rsquo;en Iran\u00a0\u00bb et que \u00ab\u00a0le nombre de victimes civiles augmente\u00a0\u00bb. Le secr\u00e9taire g\u00e9n\u00e9ral de l&rsquo;ONU affirma que les nationalit\u00e9s \u00ab\u00a0sont difficiles \u00e0 d\u00e9terminer, tant pour les armes que pour les utilisateurs de celles-ci\u00a0\u00bb. La sous-<a title=\"Commission des droits de l'homme des Nations unies\" href=\"https:\/\/fr.wikipedia.org\/wiki\/Commission_des_droits_de_l%27homme_des_Nations_unies\">Commission des droits de l&rsquo;homme des Nations unies<\/a>\u00a0estima, par onze voix contre huit, qu&rsquo;il n&rsquo;y avait pas lieu de condamner le r\u00e9gime de Saddam Hussein pour violation des droits de l&rsquo;homme. Le pr\u00e9sident am\u00e9ricain\u00a0<a title=\"George H. W. Bush\" href=\"https:\/\/fr.wikipedia.org\/wiki\/George_H._W._Bush\">George H. W. Bush<\/a>\u00a0s&rsquo;opposa \u00e0 des sanctions contre l&rsquo;Irak et lui accorda au contraire un pr\u00eat de un milliard de dollars<sup id=\"cite_ref-4\" class=\"reference\"><a href=\"https:\/\/fr.wikipedia.org\/wiki\/G%C3%A9nocide_kurde#cite_note-4\">4<\/a><\/sup>.<\/p>\n<h2><span id=\"Proc.C3.A8s\"><\/span><span id=\"Proc\u00e8s\" class=\"mw-headline\">Proc\u00e8s<\/span><\/h2>\n<h3><span id=\"Le_proc.C3.A8s_de_La_Haye\"><\/span><span id=\"Le_proc\u00e8s_de_La_Haye\" class=\"mw-headline\">Le proc\u00e8s de La Haye<\/span><\/h3>\n<p>Frans Van Anraat est un homme d&rsquo;affaires\u00a0<a title=\"Pays-Bas\" href=\"https:\/\/fr.wikipedia.org\/wiki\/Pays-Bas\">n\u00e9erlandais<\/a>. Il a fourni au r\u00e9gime de Saddam Hussein des substances chimiques qui ont permis de produire les armes chimiques utilis\u00e9es contre les Kurdes. Il vivait \u00e0 Bagdad quand l&rsquo;offensive am\u00e9ricaine a commenc\u00e9 en 2003. \u00c0 la chute de Saddam Hussein, Van Anraat est retourn\u00e9 aux Pays-Bas. Le\u00a0<time class=\"nowrap date-lien\" datetime=\"2004-12-06\" data-sort-value=\"2004-12-06\"><a title=\"6 d\u00e9cembre\" href=\"https:\/\/fr.wikipedia.org\/wiki\/6_d%C3%A9cembre\">6<\/a>\u00a0<a title=\"D\u00e9cembre 2004\" href=\"https:\/\/fr.wikipedia.org\/wiki\/D%C3%A9cembre_2004\">d\u00e9cembre<\/a>\u00a0<a title=\"2004\" href=\"https:\/\/fr.wikipedia.org\/wiki\/2004\">2004<\/a><\/time>, il est arr\u00eat\u00e9 pour complicit\u00e9 de crime de guerre et g\u00e9nocide. Van Anraat est poursuivi par le tribunal de La Haye en vertu d&rsquo;un jugement de la Cour supr\u00eame des Pays-Bas donnant aux tribunaux n\u00e9erlandais comp\u00e9tence universelle pour juger les personnes suspect\u00e9es de crimes de guerre et de g\u00e9nocide d\u00e8s lors qu&rsquo;elles r\u00e9sident aux Pays-Bas.<\/p>\n<p>Le\u00a0<time class=\"nowrap date-lien\" datetime=\"2005-12-23\" data-sort-value=\"2005-12-23\"><a title=\"23 d\u00e9cembre\" href=\"https:\/\/fr.wikipedia.org\/wiki\/23_d%C3%A9cembre\">23<\/a>\u00a0<a title=\"D\u00e9cembre 2005\" href=\"https:\/\/fr.wikipedia.org\/wiki\/D%C3%A9cembre_2005\">d\u00e9cembre<\/a>\u00a0<a title=\"2005\" href=\"https:\/\/fr.wikipedia.org\/wiki\/2005\">2005<\/a><\/time>, Van Anraat est reconnu coupable de complicit\u00e9 de crime de guerre et condamn\u00e9 \u00e0 15 ans de prison. La Cour ne le condamne pas pour g\u00e9nocide, car elle estime que Van Anraat ne pouvait pas conna\u00eetre les \u00ab\u00a0intentions g\u00e9nocidaires\u00a0\u00bb du r\u00e9gime. Elle affirme cependant qu&rsquo;un g\u00e9nocide a bien eu lieu contre les Kurdes lors de l&rsquo;op\u00e9ration Anfal.<\/p>\n<p>Avec ce jugement, le gazage des Kurdes est pour la premi\u00e8re fois qualifi\u00e9 officiellement de g\u00e9nocide par un tribunal<sup id=\"cite_ref-5\" class=\"reference\"><a href=\"https:\/\/fr.wikipedia.org\/wiki\/G%C3%A9nocide_kurde#cite_note-5\">5<\/a><\/sup>.<\/p>\n<h3><span id=\"Le_Tribunal_sp.C3.A9cial_irakien_.28TSI.29\"><\/span><span id=\"Le_Tribunal_sp\u00e9cial_irakien_(TSI)\" class=\"mw-headline\">Le Tribunal sp\u00e9cial irakien (TSI)<\/span><\/h3>\n<p>En\u00a0<time class=\"nowrap\" datetime=\"2006-06\" data-sort-value=\"2006-06\">juin 2006<\/time>, le tribunal sp\u00e9cial irakien annonce la tenue prochaine du proc\u00e8s Anfal impliquant Saddam Hussein et six coaccus\u00e9s. Le proc\u00e8s d\u00e9bute le\u00a0<time class=\"nowrap date-lien\" datetime=\"2006-08-21\" data-sort-value=\"2006-08-21\"><a title=\"21 ao\u00fbt\" href=\"https:\/\/fr.wikipedia.org\/wiki\/21_ao%C3%BBt\">21<\/a>\u00a0<a title=\"Ao\u00fbt 2006\" href=\"https:\/\/fr.wikipedia.org\/wiki\/Ao%C3%BBt_2006\">ao\u00fbt<\/a>\u00a0<a title=\"2006\" href=\"https:\/\/fr.wikipedia.org\/wiki\/2006\">2006<\/a><\/time>\u00a0et Saddam Hussein est pr\u00e9sent\u00e9 en\u00a0<time class=\"nowrap\" datetime=\"2006-12\" data-sort-value=\"2006-12\">d\u00e9cembre 2006<\/time>\u00a0au tribunal. Mais il est ex\u00e9cut\u00e9 le\u00a0<time class=\"nowrap date-lien\" datetime=\"2006-12-30\" data-sort-value=\"2006-12-30\"><a title=\"30 d\u00e9cembre\" href=\"https:\/\/fr.wikipedia.org\/wiki\/30_d%C3%A9cembre\">30<\/a>\u00a0<a title=\"D\u00e9cembre 2006\" href=\"https:\/\/fr.wikipedia.org\/wiki\/D%C3%A9cembre_2006\">d\u00e9cembre<\/a>\u00a0<a title=\"2006\" href=\"https:\/\/fr.wikipedia.org\/wiki\/2006\">2006<\/a><\/time>\u00a0car il avait d\u00e9j\u00e0 \u00e9t\u00e9 condamn\u00e9 \u00e0 mort dans le proc\u00e8s de Dujail.<\/p>\n<p>Le proc\u00e8s Anfal continue pour les coaccus\u00e9s en l&rsquo;absence de Saddam Hussein. Le\u00a0<time class=\"nowrap date-lien\" datetime=\"2007-06-23\" data-sort-value=\"2007-06-23\"><a title=\"23 juin\" href=\"https:\/\/fr.wikipedia.org\/wiki\/23_juin\">23<\/a>\u00a0<a title=\"Juin 2007\" href=\"https:\/\/fr.wikipedia.org\/wiki\/Juin_2007\">juin<\/a>\u00a0<a title=\"2007\" href=\"https:\/\/fr.wikipedia.org\/wiki\/2007\">2007<\/a><\/time>, Ali Hassan al-Majid, Sultan Hashem Ahmed et Hussein Rashid Mohammed sont reconnus coupables de g\u00e9nocide et sont tous les trois condamn\u00e9s \u00e0 mort par pendaison. Farhan Jubouri et Saber Abdel Aziz al-Douri sont condamn\u00e9s \u00e0 la prison \u00e0 vie. Enfin, le sixi\u00e8me accus\u00e9, Taher Tawfiq al-Ani, est acquitt\u00e9 faute de preuves.<\/p>\n<h3><span id=\"Bibliographie\" class=\"mw-headline\">Bibliographie<\/span><\/h3>\n<ul>\n<li>Human Rights Watch,\u00a0<i>G\u00e9nocide en Irak\u00a0: la campagne d&rsquo;Anfal contre les Kurdes<\/i>, Paris, Karthala, 2003\/<\/li>\n<li>Choman Hardi,\u00a0<i>Gendered experiences of genocide: Anfal survivors in Kurdistan-Iraq<\/i>, London, Routledge, 2011.<\/li>\n<li>Choman Hardi, \u00ab\u00a0Anfal\u00a0\u00bb, traduit en fran\u00e7ais par Victor Martinez, revue\u00a0<i>Europe<\/i>\u00a0n\u00b0 1055, pp. 226-233.<\/li>\n<li>Choman Hardi, \u00ab\u00a0Que vous dirai-je \u00e0 propos de l&rsquo;Anfal\u00a0?\u00a0\u00bb, traduction V. Martinez, revue\u00a0<i>Cons\u00e9quence<\/i>\u00a0n\u00b02, pp. 45-51.<\/li>\n<\/ul>\n<h2><span id=\"Notes_et_r.C3.A9f.C3.A9rences\"><\/span><span id=\"Notes_et_r\u00e9f\u00e9rences\" class=\"mw-headline\">Notes et r\u00e9f\u00e9rences<\/span><\/h2>\n<div class=\"mw-references-wrap\">\n<ol class=\"references\">\n<li id=\"cite_note-1\"><span class=\"mw-cite-backlink noprint\"><a title=\"Revenir plus haut\" href=\"https:\/\/fr.wikipedia.org\/wiki\/G%C3%A9nocide_kurde#cite_ref-1\" aria-label=\"Revenir plus haut\">\u2191<\/a>\u00a0<\/span><span class=\"reference-text\"><span class=\"ouvrage\"><a class=\"external text\" href=\"https:\/\/www.pbs.org\/frontlineworld\/stories\/iraq501\/events_anfal.html\" rel=\"nofollow\">\u00ab\u00a0<cite>The Crimes of Saddam Hussein &#8211; 1988: The Anfal Campaign<\/cite>\u00a0\u00bb<\/a><small class=\"cachelinks\">\u00a0[<a title=\"archive sur Wikiwix\" href=\"http:\/\/archive.wikiwix.com\/cache\/?url=https%3A%2F%2Fwww.pbs.org%2Ffrontlineworld%2Fstories%2Firaq501%2Fevents_anfal.html\">archive<\/a>]<\/small>, sur\u00a0<span class=\"italique\">PBS Frontline World www.pbs.org<\/span>\u00a0<small>(consult\u00e9 le\u00a0<span class=\"nowrap\">28 septembre 2017<\/span>)<\/small><\/span><\/span><\/li>\n<li id=\"cite_note-HRW-2\"><span class=\"mw-cite-backlink noprint\">\u2191\u00a0<sup><a href=\"https:\/\/fr.wikipedia.org\/wiki\/G%C3%A9nocide_kurde#cite_ref-HRW_2-0\"><span class=\"cite-accessibility-label\">Revenir plus haut en\u00a0:<\/span>a<\/a>\u00a0<a href=\"https:\/\/fr.wikipedia.org\/wiki\/G%C3%A9nocide_kurde#cite_ref-HRW_2-1\">b<\/a>\u00a0et\u00a0<a href=\"https:\/\/fr.wikipedia.org\/wiki\/G%C3%A9nocide_kurde#cite_ref-HRW_2-2\">c<\/a><\/sup>\u00a0<\/span><span class=\"reference-text\"><abbr class=\"abbr indicateur-langue\" title=\"Langue : anglais\">(en)<\/abbr>\u00a0<a title=\"Human Rights Watch\" href=\"https:\/\/fr.wikipedia.org\/wiki\/Human_Rights_Watch\">Human Rights Watch<\/a>\u00a0: GENOCIDE IN IRAQ &#8211; The Anfal Campaign Against the Kurds, A Middle East Watch Report, July 1993 (<a class=\"external text\" href=\"https:\/\/www.hrw.org\/reports\/1993\/iraqanfal\/index.htm\" rel=\"nofollow\">lire en ligne le dossier complet<\/a><small class=\"cachelinks\">\u00a0[<a title=\"archive sur Wikiwix\" href=\"http:\/\/archive.wikiwix.com\/cache\/?url=https%3A%2F%2Fwww.hrw.org%2Freports%2F1993%2Firaqanfal%2Findex.htm\">archive<\/a>]<\/small>).<\/span><\/li>\n<li id=\"cite_note-HRW13-3\"><span class=\"mw-cite-backlink noprint\"><a title=\"Revenir plus haut\" href=\"https:\/\/fr.wikipedia.org\/wiki\/G%C3%A9nocide_kurde#cite_ref-HRW13_3-0\" aria-label=\"Revenir plus haut\">\u2191<\/a>\u00a0<\/span><span class=\"reference-text\"><a class=\"external text\" href=\"https:\/\/www.hrw.org\/reports\/1993\/iraqanfal\/ANFAL13.htm\" rel=\"nofollow\">Chapitre 13 et conclusion<\/a><small class=\"cachelinks\">\u00a0[<a title=\"archive sur Wikiwix\" href=\"http:\/\/archive.wikiwix.com\/cache\/?url=https%3A%2F%2Fwww.hrw.org%2Freports%2F1993%2Firaqanfal%2FANFAL13.htm\">archive<\/a>]<\/small>\u00a0du dossier de\u00a0<a title=\"Human Rights Watch\" href=\"https:\/\/fr.wikipedia.org\/wiki\/Human_Rights_Watch\">Human Rights Watch<\/a>.<\/span><\/li>\n<li id=\"cite_note-4\"><span class=\"mw-cite-backlink noprint\"><a title=\"Revenir plus haut\" href=\"https:\/\/fr.wikipedia.org\/wiki\/G%C3%A9nocide_kurde#cite_ref-4\" aria-label=\"Revenir plus haut\">\u2191<\/a>\u00a0<\/span><span class=\"reference-text\"><span id=\"Nezan1998\" class=\"ouvrage\"><span id=\"Kendal_Nezan1998\" class=\"ouvrage\">Kendal\u00a0<span class=\"nom_auteur\">Nezan<\/span>,\u00a0<a class=\"external text\" href=\"https:\/\/www.monde-diplomatique.fr\/1998\/03\/NEZAN\/3615\" rel=\"nofollow\">\u00ab\u00a0<cite>Quand \u00ab\u00a0notre\u00a0\u00bb ami Saddam gazait ses Kurdes<\/cite>\u00a0\u00bb<\/a><small class=\"cachelinks\">\u00a0[<a title=\"archive sur Wikiwix\" href=\"http:\/\/archive.wikiwix.com\/cache\/?url=https%3A%2F%2Fwww.monde-diplomatique.fr%2F1998%2F03%2FNEZAN%2F3615\">archive<\/a>]<\/small>, sur\u00a0<span class=\"italique\">Le Monde diplomatique<\/span>,\u00a0<time class=\"nowrap\" datetime=\"1998-03-01\" data-sort-value=\"1998-03-01\"><abbr class=\"abbr\" title=\"premier\">1<sup>er<\/sup><\/abbr>\u00a0mars 1998<\/time><\/span><\/span><\/span><\/li>\n<li id=\"cite_note-5\"><span class=\"mw-cite-backlink noprint\"><a title=\"Revenir plus haut\" href=\"https:\/\/fr.wikipedia.org\/wiki\/G%C3%A9nocide_kurde#cite_ref-5\" aria-label=\"Revenir plus haut\">\u2191<\/a>\u00a0<\/span><span class=\"reference-text\"><a class=\"external free\" href=\"http:\/\/news.bbc.co.uk\/2\/hi\/europe\/4555000.stm\" rel=\"nofollow\">http:\/\/news.bbc.co.uk\/2\/hi\/europe\/4555000.stm<\/a><small class=\"cachelinks\">\u00a0[<a title=\"archive sur Wikiwix\" href=\"http:\/\/archive.wikiwix.com\/cache\/?url=http%3A%2F%2Fnews.bbc.co.uk%2F2%2Fhi%2Feurope%2F4555000.stm\">archive<\/a>]<\/small><\/span><\/li>\n<\/ol>\n<\/div>\n<h2><span id=\"Voir_aussi\" class=\"mw-headline\">Voir aussi<\/span><\/h2>\n<ul>\n<li><a title=\"Massacre de Halabja\" href=\"https:\/\/fr.wikipedia.org\/wiki\/Massacre_de_Halabja\">Massacre de Halabja<\/a><\/li>\n<li><a title=\"Kurdistan\" href=\"https:\/\/fr.wikipedia.org\/wiki\/Kurdistan\">Kurdistan<\/a><\/li>\n<li><a title=\"Armes de destruction massive en Irak\" href=\"https:\/\/fr.wikipedia.org\/wiki\/Armes_de_destruction_massive_en_Irak\">Armes de destruction massive en Irak<\/a><\/li>\n<li><a title=\"Guerre Iran-Irak\" href=\"https:\/\/fr.wikipedia.org\/wiki\/Guerre_Iran-Irak\">Guerre Iran-Irak<\/a>\u00a0(1980-1988)<\/li>\n<li><a class=\"mw-redirect\" title=\"Les attaques chimiques irakiennes contre l'Iran\" href=\"https:\/\/fr.wikipedia.org\/wiki\/Les_attaques_chimiques_irakiennes_contre_l%27Iran\">Les attaques chimiques irakiennes contre l&rsquo;Iran<\/a><\/li>\n<\/ul>\n<\/form>\n","protected":false},"excerpt":{"rendered":"<p>Faire un don par Qr Code Le\u00a0g\u00e9nocide kurde, aussi connu sous le nom d&rsquo;Anfal, a eu lieu de f\u00e9vrier \u00e0 septembre\u00a01988. Ordonn\u00e9 par le r\u00e9gime irakien de\u00a0Saddam Hussein\u00a0et dirig\u00e9 par son cousin\u00a0Ali Hassan al-Majid, il a caus\u00e9 la mort de 50 000 \u00e0 180 000 civils\u00a0kurdes1,2. L&rsquo;\u00e9pisode le plus c\u00e9l\u00e8bre de ce g\u00e9nocide est le [&hellip;]<\/p>\n","protected":false},"author":1,"featured_media":11059,"parent":0,"menu_order":0,"comment_status":"closed","ping_status":"closed","template":"","meta":{"footnotes":""},"class_list":["post-11054","page","type-page","status-publish","has-post-thumbnail","hentry"],"_links":{"self":[{"href":"https:\/\/oraziopuglisi.art\/index.php\/wp-json\/wp\/v2\/pages\/11054","targetHints":{"allow":["GET"]}}],"collection":[{"href":"https:\/\/oraziopuglisi.art\/index.php\/wp-json\/wp\/v2\/pages"}],"about":[{"href":"https:\/\/oraziopuglisi.art\/index.php\/wp-json\/wp\/v2\/types\/page"}],"author":[{"embeddable":true,"href":"https:\/\/oraziopuglisi.art\/index.php\/wp-json\/wp\/v2\/users\/1"}],"replies":[{"embeddable":true,"href":"https:\/\/oraziopuglisi.art\/index.php\/wp-json\/wp\/v2\/comments?post=11054"}],"version-history":[{"count":6,"href":"https:\/\/oraziopuglisi.art\/index.php\/wp-json\/wp\/v2\/pages\/11054\/revisions"}],"predecessor-version":[{"id":11061,"href":"https:\/\/oraziopuglisi.art\/index.php\/wp-json\/wp\/v2\/pages\/11054\/revisions\/11061"}],"wp:featuredmedia":[{"embeddable":true,"href":"https:\/\/oraziopuglisi.art\/index.php\/wp-json\/wp\/v2\/media\/11059"}],"wp:attachment":[{"href":"https:\/\/oraziopuglisi.art\/index.php\/wp-json\/wp\/v2\/media?parent=11054"}],"curies":[{"name":"wp","href":"https:\/\/api.w.org\/{rel}","templated":true}]}}