{"id":11030,"date":"2024-08-18T13:00:38","date_gmt":"2024-08-18T11:00:38","guid":{"rendered":"https:\/\/oraziopuglisi.art\/?page_id=11030"},"modified":"2024-08-18T13:27:43","modified_gmt":"2024-08-18T11:27:43","slug":"le-genocide-cambodgien","status":"publish","type":"page","link":"https:\/\/oraziopuglisi.art\/index.php\/le-genocide-cambodgien\/","title":{"rendered":"Le G\u00e9nocide Cambodgien"},"content":{"rendered":"<form action=\"https:\/\/www.paypal.com\/cgi-bin\/webscr\" method=\"post\" target=\"_top\">\n<p>&nbsp;<\/p>\n<\/form>\n<form action=\"https:\/\/www.paypal.com\/cgi-bin\/webscr\" method=\"post\" target=\"_top\">\n<p style=\"text-align: center;\"><strong><span style=\"font-family: 'book antiqua', palatino, serif; color: #ff0000;\">2 MILLIONS DE VICTIMES<\/span><\/strong><\/p>\n<p style=\"text-align: justify;\"><span style=\"font-family: 'book antiqua', palatino, serif;\"><strong><span style=\"color: #9c85c0; font-size: large;\"><span style=\"color: #0000ff;\">Un mouvement politique partisan du r\u00e9gime communiste, appel\u00e9 le mouvement des Khmers rouges est responsable de la\u00a0<span style=\"color: #ff0000;\">mort de 2 millions de personnes entre 1975 et 1979<\/span>.<\/span>\u00a0Leur objectif \u00e9t\u00e9 d\u2019assassiner tous ceux qui n\u2019adh\u00e9raient pas \u00e0 leurs id\u00e9es, tous ceux qui ne repr\u00e9sentaient pas les convictions du parti.<span style=\"color: #0000ff;\">\u00a0Le leader de ce groupe \u00e9tait connu sous le nom de Pol Pot. L\u2019ONU n\u2019a jamais souhait\u00e9 employer le terme de g\u00e9nocide mais celui de crime contre l\u2019humanit\u00e9.<\/span><\/span><\/strong><\/span><\/p>\n<p style=\"text-align: center;\"><a href=\"https:\/\/fr.wikipedia.org\/wiki\/G%C3%A9nocide_cambodgien\">Lien Wikip\u00e9dia<\/a><\/p>\n<p>&nbsp;<\/p>\n<p style=\"text-align: justify;\">Le\u00a0<b>g\u00e9nocide cambodgien<\/b>\u00a0est l&rsquo;ensemble des massacres, ex\u00e9cutions et pers\u00e9cutions ethniques, religieuses ou politiques commis par les\u00a0<a title=\"Khmers rouges\" href=\"https:\/\/fr.wikipedia.org\/wiki\/Khmers_rouges\">Khmers rouges<\/a>, mouvement\u00a0<a class=\"mw-redirect\" title=\"Nationaliste\" href=\"https:\/\/fr.wikipedia.org\/wiki\/Nationaliste\">nationaliste<\/a>\u00a0et\u00a0<a class=\"mw-redirect\" title=\"Communiste\" href=\"https:\/\/fr.wikipedia.org\/wiki\/Communiste\">communiste<\/a>\u00a0radical, lorsqu\u2019il contr\u00f4la le\u00a0<a title=\"Cambodge\" href=\"https:\/\/fr.wikipedia.org\/wiki\/Cambodge\">Cambodge<\/a>\u00a0de\u00a0<a title=\"1975\" href=\"https:\/\/fr.wikipedia.org\/wiki\/1975\">1975<\/a>\u00a0\u00e0\u00a0<a title=\"1979\" href=\"https:\/\/fr.wikipedia.org\/wiki\/1979\">1979<\/a>. Durant ces quatre ann\u00e9es, les Khmers rouges, dont le chef principal \u00e9tait\u00a0<a title=\"Pol Pot\" href=\"https:\/\/fr.wikipedia.org\/wiki\/Pol_Pot\">Pol Pot<\/a>, dirig\u00e8rent un r\u00e9gime connu sous le nom officiel de\u00a0<a title=\"Kampuch\u00e9a d\u00e9mocratique\" href=\"https:\/\/fr.wikipedia.org\/wiki\/Kampuch%C3%A9a_d%C3%A9mocratique\">Kampuch\u00e9a d\u00e9mocratique<\/a>, qui soumit la population \u00e0 une\u00a0<a title=\"Dictature\" href=\"https:\/\/fr.wikipedia.org\/wiki\/Dictature\">dictature<\/a>\u00a0d&rsquo;une rare violence et dont la politique causa entre 1,5 et 2 millions de morts.<\/p>\n<p style=\"text-align: justify;\">Pol Pot et les Khmers rouges \u00e9taient soutenus depuis longtemps par le\u00a0<a title=\"Parti communiste chinois\" href=\"https:\/\/fr.wikipedia.org\/wiki\/Parti_communiste_chinois\">Parti communiste chinois<\/a>\u00a0(PCC) et\u00a0<a title=\"Mao Zedong\" href=\"https:\/\/fr.wikipedia.org\/wiki\/Mao_Zedong\">Mao Zedong<\/a>\u00a0lui-m\u00eame<sup id=\"cite_ref-:0_2-0\" class=\"reference\"><a href=\"https:\/\/fr.wikipedia.org\/wiki\/G%C3%A9nocide_cambodgien#cite_note-:0-2\">2<\/a><\/sup><sup class=\"reference cite_virgule\">,<\/sup><sup id=\"cite_ref-:11_3-0\" class=\"reference\"><a href=\"https:\/\/fr.wikipedia.org\/wiki\/G%C3%A9nocide_cambodgien#cite_note-:11-3\">3<\/a><\/sup><sup class=\"reference cite_virgule\">,<\/sup><sup id=\"cite_ref-:32_4-0\" class=\"reference\"><a href=\"https:\/\/fr.wikipedia.org\/wiki\/G%C3%A9nocide_cambodgien#cite_note-:32-4\">4<\/a><\/sup>. On estime qu&rsquo;au moins 90\u00a0% de l&rsquo;aide \u00e9trang\u00e8re aux Khmers rouges provenait de la\u00a0<a title=\"Chine\" href=\"https:\/\/fr.wikipedia.org\/wiki\/Chine\">Chine<\/a>, dont au moins 1 milliard de dollars d&rsquo;aide \u00e9conomique et militaire chinoise\u00a0<a title=\"Taux d'int\u00e9r\u00eat\" href=\"https:\/\/fr.wikipedia.org\/wiki\/Taux_d%27int%C3%A9r%C3%AAt\">sans int\u00e9r\u00eat<\/a>\u00a0pour la seule ann\u00e9e 1975<sup id=\"cite_ref-5\" class=\"reference\"><a href=\"https:\/\/fr.wikipedia.org\/wiki\/G%C3%A9nocide_cambodgien#cite_note-5\">5<\/a><\/sup><sup class=\"reference cite_virgule\">,<\/sup><sup id=\"cite_ref-6\" class=\"reference\"><a href=\"https:\/\/fr.wikipedia.org\/wiki\/G%C3%A9nocide_cambodgien#cite_note-6\">6<\/a><\/sup><sup class=\"reference cite_virgule\">,<\/sup><sup id=\"cite_ref-7\" class=\"reference\"><a href=\"https:\/\/fr.wikipedia.org\/wiki\/G%C3%A9nocide_cambodgien#cite_note-7\">7<\/a><\/sup>. Adoptant une politique\u00a0<a title=\"Mao\u00efsme\" href=\"https:\/\/fr.wikipedia.org\/wiki\/Mao%C3%AFsme\">ultra-mao\u00efste<\/a>\u00a0influenc\u00e9e par la\u00a0<a title=\"R\u00e9volution culturelle\" href=\"https:\/\/fr.wikipedia.org\/wiki\/R%C3%A9volution_culturelle\">r\u00e9volution culturelle<\/a>, les Khmers rouges ont \u00e9galement lanc\u00e9 le \u00ab\u00a0Maha Lout Ploh\u00a0\u00bb, copiant le \u00ab\u00a0<a title=\"Grand Bond en avant\" href=\"https:\/\/fr.wikipedia.org\/wiki\/Grand_Bond_en_avant\">Grand Bond en avant<\/a>\u00a0\u00bb de la Chine qui a caus\u00e9 des dizaines de millions de morts par\u00a0<a title=\"Grande famine chinoise\" href=\"https:\/\/fr.wikipedia.org\/wiki\/Grande_famine_chinoise\">famine<\/a><sup id=\"cite_ref-:0_2-1\" class=\"reference\"><a href=\"https:\/\/fr.wikipedia.org\/wiki\/G%C3%A9nocide_cambodgien#cite_note-:0-2\">2<\/a><\/sup><sup class=\"reference cite_virgule\">,<\/sup><sup id=\"cite_ref-:5_8-0\" class=\"reference\"><a href=\"https:\/\/fr.wikipedia.org\/wiki\/G%C3%A9nocide_cambodgien#cite_note-:5-8\">8<\/a><\/sup>.<\/p>\n<p style=\"text-align: justify;\">Il n&rsquo;existe pas de consensus sur le nombre total de victimes\u00a0; toutefois, les 1,7\u00a0million de morts (soit 21\u00a0% de la population cambodgienne de l&rsquo;\u00e9poque) \u00e9valu\u00e9s par le programme d&rsquo;\u00e9tude sur le g\u00e9nocide cambodgien de l&rsquo;<a title=\"Universit\u00e9 Yale\" href=\"https:\/\/fr.wikipedia.org\/wiki\/Universit%C3%A9_Yale\">Universit\u00e9 Yale<\/a>\u00a0semblent de nos jours le chiffre le plus cr\u00e9dible. Certaines sources \u00e9voquent plus de 3 millions de morts, dans la mesure o\u00f9 le recensement de 1971 effectu\u00e9 au Royaume du Cambodge \u00e9tait incomplet, n\u00e9gligeant par exemple un grand nombre de r\u00e9fugi\u00e9s, victimes de la\u00a0<a title=\"Guerre civile cambodgienne (1967-1975)\" href=\"https:\/\/fr.wikipedia.org\/wiki\/Guerre_civile_cambodgienne_(1967-1975)\">guerre civile<\/a>\u00a0et des bombardements am\u00e9ricains, dans l&rsquo;est du pays, \u00e0 la suite des cons\u00e9quences de la\u00a0<a class=\"mw-redirect\" title=\"Guerre du Vietnam\" href=\"https:\/\/fr.wikipedia.org\/wiki\/Guerre_du_Vietnam\">guerre du Vietnam<\/a>.<\/p>\n<p style=\"text-align: justify;\">Un\u00a0<a title=\"Chambres extraordinaires au sein des tribunaux cambodgiens\" href=\"https:\/\/fr.wikipedia.org\/wiki\/Chambres_extraordinaires_au_sein_des_tribunaux_cambodgiens\">tribunal international<\/a>\u00a0parrain\u00e9 par l&rsquo;<a title=\"Organisation des Nations unies\" href=\"https:\/\/fr.wikipedia.org\/wiki\/Organisation_des_Nations_unies\">ONU<\/a>\u00a0a \u00e9t\u00e9 mis en place dans les\u00a0<a title=\"Ann\u00e9es 2000\" href=\"https:\/\/fr.wikipedia.org\/wiki\/Ann%C3%A9es_2000\">ann\u00e9es 2000<\/a>\u00a0pour juger les crimes des Khmers rouges, mais les proc\u00e9dures n&rsquo;ont vis\u00e9 que quelques personnes et, du fait de la lenteur des proc\u00e9dures, plusieurs accus\u00e9s sont morts avant qu&rsquo;un verdict puisse \u00eatre rendu. Dans les ann\u00e9es 2010, le directeur de prison\u00a0<a title=\"Kang Kek Ieu\" href=\"https:\/\/fr.wikipedia.org\/wiki\/Kang_Kek_Ieu\">Douch<\/a>, puis les hauts responsables\u00a0<a title=\"Khieu Samph\u00e2n\" href=\"https:\/\/fr.wikipedia.org\/wiki\/Khieu_Samph%C3%A2n\">Khieu Samph\u00e2n<\/a>\u00a0et\u00a0<a title=\"Nuon Chea\" href=\"https:\/\/fr.wikipedia.org\/wiki\/Nuon_Chea\">Nuon Chea<\/a>, ont \u00e9t\u00e9 condamn\u00e9s pour\u00a0<a title=\"Crime contre l'humanit\u00e9\" href=\"https:\/\/fr.wikipedia.org\/wiki\/Crime_contre_l%27humanit%C3%A9\">crimes contre l&rsquo;humanit\u00e9<\/a>.<\/p>\n<p style=\"text-align: justify;\">Les crimes perp\u00e9tr\u00e9s par le Kampuch\u00e9a d\u00e9mocratique, qui m\u00ealent des crit\u00e8res politiques, sociaux, ethniques, raciaux, sont souvent d\u00e9sign\u00e9s dans leur ensemble sous le nom de\u00a0<span class=\"citation\">\u00ab\u00a0g\u00e9nocide cambodgien\u00a0\u00bb<\/span>\u00a0du fait de l&rsquo;ampleur des massacres et du caract\u00e8re g\u00e9nocidaire de certains, bien qu&rsquo;aujourd&rsquo;hui la plupart des sp\u00e9cialistes n&rsquo;identifient pas cet ensemble de crimes \u00e0 un g\u00e9nocide (au sens juridique) de la nation cambodgienne. Ce n&rsquo;est qu&rsquo;en\u00a0<time class=\"nowrap\" datetime=\"2018-11\" data-sort-value=\"2018-11\">novembre 2018<\/time>, lors d&rsquo;une nouvelle condamnation de Khieu Samph\u00e2n et Nuon Chea, que la qualification de g\u00e9nocide est reconnue sur le plan du droit international\u00a0: sont ainsi admis un g\u00e9nocide des\u00a0<a title=\"Vi\u00eat\" href=\"https:\/\/fr.wikipedia.org\/wiki\/Vi%C3%AAt\">Vietnamiens<\/a>\u00a0et un g\u00e9nocide des\u00a0<a title=\"Cham (peuple)\" href=\"https:\/\/fr.wikipedia.org\/wiki\/Cham_(peuple)\">Chams<\/a>, deux des minorit\u00e9s pers\u00e9cut\u00e9es du Cambodge. Ce jugement est en grande partie conforme au sentiment des scientifiques.<\/p>\n<p>&nbsp;<\/p>\n<p><iframe loading=\"lazy\" title=\"Histoire du GENOCIDE cambodgien (Kampuch\u00e9a d\u00e9mocratique)\" width=\"600\" height=\"338\" src=\"https:\/\/www.youtube.com\/embed\/wd2dFadIRcE?feature=oembed\" frameborder=\"0\" allow=\"accelerometer; autoplay; clipboard-write; encrypted-media; gyroscope; picture-in-picture; web-share\" referrerpolicy=\"strict-origin-when-cross-origin\" allowfullscreen><\/iframe><\/p>\n<p><iframe loading=\"lazy\" title=\"Le g\u00e9nocide cambodgien (1975-1979) | Une minute pour comprendre\" width=\"600\" height=\"338\" src=\"https:\/\/www.youtube.com\/embed\/WXea4mm_XP8?feature=oembed\" frameborder=\"0\" allow=\"accelerometer; autoplay; clipboard-write; encrypted-media; gyroscope; picture-in-picture; web-share\" referrerpolicy=\"strict-origin-when-cross-origin\" allowfullscreen><\/iframe><\/p>\n<\/form>\n","protected":false},"excerpt":{"rendered":"<p>&nbsp; 2 MILLIONS DE VICTIMES Un mouvement politique partisan du r\u00e9gime communiste, appel\u00e9 le mouvement des Khmers rouges est responsable de la\u00a0mort de 2 millions de personnes entre 1975 et 1979.\u00a0Leur objectif \u00e9t\u00e9 d\u2019assassiner tous ceux qui n\u2019adh\u00e9raient pas \u00e0 leurs id\u00e9es, tous ceux qui ne repr\u00e9sentaient pas les convictions du parti.\u00a0Le leader de ce [&hellip;]<\/p>\n","protected":false},"author":1,"featured_media":11044,"parent":0,"menu_order":0,"comment_status":"closed","ping_status":"closed","template":"","meta":{"footnotes":""},"class_list":["post-11030","page","type-page","status-publish","has-post-thumbnail","hentry"],"_links":{"self":[{"href":"https:\/\/oraziopuglisi.art\/index.php\/wp-json\/wp\/v2\/pages\/11030","targetHints":{"allow":["GET"]}}],"collection":[{"href":"https:\/\/oraziopuglisi.art\/index.php\/wp-json\/wp\/v2\/pages"}],"about":[{"href":"https:\/\/oraziopuglisi.art\/index.php\/wp-json\/wp\/v2\/types\/page"}],"author":[{"embeddable":true,"href":"https:\/\/oraziopuglisi.art\/index.php\/wp-json\/wp\/v2\/users\/1"}],"replies":[{"embeddable":true,"href":"https:\/\/oraziopuglisi.art\/index.php\/wp-json\/wp\/v2\/comments?post=11030"}],"version-history":[{"count":9,"href":"https:\/\/oraziopuglisi.art\/index.php\/wp-json\/wp\/v2\/pages\/11030\/revisions"}],"predecessor-version":[{"id":11043,"href":"https:\/\/oraziopuglisi.art\/index.php\/wp-json\/wp\/v2\/pages\/11030\/revisions\/11043"}],"wp:featuredmedia":[{"embeddable":true,"href":"https:\/\/oraziopuglisi.art\/index.php\/wp-json\/wp\/v2\/media\/11044"}],"wp:attachment":[{"href":"https:\/\/oraziopuglisi.art\/index.php\/wp-json\/wp\/v2\/media?parent=11030"}],"curies":[{"name":"wp","href":"https:\/\/api.w.org\/{rel}","templated":true}]}}