{"id":11001,"date":"2024-08-18T11:41:47","date_gmt":"2024-08-18T09:41:47","guid":{"rendered":"https:\/\/oraziopuglisi.art\/?page_id=11001"},"modified":"2024-08-18T11:50:31","modified_gmt":"2024-08-18T09:50:31","slug":"le-genocide-aborigene","status":"publish","type":"page","link":"https:\/\/oraziopuglisi.art\/index.php\/le-genocide-aborigene\/","title":{"rendered":"Le G\u00e9nocide Aborig\u00e8ne"},"content":{"rendered":"<form action=\"https:\/\/www.paypal.com\/cgi-bin\/webscr\" method=\"post\" target=\"_top\">\n<p><input name=\"cmd\" type=\"hidden\" value=\"_s-xclick\" \/><input name=\"hosted_button_id\" type=\"hidden\" value=\"B9KUAAXX2KE3G\" \/><input alt=\"PayPal, le r\u00e9flexe s\u00e9curit\u00e9 pour payer en ligne\" name=\"submit\" src=\"https:\/\/www.paypalobjects.com\/fr_FR\/FR\/i\/btn\/btn_donateCC_LG.gif\" type=\"image\" \/><\/p>\n<p style=\"text-align: justify;\"><strong><span style=\"color: #9c85c0; font-family: Andalus; font-size: large;\"><span style=\"color: #0000ff;\">Lorsque les europ\u00e9ens sont arriv\u00e9s sur le territoire Australien, ils ne savaient pas qu\u2019une population \u00e9tait pr\u00e9sente depuis des milliers d\u2019ann\u00e9es, il s\u2019agissait du peuple Aborig\u00e8ne. Le peuple blanc d\u00e9cida de tous les exterminer pour prendre le contr\u00f4le du pays<\/span>. Apr\u00e8s avoir perp\u00e9tu\u00e9 de terribles massacres, les europ\u00e9ens d\u00e9cid\u00e8rent d\u2019inculquer la culture occidentale de force au peuple aborig\u00e8ne.<\/span><\/strong><\/p>\n<p><iframe loading=\"lazy\" title=\"Aborig\u00e8nes de Tasmanie : l&#039;histoire tragique d&#039;un g\u00e9nocide\" width=\"600\" height=\"338\" src=\"https:\/\/www.youtube.com\/embed\/RmokE1tGKyI?feature=oembed\" frameborder=\"0\" allow=\"accelerometer; autoplay; clipboard-write; encrypted-media; gyroscope; picture-in-picture; web-share\" referrerpolicy=\"strict-origin-when-cross-origin\" allowfullscreen><\/iframe><\/p>\n<p>&nbsp;<\/p>\n<p style=\"text-align: center;\"><a href=\"https:\/\/ici.radio-canada.ca\/espaces-autochtones\/1814367\/aborigenes-survivants-assimilation-colonialisme\">Radio Canada<\/a><\/p>\n<p><iframe loading=\"lazy\" title=\"Le temps de la colonisation pour les Aborig\u00e8nes d&#039;Australie\" width=\"600\" height=\"338\" src=\"https:\/\/www.youtube.com\/embed\/XpffqVH-XSs?feature=oembed\" frameborder=\"0\" allow=\"accelerometer; autoplay; clipboard-write; encrypted-media; gyroscope; picture-in-picture; web-share\" referrerpolicy=\"strict-origin-when-cross-origin\" allowfullscreen><\/iframe><\/p>\n<p>&nbsp;<\/p>\n<p style=\"text-align: center;\"><a href=\"https:\/\/fr.wikipedia.org\/wiki\/Massacre_de_Coniston#:~:text=Le%20massacre%20de%20Coniston%20est,communaut%C3%A9s%20anmatyerre%2C%20kaytetye%20et%20warlpiri.\">Le massacre de Coniston<\/a><\/p>\n<\/form>\n","protected":false},"excerpt":{"rendered":"<p>Lorsque les europ\u00e9ens sont arriv\u00e9s sur le territoire Australien, ils ne savaient pas qu\u2019une population \u00e9tait pr\u00e9sente depuis des milliers d\u2019ann\u00e9es, il s\u2019agissait du peuple Aborig\u00e8ne. Le peuple blanc d\u00e9cida de tous les exterminer pour prendre le contr\u00f4le du pays. Apr\u00e8s avoir perp\u00e9tu\u00e9 de terribles massacres, les europ\u00e9ens d\u00e9cid\u00e8rent d\u2019inculquer la culture occidentale de force [&hellip;]<\/p>\n","protected":false},"author":1,"featured_media":11007,"parent":0,"menu_order":0,"comment_status":"closed","ping_status":"closed","template":"","meta":{"footnotes":""},"class_list":["post-11001","page","type-page","status-publish","has-post-thumbnail","hentry"],"_links":{"self":[{"href":"https:\/\/oraziopuglisi.art\/index.php\/wp-json\/wp\/v2\/pages\/11001","targetHints":{"allow":["GET"]}}],"collection":[{"href":"https:\/\/oraziopuglisi.art\/index.php\/wp-json\/wp\/v2\/pages"}],"about":[{"href":"https:\/\/oraziopuglisi.art\/index.php\/wp-json\/wp\/v2\/types\/page"}],"author":[{"embeddable":true,"href":"https:\/\/oraziopuglisi.art\/index.php\/wp-json\/wp\/v2\/users\/1"}],"replies":[{"embeddable":true,"href":"https:\/\/oraziopuglisi.art\/index.php\/wp-json\/wp\/v2\/comments?post=11001"}],"version-history":[{"count":6,"href":"https:\/\/oraziopuglisi.art\/index.php\/wp-json\/wp\/v2\/pages\/11001\/revisions"}],"predecessor-version":[{"id":11008,"href":"https:\/\/oraziopuglisi.art\/index.php\/wp-json\/wp\/v2\/pages\/11001\/revisions\/11008"}],"wp:featuredmedia":[{"embeddable":true,"href":"https:\/\/oraziopuglisi.art\/index.php\/wp-json\/wp\/v2\/media\/11007"}],"wp:attachment":[{"href":"https:\/\/oraziopuglisi.art\/index.php\/wp-json\/wp\/v2\/media?parent=11001"}],"curies":[{"name":"wp","href":"https:\/\/api.w.org\/{rel}","templated":true}]}}