{"id":10993,"date":"2024-08-18T11:34:30","date_gmt":"2024-08-18T09:34:30","guid":{"rendered":"https:\/\/oraziopuglisi.art\/?page_id=10993"},"modified":"2024-08-18T12:12:07","modified_gmt":"2024-08-18T10:12:07","slug":"generalites","status":"publish","type":"page","link":"https:\/\/oraziopuglisi.art\/index.php\/generalites\/","title":{"rendered":"G\u00e9n\u00e9ralit\u00e9s"},"content":{"rendered":"<p style=\"text-align: justify;\">Un g\u00e9nocide est l\u2019extermination, physique, intentionnelle, syst\u00e9matique et programm\u00e9e d\u2019un groupe ethnique, national, religieux ou racial. C\u2019est un cas extr\u00eame de crime contre l\u2019humanit\u00e9 .<span id=\"more-31787\"><\/span>Cette d\u00e9finition d\u2019un g\u00e9nocide est celle pr\u00e9sente dans l\u2019article 6 du Statut de Rome, qui est l\u2019acte fondateur de la Cour p\u00e9nale internationale (CPI). cette d\u00e9finition, s\u2019ajoute une autre, plus large et plus proche de son \u00e9tymologie, utilis\u00e9e par les historiens. Dans cette d\u00e9finition, un g\u00e9nocide est la volont\u00e9 d\u2019exterminer la totalit\u00e9 d\u2019un groupe d\u2019individus, sans pr\u00e9ciser ce qu\u2019est ce groupe.<\/p>\n<p class=\"style5\" style=\"text-align: justify;\" align=\"justify\">La Charte de l\u2019ONU et l\u2019article 8 de la convention de Gen\u00e8ve obligent la communaut\u00e9 internationale \u00e0 intervenir pour \u00ab\u00a0pr\u00e9venir ou arr\u00eater des actes de g\u00e9nocide\u00a0\u00bb.<\/p>\n<p class=\"style5\" style=\"text-align: justify;\" align=\"justify\">Aujourd\u2019hui l\u2019article 6 du statut de la Cour p\u00e9nale internationale d\u00e9finit le crime de g\u00e9nocide.<\/p>\n<p class=\"style5\" style=\"text-align: justify;\" align=\"justify\">Elle pr\u00e9cise qu\u2019il s\u2019agit d\u2019un crime se distinguant par\u00a0:<\/p>\n<div style=\"text-align: justify;\" align=\"justify\">\n<ul class=\"style5\">\n<li>l\u2019intention d\u2019extermination totale d\u2019une population\u00a0;<\/li>\n<li>la mise en oeuvre syst\u00e9matique (donc planifi\u00e9e) de cette volont\u00e9.<\/li>\n<\/ul>\n<\/div>\n<p class=\"style5\" style=\"text-align: justify;\" align=\"justify\">C\u2019est souvent la contestation de l\u2019un de ces \u00e9l\u00e9ments qui fait d\u00e9bat pour la reconnaissance officielle d\u2019un crime en tant que g\u00e9nocide.<\/p>\n<p class=\"style5\" style=\"text-align: justify;\" align=\"justify\">Le terme est apparu pour la premi\u00e8re fois dans un document officiel en octobre 1945\u00a0: l\u2019acte d\u2019accusation du Tribunal militaire international de Nuremberg. Il a \u00e9t\u00e9 cr\u00e9\u00e9 par le juriste am\u00e9ricain d\u2019origine polonaise Rapha\u00ebl Lemkin en 1944, pour tenter de d\u00e9finir les crimes perp\u00e9tr\u00e9s par les Nazis \u00e0 l\u2019encontre des peuples juif et tzigane durant la Seconde Guerre mondiale.<\/p>\n<p class=\"style9\" style=\"text-align: justify;\" align=\"justify\"><strong>1. Liste de massacres de type g\u00e9nocidaire perp\u00e9tr\u00e9s dans l\u2019histoire<\/strong><\/p>\n<ul style=\"text-align: justify;\">\n<li class=\"style5\">\n<div align=\"justify\">Le massacre de millions de Chinois par les Mongols au XIII\u00e8\u00a0si\u00e8cle, qui repr\u00e9sente la plus grande extermination d\u2019\u00eatres humains de toute l\u2019Histoire, en valeur relative, les estimations variant entre dix et quarante millions (dix-huit selon Kubilai Khan).<\/div>\n<\/li>\n<\/ul>\n<ul style=\"text-align: justify;\">\n<li class=\"style5\">\n<div align=\"justify\">La d\u00e9portation des Acadiens par les Anglais sous les ordres du gouverneur Charles Lawrence en 1755. D\u00e9poss\u00e9d\u00e9es de leurs terres, des familles ont \u00e9t\u00e9 d\u00e9port\u00e9es dans des colonies anglaises et, pour certains d\u2019entre eux, en Angleterre ou en France.<\/div>\n<\/li>\n<\/ul>\n<ul style=\"text-align: justify;\">\n<li class=\"style5\">\n<div align=\"justify\">La Tasmanie, qui a \u00e9t\u00e9 qualifi\u00e9e de\u00a0<em>\u00ab\u00a0g\u00e9nocide le plus parfait de l\u2019histoire\u00a0\u00bb<\/em>.<\/div>\n<\/li>\n<\/ul>\n<ul style=\"text-align: justify;\">\n<li class=\"style5\">\n<div align=\"justify\">L\u2019extermination des Beotuks \u00e0 Terre-Neuve par les Anglais (Terre-Neuve est devenu depuis une province du Canada).<\/div>\n<\/li>\n<\/ul>\n<ul style=\"text-align: justify;\">\n<li class=\"style5\">\n<div align=\"justify\">En Australie, les Aborig\u00e8nes, dont la population est estim\u00e9e \u00e0 350\u00a0000 avant l\u2019installation des Europ\u00e9ens, ont \u00e9t\u00e9 d\u00e9cim\u00e9s par les maladies infectieuses, les migrations forc\u00e9es, \u00e0 l\u2019instar des Am\u00e9rindiens. Certains historiens soutiennent qu\u2019il s\u2019agit d\u2019un g\u00e9nocide. Ils ont obtenu le droit de vote en 1967.<\/div>\n<\/li>\n<\/ul>\n<ul style=\"text-align: justify;\">\n<li class=\"style5\">\n<div align=\"justify\">Au Canada, les enfants des aborig\u00e8nes ont \u00e9t\u00e9 envoy\u00e9s, entre 1922 et 1984, dans des \u00e9coles R\u00e9sidentielles Indiennes, dirig\u00e9es par des \u00e9glises (catholiques ou protestantes) o\u00f9 \u00e9taient entretenues des conditions d\u2019insalubrit\u00e9, de violences de tout ordre, d\u2019exp\u00e9rimentations m\u00e9dicales (dans les derni\u00e8res ann\u00e9es), ce qui conduisit \u00e0 une mortalit\u00e9 moyenne de 50\u00a0%, soit entre 50\u00a0000 et 100\u00a0000 d\u00e9c\u00e8s d\u2019enfants en quelques d\u00e9cennies.<\/div>\n<\/li>\n<\/ul>\n<ul style=\"text-align: justify;\">\n<li class=\"style5\">\n<div align=\"justify\">Le gouverneur Jeffrey Amherst a fait distribuer aux Indiens Delaware en 1763 des couvertures infect\u00e9es de petite v\u00e9role (Variole).<\/div>\n<\/li>\n<\/ul>\n<ul style=\"text-align: justify;\">\n<li class=\"style5\">\n<div align=\"justify\">La disparition en quelques d\u00e9cennies des populations autochtones des \u00c9tats-Unis au passage des immigrants.<\/div>\n<\/li>\n<\/ul>\n<ul style=\"text-align: justify;\">\n<li class=\"style5\">\n<div align=\"justify\">Les premiers camps de concentration ont \u00e9t\u00e9 exp\u00e9riment\u00e9s au cours de la guerre des Boers en Afrique du Sud. Des centaines d\u2019Afrikaanders, des noirs alli\u00e9s \u00e0 ces derniers, femmes et enfants furent victimes des conditions de vie (alimentation, soins) qui firent \u00e9galement les m\u00eames ravages dans les rangs anglais.<\/div>\n<\/li>\n<\/ul>\n<ul style=\"text-align: justify;\">\n<li class=\"style5\">\n<div align=\"justify\">De 1942 \u00e0 1945, 10 millions de civils chinois ont \u00e9t\u00e9 enr\u00f4l\u00e9s par l\u2019arm\u00e9e japonaise pour effectuer des travaux forc\u00e9s en Mandchourie sous la supervision de la K\u00f4a-in. De ce nombre, 2,7 millions ont trouv\u00e9 la mort lors de l\u2019op\u00e9ration sank\u00f4 sakusen men\u00e9e par le g\u00e9n\u00e9ral Yasuji Okamura.<\/div>\n<\/li>\n<\/ul>\n<p class=\"style5 style8\" style=\"text-align: justify;\" align=\"justify\"><strong>2. Les g\u00e9nocides internationalement reconnus<\/strong><\/p>\n<p class=\"style5\" style=\"text-align: justify;\" align=\"justify\">Seuls quatre g\u00e9nocides ont \u00e9t\u00e9 reconnus par des instances internationales d\u00e9pendant de l\u2019ONU, dont trois seulement au plan juridique\u00a0:<\/p>\n<div align=\"justify\">\n<ul class=\"style5\" style=\"text-align: justify;\">\n<li>Le g\u00e9nocide des Arm\u00e9niens commis par l\u2019Empire Ottoman. \u00ab\u00a0La qualification de g\u00e9nocide du peuple arm\u00e9nien en 1915 a \u00e9t\u00e9 reconnue dans une r\u00e9solution de la sous-commission des Droits de l\u2019Homme de l\u2019ONU en ao\u00fbt 1985 (et dans une r\u00e9solution du Parlement europ\u00e9en le 18 juin 1987)\u00a0\u00bb.<\/li>\n<\/ul>\n<ul class=\"style5\" style=\"text-align: justify;\">\n<li>Le g\u00e9nocide des Juifs et des Tsiganes commis par les Nazis en Allemagne, en Pologne et en France (en Alsace \u00e0 Schirmeck). Ce g\u00e9nocide a \u00e9t\u00e9 reconnu par la cour de Nuremberg cr\u00e9\u00e9e par le Royaume-Uni, la France, l\u2019URSS et les \u00c9tats-Unis en 1945, en m\u00eame temps que l\u2019on cr\u00e9ait l\u2019ONU. On peut dire que le g\u00e9nocide des Juifs a servi de r\u00e9f\u00e9rence pour d\u00e9finir ce qu\u2019est un crime de g\u00e9nocide.<\/li>\n<\/ul>\n<ul class=\"style5\" style=\"text-align: justify;\">\n<li>Le g\u00e9nocide des Tutsis au Rwanda, commis par les milices Hutus extr\u00e9mistes cr\u00e9\u00e9es par le r\u00e9gime Habyarimana, a \u00e9t\u00e9 reconnu par l\u2019ONU, dans le rapport de sa Commission des Droits de l\u2019Homme le 28 juin 1994, puis lors de la cr\u00e9ation du Tribunal p\u00e9nal international pour le Rwanda (R\u00e9solution 955, adopt\u00e9e par le Conseil de s\u00e9curit\u00e9 le 8 novembre 1994. Cette r\u00e9solution confirme la r\u00e9solution 935 de la m\u00eame ann\u00e9e).<\/li>\n<\/ul>\n<ul class=\"style5\" style=\"text-align: justify;\">\n<li>Le Tribunal p\u00e9nal international pour l\u2019ex-Yougoslavie (TPIY), a qualifi\u00e9, le 2 ao\u00fbt 2001, le massacre de 7\u00a0000 \u00e0 8\u00a0000 musulmans de Bosnie-et-Herz\u00e9govine, commis par les Serbes en 1995 \u00e0 Srebrenica, de g\u00e9nocide (d\u00e9cision confirm\u00e9e lors du passage en appel de la m\u00eame affaire le 19 avril 2004).<\/li>\n<\/ul>\n<p style=\"text-align: justify;\"><span class=\"style5 style8\"><strong>3. Les massacres dont le caract\u00e8re g\u00e9nocidaire est discut\u00e9<\/strong><\/span><\/p>\n<p class=\"style5\" style=\"text-align: justify;\">Plusieurs massacres et\/ou d\u00e9portations sont actuellement consid\u00e9r\u00e9s par certains comme des g\u00e9nocides\u00a0:<\/p>\n<ul class=\"style5\" style=\"text-align: justify;\">\n<li>La traite des Noirs est reconnue comme un crime contre l\u2019humanit\u00e9 par la plupart des pays. En France, une loi du 21 mai 2001 affirme que la traite n\u00e9gri\u00e8re et l\u2019esclavage constituaient des crimes contre l\u2019humanit\u00e9. En d\u00e9pit du nombre de victimes, qui fait en l\u2019\u00e9tat l\u2019objet d\u2019\u00e9valuations tr\u00e8s vari\u00e9es (de 60 \u00e0 600 millions de victimes, selon certains historiens) et qui fait de la traite des Noirs la plus importante d\u00e9portation de l\u2019histoire de l\u2019humanit\u00e9, le caract\u00e8re de g\u00e9nocide est contest\u00e9 au regard des crit\u00e8res juridiques de cette qualification. La reconnaissance par l\u2019ONU de la qualification g\u00e9nocidaire est demand\u00e9e par la plupart des pays africains, ainsi que par de nombreuses organisations non gouvernementales \u00ab\u00a0du nord\u00a0\u00bb. Par exemple, le Conseil mondial de la diaspora panafricaine (CMDP) et la Soci\u00e9t\u00e9 savante des encyclop\u00e9distes africains. Son caract\u00e8re g\u00e9nocidaire est contestable car le but de la traite des Noirs n\u2019\u00e9tait pas, loin de l\u00e0, l\u2019extermination.<\/li>\n<\/ul>\n<ul class=\"style5\" style=\"text-align: justify;\">\n<li>Les massacres des Kurdes par le dictateur Saddam Hussein entre 1960 et 2003\u00a0; l\u00e0 encore, le but n\u2019\u00e9tait pas l\u2019extermination, mais simplement de \u00ab mater \u00bb une r\u00e9volte. Cependant, en d\u00e9cembre 2005, une cour de La Haye a soulign\u00e9 le caract\u00e8re g\u00e9nocidaire de ces massacres.<\/li>\n<\/ul>\n<ul class=\"style5\" style=\"text-align: justify;\">\n<li>L\u2019extermination des Hereros (Namibie) par les Allemands en 1904, reconnu en 2004 par un ministre allemand aux comm\u00e9morations du centenaire de cet \u00e9v\u00e9nement.<\/li>\n<\/ul>\n<ul class=\"style5\" style=\"text-align: justify;\">\n<li>Les massacres du\u00a0<em>Kampuch\u00e9a d\u00e9mocratique\u00a0<\/em>(Cambodge)\u00a0: entre 1975 et 1979 Pol Pot et les Khmers rouges ordonnent le massacre de leur propre peuple dans un but avou\u00e9 \u00ab\u00a0d\u2019uniformisation\u00a0\u00bb ethnique, religieux et id\u00e9ologique. 1,7 million de Cambodgiens sont tu\u00e9s. Bien que ces massacres aient tous les aspects d\u2019un g\u00e9nocide, l\u2019ONU ne l\u2019a pas officiellement reconnu comme tel. Des\u00a0<em>chambres extraordinaires\u00a0<\/em>actuellement en exercice, qui sont dirig\u00e9es par la justice cambodgienne et auxquelles participent des experts internationaux, pourront \u00e9tablir le caract\u00e8re g\u00e9nocidaire de ces massacres.<\/li>\n<\/ul>\n<ul class=\"style5\" style=\"text-align: justify;\">\n<li>Le massacre et d\u00e9portation des Az\u00e9ris au Haut-Karabagh, perp\u00e9tr\u00e9 par le gouvernement Arm\u00e9nien. En 1993, quatre r\u00e9solutions (822, 853, 874 et 884) ont \u00e9t\u00e9 prises par le Conseil de s\u00e9curit\u00e9 de l\u2019ONU. Une seule, la r\u00e9solution 874 dans son point 9, fait allusion \u00e0 des violations du droit humanitaire international avec mise en garde \u00ab\u00a0\u00e0 toutes les parties\u00a0\u00bb, sans aucune autre pr\u00e9cision. L\u2019existence d\u2019un g\u00e9nocide n\u2019est donc pas envisag\u00e9e.<\/li>\n<\/ul>\n<ul class=\"style5\" style=\"text-align: justify;\">\n<li>Le massacre du Darfour au Soudan.\u00a0<span class=\"style5\">En juillet 2004, le Congr\u00e8s des \u00c9tats-Unis a vot\u00e9 \u00e0 l\u2019unanimit\u00e9 une r\u00e9solution qualifiant les massacres des populations noires du Darfour (Soudan) de g\u00e9nocide. En septembre 2004, le secr\u00e9taire d\u2019\u00c9tat am\u00e9ricain a repris ce mot. Dans un communiqu\u00e9 de presse du 23 f\u00e9vrier 2005 le Conseil de s\u00e9curit\u00e9 de l\u2019ONU d\u00e9clare\u00a0: \u00ab\u00a0Le Gouvernement soudanais n\u2019a pas \u00e9t\u00e9 \u00e0 m\u00eame de mettre fin aux attaques des milices contre les civils ni de les d\u00e9sarmer. La sentence tombe le 2 septembre de la bouche du Repr\u00e9sentant sp\u00e9cial du Secr\u00e9taire g\u00e9n\u00e9ral pour le Soudan qui, nomm\u00e9 un mois plus t\u00f4t, revient d\u2019une mission au Darfour. Le Conseil r\u00e9agit. Il adopte, par 11 voix pour et 4 abstentions, la r\u00e9solution 1564 dans laquelle il menace de prendre des mesures, telles que celles contenues dans l\u2019Article 41 de la Charte de l\u2019ONU, \u00e0 l\u2019encontre notamment du secteur p\u00e9trolier, du Gouvernement du Soudan ou de certains de ses membres. Dans cette r\u00e9solution, le Conseil charge aussi le Secr\u00e9taire g\u00e9n\u00e9ral de cr\u00e9er une commission internationale pour d\u00e9terminer si des actes de g\u00e9nocide ont eu lieu et pour en identifier les auteurs.\u00a0\u00bb<\/span><\/li>\n<\/ul>\n<ul class=\"style5\" style=\"text-align: justify;\">\n<li>Premi\u00e8re guerre du Congo et Deuxi\u00e8me guerre du Congo\u00a0: 4,5 \u00e0 5 millions d\u2019affam\u00e9s et de massacr\u00e9s depuis 1997.<\/li>\n<\/ul>\n<ul class=\"style5\" style=\"text-align: justify;\">\n<li>Grand bond en avant (1959-1962)\u00a0: 30 millions de personnes affam\u00e9es par Mao en Chine.<\/li>\n<\/ul>\n<ul class=\"style5\" style=\"text-align: justify;\">\n<li>Famine ukrainienne ou Holodomor\u00a0: 7 millions d\u2019Ukrainiens affam\u00e9s par Joseph Staline.<\/li>\n<\/ul>\n<ul class=\"style5\" style=\"text-align: justify;\">\n<li>Massacre du Guatemala, o\u00f9 plus de 100\u00a0000 Indiens mayas furent massacr\u00e9s par l\u2019arm\u00e9e nationale guat\u00e9malt\u00e8que.<\/li>\n<\/ul>\n<ul class=\"style5\">\n<li style=\"text-align: justify;\">Tibet\u00a0: la Commission internationale des juristes a qualifi\u00e9 dans un rapport de 1959 les massacres perp\u00e9tr\u00e9s au Tibet par les autorit\u00e9s chinoises de g\u00e9nocide, le bilan de l\u2019invasion chinoise est estim\u00e9 \u00e0 1,2 million de victimes depuis 1950. Le 11 janvier 2006, la Cour supr\u00eame d\u2019Espagne a annonc\u00e9 qu\u2019elle allait instruire une enqu\u00eate concernant l\u2019implication de sept anciens dirigeants chinois, entre autres l\u2019ancien pr\u00e9sident Jiang Zemin et l\u2019ancien Premier ministre Li Peng, dans un g\u00e9nocide au Tibet. Cette instruction est la cons\u00e9quence d\u2019un arr\u00eat\u00e9 de la Cour constitutionnelle espagnole du 26 d\u00e9cembre 2005 qui autorise le traitement des plaintes pour g\u00e9nocides, m\u00eame si elles n\u2019implique pas de nationaux espagnols.<\/li>\n<\/ul>\n<\/div>\n","protected":false},"excerpt":{"rendered":"<p>Un g\u00e9nocide est l\u2019extermination, physique, intentionnelle, syst\u00e9matique et programm\u00e9e d\u2019un groupe ethnique, national, religieux ou racial. C\u2019est un cas extr\u00eame de crime contre l\u2019humanit\u00e9 .Cette d\u00e9finition d\u2019un g\u00e9nocide est celle pr\u00e9sente dans l\u2019article 6 du Statut de Rome, qui est l\u2019acte fondateur de la Cour p\u00e9nale internationale (CPI). cette d\u00e9finition, s\u2019ajoute une autre, plus large [&hellip;]<\/p>\n","protected":false},"author":1,"featured_media":11011,"parent":0,"menu_order":0,"comment_status":"closed","ping_status":"closed","template":"","meta":{"footnotes":""},"class_list":["post-10993","page","type-page","status-publish","has-post-thumbnail","hentry"],"_links":{"self":[{"href":"https:\/\/oraziopuglisi.art\/index.php\/wp-json\/wp\/v2\/pages\/10993","targetHints":{"allow":["GET"]}}],"collection":[{"href":"https:\/\/oraziopuglisi.art\/index.php\/wp-json\/wp\/v2\/pages"}],"about":[{"href":"https:\/\/oraziopuglisi.art\/index.php\/wp-json\/wp\/v2\/types\/page"}],"author":[{"embeddable":true,"href":"https:\/\/oraziopuglisi.art\/index.php\/wp-json\/wp\/v2\/users\/1"}],"replies":[{"embeddable":true,"href":"https:\/\/oraziopuglisi.art\/index.php\/wp-json\/wp\/v2\/comments?post=10993"}],"version-history":[{"count":2,"href":"https:\/\/oraziopuglisi.art\/index.php\/wp-json\/wp\/v2\/pages\/10993\/revisions"}],"predecessor-version":[{"id":10995,"href":"https:\/\/oraziopuglisi.art\/index.php\/wp-json\/wp\/v2\/pages\/10993\/revisions\/10995"}],"wp:featuredmedia":[{"embeddable":true,"href":"https:\/\/oraziopuglisi.art\/index.php\/wp-json\/wp\/v2\/media\/11011"}],"wp:attachment":[{"href":"https:\/\/oraziopuglisi.art\/index.php\/wp-json\/wp\/v2\/media?parent=10993"}],"curies":[{"name":"wp","href":"https:\/\/api.w.org\/{rel}","templated":true}]}}