{"id":10973,"date":"2024-08-16T14:27:05","date_gmt":"2024-08-16T12:27:05","guid":{"rendered":"https:\/\/oraziopuglisi.art\/?page_id=10973"},"modified":"2024-08-16T14:29:10","modified_gmt":"2024-08-16T12:29:10","slug":"ya-quoi-dedans","status":"publish","type":"page","link":"https:\/\/oraziopuglisi.art\/index.php\/ya-quoi-dedans\/","title":{"rendered":"Y&rsquo;A Quoi Dedans"},"content":{"rendered":"<p style=\"text-align: justify;\">L&rsquo;application mobile \u00ab\u00a0<a href=\"https:\/\/www.linfodurable.fr\/sante\/ya-quoi-dedans-un-nouvel-outil-pour-traquer-les-substances-controversees-dans-nos-aliments\" target=\"_blank\" rel=\"noopener\">Y&rsquo;A Quoi Dedans<\/a>\u00a0\u00bb a \u00e9t\u00e9 lanc\u00e9e\u00a0le 5 septembre dernier par les \u00ab\u00a0Magasins U\u00a0\u00bb. Au m\u00eame titre que Yuka, elle se propose de\u00a0d\u00e9crypter les ingr\u00e9dients mais \u00e9galement les substances controvers\u00e9es et les additifs pr\u00e9sents dans nos aliments \u00e0 l&rsquo;aide d&rsquo;un simple scan, en s&rsquo;appuyant sur la base de donn\u00e9es\u00a0<em>Open Food Facts<\/em>.\u00a0\u00ab\u00a0D\u00e9sormais, (les Fran\u00e7ais)\u00a0entendent \u00eatre\u00a0<strong>acteurs\u00a0<\/strong>de leur consommation, juger par eux-m\u00eames, conna\u00eetre pr\u00e9cis\u00e9ment ce que contiennent les produits qu\u2019ils consomment, et choisir ensuite aussi facilement que possible ce qui correspond \u00e0\u00a0leurs pr\u00e9f\u00e9rences\u00a0\u00bb, indique\u00a0l&rsquo;enseigne\u00a0\u00ab\u00a0Les Magasins U\u00a0\u00bb. Un lancement qui ne fait pas l&rsquo;unanimit\u00e9 :\u00a0l&rsquo;une des fondatrices de\u00a0<strong>Yuka<\/strong>, Julie Chapon, a lanc\u00e9 au magazine de la grande consommation en France\u00a0<a href=\"https:\/\/www.lsa-conso.fr\/y-a-quoi-dedans-l-appli-de-systeme-u-qui-traque-les-substances-controversees,295746\" target=\"_blank\" rel=\"noopener\"><em>LSA<\/em><\/a>\u00a0: \u00ab\u00a0Cela\u00a0n\u2019est pas le r\u00f4le de Syst\u00e8me U car ils sont juges et parties. Ils ne sont pas ind\u00e9pendants\u00a0\u00bb. \u00ab\u00a0Les Magasins U\u00a0\u00bb pr\u00e9cisent pour leur part \u00eatre notamment engag\u00e9s\u00a0dans\u00a0la \u00ab\u00a0d\u00e9marche de\u00a0<strong>suppression de 82 substances controvers\u00e9es<\/strong>\u00a0(huile de palme, aspartame, glutamate monosodique, etc.) de plus de 6 000 produits de leur\u00a0Marque U\u00a0\u00bb.<\/p>\n","protected":false},"excerpt":{"rendered":"<p>L&rsquo;application mobile \u00ab\u00a0Y&rsquo;A Quoi Dedans\u00a0\u00bb a \u00e9t\u00e9 lanc\u00e9e\u00a0le 5 septembre dernier par les \u00ab\u00a0Magasins U\u00a0\u00bb. Au m\u00eame titre que Yuka, elle se propose de\u00a0d\u00e9crypter les ingr\u00e9dients mais \u00e9galement les substances controvers\u00e9es et les additifs pr\u00e9sents dans nos aliments \u00e0 l&rsquo;aide d&rsquo;un simple scan, en s&rsquo;appuyant sur la base de donn\u00e9es\u00a0Open Food Facts.\u00a0\u00ab\u00a0D\u00e9sormais, (les Fran\u00e7ais)\u00a0entendent \u00eatre\u00a0acteurs\u00a0de [&hellip;]<\/p>\n","protected":false},"author":1,"featured_media":10976,"parent":0,"menu_order":0,"comment_status":"closed","ping_status":"closed","template":"","meta":{"footnotes":""},"class_list":["post-10973","page","type-page","status-publish","has-post-thumbnail","hentry"],"_links":{"self":[{"href":"https:\/\/oraziopuglisi.art\/index.php\/wp-json\/wp\/v2\/pages\/10973","targetHints":{"allow":["GET"]}}],"collection":[{"href":"https:\/\/oraziopuglisi.art\/index.php\/wp-json\/wp\/v2\/pages"}],"about":[{"href":"https:\/\/oraziopuglisi.art\/index.php\/wp-json\/wp\/v2\/types\/page"}],"author":[{"embeddable":true,"href":"https:\/\/oraziopuglisi.art\/index.php\/wp-json\/wp\/v2\/users\/1"}],"replies":[{"embeddable":true,"href":"https:\/\/oraziopuglisi.art\/index.php\/wp-json\/wp\/v2\/comments?post=10973"}],"version-history":[{"count":2,"href":"https:\/\/oraziopuglisi.art\/index.php\/wp-json\/wp\/v2\/pages\/10973\/revisions"}],"predecessor-version":[{"id":10975,"href":"https:\/\/oraziopuglisi.art\/index.php\/wp-json\/wp\/v2\/pages\/10973\/revisions\/10975"}],"wp:featuredmedia":[{"embeddable":true,"href":"https:\/\/oraziopuglisi.art\/index.php\/wp-json\/wp\/v2\/media\/10976"}],"wp:attachment":[{"href":"https:\/\/oraziopuglisi.art\/index.php\/wp-json\/wp\/v2\/media?parent=10973"}],"curies":[{"name":"wp","href":"https:\/\/api.w.org\/{rel}","templated":true}]}}