{"id":10967,"date":"2024-08-16T14:23:22","date_gmt":"2024-08-16T12:23:22","guid":{"rendered":"https:\/\/oraziopuglisi.art\/?page_id=10967"},"modified":"2024-08-16T14:25:43","modified_gmt":"2024-08-16T12:25:43","slug":"open-food-facts","status":"publish","type":"page","link":"https:\/\/oraziopuglisi.art\/index.php\/open-food-facts\/","title":{"rendered":"Open Food Facts"},"content":{"rendered":"<p style=\"text-align: justify;\">L&rsquo;application\u00a0<a href=\"https:\/\/play.google.com\/store\/apps\/details?id=org.openfoodfacts.scanner&amp;hl=fr\" target=\"_blank\" rel=\"noopener\">Open Food Facts<\/a>\u00a0r\u00e9pertorie plus de 547 000 produits (dont 175 000 aux \u00c9tats-Unis) contenus dans la base de donn\u00e9es collaborative du projet citoyen\u00a0<em>Open Food Facts<\/em>, sur laquelle se basent de nombreuses applications de d\u00e9cryptage des produits alimentaires dont Yuka. Gr\u00e2ce \u00e0 cette application dont les donn\u00e9es sont produites \u00ab\u00a0<strong>par tout le monde, pour tout le monde<\/strong>\u00ab\u00a0, il est possible d&rsquo;obtenir un tableau nutritionnel complet du produit que l&rsquo;on ach\u00e8te, d&rsquo;explorer ses additifs, ses \u00e9ventuels allerg\u00e8nes, ses labels, ses informations de tra\u00e7abilit\u00e9, son empreinte carbone&#8230; L&rsquo;avantage \u00e9tant que l&rsquo;on peut contribuer \u00e0 cette base de donn\u00e9es.\u00a0<\/p>\n<p>&nbsp;<\/p>\n<p>&nbsp;<\/p>\n","protected":false},"excerpt":{"rendered":"<p>L&rsquo;application\u00a0Open Food Facts\u00a0r\u00e9pertorie plus de 547 000 produits (dont 175 000 aux \u00c9tats-Unis) contenus dans la base de donn\u00e9es collaborative du projet citoyen\u00a0Open Food Facts, sur laquelle se basent de nombreuses applications de d\u00e9cryptage des produits alimentaires dont Yuka. Gr\u00e2ce \u00e0 cette application dont les donn\u00e9es sont produites \u00ab\u00a0par tout le monde, pour tout le [&hellip;]<\/p>\n","protected":false},"author":1,"featured_media":10971,"parent":0,"menu_order":0,"comment_status":"closed","ping_status":"closed","template":"","meta":{"footnotes":""},"class_list":["post-10967","page","type-page","status-publish","has-post-thumbnail","hentry"],"_links":{"self":[{"href":"https:\/\/oraziopuglisi.art\/index.php\/wp-json\/wp\/v2\/pages\/10967","targetHints":{"allow":["GET"]}}],"collection":[{"href":"https:\/\/oraziopuglisi.art\/index.php\/wp-json\/wp\/v2\/pages"}],"about":[{"href":"https:\/\/oraziopuglisi.art\/index.php\/wp-json\/wp\/v2\/types\/page"}],"author":[{"embeddable":true,"href":"https:\/\/oraziopuglisi.art\/index.php\/wp-json\/wp\/v2\/users\/1"}],"replies":[{"embeddable":true,"href":"https:\/\/oraziopuglisi.art\/index.php\/wp-json\/wp\/v2\/comments?post=10967"}],"version-history":[{"count":3,"href":"https:\/\/oraziopuglisi.art\/index.php\/wp-json\/wp\/v2\/pages\/10967\/revisions"}],"predecessor-version":[{"id":10970,"href":"https:\/\/oraziopuglisi.art\/index.php\/wp-json\/wp\/v2\/pages\/10967\/revisions\/10970"}],"wp:featuredmedia":[{"embeddable":true,"href":"https:\/\/oraziopuglisi.art\/index.php\/wp-json\/wp\/v2\/media\/10971"}],"wp:attachment":[{"href":"https:\/\/oraziopuglisi.art\/index.php\/wp-json\/wp\/v2\/media?parent=10967"}],"curies":[{"name":"wp","href":"https:\/\/api.w.org\/{rel}","templated":true}]}}